{"id":2793,"date":"2020-03-28T19:56:26","date_gmt":"2020-03-28T23:56:26","guid":{"rendered":"https:\/\/phytstore.com\/produit\/serum-nutrition-extreme\/"},"modified":"2024-09-11T06:52:57","modified_gmt":"2024-09-11T10:52:57","slug":"serum-nutrition-extreme","status":"publish","type":"product","link":"https:\/\/phytstore.com\/en\/product\/extreme-nutrition-serum\/","title":{"rendered":"Extreme Nutrition Serum"},"content":{"rendered":"<p>This Organic oily serum instantly and lastingly nourishes* the skin and reduces feelings of dryness, tightness and discomfort, even in conditions of extreme cold. It regenerates the barrier of hydration of the skin and brings the natural softness and comfort of dry to very dry skin. In addition, it repairs and relieves itching due to skin dryness. Then, the skin is intensely nourished*, <span class=\"Y2IQFc\" lang=\"en\">supple and comfortable.<\/span><br \/>\n<em>* via hydration<\/em><\/p>\n<h2><strong>Active Ingredients :<\/strong><\/h2>\n<p>Argan*, Hemp*, Lavandin*, Ho Wood, Lavandin*, Vegetal Vitamin E<br \/>\n<em>* ingredients from Organic Farming<\/em><\/p>\n<h2><strong>How to Apply my Extreme Nutrition Serum?<\/strong><\/h2>\n<p>In the evening, after cleansing, apply by gently massaging all over face and neck. Remplaces the night cream.<br \/>\n<strong>Tips :<\/strong> For best results, in the morning, use the <strong><a href=\"https:\/\/phytstore.com\/produit\/soin-visage\/\">Extreme Nutrition Face Care<\/a><\/strong>. In addition, once or twice a week, exfoliate the skin using the <strong><a href=\"https:\/\/phytstore.com\/en\/product\/contact-scrub\/\">Contact + Scrub<\/a><\/strong>, then complete with the\u00a0<strong><a href=\"https:\/\/phytstore.com\/en\/product\/extreme-nutrition-mask\/\">Extreme Nutrition Mask<\/a><\/strong>.<\/p>\n","protected":false},"excerpt":{"rendered":"<p><img loading=\"lazy\" decoding=\"async\" class=\"alignnone size-full wp-image-4920\" src=\"https:\/\/phytstore.com\/wp-content\/uploads\/2020\/07\/Bio-100-Vegan-Efficacite-11.png\" alt=\"\" width=\"274\" height=\"53\" \/><\/p>\n<p>Intensively nourishing* oily concentrate<\/p>\n<p><strong>Skin type :<\/strong> Dry to very dry skin<br \/>\n<strong>Expectations :<\/strong> Nourishes*, repairs, regenerates*, comforts<br \/>\n<strong>Presentation :<\/strong> 15 ml drop-bottle<\/p>\n","protected":false},"featured_media":5695,"comment_status":"closed","ping_status":"closed","template":"","meta":{"_acf_changed":false,"inline_featured_image":false},"product_brand":[],"product_cat":[239,240,245,91],"product_tag":[],"class_list":{"0":"post-2793","1":"product","2":"type-product","3":"status-publish","4":"has-post-thumbnail","6":"product_cat-sensitivity-redness","7":"product_cat-dryness","8":"product_cat-night-creams-serums","9":"product_cat-phytssima-nutrition-extreme-en","11":"first","12":"instock","13":"taxable","14":"shipping-taxable","15":"purchasable","16":"product-type-simple"},"acf":[],"yoast_head":"<!-- This site is optimized with the Yoast SEO plugin v27.1.1 - https:\/\/yoast.com\/product\/yoast-seo-wordpress\/ -->\n<title>Our Extreme Nutrition serum (100% Organic) - PHYT&#039;S<\/title>\n<meta name=\"description\" content=\"This Organic oily serum instantly and lastingly reduces feelings of dryness, tightness and discomfort, even in conditions of extreme cold.\" \/>\n<meta name=\"robots\" content=\"index, follow, max-snippet:-1, max-image-preview:large, max-video-preview:-1\" \/>\n<link rel=\"canonical\" href=\"https:\/\/phytstore.com\/en\/product\/extreme-nutrition-serum\/\" \/>\n<meta property=\"og:locale\" content=\"en_US\" \/>\n<meta property=\"og:type\" content=\"article\" \/>\n<meta property=\"og:title\" content=\"Our Extreme Nutrition serum (100% Organic) - PHYT&#039;S\" \/>\n<meta property=\"og:description\" content=\"This Organic oily serum instantly and lastingly reduces feelings of dryness, tightness and discomfort, even in conditions of extreme cold.\" \/>\n<meta property=\"og:url\" content=\"https:\/\/phytstore.com\/en\/product\/extreme-nutrition-serum\/\" \/>\n<meta property=\"og:site_name\" content=\"PHYT&#039;S\" \/>\n<meta property=\"article:publisher\" content=\"https:\/\/www.facebook.com\/CJMBCosmetiques\/?ref=aymt_homepage_panel\" \/>\n<meta property=\"article:modified_time\" content=\"2024-09-11T10:52:57+00:00\" \/>\n<meta name=\"twitter:card\" content=\"summary_large_image\" \/>\n<meta name=\"twitter:label1\" content=\"Est. reading time\" \/>\n\t<meta name=\"twitter:data1\" content=\"1 minute\" \/>\n<script type=\"application\/ld+json\" class=\"yoast-schema-graph\">{\"@context\":\"https:\/\/schema.org\",\"@graph\":[{\"@type\":\"WebPage\",\"@id\":\"https:\/\/phytstore.com\/en\/product\/extreme-nutrition-serum\/\",\"url\":\"https:\/\/phytstore.com\/en\/product\/extreme-nutrition-serum\/\",\"name\":\"Our Extreme Nutrition serum (100% Organic) - PHYT'S\",\"isPartOf\":{\"@id\":\"https:\/\/phytstore.com\/en\/#website\"},\"primaryImageOfPage\":{\"@id\":\"https:\/\/phytstore.com\/en\/product\/extreme-nutrition-serum\/#primaryimage\"},\"image\":{\"@id\":\"https:\/\/phytstore.com\/en\/product\/extreme-nutrition-serum\/#primaryimage\"},\"thumbnailUrl\":\"https:\/\/phytstore.com\/wp-content\/uploads\/2020\/03\/Serum-Nutrition-Extreme-1.png\",\"datePublished\":\"2020-03-28T23:56:26+00:00\",\"dateModified\":\"2024-09-11T10:52:57+00:00\",\"description\":\"This Organic oily serum instantly and lastingly reduces feelings of dryness, tightness and discomfort, even in conditions of extreme cold.\",\"breadcrumb\":{\"@id\":\"https:\/\/phytstore.com\/en\/product\/extreme-nutrition-serum\/#breadcrumb\"},\"inLanguage\":\"en-CA\",\"potentialAction\":[{\"@type\":\"ReadAction\",\"target\":[\"https:\/\/phytstore.com\/en\/product\/extreme-nutrition-serum\/\"]}]},{\"@type\":\"ImageObject\",\"inLanguage\":\"en-CA\",\"@id\":\"https:\/\/phytstore.com\/en\/product\/extreme-nutrition-serum\/#primaryimage\",\"url\":\"https:\/\/phytstore.com\/wp-content\/uploads\/2020\/03\/Serum-Nutrition-Extreme-1.png\",\"contentUrl\":\"https:\/\/phytstore.com\/wp-content\/uploads\/2020\/03\/Serum-Nutrition-Extreme-1.png\",\"width\":1240,\"height\":1239},{\"@type\":\"BreadcrumbList\",\"@id\":\"https:\/\/phytstore.com\/en\/product\/extreme-nutrition-serum\/#breadcrumb\",\"itemListElement\":[{\"@type\":\"ListItem\",\"position\":1,\"name\":\"Home\",\"item\":\"https:\/\/phytstore.com\/en\/\"},{\"@type\":\"ListItem\",\"position\":2,\"name\":\"Shop\",\"item\":\"https:\/\/phytstore.com\/en\/shop\/\"},{\"@type\":\"ListItem\",\"position\":3,\"name\":\"Face\",\"item\":\"https:\/\/phytstore.com\/en\/organic-skin-care\/\"},{\"@type\":\"ListItem\",\"position\":4,\"name\":\"Sensitivity &amp; Redness\",\"item\":\"https:\/\/phytstore.com\/en\/organic-skin-care\/sensitivity-redness\/\"},{\"@type\":\"ListItem\",\"position\":5,\"name\":\"Extreme Nutrition Serum\"}]},{\"@type\":\"WebSite\",\"@id\":\"https:\/\/phytstore.com\/en\/#website\",\"url\":\"https:\/\/phytstore.com\/en\/\",\"name\":\"PHYT&#039;S\",\"description\":\"Fabricant et distributeur de soins certifi\u00e9s bio pour instituts de beaut\u00e9, spa et esth\u00e9ticiennes\",\"publisher\":{\"@id\":\"https:\/\/phytstore.com\/en\/#organization\"},\"potentialAction\":[{\"@type\":\"SearchAction\",\"target\":{\"@type\":\"EntryPoint\",\"urlTemplate\":\"https:\/\/phytstore.com\/en\/?s={search_term_string}\"},\"query-input\":{\"@type\":\"PropertyValueSpecification\",\"valueRequired\":true,\"valueName\":\"search_term_string\"}}],\"inLanguage\":\"en-CA\"},{\"@type\":\"Organization\",\"@id\":\"https:\/\/phytstore.com\/en\/#organization\",\"name\":\"Phyt's\",\"url\":\"https:\/\/phytstore.com\/en\/\",\"logo\":{\"@type\":\"ImageObject\",\"inLanguage\":\"en-CA\",\"@id\":\"https:\/\/phytstore.com\/en\/#\/schema\/logo\/image\/\",\"url\":\"https:\/\/phytstore.com\/wp-content\/uploads\/2020\/03\/logo-phyts-e1585168986207.png\",\"contentUrl\":\"https:\/\/phytstore.com\/wp-content\/uploads\/2020\/03\/logo-phyts-e1585168986207.png\",\"width\":200,\"height\":72,\"caption\":\"Phyt's\"},\"image\":{\"@id\":\"https:\/\/phytstore.com\/en\/#\/schema\/logo\/image\/\"},\"sameAs\":[\"https:\/\/www.facebook.com\/CJMBCosmetiques\/?ref=aymt_homepage_panel\",\"https:\/\/www.instagram.com\/phyts_canada\/\",\"https:\/\/www.linkedin.com\/company\/3337211\/admin\/\",\"https:\/\/www.youtube.com\/channel\/UCEkP009p4XTU5lXjLkaKptA\"]}]}<\/script>\n<!-- \/ Yoast SEO plugin. -->","yoast_head_json":{"title":"Our Extreme Nutrition serum (100% Organic) - PHYT'S","description":"This Organic oily serum instantly and lastingly reduces feelings of dryness, tightness and discomfort, even in conditions of extreme cold.","robots":{"index":"index","follow":"follow","max-snippet":"max-snippet:-1","max-image-preview":"max-image-preview:large","max-video-preview":"max-video-preview:-1"},"canonical":"https:\/\/phytstore.com\/en\/product\/extreme-nutrition-serum\/","og_locale":"en_US","og_type":"article","og_title":"Our Extreme Nutrition serum (100% Organic) - PHYT'S","og_description":"This Organic oily serum instantly and lastingly reduces feelings of dryness, tightness and discomfort, even in conditions of extreme cold.","og_url":"https:\/\/phytstore.com\/en\/product\/extreme-nutrition-serum\/","og_site_name":"PHYT&#039;S","article_publisher":"https:\/\/www.facebook.com\/CJMBCosmetiques\/?ref=aymt_homepage_panel","article_modified_time":"2024-09-11T10:52:57+00:00","twitter_card":"summary_large_image","twitter_misc":{"Est. reading time":"1 minute"},"schema":{"@context":"https:\/\/schema.org","@graph":[{"@type":"WebPage","@id":"https:\/\/phytstore.com\/en\/product\/extreme-nutrition-serum\/","url":"https:\/\/phytstore.com\/en\/product\/extreme-nutrition-serum\/","name":"Our Extreme Nutrition serum (100% Organic) - PHYT'S","isPartOf":{"@id":"https:\/\/phytstore.com\/en\/#website"},"primaryImageOfPage":{"@id":"https:\/\/phytstore.com\/en\/product\/extreme-nutrition-serum\/#primaryimage"},"image":{"@id":"https:\/\/phytstore.com\/en\/product\/extreme-nutrition-serum\/#primaryimage"},"thumbnailUrl":"https:\/\/phytstore.com\/wp-content\/uploads\/2020\/03\/Serum-Nutrition-Extreme-1.png","datePublished":"2020-03-28T23:56:26+00:00","dateModified":"2024-09-11T10:52:57+00:00","description":"This Organic oily serum instantly and lastingly reduces feelings of dryness, tightness and discomfort, even in conditions of extreme cold.","breadcrumb":{"@id":"https:\/\/phytstore.com\/en\/product\/extreme-nutrition-serum\/#breadcrumb"},"inLanguage":"en-CA","potentialAction":[{"@type":"ReadAction","target":["https:\/\/phytstore.com\/en\/product\/extreme-nutrition-serum\/"]}]},{"@type":"ImageObject","inLanguage":"en-CA","@id":"https:\/\/phytstore.com\/en\/product\/extreme-nutrition-serum\/#primaryimage","url":"https:\/\/phytstore.com\/wp-content\/uploads\/2020\/03\/Serum-Nutrition-Extreme-1.png","contentUrl":"https:\/\/phytstore.com\/wp-content\/uploads\/2020\/03\/Serum-Nutrition-Extreme-1.png","width":1240,"height":1239},{"@type":"BreadcrumbList","@id":"https:\/\/phytstore.com\/en\/product\/extreme-nutrition-serum\/#breadcrumb","itemListElement":[{"@type":"ListItem","position":1,"name":"Home","item":"https:\/\/phytstore.com\/en\/"},{"@type":"ListItem","position":2,"name":"Shop","item":"https:\/\/phytstore.com\/en\/shop\/"},{"@type":"ListItem","position":3,"name":"Face","item":"https:\/\/phytstore.com\/en\/organic-skin-care\/"},{"@type":"ListItem","position":4,"name":"Sensitivity &amp; Redness","item":"https:\/\/phytstore.com\/en\/organic-skin-care\/sensitivity-redness\/"},{"@type":"ListItem","position":5,"name":"Extreme Nutrition Serum"}]},{"@type":"WebSite","@id":"https:\/\/phytstore.com\/en\/#website","url":"https:\/\/phytstore.com\/en\/","name":"PHYT&#039;S","description":"Fabricant et distributeur de soins certifi\u00e9s bio pour instituts de beaut\u00e9, spa et esth\u00e9ticiennes","publisher":{"@id":"https:\/\/phytstore.com\/en\/#organization"},"potentialAction":[{"@type":"SearchAction","target":{"@type":"EntryPoint","urlTemplate":"https:\/\/phytstore.com\/en\/?s={search_term_string}"},"query-input":{"@type":"PropertyValueSpecification","valueRequired":true,"valueName":"search_term_string"}}],"inLanguage":"en-CA"},{"@type":"Organization","@id":"https:\/\/phytstore.com\/en\/#organization","name":"Phyt's","url":"https:\/\/phytstore.com\/en\/","logo":{"@type":"ImageObject","inLanguage":"en-CA","@id":"https:\/\/phytstore.com\/en\/#\/schema\/logo\/image\/","url":"https:\/\/phytstore.com\/wp-content\/uploads\/2020\/03\/logo-phyts-e1585168986207.png","contentUrl":"https:\/\/phytstore.com\/wp-content\/uploads\/2020\/03\/logo-phyts-e1585168986207.png","width":200,"height":72,"caption":"Phyt's"},"image":{"@id":"https:\/\/phytstore.com\/en\/#\/schema\/logo\/image\/"},"sameAs":["https:\/\/www.facebook.com\/CJMBCosmetiques\/?ref=aymt_homepage_panel","https:\/\/www.instagram.com\/phyts_canada\/","https:\/\/www.linkedin.com\/company\/3337211\/admin\/","https:\/\/www.youtube.com\/channel\/UCEkP009p4XTU5lXjLkaKptA"]}]}},"jetpack_sharing_enabled":true,"_links":{"self":[{"href":"https:\/\/phytstore.com\/en\/wp-json\/wp\/v2\/product\/2793","targetHints":{"allow":["GET"]}}],"collection":[{"href":"https:\/\/phytstore.com\/en\/wp-json\/wp\/v2\/product"}],"about":[{"href":"https:\/\/phytstore.com\/en\/wp-json\/wp\/v2\/types\/product"}],"replies":[{"embeddable":true,"href":"https:\/\/phytstore.com\/en\/wp-json\/wp\/v2\/comments?post=2793"}],"wp:featuredmedia":[{"embeddable":true,"href":"https:\/\/phytstore.com\/en\/wp-json\/wp\/v2\/media\/5695"}],"wp:attachment":[{"href":"https:\/\/phytstore.com\/en\/wp-json\/wp\/v2\/media?parent=2793"}],"wp:term":[{"taxonomy":"product_brand","embeddable":true,"href":"https:\/\/phytstore.com\/en\/wp-json\/wp\/v2\/product_brand?post=2793"},{"taxonomy":"product_cat","embeddable":true,"href":"https:\/\/phytstore.com\/en\/wp-json\/wp\/v2\/product_cat?post=2793"},{"taxonomy":"product_tag","embeddable":true,"href":"https:\/\/phytstore.com\/en\/wp-json\/wp\/v2\/product_tag?post=2793"}],"curies":[{"name":"wp","href":"https:\/\/api.w.org\/{rel}","templated":true}]}}