{"id":2790,"date":"2020-03-28T19:56:26","date_gmt":"2020-03-28T23:56:26","guid":{"rendered":"https:\/\/phytstore.com\/produit\/stick-a-levres\/"},"modified":"2025-09-15T10:00:50","modified_gmt":"2025-09-15T14:00:50","slug":"stick-a-levres","status":"publish","type":"product","link":"https:\/\/phytstore.com\/en\/product\/extreme-nutrition-lip-stick\/","title":{"rendered":"Organic Lip Balm"},"content":{"rendered":"<p>Real complex of nourishing* and anti-aging ingredients (Shea Butter and Argan and Coco oils), this\u00a0<strong>natural lip balm<\/strong> reduces feelings of tightness and provides immediate comfort. Dry lips are then softened and protected. Delicately scented perfumed with Coconut notes, they are then comfortable, supple and soothed.<br \/>\n<em>* via hydration<\/em><\/p>\n<h2><strong>Active Ingredients :<\/strong><\/h2>\n<p>Shea Butter*, Argan*, Coco*, Sunflower*, Beeswax*, Carnauba*, Candelilla, Vegetal mix Omegas 3, 6 &amp; 9, Vegetal Vitamin E<br \/>\n<em>* ingredients from Organic Farming<\/em><\/p>\n<h2><strong>How to Apply my Organic lipstick?<\/strong><\/h2>\n<p>Apply this\u00a0<strong>Organic lip balm<\/strong>\u00a0as often as needed to protect and moisturize your lips.<\/p>\n<p><strong>Tips :<\/strong> For better penetration, exfoliate your lips once or twice a week with the <strong><a href=\"https:\/\/phytstore.com\/en\/product\/contact-scrub\/\">Contact + Scrub<\/a><\/strong>. Layer with a hydrating lip care treatment and apply the <strong><a href=\"https:\/\/phytstore.com\/en\/product\/lip-care-balm\/\">Comfort Lip Care Balm<\/a><\/strong> to enhance hydration. And for shining lips, apply a <a href=\"https:\/\/phytstore.com\/en\/product\/lipstick-taffeta-pink\/\"><strong>Lipstick<\/strong><\/a>\u00a0over it.<\/p>\n<h2><strong>Why choose PHYT\u2019S Organic lip balm?<\/strong><\/h2>\n<p>Designed in Canada, this natural product offers intense hydration using only certified Organic ingredients, with no harsh chemicals. Experience immediate and\u00a0<strong>long-lasting comfort<\/strong>, even after sun exposure or in cold Canadian winters. Our product protects, hydrates, and soothes, making it the perfect choice for anyone seeking an essential lip balm that keeps lips soft, healthy, and beautiful. Explore the unique flavour of our signature brand and treat your skin to natural, nourishing care you can trust.<\/p>\n<p>Formulated by PHYT&#8217;S Laboratories with essential oils and premium\u00a0<strong>natural ingredients<\/strong>, this is lip care you can feel good about every day.<\/p>\n","protected":false},"excerpt":{"rendered":"<p><img loading=\"lazy\" decoding=\"async\" class=\"alignnone size-full wp-image-4923\" src=\"https:\/\/phytstore.com\/wp-content\/uploads\/2020\/03\/Bio-100.png\" alt=\"\" width=\"274\" height=\"53\" \/><\/p>\n<p>Highly nourishing &amp; protective<\/p>\n<p><strong>Skin type :<\/strong> Lips (even the driest)<br \/>\n<strong>Expectations :<\/strong> Nourishes*, soothes, protects<br \/>\n<strong>Presentation :<\/strong> 3,8 g stick<\/p>\n","protected":false},"featured_media":2378,"comment_status":"closed","ping_status":"closed","template":"","meta":{"_acf_changed":false,"inline_featured_image":false},"product_brand":[],"product_cat":[240,313,85,89,91],"product_tag":[],"class_list":{"0":"post-2790","1":"product","2":"type-product","3":"status-publish","4":"has-post-thumbnail","6":"product_cat-dryness","7":"product_cat-lip-care","8":"product_cat-phyts-men-en","9":"product_cat-phyts-1er-age-en","10":"product_cat-phytssima-nutrition-extreme-en","12":"first","13":"instock","14":"taxable","15":"shipping-taxable","16":"purchasable","17":"product-type-simple"},"acf":[],"yoast_head":"<!-- This site is optimized with the Yoast SEO plugin v27.1.1 - https:\/\/yoast.com\/product\/yoast-seo-wordpress\/ -->\n<title>Natural Lip Balm - PHYT&#039;S - 100% Natural &amp; Organic Ingredients<\/title>\n<meta name=\"description\" content=\"Soothe and protect dry lips with our organic lip balm, rich in moisturizing ingredients such as cocoa butter, oil, and beeswax for soft, hydrated lips.\" \/>\n<meta name=\"robots\" content=\"index, follow, max-snippet:-1, max-image-preview:large, max-video-preview:-1\" \/>\n<link rel=\"canonical\" href=\"https:\/\/phytstore.com\/en\/product\/extreme-nutrition-lip-stick\/\" \/>\n<meta property=\"og:locale\" content=\"en_US\" \/>\n<meta property=\"og:type\" content=\"article\" \/>\n<meta property=\"og:title\" content=\"Natural Lip Balm - PHYT&#039;S - 100% Natural &amp; Organic Ingredients\" \/>\n<meta property=\"og:description\" content=\"Soothe and protect dry lips with our organic lip balm, rich in moisturizing ingredients such as cocoa butter, oil, and beeswax for soft, hydrated lips.\" \/>\n<meta property=\"og:url\" content=\"https:\/\/phytstore.com\/en\/product\/extreme-nutrition-lip-stick\/\" \/>\n<meta property=\"og:site_name\" content=\"PHYT&#039;S\" \/>\n<meta property=\"article:publisher\" content=\"https:\/\/www.facebook.com\/CJMBCosmetiques\/?ref=aymt_homepage_panel\" \/>\n<meta property=\"article:modified_time\" content=\"2025-09-15T14:00:50+00:00\" \/>\n<meta property=\"og:image\" content=\"https:\/\/phytstore.com\/wp-content\/uploads\/2020\/03\/stick-a-levres.jpg\" \/>\n\t<meta property=\"og:image:width\" content=\"534\" \/>\n\t<meta property=\"og:image:height\" content=\"534\" \/>\n\t<meta property=\"og:image:type\" content=\"image\/jpeg\" \/>\n<meta name=\"twitter:card\" content=\"summary_large_image\" \/>\n<meta name=\"twitter:label1\" content=\"Est. reading time\" \/>\n\t<meta name=\"twitter:data1\" content=\"2 minutes\" \/>\n<script type=\"application\/ld+json\" class=\"yoast-schema-graph\">{\"@context\":\"https:\/\/schema.org\",\"@graph\":[{\"@type\":\"WebPage\",\"@id\":\"https:\/\/phytstore.com\/en\/product\/extreme-nutrition-lip-stick\/\",\"url\":\"https:\/\/phytstore.com\/en\/product\/extreme-nutrition-lip-stick\/\",\"name\":\"Natural Lip Balm - PHYT'S - 100% Natural & Organic Ingredients\",\"isPartOf\":{\"@id\":\"https:\/\/phytstore.com\/en\/#website\"},\"primaryImageOfPage\":{\"@id\":\"https:\/\/phytstore.com\/en\/product\/extreme-nutrition-lip-stick\/#primaryimage\"},\"image\":{\"@id\":\"https:\/\/phytstore.com\/en\/product\/extreme-nutrition-lip-stick\/#primaryimage\"},\"thumbnailUrl\":\"https:\/\/phytstore.com\/wp-content\/uploads\/2020\/03\/stick-a-levres.jpg\",\"datePublished\":\"2020-03-28T23:56:26+00:00\",\"dateModified\":\"2025-09-15T14:00:50+00:00\",\"description\":\"Soothe and protect dry lips with our organic lip balm, rich in moisturizing ingredients such as cocoa butter, oil, and beeswax for soft, hydrated lips.\",\"breadcrumb\":{\"@id\":\"https:\/\/phytstore.com\/en\/product\/extreme-nutrition-lip-stick\/#breadcrumb\"},\"inLanguage\":\"en-CA\",\"potentialAction\":[{\"@type\":\"ReadAction\",\"target\":[\"https:\/\/phytstore.com\/en\/product\/extreme-nutrition-lip-stick\/\"]}]},{\"@type\":\"ImageObject\",\"inLanguage\":\"en-CA\",\"@id\":\"https:\/\/phytstore.com\/en\/product\/extreme-nutrition-lip-stick\/#primaryimage\",\"url\":\"https:\/\/phytstore.com\/wp-content\/uploads\/2020\/03\/stick-a-levres.jpg\",\"contentUrl\":\"https:\/\/phytstore.com\/wp-content\/uploads\/2020\/03\/stick-a-levres.jpg\",\"width\":534,\"height\":534,\"caption\":\"stick a levres\"},{\"@type\":\"BreadcrumbList\",\"@id\":\"https:\/\/phytstore.com\/en\/product\/extreme-nutrition-lip-stick\/#breadcrumb\",\"itemListElement\":[{\"@type\":\"ListItem\",\"position\":1,\"name\":\"Home\",\"item\":\"https:\/\/phytstore.com\/en\/\"},{\"@type\":\"ListItem\",\"position\":2,\"name\":\"Shop\",\"item\":\"https:\/\/phytstore.com\/en\/shop\/\"},{\"@type\":\"ListItem\",\"position\":3,\"name\":\"Face\",\"item\":\"https:\/\/phytstore.com\/en\/organic-skin-care\/\"},{\"@type\":\"ListItem\",\"position\":4,\"name\":\"Dryness\",\"item\":\"https:\/\/phytstore.com\/en\/organic-skin-care\/dryness\/\"},{\"@type\":\"ListItem\",\"position\":5,\"name\":\"Organic Lip Balm\"}]},{\"@type\":\"WebSite\",\"@id\":\"https:\/\/phytstore.com\/en\/#website\",\"url\":\"https:\/\/phytstore.com\/en\/\",\"name\":\"PHYT&#039;S\",\"description\":\"Fabricant et distributeur de soins certifi\u00e9s bio pour instituts de beaut\u00e9, spa et esth\u00e9ticiennes\",\"publisher\":{\"@id\":\"https:\/\/phytstore.com\/en\/#organization\"},\"potentialAction\":[{\"@type\":\"SearchAction\",\"target\":{\"@type\":\"EntryPoint\",\"urlTemplate\":\"https:\/\/phytstore.com\/en\/?s={search_term_string}\"},\"query-input\":{\"@type\":\"PropertyValueSpecification\",\"valueRequired\":true,\"valueName\":\"search_term_string\"}}],\"inLanguage\":\"en-CA\"},{\"@type\":\"Organization\",\"@id\":\"https:\/\/phytstore.com\/en\/#organization\",\"name\":\"Phyt's\",\"url\":\"https:\/\/phytstore.com\/en\/\",\"logo\":{\"@type\":\"ImageObject\",\"inLanguage\":\"en-CA\",\"@id\":\"https:\/\/phytstore.com\/en\/#\/schema\/logo\/image\/\",\"url\":\"https:\/\/phytstore.com\/wp-content\/uploads\/2020\/03\/logo-phyts-e1585168986207.png\",\"contentUrl\":\"https:\/\/phytstore.com\/wp-content\/uploads\/2020\/03\/logo-phyts-e1585168986207.png\",\"width\":200,\"height\":72,\"caption\":\"Phyt's\"},\"image\":{\"@id\":\"https:\/\/phytstore.com\/en\/#\/schema\/logo\/image\/\"},\"sameAs\":[\"https:\/\/www.facebook.com\/CJMBCosmetiques\/?ref=aymt_homepage_panel\",\"https:\/\/www.instagram.com\/phyts_canada\/\",\"https:\/\/www.linkedin.com\/company\/3337211\/admin\/\",\"https:\/\/www.youtube.com\/channel\/UCEkP009p4XTU5lXjLkaKptA\"]}]}<\/script>\n<!-- \/ Yoast SEO plugin. -->","yoast_head_json":{"title":"Natural Lip Balm - PHYT'S - 100% Natural & Organic Ingredients","description":"Soothe and protect dry lips with our organic lip balm, rich in moisturizing ingredients such as cocoa butter, oil, and beeswax for soft, hydrated lips.","robots":{"index":"index","follow":"follow","max-snippet":"max-snippet:-1","max-image-preview":"max-image-preview:large","max-video-preview":"max-video-preview:-1"},"canonical":"https:\/\/phytstore.com\/en\/product\/extreme-nutrition-lip-stick\/","og_locale":"en_US","og_type":"article","og_title":"Natural Lip Balm - PHYT'S - 100% Natural & Organic Ingredients","og_description":"Soothe and protect dry lips with our organic lip balm, rich in moisturizing ingredients such as cocoa butter, oil, and beeswax for soft, hydrated lips.","og_url":"https:\/\/phytstore.com\/en\/product\/extreme-nutrition-lip-stick\/","og_site_name":"PHYT&#039;S","article_publisher":"https:\/\/www.facebook.com\/CJMBCosmetiques\/?ref=aymt_homepage_panel","article_modified_time":"2025-09-15T14:00:50+00:00","og_image":[{"width":534,"height":534,"url":"https:\/\/phytstore.com\/wp-content\/uploads\/2020\/03\/stick-a-levres.jpg","type":"image\/jpeg"}],"twitter_card":"summary_large_image","twitter_misc":{"Est. reading time":"2 minutes"},"schema":{"@context":"https:\/\/schema.org","@graph":[{"@type":"WebPage","@id":"https:\/\/phytstore.com\/en\/product\/extreme-nutrition-lip-stick\/","url":"https:\/\/phytstore.com\/en\/product\/extreme-nutrition-lip-stick\/","name":"Natural Lip Balm - PHYT'S - 100% Natural & Organic Ingredients","isPartOf":{"@id":"https:\/\/phytstore.com\/en\/#website"},"primaryImageOfPage":{"@id":"https:\/\/phytstore.com\/en\/product\/extreme-nutrition-lip-stick\/#primaryimage"},"image":{"@id":"https:\/\/phytstore.com\/en\/product\/extreme-nutrition-lip-stick\/#primaryimage"},"thumbnailUrl":"https:\/\/phytstore.com\/wp-content\/uploads\/2020\/03\/stick-a-levres.jpg","datePublished":"2020-03-28T23:56:26+00:00","dateModified":"2025-09-15T14:00:50+00:00","description":"Soothe and protect dry lips with our organic lip balm, rich in moisturizing ingredients such as cocoa butter, oil, and beeswax for soft, hydrated lips.","breadcrumb":{"@id":"https:\/\/phytstore.com\/en\/product\/extreme-nutrition-lip-stick\/#breadcrumb"},"inLanguage":"en-CA","potentialAction":[{"@type":"ReadAction","target":["https:\/\/phytstore.com\/en\/product\/extreme-nutrition-lip-stick\/"]}]},{"@type":"ImageObject","inLanguage":"en-CA","@id":"https:\/\/phytstore.com\/en\/product\/extreme-nutrition-lip-stick\/#primaryimage","url":"https:\/\/phytstore.com\/wp-content\/uploads\/2020\/03\/stick-a-levres.jpg","contentUrl":"https:\/\/phytstore.com\/wp-content\/uploads\/2020\/03\/stick-a-levres.jpg","width":534,"height":534,"caption":"stick a levres"},{"@type":"BreadcrumbList","@id":"https:\/\/phytstore.com\/en\/product\/extreme-nutrition-lip-stick\/#breadcrumb","itemListElement":[{"@type":"ListItem","position":1,"name":"Home","item":"https:\/\/phytstore.com\/en\/"},{"@type":"ListItem","position":2,"name":"Shop","item":"https:\/\/phytstore.com\/en\/shop\/"},{"@type":"ListItem","position":3,"name":"Face","item":"https:\/\/phytstore.com\/en\/organic-skin-care\/"},{"@type":"ListItem","position":4,"name":"Dryness","item":"https:\/\/phytstore.com\/en\/organic-skin-care\/dryness\/"},{"@type":"ListItem","position":5,"name":"Organic Lip Balm"}]},{"@type":"WebSite","@id":"https:\/\/phytstore.com\/en\/#website","url":"https:\/\/phytstore.com\/en\/","name":"PHYT&#039;S","description":"Fabricant et distributeur de soins certifi\u00e9s bio pour instituts de beaut\u00e9, spa et esth\u00e9ticiennes","publisher":{"@id":"https:\/\/phytstore.com\/en\/#organization"},"potentialAction":[{"@type":"SearchAction","target":{"@type":"EntryPoint","urlTemplate":"https:\/\/phytstore.com\/en\/?s={search_term_string}"},"query-input":{"@type":"PropertyValueSpecification","valueRequired":true,"valueName":"search_term_string"}}],"inLanguage":"en-CA"},{"@type":"Organization","@id":"https:\/\/phytstore.com\/en\/#organization","name":"Phyt's","url":"https:\/\/phytstore.com\/en\/","logo":{"@type":"ImageObject","inLanguage":"en-CA","@id":"https:\/\/phytstore.com\/en\/#\/schema\/logo\/image\/","url":"https:\/\/phytstore.com\/wp-content\/uploads\/2020\/03\/logo-phyts-e1585168986207.png","contentUrl":"https:\/\/phytstore.com\/wp-content\/uploads\/2020\/03\/logo-phyts-e1585168986207.png","width":200,"height":72,"caption":"Phyt's"},"image":{"@id":"https:\/\/phytstore.com\/en\/#\/schema\/logo\/image\/"},"sameAs":["https:\/\/www.facebook.com\/CJMBCosmetiques\/?ref=aymt_homepage_panel","https:\/\/www.instagram.com\/phyts_canada\/","https:\/\/www.linkedin.com\/company\/3337211\/admin\/","https:\/\/www.youtube.com\/channel\/UCEkP009p4XTU5lXjLkaKptA"]}]}},"jetpack_sharing_enabled":true,"_links":{"self":[{"href":"https:\/\/phytstore.com\/en\/wp-json\/wp\/v2\/product\/2790","targetHints":{"allow":["GET"]}}],"collection":[{"href":"https:\/\/phytstore.com\/en\/wp-json\/wp\/v2\/product"}],"about":[{"href":"https:\/\/phytstore.com\/en\/wp-json\/wp\/v2\/types\/product"}],"replies":[{"embeddable":true,"href":"https:\/\/phytstore.com\/en\/wp-json\/wp\/v2\/comments?post=2790"}],"wp:featuredmedia":[{"embeddable":true,"href":"https:\/\/phytstore.com\/en\/wp-json\/wp\/v2\/media\/2378"}],"wp:attachment":[{"href":"https:\/\/phytstore.com\/en\/wp-json\/wp\/v2\/media?parent=2790"}],"wp:term":[{"taxonomy":"product_brand","embeddable":true,"href":"https:\/\/phytstore.com\/en\/wp-json\/wp\/v2\/product_brand?post=2790"},{"taxonomy":"product_cat","embeddable":true,"href":"https:\/\/phytstore.com\/en\/wp-json\/wp\/v2\/product_cat?post=2790"},{"taxonomy":"product_tag","embeddable":true,"href":"https:\/\/phytstore.com\/en\/wp-json\/wp\/v2\/product_tag?post=2790"}],"curies":[{"name":"wp","href":"https:\/\/api.w.org\/{rel}","templated":true}]}}