{"id":2783,"date":"2020-03-28T19:56:26","date_gmt":"2020-03-28T23:56:26","guid":{"rendered":"https:\/\/phytstore.com\/produit\/gel-nettoyant\/"},"modified":"2023-02-21T15:25:13","modified_gmt":"2023-02-21T19:25:13","slug":"gel-nettoyant","status":"publish","type":"product","link":"https:\/\/phytstore.com\/en\/product\/cleansing-gel\/","title":{"rendered":"Cleansing Gel"},"content":{"rendered":"<p>This ultra-soft <strong>Organic face wash for men<\/strong> cleans the skin gently without drying it out. Thanks to the fresh and revitalizing Peppermint and Ginseng, the clean and purified skin appears radiant and toned. Double take effect guaranteed!<\/p>\n<p>&nbsp;<\/p>\n<h2>Active ingredients :<\/h2>\n<p>Peppermint*, Ginseng*, Geranium*, Tea Tree*, Petitgrain*, Lavandin*<\/p>\n<p><em>* ingredients derived from Organic Farming<\/em><\/p>\n<p>&nbsp;<\/p>\n<h2>How to use our men\u2019s Organic Cleansing Gel?<\/h2>\n<p>In the morning and evening, spread your Organic cleanser over your entire face and neck, moistened beforehand. Make small circular movements to facilitate the action of this <strong>authentic treatment for soft skin<\/strong>.<\/p>\n<p>Rinse with water or an\u00a0<strong><a href=\"https:\/\/phytstore.com\/en\/product\/phyts-organic-reusable-wipes\/\">Organic reusable wipe<\/a><\/strong>, then dry the skin gently.<\/p>\n<p><em>Tip<\/em>: Afterwards, apply the\u00a0<strong><a href=\"https:\/\/phytstore.com\/en\/product\/men-mattifying-care\/\">Mattifying Treatment<\/a><\/strong>, the\u00a0<strong><a href=\"https:\/\/phytstore.com\/en\/produit\/anti-wrinkle-care-for-men\/\">Anti-Wrinkle Treatment<\/a><\/strong>, or the\u00a0<strong><a href=\"https:\/\/phytstore.com\/en\/product\/after-shave-hydrating-fluid\/\">After-Shave Hydrating Fluid<\/a><\/strong>. These targeted-action products hydrate and treat your skin to make it <strong>beautiful, supple, and bright<\/strong>. Our Organic face wash for men therefore easily fits into your daytime and\/or nighttime beauty routine.<\/p>\n<p>&nbsp;<\/p>\n<h2>How to choose your Cleansing Gel for the face?<\/h2>\n<p>An Organic face wash meets the specific needs of men\u2019s skin to care for it (especially sensitive and dry skin). It is chosen in particular according to your skin type and the product formula.<\/p>\n<p>To rediscover a <strong>cleaner and healthier skin free of excess sebum<\/strong>, choose facial cleansers enriched with 100%-natural ingredients, such as peppermint or tea tree. Ginseng offers a feeling of freshness and cleanliness with its enchanting scent.<\/p>\n<p>To <strong>rid the skin of its dead skin<\/strong>, consider our exfoliating cleansing gel with 100%-natural bamboo extract, which can be found in our\u00a0<strong><a href=\"https:\/\/phytstore.com\/en\/phyts-men\/\">line of Organic cosmetics for men<\/a><\/strong>.<\/p>\n","protected":false},"excerpt":{"rendered":"<p><img loading=\"lazy\" decoding=\"async\" class=\"alignnone size-full wp-image-4921\" src=\"https:\/\/phytstore.com\/wp-content\/uploads\/2020\/03\/Bio-100-Vegan-4.png\" alt=\"\" width=\"274\" height=\"53\" \/><\/p>\n<p>Gentle, refreshing &amp; purifying &#8211; Men<\/p>\n<p><strong>Skin type :<\/strong> All\u00a0skin types<br \/>\n<strong>Expectations :<\/strong> Cleanses, purifies, revitalizes, refreshes<br \/>\n<strong>Presentation :<\/strong> Tube 100 g<\/p>\n","protected":false},"featured_media":4023,"comment_status":"closed","ping_status":"closed","template":"","meta":{"_acf_changed":false,"inline_featured_image":false},"product_brand":[],"product_cat":[85,253],"product_tag":[],"class_list":{"0":"post-2783","1":"product","2":"type-product","3":"status-publish","4":"has-post-thumbnail","6":"product_cat-phyts-men-en","7":"product_cat-cleansers-en","9":"first","10":"instock","11":"taxable","12":"shipping-taxable","13":"purchasable","14":"product-type-simple"},"acf":[],"yoast_head":"<!-- This site is optimized with the Yoast SEO plugin v27.4 - https:\/\/yoast.com\/product\/yoast-seo-wordpress\/ -->\n<title>100%-Natural, and Organic Face Wash for Men | PHYT\u2019S<\/title>\n<meta name=\"description\" content=\"Looking for an Organic face wash for men? Discover our treatment in gel form with powerful, 100%-natural active ingredients for fresh and clean skin.\" \/>\n<meta name=\"robots\" content=\"index, follow, max-snippet:-1, max-image-preview:large, max-video-preview:-1\" \/>\n<link rel=\"canonical\" href=\"https:\/\/phytstore.com\/en\/product\/cleansing-gel\/\" \/>\n<meta property=\"og:locale\" content=\"en_US\" \/>\n<meta property=\"og:type\" content=\"article\" \/>\n<meta property=\"og:title\" content=\"100%-Natural, and Organic Face Wash for Men | PHYT\u2019S\" \/>\n<meta property=\"og:description\" content=\"Looking for an Organic face wash for men? Discover our treatment in gel form with powerful, 100%-natural active ingredients for fresh and clean skin.\" \/>\n<meta property=\"og:url\" content=\"https:\/\/phytstore.com\/en\/product\/cleansing-gel\/\" \/>\n<meta property=\"og:site_name\" content=\"PHYT&#039;S\" \/>\n<meta property=\"article:publisher\" content=\"https:\/\/www.facebook.com\/CJMBCosmetiques\/?ref=aymt_homepage_panel\" \/>\n<meta property=\"article:modified_time\" content=\"2023-02-21T19:25:13+00:00\" \/>\n<meta property=\"og:image\" content=\"https:\/\/phytstore.com\/wp-content\/uploads\/2020\/03\/Gel-Nett.-Men.png\" \/>\n\t<meta property=\"og:image:width\" content=\"1241\" \/>\n\t<meta property=\"og:image:height\" content=\"1240\" \/>\n\t<meta property=\"og:image:type\" content=\"image\/png\" \/>\n<meta name=\"twitter:card\" content=\"summary_large_image\" \/>\n<meta name=\"twitter:label1\" content=\"Est. reading time\" \/>\n\t<meta name=\"twitter:data1\" content=\"2 minutes\" \/>\n<script type=\"application\/ld+json\" class=\"yoast-schema-graph\">{\"@context\":\"https:\\\/\\\/schema.org\",\"@graph\":[{\"@type\":\"WebPage\",\"@id\":\"https:\\\/\\\/phytstore.com\\\/en\\\/product\\\/cleansing-gel\\\/\",\"url\":\"https:\\\/\\\/phytstore.com\\\/en\\\/product\\\/cleansing-gel\\\/\",\"name\":\"100%-Natural, and Organic Face Wash for Men | PHYT\u2019S\",\"isPartOf\":{\"@id\":\"https:\\\/\\\/phytstore.com\\\/en\\\/#website\"},\"primaryImageOfPage\":{\"@id\":\"https:\\\/\\\/phytstore.com\\\/en\\\/product\\\/cleansing-gel\\\/#primaryimage\"},\"image\":{\"@id\":\"https:\\\/\\\/phytstore.com\\\/en\\\/product\\\/cleansing-gel\\\/#primaryimage\"},\"thumbnailUrl\":\"https:\\\/\\\/phytstore.com\\\/wp-content\\\/uploads\\\/2020\\\/03\\\/Gel-Nett.-Men.png\",\"datePublished\":\"2020-03-28T23:56:26+00:00\",\"dateModified\":\"2023-02-21T19:25:13+00:00\",\"description\":\"Looking for an Organic face wash for men? Discover our treatment in gel form with powerful, 100%-natural active ingredients for fresh and clean skin.\",\"breadcrumb\":{\"@id\":\"https:\\\/\\\/phytstore.com\\\/en\\\/product\\\/cleansing-gel\\\/#breadcrumb\"},\"inLanguage\":\"en-CA\",\"potentialAction\":[{\"@type\":\"ReadAction\",\"target\":[\"https:\\\/\\\/phytstore.com\\\/en\\\/product\\\/cleansing-gel\\\/\"]}]},{\"@type\":\"ImageObject\",\"inLanguage\":\"en-CA\",\"@id\":\"https:\\\/\\\/phytstore.com\\\/en\\\/product\\\/cleansing-gel\\\/#primaryimage\",\"url\":\"https:\\\/\\\/phytstore.com\\\/wp-content\\\/uploads\\\/2020\\\/03\\\/Gel-Nett.-Men.png\",\"contentUrl\":\"https:\\\/\\\/phytstore.com\\\/wp-content\\\/uploads\\\/2020\\\/03\\\/Gel-Nett.-Men.png\",\"width\":1241,\"height\":1240,\"caption\":\"Organic Cleansing Gel for Men\"},{\"@type\":\"BreadcrumbList\",\"@id\":\"https:\\\/\\\/phytstore.com\\\/en\\\/product\\\/cleansing-gel\\\/#breadcrumb\",\"itemListElement\":[{\"@type\":\"ListItem\",\"position\":1,\"name\":\"Home\",\"item\":\"https:\\\/\\\/phytstore.com\\\/en\\\/\"},{\"@type\":\"ListItem\",\"position\":2,\"name\":\"Shop\",\"item\":\"https:\\\/\\\/phytstore.com\\\/en\\\/shop\\\/\"},{\"@type\":\"ListItem\",\"position\":3,\"name\":\"Face\",\"item\":\"https:\\\/\\\/phytstore.com\\\/en\\\/organic-skin-care\\\/\"},{\"@type\":\"ListItem\",\"position\":4,\"name\":\"Natural &amp; Organic Face Cleansers\",\"item\":\"https:\\\/\\\/phytstore.com\\\/en\\\/organic-skin-care\\\/natural-face-cleanser\\\/\"},{\"@type\":\"ListItem\",\"position\":5,\"name\":\"Cleansing Gel\"}]},{\"@type\":\"WebSite\",\"@id\":\"https:\\\/\\\/phytstore.com\\\/en\\\/#website\",\"url\":\"https:\\\/\\\/phytstore.com\\\/en\\\/\",\"name\":\"PHYT&#039;S\",\"description\":\"Fabricant et distributeur de soins certifi\u00e9s bio pour instituts de beaut\u00e9, spa et esth\u00e9ticiennes\",\"publisher\":{\"@id\":\"https:\\\/\\\/phytstore.com\\\/en\\\/#organization\"},\"potentialAction\":[{\"@type\":\"SearchAction\",\"target\":{\"@type\":\"EntryPoint\",\"urlTemplate\":\"https:\\\/\\\/phytstore.com\\\/en\\\/?s={search_term_string}\"},\"query-input\":{\"@type\":\"PropertyValueSpecification\",\"valueRequired\":true,\"valueName\":\"search_term_string\"}}],\"inLanguage\":\"en-CA\"},{\"@type\":\"Organization\",\"@id\":\"https:\\\/\\\/phytstore.com\\\/en\\\/#organization\",\"name\":\"Phyt's\",\"url\":\"https:\\\/\\\/phytstore.com\\\/en\\\/\",\"logo\":{\"@type\":\"ImageObject\",\"inLanguage\":\"en-CA\",\"@id\":\"https:\\\/\\\/phytstore.com\\\/en\\\/#\\\/schema\\\/logo\\\/image\\\/\",\"url\":\"https:\\\/\\\/phytstore.com\\\/wp-content\\\/uploads\\\/2020\\\/03\\\/logo-phyts-e1585168986207.png\",\"contentUrl\":\"https:\\\/\\\/phytstore.com\\\/wp-content\\\/uploads\\\/2020\\\/03\\\/logo-phyts-e1585168986207.png\",\"width\":200,\"height\":72,\"caption\":\"Phyt's\"},\"image\":{\"@id\":\"https:\\\/\\\/phytstore.com\\\/en\\\/#\\\/schema\\\/logo\\\/image\\\/\"},\"sameAs\":[\"https:\\\/\\\/www.facebook.com\\\/CJMBCosmetiques\\\/?ref=aymt_homepage_panel\",\"https:\\\/\\\/www.instagram.com\\\/phyts_canada\\\/\",\"https:\\\/\\\/www.linkedin.com\\\/company\\\/3337211\\\/admin\\\/\",\"https:\\\/\\\/www.youtube.com\\\/channel\\\/UCEkP009p4XTU5lXjLkaKptA\"]}]}<\/script>\n<!-- \/ Yoast SEO plugin. -->","yoast_head_json":{"title":"100%-Natural, and Organic Face Wash for Men | PHYT\u2019S","description":"Looking for an Organic face wash for men? Discover our treatment in gel form with powerful, 100%-natural active ingredients for fresh and clean skin.","robots":{"index":"index","follow":"follow","max-snippet":"max-snippet:-1","max-image-preview":"max-image-preview:large","max-video-preview":"max-video-preview:-1"},"canonical":"https:\/\/phytstore.com\/en\/product\/cleansing-gel\/","og_locale":"en_US","og_type":"article","og_title":"100%-Natural, and Organic Face Wash for Men | PHYT\u2019S","og_description":"Looking for an Organic face wash for men? Discover our treatment in gel form with powerful, 100%-natural active ingredients for fresh and clean skin.","og_url":"https:\/\/phytstore.com\/en\/product\/cleansing-gel\/","og_site_name":"PHYT&#039;S","article_publisher":"https:\/\/www.facebook.com\/CJMBCosmetiques\/?ref=aymt_homepage_panel","article_modified_time":"2023-02-21T19:25:13+00:00","og_image":[{"width":1241,"height":1240,"url":"https:\/\/phytstore.com\/wp-content\/uploads\/2020\/03\/Gel-Nett.-Men.png","type":"image\/png"}],"twitter_card":"summary_large_image","twitter_misc":{"Est. reading time":"2 minutes"},"schema":{"@context":"https:\/\/schema.org","@graph":[{"@type":"WebPage","@id":"https:\/\/phytstore.com\/en\/product\/cleansing-gel\/","url":"https:\/\/phytstore.com\/en\/product\/cleansing-gel\/","name":"100%-Natural, and Organic Face Wash for Men | PHYT\u2019S","isPartOf":{"@id":"https:\/\/phytstore.com\/en\/#website"},"primaryImageOfPage":{"@id":"https:\/\/phytstore.com\/en\/product\/cleansing-gel\/#primaryimage"},"image":{"@id":"https:\/\/phytstore.com\/en\/product\/cleansing-gel\/#primaryimage"},"thumbnailUrl":"https:\/\/phytstore.com\/wp-content\/uploads\/2020\/03\/Gel-Nett.-Men.png","datePublished":"2020-03-28T23:56:26+00:00","dateModified":"2023-02-21T19:25:13+00:00","description":"Looking for an Organic face wash for men? Discover our treatment in gel form with powerful, 100%-natural active ingredients for fresh and clean skin.","breadcrumb":{"@id":"https:\/\/phytstore.com\/en\/product\/cleansing-gel\/#breadcrumb"},"inLanguage":"en-CA","potentialAction":[{"@type":"ReadAction","target":["https:\/\/phytstore.com\/en\/product\/cleansing-gel\/"]}]},{"@type":"ImageObject","inLanguage":"en-CA","@id":"https:\/\/phytstore.com\/en\/product\/cleansing-gel\/#primaryimage","url":"https:\/\/phytstore.com\/wp-content\/uploads\/2020\/03\/Gel-Nett.-Men.png","contentUrl":"https:\/\/phytstore.com\/wp-content\/uploads\/2020\/03\/Gel-Nett.-Men.png","width":1241,"height":1240,"caption":"Organic Cleansing Gel for Men"},{"@type":"BreadcrumbList","@id":"https:\/\/phytstore.com\/en\/product\/cleansing-gel\/#breadcrumb","itemListElement":[{"@type":"ListItem","position":1,"name":"Home","item":"https:\/\/phytstore.com\/en\/"},{"@type":"ListItem","position":2,"name":"Shop","item":"https:\/\/phytstore.com\/en\/shop\/"},{"@type":"ListItem","position":3,"name":"Face","item":"https:\/\/phytstore.com\/en\/organic-skin-care\/"},{"@type":"ListItem","position":4,"name":"Natural &amp; Organic Face Cleansers","item":"https:\/\/phytstore.com\/en\/organic-skin-care\/natural-face-cleanser\/"},{"@type":"ListItem","position":5,"name":"Cleansing Gel"}]},{"@type":"WebSite","@id":"https:\/\/phytstore.com\/en\/#website","url":"https:\/\/phytstore.com\/en\/","name":"PHYT&#039;S","description":"Fabricant et distributeur de soins certifi\u00e9s bio pour instituts de beaut\u00e9, spa et esth\u00e9ticiennes","publisher":{"@id":"https:\/\/phytstore.com\/en\/#organization"},"potentialAction":[{"@type":"SearchAction","target":{"@type":"EntryPoint","urlTemplate":"https:\/\/phytstore.com\/en\/?s={search_term_string}"},"query-input":{"@type":"PropertyValueSpecification","valueRequired":true,"valueName":"search_term_string"}}],"inLanguage":"en-CA"},{"@type":"Organization","@id":"https:\/\/phytstore.com\/en\/#organization","name":"Phyt's","url":"https:\/\/phytstore.com\/en\/","logo":{"@type":"ImageObject","inLanguage":"en-CA","@id":"https:\/\/phytstore.com\/en\/#\/schema\/logo\/image\/","url":"https:\/\/phytstore.com\/wp-content\/uploads\/2020\/03\/logo-phyts-e1585168986207.png","contentUrl":"https:\/\/phytstore.com\/wp-content\/uploads\/2020\/03\/logo-phyts-e1585168986207.png","width":200,"height":72,"caption":"Phyt's"},"image":{"@id":"https:\/\/phytstore.com\/en\/#\/schema\/logo\/image\/"},"sameAs":["https:\/\/www.facebook.com\/CJMBCosmetiques\/?ref=aymt_homepage_panel","https:\/\/www.instagram.com\/phyts_canada\/","https:\/\/www.linkedin.com\/company\/3337211\/admin\/","https:\/\/www.youtube.com\/channel\/UCEkP009p4XTU5lXjLkaKptA"]}]}},"jetpack_sharing_enabled":true,"_links":{"self":[{"href":"https:\/\/phytstore.com\/en\/wp-json\/wp\/v2\/product\/2783","targetHints":{"allow":["GET"]}}],"collection":[{"href":"https:\/\/phytstore.com\/en\/wp-json\/wp\/v2\/product"}],"about":[{"href":"https:\/\/phytstore.com\/en\/wp-json\/wp\/v2\/types\/product"}],"replies":[{"embeddable":true,"href":"https:\/\/phytstore.com\/en\/wp-json\/wp\/v2\/comments?post=2783"}],"wp:featuredmedia":[{"embeddable":true,"href":"https:\/\/phytstore.com\/en\/wp-json\/wp\/v2\/media\/4023"}],"wp:attachment":[{"href":"https:\/\/phytstore.com\/en\/wp-json\/wp\/v2\/media?parent=2783"}],"wp:term":[{"taxonomy":"product_brand","embeddable":true,"href":"https:\/\/phytstore.com\/en\/wp-json\/wp\/v2\/product_brand?post=2783"},{"taxonomy":"product_cat","embeddable":true,"href":"https:\/\/phytstore.com\/en\/wp-json\/wp\/v2\/product_cat?post=2783"},{"taxonomy":"product_tag","embeddable":true,"href":"https:\/\/phytstore.com\/en\/wp-json\/wp\/v2\/product_tag?post=2783"}],"curies":[{"name":"wp","href":"https:\/\/api.w.org\/{rel}","templated":true}]}}