{"id":2782,"date":"2020-03-28T19:56:27","date_gmt":"2020-03-28T23:56:27","guid":{"rendered":"https:\/\/phytstore.com\/produit\/gel-nettoyant-desincrustant\/"},"modified":"2023-02-21T15:32:08","modified_gmt":"2023-02-21T19:32:08","slug":"gel-nettoyant-desincrustant","status":"publish","type":"product","link":"https:\/\/phytstore.com\/en\/product\/exfoliating-cleansing-gel\/","title":{"rendered":"Exfoliating Cleansing Gel"},"content":{"rendered":"<p>This<strong> fresh Organic exfoliating cleansing gel for men<\/strong> eliminates dead cells from the skin and limits the appearance of ingrown hair, thanks to exfoliating Bamboo extract. The skin is then clean, purified, soft, radiant and ready to receive PHYT\u2019S Men daily care products.<\/p>\n<h2>Active ingredients :<\/h2>\n<p><em>Bamboo, Peppermint*, Ginseng*, Geranium*, Tea Tree*, Bitter Orange*, Lavandin*<\/em><br \/>\n<em>* ingredients from Organic Farming<\/em><\/p>\n<h2>How to use this men\u2019s Organic face scrub?<\/h2>\n<p>Once or twice a week, massage using circular movements all over face and neck. Rinse with cold water to close the pores, or using a <strong><a href=\"https:\/\/phytstore.com\/en\/product\/phyts-organic-reusable-wipes\/\">reusable Organic Wipe<\/a><\/strong>.<\/p>\n<p>Tip: Apply then the <strong><a href=\"https:\/\/phytstore.com\/produit\/soin-matifiant-2\/\">Mattifying Care<\/a><\/strong>, the <strong><a href=\"https:\/\/phytstore.com\/produit\/soin-anti-rides\/\">Anti-Wrinkle Care<\/a><\/strong> or the <strong><a href=\"https:\/\/phytstore.com\/produit\/fluide-hydratant-apres-rasage\/\">After-Shave Hydrating Fluid<\/a><\/strong> in the morning and\/or evening. For a <strong>complete daily care routine<\/strong>, also use an eye contour care made from natural and Organic ingredients.<\/p>\n<p>These Organic facial treatments, with enchanting fragrances, ensure <strong>perfect hydration of the face after cleansing<\/strong>. Adapted to each skin type. They are essential in your skincare routine for lastingly soft and protected skin.<\/p>\n<h2>How to choose the right Organic face scrub for men?<\/h2>\n<p>A face scrub should be chosen according to the different <strong>skin types<\/strong>, and the active ingredients in the product.<\/p>\n<p>Less aggressive than traditional face scrubs, this treatment is <strong>perfectly suited to skin that has become sensitive due to shaving<\/strong>. It also helps to limit excess sebum.<\/p>\n<p>A scrub with 100%-natural ingredients such as bamboo is also <strong>ideal for unclogging the blackheads<\/strong>, dead cells, and dilated pores of skin with imperfections. However, use your product with circular motions for a soft skin, and make sure to avoid the eye area.<\/p>\n<p>Finally, find all our products made from 100% <strong>natural ingredients<\/strong> from our\u00a0<strong><a href=\"https:\/\/phytstore.com\/en\/phyts-men\/\">line of Organic cosmetics for men<\/a><\/strong> for a brighter complexion and a smoother skin!<\/p>\n","protected":false},"excerpt":{"rendered":"<p><img loading=\"lazy\" decoding=\"async\" class=\"alignnone size-full wp-image-4921\" src=\"https:\/\/phytstore.com\/wp-content\/uploads\/2020\/03\/Bio-100-Vegan-4.png\" alt=\"\" width=\"274\" height=\"53\" \/><\/p>\n<p>Purifying &amp; refreshing &#8211; Men<\/p>\n<p><strong>Skin type :<\/strong> All skin types<br \/>\n<strong>Expectations :<\/strong> Cleanses, exfoliates, softens, purifies<br \/>\n<strong>Presentation :<\/strong> 100 g tube<\/p>\n","protected":false},"featured_media":8643,"comment_status":"closed","ping_status":"closed","template":"","meta":{"_acf_changed":false,"inline_featured_image":false},"product_brand":[],"product_cat":[85,250],"product_tag":[],"class_list":{"0":"post-2782","1":"product","2":"type-product","3":"status-publish","4":"has-post-thumbnail","6":"product_cat-phyts-men-en","7":"product_cat-scrubs-exfoliants","9":"first","10":"instock","11":"taxable","12":"shipping-taxable","13":"purchasable","14":"product-type-simple"},"acf":[],"yoast_head":"<!-- This site is optimized with the Yoast SEO plugin v27.4 - https:\/\/yoast.com\/product\/yoast-seo-wordpress\/ -->\n<title>Organic Exfoliating Cleansing Gel for Men | PHYT\u2019S<\/title>\n<meta name=\"description\" content=\"Looking for a natural, Organic, and Vegan exfoliating cleansing gel for men? Discover our products, made with powerful and 100%-natural active ingredients.\" \/>\n<meta name=\"robots\" content=\"index, follow, max-snippet:-1, max-image-preview:large, max-video-preview:-1\" \/>\n<link rel=\"canonical\" href=\"https:\/\/phytstore.com\/en\/product\/exfoliating-cleansing-gel\/\" \/>\n<meta property=\"og:locale\" content=\"en_US\" \/>\n<meta property=\"og:type\" content=\"article\" \/>\n<meta property=\"og:title\" content=\"Organic Exfoliating Cleansing Gel for Men | PHYT\u2019S\" \/>\n<meta property=\"og:description\" content=\"Looking for a natural, Organic, and Vegan exfoliating cleansing gel for men? Discover our products, made with powerful and 100%-natural active ingredients.\" \/>\n<meta property=\"og:url\" content=\"https:\/\/phytstore.com\/en\/product\/exfoliating-cleansing-gel\/\" \/>\n<meta property=\"og:site_name\" content=\"PHYT&#039;S\" \/>\n<meta property=\"article:publisher\" content=\"https:\/\/www.facebook.com\/CJMBCosmetiques\/?ref=aymt_homepage_panel\" \/>\n<meta property=\"article:modified_time\" content=\"2023-02-21T19:32:08+00:00\" \/>\n<meta property=\"og:image\" content=\"https:\/\/phytstore.com\/wp-content\/uploads\/2020\/03\/gel-desinscrustant-resize.jpg\" \/>\n\t<meta property=\"og:image:width\" content=\"534\" \/>\n\t<meta property=\"og:image:height\" content=\"534\" \/>\n\t<meta property=\"og:image:type\" content=\"image\/jpeg\" \/>\n<meta name=\"twitter:card\" content=\"summary_large_image\" \/>\n<meta name=\"twitter:label1\" content=\"Est. reading time\" \/>\n\t<meta name=\"twitter:data1\" content=\"2 minutes\" \/>\n<script type=\"application\/ld+json\" class=\"yoast-schema-graph\">{\"@context\":\"https:\\\/\\\/schema.org\",\"@graph\":[{\"@type\":\"WebPage\",\"@id\":\"https:\\\/\\\/phytstore.com\\\/en\\\/product\\\/exfoliating-cleansing-gel\\\/\",\"url\":\"https:\\\/\\\/phytstore.com\\\/en\\\/product\\\/exfoliating-cleansing-gel\\\/\",\"name\":\"Organic Exfoliating Cleansing Gel for Men | PHYT\u2019S\",\"isPartOf\":{\"@id\":\"https:\\\/\\\/phytstore.com\\\/en\\\/#website\"},\"primaryImageOfPage\":{\"@id\":\"https:\\\/\\\/phytstore.com\\\/en\\\/product\\\/exfoliating-cleansing-gel\\\/#primaryimage\"},\"image\":{\"@id\":\"https:\\\/\\\/phytstore.com\\\/en\\\/product\\\/exfoliating-cleansing-gel\\\/#primaryimage\"},\"thumbnailUrl\":\"https:\\\/\\\/phytstore.com\\\/wp-content\\\/uploads\\\/2020\\\/03\\\/gel-desinscrustant-resize.jpg\",\"datePublished\":\"2020-03-28T23:56:27+00:00\",\"dateModified\":\"2023-02-21T19:32:08+00:00\",\"description\":\"Looking for a natural, Organic, and Vegan exfoliating cleansing gel for men? Discover our products, made with powerful and 100%-natural active ingredients.\",\"breadcrumb\":{\"@id\":\"https:\\\/\\\/phytstore.com\\\/en\\\/product\\\/exfoliating-cleansing-gel\\\/#breadcrumb\"},\"inLanguage\":\"en-CA\",\"potentialAction\":[{\"@type\":\"ReadAction\",\"target\":[\"https:\\\/\\\/phytstore.com\\\/en\\\/product\\\/exfoliating-cleansing-gel\\\/\"]}]},{\"@type\":\"ImageObject\",\"inLanguage\":\"en-CA\",\"@id\":\"https:\\\/\\\/phytstore.com\\\/en\\\/product\\\/exfoliating-cleansing-gel\\\/#primaryimage\",\"url\":\"https:\\\/\\\/phytstore.com\\\/wp-content\\\/uploads\\\/2020\\\/03\\\/gel-desinscrustant-resize.jpg\",\"contentUrl\":\"https:\\\/\\\/phytstore.com\\\/wp-content\\\/uploads\\\/2020\\\/03\\\/gel-desinscrustant-resize.jpg\",\"width\":534,\"height\":534},{\"@type\":\"BreadcrumbList\",\"@id\":\"https:\\\/\\\/phytstore.com\\\/en\\\/product\\\/exfoliating-cleansing-gel\\\/#breadcrumb\",\"itemListElement\":[{\"@type\":\"ListItem\",\"position\":1,\"name\":\"Home\",\"item\":\"https:\\\/\\\/phytstore.com\\\/en\\\/\"},{\"@type\":\"ListItem\",\"position\":2,\"name\":\"Shop\",\"item\":\"https:\\\/\\\/phytstore.com\\\/en\\\/shop\\\/\"},{\"@type\":\"ListItem\",\"position\":3,\"name\":\"Face\",\"item\":\"https:\\\/\\\/phytstore.com\\\/en\\\/organic-skin-care\\\/\"},{\"@type\":\"ListItem\",\"position\":4,\"name\":\"Scrubs &amp; Exfoliants\",\"item\":\"https:\\\/\\\/phytstore.com\\\/en\\\/organic-skin-care\\\/natural-face-scrubs-exfoliants\\\/\"},{\"@type\":\"ListItem\",\"position\":5,\"name\":\"Exfoliating Cleansing Gel\"}]},{\"@type\":\"WebSite\",\"@id\":\"https:\\\/\\\/phytstore.com\\\/en\\\/#website\",\"url\":\"https:\\\/\\\/phytstore.com\\\/en\\\/\",\"name\":\"PHYT&#039;S\",\"description\":\"Fabricant et distributeur de soins certifi\u00e9s bio pour instituts de beaut\u00e9, spa et esth\u00e9ticiennes\",\"publisher\":{\"@id\":\"https:\\\/\\\/phytstore.com\\\/en\\\/#organization\"},\"potentialAction\":[{\"@type\":\"SearchAction\",\"target\":{\"@type\":\"EntryPoint\",\"urlTemplate\":\"https:\\\/\\\/phytstore.com\\\/en\\\/?s={search_term_string}\"},\"query-input\":{\"@type\":\"PropertyValueSpecification\",\"valueRequired\":true,\"valueName\":\"search_term_string\"}}],\"inLanguage\":\"en-CA\"},{\"@type\":\"Organization\",\"@id\":\"https:\\\/\\\/phytstore.com\\\/en\\\/#organization\",\"name\":\"Phyt's\",\"url\":\"https:\\\/\\\/phytstore.com\\\/en\\\/\",\"logo\":{\"@type\":\"ImageObject\",\"inLanguage\":\"en-CA\",\"@id\":\"https:\\\/\\\/phytstore.com\\\/en\\\/#\\\/schema\\\/logo\\\/image\\\/\",\"url\":\"https:\\\/\\\/phytstore.com\\\/wp-content\\\/uploads\\\/2020\\\/03\\\/logo-phyts-e1585168986207.png\",\"contentUrl\":\"https:\\\/\\\/phytstore.com\\\/wp-content\\\/uploads\\\/2020\\\/03\\\/logo-phyts-e1585168986207.png\",\"width\":200,\"height\":72,\"caption\":\"Phyt's\"},\"image\":{\"@id\":\"https:\\\/\\\/phytstore.com\\\/en\\\/#\\\/schema\\\/logo\\\/image\\\/\"},\"sameAs\":[\"https:\\\/\\\/www.facebook.com\\\/CJMBCosmetiques\\\/?ref=aymt_homepage_panel\",\"https:\\\/\\\/www.instagram.com\\\/phyts_canada\\\/\",\"https:\\\/\\\/www.linkedin.com\\\/company\\\/3337211\\\/admin\\\/\",\"https:\\\/\\\/www.youtube.com\\\/channel\\\/UCEkP009p4XTU5lXjLkaKptA\"]}]}<\/script>\n<!-- \/ Yoast SEO plugin. -->","yoast_head_json":{"title":"Organic Exfoliating Cleansing Gel for Men | PHYT\u2019S","description":"Looking for a natural, Organic, and Vegan exfoliating cleansing gel for men? Discover our products, made with powerful and 100%-natural active ingredients.","robots":{"index":"index","follow":"follow","max-snippet":"max-snippet:-1","max-image-preview":"max-image-preview:large","max-video-preview":"max-video-preview:-1"},"canonical":"https:\/\/phytstore.com\/en\/product\/exfoliating-cleansing-gel\/","og_locale":"en_US","og_type":"article","og_title":"Organic Exfoliating Cleansing Gel for Men | PHYT\u2019S","og_description":"Looking for a natural, Organic, and Vegan exfoliating cleansing gel for men? Discover our products, made with powerful and 100%-natural active ingredients.","og_url":"https:\/\/phytstore.com\/en\/product\/exfoliating-cleansing-gel\/","og_site_name":"PHYT&#039;S","article_publisher":"https:\/\/www.facebook.com\/CJMBCosmetiques\/?ref=aymt_homepage_panel","article_modified_time":"2023-02-21T19:32:08+00:00","og_image":[{"width":534,"height":534,"url":"https:\/\/phytstore.com\/wp-content\/uploads\/2020\/03\/gel-desinscrustant-resize.jpg","type":"image\/jpeg"}],"twitter_card":"summary_large_image","twitter_misc":{"Est. reading time":"2 minutes"},"schema":{"@context":"https:\/\/schema.org","@graph":[{"@type":"WebPage","@id":"https:\/\/phytstore.com\/en\/product\/exfoliating-cleansing-gel\/","url":"https:\/\/phytstore.com\/en\/product\/exfoliating-cleansing-gel\/","name":"Organic Exfoliating Cleansing Gel for Men | PHYT\u2019S","isPartOf":{"@id":"https:\/\/phytstore.com\/en\/#website"},"primaryImageOfPage":{"@id":"https:\/\/phytstore.com\/en\/product\/exfoliating-cleansing-gel\/#primaryimage"},"image":{"@id":"https:\/\/phytstore.com\/en\/product\/exfoliating-cleansing-gel\/#primaryimage"},"thumbnailUrl":"https:\/\/phytstore.com\/wp-content\/uploads\/2020\/03\/gel-desinscrustant-resize.jpg","datePublished":"2020-03-28T23:56:27+00:00","dateModified":"2023-02-21T19:32:08+00:00","description":"Looking for a natural, Organic, and Vegan exfoliating cleansing gel for men? Discover our products, made with powerful and 100%-natural active ingredients.","breadcrumb":{"@id":"https:\/\/phytstore.com\/en\/product\/exfoliating-cleansing-gel\/#breadcrumb"},"inLanguage":"en-CA","potentialAction":[{"@type":"ReadAction","target":["https:\/\/phytstore.com\/en\/product\/exfoliating-cleansing-gel\/"]}]},{"@type":"ImageObject","inLanguage":"en-CA","@id":"https:\/\/phytstore.com\/en\/product\/exfoliating-cleansing-gel\/#primaryimage","url":"https:\/\/phytstore.com\/wp-content\/uploads\/2020\/03\/gel-desinscrustant-resize.jpg","contentUrl":"https:\/\/phytstore.com\/wp-content\/uploads\/2020\/03\/gel-desinscrustant-resize.jpg","width":534,"height":534},{"@type":"BreadcrumbList","@id":"https:\/\/phytstore.com\/en\/product\/exfoliating-cleansing-gel\/#breadcrumb","itemListElement":[{"@type":"ListItem","position":1,"name":"Home","item":"https:\/\/phytstore.com\/en\/"},{"@type":"ListItem","position":2,"name":"Shop","item":"https:\/\/phytstore.com\/en\/shop\/"},{"@type":"ListItem","position":3,"name":"Face","item":"https:\/\/phytstore.com\/en\/organic-skin-care\/"},{"@type":"ListItem","position":4,"name":"Scrubs &amp; Exfoliants","item":"https:\/\/phytstore.com\/en\/organic-skin-care\/natural-face-scrubs-exfoliants\/"},{"@type":"ListItem","position":5,"name":"Exfoliating Cleansing Gel"}]},{"@type":"WebSite","@id":"https:\/\/phytstore.com\/en\/#website","url":"https:\/\/phytstore.com\/en\/","name":"PHYT&#039;S","description":"Fabricant et distributeur de soins certifi\u00e9s bio pour instituts de beaut\u00e9, spa et esth\u00e9ticiennes","publisher":{"@id":"https:\/\/phytstore.com\/en\/#organization"},"potentialAction":[{"@type":"SearchAction","target":{"@type":"EntryPoint","urlTemplate":"https:\/\/phytstore.com\/en\/?s={search_term_string}"},"query-input":{"@type":"PropertyValueSpecification","valueRequired":true,"valueName":"search_term_string"}}],"inLanguage":"en-CA"},{"@type":"Organization","@id":"https:\/\/phytstore.com\/en\/#organization","name":"Phyt's","url":"https:\/\/phytstore.com\/en\/","logo":{"@type":"ImageObject","inLanguage":"en-CA","@id":"https:\/\/phytstore.com\/en\/#\/schema\/logo\/image\/","url":"https:\/\/phytstore.com\/wp-content\/uploads\/2020\/03\/logo-phyts-e1585168986207.png","contentUrl":"https:\/\/phytstore.com\/wp-content\/uploads\/2020\/03\/logo-phyts-e1585168986207.png","width":200,"height":72,"caption":"Phyt's"},"image":{"@id":"https:\/\/phytstore.com\/en\/#\/schema\/logo\/image\/"},"sameAs":["https:\/\/www.facebook.com\/CJMBCosmetiques\/?ref=aymt_homepage_panel","https:\/\/www.instagram.com\/phyts_canada\/","https:\/\/www.linkedin.com\/company\/3337211\/admin\/","https:\/\/www.youtube.com\/channel\/UCEkP009p4XTU5lXjLkaKptA"]}]}},"jetpack_sharing_enabled":true,"_links":{"self":[{"href":"https:\/\/phytstore.com\/en\/wp-json\/wp\/v2\/product\/2782","targetHints":{"allow":["GET"]}}],"collection":[{"href":"https:\/\/phytstore.com\/en\/wp-json\/wp\/v2\/product"}],"about":[{"href":"https:\/\/phytstore.com\/en\/wp-json\/wp\/v2\/types\/product"}],"replies":[{"embeddable":true,"href":"https:\/\/phytstore.com\/en\/wp-json\/wp\/v2\/comments?post=2782"}],"wp:featuredmedia":[{"embeddable":true,"href":"https:\/\/phytstore.com\/en\/wp-json\/wp\/v2\/media\/8643"}],"wp:attachment":[{"href":"https:\/\/phytstore.com\/en\/wp-json\/wp\/v2\/media?parent=2782"}],"wp:term":[{"taxonomy":"product_brand","embeddable":true,"href":"https:\/\/phytstore.com\/en\/wp-json\/wp\/v2\/product_brand?post=2782"},{"taxonomy":"product_cat","embeddable":true,"href":"https:\/\/phytstore.com\/en\/wp-json\/wp\/v2\/product_cat?post=2782"},{"taxonomy":"product_tag","embeddable":true,"href":"https:\/\/phytstore.com\/en\/wp-json\/wp\/v2\/product_tag?post=2782"}],"curies":[{"name":"wp","href":"https:\/\/api.w.org\/{rel}","templated":true}]}}