{"id":2781,"date":"2020-03-28T19:56:27","date_gmt":"2020-03-28T23:56:27","guid":{"rendered":"https:\/\/phytstore.com\/produit\/creme-a-raser\/"},"modified":"2025-09-25T17:14:41","modified_gmt":"2025-09-25T21:14:41","slug":"creme-a-raser","status":"publish","type":"product","link":"https:\/\/phytstore.com\/en\/product\/shaving-cream\/","title":{"rendered":"Shaving Cream"},"content":{"rendered":"<p>Light and creamy, this <strong>Organic shaving cream for men<\/strong> prevents irritations and improves the glide of the razor blade. Shaving is therefore easier and gentler on the skin. In addition, thanks to Hemp Seed and Sunflower oils, the skin is nourished*, comforted and softened.<\/p>\n<p><em>* via hydration<\/em><\/p>\n<h2>Active ingredients :<\/h2>\n<p>Sunflower*, Hempseed*, Aloe Ferox, Bitter Orange*, Geranium*, Ginseng*, Menthol*, Tea Tree*, Lavandin*, plant-based Vitamin E<\/p>\n<p><em>* ingredients derived from Organic Agriculture<\/em><\/p>\n<h2>How to use our Organic shaving cream?<\/h2>\n<p>After moistening the face, spread out your <strong>Organic shaving cream<\/strong> in a thin layer. Massage the cream into the beard to allow it to seep into the hair. Shave, then rinse thoroughly with clear water.<\/p>\n<p><em>Tip <\/em>: For hydrated, comforted and refreshed skin, apply the\u00a0<a href=\"https:\/\/phytstore.com\/en\/product\/after-shave-hydrating-fluid\/\">After-Shave Hydrating Fluid<\/a> and\/or the\u00a0<a href=\"https:\/\/phytstore.com\/en\/produit\/perfumed-after-shave-mist\/\">Perfumed After-Shave Mist<\/a> after your <strong>shaving routine<\/strong>. Whether you have dry skin or combination to oily skin, using <strong>an Organic after-shave treatment for men<\/strong> is essential to keep your skin supple and nourished.<\/p>\n<p>Our Organic men\u2019s shaving products made from ingredients derived from Organic agriculture are therefore suited to all types of skin, even the most sensitive.<\/p>\n<h2>Why use shaving cream?<\/h2>\n<p>Using an Organic shaving cream for men, and an Organic after-shave treatment for men is strongly recommended for a perfect shave. It preserves the beauty of <strong>male skin<\/strong>. The movements of the razor can create skin irritations, even after a smooth shave, regardless of your skin type.<\/p>\n<p>Our Organic shaving treatment is a <strong>natural product<\/strong>. It draws its strength from <strong>powerful natural active ingredients recognized<\/strong> for their virtues. Packed with natural ingredients such as Tea Tree essential oil or natural vitamin E, the <strong>shaving cream<\/strong> thereby provides a hydrating and purifying effect for healthy skin.<\/p>\n<p>Finally, discover our entire\u00a0<a href=\"https:\/\/phytstore.com\/en\/phyts-men\/\">line of Organic cosmetics for men<\/a> to take care of yourself naturally.<\/p>\n","protected":false},"excerpt":{"rendered":"<p><img loading=\"lazy\" decoding=\"async\" class=\"alignnone size-full wp-image-4921\" src=\"https:\/\/phytstore.com\/wp-content\/uploads\/2020\/03\/Bio-100-Vegan-4.png\" alt=\"\" width=\"274\" height=\"53\" \/><\/p>\n<p>Unctous, protective &amp; softening &#8211; Men<\/p>\n<p><strong>Skin type :<\/strong> All skin types (even the most sensitive)<br \/>\n<strong>Expectations :<\/strong> Helps shaving, prevents irritation, comforts, protects<br \/>\n<strong>Presentation :<\/strong> 100 g tube<\/p>\n","protected":false},"featured_media":8634,"comment_status":"closed","ping_status":"closed","template":"","meta":{"_acf_changed":false,"inline_featured_image":false},"product_brand":[],"product_cat":[85,239,255],"product_tag":[],"class_list":{"0":"post-2781","1":"product","2":"type-product","3":"status-publish","4":"has-post-thumbnail","6":"product_cat-phyts-men-en","7":"product_cat-sensitivity-redness","8":"product_cat-targeted-care-en","10":"first","11":"instock","12":"taxable","13":"shipping-taxable","14":"purchasable","15":"product-type-simple"},"acf":[],"yoast_head":"<!-- This site is optimized with the Yoast SEO plugin v27.4 - https:\/\/yoast.com\/product\/yoast-seo-wordpress\/ -->\n<title>Men\u2019s Organic Shaving Cream | PHYT\u2019S<\/title>\n<meta name=\"description\" content=\"Discover our Organic, 100% natural and Vegan shaving cream for men. Suitable for all skin types, it leaves your skin soft, supple, and comfortable.\" \/>\n<meta name=\"robots\" content=\"index, follow, max-snippet:-1, max-image-preview:large, max-video-preview:-1\" \/>\n<link rel=\"canonical\" href=\"https:\/\/phytstore.com\/en\/product\/shaving-cream\/\" \/>\n<meta property=\"og:locale\" content=\"en_US\" \/>\n<meta property=\"og:type\" content=\"article\" \/>\n<meta property=\"og:title\" content=\"Men\u2019s Organic Shaving Cream | PHYT\u2019S\" \/>\n<meta property=\"og:description\" content=\"Discover our Organic, 100% natural and Vegan shaving cream for men. Suitable for all skin types, it leaves your skin soft, supple, and comfortable.\" \/>\n<meta property=\"og:url\" content=\"https:\/\/phytstore.com\/en\/product\/shaving-cream\/\" \/>\n<meta property=\"og:site_name\" content=\"PHYT&#039;S\" \/>\n<meta property=\"article:publisher\" content=\"https:\/\/www.facebook.com\/CJMBCosmetiques\/?ref=aymt_homepage_panel\" \/>\n<meta property=\"article:modified_time\" content=\"2025-09-25T21:14:41+00:00\" \/>\n<meta property=\"og:image\" content=\"https:\/\/phytstore.com\/wp-content\/uploads\/2020\/03\/creme-a-raser-1.jpg\" \/>\n\t<meta property=\"og:image:width\" content=\"534\" \/>\n\t<meta property=\"og:image:height\" content=\"534\" \/>\n\t<meta property=\"og:image:type\" content=\"image\/jpeg\" \/>\n<meta name=\"twitter:card\" content=\"summary_large_image\" \/>\n<meta name=\"twitter:label1\" content=\"Est. reading time\" \/>\n\t<meta name=\"twitter:data1\" content=\"2 minutes\" \/>\n<script type=\"application\/ld+json\" class=\"yoast-schema-graph\">{\"@context\":\"https:\\\/\\\/schema.org\",\"@graph\":[{\"@type\":\"WebPage\",\"@id\":\"https:\\\/\\\/phytstore.com\\\/en\\\/product\\\/shaving-cream\\\/\",\"url\":\"https:\\\/\\\/phytstore.com\\\/en\\\/product\\\/shaving-cream\\\/\",\"name\":\"Men\u2019s Organic Shaving Cream | PHYT\u2019S\",\"isPartOf\":{\"@id\":\"https:\\\/\\\/phytstore.com\\\/en\\\/#website\"},\"primaryImageOfPage\":{\"@id\":\"https:\\\/\\\/phytstore.com\\\/en\\\/product\\\/shaving-cream\\\/#primaryimage\"},\"image\":{\"@id\":\"https:\\\/\\\/phytstore.com\\\/en\\\/product\\\/shaving-cream\\\/#primaryimage\"},\"thumbnailUrl\":\"https:\\\/\\\/phytstore.com\\\/wp-content\\\/uploads\\\/2020\\\/03\\\/creme-a-raser-1.jpg\",\"datePublished\":\"2020-03-28T23:56:27+00:00\",\"dateModified\":\"2025-09-25T21:14:41+00:00\",\"description\":\"Discover our Organic, 100% natural and Vegan shaving cream for men. Suitable for all skin types, it leaves your skin soft, supple, and comfortable.\",\"breadcrumb\":{\"@id\":\"https:\\\/\\\/phytstore.com\\\/en\\\/product\\\/shaving-cream\\\/#breadcrumb\"},\"inLanguage\":\"en-CA\",\"potentialAction\":[{\"@type\":\"ReadAction\",\"target\":[\"https:\\\/\\\/phytstore.com\\\/en\\\/product\\\/shaving-cream\\\/\"]}]},{\"@type\":\"ImageObject\",\"inLanguage\":\"en-CA\",\"@id\":\"https:\\\/\\\/phytstore.com\\\/en\\\/product\\\/shaving-cream\\\/#primaryimage\",\"url\":\"https:\\\/\\\/phytstore.com\\\/wp-content\\\/uploads\\\/2020\\\/03\\\/creme-a-raser-1.jpg\",\"contentUrl\":\"https:\\\/\\\/phytstore.com\\\/wp-content\\\/uploads\\\/2020\\\/03\\\/creme-a-raser-1.jpg\",\"width\":534,\"height\":534},{\"@type\":\"BreadcrumbList\",\"@id\":\"https:\\\/\\\/phytstore.com\\\/en\\\/product\\\/shaving-cream\\\/#breadcrumb\",\"itemListElement\":[{\"@type\":\"ListItem\",\"position\":1,\"name\":\"Home\",\"item\":\"https:\\\/\\\/phytstore.com\\\/en\\\/\"},{\"@type\":\"ListItem\",\"position\":2,\"name\":\"Shop\",\"item\":\"https:\\\/\\\/phytstore.com\\\/en\\\/shop\\\/\"},{\"@type\":\"ListItem\",\"position\":3,\"name\":\"Organic Men's Skin Care Products\",\"item\":\"https:\\\/\\\/phytstore.com\\\/en\\\/phyts-men\\\/\"},{\"@type\":\"ListItem\",\"position\":4,\"name\":\"Shaving Cream\"}]},{\"@type\":\"WebSite\",\"@id\":\"https:\\\/\\\/phytstore.com\\\/en\\\/#website\",\"url\":\"https:\\\/\\\/phytstore.com\\\/en\\\/\",\"name\":\"PHYT&#039;S\",\"description\":\"Fabricant et distributeur de soins certifi\u00e9s bio pour instituts de beaut\u00e9, spa et esth\u00e9ticiennes\",\"publisher\":{\"@id\":\"https:\\\/\\\/phytstore.com\\\/en\\\/#organization\"},\"potentialAction\":[{\"@type\":\"SearchAction\",\"target\":{\"@type\":\"EntryPoint\",\"urlTemplate\":\"https:\\\/\\\/phytstore.com\\\/en\\\/?s={search_term_string}\"},\"query-input\":{\"@type\":\"PropertyValueSpecification\",\"valueRequired\":true,\"valueName\":\"search_term_string\"}}],\"inLanguage\":\"en-CA\"},{\"@type\":\"Organization\",\"@id\":\"https:\\\/\\\/phytstore.com\\\/en\\\/#organization\",\"name\":\"Phyt's\",\"url\":\"https:\\\/\\\/phytstore.com\\\/en\\\/\",\"logo\":{\"@type\":\"ImageObject\",\"inLanguage\":\"en-CA\",\"@id\":\"https:\\\/\\\/phytstore.com\\\/en\\\/#\\\/schema\\\/logo\\\/image\\\/\",\"url\":\"https:\\\/\\\/phytstore.com\\\/wp-content\\\/uploads\\\/2020\\\/03\\\/logo-phyts-e1585168986207.png\",\"contentUrl\":\"https:\\\/\\\/phytstore.com\\\/wp-content\\\/uploads\\\/2020\\\/03\\\/logo-phyts-e1585168986207.png\",\"width\":200,\"height\":72,\"caption\":\"Phyt's\"},\"image\":{\"@id\":\"https:\\\/\\\/phytstore.com\\\/en\\\/#\\\/schema\\\/logo\\\/image\\\/\"},\"sameAs\":[\"https:\\\/\\\/www.facebook.com\\\/CJMBCosmetiques\\\/?ref=aymt_homepage_panel\",\"https:\\\/\\\/www.instagram.com\\\/phyts_canada\\\/\",\"https:\\\/\\\/www.linkedin.com\\\/company\\\/3337211\\\/admin\\\/\",\"https:\\\/\\\/www.youtube.com\\\/channel\\\/UCEkP009p4XTU5lXjLkaKptA\"]}]}<\/script>\n<!-- \/ Yoast SEO plugin. -->","yoast_head_json":{"title":"Men\u2019s Organic Shaving Cream | PHYT\u2019S","description":"Discover our Organic, 100% natural and Vegan shaving cream for men. Suitable for all skin types, it leaves your skin soft, supple, and comfortable.","robots":{"index":"index","follow":"follow","max-snippet":"max-snippet:-1","max-image-preview":"max-image-preview:large","max-video-preview":"max-video-preview:-1"},"canonical":"https:\/\/phytstore.com\/en\/product\/shaving-cream\/","og_locale":"en_US","og_type":"article","og_title":"Men\u2019s Organic Shaving Cream | PHYT\u2019S","og_description":"Discover our Organic, 100% natural and Vegan shaving cream for men. Suitable for all skin types, it leaves your skin soft, supple, and comfortable.","og_url":"https:\/\/phytstore.com\/en\/product\/shaving-cream\/","og_site_name":"PHYT&#039;S","article_publisher":"https:\/\/www.facebook.com\/CJMBCosmetiques\/?ref=aymt_homepage_panel","article_modified_time":"2025-09-25T21:14:41+00:00","og_image":[{"width":534,"height":534,"url":"https:\/\/phytstore.com\/wp-content\/uploads\/2020\/03\/creme-a-raser-1.jpg","type":"image\/jpeg"}],"twitter_card":"summary_large_image","twitter_misc":{"Est. reading time":"2 minutes"},"schema":{"@context":"https:\/\/schema.org","@graph":[{"@type":"WebPage","@id":"https:\/\/phytstore.com\/en\/product\/shaving-cream\/","url":"https:\/\/phytstore.com\/en\/product\/shaving-cream\/","name":"Men\u2019s Organic Shaving Cream | PHYT\u2019S","isPartOf":{"@id":"https:\/\/phytstore.com\/en\/#website"},"primaryImageOfPage":{"@id":"https:\/\/phytstore.com\/en\/product\/shaving-cream\/#primaryimage"},"image":{"@id":"https:\/\/phytstore.com\/en\/product\/shaving-cream\/#primaryimage"},"thumbnailUrl":"https:\/\/phytstore.com\/wp-content\/uploads\/2020\/03\/creme-a-raser-1.jpg","datePublished":"2020-03-28T23:56:27+00:00","dateModified":"2025-09-25T21:14:41+00:00","description":"Discover our Organic, 100% natural and Vegan shaving cream for men. Suitable for all skin types, it leaves your skin soft, supple, and comfortable.","breadcrumb":{"@id":"https:\/\/phytstore.com\/en\/product\/shaving-cream\/#breadcrumb"},"inLanguage":"en-CA","potentialAction":[{"@type":"ReadAction","target":["https:\/\/phytstore.com\/en\/product\/shaving-cream\/"]}]},{"@type":"ImageObject","inLanguage":"en-CA","@id":"https:\/\/phytstore.com\/en\/product\/shaving-cream\/#primaryimage","url":"https:\/\/phytstore.com\/wp-content\/uploads\/2020\/03\/creme-a-raser-1.jpg","contentUrl":"https:\/\/phytstore.com\/wp-content\/uploads\/2020\/03\/creme-a-raser-1.jpg","width":534,"height":534},{"@type":"BreadcrumbList","@id":"https:\/\/phytstore.com\/en\/product\/shaving-cream\/#breadcrumb","itemListElement":[{"@type":"ListItem","position":1,"name":"Home","item":"https:\/\/phytstore.com\/en\/"},{"@type":"ListItem","position":2,"name":"Shop","item":"https:\/\/phytstore.com\/en\/shop\/"},{"@type":"ListItem","position":3,"name":"Organic Men's Skin Care Products","item":"https:\/\/phytstore.com\/en\/phyts-men\/"},{"@type":"ListItem","position":4,"name":"Shaving Cream"}]},{"@type":"WebSite","@id":"https:\/\/phytstore.com\/en\/#website","url":"https:\/\/phytstore.com\/en\/","name":"PHYT&#039;S","description":"Fabricant et distributeur de soins certifi\u00e9s bio pour instituts de beaut\u00e9, spa et esth\u00e9ticiennes","publisher":{"@id":"https:\/\/phytstore.com\/en\/#organization"},"potentialAction":[{"@type":"SearchAction","target":{"@type":"EntryPoint","urlTemplate":"https:\/\/phytstore.com\/en\/?s={search_term_string}"},"query-input":{"@type":"PropertyValueSpecification","valueRequired":true,"valueName":"search_term_string"}}],"inLanguage":"en-CA"},{"@type":"Organization","@id":"https:\/\/phytstore.com\/en\/#organization","name":"Phyt's","url":"https:\/\/phytstore.com\/en\/","logo":{"@type":"ImageObject","inLanguage":"en-CA","@id":"https:\/\/phytstore.com\/en\/#\/schema\/logo\/image\/","url":"https:\/\/phytstore.com\/wp-content\/uploads\/2020\/03\/logo-phyts-e1585168986207.png","contentUrl":"https:\/\/phytstore.com\/wp-content\/uploads\/2020\/03\/logo-phyts-e1585168986207.png","width":200,"height":72,"caption":"Phyt's"},"image":{"@id":"https:\/\/phytstore.com\/en\/#\/schema\/logo\/image\/"},"sameAs":["https:\/\/www.facebook.com\/CJMBCosmetiques\/?ref=aymt_homepage_panel","https:\/\/www.instagram.com\/phyts_canada\/","https:\/\/www.linkedin.com\/company\/3337211\/admin\/","https:\/\/www.youtube.com\/channel\/UCEkP009p4XTU5lXjLkaKptA"]}]}},"jetpack_sharing_enabled":true,"_links":{"self":[{"href":"https:\/\/phytstore.com\/en\/wp-json\/wp\/v2\/product\/2781","targetHints":{"allow":["GET"]}}],"collection":[{"href":"https:\/\/phytstore.com\/en\/wp-json\/wp\/v2\/product"}],"about":[{"href":"https:\/\/phytstore.com\/en\/wp-json\/wp\/v2\/types\/product"}],"replies":[{"embeddable":true,"href":"https:\/\/phytstore.com\/en\/wp-json\/wp\/v2\/comments?post=2781"}],"wp:featuredmedia":[{"embeddable":true,"href":"https:\/\/phytstore.com\/en\/wp-json\/wp\/v2\/media\/8634"}],"wp:attachment":[{"href":"https:\/\/phytstore.com\/en\/wp-json\/wp\/v2\/media?parent=2781"}],"wp:term":[{"taxonomy":"product_brand","embeddable":true,"href":"https:\/\/phytstore.com\/en\/wp-json\/wp\/v2\/product_brand?post=2781"},{"taxonomy":"product_cat","embeddable":true,"href":"https:\/\/phytstore.com\/en\/wp-json\/wp\/v2\/product_cat?post=2781"},{"taxonomy":"product_tag","embeddable":true,"href":"https:\/\/phytstore.com\/en\/wp-json\/wp\/v2\/product_tag?post=2781"}],"curies":[{"name":"wp","href":"https:\/\/api.w.org\/{rel}","templated":true}]}}