{"id":2780,"date":"2020-03-28T19:56:27","date_gmt":"2020-03-28T23:56:27","guid":{"rendered":"https:\/\/phytstore.com\/produit\/fluide-hydratant-apres-rasage\/"},"modified":"2023-02-21T11:37:33","modified_gmt":"2023-02-21T15:37:33","slug":"fluide-hydratant-apres-rasage","status":"publish","type":"product","link":"https:\/\/phytstore.com\/en\/product\/after-shave-hydrating-fluid\/","title":{"rendered":"After-Shave Hydrating Fluid"},"content":{"rendered":"<p>This <strong>Organic after-shave moisturizing fluid<\/strong> for men soothes and refreshes the skin after shaving. It also regenerates and protects the skin\u2019s moisture barrier. Fluid and non-greasy, it leaves the skin hydrated, comfortable and supple. It\u2019ll become your favorite!<\/p>\n<h2>Active ingredients :<\/h2>\n<p>Plant-based Hyaluronic Acid, Nigella*, Aloe Ferox, Bitter Orange*, Geranium*, plant-based Vitamin E, plant-based Bisabolol, Ginseng*, Peppermint*, Lavandin*, Geranium*, Tea Tree*<\/p>\n<p><em>* ingredients derived from Organic Farming<\/em><\/p>\n<h2>How to apply my after-shave hydrating fluid<\/h2>\n<p>After shaving or cleansing with the <a href=\"https:\/\/phytstore.com\/en\/product\/cleansing-gel\/\">Cleansing Gel<\/a>, apply the Organic after-shave for men all over your face, eyes and neck. Your skin is hydrated, soothed and refreshed in the blink of an eye!<\/p>\n<p><em>Tips: <\/em>For better penetration and greater effectiveness of your Organic after-shave for men, and also to <strong>prevent ingrown hair,<\/strong> exfoliate your skin once or twice a week using the <a href=\"https:\/\/phytstore.com\/en\/product\/exfoliating-cleansing-gel\/\">Exfoliating Cleansing Gel<\/a>. In addition, for best results and to perfume your skin, you can also use the <a href=\"https:\/\/phytstore.com\/en\/produit\/perfumed-after-shave-mist\/\">Perfumed After-Shave Mist<\/a>.<\/p>\n<p>Do you want an anti-wrinkle treatment made with <strong>natural ingredients<\/strong>? Discover our <a href=\"https:\/\/phytstore.com\/en\/produit\/anti-wrinkle-care-for-men\/\">Organic anti-wrinkle care for men<\/a>, designed to meet the specific needs of male skin.<\/p>\n<p>Finally, you can find our full <a href=\"https:\/\/phytstore.com\/en\/phyts-men\/\">line of Organic cosmetics for men<\/a> tailored to all skin types on our site.<\/p>\n<h2>Why hydrate your skin after shaving?<\/h2>\n<p>While using a shaving product helps limit skin irritations, the after-shave fluid ensures the perfect <strong>hydration of the epidermis<\/strong>, which has been put to the test by the action of shaving. A properly moisturized skin is more comfortable, supple, and protected from the signs of skin aging.<\/p>\n<p>Our products, made with raw materials derived from Organic Farming, draw their strength from nature. With its fluid, non-sticky texture, this favorite moisturizing treatment is suitable for all skin types, even the most sensitive.<\/p>\n","protected":false},"excerpt":{"rendered":"<p><img loading=\"lazy\" decoding=\"async\" class=\"alignnone size-full wp-image-4921\" src=\"https:\/\/phytstore.com\/wp-content\/uploads\/2020\/03\/Bio-100-Vegan-4.png\" alt=\"\" width=\"274\" height=\"53\" \/><\/p>\n<p>Moisturizing &amp; Soothing &#8211; Men<\/p>\n<p><strong>Skin type :<\/strong> All skin types<br \/>\n<strong>Expectations :<\/strong> Hydrates, soothes, refreshes, protects<br \/>\n<strong>Presentation :<\/strong> 75 g tube<\/p>\n","protected":false},"featured_media":8665,"comment_status":"closed","ping_status":"closed","template":"","meta":{"_acf_changed":false,"inline_featured_image":false},"product_brand":[],"product_cat":[239,243,246,85,231],"product_tag":[],"class_list":{"0":"post-2780","1":"product","2":"type-product","3":"status-publish","4":"has-post-thumbnail","6":"product_cat-sensitivity-redness","7":"product_cat-after-shave","8":"product_cat-day-creams","9":"product_cat-phyts-men-en","10":"product_cat-dehydration-en","12":"first","13":"instock","14":"taxable","15":"shipping-taxable","16":"purchasable","17":"product-type-simple"},"acf":[],"yoast_head":"<!-- This site is optimized with the Yoast SEO plugin v27.4 - https:\/\/yoast.com\/product\/yoast-seo-wordpress\/ -->\n<title>Organic After-Shave Hydrating Fluid for Men | PHYT\u2019S<\/title>\n<meta name=\"description\" content=\"Discover our Vegan and Organic after-shave for men made with recognized and 100%-natural active ingredients. It hydrates, refreshes and soothes male skin.\" \/>\n<meta name=\"robots\" content=\"index, follow, max-snippet:-1, max-image-preview:large, max-video-preview:-1\" \/>\n<link rel=\"canonical\" href=\"https:\/\/phytstore.com\/en\/product\/after-shave-hydrating-fluid\/\" \/>\n<meta property=\"og:locale\" content=\"en_US\" \/>\n<meta property=\"og:type\" content=\"article\" \/>\n<meta property=\"og:title\" content=\"Organic After-Shave Hydrating Fluid for Men | PHYT\u2019S\" \/>\n<meta property=\"og:description\" content=\"Discover our Vegan and Organic after-shave for men made with recognized and 100%-natural active ingredients. It hydrates, refreshes and soothes male skin.\" \/>\n<meta property=\"og:url\" content=\"https:\/\/phytstore.com\/en\/product\/after-shave-hydrating-fluid\/\" \/>\n<meta property=\"og:site_name\" content=\"PHYT&#039;S\" \/>\n<meta property=\"article:publisher\" content=\"https:\/\/www.facebook.com\/CJMBCosmetiques\/?ref=aymt_homepage_panel\" \/>\n<meta property=\"article:modified_time\" content=\"2023-02-21T15:37:33+00:00\" \/>\n<meta property=\"og:image\" content=\"https:\/\/phytstore.com\/wp-content\/uploads\/2020\/03\/fluide-hydra-a-r-1.jpg\" \/>\n\t<meta property=\"og:image:width\" content=\"534\" \/>\n\t<meta property=\"og:image:height\" content=\"534\" \/>\n\t<meta property=\"og:image:type\" content=\"image\/jpeg\" \/>\n<meta name=\"twitter:card\" content=\"summary_large_image\" \/>\n<meta name=\"twitter:label1\" content=\"Est. reading time\" \/>\n\t<meta name=\"twitter:data1\" content=\"2 minutes\" \/>\n<script type=\"application\/ld+json\" class=\"yoast-schema-graph\">{\"@context\":\"https:\\\/\\\/schema.org\",\"@graph\":[{\"@type\":\"WebPage\",\"@id\":\"https:\\\/\\\/phytstore.com\\\/en\\\/product\\\/after-shave-hydrating-fluid\\\/\",\"url\":\"https:\\\/\\\/phytstore.com\\\/en\\\/product\\\/after-shave-hydrating-fluid\\\/\",\"name\":\"Organic After-Shave Hydrating Fluid for Men | PHYT\u2019S\",\"isPartOf\":{\"@id\":\"https:\\\/\\\/phytstore.com\\\/en\\\/#website\"},\"primaryImageOfPage\":{\"@id\":\"https:\\\/\\\/phytstore.com\\\/en\\\/product\\\/after-shave-hydrating-fluid\\\/#primaryimage\"},\"image\":{\"@id\":\"https:\\\/\\\/phytstore.com\\\/en\\\/product\\\/after-shave-hydrating-fluid\\\/#primaryimage\"},\"thumbnailUrl\":\"https:\\\/\\\/phytstore.com\\\/wp-content\\\/uploads\\\/2020\\\/03\\\/fluide-hydra-a-r-1.jpg\",\"datePublished\":\"2020-03-28T23:56:27+00:00\",\"dateModified\":\"2023-02-21T15:37:33+00:00\",\"description\":\"Discover our Vegan and Organic after-shave for men made with recognized and 100%-natural active ingredients. It hydrates, refreshes and soothes male skin.\",\"breadcrumb\":{\"@id\":\"https:\\\/\\\/phytstore.com\\\/en\\\/product\\\/after-shave-hydrating-fluid\\\/#breadcrumb\"},\"inLanguage\":\"en-CA\",\"potentialAction\":[{\"@type\":\"ReadAction\",\"target\":[\"https:\\\/\\\/phytstore.com\\\/en\\\/product\\\/after-shave-hydrating-fluid\\\/\"]}]},{\"@type\":\"ImageObject\",\"inLanguage\":\"en-CA\",\"@id\":\"https:\\\/\\\/phytstore.com\\\/en\\\/product\\\/after-shave-hydrating-fluid\\\/#primaryimage\",\"url\":\"https:\\\/\\\/phytstore.com\\\/wp-content\\\/uploads\\\/2020\\\/03\\\/fluide-hydra-a-r-1.jpg\",\"contentUrl\":\"https:\\\/\\\/phytstore.com\\\/wp-content\\\/uploads\\\/2020\\\/03\\\/fluide-hydra-a-r-1.jpg\",\"width\":534,\"height\":534},{\"@type\":\"BreadcrumbList\",\"@id\":\"https:\\\/\\\/phytstore.com\\\/en\\\/product\\\/after-shave-hydrating-fluid\\\/#breadcrumb\",\"itemListElement\":[{\"@type\":\"ListItem\",\"position\":1,\"name\":\"Home\",\"item\":\"https:\\\/\\\/phytstore.com\\\/en\\\/\"},{\"@type\":\"ListItem\",\"position\":2,\"name\":\"Shop\",\"item\":\"https:\\\/\\\/phytstore.com\\\/en\\\/shop\\\/\"},{\"@type\":\"ListItem\",\"position\":3,\"name\":\"Face\",\"item\":\"https:\\\/\\\/phytstore.com\\\/en\\\/organic-skin-care\\\/\"},{\"@type\":\"ListItem\",\"position\":4,\"name\":\"Dehydration\",\"item\":\"https:\\\/\\\/phytstore.com\\\/en\\\/organic-skin-care\\\/dehydration\\\/\"},{\"@type\":\"ListItem\",\"position\":5,\"name\":\"After-Shave Hydrating Fluid\"}]},{\"@type\":\"WebSite\",\"@id\":\"https:\\\/\\\/phytstore.com\\\/en\\\/#website\",\"url\":\"https:\\\/\\\/phytstore.com\\\/en\\\/\",\"name\":\"PHYT&#039;S\",\"description\":\"Fabricant et distributeur de soins certifi\u00e9s bio pour instituts de beaut\u00e9, spa et esth\u00e9ticiennes\",\"publisher\":{\"@id\":\"https:\\\/\\\/phytstore.com\\\/en\\\/#organization\"},\"potentialAction\":[{\"@type\":\"SearchAction\",\"target\":{\"@type\":\"EntryPoint\",\"urlTemplate\":\"https:\\\/\\\/phytstore.com\\\/en\\\/?s={search_term_string}\"},\"query-input\":{\"@type\":\"PropertyValueSpecification\",\"valueRequired\":true,\"valueName\":\"search_term_string\"}}],\"inLanguage\":\"en-CA\"},{\"@type\":\"Organization\",\"@id\":\"https:\\\/\\\/phytstore.com\\\/en\\\/#organization\",\"name\":\"Phyt's\",\"url\":\"https:\\\/\\\/phytstore.com\\\/en\\\/\",\"logo\":{\"@type\":\"ImageObject\",\"inLanguage\":\"en-CA\",\"@id\":\"https:\\\/\\\/phytstore.com\\\/en\\\/#\\\/schema\\\/logo\\\/image\\\/\",\"url\":\"https:\\\/\\\/phytstore.com\\\/wp-content\\\/uploads\\\/2020\\\/03\\\/logo-phyts-e1585168986207.png\",\"contentUrl\":\"https:\\\/\\\/phytstore.com\\\/wp-content\\\/uploads\\\/2020\\\/03\\\/logo-phyts-e1585168986207.png\",\"width\":200,\"height\":72,\"caption\":\"Phyt's\"},\"image\":{\"@id\":\"https:\\\/\\\/phytstore.com\\\/en\\\/#\\\/schema\\\/logo\\\/image\\\/\"},\"sameAs\":[\"https:\\\/\\\/www.facebook.com\\\/CJMBCosmetiques\\\/?ref=aymt_homepage_panel\",\"https:\\\/\\\/www.instagram.com\\\/phyts_canada\\\/\",\"https:\\\/\\\/www.linkedin.com\\\/company\\\/3337211\\\/admin\\\/\",\"https:\\\/\\\/www.youtube.com\\\/channel\\\/UCEkP009p4XTU5lXjLkaKptA\"]}]}<\/script>\n<!-- \/ Yoast SEO plugin. -->","yoast_head_json":{"title":"Organic After-Shave Hydrating Fluid for Men | PHYT\u2019S","description":"Discover our Vegan and Organic after-shave for men made with recognized and 100%-natural active ingredients. It hydrates, refreshes and soothes male skin.","robots":{"index":"index","follow":"follow","max-snippet":"max-snippet:-1","max-image-preview":"max-image-preview:large","max-video-preview":"max-video-preview:-1"},"canonical":"https:\/\/phytstore.com\/en\/product\/after-shave-hydrating-fluid\/","og_locale":"en_US","og_type":"article","og_title":"Organic After-Shave Hydrating Fluid for Men | PHYT\u2019S","og_description":"Discover our Vegan and Organic after-shave for men made with recognized and 100%-natural active ingredients. It hydrates, refreshes and soothes male skin.","og_url":"https:\/\/phytstore.com\/en\/product\/after-shave-hydrating-fluid\/","og_site_name":"PHYT&#039;S","article_publisher":"https:\/\/www.facebook.com\/CJMBCosmetiques\/?ref=aymt_homepage_panel","article_modified_time":"2023-02-21T15:37:33+00:00","og_image":[{"width":534,"height":534,"url":"https:\/\/phytstore.com\/wp-content\/uploads\/2020\/03\/fluide-hydra-a-r-1.jpg","type":"image\/jpeg"}],"twitter_card":"summary_large_image","twitter_misc":{"Est. reading time":"2 minutes"},"schema":{"@context":"https:\/\/schema.org","@graph":[{"@type":"WebPage","@id":"https:\/\/phytstore.com\/en\/product\/after-shave-hydrating-fluid\/","url":"https:\/\/phytstore.com\/en\/product\/after-shave-hydrating-fluid\/","name":"Organic After-Shave Hydrating Fluid for Men | PHYT\u2019S","isPartOf":{"@id":"https:\/\/phytstore.com\/en\/#website"},"primaryImageOfPage":{"@id":"https:\/\/phytstore.com\/en\/product\/after-shave-hydrating-fluid\/#primaryimage"},"image":{"@id":"https:\/\/phytstore.com\/en\/product\/after-shave-hydrating-fluid\/#primaryimage"},"thumbnailUrl":"https:\/\/phytstore.com\/wp-content\/uploads\/2020\/03\/fluide-hydra-a-r-1.jpg","datePublished":"2020-03-28T23:56:27+00:00","dateModified":"2023-02-21T15:37:33+00:00","description":"Discover our Vegan and Organic after-shave for men made with recognized and 100%-natural active ingredients. It hydrates, refreshes and soothes male skin.","breadcrumb":{"@id":"https:\/\/phytstore.com\/en\/product\/after-shave-hydrating-fluid\/#breadcrumb"},"inLanguage":"en-CA","potentialAction":[{"@type":"ReadAction","target":["https:\/\/phytstore.com\/en\/product\/after-shave-hydrating-fluid\/"]}]},{"@type":"ImageObject","inLanguage":"en-CA","@id":"https:\/\/phytstore.com\/en\/product\/after-shave-hydrating-fluid\/#primaryimage","url":"https:\/\/phytstore.com\/wp-content\/uploads\/2020\/03\/fluide-hydra-a-r-1.jpg","contentUrl":"https:\/\/phytstore.com\/wp-content\/uploads\/2020\/03\/fluide-hydra-a-r-1.jpg","width":534,"height":534},{"@type":"BreadcrumbList","@id":"https:\/\/phytstore.com\/en\/product\/after-shave-hydrating-fluid\/#breadcrumb","itemListElement":[{"@type":"ListItem","position":1,"name":"Home","item":"https:\/\/phytstore.com\/en\/"},{"@type":"ListItem","position":2,"name":"Shop","item":"https:\/\/phytstore.com\/en\/shop\/"},{"@type":"ListItem","position":3,"name":"Face","item":"https:\/\/phytstore.com\/en\/organic-skin-care\/"},{"@type":"ListItem","position":4,"name":"Dehydration","item":"https:\/\/phytstore.com\/en\/organic-skin-care\/dehydration\/"},{"@type":"ListItem","position":5,"name":"After-Shave Hydrating Fluid"}]},{"@type":"WebSite","@id":"https:\/\/phytstore.com\/en\/#website","url":"https:\/\/phytstore.com\/en\/","name":"PHYT&#039;S","description":"Fabricant et distributeur de soins certifi\u00e9s bio pour instituts de beaut\u00e9, spa et esth\u00e9ticiennes","publisher":{"@id":"https:\/\/phytstore.com\/en\/#organization"},"potentialAction":[{"@type":"SearchAction","target":{"@type":"EntryPoint","urlTemplate":"https:\/\/phytstore.com\/en\/?s={search_term_string}"},"query-input":{"@type":"PropertyValueSpecification","valueRequired":true,"valueName":"search_term_string"}}],"inLanguage":"en-CA"},{"@type":"Organization","@id":"https:\/\/phytstore.com\/en\/#organization","name":"Phyt's","url":"https:\/\/phytstore.com\/en\/","logo":{"@type":"ImageObject","inLanguage":"en-CA","@id":"https:\/\/phytstore.com\/en\/#\/schema\/logo\/image\/","url":"https:\/\/phytstore.com\/wp-content\/uploads\/2020\/03\/logo-phyts-e1585168986207.png","contentUrl":"https:\/\/phytstore.com\/wp-content\/uploads\/2020\/03\/logo-phyts-e1585168986207.png","width":200,"height":72,"caption":"Phyt's"},"image":{"@id":"https:\/\/phytstore.com\/en\/#\/schema\/logo\/image\/"},"sameAs":["https:\/\/www.facebook.com\/CJMBCosmetiques\/?ref=aymt_homepage_panel","https:\/\/www.instagram.com\/phyts_canada\/","https:\/\/www.linkedin.com\/company\/3337211\/admin\/","https:\/\/www.youtube.com\/channel\/UCEkP009p4XTU5lXjLkaKptA"]}]}},"jetpack_sharing_enabled":true,"_links":{"self":[{"href":"https:\/\/phytstore.com\/en\/wp-json\/wp\/v2\/product\/2780","targetHints":{"allow":["GET"]}}],"collection":[{"href":"https:\/\/phytstore.com\/en\/wp-json\/wp\/v2\/product"}],"about":[{"href":"https:\/\/phytstore.com\/en\/wp-json\/wp\/v2\/types\/product"}],"replies":[{"embeddable":true,"href":"https:\/\/phytstore.com\/en\/wp-json\/wp\/v2\/comments?post=2780"}],"wp:featuredmedia":[{"embeddable":true,"href":"https:\/\/phytstore.com\/en\/wp-json\/wp\/v2\/media\/8665"}],"wp:attachment":[{"href":"https:\/\/phytstore.com\/en\/wp-json\/wp\/v2\/media?parent=2780"}],"wp:term":[{"taxonomy":"product_brand","embeddable":true,"href":"https:\/\/phytstore.com\/en\/wp-json\/wp\/v2\/product_brand?post=2780"},{"taxonomy":"product_cat","embeddable":true,"href":"https:\/\/phytstore.com\/en\/wp-json\/wp\/v2\/product_cat?post=2780"},{"taxonomy":"product_tag","embeddable":true,"href":"https:\/\/phytstore.com\/en\/wp-json\/wp\/v2\/product_tag?post=2780"}],"curies":[{"name":"wp","href":"https:\/\/api.w.org\/{rel}","templated":true}]}}