{"id":2779,"date":"2020-03-28T19:56:27","date_gmt":"2020-03-28T19:56:27","guid":{"rendered":"https:\/\/phytstore.com\/produit\/soin-matifiant-2\/"},"modified":"2023-02-21T14:38:02","modified_gmt":"2023-02-21T18:38:02","slug":"soin-matifiant-2","status":"publish","type":"product","link":"https:\/\/phytstore.com\/en\/product\/men-mattifying-care\/","title":{"rendered":"Men Mattifying Care"},"content":{"rendered":"<p>Ultra-light and non-greasy, this <strong>Organic cream for men<\/strong> mattifies the skin. It reduces the shiny appearance and smoothes the skin texture by preserving hydration. Rich in essential oils of Tea Tree, Palmarosa, and Thyme, its formula is astringent and mattifying. It therefore gives the skin a healthy appearance. This cream is ideal for combination skin with an oily tendency. The mattified skin is soft and supple.<\/p>\n<h2>Active ingredients :<\/h2>\n<p>Ginseng*, Lemon*, Cypress*, Rosemary*, Tea Tree*, Lavender*, Thyme* Clove*, Marjoram*, Palmarosa*, Cinnamon*, Hazelnut*<\/p>\n<p><em>* ingredients derived from Organic Agriculture<\/em><\/p>\n<h2>What is a mattifying care?<\/h2>\n<p>An Organic face cream for men with mattifying properties reveals the radiance and beauty of combination to oily skin. It regulates<strong> excess sebum<\/strong>, while providing the sufficient hydration that this skin type needs.<\/p>\n<p>Created specifically to meet the needs of male skin, this treatment has an effective formula. It is based on the <strong>recognized virtues of powerful natural active ingredients<\/strong> such as toning Ginseng or purifying Tea Tree essential oil.<\/p>\n<h2>How to apply a mattifying moisturizer?<\/h2>\n<p>In the morning and evening, after cleansing with the\u00a0<a href=\"https:\/\/phytstore.com\/en\/product\/cleansing-gel\/\">Cleansing Gel<\/a>, apply your moisturizing and mattifying Organic cream for men over your entire face and neck.<\/p>\n<p><em>Tips <\/em>: For better penetration and effectiveness, <strong>exfoliate your skin once or twice a week<\/strong> using the\u00a0<a href=\"https:\/\/phytstore.com\/en\/product\/exfoliating-cleansing-gel\/\">Exfoliating Cleansing Gel<\/a>. In addition, in the evening, to <strong>control the appearance of sebum<\/strong>, use the\u00a0<a href=\"https:\/\/phytstore.com\/en\/product\/aromaclear-serum\/\">Aromaclear Serum<\/a>. This is an ideal beauty routine for soft and smooth skin.<\/p>\n<p>For a more complete routine and a hydrated skin, alternate your face cream with our\u00a0<a href=\"https:\/\/phytstore.com\/en\/produit\/anti-wrinkle-care-for-men\/\">moisturizing anti-wrinkle cream<\/a>, which is a <strong>suitable anti-aging product for all skin types<\/strong>, even the most sensitive. Complete then with an eye contour.<\/p>\n<p>You can also find all the products from our\u00a0<a href=\"https:\/\/phytstore.com\/en\/phyts-men\/\">line of Organic cosmetics for men<\/a> on our site. Intense hydration for dry skin, shaving care, Organic face care for men formulated for oily skin\u2026 There is a <strong>natural men\u2019s face treatment for every need<\/strong>.<\/p>\n","protected":false},"excerpt":{"rendered":"<p><img loading=\"lazy\" decoding=\"async\" class=\"alignnone size-full wp-image-4921\" src=\"https:\/\/phytstore.com\/wp-content\/uploads\/2020\/03\/Bio-100-Vegan-4.png\" alt=\"\" width=\"274\" height=\"53\" \/><\/p>\n<p>Mattifying, balance &amp; protective cream &#8211; Men<\/p>\n<p><strong>Skin type :<\/strong> Combination to oily skin<br \/>\n<strong>Expectations : <\/strong>Reduces shiny appearance, tightens pores, controls, protects<br \/>\n<strong>Presentation :<\/strong> 40 g tube<\/p>\n","protected":false},"featured_media":4021,"comment_status":"closed","ping_status":"closed","template":"","meta":{"_acf_changed":false,"inline_featured_image":false},"product_brand":[],"product_cat":[85,234,246],"product_tag":[],"class_list":{"0":"post-2779","1":"product","2":"type-product","3":"status-publish","4":"has-post-thumbnail","6":"product_cat-phyts-men-en","7":"product_cat-oily-skin-dilated-pores","8":"product_cat-day-creams","10":"first","11":"instock","12":"taxable","13":"shipping-taxable","14":"purchasable","15":"product-type-simple"},"acf":[],"yoast_head":"<!-- This site is optimized with the Yoast SEO plugin v27.4 - https:\/\/yoast.com\/product\/yoast-seo-wordpress\/ -->\n<title>Organic Men\u2019s Mattifying Face Cream | PHYT\u2019S<\/title>\n<meta name=\"description\" content=\"Discover our mattifying face cream, suitable for combination to oily skin. This Organic, Vegan, and 100%-natural treatment reveals the beauty of male skin.\" \/>\n<meta name=\"robots\" content=\"index, follow, max-snippet:-1, max-image-preview:large, max-video-preview:-1\" \/>\n<link rel=\"canonical\" href=\"https:\/\/phytstore.com\/en\/product\/men-mattifying-care\/\" \/>\n<meta property=\"og:locale\" content=\"en_US\" \/>\n<meta property=\"og:type\" content=\"article\" \/>\n<meta property=\"og:title\" content=\"Organic Men\u2019s Mattifying Face Cream | PHYT\u2019S\" \/>\n<meta property=\"og:description\" content=\"Discover our mattifying face cream, suitable for combination to oily skin. This Organic, Vegan, and 100%-natural treatment reveals the beauty of male skin.\" \/>\n<meta property=\"og:url\" content=\"https:\/\/phytstore.com\/en\/product\/men-mattifying-care\/\" \/>\n<meta property=\"og:site_name\" content=\"PHYT&#039;S\" \/>\n<meta property=\"article:publisher\" content=\"https:\/\/www.facebook.com\/CJMBCosmetiques\/?ref=aymt_homepage_panel\" \/>\n<meta property=\"article:modified_time\" content=\"2023-02-21T18:38:02+00:00\" \/>\n<meta property=\"og:image\" content=\"https:\/\/phytstore.com\/wp-content\/uploads\/2020\/03\/soin-matifiant-ca-600x600-1.jpg\" \/>\n\t<meta property=\"og:image:width\" content=\"600\" \/>\n\t<meta property=\"og:image:height\" content=\"600\" \/>\n\t<meta property=\"og:image:type\" content=\"image\/jpeg\" \/>\n<meta name=\"twitter:card\" content=\"summary_large_image\" \/>\n<meta name=\"twitter:label1\" content=\"Est. reading time\" \/>\n\t<meta name=\"twitter:data1\" content=\"2 minutes\" \/>\n<script type=\"application\/ld+json\" class=\"yoast-schema-graph\">{\"@context\":\"https:\\\/\\\/schema.org\",\"@graph\":[{\"@type\":\"WebPage\",\"@id\":\"https:\\\/\\\/phytstore.com\\\/en\\\/product\\\/men-mattifying-care\\\/\",\"url\":\"https:\\\/\\\/phytstore.com\\\/en\\\/product\\\/men-mattifying-care\\\/\",\"name\":\"Organic Men\u2019s Mattifying Face Cream | PHYT\u2019S\",\"isPartOf\":{\"@id\":\"https:\\\/\\\/phytstore.com\\\/en\\\/#website\"},\"primaryImageOfPage\":{\"@id\":\"https:\\\/\\\/phytstore.com\\\/en\\\/product\\\/men-mattifying-care\\\/#primaryimage\"},\"image\":{\"@id\":\"https:\\\/\\\/phytstore.com\\\/en\\\/product\\\/men-mattifying-care\\\/#primaryimage\"},\"thumbnailUrl\":\"https:\\\/\\\/phytstore.com\\\/wp-content\\\/uploads\\\/2020\\\/03\\\/soin-matifiant-ca-600x600-1.jpg\",\"datePublished\":\"2020-03-28T19:56:27+00:00\",\"dateModified\":\"2023-02-21T18:38:02+00:00\",\"description\":\"Discover our mattifying face cream, suitable for combination to oily skin. This Organic, Vegan, and 100%-natural treatment reveals the beauty of male skin.\",\"breadcrumb\":{\"@id\":\"https:\\\/\\\/phytstore.com\\\/en\\\/product\\\/men-mattifying-care\\\/#breadcrumb\"},\"inLanguage\":\"en-CA\",\"potentialAction\":[{\"@type\":\"ReadAction\",\"target\":[\"https:\\\/\\\/phytstore.com\\\/en\\\/product\\\/men-mattifying-care\\\/\"]}]},{\"@type\":\"ImageObject\",\"inLanguage\":\"en-CA\",\"@id\":\"https:\\\/\\\/phytstore.com\\\/en\\\/product\\\/men-mattifying-care\\\/#primaryimage\",\"url\":\"https:\\\/\\\/phytstore.com\\\/wp-content\\\/uploads\\\/2020\\\/03\\\/soin-matifiant-ca-600x600-1.jpg\",\"contentUrl\":\"https:\\\/\\\/phytstore.com\\\/wp-content\\\/uploads\\\/2020\\\/03\\\/soin-matifiant-ca-600x600-1.jpg\",\"width\":600,\"height\":600,\"caption\":\"Soin matifiant\"},{\"@type\":\"BreadcrumbList\",\"@id\":\"https:\\\/\\\/phytstore.com\\\/en\\\/product\\\/men-mattifying-care\\\/#breadcrumb\",\"itemListElement\":[{\"@type\":\"ListItem\",\"position\":1,\"name\":\"Home\",\"item\":\"https:\\\/\\\/phytstore.com\\\/en\\\/\"},{\"@type\":\"ListItem\",\"position\":2,\"name\":\"Shop\",\"item\":\"https:\\\/\\\/phytstore.com\\\/en\\\/shop\\\/\"},{\"@type\":\"ListItem\",\"position\":3,\"name\":\"Face\",\"item\":\"https:\\\/\\\/phytstore.com\\\/en\\\/organic-skin-care\\\/\"},{\"@type\":\"ListItem\",\"position\":4,\"name\":\"Oily skin &amp; Dilated pores\",\"item\":\"https:\\\/\\\/phytstore.com\\\/en\\\/organic-skin-care\\\/oily-skin-dilated-pores\\\/\"},{\"@type\":\"ListItem\",\"position\":5,\"name\":\"Men Mattifying Care\"}]},{\"@type\":\"WebSite\",\"@id\":\"https:\\\/\\\/phytstore.com\\\/en\\\/#website\",\"url\":\"https:\\\/\\\/phytstore.com\\\/en\\\/\",\"name\":\"PHYT&#039;S\",\"description\":\"Fabricant et distributeur de soins certifi\u00e9s bio pour instituts de beaut\u00e9, spa et esth\u00e9ticiennes\",\"publisher\":{\"@id\":\"https:\\\/\\\/phytstore.com\\\/en\\\/#organization\"},\"potentialAction\":[{\"@type\":\"SearchAction\",\"target\":{\"@type\":\"EntryPoint\",\"urlTemplate\":\"https:\\\/\\\/phytstore.com\\\/en\\\/?s={search_term_string}\"},\"query-input\":{\"@type\":\"PropertyValueSpecification\",\"valueRequired\":true,\"valueName\":\"search_term_string\"}}],\"inLanguage\":\"en-CA\"},{\"@type\":\"Organization\",\"@id\":\"https:\\\/\\\/phytstore.com\\\/en\\\/#organization\",\"name\":\"Phyt's\",\"url\":\"https:\\\/\\\/phytstore.com\\\/en\\\/\",\"logo\":{\"@type\":\"ImageObject\",\"inLanguage\":\"en-CA\",\"@id\":\"https:\\\/\\\/phytstore.com\\\/en\\\/#\\\/schema\\\/logo\\\/image\\\/\",\"url\":\"https:\\\/\\\/phytstore.com\\\/wp-content\\\/uploads\\\/2020\\\/03\\\/logo-phyts-e1585168986207.png\",\"contentUrl\":\"https:\\\/\\\/phytstore.com\\\/wp-content\\\/uploads\\\/2020\\\/03\\\/logo-phyts-e1585168986207.png\",\"width\":200,\"height\":72,\"caption\":\"Phyt's\"},\"image\":{\"@id\":\"https:\\\/\\\/phytstore.com\\\/en\\\/#\\\/schema\\\/logo\\\/image\\\/\"},\"sameAs\":[\"https:\\\/\\\/www.facebook.com\\\/CJMBCosmetiques\\\/?ref=aymt_homepage_panel\",\"https:\\\/\\\/www.instagram.com\\\/phyts_canada\\\/\",\"https:\\\/\\\/www.linkedin.com\\\/company\\\/3337211\\\/admin\\\/\",\"https:\\\/\\\/www.youtube.com\\\/channel\\\/UCEkP009p4XTU5lXjLkaKptA\"]}]}<\/script>\n<!-- \/ Yoast SEO plugin. -->","yoast_head_json":{"title":"Organic Men\u2019s Mattifying Face Cream | PHYT\u2019S","description":"Discover our mattifying face cream, suitable for combination to oily skin. This Organic, Vegan, and 100%-natural treatment reveals the beauty of male skin.","robots":{"index":"index","follow":"follow","max-snippet":"max-snippet:-1","max-image-preview":"max-image-preview:large","max-video-preview":"max-video-preview:-1"},"canonical":"https:\/\/phytstore.com\/en\/product\/men-mattifying-care\/","og_locale":"en_US","og_type":"article","og_title":"Organic Men\u2019s Mattifying Face Cream | PHYT\u2019S","og_description":"Discover our mattifying face cream, suitable for combination to oily skin. This Organic, Vegan, and 100%-natural treatment reveals the beauty of male skin.","og_url":"https:\/\/phytstore.com\/en\/product\/men-mattifying-care\/","og_site_name":"PHYT&#039;S","article_publisher":"https:\/\/www.facebook.com\/CJMBCosmetiques\/?ref=aymt_homepage_panel","article_modified_time":"2023-02-21T18:38:02+00:00","og_image":[{"width":600,"height":600,"url":"https:\/\/phytstore.com\/wp-content\/uploads\/2020\/03\/soin-matifiant-ca-600x600-1.jpg","type":"image\/jpeg"}],"twitter_card":"summary_large_image","twitter_misc":{"Est. reading time":"2 minutes"},"schema":{"@context":"https:\/\/schema.org","@graph":[{"@type":"WebPage","@id":"https:\/\/phytstore.com\/en\/product\/men-mattifying-care\/","url":"https:\/\/phytstore.com\/en\/product\/men-mattifying-care\/","name":"Organic Men\u2019s Mattifying Face Cream | PHYT\u2019S","isPartOf":{"@id":"https:\/\/phytstore.com\/en\/#website"},"primaryImageOfPage":{"@id":"https:\/\/phytstore.com\/en\/product\/men-mattifying-care\/#primaryimage"},"image":{"@id":"https:\/\/phytstore.com\/en\/product\/men-mattifying-care\/#primaryimage"},"thumbnailUrl":"https:\/\/phytstore.com\/wp-content\/uploads\/2020\/03\/soin-matifiant-ca-600x600-1.jpg","datePublished":"2020-03-28T19:56:27+00:00","dateModified":"2023-02-21T18:38:02+00:00","description":"Discover our mattifying face cream, suitable for combination to oily skin. This Organic, Vegan, and 100%-natural treatment reveals the beauty of male skin.","breadcrumb":{"@id":"https:\/\/phytstore.com\/en\/product\/men-mattifying-care\/#breadcrumb"},"inLanguage":"en-CA","potentialAction":[{"@type":"ReadAction","target":["https:\/\/phytstore.com\/en\/product\/men-mattifying-care\/"]}]},{"@type":"ImageObject","inLanguage":"en-CA","@id":"https:\/\/phytstore.com\/en\/product\/men-mattifying-care\/#primaryimage","url":"https:\/\/phytstore.com\/wp-content\/uploads\/2020\/03\/soin-matifiant-ca-600x600-1.jpg","contentUrl":"https:\/\/phytstore.com\/wp-content\/uploads\/2020\/03\/soin-matifiant-ca-600x600-1.jpg","width":600,"height":600,"caption":"Soin matifiant"},{"@type":"BreadcrumbList","@id":"https:\/\/phytstore.com\/en\/product\/men-mattifying-care\/#breadcrumb","itemListElement":[{"@type":"ListItem","position":1,"name":"Home","item":"https:\/\/phytstore.com\/en\/"},{"@type":"ListItem","position":2,"name":"Shop","item":"https:\/\/phytstore.com\/en\/shop\/"},{"@type":"ListItem","position":3,"name":"Face","item":"https:\/\/phytstore.com\/en\/organic-skin-care\/"},{"@type":"ListItem","position":4,"name":"Oily skin &amp; Dilated pores","item":"https:\/\/phytstore.com\/en\/organic-skin-care\/oily-skin-dilated-pores\/"},{"@type":"ListItem","position":5,"name":"Men Mattifying Care"}]},{"@type":"WebSite","@id":"https:\/\/phytstore.com\/en\/#website","url":"https:\/\/phytstore.com\/en\/","name":"PHYT&#039;S","description":"Fabricant et distributeur de soins certifi\u00e9s bio pour instituts de beaut\u00e9, spa et esth\u00e9ticiennes","publisher":{"@id":"https:\/\/phytstore.com\/en\/#organization"},"potentialAction":[{"@type":"SearchAction","target":{"@type":"EntryPoint","urlTemplate":"https:\/\/phytstore.com\/en\/?s={search_term_string}"},"query-input":{"@type":"PropertyValueSpecification","valueRequired":true,"valueName":"search_term_string"}}],"inLanguage":"en-CA"},{"@type":"Organization","@id":"https:\/\/phytstore.com\/en\/#organization","name":"Phyt's","url":"https:\/\/phytstore.com\/en\/","logo":{"@type":"ImageObject","inLanguage":"en-CA","@id":"https:\/\/phytstore.com\/en\/#\/schema\/logo\/image\/","url":"https:\/\/phytstore.com\/wp-content\/uploads\/2020\/03\/logo-phyts-e1585168986207.png","contentUrl":"https:\/\/phytstore.com\/wp-content\/uploads\/2020\/03\/logo-phyts-e1585168986207.png","width":200,"height":72,"caption":"Phyt's"},"image":{"@id":"https:\/\/phytstore.com\/en\/#\/schema\/logo\/image\/"},"sameAs":["https:\/\/www.facebook.com\/CJMBCosmetiques\/?ref=aymt_homepage_panel","https:\/\/www.instagram.com\/phyts_canada\/","https:\/\/www.linkedin.com\/company\/3337211\/admin\/","https:\/\/www.youtube.com\/channel\/UCEkP009p4XTU5lXjLkaKptA"]}]}},"jetpack_sharing_enabled":true,"_links":{"self":[{"href":"https:\/\/phytstore.com\/en\/wp-json\/wp\/v2\/product\/2779","targetHints":{"allow":["GET"]}}],"collection":[{"href":"https:\/\/phytstore.com\/en\/wp-json\/wp\/v2\/product"}],"about":[{"href":"https:\/\/phytstore.com\/en\/wp-json\/wp\/v2\/types\/product"}],"replies":[{"embeddable":true,"href":"https:\/\/phytstore.com\/en\/wp-json\/wp\/v2\/comments?post=2779"}],"wp:featuredmedia":[{"embeddable":true,"href":"https:\/\/phytstore.com\/en\/wp-json\/wp\/v2\/media\/4021"}],"wp:attachment":[{"href":"https:\/\/phytstore.com\/en\/wp-json\/wp\/v2\/media?parent=2779"}],"wp:term":[{"taxonomy":"product_brand","embeddable":true,"href":"https:\/\/phytstore.com\/en\/wp-json\/wp\/v2\/product_brand?post=2779"},{"taxonomy":"product_cat","embeddable":true,"href":"https:\/\/phytstore.com\/en\/wp-json\/wp\/v2\/product_cat?post=2779"},{"taxonomy":"product_tag","embeddable":true,"href":"https:\/\/phytstore.com\/en\/wp-json\/wp\/v2\/product_tag?post=2779"}],"curies":[{"name":"wp","href":"https:\/\/api.w.org\/{rel}","templated":true}]}}