{"id":2777,"date":"2020-03-28T19:56:27","date_gmt":"2020-03-28T23:56:27","guid":{"rendered":"https:\/\/phytstore.com\/produit\/eau-parfumee-apres-rasage\/"},"modified":"2023-03-02T15:24:31","modified_gmt":"2023-03-02T19:24:31","slug":"eau-parfumee-apres-rasage","status":"publish","type":"product","link":"https:\/\/phytstore.com\/en\/produit\/perfumed-after-shave-mist\/","title":{"rendered":"Perfumed After-Shave Mist"},"content":{"rendered":"<p>A fresh burst of citrus dressed up in a fragrant thrill\u2026 This <strong>perfumed Organic after-shave mist<\/strong> offers you an immediate sensation of freshness and vitality. The skin is toned, refreshed, comforted and scented.<\/p>\n<h2>Active ingredients :<\/h2>\n<ul>\n<li><strong>Top notes :<\/strong> Orange*, Grapefruit*, Juniper*<\/li>\n<li><strong>Heart note :<\/strong> Lavender*<\/li>\n<li><strong>Bottom notes :<\/strong> Patchouli*, Sandalwood, Fir*<\/li>\n<\/ul>\n<h2>How do I use my perfumed after-shave mist?<\/h2>\n<p>After shaving with the\u00a0<a href=\"https:\/\/phytstore.com\/en\/product\/shaving-cream\/\">Shaving Cream<\/a>, spray the mist on your face and\/or body, and even your hair.<\/p>\n<p><em>Tip<\/em>: To make our perfumed Organic after-shave mist even more effective, apply the\u00a0<a href=\"https:\/\/phytstore.com\/en\/product\/after-shave-hydrating-fluid\/\">After-Shave Hydrating Fluid<\/a> to clean skin as well. Whatever your skin type, you can use our\u00a0<a href=\"https:\/\/phytstore.com\/en\/product\/exfoliating-cleansing-gel\/\">Exfoliating Cleansing Gel<\/a> once or twice a week to eliminate <strong>excess sebum<\/strong> and dead skin cells. A real treatment for soft and luminous skin, without irritation.<\/p>\n<p>You can also find all our treatments for men in our\u00a0<a href=\"https:\/\/phytstore.com\/en\/phyts-men\/\">line of Organic cosmetics for men<\/a>.<\/p>\n<h2>What is certified-Organic after-shave mist?<\/h2>\n<p>Among our Organic product line, our vegan <strong>perfumed after-shave<\/strong> mist is one of the products that are halfway between a treatment and a perfume. Specially <strong>designed for male skin<\/strong>, its natural ingredients respect even the most sensitive and irritated skin.<\/p>\n<p>This Organic after-shave mist is just like a soothing mist, it refreshes the skin and dresses it up with a delicate scented touch. The sensation of <strong>fresh skin<\/strong> provided accompanies you day and night, all with ingredients derived from <strong>Organic agriculture<\/strong>! This is a must to have among all your shaving products for a continuous protection.<\/p>\n","protected":false},"excerpt":{"rendered":"<p><img loading=\"lazy\" decoding=\"async\" class=\"alignnone size-full wp-image-4921\" src=\"https:\/\/phytstore.com\/wp-content\/uploads\/2020\/03\/Bio-100-Vegan-4.png\" alt=\"\" width=\"274\" height=\"53\" \/><\/p>\n<p>Toning &amp; refreshing &#8211; Citrus &amp; sandalwood<\/p>\n<p><strong>Skin type :<\/strong> Face, body &amp; hair<br \/>\n<strong>Expectations :<\/strong> Perfumes, tones, refreshes, comforts<br \/>\n<strong>Presentation :<\/strong> 100 ml spray-bottle<\/p>\n","protected":false},"featured_media":2367,"comment_status":"closed","ping_status":"closed","template":"","meta":{"_acf_changed":false,"inline_featured_image":false},"product_brand":[],"product_cat":[85,209,243],"product_tag":[],"class_list":{"0":"post-2777","1":"product","2":"type-product","3":"status-publish","4":"has-post-thumbnail","6":"product_cat-phyts-men-en","7":"product_cat-perfumed-mists","8":"product_cat-after-shave","10":"first","11":"instock","12":"taxable","13":"shipping-taxable","14":"purchasable","15":"product-type-simple"},"acf":[],"yoast_head":"<!-- This site is optimized with the Yoast SEO plugin v27.4 - https:\/\/yoast.com\/product\/yoast-seo-wordpress\/ -->\n<title>Natural and Organic Perfumed After-Shave Mist | PHYT\u2019S<\/title>\n<meta name=\"description\" content=\"Discover the 100%-natural, Vegan, and Organic after-shave mist from PHYT\u2019S Laboratories. Fresh, soft and toning, succumb to its perfumed notes.\" \/>\n<meta name=\"robots\" content=\"index, follow, max-snippet:-1, max-image-preview:large, max-video-preview:-1\" \/>\n<link rel=\"canonical\" href=\"https:\/\/phytstore.com\/en\/produit\/perfumed-after-shave-mist\/\" \/>\n<meta property=\"og:locale\" content=\"en_US\" \/>\n<meta property=\"og:type\" content=\"article\" \/>\n<meta property=\"og:title\" content=\"Natural and Organic Perfumed After-Shave Mist | PHYT\u2019S\" \/>\n<meta property=\"og:description\" content=\"Discover the 100%-natural, Vegan, and Organic after-shave mist from PHYT\u2019S Laboratories. Fresh, soft and toning, succumb to its perfumed notes.\" \/>\n<meta property=\"og:url\" content=\"https:\/\/phytstore.com\/en\/produit\/perfumed-after-shave-mist\/\" \/>\n<meta property=\"og:site_name\" content=\"PHYT&#039;S\" \/>\n<meta property=\"article:publisher\" content=\"https:\/\/www.facebook.com\/CJMBCosmetiques\/?ref=aymt_homepage_panel\" \/>\n<meta property=\"article:modified_time\" content=\"2023-03-02T19:24:31+00:00\" \/>\n<meta property=\"og:image\" content=\"https:\/\/phytstore.com\/wp-content\/uploads\/2020\/03\/eau-parfum\u00e9e.jpg\" \/>\n\t<meta property=\"og:image:width\" content=\"534\" \/>\n\t<meta property=\"og:image:height\" content=\"534\" \/>\n\t<meta property=\"og:image:type\" content=\"image\/jpeg\" \/>\n<meta name=\"twitter:card\" content=\"summary_large_image\" \/>\n<meta name=\"twitter:label1\" content=\"Est. reading time\" \/>\n\t<meta name=\"twitter:data1\" content=\"2 minutes\" \/>\n<script type=\"application\/ld+json\" class=\"yoast-schema-graph\">{\"@context\":\"https:\\\/\\\/schema.org\",\"@graph\":[{\"@type\":\"WebPage\",\"@id\":\"https:\\\/\\\/phytstore.com\\\/en\\\/produit\\\/perfumed-after-shave-mist\\\/\",\"url\":\"https:\\\/\\\/phytstore.com\\\/en\\\/produit\\\/perfumed-after-shave-mist\\\/\",\"name\":\"Natural and Organic Perfumed After-Shave Mist | PHYT\u2019S\",\"isPartOf\":{\"@id\":\"https:\\\/\\\/phytstore.com\\\/en\\\/#website\"},\"primaryImageOfPage\":{\"@id\":\"https:\\\/\\\/phytstore.com\\\/en\\\/produit\\\/perfumed-after-shave-mist\\\/#primaryimage\"},\"image\":{\"@id\":\"https:\\\/\\\/phytstore.com\\\/en\\\/produit\\\/perfumed-after-shave-mist\\\/#primaryimage\"},\"thumbnailUrl\":\"https:\\\/\\\/phytstore.com\\\/wp-content\\\/uploads\\\/2020\\\/03\\\/eau-parfum\u00e9e.jpg\",\"datePublished\":\"2020-03-28T23:56:27+00:00\",\"dateModified\":\"2023-03-02T19:24:31+00:00\",\"description\":\"Discover the 100%-natural, Vegan, and Organic after-shave mist from PHYT\u2019S Laboratories. Fresh, soft and toning, succumb to its perfumed notes.\",\"breadcrumb\":{\"@id\":\"https:\\\/\\\/phytstore.com\\\/en\\\/produit\\\/perfumed-after-shave-mist\\\/#breadcrumb\"},\"inLanguage\":\"en-CA\",\"potentialAction\":[{\"@type\":\"ReadAction\",\"target\":[\"https:\\\/\\\/phytstore.com\\\/en\\\/produit\\\/perfumed-after-shave-mist\\\/\"]}]},{\"@type\":\"ImageObject\",\"inLanguage\":\"en-CA\",\"@id\":\"https:\\\/\\\/phytstore.com\\\/en\\\/produit\\\/perfumed-after-shave-mist\\\/#primaryimage\",\"url\":\"https:\\\/\\\/phytstore.com\\\/wp-content\\\/uploads\\\/2020\\\/03\\\/eau-parfum\u00e9e.jpg\",\"contentUrl\":\"https:\\\/\\\/phytstore.com\\\/wp-content\\\/uploads\\\/2020\\\/03\\\/eau-parfum\u00e9e.jpg\",\"width\":534,\"height\":534,\"caption\":\"after shave mist\"},{\"@type\":\"BreadcrumbList\",\"@id\":\"https:\\\/\\\/phytstore.com\\\/en\\\/produit\\\/perfumed-after-shave-mist\\\/#breadcrumb\",\"itemListElement\":[{\"@type\":\"ListItem\",\"position\":1,\"name\":\"Home\",\"item\":\"https:\\\/\\\/phytstore.com\\\/en\\\/\"},{\"@type\":\"ListItem\",\"position\":2,\"name\":\"Shop\",\"item\":\"https:\\\/\\\/phytstore.com\\\/en\\\/shop\\\/\"},{\"@type\":\"ListItem\",\"position\":3,\"name\":\"Body\",\"item\":\"https:\\\/\\\/phytstore.com\\\/en\\\/organic-body-care\\\/\"},{\"@type\":\"ListItem\",\"position\":4,\"name\":\"Perfumed Mists\",\"item\":\"https:\\\/\\\/phytstore.com\\\/en\\\/organic-body-care\\\/perfumed-mists\\\/\"},{\"@type\":\"ListItem\",\"position\":5,\"name\":\"Perfumed After-Shave Mist\"}]},{\"@type\":\"WebSite\",\"@id\":\"https:\\\/\\\/phytstore.com\\\/en\\\/#website\",\"url\":\"https:\\\/\\\/phytstore.com\\\/en\\\/\",\"name\":\"PHYT&#039;S\",\"description\":\"Fabricant et distributeur de soins certifi\u00e9s bio pour instituts de beaut\u00e9, spa et esth\u00e9ticiennes\",\"publisher\":{\"@id\":\"https:\\\/\\\/phytstore.com\\\/en\\\/#organization\"},\"potentialAction\":[{\"@type\":\"SearchAction\",\"target\":{\"@type\":\"EntryPoint\",\"urlTemplate\":\"https:\\\/\\\/phytstore.com\\\/en\\\/?s={search_term_string}\"},\"query-input\":{\"@type\":\"PropertyValueSpecification\",\"valueRequired\":true,\"valueName\":\"search_term_string\"}}],\"inLanguage\":\"en-CA\"},{\"@type\":\"Organization\",\"@id\":\"https:\\\/\\\/phytstore.com\\\/en\\\/#organization\",\"name\":\"Phyt's\",\"url\":\"https:\\\/\\\/phytstore.com\\\/en\\\/\",\"logo\":{\"@type\":\"ImageObject\",\"inLanguage\":\"en-CA\",\"@id\":\"https:\\\/\\\/phytstore.com\\\/en\\\/#\\\/schema\\\/logo\\\/image\\\/\",\"url\":\"https:\\\/\\\/phytstore.com\\\/wp-content\\\/uploads\\\/2020\\\/03\\\/logo-phyts-e1585168986207.png\",\"contentUrl\":\"https:\\\/\\\/phytstore.com\\\/wp-content\\\/uploads\\\/2020\\\/03\\\/logo-phyts-e1585168986207.png\",\"width\":200,\"height\":72,\"caption\":\"Phyt's\"},\"image\":{\"@id\":\"https:\\\/\\\/phytstore.com\\\/en\\\/#\\\/schema\\\/logo\\\/image\\\/\"},\"sameAs\":[\"https:\\\/\\\/www.facebook.com\\\/CJMBCosmetiques\\\/?ref=aymt_homepage_panel\",\"https:\\\/\\\/www.instagram.com\\\/phyts_canada\\\/\",\"https:\\\/\\\/www.linkedin.com\\\/company\\\/3337211\\\/admin\\\/\",\"https:\\\/\\\/www.youtube.com\\\/channel\\\/UCEkP009p4XTU5lXjLkaKptA\"]}]}<\/script>\n<!-- \/ Yoast SEO plugin. -->","yoast_head_json":{"title":"Natural and Organic Perfumed After-Shave Mist | PHYT\u2019S","description":"Discover the 100%-natural, Vegan, and Organic after-shave mist from PHYT\u2019S Laboratories. Fresh, soft and toning, succumb to its perfumed notes.","robots":{"index":"index","follow":"follow","max-snippet":"max-snippet:-1","max-image-preview":"max-image-preview:large","max-video-preview":"max-video-preview:-1"},"canonical":"https:\/\/phytstore.com\/en\/produit\/perfumed-after-shave-mist\/","og_locale":"en_US","og_type":"article","og_title":"Natural and Organic Perfumed After-Shave Mist | PHYT\u2019S","og_description":"Discover the 100%-natural, Vegan, and Organic after-shave mist from PHYT\u2019S Laboratories. Fresh, soft and toning, succumb to its perfumed notes.","og_url":"https:\/\/phytstore.com\/en\/produit\/perfumed-after-shave-mist\/","og_site_name":"PHYT&#039;S","article_publisher":"https:\/\/www.facebook.com\/CJMBCosmetiques\/?ref=aymt_homepage_panel","article_modified_time":"2023-03-02T19:24:31+00:00","og_image":[{"width":534,"height":534,"url":"https:\/\/phytstore.com\/wp-content\/uploads\/2020\/03\/eau-parfum\u00e9e.jpg","type":"image\/jpeg"}],"twitter_card":"summary_large_image","twitter_misc":{"Est. reading time":"2 minutes"},"schema":{"@context":"https:\/\/schema.org","@graph":[{"@type":"WebPage","@id":"https:\/\/phytstore.com\/en\/produit\/perfumed-after-shave-mist\/","url":"https:\/\/phytstore.com\/en\/produit\/perfumed-after-shave-mist\/","name":"Natural and Organic Perfumed After-Shave Mist | PHYT\u2019S","isPartOf":{"@id":"https:\/\/phytstore.com\/en\/#website"},"primaryImageOfPage":{"@id":"https:\/\/phytstore.com\/en\/produit\/perfumed-after-shave-mist\/#primaryimage"},"image":{"@id":"https:\/\/phytstore.com\/en\/produit\/perfumed-after-shave-mist\/#primaryimage"},"thumbnailUrl":"https:\/\/phytstore.com\/wp-content\/uploads\/2020\/03\/eau-parfum\u00e9e.jpg","datePublished":"2020-03-28T23:56:27+00:00","dateModified":"2023-03-02T19:24:31+00:00","description":"Discover the 100%-natural, Vegan, and Organic after-shave mist from PHYT\u2019S Laboratories. Fresh, soft and toning, succumb to its perfumed notes.","breadcrumb":{"@id":"https:\/\/phytstore.com\/en\/produit\/perfumed-after-shave-mist\/#breadcrumb"},"inLanguage":"en-CA","potentialAction":[{"@type":"ReadAction","target":["https:\/\/phytstore.com\/en\/produit\/perfumed-after-shave-mist\/"]}]},{"@type":"ImageObject","inLanguage":"en-CA","@id":"https:\/\/phytstore.com\/en\/produit\/perfumed-after-shave-mist\/#primaryimage","url":"https:\/\/phytstore.com\/wp-content\/uploads\/2020\/03\/eau-parfum\u00e9e.jpg","contentUrl":"https:\/\/phytstore.com\/wp-content\/uploads\/2020\/03\/eau-parfum\u00e9e.jpg","width":534,"height":534,"caption":"after shave mist"},{"@type":"BreadcrumbList","@id":"https:\/\/phytstore.com\/en\/produit\/perfumed-after-shave-mist\/#breadcrumb","itemListElement":[{"@type":"ListItem","position":1,"name":"Home","item":"https:\/\/phytstore.com\/en\/"},{"@type":"ListItem","position":2,"name":"Shop","item":"https:\/\/phytstore.com\/en\/shop\/"},{"@type":"ListItem","position":3,"name":"Body","item":"https:\/\/phytstore.com\/en\/organic-body-care\/"},{"@type":"ListItem","position":4,"name":"Perfumed Mists","item":"https:\/\/phytstore.com\/en\/organic-body-care\/perfumed-mists\/"},{"@type":"ListItem","position":5,"name":"Perfumed After-Shave Mist"}]},{"@type":"WebSite","@id":"https:\/\/phytstore.com\/en\/#website","url":"https:\/\/phytstore.com\/en\/","name":"PHYT&#039;S","description":"Fabricant et distributeur de soins certifi\u00e9s bio pour instituts de beaut\u00e9, spa et esth\u00e9ticiennes","publisher":{"@id":"https:\/\/phytstore.com\/en\/#organization"},"potentialAction":[{"@type":"SearchAction","target":{"@type":"EntryPoint","urlTemplate":"https:\/\/phytstore.com\/en\/?s={search_term_string}"},"query-input":{"@type":"PropertyValueSpecification","valueRequired":true,"valueName":"search_term_string"}}],"inLanguage":"en-CA"},{"@type":"Organization","@id":"https:\/\/phytstore.com\/en\/#organization","name":"Phyt's","url":"https:\/\/phytstore.com\/en\/","logo":{"@type":"ImageObject","inLanguage":"en-CA","@id":"https:\/\/phytstore.com\/en\/#\/schema\/logo\/image\/","url":"https:\/\/phytstore.com\/wp-content\/uploads\/2020\/03\/logo-phyts-e1585168986207.png","contentUrl":"https:\/\/phytstore.com\/wp-content\/uploads\/2020\/03\/logo-phyts-e1585168986207.png","width":200,"height":72,"caption":"Phyt's"},"image":{"@id":"https:\/\/phytstore.com\/en\/#\/schema\/logo\/image\/"},"sameAs":["https:\/\/www.facebook.com\/CJMBCosmetiques\/?ref=aymt_homepage_panel","https:\/\/www.instagram.com\/phyts_canada\/","https:\/\/www.linkedin.com\/company\/3337211\/admin\/","https:\/\/www.youtube.com\/channel\/UCEkP009p4XTU5lXjLkaKptA"]}]}},"jetpack_sharing_enabled":true,"_links":{"self":[{"href":"https:\/\/phytstore.com\/en\/wp-json\/wp\/v2\/product\/2777","targetHints":{"allow":["GET"]}}],"collection":[{"href":"https:\/\/phytstore.com\/en\/wp-json\/wp\/v2\/product"}],"about":[{"href":"https:\/\/phytstore.com\/en\/wp-json\/wp\/v2\/types\/product"}],"replies":[{"embeddable":true,"href":"https:\/\/phytstore.com\/en\/wp-json\/wp\/v2\/comments?post=2777"}],"wp:featuredmedia":[{"embeddable":true,"href":"https:\/\/phytstore.com\/en\/wp-json\/wp\/v2\/media\/2367"}],"wp:attachment":[{"href":"https:\/\/phytstore.com\/en\/wp-json\/wp\/v2\/media?parent=2777"}],"wp:term":[{"taxonomy":"product_brand","embeddable":true,"href":"https:\/\/phytstore.com\/en\/wp-json\/wp\/v2\/product_brand?post=2777"},{"taxonomy":"product_cat","embeddable":true,"href":"https:\/\/phytstore.com\/en\/wp-json\/wp\/v2\/product_cat?post=2777"},{"taxonomy":"product_tag","embeddable":true,"href":"https:\/\/phytstore.com\/en\/wp-json\/wp\/v2\/product_tag?post=2777"}],"curies":[{"name":"wp","href":"https:\/\/api.w.org\/{rel}","templated":true}]}}