{"id":2776,"date":"2020-03-28T19:56:26","date_gmt":"2020-03-28T23:56:26","guid":{"rendered":"https:\/\/phytstore.com\/produit\/lotion\/"},"modified":"2025-07-29T17:05:54","modified_gmt":"2025-07-29T21:05:54","slug":"unifying-micellar-water","status":"publish","type":"product","link":"https:\/\/phytstore.com\/en\/product\/unifying-micellar-water\/","title":{"rendered":"Unifying Micellar Water"},"content":{"rendered":"<p>This fresh and light Organic micellar water acts as a \u00ab3 in 1\u00bb: it cleanses, tones, and unifies the complexion. Thanks to the PWE\u00ae Complex, its concentrate of active ingredients, <span class=\"Y2IQFc\" lang=\"en\">the complexion is radiant, luminous, and unified. Also, the skin is instantly clean, soft, and refreshed.<\/span><\/p>\n<h2><strong>Active ingredients :<\/strong><\/h2>\n<p>PWE\u00ae Complex (Bearberry*, Licorice*, Yarrow, Parsley, Carrot, Celery, Basil*, Ho Wood, Wintergreen*), Acerola* (vitamin C), Beta-carotene (provitamin A), Aloe Vera*<br \/>\n<em>* ingredients from Organic Farming<\/em><\/p>\n<h2><strong>How to apply my Unifying Micellar Water?<\/strong><\/h2>\n<p>Morning and\/or evening, spray your <a href=\"https:\/\/phytstore.com\/en\/organic-skin-care\/micellar-waters\/\">Organic cleansing water<\/a> on a reusable Organic wipe or a cotton pad, then pass all over the face and neck. Repeat if necessary. Do not rinse.<\/p>\n<p><strong>Tips:<\/strong> For best results, apply then the White Bio-Active Day Cream or Night Cream. For more intense dark spots, also use the Anti-Dark Spot Concentrate. In addition, once or twice a week, first exfoliate the skin using the White Bio-Active Scrub, then complete with the White Bio-Active Mask.<\/p>\n","protected":false},"excerpt":{"rendered":"<p><img loading=\"lazy\" decoding=\"async\" class=\"alignnone size-full wp-image-4920\" src=\"https:\/\/phytstore.com\/wp-content\/uploads\/2020\/07\/Bio-100-Vegan-Efficacite-11.png\" alt=\"\" width=\"274\" height=\"53\" \/><\/p>\n<p>3 in 1 : Cleanses, tones &amp; unifies<\/p>\n<p><strong>Skin type :<\/strong> All skin types<br \/>\n<strong>Expectations :<\/strong> Cleanses, tones, brightens, refreshes, softens<br \/>\n<strong>Presentation :<\/strong> 200 ml spray-bottle<\/p>\n","protected":false},"featured_media":6226,"comment_status":"closed","ping_status":"closed","template":"","meta":{"_acf_changed":false,"inline_featured_image":false},"product_brand":[],"product_cat":[98,233,241,248,253,96],"product_tag":[],"class_list":{"0":"post-2776","1":"product","2":"type-product","3":"status-publish","4":"has-post-thumbnail","6":"product_cat-white-bio-active-en","7":"product_cat-lack-of-radiance","8":"product_cat-dark-spots-dull-skin","9":"product_cat-micellar-waters","10":"product_cat-cleansers-en","11":"product_cat-soins-nettoyants-en","13":"first","14":"instock","15":"taxable","16":"shipping-taxable","17":"purchasable","18":"product-type-simple"},"acf":[],"yoast_head":"<!-- This site is optimized with the Yoast SEO plugin v27.4 - https:\/\/yoast.com\/product\/yoast-seo-wordpress\/ -->\n<title>Unifying Micellar Water \u2013 Natural &amp; Organic Skincare | PHYT&#039;S<\/title>\n<meta name=\"description\" content=\"This fresh Organic micellar water acts as a 3 in 1 : it cleanses, tones, and unifies the complexion. This skin is clean, soft et radiant!\" \/>\n<meta name=\"robots\" content=\"index, follow, max-snippet:-1, max-image-preview:large, max-video-preview:-1\" \/>\n<link rel=\"canonical\" href=\"https:\/\/phytstore.com\/en\/product\/unifying-micellar-water\/\" \/>\n<meta property=\"og:locale\" content=\"en_US\" \/>\n<meta property=\"og:type\" content=\"article\" \/>\n<meta property=\"og:title\" content=\"Unifying Micellar Water \u2013 Natural &amp; Organic Skincare | PHYT&#039;S\" \/>\n<meta property=\"og:description\" content=\"This fresh Organic micellar water acts as a 3 in 1 : it cleanses, tones, and unifies the complexion. This skin is clean, soft et radiant!\" \/>\n<meta property=\"og:url\" content=\"https:\/\/phytstore.com\/en\/product\/unifying-micellar-water\/\" \/>\n<meta property=\"og:site_name\" content=\"PHYT&#039;S\" \/>\n<meta property=\"article:publisher\" content=\"https:\/\/www.facebook.com\/CJMBCosmetiques\/?ref=aymt_homepage_panel\" \/>\n<meta property=\"article:modified_time\" content=\"2025-07-29T21:05:54+00:00\" \/>\n<meta property=\"og:image\" content=\"https:\/\/phytstore.com\/wp-content\/uploads\/2020\/03\/Eau-Micellaire-Unifiante-WBA-1.png\" \/>\n\t<meta property=\"og:image:width\" content=\"1125\" \/>\n\t<meta property=\"og:image:height\" content=\"1125\" \/>\n\t<meta property=\"og:image:type\" content=\"image\/png\" \/>\n<meta name=\"twitter:card\" content=\"summary_large_image\" \/>\n<meta name=\"twitter:label1\" content=\"Est. reading time\" \/>\n\t<meta name=\"twitter:data1\" content=\"2 minutes\" \/>\n<script type=\"application\/ld+json\" class=\"yoast-schema-graph\">{\"@context\":\"https:\\\/\\\/schema.org\",\"@graph\":[{\"@type\":\"WebPage\",\"@id\":\"https:\\\/\\\/phytstore.com\\\/en\\\/product\\\/unifying-micellar-water\\\/\",\"url\":\"https:\\\/\\\/phytstore.com\\\/en\\\/product\\\/unifying-micellar-water\\\/\",\"name\":\"Unifying Micellar Water \u2013 Natural & Organic Skincare | PHYT'S\",\"isPartOf\":{\"@id\":\"https:\\\/\\\/phytstore.com\\\/en\\\/#website\"},\"primaryImageOfPage\":{\"@id\":\"https:\\\/\\\/phytstore.com\\\/en\\\/product\\\/unifying-micellar-water\\\/#primaryimage\"},\"image\":{\"@id\":\"https:\\\/\\\/phytstore.com\\\/en\\\/product\\\/unifying-micellar-water\\\/#primaryimage\"},\"thumbnailUrl\":\"https:\\\/\\\/phytstore.com\\\/wp-content\\\/uploads\\\/2020\\\/03\\\/Eau-Micellaire-Unifiante-WBA-1.png\",\"datePublished\":\"2020-03-28T23:56:26+00:00\",\"dateModified\":\"2025-07-29T21:05:54+00:00\",\"description\":\"This fresh Organic micellar water acts as a 3 in 1 : it cleanses, tones, and unifies the complexion. This skin is clean, soft et radiant!\",\"breadcrumb\":{\"@id\":\"https:\\\/\\\/phytstore.com\\\/en\\\/product\\\/unifying-micellar-water\\\/#breadcrumb\"},\"inLanguage\":\"en-CA\",\"potentialAction\":[{\"@type\":\"ReadAction\",\"target\":[\"https:\\\/\\\/phytstore.com\\\/en\\\/product\\\/unifying-micellar-water\\\/\"]}]},{\"@type\":\"ImageObject\",\"inLanguage\":\"en-CA\",\"@id\":\"https:\\\/\\\/phytstore.com\\\/en\\\/product\\\/unifying-micellar-water\\\/#primaryimage\",\"url\":\"https:\\\/\\\/phytstore.com\\\/wp-content\\\/uploads\\\/2020\\\/03\\\/Eau-Micellaire-Unifiante-WBA-1.png\",\"contentUrl\":\"https:\\\/\\\/phytstore.com\\\/wp-content\\\/uploads\\\/2020\\\/03\\\/Eau-Micellaire-Unifiante-WBA-1.png\",\"width\":1125,\"height\":1125},{\"@type\":\"BreadcrumbList\",\"@id\":\"https:\\\/\\\/phytstore.com\\\/en\\\/product\\\/unifying-micellar-water\\\/#breadcrumb\",\"itemListElement\":[{\"@type\":\"ListItem\",\"position\":1,\"name\":\"Home\",\"item\":\"https:\\\/\\\/phytstore.com\\\/en\\\/\"},{\"@type\":\"ListItem\",\"position\":2,\"name\":\"Shop\",\"item\":\"https:\\\/\\\/phytstore.com\\\/en\\\/shop\\\/\"},{\"@type\":\"ListItem\",\"position\":3,\"name\":\"Face\",\"item\":\"https:\\\/\\\/phytstore.com\\\/en\\\/organic-skin-care\\\/\"},{\"@type\":\"ListItem\",\"position\":4,\"name\":\"Micellar Waters\",\"item\":\"https:\\\/\\\/phytstore.com\\\/en\\\/organic-skin-care\\\/micellar-waters\\\/\"},{\"@type\":\"ListItem\",\"position\":5,\"name\":\"Unifying Micellar Water\"}]},{\"@type\":\"WebSite\",\"@id\":\"https:\\\/\\\/phytstore.com\\\/en\\\/#website\",\"url\":\"https:\\\/\\\/phytstore.com\\\/en\\\/\",\"name\":\"PHYT&#039;S\",\"description\":\"Fabricant et distributeur de soins certifi\u00e9s bio pour instituts de beaut\u00e9, spa et esth\u00e9ticiennes\",\"publisher\":{\"@id\":\"https:\\\/\\\/phytstore.com\\\/en\\\/#organization\"},\"potentialAction\":[{\"@type\":\"SearchAction\",\"target\":{\"@type\":\"EntryPoint\",\"urlTemplate\":\"https:\\\/\\\/phytstore.com\\\/en\\\/?s={search_term_string}\"},\"query-input\":{\"@type\":\"PropertyValueSpecification\",\"valueRequired\":true,\"valueName\":\"search_term_string\"}}],\"inLanguage\":\"en-CA\"},{\"@type\":\"Organization\",\"@id\":\"https:\\\/\\\/phytstore.com\\\/en\\\/#organization\",\"name\":\"Phyt's\",\"url\":\"https:\\\/\\\/phytstore.com\\\/en\\\/\",\"logo\":{\"@type\":\"ImageObject\",\"inLanguage\":\"en-CA\",\"@id\":\"https:\\\/\\\/phytstore.com\\\/en\\\/#\\\/schema\\\/logo\\\/image\\\/\",\"url\":\"https:\\\/\\\/phytstore.com\\\/wp-content\\\/uploads\\\/2020\\\/03\\\/logo-phyts-e1585168986207.png\",\"contentUrl\":\"https:\\\/\\\/phytstore.com\\\/wp-content\\\/uploads\\\/2020\\\/03\\\/logo-phyts-e1585168986207.png\",\"width\":200,\"height\":72,\"caption\":\"Phyt's\"},\"image\":{\"@id\":\"https:\\\/\\\/phytstore.com\\\/en\\\/#\\\/schema\\\/logo\\\/image\\\/\"},\"sameAs\":[\"https:\\\/\\\/www.facebook.com\\\/CJMBCosmetiques\\\/?ref=aymt_homepage_panel\",\"https:\\\/\\\/www.instagram.com\\\/phyts_canada\\\/\",\"https:\\\/\\\/www.linkedin.com\\\/company\\\/3337211\\\/admin\\\/\",\"https:\\\/\\\/www.youtube.com\\\/channel\\\/UCEkP009p4XTU5lXjLkaKptA\"]}]}<\/script>\n<!-- \/ Yoast SEO plugin. -->","yoast_head_json":{"title":"Unifying Micellar Water \u2013 Natural & Organic Skincare | PHYT'S","description":"This fresh Organic micellar water acts as a 3 in 1 : it cleanses, tones, and unifies the complexion. This skin is clean, soft et radiant!","robots":{"index":"index","follow":"follow","max-snippet":"max-snippet:-1","max-image-preview":"max-image-preview:large","max-video-preview":"max-video-preview:-1"},"canonical":"https:\/\/phytstore.com\/en\/product\/unifying-micellar-water\/","og_locale":"en_US","og_type":"article","og_title":"Unifying Micellar Water \u2013 Natural & Organic Skincare | PHYT'S","og_description":"This fresh Organic micellar water acts as a 3 in 1 : it cleanses, tones, and unifies the complexion. This skin is clean, soft et radiant!","og_url":"https:\/\/phytstore.com\/en\/product\/unifying-micellar-water\/","og_site_name":"PHYT&#039;S","article_publisher":"https:\/\/www.facebook.com\/CJMBCosmetiques\/?ref=aymt_homepage_panel","article_modified_time":"2025-07-29T21:05:54+00:00","og_image":[{"width":1125,"height":1125,"url":"https:\/\/phytstore.com\/wp-content\/uploads\/2020\/03\/Eau-Micellaire-Unifiante-WBA-1.png","type":"image\/png"}],"twitter_card":"summary_large_image","twitter_misc":{"Est. reading time":"2 minutes"},"schema":{"@context":"https:\/\/schema.org","@graph":[{"@type":"WebPage","@id":"https:\/\/phytstore.com\/en\/product\/unifying-micellar-water\/","url":"https:\/\/phytstore.com\/en\/product\/unifying-micellar-water\/","name":"Unifying Micellar Water \u2013 Natural & Organic Skincare | PHYT'S","isPartOf":{"@id":"https:\/\/phytstore.com\/en\/#website"},"primaryImageOfPage":{"@id":"https:\/\/phytstore.com\/en\/product\/unifying-micellar-water\/#primaryimage"},"image":{"@id":"https:\/\/phytstore.com\/en\/product\/unifying-micellar-water\/#primaryimage"},"thumbnailUrl":"https:\/\/phytstore.com\/wp-content\/uploads\/2020\/03\/Eau-Micellaire-Unifiante-WBA-1.png","datePublished":"2020-03-28T23:56:26+00:00","dateModified":"2025-07-29T21:05:54+00:00","description":"This fresh Organic micellar water acts as a 3 in 1 : it cleanses, tones, and unifies the complexion. This skin is clean, soft et radiant!","breadcrumb":{"@id":"https:\/\/phytstore.com\/en\/product\/unifying-micellar-water\/#breadcrumb"},"inLanguage":"en-CA","potentialAction":[{"@type":"ReadAction","target":["https:\/\/phytstore.com\/en\/product\/unifying-micellar-water\/"]}]},{"@type":"ImageObject","inLanguage":"en-CA","@id":"https:\/\/phytstore.com\/en\/product\/unifying-micellar-water\/#primaryimage","url":"https:\/\/phytstore.com\/wp-content\/uploads\/2020\/03\/Eau-Micellaire-Unifiante-WBA-1.png","contentUrl":"https:\/\/phytstore.com\/wp-content\/uploads\/2020\/03\/Eau-Micellaire-Unifiante-WBA-1.png","width":1125,"height":1125},{"@type":"BreadcrumbList","@id":"https:\/\/phytstore.com\/en\/product\/unifying-micellar-water\/#breadcrumb","itemListElement":[{"@type":"ListItem","position":1,"name":"Home","item":"https:\/\/phytstore.com\/en\/"},{"@type":"ListItem","position":2,"name":"Shop","item":"https:\/\/phytstore.com\/en\/shop\/"},{"@type":"ListItem","position":3,"name":"Face","item":"https:\/\/phytstore.com\/en\/organic-skin-care\/"},{"@type":"ListItem","position":4,"name":"Micellar Waters","item":"https:\/\/phytstore.com\/en\/organic-skin-care\/micellar-waters\/"},{"@type":"ListItem","position":5,"name":"Unifying Micellar Water"}]},{"@type":"WebSite","@id":"https:\/\/phytstore.com\/en\/#website","url":"https:\/\/phytstore.com\/en\/","name":"PHYT&#039;S","description":"Fabricant et distributeur de soins certifi\u00e9s bio pour instituts de beaut\u00e9, spa et esth\u00e9ticiennes","publisher":{"@id":"https:\/\/phytstore.com\/en\/#organization"},"potentialAction":[{"@type":"SearchAction","target":{"@type":"EntryPoint","urlTemplate":"https:\/\/phytstore.com\/en\/?s={search_term_string}"},"query-input":{"@type":"PropertyValueSpecification","valueRequired":true,"valueName":"search_term_string"}}],"inLanguage":"en-CA"},{"@type":"Organization","@id":"https:\/\/phytstore.com\/en\/#organization","name":"Phyt's","url":"https:\/\/phytstore.com\/en\/","logo":{"@type":"ImageObject","inLanguage":"en-CA","@id":"https:\/\/phytstore.com\/en\/#\/schema\/logo\/image\/","url":"https:\/\/phytstore.com\/wp-content\/uploads\/2020\/03\/logo-phyts-e1585168986207.png","contentUrl":"https:\/\/phytstore.com\/wp-content\/uploads\/2020\/03\/logo-phyts-e1585168986207.png","width":200,"height":72,"caption":"Phyt's"},"image":{"@id":"https:\/\/phytstore.com\/en\/#\/schema\/logo\/image\/"},"sameAs":["https:\/\/www.facebook.com\/CJMBCosmetiques\/?ref=aymt_homepage_panel","https:\/\/www.instagram.com\/phyts_canada\/","https:\/\/www.linkedin.com\/company\/3337211\/admin\/","https:\/\/www.youtube.com\/channel\/UCEkP009p4XTU5lXjLkaKptA"]}]}},"jetpack_sharing_enabled":true,"_links":{"self":[{"href":"https:\/\/phytstore.com\/en\/wp-json\/wp\/v2\/product\/2776","targetHints":{"allow":["GET"]}}],"collection":[{"href":"https:\/\/phytstore.com\/en\/wp-json\/wp\/v2\/product"}],"about":[{"href":"https:\/\/phytstore.com\/en\/wp-json\/wp\/v2\/types\/product"}],"replies":[{"embeddable":true,"href":"https:\/\/phytstore.com\/en\/wp-json\/wp\/v2\/comments?post=2776"}],"wp:featuredmedia":[{"embeddable":true,"href":"https:\/\/phytstore.com\/en\/wp-json\/wp\/v2\/media\/6226"}],"wp:attachment":[{"href":"https:\/\/phytstore.com\/en\/wp-json\/wp\/v2\/media?parent=2776"}],"wp:term":[{"taxonomy":"product_brand","embeddable":true,"href":"https:\/\/phytstore.com\/en\/wp-json\/wp\/v2\/product_brand?post=2776"},{"taxonomy":"product_cat","embeddable":true,"href":"https:\/\/phytstore.com\/en\/wp-json\/wp\/v2\/product_cat?post=2776"},{"taxonomy":"product_tag","embeddable":true,"href":"https:\/\/phytstore.com\/en\/wp-json\/wp\/v2\/product_tag?post=2776"}],"curies":[{"name":"wp","href":"https:\/\/api.w.org\/{rel}","templated":true}]}}