{"id":2774,"date":"2020-03-28T19:56:26","date_gmt":"2020-03-28T23:56:26","guid":{"rendered":"https:\/\/phytstore.com\/produit\/creme-de-nuit\/"},"modified":"2023-07-11T14:04:03","modified_gmt":"2023-07-11T18:04:03","slug":"creme-de-nuit","status":"publish","type":"product","link":"https:\/\/phytstore.com\/en\/product\/night-cream\/","title":{"rendered":"Night Cream"},"content":{"rendered":"<p>This Organic night cream unifies, nourishes* and regenerates* the skin. Thanks to the PWE\u00ae Complex, its concentrate of active ingredients, the skin is softened, sublimated and illuminated. The complexion is then uniform, radiant and luminous. The skin looks visibly brightened.<br \/>\n<em>* via hydration<\/em><\/p>\n<h2><strong>Active ingredients :<\/strong><\/h2>\n<p>PWE\u00ae Complex (Bearberry*, Licorice*, Yarrow, Parsley, Carrot, Celery, Basil*, Ho Wood, Wintergreen*), Acerola* (Vitamin C), Beta-carotene (provitamin A), Sunflower*, Wheatgerm, Vegetal Vitamin E<br \/>\n<em>* ingredients from Organic Farming<\/em><\/p>\n<h2><strong>How to apply my night cream ?<\/strong><\/h2>\n<p>In the evening, after cleansing (ideally with the <strong><a href=\"https:\/\/phytstore.com\/en\/product\/unifying-micellar-water\/\">Unifying Micellar Water<\/a><\/strong>), apply all over face, neck and cleavage.<br \/>\n<strong>Tips :<\/strong> For best results,\u00a0apply first, locally on dark spots, the <a href=\"https:\/\/phytstore.com\/produit\/concentre-anti-taches\/\"><strong>Anti-Dark Spot Concentrate<\/strong><\/a> underneath the cream. Also, in the morning, apply the <a href=\"https:\/\/phytstore.com\/en\/product\/day-cream\/\"><strong>White Bio-Active Day Cream<\/strong><\/a>. Finally, exfoliate your skin once or twice a week using the<strong> <a href=\"https:\/\/phytstore.com\/en\/product\/scrub\/\">White Bio-Active Scrub<\/a><\/strong>, then complete with the\u00a0<strong><a href=\"https:\/\/phytstore.com\/en\/product\/mask\/\">White Bio-Active Mask<\/a><\/strong>.<\/p>\n","protected":false},"excerpt":{"rendered":"<p><img loading=\"lazy\" decoding=\"async\" class=\"alignnone size-full wp-image-4920\" src=\"https:\/\/phytstore.com\/wp-content\/uploads\/2020\/07\/Bio-100-Vegan-Efficacite-11.png\" alt=\"\" width=\"274\" height=\"53\" \/><\/p>\n<p>Unifying, anti-aging &amp; nourishing*<\/p>\n<p><strong>Skin type :<\/strong> All skin types with pigmentary disorders<br \/>\n<strong>Expectations :<\/strong> Unifies, brightens, regenerates*, nourishes*, softens<br \/>\n<strong>Presentation :<\/strong> 40 g tube<\/p>\n","protected":false},"featured_media":4009,"comment_status":"closed","ping_status":"closed","template":"","meta":{"_acf_changed":false,"inline_featured_image":false},"product_brand":[],"product_cat":[98,233,241,245],"product_tag":[],"class_list":{"0":"post-2774","1":"product","2":"type-product","3":"status-publish","4":"has-post-thumbnail","6":"product_cat-white-bio-active-en","7":"product_cat-lack-of-radiance","8":"product_cat-dark-spots-dull-skin","9":"product_cat-night-creams-serums","11":"first","12":"instock","13":"taxable","14":"shipping-taxable","15":"purchasable","16":"product-type-simple"},"acf":[],"yoast_head":"<!-- This site is optimized with the Yoast SEO plugin v27.4 - https:\/\/yoast.com\/product\/yoast-seo-wordpress\/ -->\n<title>Night Cream - PHYT&#039;S - 100% natural &amp; organic cosmetics<\/title>\n<meta name=\"description\" content=\"This Organic Night Cream PHYT&#039;S unifies and nourishes*(* via hydration) the skin. The skin is sublimated and illuminated.\" \/>\n<meta name=\"robots\" content=\"index, follow, max-snippet:-1, max-image-preview:large, max-video-preview:-1\" \/>\n<link rel=\"canonical\" href=\"https:\/\/phytstore.com\/en\/product\/night-cream\/\" \/>\n<meta property=\"og:locale\" content=\"en_US\" \/>\n<meta property=\"og:type\" content=\"article\" \/>\n<meta property=\"og:title\" content=\"Night Cream - PHYT&#039;S - 100% natural &amp; organic cosmetics\" \/>\n<meta property=\"og:description\" content=\"This Organic Night Cream PHYT&#039;S unifies and nourishes*(* via hydration) the skin. The skin is sublimated and illuminated.\" \/>\n<meta property=\"og:url\" content=\"https:\/\/phytstore.com\/en\/product\/night-cream\/\" \/>\n<meta property=\"og:site_name\" content=\"PHYT&#039;S\" \/>\n<meta property=\"article:publisher\" content=\"https:\/\/www.facebook.com\/CJMBCosmetiques\/?ref=aymt_homepage_panel\" \/>\n<meta property=\"article:modified_time\" content=\"2023-07-11T18:04:03+00:00\" \/>\n<meta property=\"og:image\" content=\"https:\/\/phytstore.com\/wp-content\/uploads\/2020\/03\/Creme-de-Nuit-WBA-1.png\" \/>\n\t<meta property=\"og:image:width\" content=\"1240\" \/>\n\t<meta property=\"og:image:height\" content=\"1239\" \/>\n\t<meta property=\"og:image:type\" content=\"image\/png\" \/>\n<meta name=\"twitter:card\" content=\"summary_large_image\" \/>\n<meta name=\"twitter:label1\" content=\"Est. reading time\" \/>\n\t<meta name=\"twitter:data1\" content=\"1 minute\" \/>\n<script type=\"application\/ld+json\" class=\"yoast-schema-graph\">{\"@context\":\"https:\\\/\\\/schema.org\",\"@graph\":[{\"@type\":\"WebPage\",\"@id\":\"https:\\\/\\\/phytstore.com\\\/en\\\/product\\\/night-cream\\\/\",\"url\":\"https:\\\/\\\/phytstore.com\\\/en\\\/product\\\/night-cream\\\/\",\"name\":\"Night Cream - PHYT&#039;S - 100% natural & organic cosmetics\",\"isPartOf\":{\"@id\":\"https:\\\/\\\/phytstore.com\\\/en\\\/#website\"},\"primaryImageOfPage\":{\"@id\":\"https:\\\/\\\/phytstore.com\\\/en\\\/product\\\/night-cream\\\/#primaryimage\"},\"image\":{\"@id\":\"https:\\\/\\\/phytstore.com\\\/en\\\/product\\\/night-cream\\\/#primaryimage\"},\"thumbnailUrl\":\"https:\\\/\\\/phytstore.com\\\/wp-content\\\/uploads\\\/2020\\\/03\\\/Creme-de-Nuit-WBA-1.png\",\"datePublished\":\"2020-03-28T23:56:26+00:00\",\"dateModified\":\"2023-07-11T18:04:03+00:00\",\"description\":\"This Organic Night Cream PHYT'S unifies and nourishes*(* via hydration) the skin. The skin is sublimated and illuminated.\",\"breadcrumb\":{\"@id\":\"https:\\\/\\\/phytstore.com\\\/en\\\/product\\\/night-cream\\\/#breadcrumb\"},\"inLanguage\":\"en-CA\",\"potentialAction\":[{\"@type\":\"ReadAction\",\"target\":[\"https:\\\/\\\/phytstore.com\\\/en\\\/product\\\/night-cream\\\/\"]}]},{\"@type\":\"ImageObject\",\"inLanguage\":\"en-CA\",\"@id\":\"https:\\\/\\\/phytstore.com\\\/en\\\/product\\\/night-cream\\\/#primaryimage\",\"url\":\"https:\\\/\\\/phytstore.com\\\/wp-content\\\/uploads\\\/2020\\\/03\\\/Creme-de-Nuit-WBA-1.png\",\"contentUrl\":\"https:\\\/\\\/phytstore.com\\\/wp-content\\\/uploads\\\/2020\\\/03\\\/Creme-de-Nuit-WBA-1.png\",\"width\":1240,\"height\":1239,\"caption\":\"Cr\u00e8me de Nuit WBA\"},{\"@type\":\"BreadcrumbList\",\"@id\":\"https:\\\/\\\/phytstore.com\\\/en\\\/product\\\/night-cream\\\/#breadcrumb\",\"itemListElement\":[{\"@type\":\"ListItem\",\"position\":1,\"name\":\"Home\",\"item\":\"https:\\\/\\\/phytstore.com\\\/en\\\/\"},{\"@type\":\"ListItem\",\"position\":2,\"name\":\"Shop\",\"item\":\"https:\\\/\\\/phytstore.com\\\/en\\\/shop\\\/\"},{\"@type\":\"ListItem\",\"position\":3,\"name\":\"Face\",\"item\":\"https:\\\/\\\/phytstore.com\\\/en\\\/organic-skin-care\\\/\"},{\"@type\":\"ListItem\",\"position\":4,\"name\":\"Lack of Radiance\",\"item\":\"https:\\\/\\\/phytstore.com\\\/en\\\/organic-skin-care\\\/lack-of-radiance\\\/\"},{\"@type\":\"ListItem\",\"position\":5,\"name\":\"Night Cream\"}]},{\"@type\":\"WebSite\",\"@id\":\"https:\\\/\\\/phytstore.com\\\/en\\\/#website\",\"url\":\"https:\\\/\\\/phytstore.com\\\/en\\\/\",\"name\":\"PHYT&#039;S\",\"description\":\"Fabricant et distributeur de soins certifi\u00e9s bio pour instituts de beaut\u00e9, spa et esth\u00e9ticiennes\",\"publisher\":{\"@id\":\"https:\\\/\\\/phytstore.com\\\/en\\\/#organization\"},\"potentialAction\":[{\"@type\":\"SearchAction\",\"target\":{\"@type\":\"EntryPoint\",\"urlTemplate\":\"https:\\\/\\\/phytstore.com\\\/en\\\/?s={search_term_string}\"},\"query-input\":{\"@type\":\"PropertyValueSpecification\",\"valueRequired\":true,\"valueName\":\"search_term_string\"}}],\"inLanguage\":\"en-CA\"},{\"@type\":\"Organization\",\"@id\":\"https:\\\/\\\/phytstore.com\\\/en\\\/#organization\",\"name\":\"Phyt's\",\"url\":\"https:\\\/\\\/phytstore.com\\\/en\\\/\",\"logo\":{\"@type\":\"ImageObject\",\"inLanguage\":\"en-CA\",\"@id\":\"https:\\\/\\\/phytstore.com\\\/en\\\/#\\\/schema\\\/logo\\\/image\\\/\",\"url\":\"https:\\\/\\\/phytstore.com\\\/wp-content\\\/uploads\\\/2020\\\/03\\\/logo-phyts-e1585168986207.png\",\"contentUrl\":\"https:\\\/\\\/phytstore.com\\\/wp-content\\\/uploads\\\/2020\\\/03\\\/logo-phyts-e1585168986207.png\",\"width\":200,\"height\":72,\"caption\":\"Phyt's\"},\"image\":{\"@id\":\"https:\\\/\\\/phytstore.com\\\/en\\\/#\\\/schema\\\/logo\\\/image\\\/\"},\"sameAs\":[\"https:\\\/\\\/www.facebook.com\\\/CJMBCosmetiques\\\/?ref=aymt_homepage_panel\",\"https:\\\/\\\/www.instagram.com\\\/phyts_canada\\\/\",\"https:\\\/\\\/www.linkedin.com\\\/company\\\/3337211\\\/admin\\\/\",\"https:\\\/\\\/www.youtube.com\\\/channel\\\/UCEkP009p4XTU5lXjLkaKptA\"]}]}<\/script>\n<!-- \/ Yoast SEO plugin. -->","yoast_head_json":{"title":"Night Cream - PHYT&#039;S - 100% natural & organic cosmetics","description":"This Organic Night Cream PHYT'S unifies and nourishes*(* via hydration) the skin. The skin is sublimated and illuminated.","robots":{"index":"index","follow":"follow","max-snippet":"max-snippet:-1","max-image-preview":"max-image-preview:large","max-video-preview":"max-video-preview:-1"},"canonical":"https:\/\/phytstore.com\/en\/product\/night-cream\/","og_locale":"en_US","og_type":"article","og_title":"Night Cream - PHYT&#039;S - 100% natural & organic cosmetics","og_description":"This Organic Night Cream PHYT'S unifies and nourishes*(* via hydration) the skin. The skin is sublimated and illuminated.","og_url":"https:\/\/phytstore.com\/en\/product\/night-cream\/","og_site_name":"PHYT&#039;S","article_publisher":"https:\/\/www.facebook.com\/CJMBCosmetiques\/?ref=aymt_homepage_panel","article_modified_time":"2023-07-11T18:04:03+00:00","og_image":[{"width":1240,"height":1239,"url":"https:\/\/phytstore.com\/wp-content\/uploads\/2020\/03\/Creme-de-Nuit-WBA-1.png","type":"image\/png"}],"twitter_card":"summary_large_image","twitter_misc":{"Est. reading time":"1 minute"},"schema":{"@context":"https:\/\/schema.org","@graph":[{"@type":"WebPage","@id":"https:\/\/phytstore.com\/en\/product\/night-cream\/","url":"https:\/\/phytstore.com\/en\/product\/night-cream\/","name":"Night Cream - PHYT&#039;S - 100% natural & organic cosmetics","isPartOf":{"@id":"https:\/\/phytstore.com\/en\/#website"},"primaryImageOfPage":{"@id":"https:\/\/phytstore.com\/en\/product\/night-cream\/#primaryimage"},"image":{"@id":"https:\/\/phytstore.com\/en\/product\/night-cream\/#primaryimage"},"thumbnailUrl":"https:\/\/phytstore.com\/wp-content\/uploads\/2020\/03\/Creme-de-Nuit-WBA-1.png","datePublished":"2020-03-28T23:56:26+00:00","dateModified":"2023-07-11T18:04:03+00:00","description":"This Organic Night Cream PHYT'S unifies and nourishes*(* via hydration) the skin. The skin is sublimated and illuminated.","breadcrumb":{"@id":"https:\/\/phytstore.com\/en\/product\/night-cream\/#breadcrumb"},"inLanguage":"en-CA","potentialAction":[{"@type":"ReadAction","target":["https:\/\/phytstore.com\/en\/product\/night-cream\/"]}]},{"@type":"ImageObject","inLanguage":"en-CA","@id":"https:\/\/phytstore.com\/en\/product\/night-cream\/#primaryimage","url":"https:\/\/phytstore.com\/wp-content\/uploads\/2020\/03\/Creme-de-Nuit-WBA-1.png","contentUrl":"https:\/\/phytstore.com\/wp-content\/uploads\/2020\/03\/Creme-de-Nuit-WBA-1.png","width":1240,"height":1239,"caption":"Cr\u00e8me de Nuit WBA"},{"@type":"BreadcrumbList","@id":"https:\/\/phytstore.com\/en\/product\/night-cream\/#breadcrumb","itemListElement":[{"@type":"ListItem","position":1,"name":"Home","item":"https:\/\/phytstore.com\/en\/"},{"@type":"ListItem","position":2,"name":"Shop","item":"https:\/\/phytstore.com\/en\/shop\/"},{"@type":"ListItem","position":3,"name":"Face","item":"https:\/\/phytstore.com\/en\/organic-skin-care\/"},{"@type":"ListItem","position":4,"name":"Lack of Radiance","item":"https:\/\/phytstore.com\/en\/organic-skin-care\/lack-of-radiance\/"},{"@type":"ListItem","position":5,"name":"Night Cream"}]},{"@type":"WebSite","@id":"https:\/\/phytstore.com\/en\/#website","url":"https:\/\/phytstore.com\/en\/","name":"PHYT&#039;S","description":"Fabricant et distributeur de soins certifi\u00e9s bio pour instituts de beaut\u00e9, spa et esth\u00e9ticiennes","publisher":{"@id":"https:\/\/phytstore.com\/en\/#organization"},"potentialAction":[{"@type":"SearchAction","target":{"@type":"EntryPoint","urlTemplate":"https:\/\/phytstore.com\/en\/?s={search_term_string}"},"query-input":{"@type":"PropertyValueSpecification","valueRequired":true,"valueName":"search_term_string"}}],"inLanguage":"en-CA"},{"@type":"Organization","@id":"https:\/\/phytstore.com\/en\/#organization","name":"Phyt's","url":"https:\/\/phytstore.com\/en\/","logo":{"@type":"ImageObject","inLanguage":"en-CA","@id":"https:\/\/phytstore.com\/en\/#\/schema\/logo\/image\/","url":"https:\/\/phytstore.com\/wp-content\/uploads\/2020\/03\/logo-phyts-e1585168986207.png","contentUrl":"https:\/\/phytstore.com\/wp-content\/uploads\/2020\/03\/logo-phyts-e1585168986207.png","width":200,"height":72,"caption":"Phyt's"},"image":{"@id":"https:\/\/phytstore.com\/en\/#\/schema\/logo\/image\/"},"sameAs":["https:\/\/www.facebook.com\/CJMBCosmetiques\/?ref=aymt_homepage_panel","https:\/\/www.instagram.com\/phyts_canada\/","https:\/\/www.linkedin.com\/company\/3337211\/admin\/","https:\/\/www.youtube.com\/channel\/UCEkP009p4XTU5lXjLkaKptA"]}]}},"jetpack_sharing_enabled":true,"_links":{"self":[{"href":"https:\/\/phytstore.com\/en\/wp-json\/wp\/v2\/product\/2774","targetHints":{"allow":["GET"]}}],"collection":[{"href":"https:\/\/phytstore.com\/en\/wp-json\/wp\/v2\/product"}],"about":[{"href":"https:\/\/phytstore.com\/en\/wp-json\/wp\/v2\/types\/product"}],"replies":[{"embeddable":true,"href":"https:\/\/phytstore.com\/en\/wp-json\/wp\/v2\/comments?post=2774"}],"wp:featuredmedia":[{"embeddable":true,"href":"https:\/\/phytstore.com\/en\/wp-json\/wp\/v2\/media\/4009"}],"wp:attachment":[{"href":"https:\/\/phytstore.com\/en\/wp-json\/wp\/v2\/media?parent=2774"}],"wp:term":[{"taxonomy":"product_brand","embeddable":true,"href":"https:\/\/phytstore.com\/en\/wp-json\/wp\/v2\/product_brand?post=2774"},{"taxonomy":"product_cat","embeddable":true,"href":"https:\/\/phytstore.com\/en\/wp-json\/wp\/v2\/product_cat?post=2774"},{"taxonomy":"product_tag","embeddable":true,"href":"https:\/\/phytstore.com\/en\/wp-json\/wp\/v2\/product_tag?post=2774"}],"curies":[{"name":"wp","href":"https:\/\/api.w.org\/{rel}","templated":true}]}}