{"id":2768,"date":"2020-03-28T19:56:26","date_gmt":"2020-03-28T23:56:26","guid":{"rendered":"https:\/\/phytstore.com\/produit\/panacee-la-creme\/"},"modified":"2024-10-15T11:46:03","modified_gmt":"2024-10-15T15:46:03","slug":"panacee-la-creme","status":"publish","type":"product","link":"https:\/\/phytstore.com\/en\/product\/panacea-cream\/","title":{"rendered":"Panacea Cream"},"content":{"rendered":"<p>PHYT&#8217;S expresses the essence of its know-how in a certified Organic ultimate care with a divinely nutritive* and moisturizing texture and a subtle fragrance. This cream combines powerful global anti-aging care and absolute pleasure of the senses. Packed with exceptional active elements, it reduces the appearance of wrinkles significantly, regenerates*, smoothes and firms* the skin, unifies the complexion and makes it looks visibly younger.<br \/>\n<em>* via hydration<\/em><\/p>\n<h2><strong>Active ingredients :<\/strong><\/h2>\n<p>Edelweiss*, Rosemary*, Acmella, Rye*, Brown Algae, Punarnava, Adenosine, Aloe Vera*, Sunflower*<br \/>\n<em>* ingredients from Organic Farming<\/em><\/p>\n<h2><strong>How to apply my Panacea cream ?\u00a0<\/strong><\/h2>\n<p>Morning and evening, apply to the face and neck and smooth from the center to the sides.<br \/>\n<strong>Tip :<\/strong> For best results, you can apply a aqueous serum underneath. Per exemple, the <strong><a href=\"https:\/\/phytstore.com\/produit\/elixir-hydratant-24h\/\">24H Hydrating Elixir<\/a><\/strong>, the <a href=\"https:\/\/phytstore.com\/produit\/serum-multi-vita\/\"><strong>Multi-Vita Serum<\/strong><\/a> or the <a href=\"https:\/\/phytstore.com\/produit\/concentre-reviderm\/\"><strong>Anti-Pollution Concentrate<\/strong><\/a>. In addition, morning and evening, apply also the <strong><a href=\"https:\/\/phytstore.com\/produit\/panacee-le-contour-yeux\/\">Panacea Eye Contour Cream<\/a><\/strong> all over the eye area.<\/p>\n","protected":false},"excerpt":{"rendered":"<p><strong><img loading=\"lazy\" decoding=\"async\" class=\"alignnone size-full wp-image-5349\" src=\"https:\/\/phytstore.com\/wp-content\/uploads\/2020\/03\/Bio-99-Vegan-Efficacite.png\" alt=\"\" width=\"274\" height=\"47\" srcset=\"https:\/\/phytstore.com\/wp-content\/uploads\/2020\/03\/Bio-99-Vegan-Efficacite.png 274w, https:\/\/phytstore.com\/wp-content\/uploads\/2020\/03\/Bio-99-Vegan-Efficacite-150x26.png 150w\" sizes=\"auto, (max-width: 274px) 100vw, 274px\" \/><\/strong><\/p>\n<p>PREMIUM Exceptional &amp; global anti-aging<\/p>\n<p><strong>Skin type :<\/strong> All types of mature skin<br \/>\n<strong>Expectations :<\/strong> Anti-wrinkles, regenerates*, firms*, smoothes, hydrates, unifies<br \/>\n<strong>Presentation :<\/strong> 50 ml rechargeable jar<\/p>\n","protected":false},"featured_media":6351,"comment_status":"closed","ping_status":"closed","template":"","meta":{"_acf_changed":false,"inline_featured_image":false},"product_brand":[],"product_cat":[231,233,235,238,241,245,246,84],"product_tag":[],"class_list":{"0":"post-2768","1":"product","2":"type-product","3":"status-publish","4":"has-post-thumbnail","6":"product_cat-dehydration-en","7":"product_cat-lack-of-radiance","8":"product_cat-lack-of-firmness-en","9":"product_cat-wrinkles-skin-aging","10":"product_cat-dark-spots-dull-skin","11":"product_cat-night-creams-serums","12":"product_cat-day-creams","13":"product_cat-panacee-en","15":"first","16":"instock","17":"taxable","18":"shipping-taxable","19":"purchasable","20":"product-type-variable"},"acf":[],"yoast_head":"<!-- This site is optimized with the Yoast SEO plugin v27.1.1 - https:\/\/yoast.com\/product\/yoast-seo-wordpress\/ -->\n<title>Panacea Cream - PHYT&#039;S - Natural &amp; organic cosmetics<\/title>\n<meta name=\"description\" content=\"The essence of PHYT&#039;S knowledge in a certified Organic ultimate cream which combines premium global anti-aging care and absolute pleasure of the senses.\" \/>\n<meta name=\"robots\" content=\"index, follow, max-snippet:-1, max-image-preview:large, max-video-preview:-1\" \/>\n<link rel=\"canonical\" href=\"https:\/\/phytstore.com\/en\/product\/panacea-cream\/\" \/>\n<meta property=\"og:locale\" content=\"en_US\" \/>\n<meta property=\"og:type\" content=\"article\" \/>\n<meta property=\"og:title\" content=\"Panacea Cream - PHYT&#039;S - Natural &amp; organic cosmetics\" \/>\n<meta property=\"og:description\" content=\"The essence of PHYT&#039;S knowledge in a certified Organic ultimate cream which combines premium global anti-aging care and absolute pleasure of the senses.\" \/>\n<meta property=\"og:url\" content=\"https:\/\/phytstore.com\/en\/product\/panacea-cream\/\" \/>\n<meta property=\"og:site_name\" content=\"PHYT&#039;S\" \/>\n<meta property=\"article:publisher\" content=\"https:\/\/www.facebook.com\/CJMBCosmetiques\/?ref=aymt_homepage_panel\" \/>\n<meta property=\"article:modified_time\" content=\"2024-10-15T15:46:03+00:00\" \/>\n<meta property=\"og:image\" content=\"https:\/\/phytstore.com\/wp-content\/uploads\/2020\/03\/Panacee-La-Creme.jpg\" \/>\n\t<meta property=\"og:image:width\" content=\"900\" \/>\n\t<meta property=\"og:image:height\" content=\"900\" \/>\n\t<meta property=\"og:image:type\" content=\"image\/jpeg\" \/>\n<meta name=\"twitter:card\" content=\"summary_large_image\" \/>\n<meta name=\"twitter:label1\" content=\"Est. reading time\" \/>\n\t<meta name=\"twitter:data1\" content=\"1 minute\" \/>\n<script type=\"application\/ld+json\" class=\"yoast-schema-graph\">{\"@context\":\"https:\/\/schema.org\",\"@graph\":[{\"@type\":\"WebPage\",\"@id\":\"https:\/\/phytstore.com\/en\/product\/panacea-cream\/\",\"url\":\"https:\/\/phytstore.com\/en\/product\/panacea-cream\/\",\"name\":\"Panacea Cream - PHYT&#039;S - Natural & organic cosmetics\",\"isPartOf\":{\"@id\":\"https:\/\/phytstore.com\/en\/#website\"},\"primaryImageOfPage\":{\"@id\":\"https:\/\/phytstore.com\/en\/product\/panacea-cream\/#primaryimage\"},\"image\":{\"@id\":\"https:\/\/phytstore.com\/en\/product\/panacea-cream\/#primaryimage\"},\"thumbnailUrl\":\"https:\/\/phytstore.com\/wp-content\/uploads\/2020\/03\/Panacee-La-Creme.jpg\",\"datePublished\":\"2020-03-28T23:56:26+00:00\",\"dateModified\":\"2024-10-15T15:46:03+00:00\",\"description\":\"The essence of PHYT'S knowledge in a certified Organic ultimate cream which combines premium global anti-aging care and absolute pleasure of the senses.\",\"breadcrumb\":{\"@id\":\"https:\/\/phytstore.com\/en\/product\/panacea-cream\/#breadcrumb\"},\"inLanguage\":\"en-CA\",\"potentialAction\":[{\"@type\":\"ReadAction\",\"target\":[\"https:\/\/phytstore.com\/en\/product\/panacea-cream\/\"]}]},{\"@type\":\"ImageObject\",\"inLanguage\":\"en-CA\",\"@id\":\"https:\/\/phytstore.com\/en\/product\/panacea-cream\/#primaryimage\",\"url\":\"https:\/\/phytstore.com\/wp-content\/uploads\/2020\/03\/Panacee-La-Creme.jpg\",\"contentUrl\":\"https:\/\/phytstore.com\/wp-content\/uploads\/2020\/03\/Panacee-La-Creme.jpg\",\"width\":900,\"height\":900},{\"@type\":\"BreadcrumbList\",\"@id\":\"https:\/\/phytstore.com\/en\/product\/panacea-cream\/#breadcrumb\",\"itemListElement\":[{\"@type\":\"ListItem\",\"position\":1,\"name\":\"Home\",\"item\":\"https:\/\/phytstore.com\/en\/\"},{\"@type\":\"ListItem\",\"position\":2,\"name\":\"Shop\",\"item\":\"https:\/\/phytstore.com\/en\/shop\/\"},{\"@type\":\"ListItem\",\"position\":3,\"name\":\"Face\",\"item\":\"https:\/\/phytstore.com\/en\/organic-skin-care\/\"},{\"@type\":\"ListItem\",\"position\":4,\"name\":\"Dehydration\",\"item\":\"https:\/\/phytstore.com\/en\/organic-skin-care\/dehydration\/\"},{\"@type\":\"ListItem\",\"position\":5,\"name\":\"Panacea Cream\"}]},{\"@type\":\"WebSite\",\"@id\":\"https:\/\/phytstore.com\/en\/#website\",\"url\":\"https:\/\/phytstore.com\/en\/\",\"name\":\"PHYT&#039;S\",\"description\":\"Fabricant et distributeur de soins certifi\u00e9s bio pour instituts de beaut\u00e9, spa et esth\u00e9ticiennes\",\"publisher\":{\"@id\":\"https:\/\/phytstore.com\/en\/#organization\"},\"potentialAction\":[{\"@type\":\"SearchAction\",\"target\":{\"@type\":\"EntryPoint\",\"urlTemplate\":\"https:\/\/phytstore.com\/en\/?s={search_term_string}\"},\"query-input\":{\"@type\":\"PropertyValueSpecification\",\"valueRequired\":true,\"valueName\":\"search_term_string\"}}],\"inLanguage\":\"en-CA\"},{\"@type\":\"Organization\",\"@id\":\"https:\/\/phytstore.com\/en\/#organization\",\"name\":\"Phyt's\",\"url\":\"https:\/\/phytstore.com\/en\/\",\"logo\":{\"@type\":\"ImageObject\",\"inLanguage\":\"en-CA\",\"@id\":\"https:\/\/phytstore.com\/en\/#\/schema\/logo\/image\/\",\"url\":\"https:\/\/phytstore.com\/wp-content\/uploads\/2020\/03\/logo-phyts-e1585168986207.png\",\"contentUrl\":\"https:\/\/phytstore.com\/wp-content\/uploads\/2020\/03\/logo-phyts-e1585168986207.png\",\"width\":200,\"height\":72,\"caption\":\"Phyt's\"},\"image\":{\"@id\":\"https:\/\/phytstore.com\/en\/#\/schema\/logo\/image\/\"},\"sameAs\":[\"https:\/\/www.facebook.com\/CJMBCosmetiques\/?ref=aymt_homepage_panel\",\"https:\/\/www.instagram.com\/phyts_canada\/\",\"https:\/\/www.linkedin.com\/company\/3337211\/admin\/\",\"https:\/\/www.youtube.com\/channel\/UCEkP009p4XTU5lXjLkaKptA\"]}]}<\/script>\n<!-- \/ Yoast SEO plugin. -->","yoast_head_json":{"title":"Panacea Cream - PHYT&#039;S - Natural & organic cosmetics","description":"The essence of PHYT'S knowledge in a certified Organic ultimate cream which combines premium global anti-aging care and absolute pleasure of the senses.","robots":{"index":"index","follow":"follow","max-snippet":"max-snippet:-1","max-image-preview":"max-image-preview:large","max-video-preview":"max-video-preview:-1"},"canonical":"https:\/\/phytstore.com\/en\/product\/panacea-cream\/","og_locale":"en_US","og_type":"article","og_title":"Panacea Cream - PHYT&#039;S - Natural & organic cosmetics","og_description":"The essence of PHYT'S knowledge in a certified Organic ultimate cream which combines premium global anti-aging care and absolute pleasure of the senses.","og_url":"https:\/\/phytstore.com\/en\/product\/panacea-cream\/","og_site_name":"PHYT&#039;S","article_publisher":"https:\/\/www.facebook.com\/CJMBCosmetiques\/?ref=aymt_homepage_panel","article_modified_time":"2024-10-15T15:46:03+00:00","og_image":[{"width":900,"height":900,"url":"https:\/\/phytstore.com\/wp-content\/uploads\/2020\/03\/Panacee-La-Creme.jpg","type":"image\/jpeg"}],"twitter_card":"summary_large_image","twitter_misc":{"Est. reading time":"1 minute"},"schema":{"@context":"https:\/\/schema.org","@graph":[{"@type":"WebPage","@id":"https:\/\/phytstore.com\/en\/product\/panacea-cream\/","url":"https:\/\/phytstore.com\/en\/product\/panacea-cream\/","name":"Panacea Cream - PHYT&#039;S - Natural & organic cosmetics","isPartOf":{"@id":"https:\/\/phytstore.com\/en\/#website"},"primaryImageOfPage":{"@id":"https:\/\/phytstore.com\/en\/product\/panacea-cream\/#primaryimage"},"image":{"@id":"https:\/\/phytstore.com\/en\/product\/panacea-cream\/#primaryimage"},"thumbnailUrl":"https:\/\/phytstore.com\/wp-content\/uploads\/2020\/03\/Panacee-La-Creme.jpg","datePublished":"2020-03-28T23:56:26+00:00","dateModified":"2024-10-15T15:46:03+00:00","description":"The essence of PHYT'S knowledge in a certified Organic ultimate cream which combines premium global anti-aging care and absolute pleasure of the senses.","breadcrumb":{"@id":"https:\/\/phytstore.com\/en\/product\/panacea-cream\/#breadcrumb"},"inLanguage":"en-CA","potentialAction":[{"@type":"ReadAction","target":["https:\/\/phytstore.com\/en\/product\/panacea-cream\/"]}]},{"@type":"ImageObject","inLanguage":"en-CA","@id":"https:\/\/phytstore.com\/en\/product\/panacea-cream\/#primaryimage","url":"https:\/\/phytstore.com\/wp-content\/uploads\/2020\/03\/Panacee-La-Creme.jpg","contentUrl":"https:\/\/phytstore.com\/wp-content\/uploads\/2020\/03\/Panacee-La-Creme.jpg","width":900,"height":900},{"@type":"BreadcrumbList","@id":"https:\/\/phytstore.com\/en\/product\/panacea-cream\/#breadcrumb","itemListElement":[{"@type":"ListItem","position":1,"name":"Home","item":"https:\/\/phytstore.com\/en\/"},{"@type":"ListItem","position":2,"name":"Shop","item":"https:\/\/phytstore.com\/en\/shop\/"},{"@type":"ListItem","position":3,"name":"Face","item":"https:\/\/phytstore.com\/en\/organic-skin-care\/"},{"@type":"ListItem","position":4,"name":"Dehydration","item":"https:\/\/phytstore.com\/en\/organic-skin-care\/dehydration\/"},{"@type":"ListItem","position":5,"name":"Panacea Cream"}]},{"@type":"WebSite","@id":"https:\/\/phytstore.com\/en\/#website","url":"https:\/\/phytstore.com\/en\/","name":"PHYT&#039;S","description":"Fabricant et distributeur de soins certifi\u00e9s bio pour instituts de beaut\u00e9, spa et esth\u00e9ticiennes","publisher":{"@id":"https:\/\/phytstore.com\/en\/#organization"},"potentialAction":[{"@type":"SearchAction","target":{"@type":"EntryPoint","urlTemplate":"https:\/\/phytstore.com\/en\/?s={search_term_string}"},"query-input":{"@type":"PropertyValueSpecification","valueRequired":true,"valueName":"search_term_string"}}],"inLanguage":"en-CA"},{"@type":"Organization","@id":"https:\/\/phytstore.com\/en\/#organization","name":"Phyt's","url":"https:\/\/phytstore.com\/en\/","logo":{"@type":"ImageObject","inLanguage":"en-CA","@id":"https:\/\/phytstore.com\/en\/#\/schema\/logo\/image\/","url":"https:\/\/phytstore.com\/wp-content\/uploads\/2020\/03\/logo-phyts-e1585168986207.png","contentUrl":"https:\/\/phytstore.com\/wp-content\/uploads\/2020\/03\/logo-phyts-e1585168986207.png","width":200,"height":72,"caption":"Phyt's"},"image":{"@id":"https:\/\/phytstore.com\/en\/#\/schema\/logo\/image\/"},"sameAs":["https:\/\/www.facebook.com\/CJMBCosmetiques\/?ref=aymt_homepage_panel","https:\/\/www.instagram.com\/phyts_canada\/","https:\/\/www.linkedin.com\/company\/3337211\/admin\/","https:\/\/www.youtube.com\/channel\/UCEkP009p4XTU5lXjLkaKptA"]}]}},"jetpack_sharing_enabled":true,"_links":{"self":[{"href":"https:\/\/phytstore.com\/en\/wp-json\/wp\/v2\/product\/2768","targetHints":{"allow":["GET"]}}],"collection":[{"href":"https:\/\/phytstore.com\/en\/wp-json\/wp\/v2\/product"}],"about":[{"href":"https:\/\/phytstore.com\/en\/wp-json\/wp\/v2\/types\/product"}],"replies":[{"embeddable":true,"href":"https:\/\/phytstore.com\/en\/wp-json\/wp\/v2\/comments?post=2768"}],"wp:featuredmedia":[{"embeddable":true,"href":"https:\/\/phytstore.com\/en\/wp-json\/wp\/v2\/media\/6351"}],"wp:attachment":[{"href":"https:\/\/phytstore.com\/en\/wp-json\/wp\/v2\/media?parent=2768"}],"wp:term":[{"taxonomy":"product_brand","embeddable":true,"href":"https:\/\/phytstore.com\/en\/wp-json\/wp\/v2\/product_brand?post=2768"},{"taxonomy":"product_cat","embeddable":true,"href":"https:\/\/phytstore.com\/en\/wp-json\/wp\/v2\/product_cat?post=2768"},{"taxonomy":"product_tag","embeddable":true,"href":"https:\/\/phytstore.com\/en\/wp-json\/wp\/v2\/product_tag?post=2768"}],"curies":[{"name":"wp","href":"https:\/\/api.w.org\/{rel}","templated":true}]}}