{"id":2765,"date":"2020-03-28T19:56:25","date_gmt":"2020-03-28T23:56:25","guid":{"rendered":"https:\/\/phytstore.com\/produit\/serum-multi-vita\/"},"modified":"2023-07-11T14:02:29","modified_gmt":"2023-07-11T18:02:29","slug":"serum-multi-vita","status":"publish","type":"product","link":"https:\/\/phytstore.com\/en\/product\/multi-vita-serum\/","title":{"rendered":"Multi-Vita Serum"},"content":{"rendered":"<p>The Organic Multi-Vita Serum has an immediate tightening effect. I<span class=\"Y2IQFc\" lang=\"en\">ndeed, this booster aqueous serum <\/span>contains a cocktail of anti-aging and firming* multi-vitamined active ingredients, including wheat ceramides, provitamin A and vitamin C. It then improves tone, elasticity, hydration and texture of the skin, for a visibly firmer* and youthfully radiant skin. You&#8217;ll love it!<br \/>\n<em>* via hydration<\/em><\/p>\n<div id=\"tw-plp\" class=\"pcCUmf vCOSGb\" data-fpen=\"1\">\n<div class=\"hhB0V\">\n<h2 id=\"tw-tl\" class=\"j1iyq\" tabindex=\"0\" role=\"button\" data-lang=\"en\" data-ved=\"2ahUKEwjctavTs9D2AhXkjokEHSUhAaAQ8jR6BAgCEAU\"><strong>Active ingredients :<\/strong><\/h2>\n<div class=\"j1iyq\" tabindex=\"0\" role=\"button\" data-lang=\"en\" data-ved=\"2ahUKEwjctavTs9D2AhXkjokEHSUhAaAQ8jR6BAgCEAU\">Cerawheat\u00ae, Yeast, Beta-carotene (provitamin A), Acerola* (vitamin C), Lemon*, Gentian*, Zinc, Palmarosa*, Lavandin*, Vegetal Vitamin E<\/div>\n<div class=\"j1iyq\" tabindex=\"0\" role=\"button\" data-lang=\"en\" data-ved=\"2ahUKEwjctavTs9D2AhXkjokEHSUhAaAQ8jR6BAgCEAU\"><em>* ingredients from Organic Farming<\/em><\/div>\n<\/div>\n<\/div>\n<h2><strong>How to apply my multi-vita serum ?<\/strong><\/h2>\n<p>Morning and evening, after cleansing, apply all over face, eyes &amp; lips contour, neck and cleavage. Then apply a PHYT&#8217;S daily care.<br \/>\n<strong>Tips :<\/strong> For best anti-aging results, apply then the <strong><a href=\"https:\/\/phytstore.com\/produit\/creme-absolue\/\">Absolute<\/a><\/strong>, the <strong><a href=\"https:\/\/phytstore.com\/produit\/creme-phytonagre\/\">Phytonagre<\/a> <\/strong>or the <strong><a href=\"https:\/\/phytstore.com\/en\/product\/anti-aging-night-cream\/\">Anti-Aging Night Cream<\/a><\/strong>, or the <strong><a href=\"https:\/\/phytstore.com\/produit\/serum-anti-rides\/\">Anti-Wrinkle Serum<\/a><\/strong>. In addition, once or twice a week, exfoliate the skin then complete with the <strong><a href=\"https:\/\/phytstore.com\/en\/product\/anti-wrinkle-firmness-mask\/\">Anti-Wrinkle Firmness Mask<\/a><\/strong>.<\/p>\n","protected":false},"excerpt":{"rendered":"<p><img loading=\"lazy\" decoding=\"async\" class=\"alignnone size-full wp-image-4920\" src=\"https:\/\/phytstore.com\/wp-content\/uploads\/2020\/07\/Bio-100-Vegan-Efficacite-11.png\" alt=\"\" width=\"274\" height=\"53\" \/><\/p>\n<p>Lifting*, anti-aging &amp; radiance booster<\/p>\n<p><strong>Skin type :<\/strong> All mature skin types<br \/>\n<strong>Expectations :<\/strong> Lifts*, regenerates*, hydrates, softens, brightens<br \/>\n<strong>Presentation :<\/strong> 30 ml nozzle-tube<\/p>\n","protected":false},"featured_media":2356,"comment_status":"closed","ping_status":"closed","template":"","meta":{"_acf_changed":false,"inline_featured_image":false},"product_brand":[],"product_cat":[80,233,235,237,254],"product_tag":[],"class_list":{"0":"post-2765","1":"product","2":"type-product","3":"status-publish","4":"has-post-thumbnail","6":"product_cat-anti-age-aromalliance-en","7":"product_cat-lack-of-radiance","8":"product_cat-lack-of-firmness-en","9":"product_cat-first-signs-of-aging","10":"product_cat-booster-serums-concentrates","12":"first","13":"instock","14":"taxable","15":"shipping-taxable","16":"purchasable","17":"product-type-simple"},"acf":[],"yoast_head":"<!-- This site is optimized with the Yoast SEO plugin v27.1.1 - https:\/\/yoast.com\/product\/yoast-seo-wordpress\/ -->\n<title>Multi-vita Serum - PHYT&#039;S - 100% natural &amp; organic cosmectics<\/title>\n<meta name=\"description\" content=\"This anti-ageing serum has an immediate tightening effect, improving tone, elasticity and texture for visibly youthfully radiant skin.\" \/>\n<meta name=\"robots\" content=\"index, follow, max-snippet:-1, max-image-preview:large, max-video-preview:-1\" \/>\n<link rel=\"canonical\" href=\"https:\/\/phytstore.com\/en\/product\/multi-vita-serum\/\" \/>\n<meta property=\"og:locale\" content=\"en_US\" \/>\n<meta property=\"og:type\" content=\"article\" \/>\n<meta property=\"og:title\" content=\"Multi-vita Serum - PHYT&#039;S - 100% natural &amp; organic cosmectics\" \/>\n<meta property=\"og:description\" content=\"This anti-ageing serum has an immediate tightening effect, improving tone, elasticity and texture for visibly youthfully radiant skin.\" \/>\n<meta property=\"og:url\" content=\"https:\/\/phytstore.com\/en\/product\/multi-vita-serum\/\" \/>\n<meta property=\"og:site_name\" content=\"PHYT&#039;S\" \/>\n<meta property=\"article:publisher\" content=\"https:\/\/www.facebook.com\/CJMBCosmetiques\/?ref=aymt_homepage_panel\" \/>\n<meta property=\"article:modified_time\" content=\"2023-07-11T18:02:29+00:00\" \/>\n<meta property=\"og:image\" content=\"https:\/\/phytstore.com\/wp-content\/uploads\/2020\/03\/multivita.jpg\" \/>\n\t<meta property=\"og:image:width\" content=\"534\" \/>\n\t<meta property=\"og:image:height\" content=\"534\" \/>\n\t<meta property=\"og:image:type\" content=\"image\/jpeg\" \/>\n<meta name=\"twitter:card\" content=\"summary_large_image\" \/>\n<meta name=\"twitter:label1\" content=\"Est. reading time\" \/>\n\t<meta name=\"twitter:data1\" content=\"1 minute\" \/>\n<script type=\"application\/ld+json\" class=\"yoast-schema-graph\">{\"@context\":\"https:\/\/schema.org\",\"@graph\":[{\"@type\":\"WebPage\",\"@id\":\"https:\/\/phytstore.com\/en\/product\/multi-vita-serum\/\",\"url\":\"https:\/\/phytstore.com\/en\/product\/multi-vita-serum\/\",\"name\":\"Multi-vita Serum - PHYT&#039;S - 100% natural & organic cosmectics\",\"isPartOf\":{\"@id\":\"https:\/\/phytstore.com\/en\/#website\"},\"primaryImageOfPage\":{\"@id\":\"https:\/\/phytstore.com\/en\/product\/multi-vita-serum\/#primaryimage\"},\"image\":{\"@id\":\"https:\/\/phytstore.com\/en\/product\/multi-vita-serum\/#primaryimage\"},\"thumbnailUrl\":\"https:\/\/phytstore.com\/wp-content\/uploads\/2020\/03\/multivita.jpg\",\"datePublished\":\"2020-03-28T23:56:25+00:00\",\"dateModified\":\"2023-07-11T18:02:29+00:00\",\"description\":\"This anti-ageing serum has an immediate tightening effect, improving tone, elasticity and texture for visibly youthfully radiant skin.\",\"breadcrumb\":{\"@id\":\"https:\/\/phytstore.com\/en\/product\/multi-vita-serum\/#breadcrumb\"},\"inLanguage\":\"en-CA\",\"potentialAction\":[{\"@type\":\"ReadAction\",\"target\":[\"https:\/\/phytstore.com\/en\/product\/multi-vita-serum\/\"]}]},{\"@type\":\"ImageObject\",\"inLanguage\":\"en-CA\",\"@id\":\"https:\/\/phytstore.com\/en\/product\/multi-vita-serum\/#primaryimage\",\"url\":\"https:\/\/phytstore.com\/wp-content\/uploads\/2020\/03\/multivita.jpg\",\"contentUrl\":\"https:\/\/phytstore.com\/wp-content\/uploads\/2020\/03\/multivita.jpg\",\"width\":534,\"height\":534,\"caption\":\"S\u00e9rum multivita\"},{\"@type\":\"BreadcrumbList\",\"@id\":\"https:\/\/phytstore.com\/en\/product\/multi-vita-serum\/#breadcrumb\",\"itemListElement\":[{\"@type\":\"ListItem\",\"position\":1,\"name\":\"Home\",\"item\":\"https:\/\/phytstore.com\/en\/\"},{\"@type\":\"ListItem\",\"position\":2,\"name\":\"Shop\",\"item\":\"https:\/\/phytstore.com\/en\/shop\/\"},{\"@type\":\"ListItem\",\"position\":3,\"name\":\"Face\",\"item\":\"https:\/\/phytstore.com\/en\/organic-skin-care\/\"},{\"@type\":\"ListItem\",\"position\":4,\"name\":\"Lack of Radiance\",\"item\":\"https:\/\/phytstore.com\/en\/organic-skin-care\/lack-of-radiance\/\"},{\"@type\":\"ListItem\",\"position\":5,\"name\":\"Multi-Vita Serum\"}]},{\"@type\":\"WebSite\",\"@id\":\"https:\/\/phytstore.com\/en\/#website\",\"url\":\"https:\/\/phytstore.com\/en\/\",\"name\":\"PHYT&#039;S\",\"description\":\"Fabricant et distributeur de soins certifi\u00e9s bio pour instituts de beaut\u00e9, spa et esth\u00e9ticiennes\",\"publisher\":{\"@id\":\"https:\/\/phytstore.com\/en\/#organization\"},\"potentialAction\":[{\"@type\":\"SearchAction\",\"target\":{\"@type\":\"EntryPoint\",\"urlTemplate\":\"https:\/\/phytstore.com\/en\/?s={search_term_string}\"},\"query-input\":{\"@type\":\"PropertyValueSpecification\",\"valueRequired\":true,\"valueName\":\"search_term_string\"}}],\"inLanguage\":\"en-CA\"},{\"@type\":\"Organization\",\"@id\":\"https:\/\/phytstore.com\/en\/#organization\",\"name\":\"Phyt's\",\"url\":\"https:\/\/phytstore.com\/en\/\",\"logo\":{\"@type\":\"ImageObject\",\"inLanguage\":\"en-CA\",\"@id\":\"https:\/\/phytstore.com\/en\/#\/schema\/logo\/image\/\",\"url\":\"https:\/\/phytstore.com\/wp-content\/uploads\/2020\/03\/logo-phyts-e1585168986207.png\",\"contentUrl\":\"https:\/\/phytstore.com\/wp-content\/uploads\/2020\/03\/logo-phyts-e1585168986207.png\",\"width\":200,\"height\":72,\"caption\":\"Phyt's\"},\"image\":{\"@id\":\"https:\/\/phytstore.com\/en\/#\/schema\/logo\/image\/\"},\"sameAs\":[\"https:\/\/www.facebook.com\/CJMBCosmetiques\/?ref=aymt_homepage_panel\",\"https:\/\/www.instagram.com\/phyts_canada\/\",\"https:\/\/www.linkedin.com\/company\/3337211\/admin\/\",\"https:\/\/www.youtube.com\/channel\/UCEkP009p4XTU5lXjLkaKptA\"]}]}<\/script>\n<!-- \/ Yoast SEO plugin. -->","yoast_head_json":{"title":"Multi-vita Serum - PHYT&#039;S - 100% natural & organic cosmectics","description":"This anti-ageing serum has an immediate tightening effect, improving tone, elasticity and texture for visibly youthfully radiant skin.","robots":{"index":"index","follow":"follow","max-snippet":"max-snippet:-1","max-image-preview":"max-image-preview:large","max-video-preview":"max-video-preview:-1"},"canonical":"https:\/\/phytstore.com\/en\/product\/multi-vita-serum\/","og_locale":"en_US","og_type":"article","og_title":"Multi-vita Serum - PHYT&#039;S - 100% natural & organic cosmectics","og_description":"This anti-ageing serum has an immediate tightening effect, improving tone, elasticity and texture for visibly youthfully radiant skin.","og_url":"https:\/\/phytstore.com\/en\/product\/multi-vita-serum\/","og_site_name":"PHYT&#039;S","article_publisher":"https:\/\/www.facebook.com\/CJMBCosmetiques\/?ref=aymt_homepage_panel","article_modified_time":"2023-07-11T18:02:29+00:00","og_image":[{"width":534,"height":534,"url":"https:\/\/phytstore.com\/wp-content\/uploads\/2020\/03\/multivita.jpg","type":"image\/jpeg"}],"twitter_card":"summary_large_image","twitter_misc":{"Est. reading time":"1 minute"},"schema":{"@context":"https:\/\/schema.org","@graph":[{"@type":"WebPage","@id":"https:\/\/phytstore.com\/en\/product\/multi-vita-serum\/","url":"https:\/\/phytstore.com\/en\/product\/multi-vita-serum\/","name":"Multi-vita Serum - PHYT&#039;S - 100% natural & organic cosmectics","isPartOf":{"@id":"https:\/\/phytstore.com\/en\/#website"},"primaryImageOfPage":{"@id":"https:\/\/phytstore.com\/en\/product\/multi-vita-serum\/#primaryimage"},"image":{"@id":"https:\/\/phytstore.com\/en\/product\/multi-vita-serum\/#primaryimage"},"thumbnailUrl":"https:\/\/phytstore.com\/wp-content\/uploads\/2020\/03\/multivita.jpg","datePublished":"2020-03-28T23:56:25+00:00","dateModified":"2023-07-11T18:02:29+00:00","description":"This anti-ageing serum has an immediate tightening effect, improving tone, elasticity and texture for visibly youthfully radiant skin.","breadcrumb":{"@id":"https:\/\/phytstore.com\/en\/product\/multi-vita-serum\/#breadcrumb"},"inLanguage":"en-CA","potentialAction":[{"@type":"ReadAction","target":["https:\/\/phytstore.com\/en\/product\/multi-vita-serum\/"]}]},{"@type":"ImageObject","inLanguage":"en-CA","@id":"https:\/\/phytstore.com\/en\/product\/multi-vita-serum\/#primaryimage","url":"https:\/\/phytstore.com\/wp-content\/uploads\/2020\/03\/multivita.jpg","contentUrl":"https:\/\/phytstore.com\/wp-content\/uploads\/2020\/03\/multivita.jpg","width":534,"height":534,"caption":"S\u00e9rum multivita"},{"@type":"BreadcrumbList","@id":"https:\/\/phytstore.com\/en\/product\/multi-vita-serum\/#breadcrumb","itemListElement":[{"@type":"ListItem","position":1,"name":"Home","item":"https:\/\/phytstore.com\/en\/"},{"@type":"ListItem","position":2,"name":"Shop","item":"https:\/\/phytstore.com\/en\/shop\/"},{"@type":"ListItem","position":3,"name":"Face","item":"https:\/\/phytstore.com\/en\/organic-skin-care\/"},{"@type":"ListItem","position":4,"name":"Lack of Radiance","item":"https:\/\/phytstore.com\/en\/organic-skin-care\/lack-of-radiance\/"},{"@type":"ListItem","position":5,"name":"Multi-Vita Serum"}]},{"@type":"WebSite","@id":"https:\/\/phytstore.com\/en\/#website","url":"https:\/\/phytstore.com\/en\/","name":"PHYT&#039;S","description":"Fabricant et distributeur de soins certifi\u00e9s bio pour instituts de beaut\u00e9, spa et esth\u00e9ticiennes","publisher":{"@id":"https:\/\/phytstore.com\/en\/#organization"},"potentialAction":[{"@type":"SearchAction","target":{"@type":"EntryPoint","urlTemplate":"https:\/\/phytstore.com\/en\/?s={search_term_string}"},"query-input":{"@type":"PropertyValueSpecification","valueRequired":true,"valueName":"search_term_string"}}],"inLanguage":"en-CA"},{"@type":"Organization","@id":"https:\/\/phytstore.com\/en\/#organization","name":"Phyt's","url":"https:\/\/phytstore.com\/en\/","logo":{"@type":"ImageObject","inLanguage":"en-CA","@id":"https:\/\/phytstore.com\/en\/#\/schema\/logo\/image\/","url":"https:\/\/phytstore.com\/wp-content\/uploads\/2020\/03\/logo-phyts-e1585168986207.png","contentUrl":"https:\/\/phytstore.com\/wp-content\/uploads\/2020\/03\/logo-phyts-e1585168986207.png","width":200,"height":72,"caption":"Phyt's"},"image":{"@id":"https:\/\/phytstore.com\/en\/#\/schema\/logo\/image\/"},"sameAs":["https:\/\/www.facebook.com\/CJMBCosmetiques\/?ref=aymt_homepage_panel","https:\/\/www.instagram.com\/phyts_canada\/","https:\/\/www.linkedin.com\/company\/3337211\/admin\/","https:\/\/www.youtube.com\/channel\/UCEkP009p4XTU5lXjLkaKptA"]}]}},"jetpack_sharing_enabled":true,"_links":{"self":[{"href":"https:\/\/phytstore.com\/en\/wp-json\/wp\/v2\/product\/2765","targetHints":{"allow":["GET"]}}],"collection":[{"href":"https:\/\/phytstore.com\/en\/wp-json\/wp\/v2\/product"}],"about":[{"href":"https:\/\/phytstore.com\/en\/wp-json\/wp\/v2\/types\/product"}],"replies":[{"embeddable":true,"href":"https:\/\/phytstore.com\/en\/wp-json\/wp\/v2\/comments?post=2765"}],"wp:featuredmedia":[{"embeddable":true,"href":"https:\/\/phytstore.com\/en\/wp-json\/wp\/v2\/media\/2356"}],"wp:attachment":[{"href":"https:\/\/phytstore.com\/en\/wp-json\/wp\/v2\/media?parent=2765"}],"wp:term":[{"taxonomy":"product_brand","embeddable":true,"href":"https:\/\/phytstore.com\/en\/wp-json\/wp\/v2\/product_brand?post=2765"},{"taxonomy":"product_cat","embeddable":true,"href":"https:\/\/phytstore.com\/en\/wp-json\/wp\/v2\/product_cat?post=2765"},{"taxonomy":"product_tag","embeddable":true,"href":"https:\/\/phytstore.com\/en\/wp-json\/wp\/v2\/product_tag?post=2765"}],"curies":[{"name":"wp","href":"https:\/\/api.w.org\/{rel}","templated":true}]}}