{"id":2764,"date":"2020-03-28T19:56:25","date_gmt":"2020-03-28T23:56:25","guid":{"rendered":"https:\/\/phytstore.com\/produit\/serum-anti-rides\/"},"modified":"2024-05-30T11:20:20","modified_gmt":"2024-05-30T15:20:20","slug":"serum-anti-rides","status":"publish","type":"product","link":"https:\/\/phytstore.com\/en\/product\/anti-wrinkle-serum\/","title":{"rendered":"Anti-Wrinkle Serum"},"content":{"rendered":"<p>This Organic anti-wrinkle serum, highly nourishing* and regenerating* phytocomplex, rich in vegetal and essential oils, reduces and smoothes the appearance of wrinkles. <span lang=\"en\">It improves the elasticity of the skin and reduces the appearance of aging signs. Supple, nourished*, and comfortable, the skin appears visibly younger and revitalized.<\/span><br \/>\n<em>* via hydration<\/em><\/p>\n<h2><strong>Active ingredients :<\/strong><\/h2>\n<p>Wheatgerm, Castor*, Hazelnut*, Sunflower*, Cypress*, Rosemary*, Thyme*, Lavender*, Vegetal Vitamin E<br \/>\n<em>* ingredients from Organic Farming<\/em><\/p>\n<h2><strong>How do I use my anti-wrinkle face serum?<\/strong><\/h2>\n<p>For an <strong>effective application of your anti-aging serum<\/strong>, first clean your face with a gentle cleanser. Then, each time, apply a few drops of the serum to your face and neck, massaging gently for <strong>complete absorption<\/strong>.<\/p>\n<p>Amplify the effect by applying the\u00a0<a href=\"https:\/\/phytstore.com\/en\/product\/multi-vita-serum\/\">Multi-Vita Serum<\/a> before the anti-aging serum in the evening. In the morning, hydrate and protect with the\u00a0<a href=\"https:\/\/phytstore.com\/en\/product\/absolute-cream\/\">Absolute Cream<\/a>, and don&#8217;t forget to apply sunscreen to safeguard your skin tone and avoid irritation. Include the<a href=\"https:\/\/phytstore.com\/en\/product\/anti-wrinkle-firmness-mask\/\"> Anti-Wrinkle Firmness Mask<\/a> once or twice a week for an intensive skin care treatment. Finally, stay hydrated by drinking water, which is essential for healthy skin.<\/p>\n<p>This anti-wrinkle serum can replace night cream.<\/p>\n<p>Discover our complete range of\u00a0<a href=\"https:\/\/phytstore.com\/en\/organic-skin-care\/wrinkles-skin-aging\/\">anti-aging products<\/a>, designed to meet the needs of various skin types and effectively fight signs of aging.<\/p>\n<h2><strong>Why use a serum for your wrinkles?<\/strong><\/h2>\n<p>Using an anti-wrinkle serum is essential to <strong>specifically target the visible signs of aging<\/strong>, including deep wrinkles. Concentrated in active ingredients, it features a blend of extracts known for their abilities to enhance skin texture and redefine facial contours.<\/p>\n<p>The powerful ingredients of the formulation of this lightweight serum penetrate deeply into the skin, promoting the reduction of wrinkles and fine lines.<\/p>\n<p>The anti-wrinkle face serum <strong>boosts hydration and cell turnover<\/strong>, thereby offering firmer, smoother, and more radiant skin. It\u2019s a valuable ally for maintaining skin elasticity and delaying the physical signs of aging.<\/p>\n<p>Elevate your beauty routine with this skin care product, soon to be your favourite serum for addressing skin concerns. Experience visible improvements with the best care and beauty routines!<\/p>\n","protected":false},"excerpt":{"rendered":"<p><img loading=\"lazy\" decoding=\"async\" class=\"alignnone size-full wp-image-4920\" src=\"https:\/\/phytstore.com\/wp-content\/uploads\/2020\/07\/Bio-100-Vegan-Efficacite-11.png\" alt=\"\" width=\"274\" height=\"53\" \/><\/p>\n<p>Powerful anti-aging oily concentrate<\/p>\n<p><strong>Skin type :<\/strong> Normal to dry mature skin<br \/>\n<strong>Expectations :<\/strong> Regenerates*, smoothes, nourishes*<br \/>\n<strong>Presentation :<\/strong> 15 ml drop-bottle<\/p>\n","protected":false},"featured_media":6121,"comment_status":"closed","ping_status":"closed","template":"","meta":{"_acf_changed":false,"inline_featured_image":false},"product_brand":[],"product_cat":[80,238,240,245],"product_tag":[],"class_list":{"0":"post-2764","1":"product","2":"type-product","3":"status-publish","4":"has-post-thumbnail","6":"product_cat-anti-age-aromalliance-en","7":"product_cat-wrinkles-skin-aging","8":"product_cat-dryness","9":"product_cat-night-creams-serums","11":"first","12":"instock","13":"taxable","14":"shipping-taxable","15":"purchasable","16":"product-type-simple"},"acf":[],"yoast_head":"<!-- This site is optimized with the Yoast SEO plugin v27.1.1 - https:\/\/yoast.com\/product\/yoast-seo-wordpress\/ -->\n<title>Anti-Wrinkle Serum - Organic and 100% Natural - PHYT&#039;S<\/title>\n<meta name=\"description\" content=\"Discover our Organic and 100% natural Anti-Wrinkle Serum to effectively combat signs of aging and visibly reduce the appearance of wrinkles.\" \/>\n<meta name=\"robots\" content=\"index, follow, max-snippet:-1, max-image-preview:large, max-video-preview:-1\" \/>\n<link rel=\"canonical\" href=\"https:\/\/phytstore.com\/en\/product\/anti-wrinkle-serum\/\" \/>\n<meta property=\"og:locale\" content=\"en_US\" \/>\n<meta property=\"og:type\" content=\"article\" \/>\n<meta property=\"og:title\" content=\"Anti-Wrinkle Serum - Organic and 100% Natural - PHYT&#039;S\" \/>\n<meta property=\"og:description\" content=\"Discover our Organic and 100% natural Anti-Wrinkle Serum to effectively combat signs of aging and visibly reduce the appearance of wrinkles.\" \/>\n<meta property=\"og:url\" content=\"https:\/\/phytstore.com\/en\/product\/anti-wrinkle-serum\/\" \/>\n<meta property=\"og:site_name\" content=\"PHYT&#039;S\" \/>\n<meta property=\"article:publisher\" content=\"https:\/\/www.facebook.com\/CJMBCosmetiques\/?ref=aymt_homepage_panel\" \/>\n<meta property=\"article:modified_time\" content=\"2024-05-30T15:20:20+00:00\" \/>\n<meta property=\"og:image\" content=\"https:\/\/phytstore.com\/wp-content\/uploads\/2020\/03\/Serum-Anti-Rides.png\" \/>\n\t<meta property=\"og:image:width\" content=\"1240\" \/>\n\t<meta property=\"og:image:height\" content=\"1239\" \/>\n\t<meta property=\"og:image:type\" content=\"image\/png\" \/>\n<meta name=\"twitter:card\" content=\"summary_large_image\" \/>\n<meta name=\"twitter:label1\" content=\"Est. reading time\" \/>\n\t<meta name=\"twitter:data1\" content=\"2 minutes\" \/>\n<script type=\"application\/ld+json\" class=\"yoast-schema-graph\">{\"@context\":\"https:\/\/schema.org\",\"@graph\":[{\"@type\":\"WebPage\",\"@id\":\"https:\/\/phytstore.com\/en\/product\/anti-wrinkle-serum\/\",\"url\":\"https:\/\/phytstore.com\/en\/product\/anti-wrinkle-serum\/\",\"name\":\"Anti-Wrinkle Serum - Organic and 100% Natural - PHYT'S\",\"isPartOf\":{\"@id\":\"https:\/\/phytstore.com\/en\/#website\"},\"primaryImageOfPage\":{\"@id\":\"https:\/\/phytstore.com\/en\/product\/anti-wrinkle-serum\/#primaryimage\"},\"image\":{\"@id\":\"https:\/\/phytstore.com\/en\/product\/anti-wrinkle-serum\/#primaryimage\"},\"thumbnailUrl\":\"https:\/\/phytstore.com\/wp-content\/uploads\/2020\/03\/Serum-Anti-Rides.png\",\"datePublished\":\"2020-03-28T23:56:25+00:00\",\"dateModified\":\"2024-05-30T15:20:20+00:00\",\"description\":\"Discover our Organic and 100% natural Anti-Wrinkle Serum to effectively combat signs of aging and visibly reduce the appearance of wrinkles.\",\"breadcrumb\":{\"@id\":\"https:\/\/phytstore.com\/en\/product\/anti-wrinkle-serum\/#breadcrumb\"},\"inLanguage\":\"en-CA\",\"potentialAction\":[{\"@type\":\"ReadAction\",\"target\":[\"https:\/\/phytstore.com\/en\/product\/anti-wrinkle-serum\/\"]}]},{\"@type\":\"ImageObject\",\"inLanguage\":\"en-CA\",\"@id\":\"https:\/\/phytstore.com\/en\/product\/anti-wrinkle-serum\/#primaryimage\",\"url\":\"https:\/\/phytstore.com\/wp-content\/uploads\/2020\/03\/Serum-Anti-Rides.png\",\"contentUrl\":\"https:\/\/phytstore.com\/wp-content\/uploads\/2020\/03\/Serum-Anti-Rides.png\",\"width\":1240,\"height\":1239,\"caption\":\"anti wrinkle face serum\"},{\"@type\":\"BreadcrumbList\",\"@id\":\"https:\/\/phytstore.com\/en\/product\/anti-wrinkle-serum\/#breadcrumb\",\"itemListElement\":[{\"@type\":\"ListItem\",\"position\":1,\"name\":\"Home\",\"item\":\"https:\/\/phytstore.com\/en\/\"},{\"@type\":\"ListItem\",\"position\":2,\"name\":\"Shop\",\"item\":\"https:\/\/phytstore.com\/en\/shop\/\"},{\"@type\":\"ListItem\",\"position\":3,\"name\":\"Face\",\"item\":\"https:\/\/phytstore.com\/en\/organic-skin-care\/\"},{\"@type\":\"ListItem\",\"position\":4,\"name\":\"Dryness\",\"item\":\"https:\/\/phytstore.com\/en\/organic-skin-care\/dryness\/\"},{\"@type\":\"ListItem\",\"position\":5,\"name\":\"Anti-Wrinkle Serum\"}]},{\"@type\":\"WebSite\",\"@id\":\"https:\/\/phytstore.com\/en\/#website\",\"url\":\"https:\/\/phytstore.com\/en\/\",\"name\":\"PHYT&#039;S\",\"description\":\"Fabricant et distributeur de soins certifi\u00e9s bio pour instituts de beaut\u00e9, spa et esth\u00e9ticiennes\",\"publisher\":{\"@id\":\"https:\/\/phytstore.com\/en\/#organization\"},\"potentialAction\":[{\"@type\":\"SearchAction\",\"target\":{\"@type\":\"EntryPoint\",\"urlTemplate\":\"https:\/\/phytstore.com\/en\/?s={search_term_string}\"},\"query-input\":{\"@type\":\"PropertyValueSpecification\",\"valueRequired\":true,\"valueName\":\"search_term_string\"}}],\"inLanguage\":\"en-CA\"},{\"@type\":\"Organization\",\"@id\":\"https:\/\/phytstore.com\/en\/#organization\",\"name\":\"Phyt's\",\"url\":\"https:\/\/phytstore.com\/en\/\",\"logo\":{\"@type\":\"ImageObject\",\"inLanguage\":\"en-CA\",\"@id\":\"https:\/\/phytstore.com\/en\/#\/schema\/logo\/image\/\",\"url\":\"https:\/\/phytstore.com\/wp-content\/uploads\/2020\/03\/logo-phyts-e1585168986207.png\",\"contentUrl\":\"https:\/\/phytstore.com\/wp-content\/uploads\/2020\/03\/logo-phyts-e1585168986207.png\",\"width\":200,\"height\":72,\"caption\":\"Phyt's\"},\"image\":{\"@id\":\"https:\/\/phytstore.com\/en\/#\/schema\/logo\/image\/\"},\"sameAs\":[\"https:\/\/www.facebook.com\/CJMBCosmetiques\/?ref=aymt_homepage_panel\",\"https:\/\/www.instagram.com\/phyts_canada\/\",\"https:\/\/www.linkedin.com\/company\/3337211\/admin\/\",\"https:\/\/www.youtube.com\/channel\/UCEkP009p4XTU5lXjLkaKptA\"]}]}<\/script>\n<!-- \/ Yoast SEO plugin. -->","yoast_head_json":{"title":"Anti-Wrinkle Serum - Organic and 100% Natural - PHYT'S","description":"Discover our Organic and 100% natural Anti-Wrinkle Serum to effectively combat signs of aging and visibly reduce the appearance of wrinkles.","robots":{"index":"index","follow":"follow","max-snippet":"max-snippet:-1","max-image-preview":"max-image-preview:large","max-video-preview":"max-video-preview:-1"},"canonical":"https:\/\/phytstore.com\/en\/product\/anti-wrinkle-serum\/","og_locale":"en_US","og_type":"article","og_title":"Anti-Wrinkle Serum - Organic and 100% Natural - PHYT'S","og_description":"Discover our Organic and 100% natural Anti-Wrinkle Serum to effectively combat signs of aging and visibly reduce the appearance of wrinkles.","og_url":"https:\/\/phytstore.com\/en\/product\/anti-wrinkle-serum\/","og_site_name":"PHYT&#039;S","article_publisher":"https:\/\/www.facebook.com\/CJMBCosmetiques\/?ref=aymt_homepage_panel","article_modified_time":"2024-05-30T15:20:20+00:00","og_image":[{"width":1240,"height":1239,"url":"https:\/\/phytstore.com\/wp-content\/uploads\/2020\/03\/Serum-Anti-Rides.png","type":"image\/png"}],"twitter_card":"summary_large_image","twitter_misc":{"Est. reading time":"2 minutes"},"schema":{"@context":"https:\/\/schema.org","@graph":[{"@type":"WebPage","@id":"https:\/\/phytstore.com\/en\/product\/anti-wrinkle-serum\/","url":"https:\/\/phytstore.com\/en\/product\/anti-wrinkle-serum\/","name":"Anti-Wrinkle Serum - Organic and 100% Natural - PHYT'S","isPartOf":{"@id":"https:\/\/phytstore.com\/en\/#website"},"primaryImageOfPage":{"@id":"https:\/\/phytstore.com\/en\/product\/anti-wrinkle-serum\/#primaryimage"},"image":{"@id":"https:\/\/phytstore.com\/en\/product\/anti-wrinkle-serum\/#primaryimage"},"thumbnailUrl":"https:\/\/phytstore.com\/wp-content\/uploads\/2020\/03\/Serum-Anti-Rides.png","datePublished":"2020-03-28T23:56:25+00:00","dateModified":"2024-05-30T15:20:20+00:00","description":"Discover our Organic and 100% natural Anti-Wrinkle Serum to effectively combat signs of aging and visibly reduce the appearance of wrinkles.","breadcrumb":{"@id":"https:\/\/phytstore.com\/en\/product\/anti-wrinkle-serum\/#breadcrumb"},"inLanguage":"en-CA","potentialAction":[{"@type":"ReadAction","target":["https:\/\/phytstore.com\/en\/product\/anti-wrinkle-serum\/"]}]},{"@type":"ImageObject","inLanguage":"en-CA","@id":"https:\/\/phytstore.com\/en\/product\/anti-wrinkle-serum\/#primaryimage","url":"https:\/\/phytstore.com\/wp-content\/uploads\/2020\/03\/Serum-Anti-Rides.png","contentUrl":"https:\/\/phytstore.com\/wp-content\/uploads\/2020\/03\/Serum-Anti-Rides.png","width":1240,"height":1239,"caption":"anti wrinkle face serum"},{"@type":"BreadcrumbList","@id":"https:\/\/phytstore.com\/en\/product\/anti-wrinkle-serum\/#breadcrumb","itemListElement":[{"@type":"ListItem","position":1,"name":"Home","item":"https:\/\/phytstore.com\/en\/"},{"@type":"ListItem","position":2,"name":"Shop","item":"https:\/\/phytstore.com\/en\/shop\/"},{"@type":"ListItem","position":3,"name":"Face","item":"https:\/\/phytstore.com\/en\/organic-skin-care\/"},{"@type":"ListItem","position":4,"name":"Dryness","item":"https:\/\/phytstore.com\/en\/organic-skin-care\/dryness\/"},{"@type":"ListItem","position":5,"name":"Anti-Wrinkle Serum"}]},{"@type":"WebSite","@id":"https:\/\/phytstore.com\/en\/#website","url":"https:\/\/phytstore.com\/en\/","name":"PHYT&#039;S","description":"Fabricant et distributeur de soins certifi\u00e9s bio pour instituts de beaut\u00e9, spa et esth\u00e9ticiennes","publisher":{"@id":"https:\/\/phytstore.com\/en\/#organization"},"potentialAction":[{"@type":"SearchAction","target":{"@type":"EntryPoint","urlTemplate":"https:\/\/phytstore.com\/en\/?s={search_term_string}"},"query-input":{"@type":"PropertyValueSpecification","valueRequired":true,"valueName":"search_term_string"}}],"inLanguage":"en-CA"},{"@type":"Organization","@id":"https:\/\/phytstore.com\/en\/#organization","name":"Phyt's","url":"https:\/\/phytstore.com\/en\/","logo":{"@type":"ImageObject","inLanguage":"en-CA","@id":"https:\/\/phytstore.com\/en\/#\/schema\/logo\/image\/","url":"https:\/\/phytstore.com\/wp-content\/uploads\/2020\/03\/logo-phyts-e1585168986207.png","contentUrl":"https:\/\/phytstore.com\/wp-content\/uploads\/2020\/03\/logo-phyts-e1585168986207.png","width":200,"height":72,"caption":"Phyt's"},"image":{"@id":"https:\/\/phytstore.com\/en\/#\/schema\/logo\/image\/"},"sameAs":["https:\/\/www.facebook.com\/CJMBCosmetiques\/?ref=aymt_homepage_panel","https:\/\/www.instagram.com\/phyts_canada\/","https:\/\/www.linkedin.com\/company\/3337211\/admin\/","https:\/\/www.youtube.com\/channel\/UCEkP009p4XTU5lXjLkaKptA"]}]}},"jetpack_sharing_enabled":true,"_links":{"self":[{"href":"https:\/\/phytstore.com\/en\/wp-json\/wp\/v2\/product\/2764","targetHints":{"allow":["GET"]}}],"collection":[{"href":"https:\/\/phytstore.com\/en\/wp-json\/wp\/v2\/product"}],"about":[{"href":"https:\/\/phytstore.com\/en\/wp-json\/wp\/v2\/types\/product"}],"replies":[{"embeddable":true,"href":"https:\/\/phytstore.com\/en\/wp-json\/wp\/v2\/comments?post=2764"}],"wp:featuredmedia":[{"embeddable":true,"href":"https:\/\/phytstore.com\/en\/wp-json\/wp\/v2\/media\/6121"}],"wp:attachment":[{"href":"https:\/\/phytstore.com\/en\/wp-json\/wp\/v2\/media?parent=2764"}],"wp:term":[{"taxonomy":"product_brand","embeddable":true,"href":"https:\/\/phytstore.com\/en\/wp-json\/wp\/v2\/product_brand?post=2764"},{"taxonomy":"product_cat","embeddable":true,"href":"https:\/\/phytstore.com\/en\/wp-json\/wp\/v2\/product_cat?post=2764"},{"taxonomy":"product_tag","embeddable":true,"href":"https:\/\/phytstore.com\/en\/wp-json\/wp\/v2\/product_tag?post=2764"}],"curies":[{"name":"wp","href":"https:\/\/api.w.org\/{rel}","templated":true}]}}