{"id":2761,"date":"2020-03-28T19:56:25","date_gmt":"2020-03-28T23:56:25","guid":{"rendered":"https:\/\/phytstore.com\/produit\/creme-riche-nuit\/"},"modified":"2023-05-18T14:05:43","modified_gmt":"2023-05-18T18:05:43","slug":"anti-aging-night-cream","status":"publish","type":"product","link":"https:\/\/phytstore.com\/en\/product\/anti-aging-night-cream\/","title":{"rendered":"Anti-Aging Night Cream"},"content":{"rendered":"<p>The rich and creamy formula of this Organic anti-aging cream takes advantage of the night to diffuse its regenerating* and nourishing* ingredients. It reduces the look of visible signs of time and the marks of tiredness that have gradually become established. In the morning, the skin looks smoothed, rejuvenated, and refreshed, ready to face a new day!<\/p>\n<p><em>* via hydration<\/em><\/p>\n<p>&nbsp;<\/p>\n<h2>Active ingredients:<\/h2>\n<p>Hazelnut*, Sunflower*, Shea Butter*, Beeswax*, Patchouli*, Rosemary*, Cypress*, Ylang Ylang*, Sage*, Lavender*, Geranium*, Sweet Marjoram*, Plant-Based Vitamin E<\/p>\n<p><em>* ingredients from Organic Farming<\/em><\/p>\n<p>&nbsp;<\/p>\n<h2>How do I apply my anti-aging night cream?<\/h2>\n<p>Apply your anti-aging night cream in the evening, after cleansing, all over your face and neck. Make circular motions to help the product penetrate the skin. Choose the product that suits you from our<a href=\"https:\/\/phytstore.com\/en\/anti-aging-aromalliance\/\"> <strong>range of anti-aging products<\/strong><\/a>.<\/p>\n<p>If you are simply looking for a moisturizer, you should know that the vast majority of PHYT\u2019S moisturizing creams are versatile, and their formula allows them to be used whenever you wish: in the morning or evening, depending on your skincare routine.<\/p>\n<p><strong><em>Tips<\/em><\/strong><strong>:<\/strong> For reinforced action and additional hydration, first apply the<a href=\"https:\/\/phytstore.com\/en\/product\/multi-vita-serum\/\"> <strong>Multi-Vita Organic Serum<\/strong><\/a> underneath, and during the day, use the<a href=\"https:\/\/phytstore.com\/en\/product\/absolute-cream\/\"> <strong>Absolute Cream<\/strong><\/a> or the<a href=\"https:\/\/phytstore.com\/en\/product\/phytonagre-cream\/\"> <strong>Phytonagre Cream<\/strong><\/a>. In addition, once or twice a week, exfoliate your face, then complete the treatment with the<a href=\"https:\/\/phytstore.com\/en\/product\/anti-wrinkle-firmness-mask\/\"> <strong>Anti-Wrinkle Firmness Mask<\/strong><\/a>.<\/p>\n<p>For a complete anti-wrinkle routine and radiant skin, you can choose the ideal product from our range of <strong>anti-aging products made with natural ingredients<\/strong>. You will find day creams enriched with wheat germ, essential oils, or plant-based vitamin E that can also be used in the evening.<\/p>\n<p>&nbsp;<\/p>\n<h2>Why use an anti-aging night cream?<\/h2>\n<p>Certified-Organic night creams draw their <strong>regenerating and moisturizing properties<\/strong> from an Organic ingredient list. By acting on cell regeneration, they help reduce the <strong>appearance of wrinkles<\/strong> and sagging in <strong>mature skin<\/strong> with a delicate texture.<\/p>\n<p>A <strong>cream rich in natural active ingredients<\/strong> and natural extracts offers optimal, in-depth regeneration to rediscover skin elasticity and a fresh complexion. This is an ideal night treatment with a good hydrating formula for all skin types: female, male, sensitive skin, etc.<\/p>\n","protected":false},"excerpt":{"rendered":"<p><img loading=\"lazy\" decoding=\"async\" class=\"alignnone size-full wp-image-4923\" src=\"https:\/\/phytstore.com\/wp-content\/uploads\/2020\/03\/Bio-100.png\" alt=\"\" width=\"274\" height=\"53\" \/><\/p>\n<p>Regenerating* &amp; onctuous<\/p>\n<p><strong>Skin type :<\/strong> Normal to dry mature skin<br \/>\n<strong>Expectations :<\/strong> Regenerates*, smoothes, nourishes*<br \/>\n<strong>Presentation :<\/strong> 40 g tube<\/p>\n","protected":false},"featured_media":10551,"comment_status":"closed","ping_status":"closed","template":"","meta":{"_acf_changed":false,"inline_featured_image":false},"product_brand":[],"product_cat":[80,235,245],"product_tag":[],"class_list":{"0":"post-2761","1":"product","2":"type-product","3":"status-publish","4":"has-post-thumbnail","6":"product_cat-anti-age-aromalliance-en","7":"product_cat-lack-of-firmness-en","8":"product_cat-night-creams-serums","10":"first","11":"instock","12":"taxable","13":"shipping-taxable","14":"purchasable","15":"product-type-simple"},"acf":[],"yoast_head":"<!-- This site is optimized with the Yoast SEO plugin v27.4 - https:\/\/yoast.com\/product\/yoast-seo-wordpress\/ -->\n<title>Organic Anti-Aging Night Cream | PHYT\u2019S Laboratories<\/title>\n<meta name=\"description\" content=\"Do you want naturally smooth and softened skin? Discover our Organic anti-aging night cream made with natural ingredients derived from Organic farming.\" \/>\n<meta name=\"robots\" content=\"index, follow, max-snippet:-1, max-image-preview:large, max-video-preview:-1\" \/>\n<link rel=\"canonical\" href=\"https:\/\/phytstore.com\/en\/product\/anti-aging-night-cream\/\" \/>\n<meta property=\"og:locale\" content=\"en_US\" \/>\n<meta property=\"og:type\" content=\"article\" \/>\n<meta property=\"og:title\" content=\"Organic Anti-Aging Night Cream | PHYT\u2019S Laboratories\" \/>\n<meta property=\"og:description\" content=\"Do you want naturally smooth and softened skin? Discover our Organic anti-aging night cream made with natural ingredients derived from Organic farming.\" \/>\n<meta property=\"og:url\" content=\"https:\/\/phytstore.com\/en\/product\/anti-aging-night-cream\/\" \/>\n<meta property=\"og:site_name\" content=\"PHYT&#039;S\" \/>\n<meta property=\"article:publisher\" content=\"https:\/\/www.facebook.com\/CJMBCosmetiques\/?ref=aymt_homepage_panel\" \/>\n<meta property=\"article:modified_time\" content=\"2023-05-18T18:05:43+00:00\" \/>\n<meta property=\"og:image\" content=\"https:\/\/phytstore.com\/wp-content\/uploads\/2020\/03\/CREME-ANTI-AGE-NUIT.jpg\" \/>\n\t<meta property=\"og:image:width\" content=\"900\" \/>\n\t<meta property=\"og:image:height\" content=\"900\" \/>\n\t<meta property=\"og:image:type\" content=\"image\/jpeg\" \/>\n<meta name=\"twitter:card\" content=\"summary_large_image\" \/>\n<meta name=\"twitter:label1\" content=\"Est. reading time\" \/>\n\t<meta name=\"twitter:data1\" content=\"2 minutes\" \/>\n<script type=\"application\/ld+json\" class=\"yoast-schema-graph\">{\"@context\":\"https:\\\/\\\/schema.org\",\"@graph\":[{\"@type\":\"WebPage\",\"@id\":\"https:\\\/\\\/phytstore.com\\\/en\\\/product\\\/anti-aging-night-cream\\\/\",\"url\":\"https:\\\/\\\/phytstore.com\\\/en\\\/product\\\/anti-aging-night-cream\\\/\",\"name\":\"Organic Anti-Aging Night Cream | PHYT\u2019S Laboratories\",\"isPartOf\":{\"@id\":\"https:\\\/\\\/phytstore.com\\\/en\\\/#website\"},\"primaryImageOfPage\":{\"@id\":\"https:\\\/\\\/phytstore.com\\\/en\\\/product\\\/anti-aging-night-cream\\\/#primaryimage\"},\"image\":{\"@id\":\"https:\\\/\\\/phytstore.com\\\/en\\\/product\\\/anti-aging-night-cream\\\/#primaryimage\"},\"thumbnailUrl\":\"https:\\\/\\\/phytstore.com\\\/wp-content\\\/uploads\\\/2020\\\/03\\\/CREME-ANTI-AGE-NUIT.jpg\",\"datePublished\":\"2020-03-28T23:56:25+00:00\",\"dateModified\":\"2023-05-18T18:05:43+00:00\",\"description\":\"Do you want naturally smooth and softened skin? Discover our Organic anti-aging night cream made with natural ingredients derived from Organic farming.\",\"breadcrumb\":{\"@id\":\"https:\\\/\\\/phytstore.com\\\/en\\\/product\\\/anti-aging-night-cream\\\/#breadcrumb\"},\"inLanguage\":\"en-CA\",\"potentialAction\":[{\"@type\":\"ReadAction\",\"target\":[\"https:\\\/\\\/phytstore.com\\\/en\\\/product\\\/anti-aging-night-cream\\\/\"]}]},{\"@type\":\"ImageObject\",\"inLanguage\":\"en-CA\",\"@id\":\"https:\\\/\\\/phytstore.com\\\/en\\\/product\\\/anti-aging-night-cream\\\/#primaryimage\",\"url\":\"https:\\\/\\\/phytstore.com\\\/wp-content\\\/uploads\\\/2020\\\/03\\\/CREME-ANTI-AGE-NUIT.jpg\",\"contentUrl\":\"https:\\\/\\\/phytstore.com\\\/wp-content\\\/uploads\\\/2020\\\/03\\\/CREME-ANTI-AGE-NUIT.jpg\",\"width\":900,\"height\":900},{\"@type\":\"BreadcrumbList\",\"@id\":\"https:\\\/\\\/phytstore.com\\\/en\\\/product\\\/anti-aging-night-cream\\\/#breadcrumb\",\"itemListElement\":[{\"@type\":\"ListItem\",\"position\":1,\"name\":\"Home\",\"item\":\"https:\\\/\\\/phytstore.com\\\/en\\\/\"},{\"@type\":\"ListItem\",\"position\":2,\"name\":\"Shop\",\"item\":\"https:\\\/\\\/phytstore.com\\\/en\\\/shop\\\/\"},{\"@type\":\"ListItem\",\"position\":3,\"name\":\"Face\",\"item\":\"https:\\\/\\\/phytstore.com\\\/en\\\/organic-skin-care\\\/\"},{\"@type\":\"ListItem\",\"position\":4,\"name\":\"Lack of Firmness\",\"item\":\"https:\\\/\\\/phytstore.com\\\/en\\\/organic-skin-care\\\/lack-of-firmness\\\/\"},{\"@type\":\"ListItem\",\"position\":5,\"name\":\"Anti-Aging Night Cream\"}]},{\"@type\":\"WebSite\",\"@id\":\"https:\\\/\\\/phytstore.com\\\/en\\\/#website\",\"url\":\"https:\\\/\\\/phytstore.com\\\/en\\\/\",\"name\":\"PHYT&#039;S\",\"description\":\"Fabricant et distributeur de soins certifi\u00e9s bio pour instituts de beaut\u00e9, spa et esth\u00e9ticiennes\",\"publisher\":{\"@id\":\"https:\\\/\\\/phytstore.com\\\/en\\\/#organization\"},\"potentialAction\":[{\"@type\":\"SearchAction\",\"target\":{\"@type\":\"EntryPoint\",\"urlTemplate\":\"https:\\\/\\\/phytstore.com\\\/en\\\/?s={search_term_string}\"},\"query-input\":{\"@type\":\"PropertyValueSpecification\",\"valueRequired\":true,\"valueName\":\"search_term_string\"}}],\"inLanguage\":\"en-CA\"},{\"@type\":\"Organization\",\"@id\":\"https:\\\/\\\/phytstore.com\\\/en\\\/#organization\",\"name\":\"Phyt's\",\"url\":\"https:\\\/\\\/phytstore.com\\\/en\\\/\",\"logo\":{\"@type\":\"ImageObject\",\"inLanguage\":\"en-CA\",\"@id\":\"https:\\\/\\\/phytstore.com\\\/en\\\/#\\\/schema\\\/logo\\\/image\\\/\",\"url\":\"https:\\\/\\\/phytstore.com\\\/wp-content\\\/uploads\\\/2020\\\/03\\\/logo-phyts-e1585168986207.png\",\"contentUrl\":\"https:\\\/\\\/phytstore.com\\\/wp-content\\\/uploads\\\/2020\\\/03\\\/logo-phyts-e1585168986207.png\",\"width\":200,\"height\":72,\"caption\":\"Phyt's\"},\"image\":{\"@id\":\"https:\\\/\\\/phytstore.com\\\/en\\\/#\\\/schema\\\/logo\\\/image\\\/\"},\"sameAs\":[\"https:\\\/\\\/www.facebook.com\\\/CJMBCosmetiques\\\/?ref=aymt_homepage_panel\",\"https:\\\/\\\/www.instagram.com\\\/phyts_canada\\\/\",\"https:\\\/\\\/www.linkedin.com\\\/company\\\/3337211\\\/admin\\\/\",\"https:\\\/\\\/www.youtube.com\\\/channel\\\/UCEkP009p4XTU5lXjLkaKptA\"]}]}<\/script>\n<!-- \/ Yoast SEO plugin. -->","yoast_head_json":{"title":"Organic Anti-Aging Night Cream | PHYT\u2019S Laboratories","description":"Do you want naturally smooth and softened skin? Discover our Organic anti-aging night cream made with natural ingredients derived from Organic farming.","robots":{"index":"index","follow":"follow","max-snippet":"max-snippet:-1","max-image-preview":"max-image-preview:large","max-video-preview":"max-video-preview:-1"},"canonical":"https:\/\/phytstore.com\/en\/product\/anti-aging-night-cream\/","og_locale":"en_US","og_type":"article","og_title":"Organic Anti-Aging Night Cream | PHYT\u2019S Laboratories","og_description":"Do you want naturally smooth and softened skin? Discover our Organic anti-aging night cream made with natural ingredients derived from Organic farming.","og_url":"https:\/\/phytstore.com\/en\/product\/anti-aging-night-cream\/","og_site_name":"PHYT&#039;S","article_publisher":"https:\/\/www.facebook.com\/CJMBCosmetiques\/?ref=aymt_homepage_panel","article_modified_time":"2023-05-18T18:05:43+00:00","og_image":[{"width":900,"height":900,"url":"https:\/\/phytstore.com\/wp-content\/uploads\/2020\/03\/CREME-ANTI-AGE-NUIT.jpg","type":"image\/jpeg"}],"twitter_card":"summary_large_image","twitter_misc":{"Est. reading time":"2 minutes"},"schema":{"@context":"https:\/\/schema.org","@graph":[{"@type":"WebPage","@id":"https:\/\/phytstore.com\/en\/product\/anti-aging-night-cream\/","url":"https:\/\/phytstore.com\/en\/product\/anti-aging-night-cream\/","name":"Organic Anti-Aging Night Cream | PHYT\u2019S Laboratories","isPartOf":{"@id":"https:\/\/phytstore.com\/en\/#website"},"primaryImageOfPage":{"@id":"https:\/\/phytstore.com\/en\/product\/anti-aging-night-cream\/#primaryimage"},"image":{"@id":"https:\/\/phytstore.com\/en\/product\/anti-aging-night-cream\/#primaryimage"},"thumbnailUrl":"https:\/\/phytstore.com\/wp-content\/uploads\/2020\/03\/CREME-ANTI-AGE-NUIT.jpg","datePublished":"2020-03-28T23:56:25+00:00","dateModified":"2023-05-18T18:05:43+00:00","description":"Do you want naturally smooth and softened skin? Discover our Organic anti-aging night cream made with natural ingredients derived from Organic farming.","breadcrumb":{"@id":"https:\/\/phytstore.com\/en\/product\/anti-aging-night-cream\/#breadcrumb"},"inLanguage":"en-CA","potentialAction":[{"@type":"ReadAction","target":["https:\/\/phytstore.com\/en\/product\/anti-aging-night-cream\/"]}]},{"@type":"ImageObject","inLanguage":"en-CA","@id":"https:\/\/phytstore.com\/en\/product\/anti-aging-night-cream\/#primaryimage","url":"https:\/\/phytstore.com\/wp-content\/uploads\/2020\/03\/CREME-ANTI-AGE-NUIT.jpg","contentUrl":"https:\/\/phytstore.com\/wp-content\/uploads\/2020\/03\/CREME-ANTI-AGE-NUIT.jpg","width":900,"height":900},{"@type":"BreadcrumbList","@id":"https:\/\/phytstore.com\/en\/product\/anti-aging-night-cream\/#breadcrumb","itemListElement":[{"@type":"ListItem","position":1,"name":"Home","item":"https:\/\/phytstore.com\/en\/"},{"@type":"ListItem","position":2,"name":"Shop","item":"https:\/\/phytstore.com\/en\/shop\/"},{"@type":"ListItem","position":3,"name":"Face","item":"https:\/\/phytstore.com\/en\/organic-skin-care\/"},{"@type":"ListItem","position":4,"name":"Lack of Firmness","item":"https:\/\/phytstore.com\/en\/organic-skin-care\/lack-of-firmness\/"},{"@type":"ListItem","position":5,"name":"Anti-Aging Night Cream"}]},{"@type":"WebSite","@id":"https:\/\/phytstore.com\/en\/#website","url":"https:\/\/phytstore.com\/en\/","name":"PHYT&#039;S","description":"Fabricant et distributeur de soins certifi\u00e9s bio pour instituts de beaut\u00e9, spa et esth\u00e9ticiennes","publisher":{"@id":"https:\/\/phytstore.com\/en\/#organization"},"potentialAction":[{"@type":"SearchAction","target":{"@type":"EntryPoint","urlTemplate":"https:\/\/phytstore.com\/en\/?s={search_term_string}"},"query-input":{"@type":"PropertyValueSpecification","valueRequired":true,"valueName":"search_term_string"}}],"inLanguage":"en-CA"},{"@type":"Organization","@id":"https:\/\/phytstore.com\/en\/#organization","name":"Phyt's","url":"https:\/\/phytstore.com\/en\/","logo":{"@type":"ImageObject","inLanguage":"en-CA","@id":"https:\/\/phytstore.com\/en\/#\/schema\/logo\/image\/","url":"https:\/\/phytstore.com\/wp-content\/uploads\/2020\/03\/logo-phyts-e1585168986207.png","contentUrl":"https:\/\/phytstore.com\/wp-content\/uploads\/2020\/03\/logo-phyts-e1585168986207.png","width":200,"height":72,"caption":"Phyt's"},"image":{"@id":"https:\/\/phytstore.com\/en\/#\/schema\/logo\/image\/"},"sameAs":["https:\/\/www.facebook.com\/CJMBCosmetiques\/?ref=aymt_homepage_panel","https:\/\/www.instagram.com\/phyts_canada\/","https:\/\/www.linkedin.com\/company\/3337211\/admin\/","https:\/\/www.youtube.com\/channel\/UCEkP009p4XTU5lXjLkaKptA"]}]}},"jetpack_sharing_enabled":true,"_links":{"self":[{"href":"https:\/\/phytstore.com\/en\/wp-json\/wp\/v2\/product\/2761","targetHints":{"allow":["GET"]}}],"collection":[{"href":"https:\/\/phytstore.com\/en\/wp-json\/wp\/v2\/product"}],"about":[{"href":"https:\/\/phytstore.com\/en\/wp-json\/wp\/v2\/types\/product"}],"replies":[{"embeddable":true,"href":"https:\/\/phytstore.com\/en\/wp-json\/wp\/v2\/comments?post=2761"}],"wp:featuredmedia":[{"embeddable":true,"href":"https:\/\/phytstore.com\/en\/wp-json\/wp\/v2\/media\/10551"}],"wp:attachment":[{"href":"https:\/\/phytstore.com\/en\/wp-json\/wp\/v2\/media?parent=2761"}],"wp:term":[{"taxonomy":"product_brand","embeddable":true,"href":"https:\/\/phytstore.com\/en\/wp-json\/wp\/v2\/product_brand?post=2761"},{"taxonomy":"product_cat","embeddable":true,"href":"https:\/\/phytstore.com\/en\/wp-json\/wp\/v2\/product_cat?post=2761"},{"taxonomy":"product_tag","embeddable":true,"href":"https:\/\/phytstore.com\/en\/wp-json\/wp\/v2\/product_tag?post=2761"}],"curies":[{"name":"wp","href":"https:\/\/api.w.org\/{rel}","templated":true}]}}