{"id":2760,"date":"2020-03-28T19:56:25","date_gmt":"2020-03-28T23:56:25","guid":{"rendered":"https:\/\/phytstore.com\/produit\/fluide-contours\/"},"modified":"2023-05-18T14:15:04","modified_gmt":"2023-05-18T18:15:04","slug":"fluide-contours","status":"publish","type":"product","link":"https:\/\/phytstore.com\/en\/product\/eye-lip-contour-cream\/","title":{"rendered":"Eye &#038; Lip Contour Cream"},"content":{"rendered":"<p>This Organic cream is specially formulated for the fragile area of the eye and lip contour. The skin looks smooth, and wrinkles and fine lines appear reduced. It improves skin elasticity and reduces the appearance of signs of aging. Supple, nourished*, and comfortable, the skin appears visibly younger and revitalized, for brighter eyes and a beautiful smile.<\/p>\n<p><em>* via hydration<\/em><\/p>\n<p>&nbsp;<\/p>\n<h2>Active ingredients<\/h2>\n<p>Potassium, Silica, Wheat Germ, Hazelnut*, Sunflower*, Cypress*, Ylang Ylang*, Lavandin*, Lavender*, Palmarosa*, Ho Wood, Camomile*, Beeswax*, Plant-Based Vitamin E<\/p>\n<p><em>* ingredients from Organic Farming<\/em><\/p>\n<p>&nbsp;<\/p>\n<h2>How do I apply my Organic eye contour fluid?<\/h2>\n<p>In the morning and evening, start by cleansing and gently drying your skin. Then, using the tip, apply and massage the lip and eye contour, smoothing outward and focusing on the crow\u2019s feet. Finish by gently patting with the fingertips to allow the product to be absorbed. In addition, discover our\u00a0<a href=\"https:\/\/phytstore.com\/en\/anti-aging-aromalliance\/\"><strong>range of anti-aging products<\/strong><\/a> to get a <strong>complete skincare routine: anti-dark circles, anti-wrinkles, and more!<\/strong><\/p>\n<p><strong>Tips:<\/strong> For an <strong>immediate tightening effect<\/strong>, to <strong>reduce the appearance of signs of fatigue<\/strong>, and to <strong>moisturize the eye contour<\/strong>, first apply a concentrated fluid such as the\u00a0<a href=\"https:\/\/phytstore.com\/en\/product\/smoothing-eye-serum\/\"><strong>Smoothing Eye Serum<\/strong><\/a>.<\/p>\n<p>To <strong>reduce signs of fatigue and have a refreshing fluid<\/strong>, your eye contour fluid can be stored in the refrigerator. The eye contour region becomes brightened, smoothed, and revived with just a single stroke.<\/p>\n<p>In addition, to have the best experience, our beauty experts recommend exfoliating the skin using the\u00a0<a href=\"https:\/\/phytstore.com\/en\/product\/contact-scrub\/\"><strong>Contact + Scrub<\/strong><\/a> once or twice a week.<\/p>\n<p>&nbsp;<\/p>\n<h2>How do I choose my lip and eye contour fluid?<\/h2>\n<p>Always choose your natural beauty treatment with key ingredients and botanical extracts according to your needs and <strong>skin type<\/strong>.<\/p>\n<p>To delay the appearance of the <strong>first signs of skin aging<\/strong> and reduce the appearance of wrinkles, choose a firming treatment enriched with essential oils and <strong>anti-aging ingredients<\/strong> such as vitamin E with targeted action.<\/p>\n<p>Do you have dry skin or sensitive eyes, or do you wear contact lenses? An eye contour care product without synthetic fragrances made with vegetable oils, soothing essential oils, or plant extracts will offer you maximum hydration and a creamy texture without irritation.<\/p>\n","protected":false},"excerpt":{"rendered":"<p><img loading=\"lazy\" decoding=\"async\" class=\"alignnone size-full wp-image-4926\" src=\"https:\/\/phytstore.com\/wp-content\/uploads\/2020\/03\/Bio-100-Efficacite.png\" alt=\"\" width=\"274\" height=\"53\" \/><\/p>\n<p>Anti-Wrinkle cream<\/p>\n<p><strong>Skin type :<\/strong> All types of mature skin<br \/>\n<strong>Expectations :<\/strong> Anti-wrinkle, anti-aging, nourishes*<br \/>\n<strong>Presentation :<\/strong> 15 g tube with massage tip<\/p>\n","protected":false},"featured_media":8779,"comment_status":"closed","ping_status":"closed","template":"","meta":{"_acf_changed":false,"inline_featured_image":false},"product_brand":[],"product_cat":[80,235,238,240,312,313],"product_tag":[],"class_list":{"0":"post-2760","1":"product","2":"type-product","3":"status-publish","4":"has-post-thumbnail","6":"product_cat-anti-age-aromalliance-en","7":"product_cat-lack-of-firmness-en","8":"product_cat-wrinkles-skin-aging","9":"product_cat-dryness","10":"product_cat-eye-care","11":"product_cat-lip-care","13":"first","14":"instock","15":"taxable","16":"shipping-taxable","17":"purchasable","18":"product-type-simple"},"acf":[],"yoast_head":"<!-- This site is optimized with the Yoast SEO plugin v27.4 - https:\/\/yoast.com\/product\/yoast-seo-wordpress\/ -->\n<title>Organic Lip and Eye Contour Fluid | PHYT\u2019S Laboratories<\/title>\n<meta name=\"description\" content=\"For a smooth, revitalized look and reduced wrinkles, discover our Organic lip and eye contour fluid with powerful, natural active ingredients that respect your skin.\" \/>\n<meta name=\"robots\" content=\"index, follow, max-snippet:-1, max-image-preview:large, max-video-preview:-1\" \/>\n<link rel=\"canonical\" href=\"https:\/\/phytstore.com\/en\/product\/eye-lip-contour-cream\/\" \/>\n<meta property=\"og:locale\" content=\"en_US\" \/>\n<meta property=\"og:type\" content=\"article\" \/>\n<meta property=\"og:title\" content=\"Organic Lip and Eye Contour Fluid | PHYT\u2019S Laboratories\" \/>\n<meta property=\"og:description\" content=\"For a smooth, revitalized look and reduced wrinkles, discover our Organic lip and eye contour fluid with powerful, natural active ingredients that respect your skin.\" \/>\n<meta property=\"og:url\" content=\"https:\/\/phytstore.com\/en\/product\/eye-lip-contour-cream\/\" \/>\n<meta property=\"og:site_name\" content=\"PHYT&#039;S\" \/>\n<meta property=\"article:publisher\" content=\"https:\/\/www.facebook.com\/CJMBCosmetiques\/?ref=aymt_homepage_panel\" \/>\n<meta property=\"article:modified_time\" content=\"2023-05-18T18:15:04+00:00\" \/>\n<meta property=\"og:image\" content=\"https:\/\/phytstore.com\/wp-content\/uploads\/2020\/03\/FLUIDE-CONTOURS-1.jpg\" \/>\n\t<meta property=\"og:image:width\" content=\"900\" \/>\n\t<meta property=\"og:image:height\" content=\"900\" \/>\n\t<meta property=\"og:image:type\" content=\"image\/jpeg\" \/>\n<meta name=\"twitter:card\" content=\"summary_large_image\" \/>\n<meta name=\"twitter:label1\" content=\"Est. reading time\" \/>\n\t<meta name=\"twitter:data1\" content=\"2 minutes\" \/>\n<script type=\"application\/ld+json\" class=\"yoast-schema-graph\">{\"@context\":\"https:\\\/\\\/schema.org\",\"@graph\":[{\"@type\":\"WebPage\",\"@id\":\"https:\\\/\\\/phytstore.com\\\/en\\\/product\\\/eye-lip-contour-cream\\\/\",\"url\":\"https:\\\/\\\/phytstore.com\\\/en\\\/product\\\/eye-lip-contour-cream\\\/\",\"name\":\"Organic Lip and Eye Contour Fluid | PHYT\u2019S Laboratories\",\"isPartOf\":{\"@id\":\"https:\\\/\\\/phytstore.com\\\/en\\\/#website\"},\"primaryImageOfPage\":{\"@id\":\"https:\\\/\\\/phytstore.com\\\/en\\\/product\\\/eye-lip-contour-cream\\\/#primaryimage\"},\"image\":{\"@id\":\"https:\\\/\\\/phytstore.com\\\/en\\\/product\\\/eye-lip-contour-cream\\\/#primaryimage\"},\"thumbnailUrl\":\"https:\\\/\\\/phytstore.com\\\/wp-content\\\/uploads\\\/2020\\\/03\\\/FLUIDE-CONTOURS-1.jpg\",\"datePublished\":\"2020-03-28T23:56:25+00:00\",\"dateModified\":\"2023-05-18T18:15:04+00:00\",\"description\":\"For a smooth, revitalized look and reduced wrinkles, discover our Organic lip and eye contour fluid with powerful, natural active ingredients that respect your skin.\",\"breadcrumb\":{\"@id\":\"https:\\\/\\\/phytstore.com\\\/en\\\/product\\\/eye-lip-contour-cream\\\/#breadcrumb\"},\"inLanguage\":\"en-CA\",\"potentialAction\":[{\"@type\":\"ReadAction\",\"target\":[\"https:\\\/\\\/phytstore.com\\\/en\\\/product\\\/eye-lip-contour-cream\\\/\"]}]},{\"@type\":\"ImageObject\",\"inLanguage\":\"en-CA\",\"@id\":\"https:\\\/\\\/phytstore.com\\\/en\\\/product\\\/eye-lip-contour-cream\\\/#primaryimage\",\"url\":\"https:\\\/\\\/phytstore.com\\\/wp-content\\\/uploads\\\/2020\\\/03\\\/FLUIDE-CONTOURS-1.jpg\",\"contentUrl\":\"https:\\\/\\\/phytstore.com\\\/wp-content\\\/uploads\\\/2020\\\/03\\\/FLUIDE-CONTOURS-1.jpg\",\"width\":900,\"height\":900},{\"@type\":\"BreadcrumbList\",\"@id\":\"https:\\\/\\\/phytstore.com\\\/en\\\/product\\\/eye-lip-contour-cream\\\/#breadcrumb\",\"itemListElement\":[{\"@type\":\"ListItem\",\"position\":1,\"name\":\"Home\",\"item\":\"https:\\\/\\\/phytstore.com\\\/en\\\/\"},{\"@type\":\"ListItem\",\"position\":2,\"name\":\"Shop\",\"item\":\"https:\\\/\\\/phytstore.com\\\/en\\\/shop\\\/\"},{\"@type\":\"ListItem\",\"position\":3,\"name\":\"Face\",\"item\":\"https:\\\/\\\/phytstore.com\\\/en\\\/organic-skin-care\\\/\"},{\"@type\":\"ListItem\",\"position\":4,\"name\":\"Eye Care\",\"item\":\"https:\\\/\\\/phytstore.com\\\/en\\\/organic-skin-care\\\/natural-eye-care\\\/\"},{\"@type\":\"ListItem\",\"position\":5,\"name\":\"Eye &#038; Lip Contour Cream\"}]},{\"@type\":\"WebSite\",\"@id\":\"https:\\\/\\\/phytstore.com\\\/en\\\/#website\",\"url\":\"https:\\\/\\\/phytstore.com\\\/en\\\/\",\"name\":\"PHYT&#039;S\",\"description\":\"Fabricant et distributeur de soins certifi\u00e9s bio pour instituts de beaut\u00e9, spa et esth\u00e9ticiennes\",\"publisher\":{\"@id\":\"https:\\\/\\\/phytstore.com\\\/en\\\/#organization\"},\"potentialAction\":[{\"@type\":\"SearchAction\",\"target\":{\"@type\":\"EntryPoint\",\"urlTemplate\":\"https:\\\/\\\/phytstore.com\\\/en\\\/?s={search_term_string}\"},\"query-input\":{\"@type\":\"PropertyValueSpecification\",\"valueRequired\":true,\"valueName\":\"search_term_string\"}}],\"inLanguage\":\"en-CA\"},{\"@type\":\"Organization\",\"@id\":\"https:\\\/\\\/phytstore.com\\\/en\\\/#organization\",\"name\":\"Phyt's\",\"url\":\"https:\\\/\\\/phytstore.com\\\/en\\\/\",\"logo\":{\"@type\":\"ImageObject\",\"inLanguage\":\"en-CA\",\"@id\":\"https:\\\/\\\/phytstore.com\\\/en\\\/#\\\/schema\\\/logo\\\/image\\\/\",\"url\":\"https:\\\/\\\/phytstore.com\\\/wp-content\\\/uploads\\\/2020\\\/03\\\/logo-phyts-e1585168986207.png\",\"contentUrl\":\"https:\\\/\\\/phytstore.com\\\/wp-content\\\/uploads\\\/2020\\\/03\\\/logo-phyts-e1585168986207.png\",\"width\":200,\"height\":72,\"caption\":\"Phyt's\"},\"image\":{\"@id\":\"https:\\\/\\\/phytstore.com\\\/en\\\/#\\\/schema\\\/logo\\\/image\\\/\"},\"sameAs\":[\"https:\\\/\\\/www.facebook.com\\\/CJMBCosmetiques\\\/?ref=aymt_homepage_panel\",\"https:\\\/\\\/www.instagram.com\\\/phyts_canada\\\/\",\"https:\\\/\\\/www.linkedin.com\\\/company\\\/3337211\\\/admin\\\/\",\"https:\\\/\\\/www.youtube.com\\\/channel\\\/UCEkP009p4XTU5lXjLkaKptA\"]}]}<\/script>\n<!-- \/ Yoast SEO plugin. -->","yoast_head_json":{"title":"Organic Lip and Eye Contour Fluid | PHYT\u2019S Laboratories","description":"For a smooth, revitalized look and reduced wrinkles, discover our Organic lip and eye contour fluid with powerful, natural active ingredients that respect your skin.","robots":{"index":"index","follow":"follow","max-snippet":"max-snippet:-1","max-image-preview":"max-image-preview:large","max-video-preview":"max-video-preview:-1"},"canonical":"https:\/\/phytstore.com\/en\/product\/eye-lip-contour-cream\/","og_locale":"en_US","og_type":"article","og_title":"Organic Lip and Eye Contour Fluid | PHYT\u2019S Laboratories","og_description":"For a smooth, revitalized look and reduced wrinkles, discover our Organic lip and eye contour fluid with powerful, natural active ingredients that respect your skin.","og_url":"https:\/\/phytstore.com\/en\/product\/eye-lip-contour-cream\/","og_site_name":"PHYT&#039;S","article_publisher":"https:\/\/www.facebook.com\/CJMBCosmetiques\/?ref=aymt_homepage_panel","article_modified_time":"2023-05-18T18:15:04+00:00","og_image":[{"width":900,"height":900,"url":"https:\/\/phytstore.com\/wp-content\/uploads\/2020\/03\/FLUIDE-CONTOURS-1.jpg","type":"image\/jpeg"}],"twitter_card":"summary_large_image","twitter_misc":{"Est. reading time":"2 minutes"},"schema":{"@context":"https:\/\/schema.org","@graph":[{"@type":"WebPage","@id":"https:\/\/phytstore.com\/en\/product\/eye-lip-contour-cream\/","url":"https:\/\/phytstore.com\/en\/product\/eye-lip-contour-cream\/","name":"Organic Lip and Eye Contour Fluid | PHYT\u2019S Laboratories","isPartOf":{"@id":"https:\/\/phytstore.com\/en\/#website"},"primaryImageOfPage":{"@id":"https:\/\/phytstore.com\/en\/product\/eye-lip-contour-cream\/#primaryimage"},"image":{"@id":"https:\/\/phytstore.com\/en\/product\/eye-lip-contour-cream\/#primaryimage"},"thumbnailUrl":"https:\/\/phytstore.com\/wp-content\/uploads\/2020\/03\/FLUIDE-CONTOURS-1.jpg","datePublished":"2020-03-28T23:56:25+00:00","dateModified":"2023-05-18T18:15:04+00:00","description":"For a smooth, revitalized look and reduced wrinkles, discover our Organic lip and eye contour fluid with powerful, natural active ingredients that respect your skin.","breadcrumb":{"@id":"https:\/\/phytstore.com\/en\/product\/eye-lip-contour-cream\/#breadcrumb"},"inLanguage":"en-CA","potentialAction":[{"@type":"ReadAction","target":["https:\/\/phytstore.com\/en\/product\/eye-lip-contour-cream\/"]}]},{"@type":"ImageObject","inLanguage":"en-CA","@id":"https:\/\/phytstore.com\/en\/product\/eye-lip-contour-cream\/#primaryimage","url":"https:\/\/phytstore.com\/wp-content\/uploads\/2020\/03\/FLUIDE-CONTOURS-1.jpg","contentUrl":"https:\/\/phytstore.com\/wp-content\/uploads\/2020\/03\/FLUIDE-CONTOURS-1.jpg","width":900,"height":900},{"@type":"BreadcrumbList","@id":"https:\/\/phytstore.com\/en\/product\/eye-lip-contour-cream\/#breadcrumb","itemListElement":[{"@type":"ListItem","position":1,"name":"Home","item":"https:\/\/phytstore.com\/en\/"},{"@type":"ListItem","position":2,"name":"Shop","item":"https:\/\/phytstore.com\/en\/shop\/"},{"@type":"ListItem","position":3,"name":"Face","item":"https:\/\/phytstore.com\/en\/organic-skin-care\/"},{"@type":"ListItem","position":4,"name":"Eye Care","item":"https:\/\/phytstore.com\/en\/organic-skin-care\/natural-eye-care\/"},{"@type":"ListItem","position":5,"name":"Eye &#038; Lip Contour Cream"}]},{"@type":"WebSite","@id":"https:\/\/phytstore.com\/en\/#website","url":"https:\/\/phytstore.com\/en\/","name":"PHYT&#039;S","description":"Fabricant et distributeur de soins certifi\u00e9s bio pour instituts de beaut\u00e9, spa et esth\u00e9ticiennes","publisher":{"@id":"https:\/\/phytstore.com\/en\/#organization"},"potentialAction":[{"@type":"SearchAction","target":{"@type":"EntryPoint","urlTemplate":"https:\/\/phytstore.com\/en\/?s={search_term_string}"},"query-input":{"@type":"PropertyValueSpecification","valueRequired":true,"valueName":"search_term_string"}}],"inLanguage":"en-CA"},{"@type":"Organization","@id":"https:\/\/phytstore.com\/en\/#organization","name":"Phyt's","url":"https:\/\/phytstore.com\/en\/","logo":{"@type":"ImageObject","inLanguage":"en-CA","@id":"https:\/\/phytstore.com\/en\/#\/schema\/logo\/image\/","url":"https:\/\/phytstore.com\/wp-content\/uploads\/2020\/03\/logo-phyts-e1585168986207.png","contentUrl":"https:\/\/phytstore.com\/wp-content\/uploads\/2020\/03\/logo-phyts-e1585168986207.png","width":200,"height":72,"caption":"Phyt's"},"image":{"@id":"https:\/\/phytstore.com\/en\/#\/schema\/logo\/image\/"},"sameAs":["https:\/\/www.facebook.com\/CJMBCosmetiques\/?ref=aymt_homepage_panel","https:\/\/www.instagram.com\/phyts_canada\/","https:\/\/www.linkedin.com\/company\/3337211\/admin\/","https:\/\/www.youtube.com\/channel\/UCEkP009p4XTU5lXjLkaKptA"]}]}},"jetpack_sharing_enabled":true,"_links":{"self":[{"href":"https:\/\/phytstore.com\/en\/wp-json\/wp\/v2\/product\/2760","targetHints":{"allow":["GET"]}}],"collection":[{"href":"https:\/\/phytstore.com\/en\/wp-json\/wp\/v2\/product"}],"about":[{"href":"https:\/\/phytstore.com\/en\/wp-json\/wp\/v2\/types\/product"}],"replies":[{"embeddable":true,"href":"https:\/\/phytstore.com\/en\/wp-json\/wp\/v2\/comments?post=2760"}],"wp:featuredmedia":[{"embeddable":true,"href":"https:\/\/phytstore.com\/en\/wp-json\/wp\/v2\/media\/8779"}],"wp:attachment":[{"href":"https:\/\/phytstore.com\/en\/wp-json\/wp\/v2\/media?parent=2760"}],"wp:term":[{"taxonomy":"product_brand","embeddable":true,"href":"https:\/\/phytstore.com\/en\/wp-json\/wp\/v2\/product_brand?post=2760"},{"taxonomy":"product_cat","embeddable":true,"href":"https:\/\/phytstore.com\/en\/wp-json\/wp\/v2\/product_cat?post=2760"},{"taxonomy":"product_tag","embeddable":true,"href":"https:\/\/phytstore.com\/en\/wp-json\/wp\/v2\/product_tag?post=2760"}],"curies":[{"name":"wp","href":"https:\/\/api.w.org\/{rel}","templated":true}]}}