{"id":2759,"date":"2020-03-28T19:56:25","date_gmt":"2020-03-28T23:56:25","guid":{"rendered":"https:\/\/phytstore.com\/produit\/concentre-anti-taches\/"},"modified":"2023-05-18T14:21:57","modified_gmt":"2023-05-18T18:21:57","slug":"concentre-anti-taches","status":"publish","type":"product","link":"https:\/\/phytstore.com\/en\/product\/anti-dark-spot-concentrate\/","title":{"rendered":"Anti-Dark Spot Concentrate"},"content":{"rendered":"<p>Thanks to the unifying PWE\u00ae complex, this Organic anti-dark spot concentrate reduces the appearance of pigmentation marks. It also helps prevent the signs of aging. Day after day, the complexion is unified and radiant, and the skin is regenerated*.<\/p>\n<p><em>* via hydration<\/em><\/p>\n<p>&nbsp;<\/p>\n<h2>Active ingredients<\/h2>\n<p>PWE\u00ae Complex (Bearberry*, Licorice*, Parsley, Carrot, Celery, Basil*, Ho Wood), Wintergreen*, Acerola* (Vitamin C), Beta-Carotene (Provitamin A), Sunflower*, Soybean*, Wheat Germ, Plant-Based Vitamin E<\/p>\n<p><em>* ingredients from Organic Farming<\/em><\/p>\n<p>&nbsp;<\/p>\n<h2>How do I apply my Organic age spot serum?<\/h2>\n<p>In the morning and evening, after cleansing, apply locally by massaging over the affected areas. In addition to your dark spot corrector serum, you can also find treatments made by our skincare experts in our\u00a0<a href=\"https:\/\/phytstore.com\/en\/anti-aging-aromalliance\/\"><strong>range of anti-aging products<\/strong><\/a> made with natural ingredients such as flower or leaf extracts.<\/p>\n<p><strong>Tips:<\/strong> For a powerful combination and greater effectiveness, exfoliate your epidermis once or twice a week and use the daily products from the\u00a0<a href=\"https:\/\/phytstore.com\/en\/white-bio-active\/\"><strong>White Bio-Active<\/strong><\/a> range.<\/p>\n<p>Creating a complete anti-age spot skincare routine will ensure <strong>maximum effectiveness<\/strong> to <strong>reduce the appearance of existing brown spots<\/strong> for <strong>skin that looks like new<\/strong>.<\/p>\n<p>&nbsp;<\/p>\n<h2>How do I choose my anti-dark spot serum?<\/h2>\n<p>An Organic anti-age spot product can be chosen according to several factors. If you suffer from pigmentation spots or sun spots due to skin aging and UV damage, an <strong>anti-dark spot and anti-aging skincare product<\/strong> will be recommended to you.<\/p>\n<p>The second factor is the type of product that you want to use (and its formula). You can opt for an <strong>Organic and natural age spot serum<\/strong> to be used daily or a mask to be used only once or twice a week.<\/p>\n<p>Finally, for a radiant skin tone, add cream or treatment to your beauty routine that is <strong>designed for your skin type<\/strong> (dry, oily, or sensitive skin, male or female skin, etc.) and has key ingredients that minimize the appearance of age spots. It is important to choose a dark spot solution in a form that works best for your skin. An Organic and natural dark spot serum can be a safe and effective choice for achieving a more even, radiant skin tone.<\/p>\n","protected":false},"excerpt":{"rendered":"<p><img loading=\"lazy\" decoding=\"async\" class=\"alignnone size-full wp-image-4920\" src=\"https:\/\/phytstore.com\/wp-content\/uploads\/2020\/07\/Bio-100-Vegan-Efficacite-11.png\" alt=\"\" width=\"274\" height=\"53\" \/><\/p>\n<p>Local target treatment &#8211; Anti-dark spots &amp; anti-aging<\/p>\n<p><strong>Skin type :<\/strong> All skin types<br \/>\n<strong>Expectations :<\/strong> Reduces the appearance of pigmentation spots, unifies, regenerates*<br \/>\n<strong>Presentation :<\/strong> 10 g tube<\/p>\n","protected":false},"featured_media":8811,"comment_status":"closed","ping_status":"closed","template":"","meta":{"_acf_changed":false,"inline_featured_image":false},"product_brand":[],"product_cat":[98,241,255,80],"product_tag":[],"class_list":{"0":"post-2759","1":"product","2":"type-product","3":"status-publish","4":"has-post-thumbnail","6":"product_cat-white-bio-active-en","7":"product_cat-dark-spots-dull-skin","8":"product_cat-targeted-care-en","9":"product_cat-anti-age-aromalliance-en","11":"first","12":"instock","13":"taxable","14":"shipping-taxable","15":"purchasable","16":"product-type-simple"},"acf":[],"yoast_head":"<!-- This site is optimized with the Yoast SEO plugin v27.4 - https:\/\/yoast.com\/product\/yoast-seo-wordpress\/ -->\n<title>Vegan and Natural Age Spot Serum | PHYT\u2019S Laboratories<\/title>\n<meta name=\"description\" content=\"Fight brown spots and pigmentation spots with our Organic age spot serum with powerful and natural active ingredients. Finally regain a radiant complexion!\" \/>\n<meta name=\"robots\" content=\"index, follow, max-snippet:-1, max-image-preview:large, max-video-preview:-1\" \/>\n<link rel=\"canonical\" href=\"https:\/\/phytstore.com\/en\/product\/anti-dark-spot-concentrate\/\" \/>\n<meta property=\"og:locale\" content=\"en_US\" \/>\n<meta property=\"og:type\" content=\"article\" \/>\n<meta property=\"og:title\" content=\"Vegan and Natural Age Spot Serum | PHYT\u2019S Laboratories\" \/>\n<meta property=\"og:description\" content=\"Fight brown spots and pigmentation spots with our Organic age spot serum with powerful and natural active ingredients. Finally regain a radiant complexion!\" \/>\n<meta property=\"og:url\" content=\"https:\/\/phytstore.com\/en\/product\/anti-dark-spot-concentrate\/\" \/>\n<meta property=\"og:site_name\" content=\"PHYT&#039;S\" \/>\n<meta property=\"article:publisher\" content=\"https:\/\/www.facebook.com\/CJMBCosmetiques\/?ref=aymt_homepage_panel\" \/>\n<meta property=\"article:modified_time\" content=\"2023-05-18T18:21:57+00:00\" \/>\n<meta property=\"og:image\" content=\"https:\/\/phytstore.com\/wp-content\/uploads\/2020\/03\/CONCENTRE-ANTI-TACHES-BIO-ANTI-AGE.jpg\" \/>\n\t<meta property=\"og:image:width\" content=\"900\" \/>\n\t<meta property=\"og:image:height\" content=\"900\" \/>\n\t<meta property=\"og:image:type\" content=\"image\/jpeg\" \/>\n<meta name=\"twitter:card\" content=\"summary_large_image\" \/>\n<meta name=\"twitter:label1\" content=\"Est. reading time\" \/>\n\t<meta name=\"twitter:data1\" content=\"2 minutes\" \/>\n<script type=\"application\/ld+json\" class=\"yoast-schema-graph\">{\"@context\":\"https:\\\/\\\/schema.org\",\"@graph\":[{\"@type\":\"WebPage\",\"@id\":\"https:\\\/\\\/phytstore.com\\\/en\\\/product\\\/anti-dark-spot-concentrate\\\/\",\"url\":\"https:\\\/\\\/phytstore.com\\\/en\\\/product\\\/anti-dark-spot-concentrate\\\/\",\"name\":\"Vegan and Natural Age Spot Serum | PHYT\u2019S Laboratories\",\"isPartOf\":{\"@id\":\"https:\\\/\\\/phytstore.com\\\/en\\\/#website\"},\"primaryImageOfPage\":{\"@id\":\"https:\\\/\\\/phytstore.com\\\/en\\\/product\\\/anti-dark-spot-concentrate\\\/#primaryimage\"},\"image\":{\"@id\":\"https:\\\/\\\/phytstore.com\\\/en\\\/product\\\/anti-dark-spot-concentrate\\\/#primaryimage\"},\"thumbnailUrl\":\"https:\\\/\\\/phytstore.com\\\/wp-content\\\/uploads\\\/2020\\\/03\\\/CONCENTRE-ANTI-TACHES-BIO-ANTI-AGE.jpg\",\"datePublished\":\"2020-03-28T23:56:25+00:00\",\"dateModified\":\"2023-05-18T18:21:57+00:00\",\"description\":\"Fight brown spots and pigmentation spots with our Organic age spot serum with powerful and natural active ingredients. Finally regain a radiant complexion!\",\"breadcrumb\":{\"@id\":\"https:\\\/\\\/phytstore.com\\\/en\\\/product\\\/anti-dark-spot-concentrate\\\/#breadcrumb\"},\"inLanguage\":\"en-CA\",\"potentialAction\":[{\"@type\":\"ReadAction\",\"target\":[\"https:\\\/\\\/phytstore.com\\\/en\\\/product\\\/anti-dark-spot-concentrate\\\/\"]}]},{\"@type\":\"ImageObject\",\"inLanguage\":\"en-CA\",\"@id\":\"https:\\\/\\\/phytstore.com\\\/en\\\/product\\\/anti-dark-spot-concentrate\\\/#primaryimage\",\"url\":\"https:\\\/\\\/phytstore.com\\\/wp-content\\\/uploads\\\/2020\\\/03\\\/CONCENTRE-ANTI-TACHES-BIO-ANTI-AGE.jpg\",\"contentUrl\":\"https:\\\/\\\/phytstore.com\\\/wp-content\\\/uploads\\\/2020\\\/03\\\/CONCENTRE-ANTI-TACHES-BIO-ANTI-AGE.jpg\",\"width\":900,\"height\":900},{\"@type\":\"BreadcrumbList\",\"@id\":\"https:\\\/\\\/phytstore.com\\\/en\\\/product\\\/anti-dark-spot-concentrate\\\/#breadcrumb\",\"itemListElement\":[{\"@type\":\"ListItem\",\"position\":1,\"name\":\"Home\",\"item\":\"https:\\\/\\\/phytstore.com\\\/en\\\/\"},{\"@type\":\"ListItem\",\"position\":2,\"name\":\"Shop\",\"item\":\"https:\\\/\\\/phytstore.com\\\/en\\\/shop\\\/\"},{\"@type\":\"ListItem\",\"position\":3,\"name\":\"Face\",\"item\":\"https:\\\/\\\/phytstore.com\\\/en\\\/organic-skin-care\\\/\"},{\"@type\":\"ListItem\",\"position\":4,\"name\":\"Dark spots &amp; Dull skin\",\"item\":\"https:\\\/\\\/phytstore.com\\\/en\\\/organic-skin-care\\\/dark-spots-dull-skin\\\/\"},{\"@type\":\"ListItem\",\"position\":5,\"name\":\"Anti-Dark Spot Concentrate\"}]},{\"@type\":\"WebSite\",\"@id\":\"https:\\\/\\\/phytstore.com\\\/en\\\/#website\",\"url\":\"https:\\\/\\\/phytstore.com\\\/en\\\/\",\"name\":\"PHYT&#039;S\",\"description\":\"Fabricant et distributeur de soins certifi\u00e9s bio pour instituts de beaut\u00e9, spa et esth\u00e9ticiennes\",\"publisher\":{\"@id\":\"https:\\\/\\\/phytstore.com\\\/en\\\/#organization\"},\"potentialAction\":[{\"@type\":\"SearchAction\",\"target\":{\"@type\":\"EntryPoint\",\"urlTemplate\":\"https:\\\/\\\/phytstore.com\\\/en\\\/?s={search_term_string}\"},\"query-input\":{\"@type\":\"PropertyValueSpecification\",\"valueRequired\":true,\"valueName\":\"search_term_string\"}}],\"inLanguage\":\"en-CA\"},{\"@type\":\"Organization\",\"@id\":\"https:\\\/\\\/phytstore.com\\\/en\\\/#organization\",\"name\":\"Phyt's\",\"url\":\"https:\\\/\\\/phytstore.com\\\/en\\\/\",\"logo\":{\"@type\":\"ImageObject\",\"inLanguage\":\"en-CA\",\"@id\":\"https:\\\/\\\/phytstore.com\\\/en\\\/#\\\/schema\\\/logo\\\/image\\\/\",\"url\":\"https:\\\/\\\/phytstore.com\\\/wp-content\\\/uploads\\\/2020\\\/03\\\/logo-phyts-e1585168986207.png\",\"contentUrl\":\"https:\\\/\\\/phytstore.com\\\/wp-content\\\/uploads\\\/2020\\\/03\\\/logo-phyts-e1585168986207.png\",\"width\":200,\"height\":72,\"caption\":\"Phyt's\"},\"image\":{\"@id\":\"https:\\\/\\\/phytstore.com\\\/en\\\/#\\\/schema\\\/logo\\\/image\\\/\"},\"sameAs\":[\"https:\\\/\\\/www.facebook.com\\\/CJMBCosmetiques\\\/?ref=aymt_homepage_panel\",\"https:\\\/\\\/www.instagram.com\\\/phyts_canada\\\/\",\"https:\\\/\\\/www.linkedin.com\\\/company\\\/3337211\\\/admin\\\/\",\"https:\\\/\\\/www.youtube.com\\\/channel\\\/UCEkP009p4XTU5lXjLkaKptA\"]}]}<\/script>\n<!-- \/ Yoast SEO plugin. -->","yoast_head_json":{"title":"Vegan and Natural Age Spot Serum | PHYT\u2019S Laboratories","description":"Fight brown spots and pigmentation spots with our Organic age spot serum with powerful and natural active ingredients. Finally regain a radiant complexion!","robots":{"index":"index","follow":"follow","max-snippet":"max-snippet:-1","max-image-preview":"max-image-preview:large","max-video-preview":"max-video-preview:-1"},"canonical":"https:\/\/phytstore.com\/en\/product\/anti-dark-spot-concentrate\/","og_locale":"en_US","og_type":"article","og_title":"Vegan and Natural Age Spot Serum | PHYT\u2019S Laboratories","og_description":"Fight brown spots and pigmentation spots with our Organic age spot serum with powerful and natural active ingredients. Finally regain a radiant complexion!","og_url":"https:\/\/phytstore.com\/en\/product\/anti-dark-spot-concentrate\/","og_site_name":"PHYT&#039;S","article_publisher":"https:\/\/www.facebook.com\/CJMBCosmetiques\/?ref=aymt_homepage_panel","article_modified_time":"2023-05-18T18:21:57+00:00","og_image":[{"width":900,"height":900,"url":"https:\/\/phytstore.com\/wp-content\/uploads\/2020\/03\/CONCENTRE-ANTI-TACHES-BIO-ANTI-AGE.jpg","type":"image\/jpeg"}],"twitter_card":"summary_large_image","twitter_misc":{"Est. reading time":"2 minutes"},"schema":{"@context":"https:\/\/schema.org","@graph":[{"@type":"WebPage","@id":"https:\/\/phytstore.com\/en\/product\/anti-dark-spot-concentrate\/","url":"https:\/\/phytstore.com\/en\/product\/anti-dark-spot-concentrate\/","name":"Vegan and Natural Age Spot Serum | PHYT\u2019S Laboratories","isPartOf":{"@id":"https:\/\/phytstore.com\/en\/#website"},"primaryImageOfPage":{"@id":"https:\/\/phytstore.com\/en\/product\/anti-dark-spot-concentrate\/#primaryimage"},"image":{"@id":"https:\/\/phytstore.com\/en\/product\/anti-dark-spot-concentrate\/#primaryimage"},"thumbnailUrl":"https:\/\/phytstore.com\/wp-content\/uploads\/2020\/03\/CONCENTRE-ANTI-TACHES-BIO-ANTI-AGE.jpg","datePublished":"2020-03-28T23:56:25+00:00","dateModified":"2023-05-18T18:21:57+00:00","description":"Fight brown spots and pigmentation spots with our Organic age spot serum with powerful and natural active ingredients. Finally regain a radiant complexion!","breadcrumb":{"@id":"https:\/\/phytstore.com\/en\/product\/anti-dark-spot-concentrate\/#breadcrumb"},"inLanguage":"en-CA","potentialAction":[{"@type":"ReadAction","target":["https:\/\/phytstore.com\/en\/product\/anti-dark-spot-concentrate\/"]}]},{"@type":"ImageObject","inLanguage":"en-CA","@id":"https:\/\/phytstore.com\/en\/product\/anti-dark-spot-concentrate\/#primaryimage","url":"https:\/\/phytstore.com\/wp-content\/uploads\/2020\/03\/CONCENTRE-ANTI-TACHES-BIO-ANTI-AGE.jpg","contentUrl":"https:\/\/phytstore.com\/wp-content\/uploads\/2020\/03\/CONCENTRE-ANTI-TACHES-BIO-ANTI-AGE.jpg","width":900,"height":900},{"@type":"BreadcrumbList","@id":"https:\/\/phytstore.com\/en\/product\/anti-dark-spot-concentrate\/#breadcrumb","itemListElement":[{"@type":"ListItem","position":1,"name":"Home","item":"https:\/\/phytstore.com\/en\/"},{"@type":"ListItem","position":2,"name":"Shop","item":"https:\/\/phytstore.com\/en\/shop\/"},{"@type":"ListItem","position":3,"name":"Face","item":"https:\/\/phytstore.com\/en\/organic-skin-care\/"},{"@type":"ListItem","position":4,"name":"Dark spots &amp; Dull skin","item":"https:\/\/phytstore.com\/en\/organic-skin-care\/dark-spots-dull-skin\/"},{"@type":"ListItem","position":5,"name":"Anti-Dark Spot Concentrate"}]},{"@type":"WebSite","@id":"https:\/\/phytstore.com\/en\/#website","url":"https:\/\/phytstore.com\/en\/","name":"PHYT&#039;S","description":"Fabricant et distributeur de soins certifi\u00e9s bio pour instituts de beaut\u00e9, spa et esth\u00e9ticiennes","publisher":{"@id":"https:\/\/phytstore.com\/en\/#organization"},"potentialAction":[{"@type":"SearchAction","target":{"@type":"EntryPoint","urlTemplate":"https:\/\/phytstore.com\/en\/?s={search_term_string}"},"query-input":{"@type":"PropertyValueSpecification","valueRequired":true,"valueName":"search_term_string"}}],"inLanguage":"en-CA"},{"@type":"Organization","@id":"https:\/\/phytstore.com\/en\/#organization","name":"Phyt's","url":"https:\/\/phytstore.com\/en\/","logo":{"@type":"ImageObject","inLanguage":"en-CA","@id":"https:\/\/phytstore.com\/en\/#\/schema\/logo\/image\/","url":"https:\/\/phytstore.com\/wp-content\/uploads\/2020\/03\/logo-phyts-e1585168986207.png","contentUrl":"https:\/\/phytstore.com\/wp-content\/uploads\/2020\/03\/logo-phyts-e1585168986207.png","width":200,"height":72,"caption":"Phyt's"},"image":{"@id":"https:\/\/phytstore.com\/en\/#\/schema\/logo\/image\/"},"sameAs":["https:\/\/www.facebook.com\/CJMBCosmetiques\/?ref=aymt_homepage_panel","https:\/\/www.instagram.com\/phyts_canada\/","https:\/\/www.linkedin.com\/company\/3337211\/admin\/","https:\/\/www.youtube.com\/channel\/UCEkP009p4XTU5lXjLkaKptA"]}]}},"jetpack_sharing_enabled":true,"_links":{"self":[{"href":"https:\/\/phytstore.com\/en\/wp-json\/wp\/v2\/product\/2759","targetHints":{"allow":["GET"]}}],"collection":[{"href":"https:\/\/phytstore.com\/en\/wp-json\/wp\/v2\/product"}],"about":[{"href":"https:\/\/phytstore.com\/en\/wp-json\/wp\/v2\/types\/product"}],"replies":[{"embeddable":true,"href":"https:\/\/phytstore.com\/en\/wp-json\/wp\/v2\/comments?post=2759"}],"wp:featuredmedia":[{"embeddable":true,"href":"https:\/\/phytstore.com\/en\/wp-json\/wp\/v2\/media\/8811"}],"wp:attachment":[{"href":"https:\/\/phytstore.com\/en\/wp-json\/wp\/v2\/media?parent=2759"}],"wp:term":[{"taxonomy":"product_brand","embeddable":true,"href":"https:\/\/phytstore.com\/en\/wp-json\/wp\/v2\/product_brand?post=2759"},{"taxonomy":"product_cat","embeddable":true,"href":"https:\/\/phytstore.com\/en\/wp-json\/wp\/v2\/product_cat?post=2759"},{"taxonomy":"product_tag","embeddable":true,"href":"https:\/\/phytstore.com\/en\/wp-json\/wp\/v2\/product_tag?post=2759"}],"curies":[{"name":"wp","href":"https:\/\/api.w.org\/{rel}","templated":true}]}}