{"id":2758,"date":"2020-03-28T19:56:25","date_gmt":"2020-03-28T23:56:25","guid":{"rendered":"https:\/\/phytstore.com\/produit\/masque-nutri-confort\/"},"modified":"2023-05-18T14:18:51","modified_gmt":"2023-05-18T18:18:51","slug":"masque-anti-rides-fermete","status":"publish","type":"product","link":"https:\/\/phytstore.com\/en\/product\/anti-wrinkle-firmness-mask\/","title":{"rendered":"Anti-Wrinkle Firmness Mask"},"content":{"rendered":"<p>Packed with smoothing, plumping, and anti-aging ingredients (marine complex, essential oils, and vegetable oils), this Organic anti-wrinkle face mask offers a lifting-radiance effect from the first application! Wrinkles are smoothed, and the skin looks firmer and radiantly youthful. In addition, its action is reinforced when combined with the <a href=\"https:\/\/phytstore.com\/en\/anti-aging-aromalliance\/\"><strong>Aromalliance Anti-Aging range<\/strong><\/a>.<\/p>\n<p>&nbsp;<\/p>\n<h2>Active ingredients<\/h2>\n<p>Marine Complex, Wheat Germ, Sunflower*, Hazelnut*, Lemon*, Lavandin*, Rosemary*, Thyme*, Plant-Based Glycerin, Plant-Based Vitamin E<\/p>\n<p><em>* ingredients from Organic Farming<\/em><\/p>\n<p>&nbsp;<\/p>\n<h2>How do I apply my Organic anti-aging face mask?<\/h2>\n<p>Once or twice a week, after removing the makeup on your face, apply your Organic anti-aging mask generously all over your face, neck, and cleavage. Let rest for 10 minutes. Do not rinse, remove the excess product, and massage the remaining cream into the skin using light, circular movements.<\/p>\n<p>Tips: For greater effectiveness and a <strong>burst of radiance<\/strong>, first exfoliate your skin with the\u00a0<a href=\"https:\/\/phytstore.com\/en\/product\/contact-scrub\/\"><strong>Contact + Scrub<\/strong><\/a> or the\u00a0<a href=\"https:\/\/phytstore.com\/en\/product\/scrub\/\"><strong>White Bio-Active Scrub<\/strong><\/a>. In addition, apply the\u00a0<a href=\"https:\/\/phytstore.com\/en\/product\/anti-wrinkle-serum\/\"><strong>Anti-Wrinkle Serum<\/strong><\/a> underneath the Organic anti-wrinkle mask. This will help maximize the smoothing properties and the <strong>lifting-radiance effect<\/strong> of your Organic facial mask.<\/p>\n<p>Complete your routine and reduce premature aging with our <strong>range of anti-aging products<\/strong> formulated with rich <strong>ingredients derived from Organic farming<\/strong>.<\/p>\n<p>&nbsp;<\/p>\n<h2>How do I choose my facial mask?<\/h2>\n<p>A hydrating mask is chosen according to your needs and <strong>skin type<\/strong>.<\/p>\n<p>To reduce the appearance of wrinkles, delay premature aging, and preserve the youthfulness of the complexion, opt for an effective skin treatment such as the <strong>anti-aging face mask made with natural ingredients<\/strong>, whose anti-wrinkle and firming action is recognized.<\/p>\n<p>Dry, sensitive, or dull skin? If you&#8217;re looking to give your epidermis long-lasting hydration and combat the effects of stress and external aggression, try incorporating an overnight mask into your skincare routine. The Nutri Comfort Mask contains plant extracts, which can help soothe and nourish the skin while you sleep. When you wake up, your skin will feel plump, hydrated, and refreshed. This mask also helps minimize the appearance of fine lines and wrinkles caused by stress and aging.<\/p>\n","protected":false},"excerpt":{"rendered":"<p><img loading=\"lazy\" decoding=\"async\" class=\"alignnone size-full wp-image-4920\" src=\"https:\/\/phytstore.com\/wp-content\/uploads\/2020\/07\/Bio-100-Vegan-Efficacite-11.png\" alt=\"\" width=\"274\" height=\"53\" \/><\/p>\n<p>Immediate lifting &amp; anti-wrinkle<\/p>\n<p><strong>Skin type :<\/strong> All types of mature skin<br \/>\n<strong>Expectations :<\/strong> Regenerates*, firms*, smoothes<br \/>\n<strong>Presentation :<\/strong> 40 ml tube<\/p>\n","protected":false},"featured_media":10700,"comment_status":"closed","ping_status":"closed","template":"","meta":{"_acf_changed":false,"inline_featured_image":false},"product_brand":[],"product_cat":[80,235,238,252],"product_tag":[],"class_list":{"0":"post-2758","1":"product","2":"type-product","3":"status-publish","4":"has-post-thumbnail","6":"product_cat-anti-age-aromalliance-en","7":"product_cat-lack-of-firmness-en","8":"product_cat-wrinkles-skin-aging","9":"product_cat-masks","11":"first","12":"instock","13":"taxable","14":"shipping-taxable","15":"purchasable","16":"product-type-simple"},"acf":[],"yoast_head":"<!-- This site is optimized with the Yoast SEO plugin v27.1.1 - https:\/\/yoast.com\/product\/yoast-seo-wordpress\/ -->\n<title>Organic Anti-Aging Face Mask | PHYT\u2019S Laboratories<\/title>\n<meta name=\"description\" content=\"Discover our Organic anti-aging face mask with natural ingredients derived from Organic farming to smooth, firm, and restore all the radiance to your skin.\" \/>\n<meta name=\"robots\" content=\"index, follow, max-snippet:-1, max-image-preview:large, max-video-preview:-1\" \/>\n<link rel=\"canonical\" href=\"https:\/\/phytstore.com\/en\/product\/anti-wrinkle-firmness-mask\/\" \/>\n<meta property=\"og:locale\" content=\"en_US\" \/>\n<meta property=\"og:type\" content=\"article\" \/>\n<meta property=\"og:title\" content=\"Organic Anti-Aging Face Mask | PHYT\u2019S Laboratories\" \/>\n<meta property=\"og:description\" content=\"Discover our Organic anti-aging face mask with natural ingredients derived from Organic farming to smooth, firm, and restore all the radiance to your skin.\" \/>\n<meta property=\"og:url\" content=\"https:\/\/phytstore.com\/en\/product\/anti-wrinkle-firmness-mask\/\" \/>\n<meta property=\"og:site_name\" content=\"PHYT&#039;S\" \/>\n<meta property=\"article:publisher\" content=\"https:\/\/www.facebook.com\/CJMBCosmetiques\/?ref=aymt_homepage_panel\" \/>\n<meta property=\"article:modified_time\" content=\"2023-05-18T18:18:51+00:00\" \/>\n<meta property=\"og:image\" content=\"https:\/\/phytstore.com\/wp-content\/uploads\/2020\/03\/masque-anti-rides-fermet\u00e9.jpg\" \/>\n\t<meta property=\"og:image:width\" content=\"1080\" \/>\n\t<meta property=\"og:image:height\" content=\"1080\" \/>\n\t<meta property=\"og:image:type\" content=\"image\/jpeg\" \/>\n<meta name=\"twitter:card\" content=\"summary_large_image\" \/>\n<meta name=\"twitter:label1\" content=\"Est. reading time\" \/>\n\t<meta name=\"twitter:data1\" content=\"2 minutes\" \/>\n<script type=\"application\/ld+json\" class=\"yoast-schema-graph\">{\"@context\":\"https:\/\/schema.org\",\"@graph\":[{\"@type\":\"WebPage\",\"@id\":\"https:\/\/phytstore.com\/en\/product\/anti-wrinkle-firmness-mask\/\",\"url\":\"https:\/\/phytstore.com\/en\/product\/anti-wrinkle-firmness-mask\/\",\"name\":\"Organic Anti-Aging Face Mask | PHYT\u2019S Laboratories\",\"isPartOf\":{\"@id\":\"https:\/\/phytstore.com\/en\/#website\"},\"primaryImageOfPage\":{\"@id\":\"https:\/\/phytstore.com\/en\/product\/anti-wrinkle-firmness-mask\/#primaryimage\"},\"image\":{\"@id\":\"https:\/\/phytstore.com\/en\/product\/anti-wrinkle-firmness-mask\/#primaryimage\"},\"thumbnailUrl\":\"https:\/\/phytstore.com\/wp-content\/uploads\/2020\/03\/masque-anti-rides-fermete.jpg\",\"datePublished\":\"2020-03-28T23:56:25+00:00\",\"dateModified\":\"2023-05-18T18:18:51+00:00\",\"description\":\"Discover our Organic anti-aging face mask with natural ingredients derived from Organic farming to smooth, firm, and restore all the radiance to your skin.\",\"breadcrumb\":{\"@id\":\"https:\/\/phytstore.com\/en\/product\/anti-wrinkle-firmness-mask\/#breadcrumb\"},\"inLanguage\":\"en-CA\",\"potentialAction\":[{\"@type\":\"ReadAction\",\"target\":[\"https:\/\/phytstore.com\/en\/product\/anti-wrinkle-firmness-mask\/\"]}]},{\"@type\":\"ImageObject\",\"inLanguage\":\"en-CA\",\"@id\":\"https:\/\/phytstore.com\/en\/product\/anti-wrinkle-firmness-mask\/#primaryimage\",\"url\":\"https:\/\/phytstore.com\/wp-content\/uploads\/2020\/03\/masque-anti-rides-fermete.jpg\",\"contentUrl\":\"https:\/\/phytstore.com\/wp-content\/uploads\/2020\/03\/masque-anti-rides-fermete.jpg\",\"width\":900,\"height\":900},{\"@type\":\"BreadcrumbList\",\"@id\":\"https:\/\/phytstore.com\/en\/product\/anti-wrinkle-firmness-mask\/#breadcrumb\",\"itemListElement\":[{\"@type\":\"ListItem\",\"position\":1,\"name\":\"Home\",\"item\":\"https:\/\/phytstore.com\/en\/\"},{\"@type\":\"ListItem\",\"position\":2,\"name\":\"Shop\",\"item\":\"https:\/\/phytstore.com\/en\/shop\/\"},{\"@type\":\"ListItem\",\"position\":3,\"name\":\"Face\",\"item\":\"https:\/\/phytstore.com\/en\/organic-skin-care\/\"},{\"@type\":\"ListItem\",\"position\":4,\"name\":\"Natural Anti-Aging Skin Care\",\"item\":\"https:\/\/phytstore.com\/en\/organic-skin-care\/wrinkles-skin-aging\/\"},{\"@type\":\"ListItem\",\"position\":5,\"name\":\"Anti-Wrinkle Firmness Mask\"}]},{\"@type\":\"WebSite\",\"@id\":\"https:\/\/phytstore.com\/en\/#website\",\"url\":\"https:\/\/phytstore.com\/en\/\",\"name\":\"PHYT&#039;S\",\"description\":\"Fabricant et distributeur de soins certifi\u00e9s bio pour instituts de beaut\u00e9, spa et esth\u00e9ticiennes\",\"publisher\":{\"@id\":\"https:\/\/phytstore.com\/en\/#organization\"},\"potentialAction\":[{\"@type\":\"SearchAction\",\"target\":{\"@type\":\"EntryPoint\",\"urlTemplate\":\"https:\/\/phytstore.com\/en\/?s={search_term_string}\"},\"query-input\":{\"@type\":\"PropertyValueSpecification\",\"valueRequired\":true,\"valueName\":\"search_term_string\"}}],\"inLanguage\":\"en-CA\"},{\"@type\":\"Organization\",\"@id\":\"https:\/\/phytstore.com\/en\/#organization\",\"name\":\"Phyt's\",\"url\":\"https:\/\/phytstore.com\/en\/\",\"logo\":{\"@type\":\"ImageObject\",\"inLanguage\":\"en-CA\",\"@id\":\"https:\/\/phytstore.com\/en\/#\/schema\/logo\/image\/\",\"url\":\"https:\/\/phytstore.com\/wp-content\/uploads\/2020\/03\/logo-phyts-e1585168986207.png\",\"contentUrl\":\"https:\/\/phytstore.com\/wp-content\/uploads\/2020\/03\/logo-phyts-e1585168986207.png\",\"width\":200,\"height\":72,\"caption\":\"Phyt's\"},\"image\":{\"@id\":\"https:\/\/phytstore.com\/en\/#\/schema\/logo\/image\/\"},\"sameAs\":[\"https:\/\/www.facebook.com\/CJMBCosmetiques\/?ref=aymt_homepage_panel\",\"https:\/\/www.instagram.com\/phyts_canada\/\",\"https:\/\/www.linkedin.com\/company\/3337211\/admin\/\",\"https:\/\/www.youtube.com\/channel\/UCEkP009p4XTU5lXjLkaKptA\"]}]}<\/script>\n<!-- \/ Yoast SEO plugin. -->","yoast_head_json":{"title":"Organic Anti-Aging Face Mask | PHYT\u2019S Laboratories","description":"Discover our Organic anti-aging face mask with natural ingredients derived from Organic farming to smooth, firm, and restore all the radiance to your skin.","robots":{"index":"index","follow":"follow","max-snippet":"max-snippet:-1","max-image-preview":"max-image-preview:large","max-video-preview":"max-video-preview:-1"},"canonical":"https:\/\/phytstore.com\/en\/product\/anti-wrinkle-firmness-mask\/","og_locale":"en_US","og_type":"article","og_title":"Organic Anti-Aging Face Mask | PHYT\u2019S Laboratories","og_description":"Discover our Organic anti-aging face mask with natural ingredients derived from Organic farming to smooth, firm, and restore all the radiance to your skin.","og_url":"https:\/\/phytstore.com\/en\/product\/anti-wrinkle-firmness-mask\/","og_site_name":"PHYT&#039;S","article_publisher":"https:\/\/www.facebook.com\/CJMBCosmetiques\/?ref=aymt_homepage_panel","article_modified_time":"2023-05-18T18:18:51+00:00","og_image":[{"width":1080,"height":1080,"url":"https:\/\/phytstore.com\/wp-content\/uploads\/2020\/03\/masque-anti-rides-fermet\u00e9.jpg","type":"image\/jpeg"}],"twitter_card":"summary_large_image","twitter_misc":{"Est. reading time":"2 minutes"},"schema":{"@context":"https:\/\/schema.org","@graph":[{"@type":"WebPage","@id":"https:\/\/phytstore.com\/en\/product\/anti-wrinkle-firmness-mask\/","url":"https:\/\/phytstore.com\/en\/product\/anti-wrinkle-firmness-mask\/","name":"Organic Anti-Aging Face Mask | PHYT\u2019S Laboratories","isPartOf":{"@id":"https:\/\/phytstore.com\/en\/#website"},"primaryImageOfPage":{"@id":"https:\/\/phytstore.com\/en\/product\/anti-wrinkle-firmness-mask\/#primaryimage"},"image":{"@id":"https:\/\/phytstore.com\/en\/product\/anti-wrinkle-firmness-mask\/#primaryimage"},"thumbnailUrl":"https:\/\/phytstore.com\/wp-content\/uploads\/2020\/03\/masque-anti-rides-fermete.jpg","datePublished":"2020-03-28T23:56:25+00:00","dateModified":"2023-05-18T18:18:51+00:00","description":"Discover our Organic anti-aging face mask with natural ingredients derived from Organic farming to smooth, firm, and restore all the radiance to your skin.","breadcrumb":{"@id":"https:\/\/phytstore.com\/en\/product\/anti-wrinkle-firmness-mask\/#breadcrumb"},"inLanguage":"en-CA","potentialAction":[{"@type":"ReadAction","target":["https:\/\/phytstore.com\/en\/product\/anti-wrinkle-firmness-mask\/"]}]},{"@type":"ImageObject","inLanguage":"en-CA","@id":"https:\/\/phytstore.com\/en\/product\/anti-wrinkle-firmness-mask\/#primaryimage","url":"https:\/\/phytstore.com\/wp-content\/uploads\/2020\/03\/masque-anti-rides-fermete.jpg","contentUrl":"https:\/\/phytstore.com\/wp-content\/uploads\/2020\/03\/masque-anti-rides-fermete.jpg","width":900,"height":900},{"@type":"BreadcrumbList","@id":"https:\/\/phytstore.com\/en\/product\/anti-wrinkle-firmness-mask\/#breadcrumb","itemListElement":[{"@type":"ListItem","position":1,"name":"Home","item":"https:\/\/phytstore.com\/en\/"},{"@type":"ListItem","position":2,"name":"Shop","item":"https:\/\/phytstore.com\/en\/shop\/"},{"@type":"ListItem","position":3,"name":"Face","item":"https:\/\/phytstore.com\/en\/organic-skin-care\/"},{"@type":"ListItem","position":4,"name":"Natural Anti-Aging Skin Care","item":"https:\/\/phytstore.com\/en\/organic-skin-care\/wrinkles-skin-aging\/"},{"@type":"ListItem","position":5,"name":"Anti-Wrinkle Firmness Mask"}]},{"@type":"WebSite","@id":"https:\/\/phytstore.com\/en\/#website","url":"https:\/\/phytstore.com\/en\/","name":"PHYT&#039;S","description":"Fabricant et distributeur de soins certifi\u00e9s bio pour instituts de beaut\u00e9, spa et esth\u00e9ticiennes","publisher":{"@id":"https:\/\/phytstore.com\/en\/#organization"},"potentialAction":[{"@type":"SearchAction","target":{"@type":"EntryPoint","urlTemplate":"https:\/\/phytstore.com\/en\/?s={search_term_string}"},"query-input":{"@type":"PropertyValueSpecification","valueRequired":true,"valueName":"search_term_string"}}],"inLanguage":"en-CA"},{"@type":"Organization","@id":"https:\/\/phytstore.com\/en\/#organization","name":"Phyt's","url":"https:\/\/phytstore.com\/en\/","logo":{"@type":"ImageObject","inLanguage":"en-CA","@id":"https:\/\/phytstore.com\/en\/#\/schema\/logo\/image\/","url":"https:\/\/phytstore.com\/wp-content\/uploads\/2020\/03\/logo-phyts-e1585168986207.png","contentUrl":"https:\/\/phytstore.com\/wp-content\/uploads\/2020\/03\/logo-phyts-e1585168986207.png","width":200,"height":72,"caption":"Phyt's"},"image":{"@id":"https:\/\/phytstore.com\/en\/#\/schema\/logo\/image\/"},"sameAs":["https:\/\/www.facebook.com\/CJMBCosmetiques\/?ref=aymt_homepage_panel","https:\/\/www.instagram.com\/phyts_canada\/","https:\/\/www.linkedin.com\/company\/3337211\/admin\/","https:\/\/www.youtube.com\/channel\/UCEkP009p4XTU5lXjLkaKptA"]}]}},"jetpack_sharing_enabled":true,"_links":{"self":[{"href":"https:\/\/phytstore.com\/en\/wp-json\/wp\/v2\/product\/2758","targetHints":{"allow":["GET"]}}],"collection":[{"href":"https:\/\/phytstore.com\/en\/wp-json\/wp\/v2\/product"}],"about":[{"href":"https:\/\/phytstore.com\/en\/wp-json\/wp\/v2\/types\/product"}],"replies":[{"embeddable":true,"href":"https:\/\/phytstore.com\/en\/wp-json\/wp\/v2\/comments?post=2758"}],"wp:featuredmedia":[{"embeddable":true,"href":"https:\/\/phytstore.com\/en\/wp-json\/wp\/v2\/media\/10700"}],"wp:attachment":[{"href":"https:\/\/phytstore.com\/en\/wp-json\/wp\/v2\/media?parent=2758"}],"wp:term":[{"taxonomy":"product_brand","embeddable":true,"href":"https:\/\/phytstore.com\/en\/wp-json\/wp\/v2\/product_brand?post=2758"},{"taxonomy":"product_cat","embeddable":true,"href":"https:\/\/phytstore.com\/en\/wp-json\/wp\/v2\/product_cat?post=2758"},{"taxonomy":"product_tag","embeddable":true,"href":"https:\/\/phytstore.com\/en\/wp-json\/wp\/v2\/product_tag?post=2758"}],"curies":[{"name":"wp","href":"https:\/\/api.w.org\/{rel}","templated":true}]}}