{"id":2757,"date":"2020-03-28T19:56:25","date_gmt":"2020-03-28T23:56:25","guid":{"rendered":"https:\/\/phytstore.com\/produit\/2757\/"},"modified":"2025-07-29T16:56:05","modified_gmt":"2025-07-29T20:56:05","slug":"anti-pollution-concentrate","status":"publish","type":"product","link":"https:\/\/phytstore.com\/en\/product\/anti-pollution-concentrate\/","title":{"rendered":"Anti-Pollution Concentrate"},"content":{"rendered":"<p>This Organic booster serum helps to protect the skin against damage caused by urban pollution : premature aging, dull complexion, signs of fatigue, dehydration&#8230; This concentrate with Rosemary extract limits oxidative stress, while its brown seaweed extracts increase its protective action. Its vegetal Chlorophyll illuminates the complexion and its precious Aloe Vera beads hydrate the skin. It is then revitalized and looks even more youthful and radiant with beauty!<\/p>\n<h2><strong>Active ingredients :<\/strong><\/h2>\n<p>Vegetal Chlorophyll, Marine Oligosaccharide, Brown Seaweed, Rosemary*, Plankton, Acerola (vitamin C), Aloe Vera*, Aloe Vera beads, Vegetal sugars, Hemp*, Avocado*, Olive*, Sunflower*, Vegetal Vitamin E, Vegetal Vitamin F<br \/>\n<em>* ingredients from Organic Farming<\/em><\/p>\n<h2><strong>How to Apply my Anti-Pollution Concentrate?<\/strong><\/h2>\n<p>Morning and evening, after cleansing, apply all over face, neck and cleavage. Apply then your PHYT&#8217;S daily care.<br \/>\n<b>Tips :<\/b> For best revitalizing results, apply the\u00a0<strong><a href=\"https:\/\/phytstore.com\/en\/product\/anti-pollution-cream\/\">Anti-Pollution Cream<\/a><\/strong> or the <a href=\"https:\/\/phytstore.com\/en\/product\/anti-pollution-serum\/\"><strong>Anti-Pollution Serum<\/strong><\/a> on top of it. In addition, once or twice a week, exfoliate the skin then complete with the <strong><a href=\"https:\/\/phytstore.com\/en\/product\/anti-pollution-flash-mask\/\">Anti-Pollution Flash Mask<\/a><\/strong>.<\/p>\n","protected":false},"excerpt":{"rendered":"<p><img loading=\"lazy\" decoding=\"async\" class=\"alignnone size-full wp-image-4920\" src=\"https:\/\/phytstore.com\/wp-content\/uploads\/2020\/07\/Bio-100-Vegan-Efficacite-11.png\" alt=\"\" width=\"274\" height=\"53\" \/><\/p>\n<p>Radiance, revitalizing &amp; anti-aging Booster Serum<\/p>\n<p><strong>Skin type :<\/strong> All dull, devitalized, stressed or subject to pollution skin<br \/>\n<strong>Expectations :<\/strong> Revitalizes, illuminates, hydrates<br \/>\n<strong>Presentation :<\/strong> 40 ml tube<\/p>\n","protected":false},"featured_media":4783,"comment_status":"closed","ping_status":"closed","template":"","meta":{"_acf_changed":false,"inline_featured_image":false},"product_brand":[],"product_cat":[237,254,93,233,236],"product_tag":[],"class_list":{"0":"post-2757","1":"product","2":"type-product","3":"status-publish","4":"has-post-thumbnail","6":"product_cat-first-signs-of-aging","7":"product_cat-booster-serums-concentrates","8":"product_cat-reviderm-en","9":"product_cat-lack-of-radiance","10":"product_cat-pollution-en","12":"first","13":"instock","14":"taxable","15":"shipping-taxable","16":"purchasable","17":"product-type-simple"},"acf":[],"yoast_head":"<!-- This site is optimized with the Yoast SEO plugin v27.1.1 - https:\/\/yoast.com\/product\/yoast-seo-wordpress\/ -->\n<title>Anti-Pollution Concentrate PHYT&#039;S \u2013 Organic &amp; Natural Skincare<\/title>\n<meta name=\"description\" content=\"The Organic Anti-Pollution Concentrate limits oxidative stress, revitalizes, hydrates and illuminates the complexion, for youthful radiant skin!\" \/>\n<meta name=\"robots\" content=\"index, follow, max-snippet:-1, max-image-preview:large, max-video-preview:-1\" \/>\n<link rel=\"canonical\" href=\"https:\/\/phytstore.com\/en\/product\/anti-pollution-concentrate\/\" \/>\n<meta property=\"og:locale\" content=\"en_US\" \/>\n<meta property=\"og:type\" content=\"article\" \/>\n<meta property=\"og:title\" content=\"Anti-Pollution Concentrate PHYT&#039;S \u2013 Organic &amp; Natural Skincare\" \/>\n<meta property=\"og:description\" content=\"The Organic Anti-Pollution Concentrate limits oxidative stress, revitalizes, hydrates and illuminates the complexion, for youthful radiant skin!\" \/>\n<meta property=\"og:url\" content=\"https:\/\/phytstore.com\/en\/product\/anti-pollution-concentrate\/\" \/>\n<meta property=\"og:site_name\" content=\"PHYT&#039;S\" \/>\n<meta property=\"article:publisher\" content=\"https:\/\/www.facebook.com\/CJMBCosmetiques\/?ref=aymt_homepage_panel\" \/>\n<meta property=\"article:modified_time\" content=\"2025-07-29T20:56:05+00:00\" \/>\n<meta property=\"og:image\" content=\"https:\/\/phytstore.com\/wp-content\/uploads\/2020\/03\/Concentre-Anti-Pollution-1.png\" \/>\n\t<meta property=\"og:image:width\" content=\"1240\" \/>\n\t<meta property=\"og:image:height\" content=\"1240\" \/>\n\t<meta property=\"og:image:type\" content=\"image\/png\" \/>\n<meta name=\"twitter:card\" content=\"summary_large_image\" \/>\n<meta name=\"twitter:label1\" content=\"Est. reading time\" \/>\n\t<meta name=\"twitter:data1\" content=\"2 minutes\" \/>\n<script type=\"application\/ld+json\" class=\"yoast-schema-graph\">{\"@context\":\"https:\/\/schema.org\",\"@graph\":[{\"@type\":\"WebPage\",\"@id\":\"https:\/\/phytstore.com\/en\/product\/anti-pollution-concentrate\/\",\"url\":\"https:\/\/phytstore.com\/en\/product\/anti-pollution-concentrate\/\",\"name\":\"Anti-Pollution Concentrate PHYT'S \u2013 Organic & Natural Skincare\",\"isPartOf\":{\"@id\":\"https:\/\/phytstore.com\/en\/#website\"},\"primaryImageOfPage\":{\"@id\":\"https:\/\/phytstore.com\/en\/product\/anti-pollution-concentrate\/#primaryimage\"},\"image\":{\"@id\":\"https:\/\/phytstore.com\/en\/product\/anti-pollution-concentrate\/#primaryimage\"},\"thumbnailUrl\":\"https:\/\/phytstore.com\/wp-content\/uploads\/2020\/03\/Concentre-Anti-Pollution-1.png\",\"datePublished\":\"2020-03-28T23:56:25+00:00\",\"dateModified\":\"2025-07-29T20:56:05+00:00\",\"description\":\"The Organic Anti-Pollution Concentrate limits oxidative stress, revitalizes, hydrates and illuminates the complexion, for youthful radiant skin!\",\"breadcrumb\":{\"@id\":\"https:\/\/phytstore.com\/en\/product\/anti-pollution-concentrate\/#breadcrumb\"},\"inLanguage\":\"en-CA\",\"potentialAction\":[{\"@type\":\"ReadAction\",\"target\":[\"https:\/\/phytstore.com\/en\/product\/anti-pollution-concentrate\/\"]}]},{\"@type\":\"ImageObject\",\"inLanguage\":\"en-CA\",\"@id\":\"https:\/\/phytstore.com\/en\/product\/anti-pollution-concentrate\/#primaryimage\",\"url\":\"https:\/\/phytstore.com\/wp-content\/uploads\/2020\/03\/Concentre-Anti-Pollution-1.png\",\"contentUrl\":\"https:\/\/phytstore.com\/wp-content\/uploads\/2020\/03\/Concentre-Anti-Pollution-1.png\",\"width\":1240,\"height\":1240,\"caption\":\"Concentr\u00e9 Anti-Pollution\"},{\"@type\":\"BreadcrumbList\",\"@id\":\"https:\/\/phytstore.com\/en\/product\/anti-pollution-concentrate\/#breadcrumb\",\"itemListElement\":[{\"@type\":\"ListItem\",\"position\":1,\"name\":\"Home\",\"item\":\"https:\/\/phytstore.com\/en\/\"},{\"@type\":\"ListItem\",\"position\":2,\"name\":\"Shop\",\"item\":\"https:\/\/phytstore.com\/en\/shop\/\"},{\"@type\":\"ListItem\",\"position\":3,\"name\":\"Face\",\"item\":\"https:\/\/phytstore.com\/en\/organic-skin-care\/\"},{\"@type\":\"ListItem\",\"position\":4,\"name\":\"Lack of Radiance\",\"item\":\"https:\/\/phytstore.com\/en\/organic-skin-care\/lack-of-radiance\/\"},{\"@type\":\"ListItem\",\"position\":5,\"name\":\"Anti-Pollution Concentrate\"}]},{\"@type\":\"WebSite\",\"@id\":\"https:\/\/phytstore.com\/en\/#website\",\"url\":\"https:\/\/phytstore.com\/en\/\",\"name\":\"PHYT&#039;S\",\"description\":\"Fabricant et distributeur de soins certifi\u00e9s bio pour instituts de beaut\u00e9, spa et esth\u00e9ticiennes\",\"publisher\":{\"@id\":\"https:\/\/phytstore.com\/en\/#organization\"},\"potentialAction\":[{\"@type\":\"SearchAction\",\"target\":{\"@type\":\"EntryPoint\",\"urlTemplate\":\"https:\/\/phytstore.com\/en\/?s={search_term_string}\"},\"query-input\":{\"@type\":\"PropertyValueSpecification\",\"valueRequired\":true,\"valueName\":\"search_term_string\"}}],\"inLanguage\":\"en-CA\"},{\"@type\":\"Organization\",\"@id\":\"https:\/\/phytstore.com\/en\/#organization\",\"name\":\"Phyt's\",\"url\":\"https:\/\/phytstore.com\/en\/\",\"logo\":{\"@type\":\"ImageObject\",\"inLanguage\":\"en-CA\",\"@id\":\"https:\/\/phytstore.com\/en\/#\/schema\/logo\/image\/\",\"url\":\"https:\/\/phytstore.com\/wp-content\/uploads\/2020\/03\/logo-phyts-e1585168986207.png\",\"contentUrl\":\"https:\/\/phytstore.com\/wp-content\/uploads\/2020\/03\/logo-phyts-e1585168986207.png\",\"width\":200,\"height\":72,\"caption\":\"Phyt's\"},\"image\":{\"@id\":\"https:\/\/phytstore.com\/en\/#\/schema\/logo\/image\/\"},\"sameAs\":[\"https:\/\/www.facebook.com\/CJMBCosmetiques\/?ref=aymt_homepage_panel\",\"https:\/\/www.instagram.com\/phyts_canada\/\",\"https:\/\/www.linkedin.com\/company\/3337211\/admin\/\",\"https:\/\/www.youtube.com\/channel\/UCEkP009p4XTU5lXjLkaKptA\"]}]}<\/script>\n<!-- \/ Yoast SEO plugin. -->","yoast_head_json":{"title":"Anti-Pollution Concentrate PHYT'S \u2013 Organic & Natural Skincare","description":"The Organic Anti-Pollution Concentrate limits oxidative stress, revitalizes, hydrates and illuminates the complexion, for youthful radiant skin!","robots":{"index":"index","follow":"follow","max-snippet":"max-snippet:-1","max-image-preview":"max-image-preview:large","max-video-preview":"max-video-preview:-1"},"canonical":"https:\/\/phytstore.com\/en\/product\/anti-pollution-concentrate\/","og_locale":"en_US","og_type":"article","og_title":"Anti-Pollution Concentrate PHYT'S \u2013 Organic & Natural Skincare","og_description":"The Organic Anti-Pollution Concentrate limits oxidative stress, revitalizes, hydrates and illuminates the complexion, for youthful radiant skin!","og_url":"https:\/\/phytstore.com\/en\/product\/anti-pollution-concentrate\/","og_site_name":"PHYT&#039;S","article_publisher":"https:\/\/www.facebook.com\/CJMBCosmetiques\/?ref=aymt_homepage_panel","article_modified_time":"2025-07-29T20:56:05+00:00","og_image":[{"width":1240,"height":1240,"url":"https:\/\/phytstore.com\/wp-content\/uploads\/2020\/03\/Concentre-Anti-Pollution-1.png","type":"image\/png"}],"twitter_card":"summary_large_image","twitter_misc":{"Est. reading time":"2 minutes"},"schema":{"@context":"https:\/\/schema.org","@graph":[{"@type":"WebPage","@id":"https:\/\/phytstore.com\/en\/product\/anti-pollution-concentrate\/","url":"https:\/\/phytstore.com\/en\/product\/anti-pollution-concentrate\/","name":"Anti-Pollution Concentrate PHYT'S \u2013 Organic & Natural Skincare","isPartOf":{"@id":"https:\/\/phytstore.com\/en\/#website"},"primaryImageOfPage":{"@id":"https:\/\/phytstore.com\/en\/product\/anti-pollution-concentrate\/#primaryimage"},"image":{"@id":"https:\/\/phytstore.com\/en\/product\/anti-pollution-concentrate\/#primaryimage"},"thumbnailUrl":"https:\/\/phytstore.com\/wp-content\/uploads\/2020\/03\/Concentre-Anti-Pollution-1.png","datePublished":"2020-03-28T23:56:25+00:00","dateModified":"2025-07-29T20:56:05+00:00","description":"The Organic Anti-Pollution Concentrate limits oxidative stress, revitalizes, hydrates and illuminates the complexion, for youthful radiant skin!","breadcrumb":{"@id":"https:\/\/phytstore.com\/en\/product\/anti-pollution-concentrate\/#breadcrumb"},"inLanguage":"en-CA","potentialAction":[{"@type":"ReadAction","target":["https:\/\/phytstore.com\/en\/product\/anti-pollution-concentrate\/"]}]},{"@type":"ImageObject","inLanguage":"en-CA","@id":"https:\/\/phytstore.com\/en\/product\/anti-pollution-concentrate\/#primaryimage","url":"https:\/\/phytstore.com\/wp-content\/uploads\/2020\/03\/Concentre-Anti-Pollution-1.png","contentUrl":"https:\/\/phytstore.com\/wp-content\/uploads\/2020\/03\/Concentre-Anti-Pollution-1.png","width":1240,"height":1240,"caption":"Concentr\u00e9 Anti-Pollution"},{"@type":"BreadcrumbList","@id":"https:\/\/phytstore.com\/en\/product\/anti-pollution-concentrate\/#breadcrumb","itemListElement":[{"@type":"ListItem","position":1,"name":"Home","item":"https:\/\/phytstore.com\/en\/"},{"@type":"ListItem","position":2,"name":"Shop","item":"https:\/\/phytstore.com\/en\/shop\/"},{"@type":"ListItem","position":3,"name":"Face","item":"https:\/\/phytstore.com\/en\/organic-skin-care\/"},{"@type":"ListItem","position":4,"name":"Lack of Radiance","item":"https:\/\/phytstore.com\/en\/organic-skin-care\/lack-of-radiance\/"},{"@type":"ListItem","position":5,"name":"Anti-Pollution Concentrate"}]},{"@type":"WebSite","@id":"https:\/\/phytstore.com\/en\/#website","url":"https:\/\/phytstore.com\/en\/","name":"PHYT&#039;S","description":"Fabricant et distributeur de soins certifi\u00e9s bio pour instituts de beaut\u00e9, spa et esth\u00e9ticiennes","publisher":{"@id":"https:\/\/phytstore.com\/en\/#organization"},"potentialAction":[{"@type":"SearchAction","target":{"@type":"EntryPoint","urlTemplate":"https:\/\/phytstore.com\/en\/?s={search_term_string}"},"query-input":{"@type":"PropertyValueSpecification","valueRequired":true,"valueName":"search_term_string"}}],"inLanguage":"en-CA"},{"@type":"Organization","@id":"https:\/\/phytstore.com\/en\/#organization","name":"Phyt's","url":"https:\/\/phytstore.com\/en\/","logo":{"@type":"ImageObject","inLanguage":"en-CA","@id":"https:\/\/phytstore.com\/en\/#\/schema\/logo\/image\/","url":"https:\/\/phytstore.com\/wp-content\/uploads\/2020\/03\/logo-phyts-e1585168986207.png","contentUrl":"https:\/\/phytstore.com\/wp-content\/uploads\/2020\/03\/logo-phyts-e1585168986207.png","width":200,"height":72,"caption":"Phyt's"},"image":{"@id":"https:\/\/phytstore.com\/en\/#\/schema\/logo\/image\/"},"sameAs":["https:\/\/www.facebook.com\/CJMBCosmetiques\/?ref=aymt_homepage_panel","https:\/\/www.instagram.com\/phyts_canada\/","https:\/\/www.linkedin.com\/company\/3337211\/admin\/","https:\/\/www.youtube.com\/channel\/UCEkP009p4XTU5lXjLkaKptA"]}]}},"jetpack_sharing_enabled":true,"_links":{"self":[{"href":"https:\/\/phytstore.com\/en\/wp-json\/wp\/v2\/product\/2757","targetHints":{"allow":["GET"]}}],"collection":[{"href":"https:\/\/phytstore.com\/en\/wp-json\/wp\/v2\/product"}],"about":[{"href":"https:\/\/phytstore.com\/en\/wp-json\/wp\/v2\/types\/product"}],"replies":[{"embeddable":true,"href":"https:\/\/phytstore.com\/en\/wp-json\/wp\/v2\/comments?post=2757"}],"wp:featuredmedia":[{"embeddable":true,"href":"https:\/\/phytstore.com\/en\/wp-json\/wp\/v2\/media\/4783"}],"wp:attachment":[{"href":"https:\/\/phytstore.com\/en\/wp-json\/wp\/v2\/media?parent=2757"}],"wp:term":[{"taxonomy":"product_brand","embeddable":true,"href":"https:\/\/phytstore.com\/en\/wp-json\/wp\/v2\/product_brand?post=2757"},{"taxonomy":"product_cat","embeddable":true,"href":"https:\/\/phytstore.com\/en\/wp-json\/wp\/v2\/product_cat?post=2757"},{"taxonomy":"product_tag","embeddable":true,"href":"https:\/\/phytstore.com\/en\/wp-json\/wp\/v2\/product_tag?post=2757"}],"curies":[{"name":"wp","href":"https:\/\/api.w.org\/{rel}","templated":true}]}}