{"id":2754,"date":"2020-03-28T19:56:25","date_gmt":"2020-03-28T23:56:25","guid":{"rendered":"https:\/\/phytstore.com\/produit\/serum-reviderm\/"},"modified":"2024-05-30T11:23:27","modified_gmt":"2024-05-30T15:23:27","slug":"anti-pollution-serum","status":"publish","type":"product","link":"https:\/\/phytstore.com\/en\/product\/anti-pollution-serum\/","title":{"rendered":"Anti-Pollution Serum"},"content":{"rendered":"<p>During sleep, the skin regenerates and repairs the damage caused all along the day. To optimise the benefits of a good night\u2019s sleep, this Organic serum, rich in nourishing* vegetal oils and regenerating* active ingredients, helps the skin better recover when most receptive. It stimulates the skin&#8217;s radiance and reduces the appearance of the first visible signs of aging. Its 3-rice extract protects the skin against environmental elements** and limits oxidative stress. In the morning, it is regenerated*, revitalized, and nourished*. It looks healthy and ready to start a new day!<br \/>\n<em>* via hydration ** that dehydrate the skin.<\/em><\/p>\n<h2><strong>Active ingredients :<\/strong><\/h2>\n<p>Hemp*, Hazelnut*, Wheatgerm, Sunflower*, Castor*, Soybean*, 3 Rice (red, white, rice germ), Cypress*, Basil*, Sage*, Geranium*, Lavender*, Vegetal Vitamin E<br \/>\n<em>* ingredients from Organic Farming<\/em><\/p>\n<h2><strong>How do I use my anti-pollution serum?<\/strong><\/h2>\n<p>To optimize the use of your anti-pollution serum, follow these simple yet effective steps. In the evening, on freshly cleansed skin, <strong>apply the serum by gently massaging<\/strong> it on the face and neck to promote absorption and nocturnal skin regeneration. This serum is sufficient on its own and advantageously replaces your usual night cream, offering reinforced protection against external aggressions.<\/p>\n<p>Formulated with natural ingredients, it shields your skin from the damage caused by exposure to pollution. This lightweight serum is particularly beneficial for sensitive skin, offering enhanced protection from the negative effects of air pollution in our cities.<\/p>\n<p>To boost its effect, start by applying the\u00a0<a href=\"https:\/\/phytstore.com\/en\/product\/anti-pollution-concentrate\/\">Anti-Pollution Concentrate<\/a> before the serum. In the morning, use the\u00a0<a href=\"https:\/\/phytstore.com\/en\/product\/anti-pollution-cream\/\">Anti-Pollution Cream<\/a> for an effective protective barrier all day long. Once or twice a week, integrate a gentle exfoliation followed by the application of the\u00a0<a href=\"https:\/\/phytstore.com\/en\/product\/anti-pollution-flash-mask\/\">Anti-Pollution Flash Mask<\/a> into your weekly skin care routine to eliminate impurities and toxins, thereby revealing revitalized and radiant skin. Discover our complete range of\u00a0<a href=\"https:\/\/phytstore.com\/en\/pollution-en\/\">anti-pollution skin care products<\/a>.<\/p>\n<p><em>Important note: As a precautionary measure, the anti-pollution serum is not recommended for pregnant or breastfeeding women.<\/em><\/p>\n<h2><strong>Why choose an anti-pollution serum?<\/strong><\/h2>\n<p>Choosing a daily anti-pollution skin care serum is essential to <strong>protect the skin from external aggressions<\/strong>, especially the harmful effects of pollution, which accelerates skin aging.<\/p>\n<p>The anti-pollution serum forms a protective shield, reduces the damage caused by fine particles, and prevents the appearance of wrinkles and other signs of premature aging. It revitalizes and strengthens the skin barrier, for radiant, healthy skin that is resilient to environmental pollutants.<\/p>\n","protected":false},"excerpt":{"rendered":"<p><img loading=\"lazy\" decoding=\"async\" class=\"alignnone size-full wp-image-4920\" src=\"https:\/\/phytstore.com\/wp-content\/uploads\/2020\/07\/Bio-100-Vegan-Efficacite-11.png\" alt=\"\" width=\"274\" height=\"53\" \/><\/p>\n<p>Regenerating*, revitalizing &amp; anti-aging oily concentrate<\/p>\n<p><strong>Skin type :<\/strong> All dull, devitalized, stressed or exposed to pollution skin<br \/>\n<strong>Expectations :<\/strong> Regenerates*, revitalizes, illuminates, nourishes*<br \/>\n<strong>Presentation :<\/strong> 15 ml drop-bottle<\/p>\n","protected":false},"featured_media":5253,"comment_status":"closed","ping_status":"closed","template":"","meta":{"_acf_changed":false,"inline_featured_image":false},"product_brand":[],"product_cat":[237,245,93,233,236],"product_tag":[],"class_list":{"0":"post-2754","1":"product","2":"type-product","3":"status-publish","4":"has-post-thumbnail","6":"product_cat-first-signs-of-aging","7":"product_cat-night-creams-serums","8":"product_cat-reviderm-en","9":"product_cat-lack-of-radiance","10":"product_cat-pollution-en","12":"first","13":"instock","14":"taxable","15":"shipping-taxable","16":"purchasable","17":"product-type-simple"},"acf":[],"yoast_head":"<!-- This site is optimized with the Yoast SEO plugin v27.4 - https:\/\/yoast.com\/product\/yoast-seo-wordpress\/ -->\n<title>Anti-Pollution Serum - Organic and 100% Natural - PHYT\u2019S<\/title>\n<meta name=\"description\" content=\"Discover our Organic and 100% natural Anti-Pollution Serum, ideal for fighting signs of aging and reducing wrinkles for radiant skin.\" \/>\n<meta name=\"robots\" content=\"index, follow, max-snippet:-1, max-image-preview:large, max-video-preview:-1\" \/>\n<link rel=\"canonical\" href=\"https:\/\/phytstore.com\/en\/product\/anti-pollution-serum\/\" \/>\n<meta property=\"og:locale\" content=\"en_US\" \/>\n<meta property=\"og:type\" content=\"article\" \/>\n<meta property=\"og:title\" content=\"Anti-Pollution Serum - Organic and 100% Natural - PHYT\u2019S\" \/>\n<meta property=\"og:description\" content=\"Discover our Organic and 100% natural Anti-Pollution Serum, ideal for fighting signs of aging and reducing wrinkles for radiant skin.\" \/>\n<meta property=\"og:url\" content=\"https:\/\/phytstore.com\/en\/product\/anti-pollution-serum\/\" \/>\n<meta property=\"og:site_name\" content=\"PHYT&#039;S\" \/>\n<meta property=\"article:publisher\" content=\"https:\/\/www.facebook.com\/CJMBCosmetiques\/?ref=aymt_homepage_panel\" \/>\n<meta property=\"article:modified_time\" content=\"2024-05-30T15:23:27+00:00\" \/>\n<meta property=\"og:image\" content=\"https:\/\/phytstore.com\/wp-content\/uploads\/2020\/03\/Serum-Anti-Pollution-1.png\" \/>\n\t<meta property=\"og:image:width\" content=\"744\" \/>\n\t<meta property=\"og:image:height\" content=\"767\" \/>\n\t<meta property=\"og:image:type\" content=\"image\/png\" \/>\n<meta name=\"twitter:card\" content=\"summary_large_image\" \/>\n<meta name=\"twitter:label1\" content=\"Est. reading time\" \/>\n\t<meta name=\"twitter:data1\" content=\"3 minutes\" \/>\n<script type=\"application\/ld+json\" class=\"yoast-schema-graph\">{\"@context\":\"https:\\\/\\\/schema.org\",\"@graph\":[{\"@type\":\"WebPage\",\"@id\":\"https:\\\/\\\/phytstore.com\\\/en\\\/product\\\/anti-pollution-serum\\\/\",\"url\":\"https:\\\/\\\/phytstore.com\\\/en\\\/product\\\/anti-pollution-serum\\\/\",\"name\":\"Anti-Pollution Serum - Organic and 100% Natural - PHYT\u2019S\",\"isPartOf\":{\"@id\":\"https:\\\/\\\/phytstore.com\\\/en\\\/#website\"},\"primaryImageOfPage\":{\"@id\":\"https:\\\/\\\/phytstore.com\\\/en\\\/product\\\/anti-pollution-serum\\\/#primaryimage\"},\"image\":{\"@id\":\"https:\\\/\\\/phytstore.com\\\/en\\\/product\\\/anti-pollution-serum\\\/#primaryimage\"},\"thumbnailUrl\":\"https:\\\/\\\/phytstore.com\\\/wp-content\\\/uploads\\\/2020\\\/03\\\/Serum-Anti-Pollution-1.png\",\"datePublished\":\"2020-03-28T23:56:25+00:00\",\"dateModified\":\"2024-05-30T15:23:27+00:00\",\"description\":\"Discover our Organic and 100% natural Anti-Pollution Serum, ideal for fighting signs of aging and reducing wrinkles for radiant skin.\",\"breadcrumb\":{\"@id\":\"https:\\\/\\\/phytstore.com\\\/en\\\/product\\\/anti-pollution-serum\\\/#breadcrumb\"},\"inLanguage\":\"en-CA\",\"potentialAction\":[{\"@type\":\"ReadAction\",\"target\":[\"https:\\\/\\\/phytstore.com\\\/en\\\/product\\\/anti-pollution-serum\\\/\"]}]},{\"@type\":\"ImageObject\",\"inLanguage\":\"en-CA\",\"@id\":\"https:\\\/\\\/phytstore.com\\\/en\\\/product\\\/anti-pollution-serum\\\/#primaryimage\",\"url\":\"https:\\\/\\\/phytstore.com\\\/wp-content\\\/uploads\\\/2020\\\/03\\\/Serum-Anti-Pollution-1.png\",\"contentUrl\":\"https:\\\/\\\/phytstore.com\\\/wp-content\\\/uploads\\\/2020\\\/03\\\/Serum-Anti-Pollution-1.png\",\"width\":744,\"height\":767,\"caption\":\"serum anti pollution\"},{\"@type\":\"BreadcrumbList\",\"@id\":\"https:\\\/\\\/phytstore.com\\\/en\\\/product\\\/anti-pollution-serum\\\/#breadcrumb\",\"itemListElement\":[{\"@type\":\"ListItem\",\"position\":1,\"name\":\"Home\",\"item\":\"https:\\\/\\\/phytstore.com\\\/en\\\/\"},{\"@type\":\"ListItem\",\"position\":2,\"name\":\"Shop\",\"item\":\"https:\\\/\\\/phytstore.com\\\/en\\\/shop\\\/\"},{\"@type\":\"ListItem\",\"position\":3,\"name\":\"Face\",\"item\":\"https:\\\/\\\/phytstore.com\\\/en\\\/organic-skin-care\\\/\"},{\"@type\":\"ListItem\",\"position\":4,\"name\":\"First signs of Aging\",\"item\":\"https:\\\/\\\/phytstore.com\\\/en\\\/organic-skin-care\\\/first-signs-of-aging\\\/\"},{\"@type\":\"ListItem\",\"position\":5,\"name\":\"Anti-Pollution Serum\"}]},{\"@type\":\"WebSite\",\"@id\":\"https:\\\/\\\/phytstore.com\\\/en\\\/#website\",\"url\":\"https:\\\/\\\/phytstore.com\\\/en\\\/\",\"name\":\"PHYT&#039;S\",\"description\":\"Fabricant et distributeur de soins certifi\u00e9s bio pour instituts de beaut\u00e9, spa et esth\u00e9ticiennes\",\"publisher\":{\"@id\":\"https:\\\/\\\/phytstore.com\\\/en\\\/#organization\"},\"potentialAction\":[{\"@type\":\"SearchAction\",\"target\":{\"@type\":\"EntryPoint\",\"urlTemplate\":\"https:\\\/\\\/phytstore.com\\\/en\\\/?s={search_term_string}\"},\"query-input\":{\"@type\":\"PropertyValueSpecification\",\"valueRequired\":true,\"valueName\":\"search_term_string\"}}],\"inLanguage\":\"en-CA\"},{\"@type\":\"Organization\",\"@id\":\"https:\\\/\\\/phytstore.com\\\/en\\\/#organization\",\"name\":\"Phyt's\",\"url\":\"https:\\\/\\\/phytstore.com\\\/en\\\/\",\"logo\":{\"@type\":\"ImageObject\",\"inLanguage\":\"en-CA\",\"@id\":\"https:\\\/\\\/phytstore.com\\\/en\\\/#\\\/schema\\\/logo\\\/image\\\/\",\"url\":\"https:\\\/\\\/phytstore.com\\\/wp-content\\\/uploads\\\/2020\\\/03\\\/logo-phyts-e1585168986207.png\",\"contentUrl\":\"https:\\\/\\\/phytstore.com\\\/wp-content\\\/uploads\\\/2020\\\/03\\\/logo-phyts-e1585168986207.png\",\"width\":200,\"height\":72,\"caption\":\"Phyt's\"},\"image\":{\"@id\":\"https:\\\/\\\/phytstore.com\\\/en\\\/#\\\/schema\\\/logo\\\/image\\\/\"},\"sameAs\":[\"https:\\\/\\\/www.facebook.com\\\/CJMBCosmetiques\\\/?ref=aymt_homepage_panel\",\"https:\\\/\\\/www.instagram.com\\\/phyts_canada\\\/\",\"https:\\\/\\\/www.linkedin.com\\\/company\\\/3337211\\\/admin\\\/\",\"https:\\\/\\\/www.youtube.com\\\/channel\\\/UCEkP009p4XTU5lXjLkaKptA\"]}]}<\/script>\n<!-- \/ Yoast SEO plugin. -->","yoast_head_json":{"title":"Anti-Pollution Serum - Organic and 100% Natural - PHYT\u2019S","description":"Discover our Organic and 100% natural Anti-Pollution Serum, ideal for fighting signs of aging and reducing wrinkles for radiant skin.","robots":{"index":"index","follow":"follow","max-snippet":"max-snippet:-1","max-image-preview":"max-image-preview:large","max-video-preview":"max-video-preview:-1"},"canonical":"https:\/\/phytstore.com\/en\/product\/anti-pollution-serum\/","og_locale":"en_US","og_type":"article","og_title":"Anti-Pollution Serum - Organic and 100% Natural - PHYT\u2019S","og_description":"Discover our Organic and 100% natural Anti-Pollution Serum, ideal for fighting signs of aging and reducing wrinkles for radiant skin.","og_url":"https:\/\/phytstore.com\/en\/product\/anti-pollution-serum\/","og_site_name":"PHYT&#039;S","article_publisher":"https:\/\/www.facebook.com\/CJMBCosmetiques\/?ref=aymt_homepage_panel","article_modified_time":"2024-05-30T15:23:27+00:00","og_image":[{"width":744,"height":767,"url":"https:\/\/phytstore.com\/wp-content\/uploads\/2020\/03\/Serum-Anti-Pollution-1.png","type":"image\/png"}],"twitter_card":"summary_large_image","twitter_misc":{"Est. reading time":"3 minutes"},"schema":{"@context":"https:\/\/schema.org","@graph":[{"@type":"WebPage","@id":"https:\/\/phytstore.com\/en\/product\/anti-pollution-serum\/","url":"https:\/\/phytstore.com\/en\/product\/anti-pollution-serum\/","name":"Anti-Pollution Serum - Organic and 100% Natural - PHYT\u2019S","isPartOf":{"@id":"https:\/\/phytstore.com\/en\/#website"},"primaryImageOfPage":{"@id":"https:\/\/phytstore.com\/en\/product\/anti-pollution-serum\/#primaryimage"},"image":{"@id":"https:\/\/phytstore.com\/en\/product\/anti-pollution-serum\/#primaryimage"},"thumbnailUrl":"https:\/\/phytstore.com\/wp-content\/uploads\/2020\/03\/Serum-Anti-Pollution-1.png","datePublished":"2020-03-28T23:56:25+00:00","dateModified":"2024-05-30T15:23:27+00:00","description":"Discover our Organic and 100% natural Anti-Pollution Serum, ideal for fighting signs of aging and reducing wrinkles for radiant skin.","breadcrumb":{"@id":"https:\/\/phytstore.com\/en\/product\/anti-pollution-serum\/#breadcrumb"},"inLanguage":"en-CA","potentialAction":[{"@type":"ReadAction","target":["https:\/\/phytstore.com\/en\/product\/anti-pollution-serum\/"]}]},{"@type":"ImageObject","inLanguage":"en-CA","@id":"https:\/\/phytstore.com\/en\/product\/anti-pollution-serum\/#primaryimage","url":"https:\/\/phytstore.com\/wp-content\/uploads\/2020\/03\/Serum-Anti-Pollution-1.png","contentUrl":"https:\/\/phytstore.com\/wp-content\/uploads\/2020\/03\/Serum-Anti-Pollution-1.png","width":744,"height":767,"caption":"serum anti pollution"},{"@type":"BreadcrumbList","@id":"https:\/\/phytstore.com\/en\/product\/anti-pollution-serum\/#breadcrumb","itemListElement":[{"@type":"ListItem","position":1,"name":"Home","item":"https:\/\/phytstore.com\/en\/"},{"@type":"ListItem","position":2,"name":"Shop","item":"https:\/\/phytstore.com\/en\/shop\/"},{"@type":"ListItem","position":3,"name":"Face","item":"https:\/\/phytstore.com\/en\/organic-skin-care\/"},{"@type":"ListItem","position":4,"name":"First signs of Aging","item":"https:\/\/phytstore.com\/en\/organic-skin-care\/first-signs-of-aging\/"},{"@type":"ListItem","position":5,"name":"Anti-Pollution Serum"}]},{"@type":"WebSite","@id":"https:\/\/phytstore.com\/en\/#website","url":"https:\/\/phytstore.com\/en\/","name":"PHYT&#039;S","description":"Fabricant et distributeur de soins certifi\u00e9s bio pour instituts de beaut\u00e9, spa et esth\u00e9ticiennes","publisher":{"@id":"https:\/\/phytstore.com\/en\/#organization"},"potentialAction":[{"@type":"SearchAction","target":{"@type":"EntryPoint","urlTemplate":"https:\/\/phytstore.com\/en\/?s={search_term_string}"},"query-input":{"@type":"PropertyValueSpecification","valueRequired":true,"valueName":"search_term_string"}}],"inLanguage":"en-CA"},{"@type":"Organization","@id":"https:\/\/phytstore.com\/en\/#organization","name":"Phyt's","url":"https:\/\/phytstore.com\/en\/","logo":{"@type":"ImageObject","inLanguage":"en-CA","@id":"https:\/\/phytstore.com\/en\/#\/schema\/logo\/image\/","url":"https:\/\/phytstore.com\/wp-content\/uploads\/2020\/03\/logo-phyts-e1585168986207.png","contentUrl":"https:\/\/phytstore.com\/wp-content\/uploads\/2020\/03\/logo-phyts-e1585168986207.png","width":200,"height":72,"caption":"Phyt's"},"image":{"@id":"https:\/\/phytstore.com\/en\/#\/schema\/logo\/image\/"},"sameAs":["https:\/\/www.facebook.com\/CJMBCosmetiques\/?ref=aymt_homepage_panel","https:\/\/www.instagram.com\/phyts_canada\/","https:\/\/www.linkedin.com\/company\/3337211\/admin\/","https:\/\/www.youtube.com\/channel\/UCEkP009p4XTU5lXjLkaKptA"]}]}},"jetpack_sharing_enabled":true,"_links":{"self":[{"href":"https:\/\/phytstore.com\/en\/wp-json\/wp\/v2\/product\/2754","targetHints":{"allow":["GET"]}}],"collection":[{"href":"https:\/\/phytstore.com\/en\/wp-json\/wp\/v2\/product"}],"about":[{"href":"https:\/\/phytstore.com\/en\/wp-json\/wp\/v2\/types\/product"}],"replies":[{"embeddable":true,"href":"https:\/\/phytstore.com\/en\/wp-json\/wp\/v2\/comments?post=2754"}],"wp:featuredmedia":[{"embeddable":true,"href":"https:\/\/phytstore.com\/en\/wp-json\/wp\/v2\/media\/5253"}],"wp:attachment":[{"href":"https:\/\/phytstore.com\/en\/wp-json\/wp\/v2\/media?parent=2754"}],"wp:term":[{"taxonomy":"product_brand","embeddable":true,"href":"https:\/\/phytstore.com\/en\/wp-json\/wp\/v2\/product_brand?post=2754"},{"taxonomy":"product_cat","embeddable":true,"href":"https:\/\/phytstore.com\/en\/wp-json\/wp\/v2\/product_cat?post=2754"},{"taxonomy":"product_tag","embeddable":true,"href":"https:\/\/phytstore.com\/en\/wp-json\/wp\/v2\/product_tag?post=2754"}],"curies":[{"name":"wp","href":"https:\/\/api.w.org\/{rel}","templated":true}]}}