{"id":2751,"date":"2020-03-28T19:56:25","date_gmt":"2020-03-28T23:56:25","guid":{"rendered":"https:\/\/phytstore.com\/produit\/creme-reviderm\/"},"modified":"2025-04-17T09:19:42","modified_gmt":"2025-04-17T13:19:42","slug":"anti-pollution-cream","status":"publish","type":"product","link":"https:\/\/phytstore.com\/en\/product\/anti-pollution-cream\/","title":{"rendered":"Anti-Pollution Cream"},"content":{"rendered":"<p>Especially formulated to protect the skin from damages caused by urban pollution : dehydration, signs of fatigue and premature ageing, dull complexion&#8230; This Organic cream, containing Brown Seaweeds, Pink Peppercorn extract and Chlorophyll, revitalises and regenerates* the skin. It also forms a protective sheath and helps to prevent the first signs of ageing. The skin is energised and hydrated, for an even brighter complexion.<br \/>\n<em><span class=\"Y2IQFc\" lang=\"en\">* via hydration<\/span><\/em><\/p>\n<h2><strong>Active ingredients :<\/strong><\/h2>\n<p>Marine Oligosaccharide, Brown Seaweed, Pink Pepper, Vegetal Chlorophyll, Acerola* (vitamin C), Aloe Vera*, Vegetal sugars, Rosemary*, Sunflower*, Hazelnut*, Avocado*, Shea Butter, Vegetal Squalane, Vegetal Vitamin E<br \/>\n<em>* ingredients from Organic Farming<\/em><\/p>\n<h2><strong>How to apply the anti-pollution cream?<\/strong><\/h2>\n<p>To fully benefit from the\u00a0<strong>cream\u2019s effects<\/strong>, it is essential to follow a precise skincare routine.<\/p>\n<ol>\n<li><strong>Cleanse your face<\/strong>\u00a0thoroughly each morning (or evening) using your preferred skin cleansing method<\/li>\n<li><strong>Apply a single application<\/strong>\u00a0of the cream to your face, neck, and cleavage<\/li>\n<li><strong>Massage over skin with gentle circular motions<\/strong>\u00a0to enhance absorption, stimulate blood circulation, and help reinforce the skin\u2019s natural barrier<\/li>\n<\/ol>\n<p>This process deeply\u00a0<strong>purifies the skin<\/strong>, forming a protective shield against external stress factors.<\/p>\n<p>The Anti-Pollution Cream from PHYT\u2019S Laboratories is a groundbreaking formula\u00a0<strong>designed to meet the specific needs of every skin type<\/strong>. Enriched with natural active ingredients, this nourishing day cream not only moisturizes the skin but also prepares it to face the harmful effects of exposure to pollution.<\/p>\n<h3><strong>Tips :<\/strong><\/h3>\n<p>For enhanced effectiveness, apply the\u00a0<a href=\"https:\/\/phytstore.com\/en\/product\/anti-pollution-concentrate\/\">Anti-Pollution Concentrate<\/a>\u00a0first. In the evening, follow up with the\u00a0<a href=\"https:\/\/phytstore.com\/en\/product\/anti-pollution-serum\/\">Anti-Pollution Serum<\/a>\u00a0to support overnight skin regeneration. Additionally, once or twice a week,\u00a0<strong>exfoliate your skin<\/strong>\u00a0to eliminate particles after cleansing, then complete your routine with the\u00a0<a href=\"https:\/\/phytstore.com\/en\/product\/anti-pollution-flash-mask\/\">Anti-Pollution Flash Mask<\/a>\u00a0for a deeper effect.<\/p>\n<h2><strong>Why should you include PHYT\u2019S anti-pollution cream in your skincare routine?<\/strong><\/h2>\n<p>Integrating PHYT\u2019S Anti-Pollution hydration Cream into your daily life routine is essential for several reasons.<\/p>\n<p>First, it creates a\u00a0<strong>protective film<\/strong>\u00a0that minimizes the impact of external stress factors on the skin. Rich in natural active ingredients, this cream helps\u00a0<strong>maintain skin firmness, elasticity, and hydration<\/strong>, while shielding it from harmful effects such as exposure to pollution. Backed by a clinical evaluation, its formula has been developed to ensure optimal results for all skin types.<\/p>\n<p>Ideal for those living in urban areas or frequently exposed to polluted environments, this cream also\u00a0<strong>supports skin regeneration and helps retain moisture<\/strong>, crucial for preserving a fresh and radiant skin tone. With a carefully selected list of ingredients, this nourishing cream works to promote skin gains, leaving your complexion healthier and more resilient day after day.<\/p>\n<p>More than just a nourishing day cream, PHYT\u2019S Anti-Pollution Cream is a must-have for anyone looking to protect and enhance their skin in an increasingly polluted world. Its ability to keep firm skin and act as an\u00a0<strong>anti-pollution shield<\/strong>\u00a0against environmental aggressors makes it an essential part of any skincare routine.<\/p>\n","protected":false},"excerpt":{"rendered":"<p><img loading=\"lazy\" decoding=\"async\" class=\"alignnone size-full wp-image-4920\" src=\"https:\/\/phytstore.com\/wp-content\/uploads\/2020\/07\/Bio-100-Vegan-Efficacite-11.png\" alt=\"\" width=\"274\" height=\"53\" \/><\/p>\n<p>Radiance, revitalizing, regenerating* &amp; anti-aging<\/p>\n<p><strong>Skin type :<\/strong> All dull, devitalized, stressed or exposed to pollution skin<br \/>\n<strong>Expectations :<\/strong> Revitalizes, regenerates*, illuminates<br \/>\n<strong>Presentation :<\/strong> 40 g tube<\/p>\n","protected":false},"featured_media":5019,"comment_status":"closed","ping_status":"closed","template":"","meta":{"_acf_changed":false,"inline_featured_image":false},"product_brand":[],"product_cat":[93,233,236,237,246],"product_tag":[],"class_list":{"0":"post-2751","1":"product","2":"type-product","3":"status-publish","4":"has-post-thumbnail","6":"product_cat-reviderm-en","7":"product_cat-lack-of-radiance","8":"product_cat-pollution-en","9":"product_cat-first-signs-of-aging","10":"product_cat-day-creams","12":"first","13":"instock","14":"taxable","15":"shipping-taxable","16":"purchasable","17":"product-type-simple"},"acf":[],"yoast_head":"<!-- This site is optimized with the Yoast SEO plugin v27.1.1 - https:\/\/yoast.com\/product\/yoast-seo-wordpress\/ -->\n<title>Our anti-pollution cream - Laboratoires PHYT\u2019S<\/title>\n<meta name=\"description\" content=\"Protect your skin with this anti-pollution cream, designed to fight toxins, hydrate, and strengthen your skin barrier for a radiant, healthy glow.\" \/>\n<meta name=\"robots\" content=\"index, follow, max-snippet:-1, max-image-preview:large, max-video-preview:-1\" \/>\n<link rel=\"canonical\" href=\"https:\/\/phytstore.com\/en\/product\/anti-pollution-cream\/\" \/>\n<meta property=\"og:locale\" content=\"en_US\" \/>\n<meta property=\"og:type\" content=\"article\" \/>\n<meta property=\"og:title\" content=\"Our anti-pollution cream - Laboratoires PHYT\u2019S\" \/>\n<meta property=\"og:description\" content=\"Protect your skin with this anti-pollution cream, designed to fight toxins, hydrate, and strengthen your skin barrier for a radiant, healthy glow.\" \/>\n<meta property=\"og:url\" content=\"https:\/\/phytstore.com\/en\/product\/anti-pollution-cream\/\" \/>\n<meta property=\"og:site_name\" content=\"PHYT&#039;S\" \/>\n<meta property=\"article:publisher\" content=\"https:\/\/www.facebook.com\/CJMBCosmetiques\/?ref=aymt_homepage_panel\" \/>\n<meta property=\"article:modified_time\" content=\"2025-04-17T13:19:42+00:00\" \/>\n<meta property=\"og:image\" content=\"https:\/\/phytstore.com\/wp-content\/uploads\/2020\/03\/creme.jpg\" \/>\n\t<meta property=\"og:image:width\" content=\"534\" \/>\n\t<meta property=\"og:image:height\" content=\"534\" \/>\n\t<meta property=\"og:image:type\" content=\"image\/jpeg\" \/>\n<meta name=\"twitter:card\" content=\"summary_large_image\" \/>\n<meta name=\"twitter:label1\" content=\"Est. reading time\" \/>\n\t<meta name=\"twitter:data1\" content=\"3 minutes\" \/>\n<script type=\"application\/ld+json\" class=\"yoast-schema-graph\">{\"@context\":\"https:\/\/schema.org\",\"@graph\":[{\"@type\":\"WebPage\",\"@id\":\"https:\/\/phytstore.com\/en\/product\/anti-pollution-cream\/\",\"url\":\"https:\/\/phytstore.com\/en\/product\/anti-pollution-cream\/\",\"name\":\"Our anti-pollution cream - Laboratoires PHYT\u2019S\",\"isPartOf\":{\"@id\":\"https:\/\/phytstore.com\/en\/#website\"},\"primaryImageOfPage\":{\"@id\":\"https:\/\/phytstore.com\/en\/product\/anti-pollution-cream\/#primaryimage\"},\"image\":{\"@id\":\"https:\/\/phytstore.com\/en\/product\/anti-pollution-cream\/#primaryimage\"},\"thumbnailUrl\":\"https:\/\/phytstore.com\/wp-content\/uploads\/2020\/03\/creme.jpg\",\"datePublished\":\"2020-03-28T23:56:25+00:00\",\"dateModified\":\"2025-04-17T13:19:42+00:00\",\"description\":\"Protect your skin with this anti-pollution cream, designed to fight toxins, hydrate, and strengthen your skin barrier for a radiant, healthy glow.\",\"breadcrumb\":{\"@id\":\"https:\/\/phytstore.com\/en\/product\/anti-pollution-cream\/#breadcrumb\"},\"inLanguage\":\"en-CA\",\"potentialAction\":[{\"@type\":\"ReadAction\",\"target\":[\"https:\/\/phytstore.com\/en\/product\/anti-pollution-cream\/\"]}]},{\"@type\":\"ImageObject\",\"inLanguage\":\"en-CA\",\"@id\":\"https:\/\/phytstore.com\/en\/product\/anti-pollution-cream\/#primaryimage\",\"url\":\"https:\/\/phytstore.com\/wp-content\/uploads\/2020\/03\/creme.jpg\",\"contentUrl\":\"https:\/\/phytstore.com\/wp-content\/uploads\/2020\/03\/creme.jpg\",\"width\":534,\"height\":534},{\"@type\":\"BreadcrumbList\",\"@id\":\"https:\/\/phytstore.com\/en\/product\/anti-pollution-cream\/#breadcrumb\",\"itemListElement\":[{\"@type\":\"ListItem\",\"position\":1,\"name\":\"Home\",\"item\":\"https:\/\/phytstore.com\/en\/\"},{\"@type\":\"ListItem\",\"position\":2,\"name\":\"Shop\",\"item\":\"https:\/\/phytstore.com\/en\/shop\/\"},{\"@type\":\"ListItem\",\"position\":3,\"name\":\"Face\",\"item\":\"https:\/\/phytstore.com\/en\/organic-skin-care\/\"},{\"@type\":\"ListItem\",\"position\":4,\"name\":\"Lack of Radiance\",\"item\":\"https:\/\/phytstore.com\/en\/organic-skin-care\/lack-of-radiance\/\"},{\"@type\":\"ListItem\",\"position\":5,\"name\":\"Anti-Pollution Cream\"}]},{\"@type\":\"WebSite\",\"@id\":\"https:\/\/phytstore.com\/en\/#website\",\"url\":\"https:\/\/phytstore.com\/en\/\",\"name\":\"PHYT&#039;S\",\"description\":\"Fabricant et distributeur de soins certifi\u00e9s bio pour instituts de beaut\u00e9, spa et esth\u00e9ticiennes\",\"publisher\":{\"@id\":\"https:\/\/phytstore.com\/en\/#organization\"},\"potentialAction\":[{\"@type\":\"SearchAction\",\"target\":{\"@type\":\"EntryPoint\",\"urlTemplate\":\"https:\/\/phytstore.com\/en\/?s={search_term_string}\"},\"query-input\":{\"@type\":\"PropertyValueSpecification\",\"valueRequired\":true,\"valueName\":\"search_term_string\"}}],\"inLanguage\":\"en-CA\"},{\"@type\":\"Organization\",\"@id\":\"https:\/\/phytstore.com\/en\/#organization\",\"name\":\"Phyt's\",\"url\":\"https:\/\/phytstore.com\/en\/\",\"logo\":{\"@type\":\"ImageObject\",\"inLanguage\":\"en-CA\",\"@id\":\"https:\/\/phytstore.com\/en\/#\/schema\/logo\/image\/\",\"url\":\"https:\/\/phytstore.com\/wp-content\/uploads\/2020\/03\/logo-phyts-e1585168986207.png\",\"contentUrl\":\"https:\/\/phytstore.com\/wp-content\/uploads\/2020\/03\/logo-phyts-e1585168986207.png\",\"width\":200,\"height\":72,\"caption\":\"Phyt's\"},\"image\":{\"@id\":\"https:\/\/phytstore.com\/en\/#\/schema\/logo\/image\/\"},\"sameAs\":[\"https:\/\/www.facebook.com\/CJMBCosmetiques\/?ref=aymt_homepage_panel\",\"https:\/\/www.instagram.com\/phyts_canada\/\",\"https:\/\/www.linkedin.com\/company\/3337211\/admin\/\",\"https:\/\/www.youtube.com\/channel\/UCEkP009p4XTU5lXjLkaKptA\"]}]}<\/script>\n<!-- \/ Yoast SEO plugin. -->","yoast_head_json":{"title":"Our anti-pollution cream - Laboratoires PHYT\u2019S","description":"Protect your skin with this anti-pollution cream, designed to fight toxins, hydrate, and strengthen your skin barrier for a radiant, healthy glow.","robots":{"index":"index","follow":"follow","max-snippet":"max-snippet:-1","max-image-preview":"max-image-preview:large","max-video-preview":"max-video-preview:-1"},"canonical":"https:\/\/phytstore.com\/en\/product\/anti-pollution-cream\/","og_locale":"en_US","og_type":"article","og_title":"Our anti-pollution cream - Laboratoires PHYT\u2019S","og_description":"Protect your skin with this anti-pollution cream, designed to fight toxins, hydrate, and strengthen your skin barrier for a radiant, healthy glow.","og_url":"https:\/\/phytstore.com\/en\/product\/anti-pollution-cream\/","og_site_name":"PHYT&#039;S","article_publisher":"https:\/\/www.facebook.com\/CJMBCosmetiques\/?ref=aymt_homepage_panel","article_modified_time":"2025-04-17T13:19:42+00:00","og_image":[{"width":534,"height":534,"url":"https:\/\/phytstore.com\/wp-content\/uploads\/2020\/03\/creme.jpg","type":"image\/jpeg"}],"twitter_card":"summary_large_image","twitter_misc":{"Est. reading time":"3 minutes"},"schema":{"@context":"https:\/\/schema.org","@graph":[{"@type":"WebPage","@id":"https:\/\/phytstore.com\/en\/product\/anti-pollution-cream\/","url":"https:\/\/phytstore.com\/en\/product\/anti-pollution-cream\/","name":"Our anti-pollution cream - Laboratoires PHYT\u2019S","isPartOf":{"@id":"https:\/\/phytstore.com\/en\/#website"},"primaryImageOfPage":{"@id":"https:\/\/phytstore.com\/en\/product\/anti-pollution-cream\/#primaryimage"},"image":{"@id":"https:\/\/phytstore.com\/en\/product\/anti-pollution-cream\/#primaryimage"},"thumbnailUrl":"https:\/\/phytstore.com\/wp-content\/uploads\/2020\/03\/creme.jpg","datePublished":"2020-03-28T23:56:25+00:00","dateModified":"2025-04-17T13:19:42+00:00","description":"Protect your skin with this anti-pollution cream, designed to fight toxins, hydrate, and strengthen your skin barrier for a radiant, healthy glow.","breadcrumb":{"@id":"https:\/\/phytstore.com\/en\/product\/anti-pollution-cream\/#breadcrumb"},"inLanguage":"en-CA","potentialAction":[{"@type":"ReadAction","target":["https:\/\/phytstore.com\/en\/product\/anti-pollution-cream\/"]}]},{"@type":"ImageObject","inLanguage":"en-CA","@id":"https:\/\/phytstore.com\/en\/product\/anti-pollution-cream\/#primaryimage","url":"https:\/\/phytstore.com\/wp-content\/uploads\/2020\/03\/creme.jpg","contentUrl":"https:\/\/phytstore.com\/wp-content\/uploads\/2020\/03\/creme.jpg","width":534,"height":534},{"@type":"BreadcrumbList","@id":"https:\/\/phytstore.com\/en\/product\/anti-pollution-cream\/#breadcrumb","itemListElement":[{"@type":"ListItem","position":1,"name":"Home","item":"https:\/\/phytstore.com\/en\/"},{"@type":"ListItem","position":2,"name":"Shop","item":"https:\/\/phytstore.com\/en\/shop\/"},{"@type":"ListItem","position":3,"name":"Face","item":"https:\/\/phytstore.com\/en\/organic-skin-care\/"},{"@type":"ListItem","position":4,"name":"Lack of Radiance","item":"https:\/\/phytstore.com\/en\/organic-skin-care\/lack-of-radiance\/"},{"@type":"ListItem","position":5,"name":"Anti-Pollution Cream"}]},{"@type":"WebSite","@id":"https:\/\/phytstore.com\/en\/#website","url":"https:\/\/phytstore.com\/en\/","name":"PHYT&#039;S","description":"Fabricant et distributeur de soins certifi\u00e9s bio pour instituts de beaut\u00e9, spa et esth\u00e9ticiennes","publisher":{"@id":"https:\/\/phytstore.com\/en\/#organization"},"potentialAction":[{"@type":"SearchAction","target":{"@type":"EntryPoint","urlTemplate":"https:\/\/phytstore.com\/en\/?s={search_term_string}"},"query-input":{"@type":"PropertyValueSpecification","valueRequired":true,"valueName":"search_term_string"}}],"inLanguage":"en-CA"},{"@type":"Organization","@id":"https:\/\/phytstore.com\/en\/#organization","name":"Phyt's","url":"https:\/\/phytstore.com\/en\/","logo":{"@type":"ImageObject","inLanguage":"en-CA","@id":"https:\/\/phytstore.com\/en\/#\/schema\/logo\/image\/","url":"https:\/\/phytstore.com\/wp-content\/uploads\/2020\/03\/logo-phyts-e1585168986207.png","contentUrl":"https:\/\/phytstore.com\/wp-content\/uploads\/2020\/03\/logo-phyts-e1585168986207.png","width":200,"height":72,"caption":"Phyt's"},"image":{"@id":"https:\/\/phytstore.com\/en\/#\/schema\/logo\/image\/"},"sameAs":["https:\/\/www.facebook.com\/CJMBCosmetiques\/?ref=aymt_homepage_panel","https:\/\/www.instagram.com\/phyts_canada\/","https:\/\/www.linkedin.com\/company\/3337211\/admin\/","https:\/\/www.youtube.com\/channel\/UCEkP009p4XTU5lXjLkaKptA"]}]}},"jetpack_sharing_enabled":true,"_links":{"self":[{"href":"https:\/\/phytstore.com\/en\/wp-json\/wp\/v2\/product\/2751","targetHints":{"allow":["GET"]}}],"collection":[{"href":"https:\/\/phytstore.com\/en\/wp-json\/wp\/v2\/product"}],"about":[{"href":"https:\/\/phytstore.com\/en\/wp-json\/wp\/v2\/types\/product"}],"replies":[{"embeddable":true,"href":"https:\/\/phytstore.com\/en\/wp-json\/wp\/v2\/comments?post=2751"}],"wp:featuredmedia":[{"embeddable":true,"href":"https:\/\/phytstore.com\/en\/wp-json\/wp\/v2\/media\/5019"}],"wp:attachment":[{"href":"https:\/\/phytstore.com\/en\/wp-json\/wp\/v2\/media?parent=2751"}],"wp:term":[{"taxonomy":"product_brand","embeddable":true,"href":"https:\/\/phytstore.com\/en\/wp-json\/wp\/v2\/product_brand?post=2751"},{"taxonomy":"product_cat","embeddable":true,"href":"https:\/\/phytstore.com\/en\/wp-json\/wp\/v2\/product_cat?post=2751"},{"taxonomy":"product_tag","embeddable":true,"href":"https:\/\/phytstore.com\/en\/wp-json\/wp\/v2\/product_tag?post=2751"}],"curies":[{"name":"wp","href":"https:\/\/api.w.org\/{rel}","templated":true}]}}