{"id":2748,"date":"2020-03-28T19:56:25","date_gmt":"2020-03-28T23:56:25","guid":{"rendered":"https:\/\/phytstore.com\/produit\/masque-reviderm\/"},"modified":"2025-07-29T16:57:32","modified_gmt":"2025-07-29T20:57:32","slug":"anti-pollution-flash-mask","status":"publish","type":"product","link":"https:\/\/phytstore.com\/en\/product\/anti-pollution-flash-mask\/","title":{"rendered":"Anti-Pollution Flash Mask"},"content":{"rendered":"<p><span class=\"Y2IQFc\" lang=\"en\">This Organic mask, with its melting texture, offers the skin an express beauty treatment. Instant anti-dull complexion and ideal for busy people, it awakens the radiance of the skin immediatly. In addition, it frees it of dirt microparticles accumulated throughout the day. Full of revitalizing, regenerating* and moisturizing active ingredients, it restores the skin&#8217;s vitality. The complexion is radiant and bright, the features smoothed out, and the skin is fresh and breathes again. Immediate healthy glow guaranteed!<\/span><br \/>\n<em><span class=\"Y2IQFc\" lang=\"en\">* via hydration<\/span><\/em><\/p>\n<h2><strong>Active Ingredients :<\/strong><\/h2>\n<p>Marine Oligosaccharide, Vegetal Chlorophyll, Acerola* (vitamin C), Aloe Vera*, Watercress*, Rosemary*, Sunflower*, Avocado*, Vegetal Vitamin E, Vegetal Vitamin F<br \/>\n<em>* ingredients from Organic Farming<\/em><\/p>\n<h2><strong>How to Apply my Anti-Pollution Flash Mask?<\/strong><\/h2>\n<p>Once or twice a week, after cleansing, apply all over face and neck in generous layer. Leave for 3 to 5 minutes only, then rinse with water or with a <strong><a href=\"https:\/\/phytstore.com\/en\/product\/phyts-organic-reusable-wipes\/\">reusable Organic wipe<\/a><\/strong>. Complete by toning your skin with the <a href=\"https:\/\/phytstore.com\/en\/product\/bitter-orange-toner\/\"><strong>Bitter Orange Toner<\/strong><\/a> or the <strong><a href=\"https:\/\/phytstore.com\/en\/product\/eucalyptus-toner\/\">Eucalyptus Toner<\/a><\/strong>, depending on the skin type. Then, apply a PHYT\u2019S daily care.<br \/>\n<strong>Tips :<\/strong> For best results, first exfoliate your skin with the\u00a0<strong><a href=\"https:\/\/phytstore.com\/en\/product\/contact-scrub\/\">Contact + Scrub<\/a><\/strong>, the <a href=\"https:\/\/phytstore.com\/en\/product\/scrub\/\"><strong>White Bio-Active Scrub<\/strong><\/a>\u00a0or the\u00a0<strong><a href=\"https:\/\/phytstore.com\/en\/product\/activpeel\/\">Activ&#8217;Peel<\/a><\/strong>, and also, apply the <strong><a href=\"https:\/\/phytstore.com\/en\/product\/anti-pollution-serum\/\">Anti-Pollution Serum<\/a><\/strong>\u00a0underneath the mask.<\/p>\n","protected":false},"excerpt":{"rendered":"<p><img loading=\"lazy\" decoding=\"async\" class=\"alignnone size-full wp-image-4920\" src=\"https:\/\/phytstore.com\/wp-content\/uploads\/2020\/07\/Bio-100-Vegan-Efficacite-11.png\" alt=\"\" width=\"274\" height=\"53\" \/><\/p>\n<p>Express &#8211; Instant radiance, revitalizing &amp; regenerating*<\/p>\n<p><strong>Skin type :<\/strong> All dull, devitalized, stressed or subject to pollution skin<br \/>\n<strong>Expectations : <\/strong>Brightens, revitalizes, regenerates*, hydrates<br \/>\n<strong>Presentation :<\/strong> 40 g tube<\/p>\n","protected":false},"featured_media":5288,"comment_status":"closed","ping_status":"closed","template":"","meta":{"_acf_changed":false,"inline_featured_image":false},"product_brand":[],"product_cat":[93,233,236,237,252],"product_tag":[],"class_list":{"0":"post-2748","1":"product","2":"type-product","3":"status-publish","4":"has-post-thumbnail","6":"product_cat-reviderm-en","7":"product_cat-lack-of-radiance","8":"product_cat-pollution-en","9":"product_cat-first-signs-of-aging","10":"product_cat-masks","12":"first","13":"instock","14":"taxable","15":"shipping-taxable","16":"purchasable","17":"product-type-variable"},"acf":[],"yoast_head":"<!-- This site is optimized with the Yoast SEO plugin v27.1.1 - https:\/\/yoast.com\/product\/yoast-seo-wordpress\/ -->\n<title>Anti-Pollution Flash Mask PHYT&#039;S \u2013 Organic &amp; Natural Formula<\/title>\n<meta name=\"description\" content=\"The Organic Anti-Pollution Flash Mask offers an express beauty boost. In an instant, it awakens radiance, revitalizes and hydrates the skin!\" \/>\n<meta name=\"robots\" content=\"index, follow, max-snippet:-1, max-image-preview:large, max-video-preview:-1\" \/>\n<link rel=\"canonical\" href=\"https:\/\/phytstore.com\/en\/product\/anti-pollution-flash-mask\/\" \/>\n<meta property=\"og:locale\" content=\"en_US\" \/>\n<meta property=\"og:type\" content=\"article\" \/>\n<meta property=\"og:title\" content=\"Anti-Pollution Flash Mask PHYT&#039;S \u2013 Organic &amp; Natural Formula\" \/>\n<meta property=\"og:description\" content=\"The Organic Anti-Pollution Flash Mask offers an express beauty boost. In an instant, it awakens radiance, revitalizes and hydrates the skin!\" \/>\n<meta property=\"og:url\" content=\"https:\/\/phytstore.com\/en\/product\/anti-pollution-flash-mask\/\" \/>\n<meta property=\"og:site_name\" content=\"PHYT&#039;S\" \/>\n<meta property=\"article:publisher\" content=\"https:\/\/www.facebook.com\/CJMBCosmetiques\/?ref=aymt_homepage_panel\" \/>\n<meta property=\"article:modified_time\" content=\"2025-07-29T20:57:32+00:00\" \/>\n<meta property=\"og:image\" content=\"https:\/\/phytstore.com\/wp-content\/uploads\/2020\/03\/Masque-Flash-Anti-Pollution.png\" \/>\n\t<meta property=\"og:image:width\" content=\"1125\" \/>\n\t<meta property=\"og:image:height\" content=\"1125\" \/>\n\t<meta property=\"og:image:type\" content=\"image\/png\" \/>\n<meta name=\"twitter:card\" content=\"summary_large_image\" \/>\n<meta name=\"twitter:label1\" content=\"Est. reading time\" \/>\n\t<meta name=\"twitter:data1\" content=\"2 minutes\" \/>\n<script type=\"application\/ld+json\" class=\"yoast-schema-graph\">{\"@context\":\"https:\/\/schema.org\",\"@graph\":[{\"@type\":\"WebPage\",\"@id\":\"https:\/\/phytstore.com\/en\/product\/anti-pollution-flash-mask\/\",\"url\":\"https:\/\/phytstore.com\/en\/product\/anti-pollution-flash-mask\/\",\"name\":\"Anti-Pollution Flash Mask PHYT'S \u2013 Organic & Natural Formula\",\"isPartOf\":{\"@id\":\"https:\/\/phytstore.com\/en\/#website\"},\"primaryImageOfPage\":{\"@id\":\"https:\/\/phytstore.com\/en\/product\/anti-pollution-flash-mask\/#primaryimage\"},\"image\":{\"@id\":\"https:\/\/phytstore.com\/en\/product\/anti-pollution-flash-mask\/#primaryimage\"},\"thumbnailUrl\":\"https:\/\/phytstore.com\/wp-content\/uploads\/2020\/03\/Masque-Flash-Anti-Pollution.png\",\"datePublished\":\"2020-03-28T23:56:25+00:00\",\"dateModified\":\"2025-07-29T20:57:32+00:00\",\"description\":\"The Organic Anti-Pollution Flash Mask offers an express beauty boost. In an instant, it awakens radiance, revitalizes and hydrates the skin!\",\"breadcrumb\":{\"@id\":\"https:\/\/phytstore.com\/en\/product\/anti-pollution-flash-mask\/#breadcrumb\"},\"inLanguage\":\"en-CA\",\"potentialAction\":[{\"@type\":\"ReadAction\",\"target\":[\"https:\/\/phytstore.com\/en\/product\/anti-pollution-flash-mask\/\"]}]},{\"@type\":\"ImageObject\",\"inLanguage\":\"en-CA\",\"@id\":\"https:\/\/phytstore.com\/en\/product\/anti-pollution-flash-mask\/#primaryimage\",\"url\":\"https:\/\/phytstore.com\/wp-content\/uploads\/2020\/03\/Masque-Flash-Anti-Pollution.png\",\"contentUrl\":\"https:\/\/phytstore.com\/wp-content\/uploads\/2020\/03\/Masque-Flash-Anti-Pollution.png\",\"width\":1125,\"height\":1125},{\"@type\":\"BreadcrumbList\",\"@id\":\"https:\/\/phytstore.com\/en\/product\/anti-pollution-flash-mask\/#breadcrumb\",\"itemListElement\":[{\"@type\":\"ListItem\",\"position\":1,\"name\":\"Home\",\"item\":\"https:\/\/phytstore.com\/en\/\"},{\"@type\":\"ListItem\",\"position\":2,\"name\":\"Shop\",\"item\":\"https:\/\/phytstore.com\/en\/shop\/\"},{\"@type\":\"ListItem\",\"position\":3,\"name\":\"Reviderm Line : Anti-pollution, radiance &amp; anti-aging prevention\",\"item\":\"https:\/\/phytstore.com\/en\/reviderm\/\"},{\"@type\":\"ListItem\",\"position\":4,\"name\":\"Anti-Pollution Flash Mask\"}]},{\"@type\":\"WebSite\",\"@id\":\"https:\/\/phytstore.com\/en\/#website\",\"url\":\"https:\/\/phytstore.com\/en\/\",\"name\":\"PHYT&#039;S\",\"description\":\"Fabricant et distributeur de soins certifi\u00e9s bio pour instituts de beaut\u00e9, spa et esth\u00e9ticiennes\",\"publisher\":{\"@id\":\"https:\/\/phytstore.com\/en\/#organization\"},\"potentialAction\":[{\"@type\":\"SearchAction\",\"target\":{\"@type\":\"EntryPoint\",\"urlTemplate\":\"https:\/\/phytstore.com\/en\/?s={search_term_string}\"},\"query-input\":{\"@type\":\"PropertyValueSpecification\",\"valueRequired\":true,\"valueName\":\"search_term_string\"}}],\"inLanguage\":\"en-CA\"},{\"@type\":\"Organization\",\"@id\":\"https:\/\/phytstore.com\/en\/#organization\",\"name\":\"Phyt's\",\"url\":\"https:\/\/phytstore.com\/en\/\",\"logo\":{\"@type\":\"ImageObject\",\"inLanguage\":\"en-CA\",\"@id\":\"https:\/\/phytstore.com\/en\/#\/schema\/logo\/image\/\",\"url\":\"https:\/\/phytstore.com\/wp-content\/uploads\/2020\/03\/logo-phyts-e1585168986207.png\",\"contentUrl\":\"https:\/\/phytstore.com\/wp-content\/uploads\/2020\/03\/logo-phyts-e1585168986207.png\",\"width\":200,\"height\":72,\"caption\":\"Phyt's\"},\"image\":{\"@id\":\"https:\/\/phytstore.com\/en\/#\/schema\/logo\/image\/\"},\"sameAs\":[\"https:\/\/www.facebook.com\/CJMBCosmetiques\/?ref=aymt_homepage_panel\",\"https:\/\/www.instagram.com\/phyts_canada\/\",\"https:\/\/www.linkedin.com\/company\/3337211\/admin\/\",\"https:\/\/www.youtube.com\/channel\/UCEkP009p4XTU5lXjLkaKptA\"]}]}<\/script>\n<!-- \/ Yoast SEO plugin. -->","yoast_head_json":{"title":"Anti-Pollution Flash Mask PHYT'S \u2013 Organic & Natural Formula","description":"The Organic Anti-Pollution Flash Mask offers an express beauty boost. In an instant, it awakens radiance, revitalizes and hydrates the skin!","robots":{"index":"index","follow":"follow","max-snippet":"max-snippet:-1","max-image-preview":"max-image-preview:large","max-video-preview":"max-video-preview:-1"},"canonical":"https:\/\/phytstore.com\/en\/product\/anti-pollution-flash-mask\/","og_locale":"en_US","og_type":"article","og_title":"Anti-Pollution Flash Mask PHYT'S \u2013 Organic & Natural Formula","og_description":"The Organic Anti-Pollution Flash Mask offers an express beauty boost. In an instant, it awakens radiance, revitalizes and hydrates the skin!","og_url":"https:\/\/phytstore.com\/en\/product\/anti-pollution-flash-mask\/","og_site_name":"PHYT&#039;S","article_publisher":"https:\/\/www.facebook.com\/CJMBCosmetiques\/?ref=aymt_homepage_panel","article_modified_time":"2025-07-29T20:57:32+00:00","og_image":[{"width":1125,"height":1125,"url":"https:\/\/phytstore.com\/wp-content\/uploads\/2020\/03\/Masque-Flash-Anti-Pollution.png","type":"image\/png"}],"twitter_card":"summary_large_image","twitter_misc":{"Est. reading time":"2 minutes"},"schema":{"@context":"https:\/\/schema.org","@graph":[{"@type":"WebPage","@id":"https:\/\/phytstore.com\/en\/product\/anti-pollution-flash-mask\/","url":"https:\/\/phytstore.com\/en\/product\/anti-pollution-flash-mask\/","name":"Anti-Pollution Flash Mask PHYT'S \u2013 Organic & Natural Formula","isPartOf":{"@id":"https:\/\/phytstore.com\/en\/#website"},"primaryImageOfPage":{"@id":"https:\/\/phytstore.com\/en\/product\/anti-pollution-flash-mask\/#primaryimage"},"image":{"@id":"https:\/\/phytstore.com\/en\/product\/anti-pollution-flash-mask\/#primaryimage"},"thumbnailUrl":"https:\/\/phytstore.com\/wp-content\/uploads\/2020\/03\/Masque-Flash-Anti-Pollution.png","datePublished":"2020-03-28T23:56:25+00:00","dateModified":"2025-07-29T20:57:32+00:00","description":"The Organic Anti-Pollution Flash Mask offers an express beauty boost. In an instant, it awakens radiance, revitalizes and hydrates the skin!","breadcrumb":{"@id":"https:\/\/phytstore.com\/en\/product\/anti-pollution-flash-mask\/#breadcrumb"},"inLanguage":"en-CA","potentialAction":[{"@type":"ReadAction","target":["https:\/\/phytstore.com\/en\/product\/anti-pollution-flash-mask\/"]}]},{"@type":"ImageObject","inLanguage":"en-CA","@id":"https:\/\/phytstore.com\/en\/product\/anti-pollution-flash-mask\/#primaryimage","url":"https:\/\/phytstore.com\/wp-content\/uploads\/2020\/03\/Masque-Flash-Anti-Pollution.png","contentUrl":"https:\/\/phytstore.com\/wp-content\/uploads\/2020\/03\/Masque-Flash-Anti-Pollution.png","width":1125,"height":1125},{"@type":"BreadcrumbList","@id":"https:\/\/phytstore.com\/en\/product\/anti-pollution-flash-mask\/#breadcrumb","itemListElement":[{"@type":"ListItem","position":1,"name":"Home","item":"https:\/\/phytstore.com\/en\/"},{"@type":"ListItem","position":2,"name":"Shop","item":"https:\/\/phytstore.com\/en\/shop\/"},{"@type":"ListItem","position":3,"name":"Reviderm Line : Anti-pollution, radiance &amp; anti-aging prevention","item":"https:\/\/phytstore.com\/en\/reviderm\/"},{"@type":"ListItem","position":4,"name":"Anti-Pollution Flash Mask"}]},{"@type":"WebSite","@id":"https:\/\/phytstore.com\/en\/#website","url":"https:\/\/phytstore.com\/en\/","name":"PHYT&#039;S","description":"Fabricant et distributeur de soins certifi\u00e9s bio pour instituts de beaut\u00e9, spa et esth\u00e9ticiennes","publisher":{"@id":"https:\/\/phytstore.com\/en\/#organization"},"potentialAction":[{"@type":"SearchAction","target":{"@type":"EntryPoint","urlTemplate":"https:\/\/phytstore.com\/en\/?s={search_term_string}"},"query-input":{"@type":"PropertyValueSpecification","valueRequired":true,"valueName":"search_term_string"}}],"inLanguage":"en-CA"},{"@type":"Organization","@id":"https:\/\/phytstore.com\/en\/#organization","name":"Phyt's","url":"https:\/\/phytstore.com\/en\/","logo":{"@type":"ImageObject","inLanguage":"en-CA","@id":"https:\/\/phytstore.com\/en\/#\/schema\/logo\/image\/","url":"https:\/\/phytstore.com\/wp-content\/uploads\/2020\/03\/logo-phyts-e1585168986207.png","contentUrl":"https:\/\/phytstore.com\/wp-content\/uploads\/2020\/03\/logo-phyts-e1585168986207.png","width":200,"height":72,"caption":"Phyt's"},"image":{"@id":"https:\/\/phytstore.com\/en\/#\/schema\/logo\/image\/"},"sameAs":["https:\/\/www.facebook.com\/CJMBCosmetiques\/?ref=aymt_homepage_panel","https:\/\/www.instagram.com\/phyts_canada\/","https:\/\/www.linkedin.com\/company\/3337211\/admin\/","https:\/\/www.youtube.com\/channel\/UCEkP009p4XTU5lXjLkaKptA"]}]}},"jetpack_sharing_enabled":true,"_links":{"self":[{"href":"https:\/\/phytstore.com\/en\/wp-json\/wp\/v2\/product\/2748","targetHints":{"allow":["GET"]}}],"collection":[{"href":"https:\/\/phytstore.com\/en\/wp-json\/wp\/v2\/product"}],"about":[{"href":"https:\/\/phytstore.com\/en\/wp-json\/wp\/v2\/types\/product"}],"replies":[{"embeddable":true,"href":"https:\/\/phytstore.com\/en\/wp-json\/wp\/v2\/comments?post=2748"}],"wp:featuredmedia":[{"embeddable":true,"href":"https:\/\/phytstore.com\/en\/wp-json\/wp\/v2\/media\/5288"}],"wp:attachment":[{"href":"https:\/\/phytstore.com\/en\/wp-json\/wp\/v2\/media?parent=2748"}],"wp:term":[{"taxonomy":"product_brand","embeddable":true,"href":"https:\/\/phytstore.com\/en\/wp-json\/wp\/v2\/product_brand?post=2748"},{"taxonomy":"product_cat","embeddable":true,"href":"https:\/\/phytstore.com\/en\/wp-json\/wp\/v2\/product_cat?post=2748"},{"taxonomy":"product_tag","embeddable":true,"href":"https:\/\/phytstore.com\/en\/wp-json\/wp\/v2\/product_tag?post=2748"}],"curies":[{"name":"wp","href":"https:\/\/api.w.org\/{rel}","templated":true}]}}