{"id":2737,"date":"2020-03-28T19:56:25","date_gmt":"2020-03-28T23:56:25","guid":{"rendered":"https:\/\/phytstore.com\/produit\/masque-sensi-phyts\/"},"modified":"2023-03-02T14:44:18","modified_gmt":"2023-03-02T18:44:18","slug":"masque-sensi-phyts","status":"publish","type":"product","link":"https:\/\/phytstore.com\/en\/product\/sensi-phyts-mask\/","title":{"rendered":"Sensi Phyt&#8217;s Mask"},"content":{"rendered":"<p>SOS response to sensitive skin, this Organic comforting mask unclogs pores in few minutes only! Redness is then diminished, and the skin regains comfort and softness. Hypoallergenic** and fragrance-free.<br \/>\n<em>** formulated to minimize allergic reactions<\/em><\/p>\n<p><strong>Active ingredients :<\/strong><br \/>\nMagnolia, Mirabilis, Cotton flower*, Sweet Almond*, Shea Butter*, Aloe Vera*, Vegetal Squalene, Rosemary, Vegetal Vitamin E<br \/>\n<em>* ingredients from Organic Farming<\/em><\/p>\n<p><strong>Application :<\/strong><br \/>\nOnce or twice a week, after cleansing (ideally with the\u00a0<strong><a href=\"https:\/\/phytstore.com\/en\/product\/sensi-phyts-milky-water\/\">Sensi Phyt&#8217;s Milky Water<\/a><\/strong>), apply <span class=\"Y2IQFc\" lang=\"en\">generously <\/span>all over face, eye contour area and neck. Leave for 10 minutes. Gently remove with a <strong><a href=\"https:\/\/phytstore.com\/en\/product\/phyts-organic-reusable-wipes\/\">reusable Organic wipe<\/a><\/strong> or a cotton pad. It can also be used in thin layer as a night care.<br \/>\n<strong>Tips : <\/strong>For best results, use also the <strong><a href=\"https:\/\/phytstore.com\/en\/product\/thermal-water-100-ml\/\">Thermal Water<\/a><\/strong> and the other <a href=\"https:\/\/phytstore.com\/en\/product\/sensi-phyts-mask\/\"><strong>Sensi Phyt&#8217;s<\/strong><\/a> range products.<\/p>\n","protected":false},"excerpt":{"rendered":"<p><img loading=\"lazy\" decoding=\"async\" class=\"alignnone size-full wp-image-4920\" src=\"https:\/\/phytstore.com\/wp-content\/uploads\/2020\/07\/Bio-100-Vegan-Efficacite-11.png\" alt=\"\" width=\"274\" height=\"53\" \/><\/p>\n<p>SOS Sensitive skin<\/p>\n<p><strong>Skin type :<\/strong> All skin types<br \/>\n<strong>Expectations :<\/strong> Comforts, moisturizes, softens<br \/>\n<strong>Presentation :<\/strong> 40 g tube<\/p>\n","protected":false},"featured_media":2442,"comment_status":"closed","ping_status":"closed","template":"","meta":{"_acf_changed":false,"inline_featured_image":false},"product_brand":[],"product_cat":[239,252,94],"product_tag":[],"class_list":{"0":"post-2737","1":"product","2":"type-product","3":"status-publish","4":"has-post-thumbnail","6":"product_cat-sensitivity-redness","7":"product_cat-masks","8":"product_cat-sensi-phyts-en","10":"first","11":"instock","12":"taxable","13":"shipping-taxable","14":"purchasable","15":"product-type-simple"},"acf":[],"yoast_head":"<!-- This site is optimized with the Yoast SEO plugin v27.1.1 - https:\/\/yoast.com\/product\/yoast-seo-wordpress\/ -->\n<title>Sensi Phyt&#039;s mask - PHYT&#039;S - 100% natural &amp; organic cosmetics<\/title>\n<meta name=\"description\" content=\"SOS response to sensitive skin, fresh and instant Organic soothing mask. Redness is reduced. Hypoallergenic* and fragrance-free cream.\" \/>\n<meta name=\"robots\" content=\"index, follow, max-snippet:-1, max-image-preview:large, max-video-preview:-1\" \/>\n<link rel=\"canonical\" href=\"https:\/\/phytstore.com\/en\/product\/sensi-phyts-mask\/\" \/>\n<meta property=\"og:locale\" content=\"en_US\" \/>\n<meta property=\"og:type\" content=\"article\" \/>\n<meta property=\"og:title\" content=\"Sensi Phyt&#039;s mask - PHYT&#039;S - 100% natural &amp; organic cosmetics\" \/>\n<meta property=\"og:description\" content=\"SOS response to sensitive skin, fresh and instant Organic soothing mask. Redness is reduced. Hypoallergenic* and fragrance-free cream.\" \/>\n<meta property=\"og:url\" content=\"https:\/\/phytstore.com\/en\/product\/sensi-phyts-mask\/\" \/>\n<meta property=\"og:site_name\" content=\"PHYT&#039;S\" \/>\n<meta property=\"article:publisher\" content=\"https:\/\/www.facebook.com\/CJMBCosmetiques\/?ref=aymt_homepage_panel\" \/>\n<meta property=\"article:modified_time\" content=\"2023-03-02T18:44:18+00:00\" \/>\n<meta property=\"og:image\" content=\"https:\/\/phytstore.com\/wp-content\/uploads\/2020\/03\/masque-ca-1.jpg\" \/>\n\t<meta property=\"og:image:width\" content=\"1080\" \/>\n\t<meta property=\"og:image:height\" content=\"1080\" \/>\n\t<meta property=\"og:image:type\" content=\"image\/jpeg\" \/>\n<meta name=\"twitter:card\" content=\"summary_large_image\" \/>\n<meta name=\"twitter:label1\" content=\"Est. reading time\" \/>\n\t<meta name=\"twitter:data1\" content=\"1 minute\" \/>\n<script type=\"application\/ld+json\" class=\"yoast-schema-graph\">{\"@context\":\"https:\/\/schema.org\",\"@graph\":[{\"@type\":\"WebPage\",\"@id\":\"https:\/\/phytstore.com\/en\/product\/sensi-phyts-mask\/\",\"url\":\"https:\/\/phytstore.com\/en\/product\/sensi-phyts-mask\/\",\"name\":\"Sensi Phyt's mask - PHYT&#039;S - 100% natural & organic cosmetics\",\"isPartOf\":{\"@id\":\"https:\/\/phytstore.com\/en\/#website\"},\"primaryImageOfPage\":{\"@id\":\"https:\/\/phytstore.com\/en\/product\/sensi-phyts-mask\/#primaryimage\"},\"image\":{\"@id\":\"https:\/\/phytstore.com\/en\/product\/sensi-phyts-mask\/#primaryimage\"},\"thumbnailUrl\":\"https:\/\/phytstore.com\/wp-content\/uploads\/2020\/03\/masque-ca-1.jpg\",\"datePublished\":\"2020-03-28T23:56:25+00:00\",\"dateModified\":\"2023-03-02T18:44:18+00:00\",\"description\":\"SOS response to sensitive skin, fresh and instant Organic soothing mask. Redness is reduced. Hypoallergenic* and fragrance-free cream.\",\"breadcrumb\":{\"@id\":\"https:\/\/phytstore.com\/en\/product\/sensi-phyts-mask\/#breadcrumb\"},\"inLanguage\":\"en-CA\",\"potentialAction\":[{\"@type\":\"ReadAction\",\"target\":[\"https:\/\/phytstore.com\/en\/product\/sensi-phyts-mask\/\"]}]},{\"@type\":\"ImageObject\",\"inLanguage\":\"en-CA\",\"@id\":\"https:\/\/phytstore.com\/en\/product\/sensi-phyts-mask\/#primaryimage\",\"url\":\"https:\/\/phytstore.com\/wp-content\/uploads\/2020\/03\/masque-ca-1.jpg\",\"contentUrl\":\"https:\/\/phytstore.com\/wp-content\/uploads\/2020\/03\/masque-ca-1.jpg\",\"width\":1080,\"height\":1080,\"caption\":\"Masque Sensi Phyt's\"},{\"@type\":\"BreadcrumbList\",\"@id\":\"https:\/\/phytstore.com\/en\/product\/sensi-phyts-mask\/#breadcrumb\",\"itemListElement\":[{\"@type\":\"ListItem\",\"position\":1,\"name\":\"Home\",\"item\":\"https:\/\/phytstore.com\/en\/\"},{\"@type\":\"ListItem\",\"position\":2,\"name\":\"Shop\",\"item\":\"https:\/\/phytstore.com\/en\/shop\/\"},{\"@type\":\"ListItem\",\"position\":3,\"name\":\"Face\",\"item\":\"https:\/\/phytstore.com\/en\/organic-skin-care\/\"},{\"@type\":\"ListItem\",\"position\":4,\"name\":\"Sensitivity &amp; Redness\",\"item\":\"https:\/\/phytstore.com\/en\/organic-skin-care\/sensitivity-redness\/\"},{\"@type\":\"ListItem\",\"position\":5,\"name\":\"Sensi Phyt&rsquo;s Mask\"}]},{\"@type\":\"WebSite\",\"@id\":\"https:\/\/phytstore.com\/en\/#website\",\"url\":\"https:\/\/phytstore.com\/en\/\",\"name\":\"PHYT&#039;S\",\"description\":\"Fabricant et distributeur de soins certifi\u00e9s bio pour instituts de beaut\u00e9, spa et esth\u00e9ticiennes\",\"publisher\":{\"@id\":\"https:\/\/phytstore.com\/en\/#organization\"},\"potentialAction\":[{\"@type\":\"SearchAction\",\"target\":{\"@type\":\"EntryPoint\",\"urlTemplate\":\"https:\/\/phytstore.com\/en\/?s={search_term_string}\"},\"query-input\":{\"@type\":\"PropertyValueSpecification\",\"valueRequired\":true,\"valueName\":\"search_term_string\"}}],\"inLanguage\":\"en-CA\"},{\"@type\":\"Organization\",\"@id\":\"https:\/\/phytstore.com\/en\/#organization\",\"name\":\"Phyt's\",\"url\":\"https:\/\/phytstore.com\/en\/\",\"logo\":{\"@type\":\"ImageObject\",\"inLanguage\":\"en-CA\",\"@id\":\"https:\/\/phytstore.com\/en\/#\/schema\/logo\/image\/\",\"url\":\"https:\/\/phytstore.com\/wp-content\/uploads\/2020\/03\/logo-phyts-e1585168986207.png\",\"contentUrl\":\"https:\/\/phytstore.com\/wp-content\/uploads\/2020\/03\/logo-phyts-e1585168986207.png\",\"width\":200,\"height\":72,\"caption\":\"Phyt's\"},\"image\":{\"@id\":\"https:\/\/phytstore.com\/en\/#\/schema\/logo\/image\/\"},\"sameAs\":[\"https:\/\/www.facebook.com\/CJMBCosmetiques\/?ref=aymt_homepage_panel\",\"https:\/\/www.instagram.com\/phyts_canada\/\",\"https:\/\/www.linkedin.com\/company\/3337211\/admin\/\",\"https:\/\/www.youtube.com\/channel\/UCEkP009p4XTU5lXjLkaKptA\"]}]}<\/script>\n<!-- \/ Yoast SEO plugin. -->","yoast_head_json":{"title":"Sensi Phyt's mask - PHYT&#039;S - 100% natural & organic cosmetics","description":"SOS response to sensitive skin, fresh and instant Organic soothing mask. Redness is reduced. Hypoallergenic* and fragrance-free cream.","robots":{"index":"index","follow":"follow","max-snippet":"max-snippet:-1","max-image-preview":"max-image-preview:large","max-video-preview":"max-video-preview:-1"},"canonical":"https:\/\/phytstore.com\/en\/product\/sensi-phyts-mask\/","og_locale":"en_US","og_type":"article","og_title":"Sensi Phyt's mask - PHYT&#039;S - 100% natural & organic cosmetics","og_description":"SOS response to sensitive skin, fresh and instant Organic soothing mask. Redness is reduced. Hypoallergenic* and fragrance-free cream.","og_url":"https:\/\/phytstore.com\/en\/product\/sensi-phyts-mask\/","og_site_name":"PHYT&#039;S","article_publisher":"https:\/\/www.facebook.com\/CJMBCosmetiques\/?ref=aymt_homepage_panel","article_modified_time":"2023-03-02T18:44:18+00:00","og_image":[{"width":1080,"height":1080,"url":"https:\/\/phytstore.com\/wp-content\/uploads\/2020\/03\/masque-ca-1.jpg","type":"image\/jpeg"}],"twitter_card":"summary_large_image","twitter_misc":{"Est. reading time":"1 minute"},"schema":{"@context":"https:\/\/schema.org","@graph":[{"@type":"WebPage","@id":"https:\/\/phytstore.com\/en\/product\/sensi-phyts-mask\/","url":"https:\/\/phytstore.com\/en\/product\/sensi-phyts-mask\/","name":"Sensi Phyt's mask - PHYT&#039;S - 100% natural & organic cosmetics","isPartOf":{"@id":"https:\/\/phytstore.com\/en\/#website"},"primaryImageOfPage":{"@id":"https:\/\/phytstore.com\/en\/product\/sensi-phyts-mask\/#primaryimage"},"image":{"@id":"https:\/\/phytstore.com\/en\/product\/sensi-phyts-mask\/#primaryimage"},"thumbnailUrl":"https:\/\/phytstore.com\/wp-content\/uploads\/2020\/03\/masque-ca-1.jpg","datePublished":"2020-03-28T23:56:25+00:00","dateModified":"2023-03-02T18:44:18+00:00","description":"SOS response to sensitive skin, fresh and instant Organic soothing mask. Redness is reduced. Hypoallergenic* and fragrance-free cream.","breadcrumb":{"@id":"https:\/\/phytstore.com\/en\/product\/sensi-phyts-mask\/#breadcrumb"},"inLanguage":"en-CA","potentialAction":[{"@type":"ReadAction","target":["https:\/\/phytstore.com\/en\/product\/sensi-phyts-mask\/"]}]},{"@type":"ImageObject","inLanguage":"en-CA","@id":"https:\/\/phytstore.com\/en\/product\/sensi-phyts-mask\/#primaryimage","url":"https:\/\/phytstore.com\/wp-content\/uploads\/2020\/03\/masque-ca-1.jpg","contentUrl":"https:\/\/phytstore.com\/wp-content\/uploads\/2020\/03\/masque-ca-1.jpg","width":1080,"height":1080,"caption":"Masque Sensi Phyt's"},{"@type":"BreadcrumbList","@id":"https:\/\/phytstore.com\/en\/product\/sensi-phyts-mask\/#breadcrumb","itemListElement":[{"@type":"ListItem","position":1,"name":"Home","item":"https:\/\/phytstore.com\/en\/"},{"@type":"ListItem","position":2,"name":"Shop","item":"https:\/\/phytstore.com\/en\/shop\/"},{"@type":"ListItem","position":3,"name":"Face","item":"https:\/\/phytstore.com\/en\/organic-skin-care\/"},{"@type":"ListItem","position":4,"name":"Sensitivity &amp; Redness","item":"https:\/\/phytstore.com\/en\/organic-skin-care\/sensitivity-redness\/"},{"@type":"ListItem","position":5,"name":"Sensi Phyt&rsquo;s Mask"}]},{"@type":"WebSite","@id":"https:\/\/phytstore.com\/en\/#website","url":"https:\/\/phytstore.com\/en\/","name":"PHYT&#039;S","description":"Fabricant et distributeur de soins certifi\u00e9s bio pour instituts de beaut\u00e9, spa et esth\u00e9ticiennes","publisher":{"@id":"https:\/\/phytstore.com\/en\/#organization"},"potentialAction":[{"@type":"SearchAction","target":{"@type":"EntryPoint","urlTemplate":"https:\/\/phytstore.com\/en\/?s={search_term_string}"},"query-input":{"@type":"PropertyValueSpecification","valueRequired":true,"valueName":"search_term_string"}}],"inLanguage":"en-CA"},{"@type":"Organization","@id":"https:\/\/phytstore.com\/en\/#organization","name":"Phyt's","url":"https:\/\/phytstore.com\/en\/","logo":{"@type":"ImageObject","inLanguage":"en-CA","@id":"https:\/\/phytstore.com\/en\/#\/schema\/logo\/image\/","url":"https:\/\/phytstore.com\/wp-content\/uploads\/2020\/03\/logo-phyts-e1585168986207.png","contentUrl":"https:\/\/phytstore.com\/wp-content\/uploads\/2020\/03\/logo-phyts-e1585168986207.png","width":200,"height":72,"caption":"Phyt's"},"image":{"@id":"https:\/\/phytstore.com\/en\/#\/schema\/logo\/image\/"},"sameAs":["https:\/\/www.facebook.com\/CJMBCosmetiques\/?ref=aymt_homepage_panel","https:\/\/www.instagram.com\/phyts_canada\/","https:\/\/www.linkedin.com\/company\/3337211\/admin\/","https:\/\/www.youtube.com\/channel\/UCEkP009p4XTU5lXjLkaKptA"]}]}},"jetpack_sharing_enabled":true,"_links":{"self":[{"href":"https:\/\/phytstore.com\/en\/wp-json\/wp\/v2\/product\/2737","targetHints":{"allow":["GET"]}}],"collection":[{"href":"https:\/\/phytstore.com\/en\/wp-json\/wp\/v2\/product"}],"about":[{"href":"https:\/\/phytstore.com\/en\/wp-json\/wp\/v2\/types\/product"}],"replies":[{"embeddable":true,"href":"https:\/\/phytstore.com\/en\/wp-json\/wp\/v2\/comments?post=2737"}],"wp:featuredmedia":[{"embeddable":true,"href":"https:\/\/phytstore.com\/en\/wp-json\/wp\/v2\/media\/2442"}],"wp:attachment":[{"href":"https:\/\/phytstore.com\/en\/wp-json\/wp\/v2\/media?parent=2737"}],"wp:term":[{"taxonomy":"product_brand","embeddable":true,"href":"https:\/\/phytstore.com\/en\/wp-json\/wp\/v2\/product_brand?post=2737"},{"taxonomy":"product_cat","embeddable":true,"href":"https:\/\/phytstore.com\/en\/wp-json\/wp\/v2\/product_cat?post=2737"},{"taxonomy":"product_tag","embeddable":true,"href":"https:\/\/phytstore.com\/en\/wp-json\/wp\/v2\/product_tag?post=2737"}],"curies":[{"name":"wp","href":"https:\/\/api.w.org\/{rel}","templated":true}]}}