{"id":2725,"date":"2020-03-28T19:56:24","date_gmt":"2020-03-28T23:56:24","guid":{"rendered":"https:\/\/phytstore.com\/produit\/serum-aromaclear\/"},"modified":"2023-11-21T14:25:16","modified_gmt":"2023-11-21T18:25:16","slug":"serum-aromaclear","status":"publish","type":"product","link":"https:\/\/phytstore.com\/en\/product\/aromaclear-serum\/","title":{"rendered":"Aromaclear Serum"},"content":{"rendered":"<p>This Organic serum tightens and reduces pores. It is designed to regulate the appearance of sebum on oily or acne-prone skin. Its formula refines the skin texture and improves the complexion. <span lang=\"en\">This precious ally works at night, when the skin is most receptive. Thanks to this real concentrate of astringent essential oils, the skin looks visibly clearer and the complexion finally regains all its original clarity.<\/span><\/p>\n<h3><strong>Active Ingredients :<\/strong><\/h3>\n<p>Camphor, Rosemary*, Thyme*, Cypress*, Olibanum, Lemon*, Bitter Orange*, Sweet Marjoram*, Clove*, Cinnamon*, Lavender*, Silica, Vegetal Vitamin E<br \/>\n<em>* ingredients from Organic Farming<\/em><\/p>\n<h3><strong>How to apply my Aromaclear serum?<\/strong><\/h3>\n<p>In the evening, after cleansing, apply all over face and neck. It replaces night cream.<br \/>\n<strong>Tips :<\/strong> For best results, first apply\u00a0<strong><a href=\"https:\/\/phytstore.com\/en\/product\/naturollon-10-ml\/\">Naturoll&#8217;On<\/a> <\/strong>(<a href=\"https:\/\/phytstore.com\/en\/product\/naturoderm-15-ml\/\"><strong>Naturoderm<\/strong><\/a>) locally on targeted zones. In the morning, use the <a href=\"https:\/\/phytstore.com\/en\/product\/aromaclear-fluid\/\"><strong>Aromaclear Fluid<\/strong><\/a> or <a href=\"https:\/\/phytstore.com\/en\/product\/aromaclear-cream\/\"><strong>Cream<\/strong><\/a>. In addition, once or twice a week, complete with the\u00a0<a href=\"https:\/\/phytstore.com\/produit\/masque-gommant-purete\/\"><strong>Purity Exfoliating Mask<\/strong><\/a>.<\/p>\n<p><em>As a precaution, do not use when pregnant or breastfeeding.<\/em><\/p>\n","protected":false},"excerpt":{"rendered":"<p><img loading=\"lazy\" decoding=\"async\" class=\"alignnone size-full wp-image-4920\" src=\"https:\/\/phytstore.com\/wp-content\/uploads\/2020\/07\/Bio-100-Vegan-Efficacite-11.png\" alt=\"\" width=\"274\" height=\"53\" \/><\/p>\n<p>Balance oily concentrate<\/p>\n<p><strong>Skin type : <\/strong>Oily skin or with acneic tendency<br \/>\n<strong>Expectations :<\/strong> Tightens pores, controls<br \/>\n<strong>Presentation :<\/strong> 30 ml drop-bottle<\/p>\n","protected":false},"featured_media":6262,"comment_status":"closed","ping_status":"closed","template":"","meta":{"_acf_changed":false,"inline_featured_image":false},"product_brand":[],"product_cat":[82,232,234,245],"product_tag":[],"class_list":{"0":"post-2725","1":"product","2":"type-product","3":"status-publish","4":"has-post-thumbnail","6":"product_cat-aromaclear-en","7":"product_cat-imperfections-en","8":"product_cat-oily-skin-dilated-pores","9":"product_cat-night-creams-serums","11":"first","12":"instock","13":"taxable","14":"shipping-taxable","15":"purchasable","16":"product-type-simple"},"acf":[],"yoast_head":"<!-- This site is optimized with the Yoast SEO plugin v27.4 - https:\/\/yoast.com\/product\/yoast-seo-wordpress\/ -->\n<title>Aromaclear Serum - PHYT&#039;S - 100% natural &amp; Organic cosmetics<\/title>\n<meta name=\"description\" content=\"This Organic Serum tightens pores and is designed to regulate the appearance of sebum on oily or acne-prone skin. Its formula refines the skin texture.\" \/>\n<meta name=\"robots\" content=\"index, follow, max-snippet:-1, max-image-preview:large, max-video-preview:-1\" \/>\n<link rel=\"canonical\" href=\"https:\/\/phytstore.com\/en\/product\/aromaclear-serum\/\" \/>\n<meta property=\"og:locale\" content=\"en_US\" \/>\n<meta property=\"og:type\" content=\"article\" \/>\n<meta property=\"og:title\" content=\"Aromaclear Serum - PHYT&#039;S - 100% natural &amp; Organic cosmetics\" \/>\n<meta property=\"og:description\" content=\"This Organic Serum tightens pores and is designed to regulate the appearance of sebum on oily or acne-prone skin. Its formula refines the skin texture.\" \/>\n<meta property=\"og:url\" content=\"https:\/\/phytstore.com\/en\/product\/aromaclear-serum\/\" \/>\n<meta property=\"og:site_name\" content=\"PHYT&#039;S\" \/>\n<meta property=\"article:publisher\" content=\"https:\/\/www.facebook.com\/CJMBCosmetiques\/?ref=aymt_homepage_panel\" \/>\n<meta property=\"article:modified_time\" content=\"2023-11-21T18:25:16+00:00\" \/>\n<meta property=\"og:image\" content=\"https:\/\/phytstore.com\/wp-content\/uploads\/2020\/03\/Serum-Aromaclear-PHYTS.png\" \/>\n\t<meta property=\"og:image:width\" content=\"1125\" \/>\n\t<meta property=\"og:image:height\" content=\"1116\" \/>\n\t<meta property=\"og:image:type\" content=\"image\/png\" \/>\n<meta name=\"twitter:card\" content=\"summary_large_image\" \/>\n<meta name=\"twitter:label1\" content=\"Est. reading time\" \/>\n\t<meta name=\"twitter:data1\" content=\"1 minute\" \/>\n<script type=\"application\/ld+json\" class=\"yoast-schema-graph\">{\"@context\":\"https:\\\/\\\/schema.org\",\"@graph\":[{\"@type\":\"WebPage\",\"@id\":\"https:\\\/\\\/phytstore.com\\\/en\\\/product\\\/aromaclear-serum\\\/\",\"url\":\"https:\\\/\\\/phytstore.com\\\/en\\\/product\\\/aromaclear-serum\\\/\",\"name\":\"Aromaclear Serum - PHYT&#039;S - 100% natural & Organic cosmetics\",\"isPartOf\":{\"@id\":\"https:\\\/\\\/phytstore.com\\\/en\\\/#website\"},\"primaryImageOfPage\":{\"@id\":\"https:\\\/\\\/phytstore.com\\\/en\\\/product\\\/aromaclear-serum\\\/#primaryimage\"},\"image\":{\"@id\":\"https:\\\/\\\/phytstore.com\\\/en\\\/product\\\/aromaclear-serum\\\/#primaryimage\"},\"thumbnailUrl\":\"https:\\\/\\\/phytstore.com\\\/wp-content\\\/uploads\\\/2020\\\/03\\\/Serum-Aromaclear-PHYTS.png\",\"datePublished\":\"2020-03-28T23:56:24+00:00\",\"dateModified\":\"2023-11-21T18:25:16+00:00\",\"description\":\"This Organic Serum tightens pores and is designed to regulate the appearance of sebum on oily or acne-prone skin. Its formula refines the skin texture.\",\"breadcrumb\":{\"@id\":\"https:\\\/\\\/phytstore.com\\\/en\\\/product\\\/aromaclear-serum\\\/#breadcrumb\"},\"inLanguage\":\"en-CA\",\"potentialAction\":[{\"@type\":\"ReadAction\",\"target\":[\"https:\\\/\\\/phytstore.com\\\/en\\\/product\\\/aromaclear-serum\\\/\"]}]},{\"@type\":\"ImageObject\",\"inLanguage\":\"en-CA\",\"@id\":\"https:\\\/\\\/phytstore.com\\\/en\\\/product\\\/aromaclear-serum\\\/#primaryimage\",\"url\":\"https:\\\/\\\/phytstore.com\\\/wp-content\\\/uploads\\\/2020\\\/03\\\/Serum-Aromaclear-PHYTS.png\",\"contentUrl\":\"https:\\\/\\\/phytstore.com\\\/wp-content\\\/uploads\\\/2020\\\/03\\\/Serum-Aromaclear-PHYTS.png\",\"width\":1125,\"height\":1116},{\"@type\":\"BreadcrumbList\",\"@id\":\"https:\\\/\\\/phytstore.com\\\/en\\\/product\\\/aromaclear-serum\\\/#breadcrumb\",\"itemListElement\":[{\"@type\":\"ListItem\",\"position\":1,\"name\":\"Home\",\"item\":\"https:\\\/\\\/phytstore.com\\\/en\\\/\"},{\"@type\":\"ListItem\",\"position\":2,\"name\":\"Shop\",\"item\":\"https:\\\/\\\/phytstore.com\\\/en\\\/shop\\\/\"},{\"@type\":\"ListItem\",\"position\":3,\"name\":\"Face\",\"item\":\"https:\\\/\\\/phytstore.com\\\/en\\\/organic-skin-care\\\/\"},{\"@type\":\"ListItem\",\"position\":4,\"name\":\"Imperfections\",\"item\":\"https:\\\/\\\/phytstore.com\\\/en\\\/organic-skin-care\\\/imperfections\\\/\"},{\"@type\":\"ListItem\",\"position\":5,\"name\":\"Aromaclear Serum\"}]},{\"@type\":\"WebSite\",\"@id\":\"https:\\\/\\\/phytstore.com\\\/en\\\/#website\",\"url\":\"https:\\\/\\\/phytstore.com\\\/en\\\/\",\"name\":\"PHYT&#039;S\",\"description\":\"Fabricant et distributeur de soins certifi\u00e9s bio pour instituts de beaut\u00e9, spa et esth\u00e9ticiennes\",\"publisher\":{\"@id\":\"https:\\\/\\\/phytstore.com\\\/en\\\/#organization\"},\"potentialAction\":[{\"@type\":\"SearchAction\",\"target\":{\"@type\":\"EntryPoint\",\"urlTemplate\":\"https:\\\/\\\/phytstore.com\\\/en\\\/?s={search_term_string}\"},\"query-input\":{\"@type\":\"PropertyValueSpecification\",\"valueRequired\":true,\"valueName\":\"search_term_string\"}}],\"inLanguage\":\"en-CA\"},{\"@type\":\"Organization\",\"@id\":\"https:\\\/\\\/phytstore.com\\\/en\\\/#organization\",\"name\":\"Phyt's\",\"url\":\"https:\\\/\\\/phytstore.com\\\/en\\\/\",\"logo\":{\"@type\":\"ImageObject\",\"inLanguage\":\"en-CA\",\"@id\":\"https:\\\/\\\/phytstore.com\\\/en\\\/#\\\/schema\\\/logo\\\/image\\\/\",\"url\":\"https:\\\/\\\/phytstore.com\\\/wp-content\\\/uploads\\\/2020\\\/03\\\/logo-phyts-e1585168986207.png\",\"contentUrl\":\"https:\\\/\\\/phytstore.com\\\/wp-content\\\/uploads\\\/2020\\\/03\\\/logo-phyts-e1585168986207.png\",\"width\":200,\"height\":72,\"caption\":\"Phyt's\"},\"image\":{\"@id\":\"https:\\\/\\\/phytstore.com\\\/en\\\/#\\\/schema\\\/logo\\\/image\\\/\"},\"sameAs\":[\"https:\\\/\\\/www.facebook.com\\\/CJMBCosmetiques\\\/?ref=aymt_homepage_panel\",\"https:\\\/\\\/www.instagram.com\\\/phyts_canada\\\/\",\"https:\\\/\\\/www.linkedin.com\\\/company\\\/3337211\\\/admin\\\/\",\"https:\\\/\\\/www.youtube.com\\\/channel\\\/UCEkP009p4XTU5lXjLkaKptA\"]}]}<\/script>\n<!-- \/ Yoast SEO plugin. -->","yoast_head_json":{"title":"Aromaclear Serum - PHYT&#039;S - 100% natural & Organic cosmetics","description":"This Organic Serum tightens pores and is designed to regulate the appearance of sebum on oily or acne-prone skin. Its formula refines the skin texture.","robots":{"index":"index","follow":"follow","max-snippet":"max-snippet:-1","max-image-preview":"max-image-preview:large","max-video-preview":"max-video-preview:-1"},"canonical":"https:\/\/phytstore.com\/en\/product\/aromaclear-serum\/","og_locale":"en_US","og_type":"article","og_title":"Aromaclear Serum - PHYT&#039;S - 100% natural & Organic cosmetics","og_description":"This Organic Serum tightens pores and is designed to regulate the appearance of sebum on oily or acne-prone skin. Its formula refines the skin texture.","og_url":"https:\/\/phytstore.com\/en\/product\/aromaclear-serum\/","og_site_name":"PHYT&#039;S","article_publisher":"https:\/\/www.facebook.com\/CJMBCosmetiques\/?ref=aymt_homepage_panel","article_modified_time":"2023-11-21T18:25:16+00:00","og_image":[{"width":1125,"height":1116,"url":"https:\/\/phytstore.com\/wp-content\/uploads\/2020\/03\/Serum-Aromaclear-PHYTS.png","type":"image\/png"}],"twitter_card":"summary_large_image","twitter_misc":{"Est. reading time":"1 minute"},"schema":{"@context":"https:\/\/schema.org","@graph":[{"@type":"WebPage","@id":"https:\/\/phytstore.com\/en\/product\/aromaclear-serum\/","url":"https:\/\/phytstore.com\/en\/product\/aromaclear-serum\/","name":"Aromaclear Serum - PHYT&#039;S - 100% natural & Organic cosmetics","isPartOf":{"@id":"https:\/\/phytstore.com\/en\/#website"},"primaryImageOfPage":{"@id":"https:\/\/phytstore.com\/en\/product\/aromaclear-serum\/#primaryimage"},"image":{"@id":"https:\/\/phytstore.com\/en\/product\/aromaclear-serum\/#primaryimage"},"thumbnailUrl":"https:\/\/phytstore.com\/wp-content\/uploads\/2020\/03\/Serum-Aromaclear-PHYTS.png","datePublished":"2020-03-28T23:56:24+00:00","dateModified":"2023-11-21T18:25:16+00:00","description":"This Organic Serum tightens pores and is designed to regulate the appearance of sebum on oily or acne-prone skin. Its formula refines the skin texture.","breadcrumb":{"@id":"https:\/\/phytstore.com\/en\/product\/aromaclear-serum\/#breadcrumb"},"inLanguage":"en-CA","potentialAction":[{"@type":"ReadAction","target":["https:\/\/phytstore.com\/en\/product\/aromaclear-serum\/"]}]},{"@type":"ImageObject","inLanguage":"en-CA","@id":"https:\/\/phytstore.com\/en\/product\/aromaclear-serum\/#primaryimage","url":"https:\/\/phytstore.com\/wp-content\/uploads\/2020\/03\/Serum-Aromaclear-PHYTS.png","contentUrl":"https:\/\/phytstore.com\/wp-content\/uploads\/2020\/03\/Serum-Aromaclear-PHYTS.png","width":1125,"height":1116},{"@type":"BreadcrumbList","@id":"https:\/\/phytstore.com\/en\/product\/aromaclear-serum\/#breadcrumb","itemListElement":[{"@type":"ListItem","position":1,"name":"Home","item":"https:\/\/phytstore.com\/en\/"},{"@type":"ListItem","position":2,"name":"Shop","item":"https:\/\/phytstore.com\/en\/shop\/"},{"@type":"ListItem","position":3,"name":"Face","item":"https:\/\/phytstore.com\/en\/organic-skin-care\/"},{"@type":"ListItem","position":4,"name":"Imperfections","item":"https:\/\/phytstore.com\/en\/organic-skin-care\/imperfections\/"},{"@type":"ListItem","position":5,"name":"Aromaclear Serum"}]},{"@type":"WebSite","@id":"https:\/\/phytstore.com\/en\/#website","url":"https:\/\/phytstore.com\/en\/","name":"PHYT&#039;S","description":"Fabricant et distributeur de soins certifi\u00e9s bio pour instituts de beaut\u00e9, spa et esth\u00e9ticiennes","publisher":{"@id":"https:\/\/phytstore.com\/en\/#organization"},"potentialAction":[{"@type":"SearchAction","target":{"@type":"EntryPoint","urlTemplate":"https:\/\/phytstore.com\/en\/?s={search_term_string}"},"query-input":{"@type":"PropertyValueSpecification","valueRequired":true,"valueName":"search_term_string"}}],"inLanguage":"en-CA"},{"@type":"Organization","@id":"https:\/\/phytstore.com\/en\/#organization","name":"Phyt's","url":"https:\/\/phytstore.com\/en\/","logo":{"@type":"ImageObject","inLanguage":"en-CA","@id":"https:\/\/phytstore.com\/en\/#\/schema\/logo\/image\/","url":"https:\/\/phytstore.com\/wp-content\/uploads\/2020\/03\/logo-phyts-e1585168986207.png","contentUrl":"https:\/\/phytstore.com\/wp-content\/uploads\/2020\/03\/logo-phyts-e1585168986207.png","width":200,"height":72,"caption":"Phyt's"},"image":{"@id":"https:\/\/phytstore.com\/en\/#\/schema\/logo\/image\/"},"sameAs":["https:\/\/www.facebook.com\/CJMBCosmetiques\/?ref=aymt_homepage_panel","https:\/\/www.instagram.com\/phyts_canada\/","https:\/\/www.linkedin.com\/company\/3337211\/admin\/","https:\/\/www.youtube.com\/channel\/UCEkP009p4XTU5lXjLkaKptA"]}]}},"jetpack_sharing_enabled":true,"_links":{"self":[{"href":"https:\/\/phytstore.com\/en\/wp-json\/wp\/v2\/product\/2725","targetHints":{"allow":["GET"]}}],"collection":[{"href":"https:\/\/phytstore.com\/en\/wp-json\/wp\/v2\/product"}],"about":[{"href":"https:\/\/phytstore.com\/en\/wp-json\/wp\/v2\/types\/product"}],"replies":[{"embeddable":true,"href":"https:\/\/phytstore.com\/en\/wp-json\/wp\/v2\/comments?post=2725"}],"wp:featuredmedia":[{"embeddable":true,"href":"https:\/\/phytstore.com\/en\/wp-json\/wp\/v2\/media\/6262"}],"wp:attachment":[{"href":"https:\/\/phytstore.com\/en\/wp-json\/wp\/v2\/media?parent=2725"}],"wp:term":[{"taxonomy":"product_brand","embeddable":true,"href":"https:\/\/phytstore.com\/en\/wp-json\/wp\/v2\/product_brand?post=2725"},{"taxonomy":"product_cat","embeddable":true,"href":"https:\/\/phytstore.com\/en\/wp-json\/wp\/v2\/product_cat?post=2725"},{"taxonomy":"product_tag","embeddable":true,"href":"https:\/\/phytstore.com\/en\/wp-json\/wp\/v2\/product_tag?post=2725"}],"curies":[{"name":"wp","href":"https:\/\/api.w.org\/{rel}","templated":true}]}}