{"id":2724,"date":"2020-03-28T19:56:24","date_gmt":"2020-03-28T23:56:24","guid":{"rendered":"https:\/\/phytstore.com\/produit\/fluide-aromaclear\/"},"modified":"2023-11-06T16:48:25","modified_gmt":"2023-11-06T20:48:25","slug":"fluide-aromaclear","status":"publish","type":"product","link":"https:\/\/phytstore.com\/en\/product\/aromaclear-fluid\/","title":{"rendered":"Aromaclear Fluid"},"content":{"rendered":"<p>This non-comedogenic Organic fluid is formulated to be very light for oily or acne-prone skin. Indeed, it mattifies and hydrates the skin. The pores are tightened and the skin texture is then refined. Over the days, the skin looks visibly clearer, refreshed and radiant.<\/p>\n<h3><strong>Active Ingredients :<\/strong><\/h3>\n<p>Lannea microcarpa, Vegetal Salicylic Acid, Zinc, Copper, Thyme*, Lavender*, Marjoram*, Clove*, Palmarosa*, Rosemary*, Bitter Orange*, Lemon*, Cypress*, Silica, Aloe Vera*, Grapeseed*, Jojoba*, Vegetal Vitamin E<br \/>\n<em>* ingredients from Organic Farming<\/em><\/p>\n<h3><strong>How to Apply my Aromaclear Fluid?<\/strong><\/h3>\n<p>Morning and evening, after cleansing, apply all over face and neck.<br \/>\n<strong>Tips :<\/strong> For best results, first apply on targeted zones the <strong><a href=\"https:\/\/phytstore.com\/en\/product\/naturollon-10-ml\/\">Naturoll&#8217;On<\/a><\/strong> (<a href=\"https:\/\/phytstore.com\/en\/product\/naturoderm-15-ml\/\"><strong>Naturoderm<\/strong><\/a>). And in the evening, use the <a href=\"https:\/\/phytstore.com\/en\/product\/aromaclear-serum\/\"><strong>Aromaclear Serum<\/strong><\/a>. In addition, once or twice a week, complete with the\u00a0<strong><a href=\"https:\/\/phytstore.com\/en\/product\/purity-exfoliating-mask\/\">Purity Exfoliating Mask<\/a><\/strong>.<\/p>\n","protected":false},"excerpt":{"rendered":"<p><img loading=\"lazy\" decoding=\"async\" class=\"alignnone size-full wp-image-4920\" src=\"https:\/\/phytstore.com\/wp-content\/uploads\/2020\/07\/Bio-100-Vegan-Efficacite-11.png\" alt=\"\" width=\"274\" height=\"53\" \/><\/p>\n<p>Balance light cream<\/p>\n<p><strong>Skin type :<\/strong> Oily skin or with acneic tendency<br \/>\n<strong>Expectations :<\/strong> Tightens pores, mattifies, hydrates, protects<br \/>\n<strong>Presentation :<\/strong> 40 ml tube<\/p>\n","protected":false},"featured_media":2409,"comment_status":"closed","ping_status":"closed","template":"","meta":{"_acf_changed":false,"inline_featured_image":false},"product_brand":[],"product_cat":[232,234,246,82],"product_tag":[],"class_list":{"0":"post-2724","1":"product","2":"type-product","3":"status-publish","4":"has-post-thumbnail","6":"product_cat-imperfections-en","7":"product_cat-oily-skin-dilated-pores","8":"product_cat-day-creams","9":"product_cat-aromaclear-en","11":"first","12":"instock","13":"taxable","14":"shipping-taxable","15":"purchasable","16":"product-type-simple"},"acf":[],"yoast_head":"<!-- This site is optimized with the Yoast SEO plugin v27.4 - https:\/\/yoast.com\/product\/yoast-seo-wordpress\/ -->\n<title>Aromaclear Fluid - PHYT&#039;S - 100% natural &amp; Organic cosmetics<\/title>\n<meta name=\"description\" content=\"This non-comedogenic Organic Fluid is designed to be very light for oily or acne-prone skin. It mattifies and hydrates the skin.\" \/>\n<meta name=\"robots\" content=\"index, follow, max-snippet:-1, max-image-preview:large, max-video-preview:-1\" \/>\n<link rel=\"canonical\" href=\"https:\/\/phytstore.com\/en\/product\/aromaclear-fluid\/\" \/>\n<meta property=\"og:locale\" content=\"en_US\" \/>\n<meta property=\"og:type\" content=\"article\" \/>\n<meta property=\"og:title\" content=\"Aromaclear Fluid - PHYT&#039;S - 100% natural &amp; Organic cosmetics\" \/>\n<meta property=\"og:description\" content=\"This non-comedogenic Organic Fluid is designed to be very light for oily or acne-prone skin. It mattifies and hydrates the skin.\" \/>\n<meta property=\"og:url\" content=\"https:\/\/phytstore.com\/en\/product\/aromaclear-fluid\/\" \/>\n<meta property=\"og:site_name\" content=\"PHYT&#039;S\" \/>\n<meta property=\"article:publisher\" content=\"https:\/\/www.facebook.com\/CJMBCosmetiques\/?ref=aymt_homepage_panel\" \/>\n<meta property=\"article:modified_time\" content=\"2023-11-06T20:48:25+00:00\" \/>\n<meta property=\"og:image\" content=\"https:\/\/phytstore.com\/wp-content\/uploads\/2020\/03\/Fluide.jpg\" \/>\n\t<meta property=\"og:image:width\" content=\"1080\" \/>\n\t<meta property=\"og:image:height\" content=\"1080\" \/>\n\t<meta property=\"og:image:type\" content=\"image\/jpeg\" \/>\n<meta name=\"twitter:card\" content=\"summary_large_image\" \/>\n<meta name=\"twitter:label1\" content=\"Est. reading time\" \/>\n\t<meta name=\"twitter:data1\" content=\"1 minute\" \/>\n<script type=\"application\/ld+json\" class=\"yoast-schema-graph\">{\"@context\":\"https:\\\/\\\/schema.org\",\"@graph\":[{\"@type\":\"WebPage\",\"@id\":\"https:\\\/\\\/phytstore.com\\\/en\\\/product\\\/aromaclear-fluid\\\/\",\"url\":\"https:\\\/\\\/phytstore.com\\\/en\\\/product\\\/aromaclear-fluid\\\/\",\"name\":\"Aromaclear Fluid - PHYT&#039;S - 100% natural & Organic cosmetics\",\"isPartOf\":{\"@id\":\"https:\\\/\\\/phytstore.com\\\/en\\\/#website\"},\"primaryImageOfPage\":{\"@id\":\"https:\\\/\\\/phytstore.com\\\/en\\\/product\\\/aromaclear-fluid\\\/#primaryimage\"},\"image\":{\"@id\":\"https:\\\/\\\/phytstore.com\\\/en\\\/product\\\/aromaclear-fluid\\\/#primaryimage\"},\"thumbnailUrl\":\"https:\\\/\\\/phytstore.com\\\/wp-content\\\/uploads\\\/2020\\\/03\\\/Fluide.jpg\",\"datePublished\":\"2020-03-28T23:56:24+00:00\",\"dateModified\":\"2023-11-06T20:48:25+00:00\",\"description\":\"This non-comedogenic Organic Fluid is designed to be very light for oily or acne-prone skin. It mattifies and hydrates the skin.\",\"breadcrumb\":{\"@id\":\"https:\\\/\\\/phytstore.com\\\/en\\\/product\\\/aromaclear-fluid\\\/#breadcrumb\"},\"inLanguage\":\"en-CA\",\"potentialAction\":[{\"@type\":\"ReadAction\",\"target\":[\"https:\\\/\\\/phytstore.com\\\/en\\\/product\\\/aromaclear-fluid\\\/\"]}]},{\"@type\":\"ImageObject\",\"inLanguage\":\"en-CA\",\"@id\":\"https:\\\/\\\/phytstore.com\\\/en\\\/product\\\/aromaclear-fluid\\\/#primaryimage\",\"url\":\"https:\\\/\\\/phytstore.com\\\/wp-content\\\/uploads\\\/2020\\\/03\\\/Fluide.jpg\",\"contentUrl\":\"https:\\\/\\\/phytstore.com\\\/wp-content\\\/uploads\\\/2020\\\/03\\\/Fluide.jpg\",\"width\":1080,\"height\":1080,\"caption\":\"Fluide\"},{\"@type\":\"BreadcrumbList\",\"@id\":\"https:\\\/\\\/phytstore.com\\\/en\\\/product\\\/aromaclear-fluid\\\/#breadcrumb\",\"itemListElement\":[{\"@type\":\"ListItem\",\"position\":1,\"name\":\"Home\",\"item\":\"https:\\\/\\\/phytstore.com\\\/en\\\/\"},{\"@type\":\"ListItem\",\"position\":2,\"name\":\"Shop\",\"item\":\"https:\\\/\\\/phytstore.com\\\/en\\\/shop\\\/\"},{\"@type\":\"ListItem\",\"position\":3,\"name\":\"Face\",\"item\":\"https:\\\/\\\/phytstore.com\\\/en\\\/organic-skin-care\\\/\"},{\"@type\":\"ListItem\",\"position\":4,\"name\":\"Imperfections\",\"item\":\"https:\\\/\\\/phytstore.com\\\/en\\\/organic-skin-care\\\/imperfections\\\/\"},{\"@type\":\"ListItem\",\"position\":5,\"name\":\"Aromaclear Fluid\"}]},{\"@type\":\"WebSite\",\"@id\":\"https:\\\/\\\/phytstore.com\\\/en\\\/#website\",\"url\":\"https:\\\/\\\/phytstore.com\\\/en\\\/\",\"name\":\"PHYT&#039;S\",\"description\":\"Fabricant et distributeur de soins certifi\u00e9s bio pour instituts de beaut\u00e9, spa et esth\u00e9ticiennes\",\"publisher\":{\"@id\":\"https:\\\/\\\/phytstore.com\\\/en\\\/#organization\"},\"potentialAction\":[{\"@type\":\"SearchAction\",\"target\":{\"@type\":\"EntryPoint\",\"urlTemplate\":\"https:\\\/\\\/phytstore.com\\\/en\\\/?s={search_term_string}\"},\"query-input\":{\"@type\":\"PropertyValueSpecification\",\"valueRequired\":true,\"valueName\":\"search_term_string\"}}],\"inLanguage\":\"en-CA\"},{\"@type\":\"Organization\",\"@id\":\"https:\\\/\\\/phytstore.com\\\/en\\\/#organization\",\"name\":\"Phyt's\",\"url\":\"https:\\\/\\\/phytstore.com\\\/en\\\/\",\"logo\":{\"@type\":\"ImageObject\",\"inLanguage\":\"en-CA\",\"@id\":\"https:\\\/\\\/phytstore.com\\\/en\\\/#\\\/schema\\\/logo\\\/image\\\/\",\"url\":\"https:\\\/\\\/phytstore.com\\\/wp-content\\\/uploads\\\/2020\\\/03\\\/logo-phyts-e1585168986207.png\",\"contentUrl\":\"https:\\\/\\\/phytstore.com\\\/wp-content\\\/uploads\\\/2020\\\/03\\\/logo-phyts-e1585168986207.png\",\"width\":200,\"height\":72,\"caption\":\"Phyt's\"},\"image\":{\"@id\":\"https:\\\/\\\/phytstore.com\\\/en\\\/#\\\/schema\\\/logo\\\/image\\\/\"},\"sameAs\":[\"https:\\\/\\\/www.facebook.com\\\/CJMBCosmetiques\\\/?ref=aymt_homepage_panel\",\"https:\\\/\\\/www.instagram.com\\\/phyts_canada\\\/\",\"https:\\\/\\\/www.linkedin.com\\\/company\\\/3337211\\\/admin\\\/\",\"https:\\\/\\\/www.youtube.com\\\/channel\\\/UCEkP009p4XTU5lXjLkaKptA\"]}]}<\/script>\n<!-- \/ Yoast SEO plugin. -->","yoast_head_json":{"title":"Aromaclear Fluid - PHYT&#039;S - 100% natural & Organic cosmetics","description":"This non-comedogenic Organic Fluid is designed to be very light for oily or acne-prone skin. It mattifies and hydrates the skin.","robots":{"index":"index","follow":"follow","max-snippet":"max-snippet:-1","max-image-preview":"max-image-preview:large","max-video-preview":"max-video-preview:-1"},"canonical":"https:\/\/phytstore.com\/en\/product\/aromaclear-fluid\/","og_locale":"en_US","og_type":"article","og_title":"Aromaclear Fluid - PHYT&#039;S - 100% natural & Organic cosmetics","og_description":"This non-comedogenic Organic Fluid is designed to be very light for oily or acne-prone skin. It mattifies and hydrates the skin.","og_url":"https:\/\/phytstore.com\/en\/product\/aromaclear-fluid\/","og_site_name":"PHYT&#039;S","article_publisher":"https:\/\/www.facebook.com\/CJMBCosmetiques\/?ref=aymt_homepage_panel","article_modified_time":"2023-11-06T20:48:25+00:00","og_image":[{"width":1080,"height":1080,"url":"https:\/\/phytstore.com\/wp-content\/uploads\/2020\/03\/Fluide.jpg","type":"image\/jpeg"}],"twitter_card":"summary_large_image","twitter_misc":{"Est. reading time":"1 minute"},"schema":{"@context":"https:\/\/schema.org","@graph":[{"@type":"WebPage","@id":"https:\/\/phytstore.com\/en\/product\/aromaclear-fluid\/","url":"https:\/\/phytstore.com\/en\/product\/aromaclear-fluid\/","name":"Aromaclear Fluid - PHYT&#039;S - 100% natural & Organic cosmetics","isPartOf":{"@id":"https:\/\/phytstore.com\/en\/#website"},"primaryImageOfPage":{"@id":"https:\/\/phytstore.com\/en\/product\/aromaclear-fluid\/#primaryimage"},"image":{"@id":"https:\/\/phytstore.com\/en\/product\/aromaclear-fluid\/#primaryimage"},"thumbnailUrl":"https:\/\/phytstore.com\/wp-content\/uploads\/2020\/03\/Fluide.jpg","datePublished":"2020-03-28T23:56:24+00:00","dateModified":"2023-11-06T20:48:25+00:00","description":"This non-comedogenic Organic Fluid is designed to be very light for oily or acne-prone skin. It mattifies and hydrates the skin.","breadcrumb":{"@id":"https:\/\/phytstore.com\/en\/product\/aromaclear-fluid\/#breadcrumb"},"inLanguage":"en-CA","potentialAction":[{"@type":"ReadAction","target":["https:\/\/phytstore.com\/en\/product\/aromaclear-fluid\/"]}]},{"@type":"ImageObject","inLanguage":"en-CA","@id":"https:\/\/phytstore.com\/en\/product\/aromaclear-fluid\/#primaryimage","url":"https:\/\/phytstore.com\/wp-content\/uploads\/2020\/03\/Fluide.jpg","contentUrl":"https:\/\/phytstore.com\/wp-content\/uploads\/2020\/03\/Fluide.jpg","width":1080,"height":1080,"caption":"Fluide"},{"@type":"BreadcrumbList","@id":"https:\/\/phytstore.com\/en\/product\/aromaclear-fluid\/#breadcrumb","itemListElement":[{"@type":"ListItem","position":1,"name":"Home","item":"https:\/\/phytstore.com\/en\/"},{"@type":"ListItem","position":2,"name":"Shop","item":"https:\/\/phytstore.com\/en\/shop\/"},{"@type":"ListItem","position":3,"name":"Face","item":"https:\/\/phytstore.com\/en\/organic-skin-care\/"},{"@type":"ListItem","position":4,"name":"Imperfections","item":"https:\/\/phytstore.com\/en\/organic-skin-care\/imperfections\/"},{"@type":"ListItem","position":5,"name":"Aromaclear Fluid"}]},{"@type":"WebSite","@id":"https:\/\/phytstore.com\/en\/#website","url":"https:\/\/phytstore.com\/en\/","name":"PHYT&#039;S","description":"Fabricant et distributeur de soins certifi\u00e9s bio pour instituts de beaut\u00e9, spa et esth\u00e9ticiennes","publisher":{"@id":"https:\/\/phytstore.com\/en\/#organization"},"potentialAction":[{"@type":"SearchAction","target":{"@type":"EntryPoint","urlTemplate":"https:\/\/phytstore.com\/en\/?s={search_term_string}"},"query-input":{"@type":"PropertyValueSpecification","valueRequired":true,"valueName":"search_term_string"}}],"inLanguage":"en-CA"},{"@type":"Organization","@id":"https:\/\/phytstore.com\/en\/#organization","name":"Phyt's","url":"https:\/\/phytstore.com\/en\/","logo":{"@type":"ImageObject","inLanguage":"en-CA","@id":"https:\/\/phytstore.com\/en\/#\/schema\/logo\/image\/","url":"https:\/\/phytstore.com\/wp-content\/uploads\/2020\/03\/logo-phyts-e1585168986207.png","contentUrl":"https:\/\/phytstore.com\/wp-content\/uploads\/2020\/03\/logo-phyts-e1585168986207.png","width":200,"height":72,"caption":"Phyt's"},"image":{"@id":"https:\/\/phytstore.com\/en\/#\/schema\/logo\/image\/"},"sameAs":["https:\/\/www.facebook.com\/CJMBCosmetiques\/?ref=aymt_homepage_panel","https:\/\/www.instagram.com\/phyts_canada\/","https:\/\/www.linkedin.com\/company\/3337211\/admin\/","https:\/\/www.youtube.com\/channel\/UCEkP009p4XTU5lXjLkaKptA"]}]}},"jetpack_sharing_enabled":true,"_links":{"self":[{"href":"https:\/\/phytstore.com\/en\/wp-json\/wp\/v2\/product\/2724","targetHints":{"allow":["GET"]}}],"collection":[{"href":"https:\/\/phytstore.com\/en\/wp-json\/wp\/v2\/product"}],"about":[{"href":"https:\/\/phytstore.com\/en\/wp-json\/wp\/v2\/types\/product"}],"replies":[{"embeddable":true,"href":"https:\/\/phytstore.com\/en\/wp-json\/wp\/v2\/comments?post=2724"}],"wp:featuredmedia":[{"embeddable":true,"href":"https:\/\/phytstore.com\/en\/wp-json\/wp\/v2\/media\/2409"}],"wp:attachment":[{"href":"https:\/\/phytstore.com\/en\/wp-json\/wp\/v2\/media?parent=2724"}],"wp:term":[{"taxonomy":"product_brand","embeddable":true,"href":"https:\/\/phytstore.com\/en\/wp-json\/wp\/v2\/product_brand?post=2724"},{"taxonomy":"product_cat","embeddable":true,"href":"https:\/\/phytstore.com\/en\/wp-json\/wp\/v2\/product_cat?post=2724"},{"taxonomy":"product_tag","embeddable":true,"href":"https:\/\/phytstore.com\/en\/wp-json\/wp\/v2\/product_tag?post=2724"}],"curies":[{"name":"wp","href":"https:\/\/api.w.org\/{rel}","templated":true}]}}