{"id":2722,"date":"2020-03-28T19:56:25","date_gmt":"2020-03-28T23:56:25","guid":{"rendered":"https:\/\/phytstore.com\/produit\/masque-gommant-purete\/"},"modified":"2025-05-21T09:30:28","modified_gmt":"2025-05-21T13:30:28","slug":"masque-gommant-purete","status":"publish","type":"product","link":"https:\/\/phytstore.com\/en\/product\/purity-exfoliating-mask\/","title":{"rendered":"Purity Exfoliating Mask"},"content":{"rendered":"<p><span lang=\"en\">A 2 in 1 product that\u2019s practical and quick to use! With absorbent and purifying* charcoal and exfoliating amber powder, this Organic exfoliating mask gently\u00a0<strong>removes dead skin cells and excess sebum<\/strong>, improving the appearance of skin texture. With tightened pores and a balanced skin effect, it instantly reveals a luminous skin. Plus, its\u00a0<strong>non-drying formula<\/strong>\u00a0ensures your skin remains hydrated and comfortable throughout the process.<\/span><br \/>\n<em>* by eliminating dirt<\/em><\/p>\n<h2><strong>Active ingredients :<\/strong><\/h2>\n<p>Amber powder, Vegetal Charcoal, White, Yellow &amp; Green Clays, Jojoba*, Silica, Lavandin*, Tea Tree*, Rosemary*, Vegetal Vitamin E<br \/>\n<em>* ingredients from Organic Farming<\/em><\/p>\n<h2>How to use PHYT\u2019S Laboratories exfoliating mask<\/h2>\n<p>Incorporating an exfoliating mask into your\u00a0<strong>daily skin care routine<\/strong>\u00a0is simple. Use it once or twice a week on clean skin, adapting it to your skin type for optimal results.<\/p>\n<ol>\n<li>Apply an even layer of the mask to your face and neck, avoiding the eye contour area.<\/li>\n<li>Let it sit for 10 minutes to allow the\u00a0<strong>natural ingredients<\/strong>\u00a0to penetrate and purify. Do not let dry.<\/li>\n<li>Moisten your skin with warm water, then\u00a0<strong>massage in a circular motion<\/strong>\u00a0to activate exfoliation.<\/li>\n<li>Rinse thoroughly with warm water, or use a<a href=\"https:\/\/phytstore.com\/en\/product\/phyts-organic-reusable-wipes\/\">\u00a0reusable Organic wipe<\/a>\u00a0to remove excess product.<\/li>\n<li>Complete your routine with<a href=\"https:\/\/phytstore.com\/en\/product\/eucalyptus-toner\/\">\u00a0Eucalyptus Toner<\/a>\u00a0and apply your usual treatment:<a href=\"https:\/\/phytstore.com\/en\/product\/aromaclear-fluid\/\">\u00a0Aromaclear Fluid<\/a>,<a href=\"https:\/\/phytstore.com\/en\/product\/aromaclear-cream\/\">\u00a0Cream<\/a>, or<a href=\"https:\/\/phytstore.com\/en\/product\/aromaclear-serum\/\">\u00a0Serum<\/a>\u00a0for hydration boost and protection.<\/li>\n<\/ol>\n<h2>The importance of exfoliation in your weekly skin care routine<\/h2>\n<p>Exfoliation is essential for maintaining healthy-looking skin. It\u00a0<strong>helps refine pores, improve skin smoothness, and enhance hydration boost<\/strong>. Exfoliation also stimulates microcirculation, promoting a glowing skin while reducing irritated skin and other concerns linked to dry skin. This process ensures better absorption of your formal skin care products, making them more effective in\u00a0<strong>nourishing and protecting<\/strong>\u00a0your skin clean.<\/p>\n<h2>Why choose PHYT\u2019S Laboratories exfoliating mask?<\/h2>\n<p>PHYT\u2019S Laboratories exfoliant mask is an ideal Organic product for people looking for a\u00a0<strong>fast and practical solution<\/strong>\u00a0to purify and exfoliate their skin.<\/p>\n<p>Thanks to its natural ingredients such as exfoliating amber powder and purifying plant-based charcoal, this mask\u00a0<strong>helps eliminate dead skin cells and excess sebum<\/strong>\u00a0while refining skin texture.<\/p>\n<p>It instantly tightens the pores, offering a\u00a0<strong>clear, mattified, and radiant complexion<\/strong>\u00a0without drying out the skin. Its composition, enriched with Organic ingredients, ensures a formula that respects all skin types and the environment.<\/p>\n","protected":false},"excerpt":{"rendered":"<p><img loading=\"lazy\" decoding=\"async\" class=\"alignnone size-full wp-image-4920\" src=\"https:\/\/phytstore.com\/wp-content\/uploads\/2020\/07\/Bio-100-Vegan-Efficacite-11.png\" alt=\"\" width=\"274\" height=\"53\" \/><\/p>\n<p>2 in 1 : Purifying* mask &amp; exfoliant<\/p>\n<p><strong>Skin type :<\/strong> Oily skin or with acneic tendency<br \/>\n<strong>Expectations :<\/strong> Purifies*, tightens pores, matifies, exfoliates<br \/>\n<strong>Presentation :<\/strong> 40 ml tube<\/p>\n","protected":false},"featured_media":2410,"comment_status":"closed","ping_status":"closed","template":"","meta":{"_acf_changed":false,"inline_featured_image":false},"product_brand":[],"product_cat":[82,232,234,250,252],"product_tag":[],"class_list":{"0":"post-2722","1":"product","2":"type-product","3":"status-publish","4":"has-post-thumbnail","6":"product_cat-aromaclear-en","7":"product_cat-imperfections-en","8":"product_cat-oily-skin-dilated-pores","9":"product_cat-scrubs-exfoliants","10":"product_cat-masks","12":"first","13":"instock","14":"taxable","15":"shipping-taxable","16":"purchasable","17":"product-type-simple"},"acf":[],"yoast_head":"<!-- This site is optimized with the Yoast SEO plugin v27.4 - https:\/\/yoast.com\/product\/yoast-seo-wordpress\/ -->\n<title>Natural exfoliating mask - PHYT\u2019S Laboratories<\/title>\n<meta name=\"description\" content=\"Purify, exfoliate, and refresh your skin with our organic exfoliating mask, designed for a deep cleanse and a luminous, healthy-looking glow.\" \/>\n<meta name=\"robots\" content=\"index, follow, max-snippet:-1, max-image-preview:large, max-video-preview:-1\" \/>\n<link rel=\"canonical\" href=\"https:\/\/phytstore.com\/en\/product\/purity-exfoliating-mask\/\" \/>\n<meta property=\"og:locale\" content=\"en_US\" \/>\n<meta property=\"og:type\" content=\"article\" \/>\n<meta property=\"og:title\" content=\"Natural exfoliating mask - PHYT\u2019S Laboratories\" \/>\n<meta property=\"og:description\" content=\"Purify, exfoliate, and refresh your skin with our organic exfoliating mask, designed for a deep cleanse and a luminous, healthy-looking glow.\" \/>\n<meta property=\"og:url\" content=\"https:\/\/phytstore.com\/en\/product\/purity-exfoliating-mask\/\" \/>\n<meta property=\"og:site_name\" content=\"PHYT&#039;S\" \/>\n<meta property=\"article:publisher\" content=\"https:\/\/www.facebook.com\/CJMBCosmetiques\/?ref=aymt_homepage_panel\" \/>\n<meta property=\"article:modified_time\" content=\"2025-05-21T13:30:28+00:00\" \/>\n<meta property=\"og:image\" content=\"https:\/\/phytstore.com\/wp-content\/uploads\/2020\/03\/masque-gommant.jpg\" \/>\n\t<meta property=\"og:image:width\" content=\"1080\" \/>\n\t<meta property=\"og:image:height\" content=\"1080\" \/>\n\t<meta property=\"og:image:type\" content=\"image\/jpeg\" \/>\n<meta name=\"twitter:card\" content=\"summary_large_image\" \/>\n<meta name=\"twitter:label1\" content=\"Est. reading time\" \/>\n\t<meta name=\"twitter:data1\" content=\"3 minutes\" \/>\n<script type=\"application\/ld+json\" class=\"yoast-schema-graph\">{\"@context\":\"https:\\\/\\\/schema.org\",\"@graph\":[{\"@type\":\"WebPage\",\"@id\":\"https:\\\/\\\/phytstore.com\\\/en\\\/product\\\/purity-exfoliating-mask\\\/\",\"url\":\"https:\\\/\\\/phytstore.com\\\/en\\\/product\\\/purity-exfoliating-mask\\\/\",\"name\":\"Natural exfoliating mask - PHYT\u2019S Laboratories\",\"isPartOf\":{\"@id\":\"https:\\\/\\\/phytstore.com\\\/en\\\/#website\"},\"primaryImageOfPage\":{\"@id\":\"https:\\\/\\\/phytstore.com\\\/en\\\/product\\\/purity-exfoliating-mask\\\/#primaryimage\"},\"image\":{\"@id\":\"https:\\\/\\\/phytstore.com\\\/en\\\/product\\\/purity-exfoliating-mask\\\/#primaryimage\"},\"thumbnailUrl\":\"https:\\\/\\\/phytstore.com\\\/wp-content\\\/uploads\\\/2020\\\/03\\\/masque-gommant.jpg\",\"datePublished\":\"2020-03-28T23:56:25+00:00\",\"dateModified\":\"2025-05-21T13:30:28+00:00\",\"description\":\"Purify, exfoliate, and refresh your skin with our organic exfoliating mask, designed for a deep cleanse and a luminous, healthy-looking glow.\",\"breadcrumb\":{\"@id\":\"https:\\\/\\\/phytstore.com\\\/en\\\/product\\\/purity-exfoliating-mask\\\/#breadcrumb\"},\"inLanguage\":\"en-CA\",\"potentialAction\":[{\"@type\":\"ReadAction\",\"target\":[\"https:\\\/\\\/phytstore.com\\\/en\\\/product\\\/purity-exfoliating-mask\\\/\"]}]},{\"@type\":\"ImageObject\",\"inLanguage\":\"en-CA\",\"@id\":\"https:\\\/\\\/phytstore.com\\\/en\\\/product\\\/purity-exfoliating-mask\\\/#primaryimage\",\"url\":\"https:\\\/\\\/phytstore.com\\\/wp-content\\\/uploads\\\/2020\\\/03\\\/masque-gommant.jpg\",\"contentUrl\":\"https:\\\/\\\/phytstore.com\\\/wp-content\\\/uploads\\\/2020\\\/03\\\/masque-gommant.jpg\",\"width\":1080,\"height\":1080,\"caption\":\"masque gommant\"},{\"@type\":\"BreadcrumbList\",\"@id\":\"https:\\\/\\\/phytstore.com\\\/en\\\/product\\\/purity-exfoliating-mask\\\/#breadcrumb\",\"itemListElement\":[{\"@type\":\"ListItem\",\"position\":1,\"name\":\"Home\",\"item\":\"https:\\\/\\\/phytstore.com\\\/en\\\/\"},{\"@type\":\"ListItem\",\"position\":2,\"name\":\"Shop\",\"item\":\"https:\\\/\\\/phytstore.com\\\/en\\\/shop\\\/\"},{\"@type\":\"ListItem\",\"position\":3,\"name\":\"Face\",\"item\":\"https:\\\/\\\/phytstore.com\\\/en\\\/organic-skin-care\\\/\"},{\"@type\":\"ListItem\",\"position\":4,\"name\":\"Imperfections\",\"item\":\"https:\\\/\\\/phytstore.com\\\/en\\\/organic-skin-care\\\/imperfections\\\/\"},{\"@type\":\"ListItem\",\"position\":5,\"name\":\"Purity Exfoliating Mask\"}]},{\"@type\":\"WebSite\",\"@id\":\"https:\\\/\\\/phytstore.com\\\/en\\\/#website\",\"url\":\"https:\\\/\\\/phytstore.com\\\/en\\\/\",\"name\":\"PHYT&#039;S\",\"description\":\"Fabricant et distributeur de soins certifi\u00e9s bio pour instituts de beaut\u00e9, spa et esth\u00e9ticiennes\",\"publisher\":{\"@id\":\"https:\\\/\\\/phytstore.com\\\/en\\\/#organization\"},\"potentialAction\":[{\"@type\":\"SearchAction\",\"target\":{\"@type\":\"EntryPoint\",\"urlTemplate\":\"https:\\\/\\\/phytstore.com\\\/en\\\/?s={search_term_string}\"},\"query-input\":{\"@type\":\"PropertyValueSpecification\",\"valueRequired\":true,\"valueName\":\"search_term_string\"}}],\"inLanguage\":\"en-CA\"},{\"@type\":\"Organization\",\"@id\":\"https:\\\/\\\/phytstore.com\\\/en\\\/#organization\",\"name\":\"Phyt's\",\"url\":\"https:\\\/\\\/phytstore.com\\\/en\\\/\",\"logo\":{\"@type\":\"ImageObject\",\"inLanguage\":\"en-CA\",\"@id\":\"https:\\\/\\\/phytstore.com\\\/en\\\/#\\\/schema\\\/logo\\\/image\\\/\",\"url\":\"https:\\\/\\\/phytstore.com\\\/wp-content\\\/uploads\\\/2020\\\/03\\\/logo-phyts-e1585168986207.png\",\"contentUrl\":\"https:\\\/\\\/phytstore.com\\\/wp-content\\\/uploads\\\/2020\\\/03\\\/logo-phyts-e1585168986207.png\",\"width\":200,\"height\":72,\"caption\":\"Phyt's\"},\"image\":{\"@id\":\"https:\\\/\\\/phytstore.com\\\/en\\\/#\\\/schema\\\/logo\\\/image\\\/\"},\"sameAs\":[\"https:\\\/\\\/www.facebook.com\\\/CJMBCosmetiques\\\/?ref=aymt_homepage_panel\",\"https:\\\/\\\/www.instagram.com\\\/phyts_canada\\\/\",\"https:\\\/\\\/www.linkedin.com\\\/company\\\/3337211\\\/admin\\\/\",\"https:\\\/\\\/www.youtube.com\\\/channel\\\/UCEkP009p4XTU5lXjLkaKptA\"]}]}<\/script>\n<!-- \/ Yoast SEO plugin. -->","yoast_head_json":{"title":"Natural exfoliating mask - PHYT\u2019S Laboratories","description":"Purify, exfoliate, and refresh your skin with our organic exfoliating mask, designed for a deep cleanse and a luminous, healthy-looking glow.","robots":{"index":"index","follow":"follow","max-snippet":"max-snippet:-1","max-image-preview":"max-image-preview:large","max-video-preview":"max-video-preview:-1"},"canonical":"https:\/\/phytstore.com\/en\/product\/purity-exfoliating-mask\/","og_locale":"en_US","og_type":"article","og_title":"Natural exfoliating mask - PHYT\u2019S Laboratories","og_description":"Purify, exfoliate, and refresh your skin with our organic exfoliating mask, designed for a deep cleanse and a luminous, healthy-looking glow.","og_url":"https:\/\/phytstore.com\/en\/product\/purity-exfoliating-mask\/","og_site_name":"PHYT&#039;S","article_publisher":"https:\/\/www.facebook.com\/CJMBCosmetiques\/?ref=aymt_homepage_panel","article_modified_time":"2025-05-21T13:30:28+00:00","og_image":[{"width":1080,"height":1080,"url":"https:\/\/phytstore.com\/wp-content\/uploads\/2020\/03\/masque-gommant.jpg","type":"image\/jpeg"}],"twitter_card":"summary_large_image","twitter_misc":{"Est. reading time":"3 minutes"},"schema":{"@context":"https:\/\/schema.org","@graph":[{"@type":"WebPage","@id":"https:\/\/phytstore.com\/en\/product\/purity-exfoliating-mask\/","url":"https:\/\/phytstore.com\/en\/product\/purity-exfoliating-mask\/","name":"Natural exfoliating mask - PHYT\u2019S Laboratories","isPartOf":{"@id":"https:\/\/phytstore.com\/en\/#website"},"primaryImageOfPage":{"@id":"https:\/\/phytstore.com\/en\/product\/purity-exfoliating-mask\/#primaryimage"},"image":{"@id":"https:\/\/phytstore.com\/en\/product\/purity-exfoliating-mask\/#primaryimage"},"thumbnailUrl":"https:\/\/phytstore.com\/wp-content\/uploads\/2020\/03\/masque-gommant.jpg","datePublished":"2020-03-28T23:56:25+00:00","dateModified":"2025-05-21T13:30:28+00:00","description":"Purify, exfoliate, and refresh your skin with our organic exfoliating mask, designed for a deep cleanse and a luminous, healthy-looking glow.","breadcrumb":{"@id":"https:\/\/phytstore.com\/en\/product\/purity-exfoliating-mask\/#breadcrumb"},"inLanguage":"en-CA","potentialAction":[{"@type":"ReadAction","target":["https:\/\/phytstore.com\/en\/product\/purity-exfoliating-mask\/"]}]},{"@type":"ImageObject","inLanguage":"en-CA","@id":"https:\/\/phytstore.com\/en\/product\/purity-exfoliating-mask\/#primaryimage","url":"https:\/\/phytstore.com\/wp-content\/uploads\/2020\/03\/masque-gommant.jpg","contentUrl":"https:\/\/phytstore.com\/wp-content\/uploads\/2020\/03\/masque-gommant.jpg","width":1080,"height":1080,"caption":"masque gommant"},{"@type":"BreadcrumbList","@id":"https:\/\/phytstore.com\/en\/product\/purity-exfoliating-mask\/#breadcrumb","itemListElement":[{"@type":"ListItem","position":1,"name":"Home","item":"https:\/\/phytstore.com\/en\/"},{"@type":"ListItem","position":2,"name":"Shop","item":"https:\/\/phytstore.com\/en\/shop\/"},{"@type":"ListItem","position":3,"name":"Face","item":"https:\/\/phytstore.com\/en\/organic-skin-care\/"},{"@type":"ListItem","position":4,"name":"Imperfections","item":"https:\/\/phytstore.com\/en\/organic-skin-care\/imperfections\/"},{"@type":"ListItem","position":5,"name":"Purity Exfoliating Mask"}]},{"@type":"WebSite","@id":"https:\/\/phytstore.com\/en\/#website","url":"https:\/\/phytstore.com\/en\/","name":"PHYT&#039;S","description":"Fabricant et distributeur de soins certifi\u00e9s bio pour instituts de beaut\u00e9, spa et esth\u00e9ticiennes","publisher":{"@id":"https:\/\/phytstore.com\/en\/#organization"},"potentialAction":[{"@type":"SearchAction","target":{"@type":"EntryPoint","urlTemplate":"https:\/\/phytstore.com\/en\/?s={search_term_string}"},"query-input":{"@type":"PropertyValueSpecification","valueRequired":true,"valueName":"search_term_string"}}],"inLanguage":"en-CA"},{"@type":"Organization","@id":"https:\/\/phytstore.com\/en\/#organization","name":"Phyt's","url":"https:\/\/phytstore.com\/en\/","logo":{"@type":"ImageObject","inLanguage":"en-CA","@id":"https:\/\/phytstore.com\/en\/#\/schema\/logo\/image\/","url":"https:\/\/phytstore.com\/wp-content\/uploads\/2020\/03\/logo-phyts-e1585168986207.png","contentUrl":"https:\/\/phytstore.com\/wp-content\/uploads\/2020\/03\/logo-phyts-e1585168986207.png","width":200,"height":72,"caption":"Phyt's"},"image":{"@id":"https:\/\/phytstore.com\/en\/#\/schema\/logo\/image\/"},"sameAs":["https:\/\/www.facebook.com\/CJMBCosmetiques\/?ref=aymt_homepage_panel","https:\/\/www.instagram.com\/phyts_canada\/","https:\/\/www.linkedin.com\/company\/3337211\/admin\/","https:\/\/www.youtube.com\/channel\/UCEkP009p4XTU5lXjLkaKptA"]}]}},"jetpack_sharing_enabled":true,"_links":{"self":[{"href":"https:\/\/phytstore.com\/en\/wp-json\/wp\/v2\/product\/2722","targetHints":{"allow":["GET"]}}],"collection":[{"href":"https:\/\/phytstore.com\/en\/wp-json\/wp\/v2\/product"}],"about":[{"href":"https:\/\/phytstore.com\/en\/wp-json\/wp\/v2\/types\/product"}],"replies":[{"embeddable":true,"href":"https:\/\/phytstore.com\/en\/wp-json\/wp\/v2\/comments?post=2722"}],"wp:featuredmedia":[{"embeddable":true,"href":"https:\/\/phytstore.com\/en\/wp-json\/wp\/v2\/media\/2410"}],"wp:attachment":[{"href":"https:\/\/phytstore.com\/en\/wp-json\/wp\/v2\/media?parent=2722"}],"wp:term":[{"taxonomy":"product_brand","embeddable":true,"href":"https:\/\/phytstore.com\/en\/wp-json\/wp\/v2\/product_brand?post=2722"},{"taxonomy":"product_cat","embeddable":true,"href":"https:\/\/phytstore.com\/en\/wp-json\/wp\/v2\/product_cat?post=2722"},{"taxonomy":"product_tag","embeddable":true,"href":"https:\/\/phytstore.com\/en\/wp-json\/wp\/v2\/product_tag?post=2722"}],"curies":[{"name":"wp","href":"https:\/\/api.w.org\/{rel}","templated":true}]}}