{"id":2717,"date":"2020-03-28T19:56:25","date_gmt":"2020-03-28T23:56:25","guid":{"rendered":"https:\/\/phytstore.com\/produit\/naturoderm-15-ml\/"},"modified":"2025-02-14T12:44:57","modified_gmt":"2025-02-14T16:44:57","slug":"naturoderm-15-ml","status":"publish","type":"product","link":"https:\/\/phytstore.com\/en\/product\/naturoderm-15-ml\/","title":{"rendered":"Naturoderm 15 ml"},"content":{"rendered":"<p>Genuine local active treatment, this Organic concentrate of plant extracts and essential oils targets, purifies, cleanses and heals* specific zones.<br \/>\n<b>Ideal <\/b><b>for : <\/b>imperfections, wounds, burns, cuts, cold sores, mouth ulcers, sore throat, sunburn, mosquito bites, fungus, lice (repellent), ingrown hairs, bed sores, post-surgery&#8230;<br \/>\n<em>* via hydration<\/em><\/p>\n<h2><strong>Active ingredients :<\/strong><\/h2>\n<p>Centella Asiatica*, Lavender*, Sage*, St John&#8217;s Wort*, Clove*, Lemon*, Wild Marjoram*, Geranium*, Mallow*, Misteltoe*, Black Currant*, Restharrow*, Youth Wort<br \/>\n<em>* ingredients from Organic Farming<\/em><\/p>\n<h2><strong>How to apply my Naturoderm concentrate ?<\/strong><\/h2>\n<p>Morning and evening, apply locally on targeted areas of the face and\/or body. To renew as often as necessary during the day.<br \/>\n<strong>Tips :<\/strong> If the product is used on the face, for best results, use also the other products of the <strong><a href=\"https:\/\/phytstore.com\/gamme-aromaclear\/\">Aromaclear<\/a><\/strong> range. Also, to cover up and hide the imperfections, apply the <strong><a href=\"https:\/\/phytstore.com\/produit\/correcteur-de-teint\/\">Complexion Concealer<\/a>\u00a0<\/strong>on top of it.<\/p>\n","protected":false},"excerpt":{"rendered":"<p><img loading=\"lazy\" decoding=\"async\" class=\"alignnone size-full wp-image-4920\" src=\"https:\/\/phytstore.com\/wp-content\/uploads\/2020\/07\/Bio-100-Vegan-Efficacite-11.png\" alt=\"\" width=\"274\" height=\"53\" \/><\/p>\n<p>Targeted zones local concentrate &#8211; Face &amp; body<\/p>\n<p><strong>Skin type :<\/strong> All skin types<br \/>\n<strong>Expectations :<\/strong> Targets, purifies, heals*<br \/>\n<strong>Presentation :<\/strong> 15 ml bottle<\/p>\n","protected":false},"featured_media":2413,"comment_status":"closed","ping_status":"closed","template":"","meta":{"_acf_changed":false,"inline_featured_image":false},"product_brand":[],"product_cat":[218,232,255,82],"product_tag":[],"class_list":{"0":"post-2717","1":"product","2":"type-product","3":"status-publish","4":"has-post-thumbnail","6":"product_cat-targeted-care","7":"product_cat-imperfections-en","8":"product_cat-targeted-care-en","9":"product_cat-aromaclear-en","11":"first","12":"instock","13":"taxable","14":"shipping-taxable","15":"purchasable","16":"product-type-simple"},"acf":[],"yoast_head":"<!-- This site is optimized with the Yoast SEO plugin v27.4 - https:\/\/yoast.com\/product\/yoast-seo-wordpress\/ -->\n<title>Naturoll&#039;On 10 ml - Natural Skincare for Imperfections by Phyt&#039;s<\/title>\n<meta name=\"description\" content=\"Genuine target zones local concentrate. The Organic Naturoderm cleanses the skin. By stimulating the epidermis, Naturoderm offers a protective action.\" \/>\n<meta name=\"robots\" content=\"index, follow, max-snippet:-1, max-image-preview:large, max-video-preview:-1\" \/>\n<link rel=\"canonical\" href=\"https:\/\/phytstore.com\/en\/product\/naturoderm-15-ml\/\" \/>\n<meta property=\"og:locale\" content=\"en_US\" \/>\n<meta property=\"og:type\" content=\"article\" \/>\n<meta property=\"og:title\" content=\"Naturoll&#039;On 10 ml - Natural Skincare for Imperfections by Phyt&#039;s\" \/>\n<meta property=\"og:description\" content=\"Genuine target zones local concentrate. The Organic Naturoderm cleanses the skin. By stimulating the epidermis, Naturoderm offers a protective action.\" \/>\n<meta property=\"og:url\" content=\"https:\/\/phytstore.com\/en\/product\/naturoderm-15-ml\/\" \/>\n<meta property=\"og:site_name\" content=\"PHYT&#039;S\" \/>\n<meta property=\"article:publisher\" content=\"https:\/\/www.facebook.com\/CJMBCosmetiques\/?ref=aymt_homepage_panel\" \/>\n<meta property=\"article:modified_time\" content=\"2025-02-14T16:44:57+00:00\" \/>\n<meta property=\"og:image\" content=\"https:\/\/phytstore.com\/wp-content\/uploads\/2020\/03\/naturoderm-15-ml.jpg\" \/>\n\t<meta property=\"og:image:width\" content=\"534\" \/>\n\t<meta property=\"og:image:height\" content=\"534\" \/>\n\t<meta property=\"og:image:type\" content=\"image\/jpeg\" \/>\n<meta name=\"twitter:card\" content=\"summary_large_image\" \/>\n<meta name=\"twitter:label1\" content=\"Est. reading time\" \/>\n\t<meta name=\"twitter:data1\" content=\"1 minute\" \/>\n<script type=\"application\/ld+json\" class=\"yoast-schema-graph\">{\"@context\":\"https:\\\/\\\/schema.org\",\"@graph\":[{\"@type\":\"WebPage\",\"@id\":\"https:\\\/\\\/phytstore.com\\\/en\\\/product\\\/naturoderm-15-ml\\\/\",\"url\":\"https:\\\/\\\/phytstore.com\\\/en\\\/product\\\/naturoderm-15-ml\\\/\",\"name\":\"Naturoll'On 10 ml - Natural Skincare for Imperfections by Phyt's\",\"isPartOf\":{\"@id\":\"https:\\\/\\\/phytstore.com\\\/en\\\/#website\"},\"primaryImageOfPage\":{\"@id\":\"https:\\\/\\\/phytstore.com\\\/en\\\/product\\\/naturoderm-15-ml\\\/#primaryimage\"},\"image\":{\"@id\":\"https:\\\/\\\/phytstore.com\\\/en\\\/product\\\/naturoderm-15-ml\\\/#primaryimage\"},\"thumbnailUrl\":\"https:\\\/\\\/phytstore.com\\\/wp-content\\\/uploads\\\/2020\\\/03\\\/naturoderm-15-ml.jpg\",\"datePublished\":\"2020-03-28T23:56:25+00:00\",\"dateModified\":\"2025-02-14T16:44:57+00:00\",\"description\":\"Genuine target zones local concentrate. The Organic Naturoderm cleanses the skin. By stimulating the epidermis, Naturoderm offers a protective action.\",\"breadcrumb\":{\"@id\":\"https:\\\/\\\/phytstore.com\\\/en\\\/product\\\/naturoderm-15-ml\\\/#breadcrumb\"},\"inLanguage\":\"en-CA\",\"potentialAction\":[{\"@type\":\"ReadAction\",\"target\":[\"https:\\\/\\\/phytstore.com\\\/en\\\/product\\\/naturoderm-15-ml\\\/\"]}]},{\"@type\":\"ImageObject\",\"inLanguage\":\"en-CA\",\"@id\":\"https:\\\/\\\/phytstore.com\\\/en\\\/product\\\/naturoderm-15-ml\\\/#primaryimage\",\"url\":\"https:\\\/\\\/phytstore.com\\\/wp-content\\\/uploads\\\/2020\\\/03\\\/naturoderm-15-ml.jpg\",\"contentUrl\":\"https:\\\/\\\/phytstore.com\\\/wp-content\\\/uploads\\\/2020\\\/03\\\/naturoderm-15-ml.jpg\",\"width\":534,\"height\":534,\"caption\":\"naturoderm 15 ml\"},{\"@type\":\"BreadcrumbList\",\"@id\":\"https:\\\/\\\/phytstore.com\\\/en\\\/product\\\/naturoderm-15-ml\\\/#breadcrumb\",\"itemListElement\":[{\"@type\":\"ListItem\",\"position\":1,\"name\":\"Home\",\"item\":\"https:\\\/\\\/phytstore.com\\\/en\\\/\"},{\"@type\":\"ListItem\",\"position\":2,\"name\":\"Shop\",\"item\":\"https:\\\/\\\/phytstore.com\\\/en\\\/shop\\\/\"},{\"@type\":\"ListItem\",\"position\":3,\"name\":\"Body\",\"item\":\"https:\\\/\\\/phytstore.com\\\/en\\\/organic-body-care\\\/\"},{\"@type\":\"ListItem\",\"position\":4,\"name\":\"Targeted Care\",\"item\":\"https:\\\/\\\/phytstore.com\\\/en\\\/organic-body-care\\\/targeted-care\\\/\"},{\"@type\":\"ListItem\",\"position\":5,\"name\":\"Naturoderm 15 ml\"}]},{\"@type\":\"WebSite\",\"@id\":\"https:\\\/\\\/phytstore.com\\\/en\\\/#website\",\"url\":\"https:\\\/\\\/phytstore.com\\\/en\\\/\",\"name\":\"PHYT&#039;S\",\"description\":\"Fabricant et distributeur de soins certifi\u00e9s bio pour instituts de beaut\u00e9, spa et esth\u00e9ticiennes\",\"publisher\":{\"@id\":\"https:\\\/\\\/phytstore.com\\\/en\\\/#organization\"},\"potentialAction\":[{\"@type\":\"SearchAction\",\"target\":{\"@type\":\"EntryPoint\",\"urlTemplate\":\"https:\\\/\\\/phytstore.com\\\/en\\\/?s={search_term_string}\"},\"query-input\":{\"@type\":\"PropertyValueSpecification\",\"valueRequired\":true,\"valueName\":\"search_term_string\"}}],\"inLanguage\":\"en-CA\"},{\"@type\":\"Organization\",\"@id\":\"https:\\\/\\\/phytstore.com\\\/en\\\/#organization\",\"name\":\"Phyt's\",\"url\":\"https:\\\/\\\/phytstore.com\\\/en\\\/\",\"logo\":{\"@type\":\"ImageObject\",\"inLanguage\":\"en-CA\",\"@id\":\"https:\\\/\\\/phytstore.com\\\/en\\\/#\\\/schema\\\/logo\\\/image\\\/\",\"url\":\"https:\\\/\\\/phytstore.com\\\/wp-content\\\/uploads\\\/2020\\\/03\\\/logo-phyts-e1585168986207.png\",\"contentUrl\":\"https:\\\/\\\/phytstore.com\\\/wp-content\\\/uploads\\\/2020\\\/03\\\/logo-phyts-e1585168986207.png\",\"width\":200,\"height\":72,\"caption\":\"Phyt's\"},\"image\":{\"@id\":\"https:\\\/\\\/phytstore.com\\\/en\\\/#\\\/schema\\\/logo\\\/image\\\/\"},\"sameAs\":[\"https:\\\/\\\/www.facebook.com\\\/CJMBCosmetiques\\\/?ref=aymt_homepage_panel\",\"https:\\\/\\\/www.instagram.com\\\/phyts_canada\\\/\",\"https:\\\/\\\/www.linkedin.com\\\/company\\\/3337211\\\/admin\\\/\",\"https:\\\/\\\/www.youtube.com\\\/channel\\\/UCEkP009p4XTU5lXjLkaKptA\"]}]}<\/script>\n<!-- \/ Yoast SEO plugin. -->","yoast_head_json":{"title":"Naturoll'On 10 ml - Natural Skincare for Imperfections by Phyt's","description":"Genuine target zones local concentrate. The Organic Naturoderm cleanses the skin. By stimulating the epidermis, Naturoderm offers a protective action.","robots":{"index":"index","follow":"follow","max-snippet":"max-snippet:-1","max-image-preview":"max-image-preview:large","max-video-preview":"max-video-preview:-1"},"canonical":"https:\/\/phytstore.com\/en\/product\/naturoderm-15-ml\/","og_locale":"en_US","og_type":"article","og_title":"Naturoll'On 10 ml - Natural Skincare for Imperfections by Phyt's","og_description":"Genuine target zones local concentrate. The Organic Naturoderm cleanses the skin. By stimulating the epidermis, Naturoderm offers a protective action.","og_url":"https:\/\/phytstore.com\/en\/product\/naturoderm-15-ml\/","og_site_name":"PHYT&#039;S","article_publisher":"https:\/\/www.facebook.com\/CJMBCosmetiques\/?ref=aymt_homepage_panel","article_modified_time":"2025-02-14T16:44:57+00:00","og_image":[{"width":534,"height":534,"url":"https:\/\/phytstore.com\/wp-content\/uploads\/2020\/03\/naturoderm-15-ml.jpg","type":"image\/jpeg"}],"twitter_card":"summary_large_image","twitter_misc":{"Est. reading time":"1 minute"},"schema":{"@context":"https:\/\/schema.org","@graph":[{"@type":"WebPage","@id":"https:\/\/phytstore.com\/en\/product\/naturoderm-15-ml\/","url":"https:\/\/phytstore.com\/en\/product\/naturoderm-15-ml\/","name":"Naturoll'On 10 ml - Natural Skincare for Imperfections by Phyt's","isPartOf":{"@id":"https:\/\/phytstore.com\/en\/#website"},"primaryImageOfPage":{"@id":"https:\/\/phytstore.com\/en\/product\/naturoderm-15-ml\/#primaryimage"},"image":{"@id":"https:\/\/phytstore.com\/en\/product\/naturoderm-15-ml\/#primaryimage"},"thumbnailUrl":"https:\/\/phytstore.com\/wp-content\/uploads\/2020\/03\/naturoderm-15-ml.jpg","datePublished":"2020-03-28T23:56:25+00:00","dateModified":"2025-02-14T16:44:57+00:00","description":"Genuine target zones local concentrate. The Organic Naturoderm cleanses the skin. By stimulating the epidermis, Naturoderm offers a protective action.","breadcrumb":{"@id":"https:\/\/phytstore.com\/en\/product\/naturoderm-15-ml\/#breadcrumb"},"inLanguage":"en-CA","potentialAction":[{"@type":"ReadAction","target":["https:\/\/phytstore.com\/en\/product\/naturoderm-15-ml\/"]}]},{"@type":"ImageObject","inLanguage":"en-CA","@id":"https:\/\/phytstore.com\/en\/product\/naturoderm-15-ml\/#primaryimage","url":"https:\/\/phytstore.com\/wp-content\/uploads\/2020\/03\/naturoderm-15-ml.jpg","contentUrl":"https:\/\/phytstore.com\/wp-content\/uploads\/2020\/03\/naturoderm-15-ml.jpg","width":534,"height":534,"caption":"naturoderm 15 ml"},{"@type":"BreadcrumbList","@id":"https:\/\/phytstore.com\/en\/product\/naturoderm-15-ml\/#breadcrumb","itemListElement":[{"@type":"ListItem","position":1,"name":"Home","item":"https:\/\/phytstore.com\/en\/"},{"@type":"ListItem","position":2,"name":"Shop","item":"https:\/\/phytstore.com\/en\/shop\/"},{"@type":"ListItem","position":3,"name":"Body","item":"https:\/\/phytstore.com\/en\/organic-body-care\/"},{"@type":"ListItem","position":4,"name":"Targeted Care","item":"https:\/\/phytstore.com\/en\/organic-body-care\/targeted-care\/"},{"@type":"ListItem","position":5,"name":"Naturoderm 15 ml"}]},{"@type":"WebSite","@id":"https:\/\/phytstore.com\/en\/#website","url":"https:\/\/phytstore.com\/en\/","name":"PHYT&#039;S","description":"Fabricant et distributeur de soins certifi\u00e9s bio pour instituts de beaut\u00e9, spa et esth\u00e9ticiennes","publisher":{"@id":"https:\/\/phytstore.com\/en\/#organization"},"potentialAction":[{"@type":"SearchAction","target":{"@type":"EntryPoint","urlTemplate":"https:\/\/phytstore.com\/en\/?s={search_term_string}"},"query-input":{"@type":"PropertyValueSpecification","valueRequired":true,"valueName":"search_term_string"}}],"inLanguage":"en-CA"},{"@type":"Organization","@id":"https:\/\/phytstore.com\/en\/#organization","name":"Phyt's","url":"https:\/\/phytstore.com\/en\/","logo":{"@type":"ImageObject","inLanguage":"en-CA","@id":"https:\/\/phytstore.com\/en\/#\/schema\/logo\/image\/","url":"https:\/\/phytstore.com\/wp-content\/uploads\/2020\/03\/logo-phyts-e1585168986207.png","contentUrl":"https:\/\/phytstore.com\/wp-content\/uploads\/2020\/03\/logo-phyts-e1585168986207.png","width":200,"height":72,"caption":"Phyt's"},"image":{"@id":"https:\/\/phytstore.com\/en\/#\/schema\/logo\/image\/"},"sameAs":["https:\/\/www.facebook.com\/CJMBCosmetiques\/?ref=aymt_homepage_panel","https:\/\/www.instagram.com\/phyts_canada\/","https:\/\/www.linkedin.com\/company\/3337211\/admin\/","https:\/\/www.youtube.com\/channel\/UCEkP009p4XTU5lXjLkaKptA"]}]}},"jetpack_sharing_enabled":true,"_links":{"self":[{"href":"https:\/\/phytstore.com\/en\/wp-json\/wp\/v2\/product\/2717","targetHints":{"allow":["GET"]}}],"collection":[{"href":"https:\/\/phytstore.com\/en\/wp-json\/wp\/v2\/product"}],"about":[{"href":"https:\/\/phytstore.com\/en\/wp-json\/wp\/v2\/types\/product"}],"replies":[{"embeddable":true,"href":"https:\/\/phytstore.com\/en\/wp-json\/wp\/v2\/comments?post=2717"}],"wp:featuredmedia":[{"embeddable":true,"href":"https:\/\/phytstore.com\/en\/wp-json\/wp\/v2\/media\/2413"}],"wp:attachment":[{"href":"https:\/\/phytstore.com\/en\/wp-json\/wp\/v2\/media?parent=2717"}],"wp:term":[{"taxonomy":"product_brand","embeddable":true,"href":"https:\/\/phytstore.com\/en\/wp-json\/wp\/v2\/product_brand?post=2717"},{"taxonomy":"product_cat","embeddable":true,"href":"https:\/\/phytstore.com\/en\/wp-json\/wp\/v2\/product_cat?post=2717"},{"taxonomy":"product_tag","embeddable":true,"href":"https:\/\/phytstore.com\/en\/wp-json\/wp\/v2\/product_tag?post=2717"}],"curies":[{"name":"wp","href":"https:\/\/api.w.org\/{rel}","templated":true}]}}