{"id":2706,"date":"2020-03-28T19:56:24","date_gmt":"2020-03-28T23:56:24","guid":{"rendered":"https:\/\/phytstore.com\/produit\/eau-micellaire-hydratante\/"},"modified":"2025-10-21T16:50:58","modified_gmt":"2025-10-21T20:50:58","slug":"eau-micellaire-hydratante","status":"publish","type":"product","link":"https:\/\/phytstore.com\/en\/product\/hydrating-micellar-water\/","title":{"rendered":"Hydrating Micellar Water"},"content":{"rendered":"<p>Genuine 3 in 1 pre-treatment. The light texture of this Organic moisturizing micellar water gently removes make-up, tones, and hydrates the skin. It leaves a soft and smooth skin. Cleaned, toned, and moisturized, skin is ready to receive the <strong><a href=\"https:\/\/phytstore.com\/gamme-aqua-phyts\/\">Aqua Phyt&#8217;s<\/a> <\/strong>further products.<\/p>\n<h2><strong>Active ingredients :<\/strong><\/h2>\n<p>Vegetal Hyaluronic Acid, Rose*, Vegetal Propanediol, Vegetal Glycerin<br \/>\n<em>* ingredients from Organic Farming<\/em><\/p>\n<h2><strong>How to use Organic Hydrating Micellar Water?<\/strong><\/h2>\n<p>To cleanse the skin deeply, eliminate\u00a0<strong>impurities,<\/strong>\u00a0and offer it an\u00a0<strong>optimal beauty routine<\/strong>, use this\u00a0<strong>cleansing treatment\u00a0<\/strong>every \u00a0morning and\/or evening. Simply spray it on a <a href=\"https:\/\/phytstore.com\/en\/product\/phyts-organic-reusable-wipes\/\">reusable Organic makeup wipe<\/a>\u00a0or a soft and clean cotton pad, then apply it all over your face and neck to remove makeup. Repeat if necessary. Do not rinse. Then, apply a PHYT\u2019S daily treatment for best results.<\/p>\n<p>Tip : for a unifying effect, opt for the <a href=\"https:\/\/phytstore.com\/en\/product\/unifying-micellar-water\/\">White Bio-Active Unifying Micellar Water<\/a>\u00a0instead.<\/p>\n<p>The <a href=\"https:\/\/phytstore.com\/en\/aqua-phyts\/\">Aqua PHYT\u2019S line<\/a>\u00a0will allow you to complete this treatment by offering your skin<strong>\u00a0intense hydration<\/strong>, thanks to skin care products with a\u00a0<strong>Vegan formula<\/strong>\u00a0and ingredients derived from Organic Farming.<\/p>\n<h2><strong>Is micellar cleansing water hydrating?<\/strong><\/h2>\n<p>The answer is yes! This ingenious\u00a0<strong>makeup remover<\/strong>\u00a0is a Vegan, certified-Organic formula that acts as a gentle cleanser, toner and moisturizer for a smooth complexion. The regenerative properties of PHYT\u2019S micellar solutions provide softness and well-being while\u00a0<strong>removing excess sebum from the pores as well as makeup<\/strong>.<\/p>\n<p>This innovative composition made from plant-based ingredients is suitable for all skin types (normal, acne-prone, oily, combination, sensitive, and dry skin). Its fresh, Organic, and subtle\u00a0<strong>rose scent<\/strong>\u00a0is perfect for a daily skin care routine and skin hydration. The\u00a0<strong>Organic Micellar Water<\/strong>\u00a0has targeted benefits for the gentle and effective cleansing of the skin.<\/p>\n","protected":false},"excerpt":{"rendered":"<p><img loading=\"lazy\" decoding=\"async\" class=\"alignnone size-full wp-image-4920\" src=\"https:\/\/phytstore.com\/wp-content\/uploads\/2020\/07\/Bio-100-Vegan-Efficacite-11.png\" alt=\"\" width=\"274\" height=\"53\" \/><\/p>\n<p>3 in 1 : Cleansing, toning &amp; hydrating<\/p>\n<p><strong>Skin type :<\/strong> All skin types<br \/>\n<strong>Expectations :<\/strong> Cleanses, refreshes, plumps<br \/>\n<strong>Presentation :<\/strong> 200 ml spray-bottle<\/p>\n","protected":false},"featured_media":8743,"comment_status":"closed","ping_status":"closed","template":"","meta":{"_acf_changed":false,"inline_featured_image":false},"product_brand":[],"product_cat":[231,248,253,81],"product_tag":[],"class_list":{"0":"post-2706","1":"product","2":"type-product","3":"status-publish","4":"has-post-thumbnail","6":"product_cat-dehydration-en","7":"product_cat-micellar-waters","8":"product_cat-cleansers-en","9":"product_cat-aqua-phyts-en","11":"first","12":"instock","13":"taxable","14":"shipping-taxable","15":"purchasable","16":"product-type-simple"},"acf":[],"yoast_head":"<!-- This site is optimized with the Yoast SEO plugin v27.4 - https:\/\/yoast.com\/product\/yoast-seo-wordpress\/ -->\n<title>100% Natural and Organic Hydrating Micellar Water | PHYT&#039;S<\/title>\n<meta name=\"description\" content=\"Thanks to this Organic and Vegan Micellar Water, you can cleanse, tone, and hydrate your skin all in one step. Try it for a radiant complexion and clean skin!\" \/>\n<meta name=\"robots\" content=\"index, follow, max-snippet:-1, max-image-preview:large, max-video-preview:-1\" \/>\n<link rel=\"canonical\" href=\"https:\/\/phytstore.com\/en\/product\/hydrating-micellar-water\/\" \/>\n<meta property=\"og:locale\" content=\"en_US\" \/>\n<meta property=\"og:type\" content=\"article\" \/>\n<meta property=\"og:title\" content=\"100% Natural and Organic Hydrating Micellar Water | PHYT&#039;S\" \/>\n<meta property=\"og:description\" content=\"Thanks to this Organic and Vegan Micellar Water, you can cleanse, tone, and hydrate your skin all in one step. Try it for a radiant complexion and clean skin!\" \/>\n<meta property=\"og:url\" content=\"https:\/\/phytstore.com\/en\/product\/hydrating-micellar-water\/\" \/>\n<meta property=\"og:site_name\" content=\"PHYT&#039;S\" \/>\n<meta property=\"article:publisher\" content=\"https:\/\/www.facebook.com\/CJMBCosmetiques\/?ref=aymt_homepage_panel\" \/>\n<meta property=\"article:modified_time\" content=\"2025-10-21T20:50:58+00:00\" \/>\n<meta property=\"og:image\" content=\"https:\/\/phytstore.com\/wp-content\/uploads\/2020\/03\/EAU-MICELLAIRE-HYDRATANTE-BD.jpg\" \/>\n\t<meta property=\"og:image:width\" content=\"900\" \/>\n\t<meta property=\"og:image:height\" content=\"900\" \/>\n\t<meta property=\"og:image:type\" content=\"image\/jpeg\" \/>\n<meta name=\"twitter:card\" content=\"summary_large_image\" \/>\n<meta name=\"twitter:label1\" content=\"Est. reading time\" \/>\n\t<meta name=\"twitter:data1\" content=\"2 minutes\" \/>\n<script type=\"application\/ld+json\" class=\"yoast-schema-graph\">{\"@context\":\"https:\\\/\\\/schema.org\",\"@graph\":[{\"@type\":\"WebPage\",\"@id\":\"https:\\\/\\\/phytstore.com\\\/en\\\/product\\\/hydrating-micellar-water\\\/\",\"url\":\"https:\\\/\\\/phytstore.com\\\/en\\\/product\\\/hydrating-micellar-water\\\/\",\"name\":\"100% Natural and Organic Hydrating Micellar Water | PHYT'S\",\"isPartOf\":{\"@id\":\"https:\\\/\\\/phytstore.com\\\/en\\\/#website\"},\"primaryImageOfPage\":{\"@id\":\"https:\\\/\\\/phytstore.com\\\/en\\\/product\\\/hydrating-micellar-water\\\/#primaryimage\"},\"image\":{\"@id\":\"https:\\\/\\\/phytstore.com\\\/en\\\/product\\\/hydrating-micellar-water\\\/#primaryimage\"},\"thumbnailUrl\":\"https:\\\/\\\/phytstore.com\\\/wp-content\\\/uploads\\\/2020\\\/03\\\/EAU-MICELLAIRE-HYDRATANTE-BD.jpg\",\"datePublished\":\"2020-03-28T23:56:24+00:00\",\"dateModified\":\"2025-10-21T20:50:58+00:00\",\"description\":\"Thanks to this Organic and Vegan Micellar Water, you can cleanse, tone, and hydrate your skin all in one step. Try it for a radiant complexion and clean skin!\",\"breadcrumb\":{\"@id\":\"https:\\\/\\\/phytstore.com\\\/en\\\/product\\\/hydrating-micellar-water\\\/#breadcrumb\"},\"inLanguage\":\"en-CA\",\"potentialAction\":[{\"@type\":\"ReadAction\",\"target\":[\"https:\\\/\\\/phytstore.com\\\/en\\\/product\\\/hydrating-micellar-water\\\/\"]}]},{\"@type\":\"ImageObject\",\"inLanguage\":\"en-CA\",\"@id\":\"https:\\\/\\\/phytstore.com\\\/en\\\/product\\\/hydrating-micellar-water\\\/#primaryimage\",\"url\":\"https:\\\/\\\/phytstore.com\\\/wp-content\\\/uploads\\\/2020\\\/03\\\/EAU-MICELLAIRE-HYDRATANTE-BD.jpg\",\"contentUrl\":\"https:\\\/\\\/phytstore.com\\\/wp-content\\\/uploads\\\/2020\\\/03\\\/EAU-MICELLAIRE-HYDRATANTE-BD.jpg\",\"width\":900,\"height\":900},{\"@type\":\"BreadcrumbList\",\"@id\":\"https:\\\/\\\/phytstore.com\\\/en\\\/product\\\/hydrating-micellar-water\\\/#breadcrumb\",\"itemListElement\":[{\"@type\":\"ListItem\",\"position\":1,\"name\":\"Home\",\"item\":\"https:\\\/\\\/phytstore.com\\\/en\\\/\"},{\"@type\":\"ListItem\",\"position\":2,\"name\":\"Shop\",\"item\":\"https:\\\/\\\/phytstore.com\\\/en\\\/shop\\\/\"},{\"@type\":\"ListItem\",\"position\":3,\"name\":\"Face\",\"item\":\"https:\\\/\\\/phytstore.com\\\/en\\\/organic-skin-care\\\/\"},{\"@type\":\"ListItem\",\"position\":4,\"name\":\"Dehydration\",\"item\":\"https:\\\/\\\/phytstore.com\\\/en\\\/organic-skin-care\\\/dehydration\\\/\"},{\"@type\":\"ListItem\",\"position\":5,\"name\":\"Hydrating Micellar Water\"}]},{\"@type\":\"WebSite\",\"@id\":\"https:\\\/\\\/phytstore.com\\\/en\\\/#website\",\"url\":\"https:\\\/\\\/phytstore.com\\\/en\\\/\",\"name\":\"PHYT&#039;S\",\"description\":\"Fabricant et distributeur de soins certifi\u00e9s bio pour instituts de beaut\u00e9, spa et esth\u00e9ticiennes\",\"publisher\":{\"@id\":\"https:\\\/\\\/phytstore.com\\\/en\\\/#organization\"},\"potentialAction\":[{\"@type\":\"SearchAction\",\"target\":{\"@type\":\"EntryPoint\",\"urlTemplate\":\"https:\\\/\\\/phytstore.com\\\/en\\\/?s={search_term_string}\"},\"query-input\":{\"@type\":\"PropertyValueSpecification\",\"valueRequired\":true,\"valueName\":\"search_term_string\"}}],\"inLanguage\":\"en-CA\"},{\"@type\":\"Organization\",\"@id\":\"https:\\\/\\\/phytstore.com\\\/en\\\/#organization\",\"name\":\"Phyt's\",\"url\":\"https:\\\/\\\/phytstore.com\\\/en\\\/\",\"logo\":{\"@type\":\"ImageObject\",\"inLanguage\":\"en-CA\",\"@id\":\"https:\\\/\\\/phytstore.com\\\/en\\\/#\\\/schema\\\/logo\\\/image\\\/\",\"url\":\"https:\\\/\\\/phytstore.com\\\/wp-content\\\/uploads\\\/2020\\\/03\\\/logo-phyts-e1585168986207.png\",\"contentUrl\":\"https:\\\/\\\/phytstore.com\\\/wp-content\\\/uploads\\\/2020\\\/03\\\/logo-phyts-e1585168986207.png\",\"width\":200,\"height\":72,\"caption\":\"Phyt's\"},\"image\":{\"@id\":\"https:\\\/\\\/phytstore.com\\\/en\\\/#\\\/schema\\\/logo\\\/image\\\/\"},\"sameAs\":[\"https:\\\/\\\/www.facebook.com\\\/CJMBCosmetiques\\\/?ref=aymt_homepage_panel\",\"https:\\\/\\\/www.instagram.com\\\/phyts_canada\\\/\",\"https:\\\/\\\/www.linkedin.com\\\/company\\\/3337211\\\/admin\\\/\",\"https:\\\/\\\/www.youtube.com\\\/channel\\\/UCEkP009p4XTU5lXjLkaKptA\"]}]}<\/script>\n<!-- \/ Yoast SEO plugin. -->","yoast_head_json":{"title":"100% Natural and Organic Hydrating Micellar Water | PHYT'S","description":"Thanks to this Organic and Vegan Micellar Water, you can cleanse, tone, and hydrate your skin all in one step. Try it for a radiant complexion and clean skin!","robots":{"index":"index","follow":"follow","max-snippet":"max-snippet:-1","max-image-preview":"max-image-preview:large","max-video-preview":"max-video-preview:-1"},"canonical":"https:\/\/phytstore.com\/en\/product\/hydrating-micellar-water\/","og_locale":"en_US","og_type":"article","og_title":"100% Natural and Organic Hydrating Micellar Water | PHYT'S","og_description":"Thanks to this Organic and Vegan Micellar Water, you can cleanse, tone, and hydrate your skin all in one step. Try it for a radiant complexion and clean skin!","og_url":"https:\/\/phytstore.com\/en\/product\/hydrating-micellar-water\/","og_site_name":"PHYT&#039;S","article_publisher":"https:\/\/www.facebook.com\/CJMBCosmetiques\/?ref=aymt_homepage_panel","article_modified_time":"2025-10-21T20:50:58+00:00","og_image":[{"width":900,"height":900,"url":"https:\/\/phytstore.com\/wp-content\/uploads\/2020\/03\/EAU-MICELLAIRE-HYDRATANTE-BD.jpg","type":"image\/jpeg"}],"twitter_card":"summary_large_image","twitter_misc":{"Est. reading time":"2 minutes"},"schema":{"@context":"https:\/\/schema.org","@graph":[{"@type":"WebPage","@id":"https:\/\/phytstore.com\/en\/product\/hydrating-micellar-water\/","url":"https:\/\/phytstore.com\/en\/product\/hydrating-micellar-water\/","name":"100% Natural and Organic Hydrating Micellar Water | PHYT'S","isPartOf":{"@id":"https:\/\/phytstore.com\/en\/#website"},"primaryImageOfPage":{"@id":"https:\/\/phytstore.com\/en\/product\/hydrating-micellar-water\/#primaryimage"},"image":{"@id":"https:\/\/phytstore.com\/en\/product\/hydrating-micellar-water\/#primaryimage"},"thumbnailUrl":"https:\/\/phytstore.com\/wp-content\/uploads\/2020\/03\/EAU-MICELLAIRE-HYDRATANTE-BD.jpg","datePublished":"2020-03-28T23:56:24+00:00","dateModified":"2025-10-21T20:50:58+00:00","description":"Thanks to this Organic and Vegan Micellar Water, you can cleanse, tone, and hydrate your skin all in one step. Try it for a radiant complexion and clean skin!","breadcrumb":{"@id":"https:\/\/phytstore.com\/en\/product\/hydrating-micellar-water\/#breadcrumb"},"inLanguage":"en-CA","potentialAction":[{"@type":"ReadAction","target":["https:\/\/phytstore.com\/en\/product\/hydrating-micellar-water\/"]}]},{"@type":"ImageObject","inLanguage":"en-CA","@id":"https:\/\/phytstore.com\/en\/product\/hydrating-micellar-water\/#primaryimage","url":"https:\/\/phytstore.com\/wp-content\/uploads\/2020\/03\/EAU-MICELLAIRE-HYDRATANTE-BD.jpg","contentUrl":"https:\/\/phytstore.com\/wp-content\/uploads\/2020\/03\/EAU-MICELLAIRE-HYDRATANTE-BD.jpg","width":900,"height":900},{"@type":"BreadcrumbList","@id":"https:\/\/phytstore.com\/en\/product\/hydrating-micellar-water\/#breadcrumb","itemListElement":[{"@type":"ListItem","position":1,"name":"Home","item":"https:\/\/phytstore.com\/en\/"},{"@type":"ListItem","position":2,"name":"Shop","item":"https:\/\/phytstore.com\/en\/shop\/"},{"@type":"ListItem","position":3,"name":"Face","item":"https:\/\/phytstore.com\/en\/organic-skin-care\/"},{"@type":"ListItem","position":4,"name":"Dehydration","item":"https:\/\/phytstore.com\/en\/organic-skin-care\/dehydration\/"},{"@type":"ListItem","position":5,"name":"Hydrating Micellar Water"}]},{"@type":"WebSite","@id":"https:\/\/phytstore.com\/en\/#website","url":"https:\/\/phytstore.com\/en\/","name":"PHYT&#039;S","description":"Fabricant et distributeur de soins certifi\u00e9s bio pour instituts de beaut\u00e9, spa et esth\u00e9ticiennes","publisher":{"@id":"https:\/\/phytstore.com\/en\/#organization"},"potentialAction":[{"@type":"SearchAction","target":{"@type":"EntryPoint","urlTemplate":"https:\/\/phytstore.com\/en\/?s={search_term_string}"},"query-input":{"@type":"PropertyValueSpecification","valueRequired":true,"valueName":"search_term_string"}}],"inLanguage":"en-CA"},{"@type":"Organization","@id":"https:\/\/phytstore.com\/en\/#organization","name":"Phyt's","url":"https:\/\/phytstore.com\/en\/","logo":{"@type":"ImageObject","inLanguage":"en-CA","@id":"https:\/\/phytstore.com\/en\/#\/schema\/logo\/image\/","url":"https:\/\/phytstore.com\/wp-content\/uploads\/2020\/03\/logo-phyts-e1585168986207.png","contentUrl":"https:\/\/phytstore.com\/wp-content\/uploads\/2020\/03\/logo-phyts-e1585168986207.png","width":200,"height":72,"caption":"Phyt's"},"image":{"@id":"https:\/\/phytstore.com\/en\/#\/schema\/logo\/image\/"},"sameAs":["https:\/\/www.facebook.com\/CJMBCosmetiques\/?ref=aymt_homepage_panel","https:\/\/www.instagram.com\/phyts_canada\/","https:\/\/www.linkedin.com\/company\/3337211\/admin\/","https:\/\/www.youtube.com\/channel\/UCEkP009p4XTU5lXjLkaKptA"]}]}},"jetpack_sharing_enabled":true,"_links":{"self":[{"href":"https:\/\/phytstore.com\/en\/wp-json\/wp\/v2\/product\/2706","targetHints":{"allow":["GET"]}}],"collection":[{"href":"https:\/\/phytstore.com\/en\/wp-json\/wp\/v2\/product"}],"about":[{"href":"https:\/\/phytstore.com\/en\/wp-json\/wp\/v2\/types\/product"}],"replies":[{"embeddable":true,"href":"https:\/\/phytstore.com\/en\/wp-json\/wp\/v2\/comments?post=2706"}],"wp:featuredmedia":[{"embeddable":true,"href":"https:\/\/phytstore.com\/en\/wp-json\/wp\/v2\/media\/8743"}],"wp:attachment":[{"href":"https:\/\/phytstore.com\/en\/wp-json\/wp\/v2\/media?parent=2706"}],"wp:term":[{"taxonomy":"product_brand","embeddable":true,"href":"https:\/\/phytstore.com\/en\/wp-json\/wp\/v2\/product_brand?post=2706"},{"taxonomy":"product_cat","embeddable":true,"href":"https:\/\/phytstore.com\/en\/wp-json\/wp\/v2\/product_cat?post=2706"},{"taxonomy":"product_tag","embeddable":true,"href":"https:\/\/phytstore.com\/en\/wp-json\/wp\/v2\/product_tag?post=2706"}],"curies":[{"name":"wp","href":"https:\/\/api.w.org\/{rel}","templated":true}]}}