{"id":2705,"date":"2020-03-28T19:56:24","date_gmt":"2020-03-28T23:56:24","guid":{"rendered":"https:\/\/phytstore.com\/produit\/elixir-hydratant-24h\/"},"modified":"2023-02-16T15:14:34","modified_gmt":"2023-02-16T19:14:34","slug":"elixir-hydratant-24h","status":"publish","type":"product","link":"https:\/\/phytstore.com\/en\/product\/24h-hydrating-elixir\/","title":{"rendered":"24H Hydrating Elixir"},"content":{"rendered":"<p>A formula highly concentrated in hydrating active ingredients, thanks in particular to the plant-based Hyaluronic Acids. This Organic booster serum offers intense, long-lasting action. For 24 hours, this valuable Organic serum hydrates the skin intensely. Revitalized, it then becomes radiant and beautiful. It also appears smoothed and rejuvenated, and the skin elasticity is improved. A guaranteed favorite!<\/p>\n<p><strong>Active ingredients :<\/strong><\/p>\n<p>Plant-based Hyaluronic Acid (low molecular weight), Plant-based Hyaluronic Acid (high molecular weight), Plant-based Sugars, Aloe Vera*, Plant-based Glycerin, Hazelnut*, Silica, Plant-based Vitamin E<\/p>\n<p><em>* ingredients derived from Organic Farming<\/em><\/p>\n<h2>How to apply your Natural Hydrating Elixir<\/h2>\n<p>In the morning and evening, after cleansing your skin, apply a few drops of this <strong>Natural Moisturizer<\/strong> to your face, as well as the eye contour, neck and cleavage. Then, apply your PHYT\u2019S daily <strong>beauty elixir<\/strong> to <strong>avoid dehydrated skin<\/strong>.<\/p>\n<p>Do you have <strong>dry, uncomfortable, and\/or sensitive skin<\/strong>? Visit the page for our <a href=\"https:\/\/phytstore.com\/en\/aqua-phyts\/\">Organic moisturizing product line<\/a> to find the miracle product that will make your skin radiant and beautiful again!<\/p>\n<h2>How to renew and hydrate your skin deeply<\/h2>\n<p>This Hydrating Elixir offers <strong>ideal hydration<\/strong>. It is also suited to all skin types, such as dry, oily, acne-prone, sensitive, and combination skin.<\/p>\n<p>PHYT&#8217;S Laboratories offers many <strong>face care products<\/strong>, such as natural moisturizers. Apply a day cream every day to ensure smooth, and firm skin.<\/p>\n<p>For more effective moisturizing, apply the <a href=\"https:\/\/phytstore.com\/en\/product\/24h-hydrating-fluid\/\">24H Hydrating Fluid<\/a>, the <a href=\"https:\/\/phytstore.com\/en\/product\/24h-hydrating-cream\/\">24H Hydrating Cream<\/a>, or the <a href=\"https:\/\/phytstore.com\/en\/product\/24h-hydrating-rich-cream\/\">24H Hydrating Rich Cream<\/a> on top of it, depending on your skin type. In addition, once or twice a week, complete your routine by using the <a href=\"https:\/\/phytstore.com\/en\/product\/instant-hydration-mask\/\">Instant Hydration Mask<\/a> with <strong>natural plant extracts<\/strong>.<\/p>\n<p>From the <strong>natural moisturizer<\/strong> to the long-acting Organic serum, the PHYT\u2019S formula made with key ingredients always means an eco-friendly, 100% natural, and <strong>Organic skin care products<\/strong>, as well as soft skin!<\/p>\n<p>Say goodbye to your tired skin with this Natural Hydrating Elixir!<\/p>\n","protected":false},"excerpt":{"rendered":"<p><img loading=\"lazy\" decoding=\"async\" class=\"alignnone size-full wp-image-4920\" src=\"https:\/\/phytstore.com\/wp-content\/uploads\/2020\/07\/Bio-100-Vegan-Efficacite-11.png\" alt=\"\" width=\"274\" height=\"53\" \/><\/p>\n<p>Booster serum : Deep &amp; long-lasting hydration<\/p>\n<p><strong>Skin type :<\/strong> All dehydrated skin<br \/>\n<strong>Expectations :<\/strong> Hydrates intensely, plumps, quenches, boosts<br \/>\n<strong>Presentation :<\/strong> 30 ml pump-bottle<\/p>\n","protected":false},"featured_media":8806,"comment_status":"closed","ping_status":"closed","template":"","meta":{"_acf_changed":false,"inline_featured_image":false},"product_brand":[],"product_cat":[81,231,254],"product_tag":[],"class_list":{"0":"post-2705","1":"product","2":"type-product","3":"status-publish","4":"has-post-thumbnail","6":"product_cat-aqua-phyts-en","7":"product_cat-dehydration-en","8":"product_cat-booster-serums-concentrates","10":"first","11":"instock","12":"taxable","13":"shipping-taxable","14":"purchasable","15":"product-type-simple"},"acf":[],"yoast_head":"<!-- This site is optimized with the Yoast SEO plugin v27.4 - https:\/\/yoast.com\/product\/yoast-seo-wordpress\/ -->\n<title>Organic 24H Hydrating Face Elixir | PHYT&#039;S<\/title>\n<meta name=\"description\" content=\"This 100% natural moisturizer is a face elixir that acts as a hydration booster for 24 hours. Its intense action promotes skin elasticity and youthfulness!\" \/>\n<meta name=\"robots\" content=\"index, follow, max-snippet:-1, max-image-preview:large, max-video-preview:-1\" \/>\n<link rel=\"canonical\" href=\"https:\/\/phytstore.com\/en\/product\/24h-hydrating-elixir\/\" \/>\n<meta property=\"og:locale\" content=\"en_US\" \/>\n<meta property=\"og:type\" content=\"article\" \/>\n<meta property=\"og:title\" content=\"Organic 24H Hydrating Face Elixir | PHYT&#039;S\" \/>\n<meta property=\"og:description\" content=\"This 100% natural moisturizer is a face elixir that acts as a hydration booster for 24 hours. Its intense action promotes skin elasticity and youthfulness!\" \/>\n<meta property=\"og:url\" content=\"https:\/\/phytstore.com\/en\/product\/24h-hydrating-elixir\/\" \/>\n<meta property=\"og:site_name\" content=\"PHYT&#039;S\" \/>\n<meta property=\"article:publisher\" content=\"https:\/\/www.facebook.com\/CJMBCosmetiques\/?ref=aymt_homepage_panel\" \/>\n<meta property=\"article:modified_time\" content=\"2023-02-16T19:14:34+00:00\" \/>\n<meta name=\"twitter:card\" content=\"summary_large_image\" \/>\n<meta name=\"twitter:label1\" content=\"Est. reading time\" \/>\n\t<meta name=\"twitter:data1\" content=\"2 minutes\" \/>\n<script type=\"application\/ld+json\" class=\"yoast-schema-graph\">{\"@context\":\"https:\\\/\\\/schema.org\",\"@graph\":[{\"@type\":\"WebPage\",\"@id\":\"https:\\\/\\\/phytstore.com\\\/en\\\/product\\\/24h-hydrating-elixir\\\/\",\"url\":\"https:\\\/\\\/phytstore.com\\\/en\\\/product\\\/24h-hydrating-elixir\\\/\",\"name\":\"Organic 24H Hydrating Face Elixir | PHYT'S\",\"isPartOf\":{\"@id\":\"https:\\\/\\\/phytstore.com\\\/en\\\/#website\"},\"primaryImageOfPage\":{\"@id\":\"https:\\\/\\\/phytstore.com\\\/en\\\/product\\\/24h-hydrating-elixir\\\/#primaryimage\"},\"image\":{\"@id\":\"https:\\\/\\\/phytstore.com\\\/en\\\/product\\\/24h-hydrating-elixir\\\/#primaryimage\"},\"thumbnailUrl\":\"https:\\\/\\\/phytstore.com\\\/wp-content\\\/uploads\\\/2020\\\/03\\\/ELIXIR-HYDRATANT-24H-BD.jpg\",\"datePublished\":\"2020-03-28T23:56:24+00:00\",\"dateModified\":\"2023-02-16T19:14:34+00:00\",\"description\":\"This 100% natural moisturizer is a face elixir that acts as a hydration booster for 24 hours. Its intense action promotes skin elasticity and youthfulness!\",\"breadcrumb\":{\"@id\":\"https:\\\/\\\/phytstore.com\\\/en\\\/product\\\/24h-hydrating-elixir\\\/#breadcrumb\"},\"inLanguage\":\"en-CA\",\"potentialAction\":[{\"@type\":\"ReadAction\",\"target\":[\"https:\\\/\\\/phytstore.com\\\/en\\\/product\\\/24h-hydrating-elixir\\\/\"]}]},{\"@type\":\"ImageObject\",\"inLanguage\":\"en-CA\",\"@id\":\"https:\\\/\\\/phytstore.com\\\/en\\\/product\\\/24h-hydrating-elixir\\\/#primaryimage\",\"url\":\"https:\\\/\\\/phytstore.com\\\/wp-content\\\/uploads\\\/2020\\\/03\\\/ELIXIR-HYDRATANT-24H-BD.jpg\",\"contentUrl\":\"https:\\\/\\\/phytstore.com\\\/wp-content\\\/uploads\\\/2020\\\/03\\\/ELIXIR-HYDRATANT-24H-BD.jpg\",\"width\":900,\"height\":900},{\"@type\":\"BreadcrumbList\",\"@id\":\"https:\\\/\\\/phytstore.com\\\/en\\\/product\\\/24h-hydrating-elixir\\\/#breadcrumb\",\"itemListElement\":[{\"@type\":\"ListItem\",\"position\":1,\"name\":\"Home\",\"item\":\"https:\\\/\\\/phytstore.com\\\/en\\\/\"},{\"@type\":\"ListItem\",\"position\":2,\"name\":\"Shop\",\"item\":\"https:\\\/\\\/phytstore.com\\\/en\\\/shop\\\/\"},{\"@type\":\"ListItem\",\"position\":3,\"name\":\"Face\",\"item\":\"https:\\\/\\\/phytstore.com\\\/en\\\/organic-skin-care\\\/\"},{\"@type\":\"ListItem\",\"position\":4,\"name\":\"Dehydration\",\"item\":\"https:\\\/\\\/phytstore.com\\\/en\\\/organic-skin-care\\\/dehydration\\\/\"},{\"@type\":\"ListItem\",\"position\":5,\"name\":\"24H Hydrating Elixir\"}]},{\"@type\":\"WebSite\",\"@id\":\"https:\\\/\\\/phytstore.com\\\/en\\\/#website\",\"url\":\"https:\\\/\\\/phytstore.com\\\/en\\\/\",\"name\":\"PHYT&#039;S\",\"description\":\"Fabricant et distributeur de soins certifi\u00e9s bio pour instituts de beaut\u00e9, spa et esth\u00e9ticiennes\",\"publisher\":{\"@id\":\"https:\\\/\\\/phytstore.com\\\/en\\\/#organization\"},\"potentialAction\":[{\"@type\":\"SearchAction\",\"target\":{\"@type\":\"EntryPoint\",\"urlTemplate\":\"https:\\\/\\\/phytstore.com\\\/en\\\/?s={search_term_string}\"},\"query-input\":{\"@type\":\"PropertyValueSpecification\",\"valueRequired\":true,\"valueName\":\"search_term_string\"}}],\"inLanguage\":\"en-CA\"},{\"@type\":\"Organization\",\"@id\":\"https:\\\/\\\/phytstore.com\\\/en\\\/#organization\",\"name\":\"Phyt's\",\"url\":\"https:\\\/\\\/phytstore.com\\\/en\\\/\",\"logo\":{\"@type\":\"ImageObject\",\"inLanguage\":\"en-CA\",\"@id\":\"https:\\\/\\\/phytstore.com\\\/en\\\/#\\\/schema\\\/logo\\\/image\\\/\",\"url\":\"https:\\\/\\\/phytstore.com\\\/wp-content\\\/uploads\\\/2020\\\/03\\\/logo-phyts-e1585168986207.png\",\"contentUrl\":\"https:\\\/\\\/phytstore.com\\\/wp-content\\\/uploads\\\/2020\\\/03\\\/logo-phyts-e1585168986207.png\",\"width\":200,\"height\":72,\"caption\":\"Phyt's\"},\"image\":{\"@id\":\"https:\\\/\\\/phytstore.com\\\/en\\\/#\\\/schema\\\/logo\\\/image\\\/\"},\"sameAs\":[\"https:\\\/\\\/www.facebook.com\\\/CJMBCosmetiques\\\/?ref=aymt_homepage_panel\",\"https:\\\/\\\/www.instagram.com\\\/phyts_canada\\\/\",\"https:\\\/\\\/www.linkedin.com\\\/company\\\/3337211\\\/admin\\\/\",\"https:\\\/\\\/www.youtube.com\\\/channel\\\/UCEkP009p4XTU5lXjLkaKptA\"]}]}<\/script>\n<!-- \/ Yoast SEO plugin. -->","yoast_head_json":{"title":"Organic 24H Hydrating Face Elixir | PHYT'S","description":"This 100% natural moisturizer is a face elixir that acts as a hydration booster for 24 hours. Its intense action promotes skin elasticity and youthfulness!","robots":{"index":"index","follow":"follow","max-snippet":"max-snippet:-1","max-image-preview":"max-image-preview:large","max-video-preview":"max-video-preview:-1"},"canonical":"https:\/\/phytstore.com\/en\/product\/24h-hydrating-elixir\/","og_locale":"en_US","og_type":"article","og_title":"Organic 24H Hydrating Face Elixir | PHYT'S","og_description":"This 100% natural moisturizer is a face elixir that acts as a hydration booster for 24 hours. Its intense action promotes skin elasticity and youthfulness!","og_url":"https:\/\/phytstore.com\/en\/product\/24h-hydrating-elixir\/","og_site_name":"PHYT&#039;S","article_publisher":"https:\/\/www.facebook.com\/CJMBCosmetiques\/?ref=aymt_homepage_panel","article_modified_time":"2023-02-16T19:14:34+00:00","twitter_card":"summary_large_image","twitter_misc":{"Est. reading time":"2 minutes"},"schema":{"@context":"https:\/\/schema.org","@graph":[{"@type":"WebPage","@id":"https:\/\/phytstore.com\/en\/product\/24h-hydrating-elixir\/","url":"https:\/\/phytstore.com\/en\/product\/24h-hydrating-elixir\/","name":"Organic 24H Hydrating Face Elixir | PHYT'S","isPartOf":{"@id":"https:\/\/phytstore.com\/en\/#website"},"primaryImageOfPage":{"@id":"https:\/\/phytstore.com\/en\/product\/24h-hydrating-elixir\/#primaryimage"},"image":{"@id":"https:\/\/phytstore.com\/en\/product\/24h-hydrating-elixir\/#primaryimage"},"thumbnailUrl":"https:\/\/phytstore.com\/wp-content\/uploads\/2020\/03\/ELIXIR-HYDRATANT-24H-BD.jpg","datePublished":"2020-03-28T23:56:24+00:00","dateModified":"2023-02-16T19:14:34+00:00","description":"This 100% natural moisturizer is a face elixir that acts as a hydration booster for 24 hours. Its intense action promotes skin elasticity and youthfulness!","breadcrumb":{"@id":"https:\/\/phytstore.com\/en\/product\/24h-hydrating-elixir\/#breadcrumb"},"inLanguage":"en-CA","potentialAction":[{"@type":"ReadAction","target":["https:\/\/phytstore.com\/en\/product\/24h-hydrating-elixir\/"]}]},{"@type":"ImageObject","inLanguage":"en-CA","@id":"https:\/\/phytstore.com\/en\/product\/24h-hydrating-elixir\/#primaryimage","url":"https:\/\/phytstore.com\/wp-content\/uploads\/2020\/03\/ELIXIR-HYDRATANT-24H-BD.jpg","contentUrl":"https:\/\/phytstore.com\/wp-content\/uploads\/2020\/03\/ELIXIR-HYDRATANT-24H-BD.jpg","width":900,"height":900},{"@type":"BreadcrumbList","@id":"https:\/\/phytstore.com\/en\/product\/24h-hydrating-elixir\/#breadcrumb","itemListElement":[{"@type":"ListItem","position":1,"name":"Home","item":"https:\/\/phytstore.com\/en\/"},{"@type":"ListItem","position":2,"name":"Shop","item":"https:\/\/phytstore.com\/en\/shop\/"},{"@type":"ListItem","position":3,"name":"Face","item":"https:\/\/phytstore.com\/en\/organic-skin-care\/"},{"@type":"ListItem","position":4,"name":"Dehydration","item":"https:\/\/phytstore.com\/en\/organic-skin-care\/dehydration\/"},{"@type":"ListItem","position":5,"name":"24H Hydrating Elixir"}]},{"@type":"WebSite","@id":"https:\/\/phytstore.com\/en\/#website","url":"https:\/\/phytstore.com\/en\/","name":"PHYT&#039;S","description":"Fabricant et distributeur de soins certifi\u00e9s bio pour instituts de beaut\u00e9, spa et esth\u00e9ticiennes","publisher":{"@id":"https:\/\/phytstore.com\/en\/#organization"},"potentialAction":[{"@type":"SearchAction","target":{"@type":"EntryPoint","urlTemplate":"https:\/\/phytstore.com\/en\/?s={search_term_string}"},"query-input":{"@type":"PropertyValueSpecification","valueRequired":true,"valueName":"search_term_string"}}],"inLanguage":"en-CA"},{"@type":"Organization","@id":"https:\/\/phytstore.com\/en\/#organization","name":"Phyt's","url":"https:\/\/phytstore.com\/en\/","logo":{"@type":"ImageObject","inLanguage":"en-CA","@id":"https:\/\/phytstore.com\/en\/#\/schema\/logo\/image\/","url":"https:\/\/phytstore.com\/wp-content\/uploads\/2020\/03\/logo-phyts-e1585168986207.png","contentUrl":"https:\/\/phytstore.com\/wp-content\/uploads\/2020\/03\/logo-phyts-e1585168986207.png","width":200,"height":72,"caption":"Phyt's"},"image":{"@id":"https:\/\/phytstore.com\/en\/#\/schema\/logo\/image\/"},"sameAs":["https:\/\/www.facebook.com\/CJMBCosmetiques\/?ref=aymt_homepage_panel","https:\/\/www.instagram.com\/phyts_canada\/","https:\/\/www.linkedin.com\/company\/3337211\/admin\/","https:\/\/www.youtube.com\/channel\/UCEkP009p4XTU5lXjLkaKptA"]}]}},"jetpack_sharing_enabled":true,"_links":{"self":[{"href":"https:\/\/phytstore.com\/en\/wp-json\/wp\/v2\/product\/2705","targetHints":{"allow":["GET"]}}],"collection":[{"href":"https:\/\/phytstore.com\/en\/wp-json\/wp\/v2\/product"}],"about":[{"href":"https:\/\/phytstore.com\/en\/wp-json\/wp\/v2\/types\/product"}],"replies":[{"embeddable":true,"href":"https:\/\/phytstore.com\/en\/wp-json\/wp\/v2\/comments?post=2705"}],"wp:featuredmedia":[{"embeddable":true,"href":"https:\/\/phytstore.com\/en\/wp-json\/wp\/v2\/media\/8806"}],"wp:attachment":[{"href":"https:\/\/phytstore.com\/en\/wp-json\/wp\/v2\/media?parent=2705"}],"wp:term":[{"taxonomy":"product_brand","embeddable":true,"href":"https:\/\/phytstore.com\/en\/wp-json\/wp\/v2\/product_brand?post=2705"},{"taxonomy":"product_cat","embeddable":true,"href":"https:\/\/phytstore.com\/en\/wp-json\/wp\/v2\/product_cat?post=2705"},{"taxonomy":"product_tag","embeddable":true,"href":"https:\/\/phytstore.com\/en\/wp-json\/wp\/v2\/product_tag?post=2705"}],"curies":[{"name":"wp","href":"https:\/\/api.w.org\/{rel}","templated":true}]}}