{"id":2704,"date":"2020-03-28T19:56:24","date_gmt":"2020-03-28T23:56:24","guid":{"rendered":"https:\/\/phytstore.com\/produit\/fluide-hydratante-24h\/"},"modified":"2023-02-16T15:10:59","modified_gmt":"2023-02-16T19:10:59","slug":"fluide-hydratante-24h","status":"publish","type":"product","link":"https:\/\/phytstore.com\/en\/product\/24h-hydrating-fluid\/","title":{"rendered":"24H Hydrating Fluid"},"content":{"rendered":"<p>Its very fluid and light formula guarantees a continuous hydratation throughout the day, thanks in particular to Hyaluronic Acids. It mattifies the skin and reduces visibly shine. The skin&#8217;s moisture barrier replenished, the skin is then plumped, comfortable, supple and radiant of beauty. It looks smoothed and rejuvenated. Also, skin elasticity is improved. This Organic fluid will become your favorite!<\/p>\n<p><strong>Active ingredients :<\/strong><br \/>\nVegetal Hyaluronic Acid (low molecular weight), Vegetal Hyaluronic Acid (high molecular weight), Aloe Vera*, Vegetal Sugars, Vegetal Squalane, Vegetal Glycerin, Sunflower*, Betaine, Silica, Vegetal Vitamin E<br \/>\n<em>* ingredients from Organic Farming<\/em><\/p>\n<h2>How to apply my Organic Hydrating Fluid?<\/h2>\n<p>After cleansing in the morning and\/or evening, simply apply a dollop of fluid to the entire face, eye\/lip contour, neck and cleavage. Check out the other similar products from our dedicated line to <a href=\"https:\/\/phytstore.com\/en\/organic-skin-care\/dehydration\/\">stop skin dehydration<\/a>.<\/p>\n<p>Beauty tips : Apply the <a href=\"https:\/\/phytstore.com\/en\/product\/24h-hydrating-elixir\/\">24H Hydrating Elixir<\/a>\u00a0beforehand for enhanced effectiveness and long-lasting results. This\u00a0<strong>treatment boosts the hydration of all skin types<\/strong>, even the most sensitive.<\/p>\n<p>In addition, once or twice a week, exfoliate your clean skin and complement your treatment with the <a href=\"https:\/\/phytstore.com\/en\/product\/instant-hydration-mask\/\">Instant Hydration Mask<\/a>.<\/p>\n<p>Try our <a href=\"https:\/\/phytstore.com\/en\/aqua-phyts\/\">line of Organic moisturizing products<\/a>\u00a0as well to slow the skin aging caused by free radicals and external aggressions. This is the perfect product for\u00a0<strong>refining the uneven skin texture and imperfections<\/strong>\u00a0often seen in combination and oily skin.<\/p>\n<h2>What is the difference between a hydrating fluid and a cream?<\/h2>\n<p>The Organic Hydrating Fluid has a\u00a0<strong>light texture<\/strong>\u00a0compared to the moisturizing face or body cream, which is richer in nourishing and\u00a0<strong>protective active ingredients<\/strong>. Indeed, some women find moisturizing creams too rich. For its part, PHYT\u2019S Organic Hydrating Fluid is light and\u00a0<strong>perfect for dehydrated normal to combination skin<\/strong>.<\/p>\n","protected":false},"excerpt":{"rendered":"<p><img loading=\"lazy\" decoding=\"async\" class=\"alignnone size-full wp-image-4920\" src=\"https:\/\/phytstore.com\/wp-content\/uploads\/2020\/07\/Bio-100-Vegan-Efficacite-11.png\" alt=\"\" width=\"274\" height=\"53\" \/><\/p>\n<p>Deep &amp; Long lasting hydration<\/p>\n<p><strong>Skin type :<\/strong> Normal to combination dehydrated skin<br \/>\n<strong>Expectations :<\/strong> Moisturizes, plumps, mattifies, protects<br \/>\n<strong>Presentation :<\/strong> 40 ml tube<\/p>\n","protected":false},"featured_media":10559,"comment_status":"closed","ping_status":"closed","template":"","meta":{"_acf_changed":false,"inline_featured_image":false},"product_brand":[],"product_cat":[246,81,231],"product_tag":[],"class_list":{"0":"post-2704","1":"product","2":"type-product","3":"status-publish","4":"has-post-thumbnail","6":"product_cat-day-creams","7":"product_cat-aqua-phyts-en","8":"product_cat-dehydration-en","10":"first","11":"instock","12":"taxable","13":"shipping-taxable","14":"purchasable","15":"product-type-simple"},"acf":[],"yoast_head":"<!-- This site is optimized with the Yoast SEO plugin v27.4 - https:\/\/yoast.com\/product\/yoast-seo-wordpress\/ -->\n<title>Organic &amp; Natural 24H Hydrating Fluid | PHYT&#039;S<\/title>\n<meta name=\"description\" content=\"Discover PHYT\u2019S Organic 24H Hydrating Fluid. It mattifies your complexion while offering your skin continuous hydration throughout the day.\" \/>\n<meta name=\"robots\" content=\"index, follow, max-snippet:-1, max-image-preview:large, max-video-preview:-1\" \/>\n<link rel=\"canonical\" href=\"https:\/\/phytstore.com\/en\/product\/24h-hydrating-fluid\/\" \/>\n<meta property=\"og:locale\" content=\"en_US\" \/>\n<meta property=\"og:type\" content=\"article\" \/>\n<meta property=\"og:title\" content=\"Organic &amp; Natural 24H Hydrating Fluid | PHYT&#039;S\" \/>\n<meta property=\"og:description\" content=\"Discover PHYT\u2019S Organic 24H Hydrating Fluid. It mattifies your complexion while offering your skin continuous hydration throughout the day.\" \/>\n<meta property=\"og:url\" content=\"https:\/\/phytstore.com\/en\/product\/24h-hydrating-fluid\/\" \/>\n<meta property=\"og:site_name\" content=\"PHYT&#039;S\" \/>\n<meta property=\"article:publisher\" content=\"https:\/\/www.facebook.com\/CJMBCosmetiques\/?ref=aymt_homepage_panel\" \/>\n<meta property=\"article:modified_time\" content=\"2023-02-16T19:10:59+00:00\" \/>\n<meta property=\"og:image\" content=\"https:\/\/phytstore.com\/wp-content\/uploads\/2020\/03\/FLUIDE-HYDRATANT-24H-BD-300x300-1.jpg\" \/>\n\t<meta property=\"og:image:width\" content=\"300\" \/>\n\t<meta property=\"og:image:height\" content=\"300\" \/>\n\t<meta property=\"og:image:type\" content=\"image\/jpeg\" \/>\n<meta name=\"twitter:card\" content=\"summary_large_image\" \/>\n<meta name=\"twitter:label1\" content=\"Est. reading time\" \/>\n\t<meta name=\"twitter:data1\" content=\"2 minutes\" \/>\n<script type=\"application\/ld+json\" class=\"yoast-schema-graph\">{\"@context\":\"https:\\\/\\\/schema.org\",\"@graph\":[{\"@type\":\"WebPage\",\"@id\":\"https:\\\/\\\/phytstore.com\\\/en\\\/product\\\/24h-hydrating-fluid\\\/\",\"url\":\"https:\\\/\\\/phytstore.com\\\/en\\\/product\\\/24h-hydrating-fluid\\\/\",\"name\":\"Organic & Natural 24H Hydrating Fluid | PHYT'S\",\"isPartOf\":{\"@id\":\"https:\\\/\\\/phytstore.com\\\/en\\\/#website\"},\"primaryImageOfPage\":{\"@id\":\"https:\\\/\\\/phytstore.com\\\/en\\\/product\\\/24h-hydrating-fluid\\\/#primaryimage\"},\"image\":{\"@id\":\"https:\\\/\\\/phytstore.com\\\/en\\\/product\\\/24h-hydrating-fluid\\\/#primaryimage\"},\"thumbnailUrl\":\"https:\\\/\\\/phytstore.com\\\/wp-content\\\/uploads\\\/2020\\\/03\\\/FLUIDE-HYDRATANT-24H-BD-300x300-1.jpg\",\"datePublished\":\"2020-03-28T23:56:24+00:00\",\"dateModified\":\"2023-02-16T19:10:59+00:00\",\"description\":\"Discover PHYT\u2019S Organic 24H Hydrating Fluid. It mattifies your complexion while offering your skin continuous hydration throughout the day.\",\"breadcrumb\":{\"@id\":\"https:\\\/\\\/phytstore.com\\\/en\\\/product\\\/24h-hydrating-fluid\\\/#breadcrumb\"},\"inLanguage\":\"en-CA\",\"potentialAction\":[{\"@type\":\"ReadAction\",\"target\":[\"https:\\\/\\\/phytstore.com\\\/en\\\/product\\\/24h-hydrating-fluid\\\/\"]}]},{\"@type\":\"ImageObject\",\"inLanguage\":\"en-CA\",\"@id\":\"https:\\\/\\\/phytstore.com\\\/en\\\/product\\\/24h-hydrating-fluid\\\/#primaryimage\",\"url\":\"https:\\\/\\\/phytstore.com\\\/wp-content\\\/uploads\\\/2020\\\/03\\\/FLUIDE-HYDRATANT-24H-BD-300x300-1.jpg\",\"contentUrl\":\"https:\\\/\\\/phytstore.com\\\/wp-content\\\/uploads\\\/2020\\\/03\\\/FLUIDE-HYDRATANT-24H-BD-300x300-1.jpg\",\"width\":300,\"height\":300},{\"@type\":\"BreadcrumbList\",\"@id\":\"https:\\\/\\\/phytstore.com\\\/en\\\/product\\\/24h-hydrating-fluid\\\/#breadcrumb\",\"itemListElement\":[{\"@type\":\"ListItem\",\"position\":1,\"name\":\"Home\",\"item\":\"https:\\\/\\\/phytstore.com\\\/en\\\/\"},{\"@type\":\"ListItem\",\"position\":2,\"name\":\"Shop\",\"item\":\"https:\\\/\\\/phytstore.com\\\/en\\\/shop\\\/\"},{\"@type\":\"ListItem\",\"position\":3,\"name\":\"Face\",\"item\":\"https:\\\/\\\/phytstore.com\\\/en\\\/organic-skin-care\\\/\"},{\"@type\":\"ListItem\",\"position\":4,\"name\":\"Dehydration\",\"item\":\"https:\\\/\\\/phytstore.com\\\/en\\\/organic-skin-care\\\/dehydration\\\/\"},{\"@type\":\"ListItem\",\"position\":5,\"name\":\"24H Hydrating Fluid\"}]},{\"@type\":\"WebSite\",\"@id\":\"https:\\\/\\\/phytstore.com\\\/en\\\/#website\",\"url\":\"https:\\\/\\\/phytstore.com\\\/en\\\/\",\"name\":\"PHYT&#039;S\",\"description\":\"Fabricant et distributeur de soins certifi\u00e9s bio pour instituts de beaut\u00e9, spa et esth\u00e9ticiennes\",\"publisher\":{\"@id\":\"https:\\\/\\\/phytstore.com\\\/en\\\/#organization\"},\"potentialAction\":[{\"@type\":\"SearchAction\",\"target\":{\"@type\":\"EntryPoint\",\"urlTemplate\":\"https:\\\/\\\/phytstore.com\\\/en\\\/?s={search_term_string}\"},\"query-input\":{\"@type\":\"PropertyValueSpecification\",\"valueRequired\":true,\"valueName\":\"search_term_string\"}}],\"inLanguage\":\"en-CA\"},{\"@type\":\"Organization\",\"@id\":\"https:\\\/\\\/phytstore.com\\\/en\\\/#organization\",\"name\":\"Phyt's\",\"url\":\"https:\\\/\\\/phytstore.com\\\/en\\\/\",\"logo\":{\"@type\":\"ImageObject\",\"inLanguage\":\"en-CA\",\"@id\":\"https:\\\/\\\/phytstore.com\\\/en\\\/#\\\/schema\\\/logo\\\/image\\\/\",\"url\":\"https:\\\/\\\/phytstore.com\\\/wp-content\\\/uploads\\\/2020\\\/03\\\/logo-phyts-e1585168986207.png\",\"contentUrl\":\"https:\\\/\\\/phytstore.com\\\/wp-content\\\/uploads\\\/2020\\\/03\\\/logo-phyts-e1585168986207.png\",\"width\":200,\"height\":72,\"caption\":\"Phyt's\"},\"image\":{\"@id\":\"https:\\\/\\\/phytstore.com\\\/en\\\/#\\\/schema\\\/logo\\\/image\\\/\"},\"sameAs\":[\"https:\\\/\\\/www.facebook.com\\\/CJMBCosmetiques\\\/?ref=aymt_homepage_panel\",\"https:\\\/\\\/www.instagram.com\\\/phyts_canada\\\/\",\"https:\\\/\\\/www.linkedin.com\\\/company\\\/3337211\\\/admin\\\/\",\"https:\\\/\\\/www.youtube.com\\\/channel\\\/UCEkP009p4XTU5lXjLkaKptA\"]}]}<\/script>\n<!-- \/ Yoast SEO plugin. -->","yoast_head_json":{"title":"Organic & Natural 24H Hydrating Fluid | PHYT'S","description":"Discover PHYT\u2019S Organic 24H Hydrating Fluid. It mattifies your complexion while offering your skin continuous hydration throughout the day.","robots":{"index":"index","follow":"follow","max-snippet":"max-snippet:-1","max-image-preview":"max-image-preview:large","max-video-preview":"max-video-preview:-1"},"canonical":"https:\/\/phytstore.com\/en\/product\/24h-hydrating-fluid\/","og_locale":"en_US","og_type":"article","og_title":"Organic & Natural 24H Hydrating Fluid | PHYT'S","og_description":"Discover PHYT\u2019S Organic 24H Hydrating Fluid. It mattifies your complexion while offering your skin continuous hydration throughout the day.","og_url":"https:\/\/phytstore.com\/en\/product\/24h-hydrating-fluid\/","og_site_name":"PHYT&#039;S","article_publisher":"https:\/\/www.facebook.com\/CJMBCosmetiques\/?ref=aymt_homepage_panel","article_modified_time":"2023-02-16T19:10:59+00:00","og_image":[{"width":300,"height":300,"url":"https:\/\/phytstore.com\/wp-content\/uploads\/2020\/03\/FLUIDE-HYDRATANT-24H-BD-300x300-1.jpg","type":"image\/jpeg"}],"twitter_card":"summary_large_image","twitter_misc":{"Est. reading time":"2 minutes"},"schema":{"@context":"https:\/\/schema.org","@graph":[{"@type":"WebPage","@id":"https:\/\/phytstore.com\/en\/product\/24h-hydrating-fluid\/","url":"https:\/\/phytstore.com\/en\/product\/24h-hydrating-fluid\/","name":"Organic & Natural 24H Hydrating Fluid | PHYT'S","isPartOf":{"@id":"https:\/\/phytstore.com\/en\/#website"},"primaryImageOfPage":{"@id":"https:\/\/phytstore.com\/en\/product\/24h-hydrating-fluid\/#primaryimage"},"image":{"@id":"https:\/\/phytstore.com\/en\/product\/24h-hydrating-fluid\/#primaryimage"},"thumbnailUrl":"https:\/\/phytstore.com\/wp-content\/uploads\/2020\/03\/FLUIDE-HYDRATANT-24H-BD-300x300-1.jpg","datePublished":"2020-03-28T23:56:24+00:00","dateModified":"2023-02-16T19:10:59+00:00","description":"Discover PHYT\u2019S Organic 24H Hydrating Fluid. It mattifies your complexion while offering your skin continuous hydration throughout the day.","breadcrumb":{"@id":"https:\/\/phytstore.com\/en\/product\/24h-hydrating-fluid\/#breadcrumb"},"inLanguage":"en-CA","potentialAction":[{"@type":"ReadAction","target":["https:\/\/phytstore.com\/en\/product\/24h-hydrating-fluid\/"]}]},{"@type":"ImageObject","inLanguage":"en-CA","@id":"https:\/\/phytstore.com\/en\/product\/24h-hydrating-fluid\/#primaryimage","url":"https:\/\/phytstore.com\/wp-content\/uploads\/2020\/03\/FLUIDE-HYDRATANT-24H-BD-300x300-1.jpg","contentUrl":"https:\/\/phytstore.com\/wp-content\/uploads\/2020\/03\/FLUIDE-HYDRATANT-24H-BD-300x300-1.jpg","width":300,"height":300},{"@type":"BreadcrumbList","@id":"https:\/\/phytstore.com\/en\/product\/24h-hydrating-fluid\/#breadcrumb","itemListElement":[{"@type":"ListItem","position":1,"name":"Home","item":"https:\/\/phytstore.com\/en\/"},{"@type":"ListItem","position":2,"name":"Shop","item":"https:\/\/phytstore.com\/en\/shop\/"},{"@type":"ListItem","position":3,"name":"Face","item":"https:\/\/phytstore.com\/en\/organic-skin-care\/"},{"@type":"ListItem","position":4,"name":"Dehydration","item":"https:\/\/phytstore.com\/en\/organic-skin-care\/dehydration\/"},{"@type":"ListItem","position":5,"name":"24H Hydrating Fluid"}]},{"@type":"WebSite","@id":"https:\/\/phytstore.com\/en\/#website","url":"https:\/\/phytstore.com\/en\/","name":"PHYT&#039;S","description":"Fabricant et distributeur de soins certifi\u00e9s bio pour instituts de beaut\u00e9, spa et esth\u00e9ticiennes","publisher":{"@id":"https:\/\/phytstore.com\/en\/#organization"},"potentialAction":[{"@type":"SearchAction","target":{"@type":"EntryPoint","urlTemplate":"https:\/\/phytstore.com\/en\/?s={search_term_string}"},"query-input":{"@type":"PropertyValueSpecification","valueRequired":true,"valueName":"search_term_string"}}],"inLanguage":"en-CA"},{"@type":"Organization","@id":"https:\/\/phytstore.com\/en\/#organization","name":"Phyt's","url":"https:\/\/phytstore.com\/en\/","logo":{"@type":"ImageObject","inLanguage":"en-CA","@id":"https:\/\/phytstore.com\/en\/#\/schema\/logo\/image\/","url":"https:\/\/phytstore.com\/wp-content\/uploads\/2020\/03\/logo-phyts-e1585168986207.png","contentUrl":"https:\/\/phytstore.com\/wp-content\/uploads\/2020\/03\/logo-phyts-e1585168986207.png","width":200,"height":72,"caption":"Phyt's"},"image":{"@id":"https:\/\/phytstore.com\/en\/#\/schema\/logo\/image\/"},"sameAs":["https:\/\/www.facebook.com\/CJMBCosmetiques\/?ref=aymt_homepage_panel","https:\/\/www.instagram.com\/phyts_canada\/","https:\/\/www.linkedin.com\/company\/3337211\/admin\/","https:\/\/www.youtube.com\/channel\/UCEkP009p4XTU5lXjLkaKptA"]}]}},"jetpack_sharing_enabled":true,"_links":{"self":[{"href":"https:\/\/phytstore.com\/en\/wp-json\/wp\/v2\/product\/2704","targetHints":{"allow":["GET"]}}],"collection":[{"href":"https:\/\/phytstore.com\/en\/wp-json\/wp\/v2\/product"}],"about":[{"href":"https:\/\/phytstore.com\/en\/wp-json\/wp\/v2\/types\/product"}],"replies":[{"embeddable":true,"href":"https:\/\/phytstore.com\/en\/wp-json\/wp\/v2\/comments?post=2704"}],"wp:featuredmedia":[{"embeddable":true,"href":"https:\/\/phytstore.com\/en\/wp-json\/wp\/v2\/media\/10559"}],"wp:attachment":[{"href":"https:\/\/phytstore.com\/en\/wp-json\/wp\/v2\/media?parent=2704"}],"wp:term":[{"taxonomy":"product_brand","embeddable":true,"href":"https:\/\/phytstore.com\/en\/wp-json\/wp\/v2\/product_brand?post=2704"},{"taxonomy":"product_cat","embeddable":true,"href":"https:\/\/phytstore.com\/en\/wp-json\/wp\/v2\/product_cat?post=2704"},{"taxonomy":"product_tag","embeddable":true,"href":"https:\/\/phytstore.com\/en\/wp-json\/wp\/v2\/product_tag?post=2704"}],"curies":[{"name":"wp","href":"https:\/\/api.w.org\/{rel}","templated":true}]}}