{"id":2703,"date":"2020-03-28T19:56:24","date_gmt":"2020-03-28T23:56:24","guid":{"rendered":"https:\/\/phytstore.com\/produit\/creme-hydratante-24h\/"},"modified":"2023-07-11T13:47:43","modified_gmt":"2023-07-11T17:47:43","slug":"creme-hydratante-24h","status":"publish","type":"product","link":"https:\/\/phytstore.com\/en\/product\/24h-hydrating-cream\/","title":{"rendered":"24H Hydrating Cream"},"content":{"rendered":"<p>Continuous source of hydratation for 24 hours! This Organic moisturizing cream delivers the skin hydrating ingredients, thanks in particular to Hyaluronic Acids. The skin\u2019s moisture barrier is replenish and the skin is plumped and radiant of beauty. It looks smoothed and rejuvenated. The skin elasticity is also improved. P<span lang=\"en\">erfectly hydrated, nourished* and protected, normal to dry skin regains all its comfort and softness. <\/span>It\u2019ll become your favorite!<br \/>\n<em>* via hydration<\/em><\/p>\n<h2><strong>Active ingredients :<\/strong><\/h2>\n<p>Vegetal Hyaluronic Acid (low molecular weight), Vegetal Hyaluronic Acid (high molecular weight), Aloe Vera*, Vegetal Sugars, Vegetal Squalane, Betaine, Sunflower*, Macadamia, Acacia, Vegetal Glycerin, Vegetal Vitamin E<br \/>\n<em>* ingredients from Organic Farming<\/em><\/p>\n<h2><strong>How to apply your Organic moisturizing cream ?<\/strong><\/h2>\n<p>For\u00a0<strong>immediate hydration and to avoid dehydrated skin<\/strong>, in the morning and\/or evening :<\/p>\n<p>After cleansing thoroughly your skin, apply a touch of\u00a0<strong>Organic 24H Hydrating Cream<\/strong>\u00a0to your face, eye and lip contour, neck and cleavage.<\/p>\n<p>With its\u00a0<strong>rich texture and its Vegan formula<\/strong>, this\u00a0<strong>beauty product<\/strong>\u00a0is suitable for all skin types, particularly sensitive skin, for daily hydration and natural radiance.<\/p>\n<p>This Organic moisturizing cream also offers complete hydration. It can be used as a day cream or a night cream, depending on your skin type and your skin care routine.<\/p>\n<p>For additional products to help protect your skin from environmental aggressions, check out the <a href=\"https:\/\/phytstore.com\/en\/aqua-phyts\/\">Aqua PHYT\u2019S line<\/a>.\u00a0<strong>24hours deep and intense hydration<\/strong>\u00a0guaranteed!<\/p>\n<h2><strong>How to hydrate your skin immediately and deeply ?<\/strong><\/h2>\n<p>For soft skin and\u00a0<strong>more effective hydration<\/strong>, combine your Organic moisturizing cream made from 100%-natural ingredients with an elixir and a mask. Thanks to hyaluronic acids, vitamin E, and Organic Aloe Vera,\u00a0<strong>your skin will be comfortable<\/strong>, with a delicate scent.<\/p>\n<p>For\u00a0<strong>intense skin hydration<\/strong>, start your skin care ritual by first applying the <a href=\"https:\/\/phytstore.com\/en\/product\/24h-hydrating-elixir\/\">24H Hydrating Elixir<\/a>. Then, once or twice a week, use a face scrub on your skin after cleansing it thoroughly beforehand. Then, complete your\u00a0<strong>facial hydration<\/strong> routine by applying the <a href=\"https:\/\/phytstore.com\/en\/product\/instant-hydration-mask\/\">Instant Hydration Mask<\/a>.<\/p>\n","protected":false},"excerpt":{"rendered":"<p><img loading=\"lazy\" decoding=\"async\" class=\"alignnone size-full wp-image-4920\" src=\"https:\/\/phytstore.com\/wp-content\/uploads\/2020\/07\/Bio-100-Vegan-Efficacite-11.png\" alt=\"\" width=\"274\" height=\"53\" \/><\/p>\n<p>Deep &amp; Long-lasting hydration<\/p>\n<p><strong>Skin type :<\/strong> Normal to dry dehydrated skin<br \/>\n<strong>Expectations :<\/strong> Moisturizes, plumps, nourishes*, protects<br \/>\n<strong>Presentation :<\/strong> 40 ml tube<\/p>\n","protected":false},"featured_media":2344,"comment_status":"closed","ping_status":"closed","template":"","meta":{"_acf_changed":false,"inline_featured_image":false},"product_brand":[],"product_cat":[81,231,240,246],"product_tag":[],"class_list":{"0":"post-2703","1":"product","2":"type-product","3":"status-publish","4":"has-post-thumbnail","6":"product_cat-aqua-phyts-en","7":"product_cat-dehydration-en","8":"product_cat-dryness","9":"product_cat-day-creams","11":"first","12":"instock","13":"taxable","14":"shipping-taxable","15":"purchasable","16":"product-type-simple"},"acf":[],"yoast_head":"<!-- This site is optimized with the Yoast SEO plugin v27.4 - https:\/\/yoast.com\/product\/yoast-seo-wordpress\/ -->\n<title>Organic Moisturizing Cream with 100%-Natural Ingredients | PHYT&#039;S<\/title>\n<meta name=\"description\" content=\"PHYT\u2019S Organic Hydrating Cream remains active on your skin for 24 hours to make it soft, radiant, and beautiful. Try it!\" \/>\n<meta name=\"robots\" content=\"index, follow, max-snippet:-1, max-image-preview:large, max-video-preview:-1\" \/>\n<link rel=\"canonical\" href=\"https:\/\/phytstore.com\/en\/product\/24h-hydrating-cream\/\" \/>\n<meta property=\"og:locale\" content=\"en_US\" \/>\n<meta property=\"og:type\" content=\"article\" \/>\n<meta property=\"og:title\" content=\"Organic Moisturizing Cream with 100%-Natural Ingredients | PHYT&#039;S\" \/>\n<meta property=\"og:description\" content=\"PHYT\u2019S Organic Hydrating Cream remains active on your skin for 24 hours to make it soft, radiant, and beautiful. Try it!\" \/>\n<meta property=\"og:url\" content=\"https:\/\/phytstore.com\/en\/product\/24h-hydrating-cream\/\" \/>\n<meta property=\"og:site_name\" content=\"PHYT&#039;S\" \/>\n<meta property=\"article:publisher\" content=\"https:\/\/www.facebook.com\/CJMBCosmetiques\/?ref=aymt_homepage_panel\" \/>\n<meta property=\"article:modified_time\" content=\"2023-07-11T17:47:43+00:00\" \/>\n<meta property=\"og:image\" content=\"https:\/\/phytstore.com\/wp-content\/uploads\/2020\/03\/cr\u00e8me-hydratante.jpg\" \/>\n\t<meta property=\"og:image:width\" content=\"534\" \/>\n\t<meta property=\"og:image:height\" content=\"534\" \/>\n\t<meta property=\"og:image:type\" content=\"image\/jpeg\" \/>\n<meta name=\"twitter:card\" content=\"summary_large_image\" \/>\n<meta name=\"twitter:label1\" content=\"Est. reading time\" \/>\n\t<meta name=\"twitter:data1\" content=\"2 minutes\" \/>\n<script type=\"application\/ld+json\" class=\"yoast-schema-graph\">{\"@context\":\"https:\\\/\\\/schema.org\",\"@graph\":[{\"@type\":\"WebPage\",\"@id\":\"https:\\\/\\\/phytstore.com\\\/en\\\/product\\\/24h-hydrating-cream\\\/\",\"url\":\"https:\\\/\\\/phytstore.com\\\/en\\\/product\\\/24h-hydrating-cream\\\/\",\"name\":\"Organic Moisturizing Cream with 100%-Natural Ingredients | PHYT'S\",\"isPartOf\":{\"@id\":\"https:\\\/\\\/phytstore.com\\\/en\\\/#website\"},\"primaryImageOfPage\":{\"@id\":\"https:\\\/\\\/phytstore.com\\\/en\\\/product\\\/24h-hydrating-cream\\\/#primaryimage\"},\"image\":{\"@id\":\"https:\\\/\\\/phytstore.com\\\/en\\\/product\\\/24h-hydrating-cream\\\/#primaryimage\"},\"thumbnailUrl\":\"https:\\\/\\\/phytstore.com\\\/wp-content\\\/uploads\\\/2020\\\/03\\\/cr\u00e8me-hydratante.jpg\",\"datePublished\":\"2020-03-28T23:56:24+00:00\",\"dateModified\":\"2023-07-11T17:47:43+00:00\",\"description\":\"PHYT\u2019S Organic Hydrating Cream remains active on your skin for 24 hours to make it soft, radiant, and beautiful. Try it!\",\"breadcrumb\":{\"@id\":\"https:\\\/\\\/phytstore.com\\\/en\\\/product\\\/24h-hydrating-cream\\\/#breadcrumb\"},\"inLanguage\":\"en-CA\",\"potentialAction\":[{\"@type\":\"ReadAction\",\"target\":[\"https:\\\/\\\/phytstore.com\\\/en\\\/product\\\/24h-hydrating-cream\\\/\"]}]},{\"@type\":\"ImageObject\",\"inLanguage\":\"en-CA\",\"@id\":\"https:\\\/\\\/phytstore.com\\\/en\\\/product\\\/24h-hydrating-cream\\\/#primaryimage\",\"url\":\"https:\\\/\\\/phytstore.com\\\/wp-content\\\/uploads\\\/2020\\\/03\\\/cr\u00e8me-hydratante.jpg\",\"contentUrl\":\"https:\\\/\\\/phytstore.com\\\/wp-content\\\/uploads\\\/2020\\\/03\\\/cr\u00e8me-hydratante.jpg\",\"width\":534,\"height\":534,\"caption\":\"cr\u00e8me hydratante\"},{\"@type\":\"BreadcrumbList\",\"@id\":\"https:\\\/\\\/phytstore.com\\\/en\\\/product\\\/24h-hydrating-cream\\\/#breadcrumb\",\"itemListElement\":[{\"@type\":\"ListItem\",\"position\":1,\"name\":\"Home\",\"item\":\"https:\\\/\\\/phytstore.com\\\/en\\\/\"},{\"@type\":\"ListItem\",\"position\":2,\"name\":\"Shop\",\"item\":\"https:\\\/\\\/phytstore.com\\\/en\\\/shop\\\/\"},{\"@type\":\"ListItem\",\"position\":3,\"name\":\"Face\",\"item\":\"https:\\\/\\\/phytstore.com\\\/en\\\/organic-skin-care\\\/\"},{\"@type\":\"ListItem\",\"position\":4,\"name\":\"Dehydration\",\"item\":\"https:\\\/\\\/phytstore.com\\\/en\\\/organic-skin-care\\\/dehydration\\\/\"},{\"@type\":\"ListItem\",\"position\":5,\"name\":\"24H Hydrating Cream\"}]},{\"@type\":\"WebSite\",\"@id\":\"https:\\\/\\\/phytstore.com\\\/en\\\/#website\",\"url\":\"https:\\\/\\\/phytstore.com\\\/en\\\/\",\"name\":\"PHYT&#039;S\",\"description\":\"Fabricant et distributeur de soins certifi\u00e9s bio pour instituts de beaut\u00e9, spa et esth\u00e9ticiennes\",\"publisher\":{\"@id\":\"https:\\\/\\\/phytstore.com\\\/en\\\/#organization\"},\"potentialAction\":[{\"@type\":\"SearchAction\",\"target\":{\"@type\":\"EntryPoint\",\"urlTemplate\":\"https:\\\/\\\/phytstore.com\\\/en\\\/?s={search_term_string}\"},\"query-input\":{\"@type\":\"PropertyValueSpecification\",\"valueRequired\":true,\"valueName\":\"search_term_string\"}}],\"inLanguage\":\"en-CA\"},{\"@type\":\"Organization\",\"@id\":\"https:\\\/\\\/phytstore.com\\\/en\\\/#organization\",\"name\":\"Phyt's\",\"url\":\"https:\\\/\\\/phytstore.com\\\/en\\\/\",\"logo\":{\"@type\":\"ImageObject\",\"inLanguage\":\"en-CA\",\"@id\":\"https:\\\/\\\/phytstore.com\\\/en\\\/#\\\/schema\\\/logo\\\/image\\\/\",\"url\":\"https:\\\/\\\/phytstore.com\\\/wp-content\\\/uploads\\\/2020\\\/03\\\/logo-phyts-e1585168986207.png\",\"contentUrl\":\"https:\\\/\\\/phytstore.com\\\/wp-content\\\/uploads\\\/2020\\\/03\\\/logo-phyts-e1585168986207.png\",\"width\":200,\"height\":72,\"caption\":\"Phyt's\"},\"image\":{\"@id\":\"https:\\\/\\\/phytstore.com\\\/en\\\/#\\\/schema\\\/logo\\\/image\\\/\"},\"sameAs\":[\"https:\\\/\\\/www.facebook.com\\\/CJMBCosmetiques\\\/?ref=aymt_homepage_panel\",\"https:\\\/\\\/www.instagram.com\\\/phyts_canada\\\/\",\"https:\\\/\\\/www.linkedin.com\\\/company\\\/3337211\\\/admin\\\/\",\"https:\\\/\\\/www.youtube.com\\\/channel\\\/UCEkP009p4XTU5lXjLkaKptA\"]}]}<\/script>\n<!-- \/ Yoast SEO plugin. -->","yoast_head_json":{"title":"Organic Moisturizing Cream with 100%-Natural Ingredients | PHYT'S","description":"PHYT\u2019S Organic Hydrating Cream remains active on your skin for 24 hours to make it soft, radiant, and beautiful. Try it!","robots":{"index":"index","follow":"follow","max-snippet":"max-snippet:-1","max-image-preview":"max-image-preview:large","max-video-preview":"max-video-preview:-1"},"canonical":"https:\/\/phytstore.com\/en\/product\/24h-hydrating-cream\/","og_locale":"en_US","og_type":"article","og_title":"Organic Moisturizing Cream with 100%-Natural Ingredients | PHYT'S","og_description":"PHYT\u2019S Organic Hydrating Cream remains active on your skin for 24 hours to make it soft, radiant, and beautiful. Try it!","og_url":"https:\/\/phytstore.com\/en\/product\/24h-hydrating-cream\/","og_site_name":"PHYT&#039;S","article_publisher":"https:\/\/www.facebook.com\/CJMBCosmetiques\/?ref=aymt_homepage_panel","article_modified_time":"2023-07-11T17:47:43+00:00","og_image":[{"width":534,"height":534,"url":"https:\/\/phytstore.com\/wp-content\/uploads\/2020\/03\/cr\u00e8me-hydratante.jpg","type":"image\/jpeg"}],"twitter_card":"summary_large_image","twitter_misc":{"Est. reading time":"2 minutes"},"schema":{"@context":"https:\/\/schema.org","@graph":[{"@type":"WebPage","@id":"https:\/\/phytstore.com\/en\/product\/24h-hydrating-cream\/","url":"https:\/\/phytstore.com\/en\/product\/24h-hydrating-cream\/","name":"Organic Moisturizing Cream with 100%-Natural Ingredients | PHYT'S","isPartOf":{"@id":"https:\/\/phytstore.com\/en\/#website"},"primaryImageOfPage":{"@id":"https:\/\/phytstore.com\/en\/product\/24h-hydrating-cream\/#primaryimage"},"image":{"@id":"https:\/\/phytstore.com\/en\/product\/24h-hydrating-cream\/#primaryimage"},"thumbnailUrl":"https:\/\/phytstore.com\/wp-content\/uploads\/2020\/03\/cr\u00e8me-hydratante.jpg","datePublished":"2020-03-28T23:56:24+00:00","dateModified":"2023-07-11T17:47:43+00:00","description":"PHYT\u2019S Organic Hydrating Cream remains active on your skin for 24 hours to make it soft, radiant, and beautiful. Try it!","breadcrumb":{"@id":"https:\/\/phytstore.com\/en\/product\/24h-hydrating-cream\/#breadcrumb"},"inLanguage":"en-CA","potentialAction":[{"@type":"ReadAction","target":["https:\/\/phytstore.com\/en\/product\/24h-hydrating-cream\/"]}]},{"@type":"ImageObject","inLanguage":"en-CA","@id":"https:\/\/phytstore.com\/en\/product\/24h-hydrating-cream\/#primaryimage","url":"https:\/\/phytstore.com\/wp-content\/uploads\/2020\/03\/cr\u00e8me-hydratante.jpg","contentUrl":"https:\/\/phytstore.com\/wp-content\/uploads\/2020\/03\/cr\u00e8me-hydratante.jpg","width":534,"height":534,"caption":"cr\u00e8me hydratante"},{"@type":"BreadcrumbList","@id":"https:\/\/phytstore.com\/en\/product\/24h-hydrating-cream\/#breadcrumb","itemListElement":[{"@type":"ListItem","position":1,"name":"Home","item":"https:\/\/phytstore.com\/en\/"},{"@type":"ListItem","position":2,"name":"Shop","item":"https:\/\/phytstore.com\/en\/shop\/"},{"@type":"ListItem","position":3,"name":"Face","item":"https:\/\/phytstore.com\/en\/organic-skin-care\/"},{"@type":"ListItem","position":4,"name":"Dehydration","item":"https:\/\/phytstore.com\/en\/organic-skin-care\/dehydration\/"},{"@type":"ListItem","position":5,"name":"24H Hydrating Cream"}]},{"@type":"WebSite","@id":"https:\/\/phytstore.com\/en\/#website","url":"https:\/\/phytstore.com\/en\/","name":"PHYT&#039;S","description":"Fabricant et distributeur de soins certifi\u00e9s bio pour instituts de beaut\u00e9, spa et esth\u00e9ticiennes","publisher":{"@id":"https:\/\/phytstore.com\/en\/#organization"},"potentialAction":[{"@type":"SearchAction","target":{"@type":"EntryPoint","urlTemplate":"https:\/\/phytstore.com\/en\/?s={search_term_string}"},"query-input":{"@type":"PropertyValueSpecification","valueRequired":true,"valueName":"search_term_string"}}],"inLanguage":"en-CA"},{"@type":"Organization","@id":"https:\/\/phytstore.com\/en\/#organization","name":"Phyt's","url":"https:\/\/phytstore.com\/en\/","logo":{"@type":"ImageObject","inLanguage":"en-CA","@id":"https:\/\/phytstore.com\/en\/#\/schema\/logo\/image\/","url":"https:\/\/phytstore.com\/wp-content\/uploads\/2020\/03\/logo-phyts-e1585168986207.png","contentUrl":"https:\/\/phytstore.com\/wp-content\/uploads\/2020\/03\/logo-phyts-e1585168986207.png","width":200,"height":72,"caption":"Phyt's"},"image":{"@id":"https:\/\/phytstore.com\/en\/#\/schema\/logo\/image\/"},"sameAs":["https:\/\/www.facebook.com\/CJMBCosmetiques\/?ref=aymt_homepage_panel","https:\/\/www.instagram.com\/phyts_canada\/","https:\/\/www.linkedin.com\/company\/3337211\/admin\/","https:\/\/www.youtube.com\/channel\/UCEkP009p4XTU5lXjLkaKptA"]}]}},"jetpack_sharing_enabled":true,"_links":{"self":[{"href":"https:\/\/phytstore.com\/en\/wp-json\/wp\/v2\/product\/2703","targetHints":{"allow":["GET"]}}],"collection":[{"href":"https:\/\/phytstore.com\/en\/wp-json\/wp\/v2\/product"}],"about":[{"href":"https:\/\/phytstore.com\/en\/wp-json\/wp\/v2\/types\/product"}],"replies":[{"embeddable":true,"href":"https:\/\/phytstore.com\/en\/wp-json\/wp\/v2\/comments?post=2703"}],"wp:featuredmedia":[{"embeddable":true,"href":"https:\/\/phytstore.com\/en\/wp-json\/wp\/v2\/media\/2344"}],"wp:attachment":[{"href":"https:\/\/phytstore.com\/en\/wp-json\/wp\/v2\/media?parent=2703"}],"wp:term":[{"taxonomy":"product_brand","embeddable":true,"href":"https:\/\/phytstore.com\/en\/wp-json\/wp\/v2\/product_brand?post=2703"},{"taxonomy":"product_cat","embeddable":true,"href":"https:\/\/phytstore.com\/en\/wp-json\/wp\/v2\/product_cat?post=2703"},{"taxonomy":"product_tag","embeddable":true,"href":"https:\/\/phytstore.com\/en\/wp-json\/wp\/v2\/product_tag?post=2703"}],"curies":[{"name":"wp","href":"https:\/\/api.w.org\/{rel}","templated":true}]}}