{"id":2701,"date":"2020-03-28T19:56:24","date_gmt":"2020-03-28T23:56:24","guid":{"rendered":"https:\/\/phytstore.com\/produit\/masque-hydra-instant\/"},"modified":"2023-11-21T15:28:53","modified_gmt":"2023-11-21T19:28:53","slug":"masque-hydra-instant","status":"publish","type":"product","link":"https:\/\/phytstore.com\/en\/product\/instant-hydration-mask\/","title":{"rendered":"Instant Hydration Mask"},"content":{"rendered":"<p>Thanks to this Organic mask&#8217;s creamy and light texture, immerse your skin in a bath of instant hydratation for an instant fresh effect. In only few minutes, skin is hydrated, smoothed and radiantly beautiful. Wrinkles caused by dehydratation look reduced.<\/p>\n<h2><strong>Active Ingredients :<\/strong><\/h2>\n<p>Vegetal Hyaluronic Acid (low molecular weight), Vegetal Hyaluronic Acid (high molecular weight), Vegetal Sugars, Aloe Vera*, Betaine, Vegetal Glycerin, Sunflower*, Vegetal Vitamin E<br \/>\n<em>* ingredients from Organic Farming<\/em><\/p>\n<h2><strong>How to Apply my Instant Hydration Mask?<\/strong><\/h2>\n<p>Once or twice a week, after cleansing, apply generously all over face, eye-lips contour area, neck and cleavage. Leave on 5 minutes, then rinse with water or with a <strong><a href=\"https:\/\/phytstore.com\/en\/product\/phyts-organic-reusable-wipes\/\">reusable Organic wipe<\/a><\/strong>. Finish by toning the skin with the<strong> <a href=\"https:\/\/phytstore.com\/produit\/hydrole-oranger\/\">Bitter Orange Toner<\/a><\/strong> or the <a href=\"https:\/\/phytstore.com\/produit\/hydrole-eucalyptus\/\"><strong>Eucalyptus Toner<\/strong><\/a>, depending on skin type. Then apply a PHYT&#8217;S daily care.<br \/>\n<strong>Tip :<\/strong> For better penetration and best results, first exfoliate the skin using the <strong><a href=\"https:\/\/phytstore.com\/produit\/gommage-contact\/\">Contact + Scrub<\/a><\/strong>, the<strong> <a href=\"https:\/\/phytstore.com\/produit\/activpeel\/\">Activ&#8217;Peel<\/a><\/strong> or the <strong><a href=\"https:\/\/phytstore.com\/produit\/gommage\/\">White Bio-Active <\/a><a href=\"https:\/\/phytstore.com\/produit\/gommage\/\">Scrub<\/a><\/strong>.<\/p>\n","protected":false},"excerpt":{"rendered":"<p><img loading=\"lazy\" decoding=\"async\" class=\"alignnone size-full wp-image-4920\" src=\"https:\/\/phytstore.com\/wp-content\/uploads\/2020\/07\/Bio-100-Vegan-Efficacite-11.png\" alt=\"\" width=\"274\" height=\"53\" \/><\/p>\n<p>Immediate &amp; Deep hydration<\/p>\n<p><strong>Skin type :<\/strong> All skin types<br \/>\n<strong>Expectations :<\/strong> Moisturizes, plumps<br \/>\n<strong>Presentation :<\/strong> 40 ml tube<\/p>\n","protected":false},"featured_media":2348,"comment_status":"closed","ping_status":"closed","template":"","meta":{"_acf_changed":false,"inline_featured_image":false},"product_brand":[],"product_cat":[81,231,237,252],"product_tag":[],"class_list":{"0":"post-2701","1":"product","2":"type-product","3":"status-publish","4":"has-post-thumbnail","6":"product_cat-aqua-phyts-en","7":"product_cat-dehydration-en","8":"product_cat-first-signs-of-aging","9":"product_cat-masks","11":"first","12":"instock","13":"taxable","14":"shipping-taxable","15":"purchasable","16":"product-type-variable"},"acf":[],"yoast_head":"<!-- This site is optimized with the Yoast SEO plugin v27.1.1 - https:\/\/yoast.com\/product\/yoast-seo-wordpress\/ -->\n<title>Mask Hydra-Instant - PHYT&#039;S - 100% natural &amp; Bio cosmetics<\/title>\n<meta name=\"description\" content=\"Thanks to this Organic mask&#039;s creamy and light texture, immerse your skin in a bath of instant hydratation for an instant fresh effect.\" \/>\n<meta name=\"robots\" content=\"index, follow, max-snippet:-1, max-image-preview:large, max-video-preview:-1\" \/>\n<link rel=\"canonical\" href=\"https:\/\/phytstore.com\/en\/product\/instant-hydration-mask\/\" \/>\n<meta property=\"og:locale\" content=\"en_US\" \/>\n<meta property=\"og:type\" content=\"article\" \/>\n<meta property=\"og:title\" content=\"Mask Hydra-Instant - PHYT&#039;S - 100% natural &amp; Bio cosmetics\" \/>\n<meta property=\"og:description\" content=\"Thanks to this Organic mask&#039;s creamy and light texture, immerse your skin in a bath of instant hydratation for an instant fresh effect.\" \/>\n<meta property=\"og:url\" content=\"https:\/\/phytstore.com\/en\/product\/instant-hydration-mask\/\" \/>\n<meta property=\"og:site_name\" content=\"PHYT&#039;S\" \/>\n<meta property=\"article:publisher\" content=\"https:\/\/www.facebook.com\/CJMBCosmetiques\/?ref=aymt_homepage_panel\" \/>\n<meta property=\"article:modified_time\" content=\"2023-11-21T19:28:53+00:00\" \/>\n<meta property=\"og:image\" content=\"https:\/\/phytstore.com\/wp-content\/uploads\/2020\/03\/masque-hydra-instant.jpg\" \/>\n\t<meta property=\"og:image:width\" content=\"534\" \/>\n\t<meta property=\"og:image:height\" content=\"534\" \/>\n\t<meta property=\"og:image:type\" content=\"image\/jpeg\" \/>\n<meta name=\"twitter:card\" content=\"summary_large_image\" \/>\n<meta name=\"twitter:label1\" content=\"Est. reading time\" \/>\n\t<meta name=\"twitter:data1\" content=\"1 minute\" \/>\n<script type=\"application\/ld+json\" class=\"yoast-schema-graph\">{\"@context\":\"https:\/\/schema.org\",\"@graph\":[{\"@type\":\"WebPage\",\"@id\":\"https:\/\/phytstore.com\/en\/product\/instant-hydration-mask\/\",\"url\":\"https:\/\/phytstore.com\/en\/product\/instant-hydration-mask\/\",\"name\":\"Mask Hydra-Instant - PHYT&#039;S - 100% natural & Bio cosmetics\",\"isPartOf\":{\"@id\":\"https:\/\/phytstore.com\/en\/#website\"},\"primaryImageOfPage\":{\"@id\":\"https:\/\/phytstore.com\/en\/product\/instant-hydration-mask\/#primaryimage\"},\"image\":{\"@id\":\"https:\/\/phytstore.com\/en\/product\/instant-hydration-mask\/#primaryimage\"},\"thumbnailUrl\":\"https:\/\/phytstore.com\/wp-content\/uploads\/2020\/03\/masque-hydra-instant.jpg\",\"datePublished\":\"2020-03-28T23:56:24+00:00\",\"dateModified\":\"2023-11-21T19:28:53+00:00\",\"description\":\"Thanks to this Organic mask's creamy and light texture, immerse your skin in a bath of instant hydratation for an instant fresh effect.\",\"breadcrumb\":{\"@id\":\"https:\/\/phytstore.com\/en\/product\/instant-hydration-mask\/#breadcrumb\"},\"inLanguage\":\"en-CA\",\"potentialAction\":[{\"@type\":\"ReadAction\",\"target\":[\"https:\/\/phytstore.com\/en\/product\/instant-hydration-mask\/\"]}]},{\"@type\":\"ImageObject\",\"inLanguage\":\"en-CA\",\"@id\":\"https:\/\/phytstore.com\/en\/product\/instant-hydration-mask\/#primaryimage\",\"url\":\"https:\/\/phytstore.com\/wp-content\/uploads\/2020\/03\/masque-hydra-instant.jpg\",\"contentUrl\":\"https:\/\/phytstore.com\/wp-content\/uploads\/2020\/03\/masque-hydra-instant.jpg\",\"width\":534,\"height\":534,\"caption\":\"masque hydra instant\"},{\"@type\":\"BreadcrumbList\",\"@id\":\"https:\/\/phytstore.com\/en\/product\/instant-hydration-mask\/#breadcrumb\",\"itemListElement\":[{\"@type\":\"ListItem\",\"position\":1,\"name\":\"Home\",\"item\":\"https:\/\/phytstore.com\/en\/\"},{\"@type\":\"ListItem\",\"position\":2,\"name\":\"Shop\",\"item\":\"https:\/\/phytstore.com\/en\/shop\/\"},{\"@type\":\"ListItem\",\"position\":3,\"name\":\"Face\",\"item\":\"https:\/\/phytstore.com\/en\/organic-skin-care\/\"},{\"@type\":\"ListItem\",\"position\":4,\"name\":\"Dehydration\",\"item\":\"https:\/\/phytstore.com\/en\/organic-skin-care\/dehydration\/\"},{\"@type\":\"ListItem\",\"position\":5,\"name\":\"Instant Hydration Mask\"}]},{\"@type\":\"WebSite\",\"@id\":\"https:\/\/phytstore.com\/en\/#website\",\"url\":\"https:\/\/phytstore.com\/en\/\",\"name\":\"PHYT&#039;S\",\"description\":\"Fabricant et distributeur de soins certifi\u00e9s bio pour instituts de beaut\u00e9, spa et esth\u00e9ticiennes\",\"publisher\":{\"@id\":\"https:\/\/phytstore.com\/en\/#organization\"},\"potentialAction\":[{\"@type\":\"SearchAction\",\"target\":{\"@type\":\"EntryPoint\",\"urlTemplate\":\"https:\/\/phytstore.com\/en\/?s={search_term_string}\"},\"query-input\":{\"@type\":\"PropertyValueSpecification\",\"valueRequired\":true,\"valueName\":\"search_term_string\"}}],\"inLanguage\":\"en-CA\"},{\"@type\":\"Organization\",\"@id\":\"https:\/\/phytstore.com\/en\/#organization\",\"name\":\"Phyt's\",\"url\":\"https:\/\/phytstore.com\/en\/\",\"logo\":{\"@type\":\"ImageObject\",\"inLanguage\":\"en-CA\",\"@id\":\"https:\/\/phytstore.com\/en\/#\/schema\/logo\/image\/\",\"url\":\"https:\/\/phytstore.com\/wp-content\/uploads\/2020\/03\/logo-phyts-e1585168986207.png\",\"contentUrl\":\"https:\/\/phytstore.com\/wp-content\/uploads\/2020\/03\/logo-phyts-e1585168986207.png\",\"width\":200,\"height\":72,\"caption\":\"Phyt's\"},\"image\":{\"@id\":\"https:\/\/phytstore.com\/en\/#\/schema\/logo\/image\/\"},\"sameAs\":[\"https:\/\/www.facebook.com\/CJMBCosmetiques\/?ref=aymt_homepage_panel\",\"https:\/\/www.instagram.com\/phyts_canada\/\",\"https:\/\/www.linkedin.com\/company\/3337211\/admin\/\",\"https:\/\/www.youtube.com\/channel\/UCEkP009p4XTU5lXjLkaKptA\"]}]}<\/script>\n<!-- \/ Yoast SEO plugin. -->","yoast_head_json":{"title":"Mask Hydra-Instant - PHYT&#039;S - 100% natural & Bio cosmetics","description":"Thanks to this Organic mask's creamy and light texture, immerse your skin in a bath of instant hydratation for an instant fresh effect.","robots":{"index":"index","follow":"follow","max-snippet":"max-snippet:-1","max-image-preview":"max-image-preview:large","max-video-preview":"max-video-preview:-1"},"canonical":"https:\/\/phytstore.com\/en\/product\/instant-hydration-mask\/","og_locale":"en_US","og_type":"article","og_title":"Mask Hydra-Instant - PHYT&#039;S - 100% natural & Bio cosmetics","og_description":"Thanks to this Organic mask's creamy and light texture, immerse your skin in a bath of instant hydratation for an instant fresh effect.","og_url":"https:\/\/phytstore.com\/en\/product\/instant-hydration-mask\/","og_site_name":"PHYT&#039;S","article_publisher":"https:\/\/www.facebook.com\/CJMBCosmetiques\/?ref=aymt_homepage_panel","article_modified_time":"2023-11-21T19:28:53+00:00","og_image":[{"width":534,"height":534,"url":"https:\/\/phytstore.com\/wp-content\/uploads\/2020\/03\/masque-hydra-instant.jpg","type":"image\/jpeg"}],"twitter_card":"summary_large_image","twitter_misc":{"Est. reading time":"1 minute"},"schema":{"@context":"https:\/\/schema.org","@graph":[{"@type":"WebPage","@id":"https:\/\/phytstore.com\/en\/product\/instant-hydration-mask\/","url":"https:\/\/phytstore.com\/en\/product\/instant-hydration-mask\/","name":"Mask Hydra-Instant - PHYT&#039;S - 100% natural & Bio cosmetics","isPartOf":{"@id":"https:\/\/phytstore.com\/en\/#website"},"primaryImageOfPage":{"@id":"https:\/\/phytstore.com\/en\/product\/instant-hydration-mask\/#primaryimage"},"image":{"@id":"https:\/\/phytstore.com\/en\/product\/instant-hydration-mask\/#primaryimage"},"thumbnailUrl":"https:\/\/phytstore.com\/wp-content\/uploads\/2020\/03\/masque-hydra-instant.jpg","datePublished":"2020-03-28T23:56:24+00:00","dateModified":"2023-11-21T19:28:53+00:00","description":"Thanks to this Organic mask's creamy and light texture, immerse your skin in a bath of instant hydratation for an instant fresh effect.","breadcrumb":{"@id":"https:\/\/phytstore.com\/en\/product\/instant-hydration-mask\/#breadcrumb"},"inLanguage":"en-CA","potentialAction":[{"@type":"ReadAction","target":["https:\/\/phytstore.com\/en\/product\/instant-hydration-mask\/"]}]},{"@type":"ImageObject","inLanguage":"en-CA","@id":"https:\/\/phytstore.com\/en\/product\/instant-hydration-mask\/#primaryimage","url":"https:\/\/phytstore.com\/wp-content\/uploads\/2020\/03\/masque-hydra-instant.jpg","contentUrl":"https:\/\/phytstore.com\/wp-content\/uploads\/2020\/03\/masque-hydra-instant.jpg","width":534,"height":534,"caption":"masque hydra instant"},{"@type":"BreadcrumbList","@id":"https:\/\/phytstore.com\/en\/product\/instant-hydration-mask\/#breadcrumb","itemListElement":[{"@type":"ListItem","position":1,"name":"Home","item":"https:\/\/phytstore.com\/en\/"},{"@type":"ListItem","position":2,"name":"Shop","item":"https:\/\/phytstore.com\/en\/shop\/"},{"@type":"ListItem","position":3,"name":"Face","item":"https:\/\/phytstore.com\/en\/organic-skin-care\/"},{"@type":"ListItem","position":4,"name":"Dehydration","item":"https:\/\/phytstore.com\/en\/organic-skin-care\/dehydration\/"},{"@type":"ListItem","position":5,"name":"Instant Hydration Mask"}]},{"@type":"WebSite","@id":"https:\/\/phytstore.com\/en\/#website","url":"https:\/\/phytstore.com\/en\/","name":"PHYT&#039;S","description":"Fabricant et distributeur de soins certifi\u00e9s bio pour instituts de beaut\u00e9, spa et esth\u00e9ticiennes","publisher":{"@id":"https:\/\/phytstore.com\/en\/#organization"},"potentialAction":[{"@type":"SearchAction","target":{"@type":"EntryPoint","urlTemplate":"https:\/\/phytstore.com\/en\/?s={search_term_string}"},"query-input":{"@type":"PropertyValueSpecification","valueRequired":true,"valueName":"search_term_string"}}],"inLanguage":"en-CA"},{"@type":"Organization","@id":"https:\/\/phytstore.com\/en\/#organization","name":"Phyt's","url":"https:\/\/phytstore.com\/en\/","logo":{"@type":"ImageObject","inLanguage":"en-CA","@id":"https:\/\/phytstore.com\/en\/#\/schema\/logo\/image\/","url":"https:\/\/phytstore.com\/wp-content\/uploads\/2020\/03\/logo-phyts-e1585168986207.png","contentUrl":"https:\/\/phytstore.com\/wp-content\/uploads\/2020\/03\/logo-phyts-e1585168986207.png","width":200,"height":72,"caption":"Phyt's"},"image":{"@id":"https:\/\/phytstore.com\/en\/#\/schema\/logo\/image\/"},"sameAs":["https:\/\/www.facebook.com\/CJMBCosmetiques\/?ref=aymt_homepage_panel","https:\/\/www.instagram.com\/phyts_canada\/","https:\/\/www.linkedin.com\/company\/3337211\/admin\/","https:\/\/www.youtube.com\/channel\/UCEkP009p4XTU5lXjLkaKptA"]}]}},"jetpack_sharing_enabled":true,"_links":{"self":[{"href":"https:\/\/phytstore.com\/en\/wp-json\/wp\/v2\/product\/2701","targetHints":{"allow":["GET"]}}],"collection":[{"href":"https:\/\/phytstore.com\/en\/wp-json\/wp\/v2\/product"}],"about":[{"href":"https:\/\/phytstore.com\/en\/wp-json\/wp\/v2\/types\/product"}],"replies":[{"embeddable":true,"href":"https:\/\/phytstore.com\/en\/wp-json\/wp\/v2\/comments?post=2701"}],"wp:featuredmedia":[{"embeddable":true,"href":"https:\/\/phytstore.com\/en\/wp-json\/wp\/v2\/media\/2348"}],"wp:attachment":[{"href":"https:\/\/phytstore.com\/en\/wp-json\/wp\/v2\/media?parent=2701"}],"wp:term":[{"taxonomy":"product_brand","embeddable":true,"href":"https:\/\/phytstore.com\/en\/wp-json\/wp\/v2\/product_brand?post=2701"},{"taxonomy":"product_cat","embeddable":true,"href":"https:\/\/phytstore.com\/en\/wp-json\/wp\/v2\/product_cat?post=2701"},{"taxonomy":"product_tag","embeddable":true,"href":"https:\/\/phytstore.com\/en\/wp-json\/wp\/v2\/product_tag?post=2701"}],"curies":[{"name":"wp","href":"https:\/\/api.w.org\/{rel}","templated":true}]}}