{"id":2696,"date":"2020-03-28T19:56:24","date_gmt":"2020-03-28T23:56:24","guid":{"rendered":"https:\/\/phytstore.com\/produit\/soin-confort-des-levres\/"},"modified":"2023-11-21T15:31:12","modified_gmt":"2023-11-21T19:31:12","slug":"soin-confort-des-levres","status":"publish","type":"product","link":"https:\/\/phytstore.com\/en\/product\/lip-care-balm\/","title":{"rendered":"Comfort Lip Care Balm"},"content":{"rendered":"<p>With its blend of vegetables oils, waxes and Shea butter, this Organic lip balm nourishes*, repairs and soothes dry lips. It also protects them from external environmental attacks. Its creamy and delicious texture preserves the beauty of the lips and provides softness and comfort. Lips appear revitalized, radiant and rejuvenated.<br \/>\n<em>* via hydration<\/em><\/p>\n<h2><strong>Active Ingredients :<\/strong><\/h2>\n<p>Avocado*, Argan*, Coconut*, Hemp*, Sunflower*, Shea Butter*, Beeswax*, Calendula*, Vegetal Bisabolol, Vegetal Vitamin E<br \/>\n<em>* ingredients from Organic Farming<\/em><\/p>\n<h2><strong>How to Apply my Comfort Lip Care Balm?<\/strong><\/h2>\n<p>Apply on lips as often as necessary.<br \/>\n<strong>Tips :<\/strong> For better penetration, exfoliate your lips once or twice a week with the <strong><a href=\"https:\/\/phytstore.com\/en\/product\/contact-scrub\/\">Contact + Scrub<\/a><\/strong>. Also, for best protection, apply the <strong><a href=\"https:\/\/phytstore.com\/en\/product\/extreme-nutrition-lip-stick\/\">Extreme Nutrition Lip Stick<\/a><\/strong>\u00a0over it. And for shining lips, apply a\u00a0<a href=\"https:\/\/phytstore.com\/en\/product\/lipstick-taffeta-pink\/\"><strong>Lipstick<\/strong><\/a>\u00a0over it.<\/p>\n","protected":false},"excerpt":{"rendered":"<p><img loading=\"lazy\" decoding=\"async\" class=\"alignnone size-full wp-image-4923\" src=\"https:\/\/phytstore.com\/wp-content\/uploads\/2020\/03\/Bio-100.png\" alt=\"\" width=\"274\" height=\"53\" \/><\/p>\n<p>Nourishing*, softening &amp; protective<\/p>\n<p><strong>Skin type :<\/strong> Dry to very dry lips<br \/>\n<strong>Expectations :<\/strong> Nourishes*, repairs, softens, protects<br \/>\n<strong>Presentation :<\/strong> 10 g tube<\/p>\n","protected":false},"featured_media":1686,"comment_status":"closed","ping_status":"closed","template":"","meta":{"_acf_changed":false,"inline_featured_image":false},"product_brand":[],"product_cat":[83,313],"product_tag":[],"class_list":{"0":"post-2696","1":"product","2":"type-product","3":"status-publish","4":"has-post-thumbnail","6":"product_cat-douceur-jour-en","7":"product_cat-lip-care","9":"first","10":"instock","11":"taxable","12":"shipping-taxable","13":"purchasable","14":"product-type-simple"},"acf":[],"yoast_head":"<!-- This site is optimized with the Yoast SEO plugin v27.4 - https:\/\/yoast.com\/product\/yoast-seo-wordpress\/ -->\n<title>Comfort Lip Care Balm - PHYT&#039;S - 100% natural &amp; organic lips balm<\/title>\n<meta name=\"description\" content=\"This Organic lip balm protects, softens and soothes even the most damaged &amp; dry lips. Its creamy texture preserves the youth and beauty of lips.\" \/>\n<meta name=\"robots\" content=\"index, follow, max-snippet:-1, max-image-preview:large, max-video-preview:-1\" \/>\n<link rel=\"canonical\" href=\"https:\/\/phytstore.com\/en\/product\/lip-care-balm\/\" \/>\n<meta property=\"og:locale\" content=\"en_US\" \/>\n<meta property=\"og:type\" content=\"article\" \/>\n<meta property=\"og:title\" content=\"Comfort Lip Care Balm - PHYT&#039;S - 100% natural &amp; organic lips balm\" \/>\n<meta property=\"og:description\" content=\"This Organic lip balm protects, softens and soothes even the most damaged &amp; dry lips. Its creamy texture preserves the youth and beauty of lips.\" \/>\n<meta property=\"og:url\" content=\"https:\/\/phytstore.com\/en\/product\/lip-care-balm\/\" \/>\n<meta property=\"og:site_name\" content=\"PHYT&#039;S\" \/>\n<meta property=\"article:publisher\" content=\"https:\/\/www.facebook.com\/CJMBCosmetiques\/?ref=aymt_homepage_panel\" \/>\n<meta property=\"article:modified_time\" content=\"2023-11-21T19:31:12+00:00\" \/>\n<meta name=\"twitter:card\" content=\"summary_large_image\" \/>\n<meta name=\"twitter:label1\" content=\"Est. reading time\" \/>\n\t<meta name=\"twitter:data1\" content=\"1 minute\" \/>\n<script type=\"application\/ld+json\" class=\"yoast-schema-graph\">{\"@context\":\"https:\\\/\\\/schema.org\",\"@graph\":[{\"@type\":\"WebPage\",\"@id\":\"https:\\\/\\\/phytstore.com\\\/en\\\/product\\\/lip-care-balm\\\/\",\"url\":\"https:\\\/\\\/phytstore.com\\\/en\\\/product\\\/lip-care-balm\\\/\",\"name\":\"Comfort Lip Care Balm - PHYT&#039;S - 100% natural & organic lips balm\",\"isPartOf\":{\"@id\":\"https:\\\/\\\/phytstore.com\\\/en\\\/#website\"},\"primaryImageOfPage\":{\"@id\":\"https:\\\/\\\/phytstore.com\\\/en\\\/product\\\/lip-care-balm\\\/#primaryimage\"},\"image\":{\"@id\":\"https:\\\/\\\/phytstore.com\\\/en\\\/product\\\/lip-care-balm\\\/#primaryimage\"},\"thumbnailUrl\":\"https:\\\/\\\/phytstore.com\\\/wp-content\\\/uploads\\\/2020\\\/03\\\/soin-confort-des-levres.jpg\",\"datePublished\":\"2020-03-28T23:56:24+00:00\",\"dateModified\":\"2023-11-21T19:31:12+00:00\",\"description\":\"This Organic lip balm protects, softens and soothes even the most damaged & dry lips. Its creamy texture preserves the youth and beauty of lips.\",\"breadcrumb\":{\"@id\":\"https:\\\/\\\/phytstore.com\\\/en\\\/product\\\/lip-care-balm\\\/#breadcrumb\"},\"inLanguage\":\"en-CA\",\"potentialAction\":[{\"@type\":\"ReadAction\",\"target\":[\"https:\\\/\\\/phytstore.com\\\/en\\\/product\\\/lip-care-balm\\\/\"]}]},{\"@type\":\"ImageObject\",\"inLanguage\":\"en-CA\",\"@id\":\"https:\\\/\\\/phytstore.com\\\/en\\\/product\\\/lip-care-balm\\\/#primaryimage\",\"url\":\"https:\\\/\\\/phytstore.com\\\/wp-content\\\/uploads\\\/2020\\\/03\\\/soin-confort-des-levres.jpg\",\"contentUrl\":\"https:\\\/\\\/phytstore.com\\\/wp-content\\\/uploads\\\/2020\\\/03\\\/soin-confort-des-levres.jpg\",\"width\":534,\"height\":534,\"caption\":\"soin confort des levres\"},{\"@type\":\"BreadcrumbList\",\"@id\":\"https:\\\/\\\/phytstore.com\\\/en\\\/product\\\/lip-care-balm\\\/#breadcrumb\",\"itemListElement\":[{\"@type\":\"ListItem\",\"position\":1,\"name\":\"Home\",\"item\":\"https:\\\/\\\/phytstore.com\\\/en\\\/\"},{\"@type\":\"ListItem\",\"position\":2,\"name\":\"Shop\",\"item\":\"https:\\\/\\\/phytstore.com\\\/en\\\/shop\\\/\"},{\"@type\":\"ListItem\",\"position\":3,\"name\":\"Face\",\"item\":\"https:\\\/\\\/phytstore.com\\\/en\\\/organic-skin-care\\\/\"},{\"@type\":\"ListItem\",\"position\":4,\"name\":\"Lip Care\",\"item\":\"https:\\\/\\\/phytstore.com\\\/en\\\/organic-skin-care\\\/natural-lip-care\\\/\"},{\"@type\":\"ListItem\",\"position\":5,\"name\":\"Comfort Lip Care Balm\"}]},{\"@type\":\"WebSite\",\"@id\":\"https:\\\/\\\/phytstore.com\\\/en\\\/#website\",\"url\":\"https:\\\/\\\/phytstore.com\\\/en\\\/\",\"name\":\"PHYT&#039;S\",\"description\":\"Fabricant et distributeur de soins certifi\u00e9s bio pour instituts de beaut\u00e9, spa et esth\u00e9ticiennes\",\"publisher\":{\"@id\":\"https:\\\/\\\/phytstore.com\\\/en\\\/#organization\"},\"potentialAction\":[{\"@type\":\"SearchAction\",\"target\":{\"@type\":\"EntryPoint\",\"urlTemplate\":\"https:\\\/\\\/phytstore.com\\\/en\\\/?s={search_term_string}\"},\"query-input\":{\"@type\":\"PropertyValueSpecification\",\"valueRequired\":true,\"valueName\":\"search_term_string\"}}],\"inLanguage\":\"en-CA\"},{\"@type\":\"Organization\",\"@id\":\"https:\\\/\\\/phytstore.com\\\/en\\\/#organization\",\"name\":\"Phyt's\",\"url\":\"https:\\\/\\\/phytstore.com\\\/en\\\/\",\"logo\":{\"@type\":\"ImageObject\",\"inLanguage\":\"en-CA\",\"@id\":\"https:\\\/\\\/phytstore.com\\\/en\\\/#\\\/schema\\\/logo\\\/image\\\/\",\"url\":\"https:\\\/\\\/phytstore.com\\\/wp-content\\\/uploads\\\/2020\\\/03\\\/logo-phyts-e1585168986207.png\",\"contentUrl\":\"https:\\\/\\\/phytstore.com\\\/wp-content\\\/uploads\\\/2020\\\/03\\\/logo-phyts-e1585168986207.png\",\"width\":200,\"height\":72,\"caption\":\"Phyt's\"},\"image\":{\"@id\":\"https:\\\/\\\/phytstore.com\\\/en\\\/#\\\/schema\\\/logo\\\/image\\\/\"},\"sameAs\":[\"https:\\\/\\\/www.facebook.com\\\/CJMBCosmetiques\\\/?ref=aymt_homepage_panel\",\"https:\\\/\\\/www.instagram.com\\\/phyts_canada\\\/\",\"https:\\\/\\\/www.linkedin.com\\\/company\\\/3337211\\\/admin\\\/\",\"https:\\\/\\\/www.youtube.com\\\/channel\\\/UCEkP009p4XTU5lXjLkaKptA\"]}]}<\/script>\n<!-- \/ Yoast SEO plugin. -->","yoast_head_json":{"title":"Comfort Lip Care Balm - PHYT&#039;S - 100% natural & organic lips balm","description":"This Organic lip balm protects, softens and soothes even the most damaged & dry lips. Its creamy texture preserves the youth and beauty of lips.","robots":{"index":"index","follow":"follow","max-snippet":"max-snippet:-1","max-image-preview":"max-image-preview:large","max-video-preview":"max-video-preview:-1"},"canonical":"https:\/\/phytstore.com\/en\/product\/lip-care-balm\/","og_locale":"en_US","og_type":"article","og_title":"Comfort Lip Care Balm - PHYT&#039;S - 100% natural & organic lips balm","og_description":"This Organic lip balm protects, softens and soothes even the most damaged & dry lips. Its creamy texture preserves the youth and beauty of lips.","og_url":"https:\/\/phytstore.com\/en\/product\/lip-care-balm\/","og_site_name":"PHYT&#039;S","article_publisher":"https:\/\/www.facebook.com\/CJMBCosmetiques\/?ref=aymt_homepage_panel","article_modified_time":"2023-11-21T19:31:12+00:00","twitter_card":"summary_large_image","twitter_misc":{"Est. reading time":"1 minute"},"schema":{"@context":"https:\/\/schema.org","@graph":[{"@type":"WebPage","@id":"https:\/\/phytstore.com\/en\/product\/lip-care-balm\/","url":"https:\/\/phytstore.com\/en\/product\/lip-care-balm\/","name":"Comfort Lip Care Balm - PHYT&#039;S - 100% natural & organic lips balm","isPartOf":{"@id":"https:\/\/phytstore.com\/en\/#website"},"primaryImageOfPage":{"@id":"https:\/\/phytstore.com\/en\/product\/lip-care-balm\/#primaryimage"},"image":{"@id":"https:\/\/phytstore.com\/en\/product\/lip-care-balm\/#primaryimage"},"thumbnailUrl":"https:\/\/phytstore.com\/wp-content\/uploads\/2020\/03\/soin-confort-des-levres.jpg","datePublished":"2020-03-28T23:56:24+00:00","dateModified":"2023-11-21T19:31:12+00:00","description":"This Organic lip balm protects, softens and soothes even the most damaged & dry lips. Its creamy texture preserves the youth and beauty of lips.","breadcrumb":{"@id":"https:\/\/phytstore.com\/en\/product\/lip-care-balm\/#breadcrumb"},"inLanguage":"en-CA","potentialAction":[{"@type":"ReadAction","target":["https:\/\/phytstore.com\/en\/product\/lip-care-balm\/"]}]},{"@type":"ImageObject","inLanguage":"en-CA","@id":"https:\/\/phytstore.com\/en\/product\/lip-care-balm\/#primaryimage","url":"https:\/\/phytstore.com\/wp-content\/uploads\/2020\/03\/soin-confort-des-levres.jpg","contentUrl":"https:\/\/phytstore.com\/wp-content\/uploads\/2020\/03\/soin-confort-des-levres.jpg","width":534,"height":534,"caption":"soin confort des levres"},{"@type":"BreadcrumbList","@id":"https:\/\/phytstore.com\/en\/product\/lip-care-balm\/#breadcrumb","itemListElement":[{"@type":"ListItem","position":1,"name":"Home","item":"https:\/\/phytstore.com\/en\/"},{"@type":"ListItem","position":2,"name":"Shop","item":"https:\/\/phytstore.com\/en\/shop\/"},{"@type":"ListItem","position":3,"name":"Face","item":"https:\/\/phytstore.com\/en\/organic-skin-care\/"},{"@type":"ListItem","position":4,"name":"Lip Care","item":"https:\/\/phytstore.com\/en\/organic-skin-care\/natural-lip-care\/"},{"@type":"ListItem","position":5,"name":"Comfort Lip Care Balm"}]},{"@type":"WebSite","@id":"https:\/\/phytstore.com\/en\/#website","url":"https:\/\/phytstore.com\/en\/","name":"PHYT&#039;S","description":"Fabricant et distributeur de soins certifi\u00e9s bio pour instituts de beaut\u00e9, spa et esth\u00e9ticiennes","publisher":{"@id":"https:\/\/phytstore.com\/en\/#organization"},"potentialAction":[{"@type":"SearchAction","target":{"@type":"EntryPoint","urlTemplate":"https:\/\/phytstore.com\/en\/?s={search_term_string}"},"query-input":{"@type":"PropertyValueSpecification","valueRequired":true,"valueName":"search_term_string"}}],"inLanguage":"en-CA"},{"@type":"Organization","@id":"https:\/\/phytstore.com\/en\/#organization","name":"Phyt's","url":"https:\/\/phytstore.com\/en\/","logo":{"@type":"ImageObject","inLanguage":"en-CA","@id":"https:\/\/phytstore.com\/en\/#\/schema\/logo\/image\/","url":"https:\/\/phytstore.com\/wp-content\/uploads\/2020\/03\/logo-phyts-e1585168986207.png","contentUrl":"https:\/\/phytstore.com\/wp-content\/uploads\/2020\/03\/logo-phyts-e1585168986207.png","width":200,"height":72,"caption":"Phyt's"},"image":{"@id":"https:\/\/phytstore.com\/en\/#\/schema\/logo\/image\/"},"sameAs":["https:\/\/www.facebook.com\/CJMBCosmetiques\/?ref=aymt_homepage_panel","https:\/\/www.instagram.com\/phyts_canada\/","https:\/\/www.linkedin.com\/company\/3337211\/admin\/","https:\/\/www.youtube.com\/channel\/UCEkP009p4XTU5lXjLkaKptA"]}]}},"jetpack_sharing_enabled":true,"_links":{"self":[{"href":"https:\/\/phytstore.com\/en\/wp-json\/wp\/v2\/product\/2696","targetHints":{"allow":["GET"]}}],"collection":[{"href":"https:\/\/phytstore.com\/en\/wp-json\/wp\/v2\/product"}],"about":[{"href":"https:\/\/phytstore.com\/en\/wp-json\/wp\/v2\/types\/product"}],"replies":[{"embeddable":true,"href":"https:\/\/phytstore.com\/en\/wp-json\/wp\/v2\/comments?post=2696"}],"wp:featuredmedia":[{"embeddable":true,"href":"https:\/\/phytstore.com\/en\/wp-json\/wp\/v2\/media\/1686"}],"wp:attachment":[{"href":"https:\/\/phytstore.com\/en\/wp-json\/wp\/v2\/media?parent=2696"}],"wp:term":[{"taxonomy":"product_brand","embeddable":true,"href":"https:\/\/phytstore.com\/en\/wp-json\/wp\/v2\/product_brand?post=2696"},{"taxonomy":"product_cat","embeddable":true,"href":"https:\/\/phytstore.com\/en\/wp-json\/wp\/v2\/product_cat?post=2696"},{"taxonomy":"product_tag","embeddable":true,"href":"https:\/\/phytstore.com\/en\/wp-json\/wp\/v2\/product_tag?post=2696"}],"curies":[{"name":"wp","href":"https:\/\/api.w.org\/{rel}","templated":true}]}}