{"id":2694,"date":"2020-03-28T19:56:23","date_gmt":"2020-03-28T23:56:23","guid":{"rendered":"https:\/\/phytstore.com\/produit\/serum-defroissant-yeux\/"},"modified":"2024-05-30T11:25:58","modified_gmt":"2024-05-30T15:25:58","slug":"serum-defroissant-yeux","status":"publish","type":"product","link":"https:\/\/phytstore.com\/en\/product\/smoothing-eye-serum\/","title":{"rendered":"Smoothing Eye Serum"},"content":{"rendered":"<p>An instant tensing effect, combined with a Silica and Potassium synergy, and a high concentration of Phyto-Active Eye Complex. This Organic smoothing serum helps to invigorate and moisturizes the skin of the eye contour. Puffiness and dark circles appear reduced, skin is hydrated and the eye contour has a well-rested look.<br \/>\n<em>* reduces the look of puffiness and dark circles<\/em><\/p>\n<h3><strong>Active Ingredients :<\/strong><\/h3>\n<p>Phyto-Active Eye Complex* (Sorbier Bud*, Horse Chestnut*, Arnica Montana*, Centella Asiatica* and Meadowsweet*), Vegetal Hyaluronic Acid, Aloe Vera*, Silica, Potassium, Vegetal Glycerin, Acacia Gum<br \/>\n<em>* ingredients from Organic Farming<\/em><\/p>\n<h2><strong>How to apply your smoothing eye serum<\/strong><\/h2>\n<p>To <strong>apply your smoothing eye serum<\/strong> optimally, follow these steps: start by delicately cleansing your face with a gentle product to eliminate impurities and traces of makeup. Then, use the <strong>cooling roll-on applicator<\/strong>, following the PHYT\u2019S gestures described in the instructions provided with the product. This specific movement helps stimulate blood and lymphatic circulation and promotes the absorption of the serum.<\/p>\n<p>Once the lightweight serum is completely absorbed by the <strong>skin around the eyes<\/strong>, <strong>enrich your beauty routine<\/strong> by applying the\u00a0<a href=\"https:\/\/phytstore.com\/en\/product\/invigorating-eye-care\/\">Invigorating Eye Care<\/a> product to hydrate and revitalize. You can also opt for the\u00a0<a href=\"https:\/\/phytstore.com\/en\/product\/eye-lip-contour-cream\/\">Eye &amp; Lip Contour Cream<\/a> for targeted action against deep wrinkles and signs of aging, or the\u00a0<a href=\"https:\/\/phytstore.com\/en\/product\/panacea-eye-contour-cream\/\">Panacea Eye Contour Cream<\/a> for a complete response to the needs of the sensitive skin of the under-eye area.<\/p>\n<p>In addition to this daily routine, <strong>increase the effectiveness of your serum<\/strong> by integrating a gentle exfoliation with the\u00a0<a href=\"https:\/\/phytstore.com\/en\/product\/contact-scrub\/\">Contact + Scrub<\/a> once or twice a week. This will help remove dead skin cells and promote better penetration of the active ingredients.<\/p>\n<p>Discover our full range of\u00a0<a href=\"https:\/\/phytstore.com\/en\/organic-skin-care\/natural-eye-care\/\">skin care products for the eyes<\/a>, with unique properties specifically designed to enhance the radiance of the eye area. Find the product perfectly suited to your needs for a youthful look and exquisite skin complexion over time.<\/p>\n<h2><strong>What is an Organic eye serum used for?<\/strong><\/h2>\n<p>An eye serum is a skincare product designed to <strong>specifically target skin concerns regarding the delicate skin<\/strong> around the eyes. Its concentrated formula helps effectively treat visible signs of aging, such as eye wrinkles and the appearance of fine lines, as well as dark circles and bags under the eyes.<\/p>\n<p>Thanks to its powerful and natural Organic extracts, the smoothing eye serum revitalizes, deeply moisturizes, and improves skin texture and elasticity, offering a younger, more rested look.<\/p>\n","protected":false},"excerpt":{"rendered":"<p><img loading=\"lazy\" decoding=\"async\" class=\"alignnone size-full wp-image-4920\" src=\"https:\/\/phytstore.com\/wp-content\/uploads\/2020\/07\/Bio-100-Vegan-Efficacite-11.png\" alt=\"\" width=\"274\" height=\"53\" \/><\/p>\n<p>Anti-puffiness*, anti-dark circles*, hydrating &amp; instant lifting booster<\/p>\n<p><strong>Skin type :<\/strong> Eyes (even the most sensitive)<br \/>\n<strong>Expectations :<\/strong> Revitalizes, lifts, tones, hydrates<br \/>\n<strong>Presentation :<\/strong> 15 g tube with massage tip<\/p>\n","protected":false},"featured_media":3734,"comment_status":"closed","ping_status":"closed","template":"","meta":{"_acf_changed":false,"inline_featured_image":false},"product_brand":[],"product_cat":[254,312,88,229,231],"product_tag":[],"class_list":{"0":"post-2694","1":"product","2":"type-product","3":"status-publish","4":"has-post-thumbnail","6":"product_cat-booster-serums-concentrates","7":"product_cat-eye-care","8":"product_cat-phytsublim-eyes-en","9":"product_cat-dark-circles-puffiness","10":"product_cat-dehydration-en","12":"first","13":"instock","14":"taxable","15":"shipping-taxable","16":"purchasable","17":"product-type-simple"},"acf":[],"yoast_head":"<!-- This site is optimized with the Yoast SEO plugin v27.4 - https:\/\/yoast.com\/product\/yoast-seo-wordpress\/ -->\n<title>Smoothing Eye Serum - Organic and 100% Natural - PHYT\u2019S<\/title>\n<meta name=\"description\" content=\"Discover our Organic and 100% natural eye serum for a revitalized look. PHYT\u2019S smoothing eye serum is the essence of natural care for your eyes.\" \/>\n<meta name=\"robots\" content=\"index, follow, max-snippet:-1, max-image-preview:large, max-video-preview:-1\" \/>\n<link rel=\"canonical\" href=\"https:\/\/phytstore.com\/en\/product\/smoothing-eye-serum\/\" \/>\n<meta property=\"og:locale\" content=\"en_US\" \/>\n<meta property=\"og:type\" content=\"article\" \/>\n<meta property=\"og:title\" content=\"Smoothing Eye Serum - Organic and 100% Natural - PHYT\u2019S\" \/>\n<meta property=\"og:description\" content=\"Discover our Organic and 100% natural eye serum for a revitalized look. PHYT\u2019S smoothing eye serum is the essence of natural care for your eyes.\" \/>\n<meta property=\"og:url\" content=\"https:\/\/phytstore.com\/en\/product\/smoothing-eye-serum\/\" \/>\n<meta property=\"og:site_name\" content=\"PHYT&#039;S\" \/>\n<meta property=\"article:publisher\" content=\"https:\/\/www.facebook.com\/CJMBCosmetiques\/?ref=aymt_homepage_panel\" \/>\n<meta property=\"article:modified_time\" content=\"2024-05-30T15:25:58+00:00\" \/>\n<meta property=\"og:image\" content=\"https:\/\/phytstore.com\/wp-content\/uploads\/2020\/03\/serum-ca-.jpg\" \/>\n\t<meta property=\"og:image:width\" content=\"1080\" \/>\n\t<meta property=\"og:image:height\" content=\"1080\" \/>\n\t<meta property=\"og:image:type\" content=\"image\/jpeg\" \/>\n<meta name=\"twitter:card\" content=\"summary_large_image\" \/>\n<meta name=\"twitter:label1\" content=\"Est. reading time\" \/>\n\t<meta name=\"twitter:data1\" content=\"3 minutes\" \/>\n<script type=\"application\/ld+json\" class=\"yoast-schema-graph\">{\"@context\":\"https:\\\/\\\/schema.org\",\"@graph\":[{\"@type\":\"WebPage\",\"@id\":\"https:\\\/\\\/phytstore.com\\\/en\\\/product\\\/smoothing-eye-serum\\\/\",\"url\":\"https:\\\/\\\/phytstore.com\\\/en\\\/product\\\/smoothing-eye-serum\\\/\",\"name\":\"Smoothing Eye Serum - Organic and 100% Natural - PHYT\u2019S\",\"isPartOf\":{\"@id\":\"https:\\\/\\\/phytstore.com\\\/en\\\/#website\"},\"primaryImageOfPage\":{\"@id\":\"https:\\\/\\\/phytstore.com\\\/en\\\/product\\\/smoothing-eye-serum\\\/#primaryimage\"},\"image\":{\"@id\":\"https:\\\/\\\/phytstore.com\\\/en\\\/product\\\/smoothing-eye-serum\\\/#primaryimage\"},\"thumbnailUrl\":\"https:\\\/\\\/phytstore.com\\\/wp-content\\\/uploads\\\/2020\\\/03\\\/serum-ca-.jpg\",\"datePublished\":\"2020-03-28T23:56:23+00:00\",\"dateModified\":\"2024-05-30T15:25:58+00:00\",\"description\":\"Discover our Organic and 100% natural eye serum for a revitalized look. PHYT\u2019S smoothing eye serum is the essence of natural care for your eyes.\",\"breadcrumb\":{\"@id\":\"https:\\\/\\\/phytstore.com\\\/en\\\/product\\\/smoothing-eye-serum\\\/#breadcrumb\"},\"inLanguage\":\"en-CA\",\"potentialAction\":[{\"@type\":\"ReadAction\",\"target\":[\"https:\\\/\\\/phytstore.com\\\/en\\\/product\\\/smoothing-eye-serum\\\/\"]}]},{\"@type\":\"ImageObject\",\"inLanguage\":\"en-CA\",\"@id\":\"https:\\\/\\\/phytstore.com\\\/en\\\/product\\\/smoothing-eye-serum\\\/#primaryimage\",\"url\":\"https:\\\/\\\/phytstore.com\\\/wp-content\\\/uploads\\\/2020\\\/03\\\/serum-ca-.jpg\",\"contentUrl\":\"https:\\\/\\\/phytstore.com\\\/wp-content\\\/uploads\\\/2020\\\/03\\\/serum-ca-.jpg\",\"width\":1080,\"height\":1080,\"caption\":\"S\u00e9rum D\u00e9froissant Yeux\"},{\"@type\":\"BreadcrumbList\",\"@id\":\"https:\\\/\\\/phytstore.com\\\/en\\\/product\\\/smoothing-eye-serum\\\/#breadcrumb\",\"itemListElement\":[{\"@type\":\"ListItem\",\"position\":1,\"name\":\"Home\",\"item\":\"https:\\\/\\\/phytstore.com\\\/en\\\/\"},{\"@type\":\"ListItem\",\"position\":2,\"name\":\"Shop\",\"item\":\"https:\\\/\\\/phytstore.com\\\/en\\\/shop\\\/\"},{\"@type\":\"ListItem\",\"position\":3,\"name\":\"Face\",\"item\":\"https:\\\/\\\/phytstore.com\\\/en\\\/organic-skin-care\\\/\"},{\"@type\":\"ListItem\",\"position\":4,\"name\":\"Dark circles &amp; Puffiness\",\"item\":\"https:\\\/\\\/phytstore.com\\\/en\\\/organic-skin-care\\\/dark-circles-puffiness\\\/\"},{\"@type\":\"ListItem\",\"position\":5,\"name\":\"Smoothing Eye Serum\"}]},{\"@type\":\"WebSite\",\"@id\":\"https:\\\/\\\/phytstore.com\\\/en\\\/#website\",\"url\":\"https:\\\/\\\/phytstore.com\\\/en\\\/\",\"name\":\"PHYT&#039;S\",\"description\":\"Fabricant et distributeur de soins certifi\u00e9s bio pour instituts de beaut\u00e9, spa et esth\u00e9ticiennes\",\"publisher\":{\"@id\":\"https:\\\/\\\/phytstore.com\\\/en\\\/#organization\"},\"potentialAction\":[{\"@type\":\"SearchAction\",\"target\":{\"@type\":\"EntryPoint\",\"urlTemplate\":\"https:\\\/\\\/phytstore.com\\\/en\\\/?s={search_term_string}\"},\"query-input\":{\"@type\":\"PropertyValueSpecification\",\"valueRequired\":true,\"valueName\":\"search_term_string\"}}],\"inLanguage\":\"en-CA\"},{\"@type\":\"Organization\",\"@id\":\"https:\\\/\\\/phytstore.com\\\/en\\\/#organization\",\"name\":\"Phyt's\",\"url\":\"https:\\\/\\\/phytstore.com\\\/en\\\/\",\"logo\":{\"@type\":\"ImageObject\",\"inLanguage\":\"en-CA\",\"@id\":\"https:\\\/\\\/phytstore.com\\\/en\\\/#\\\/schema\\\/logo\\\/image\\\/\",\"url\":\"https:\\\/\\\/phytstore.com\\\/wp-content\\\/uploads\\\/2020\\\/03\\\/logo-phyts-e1585168986207.png\",\"contentUrl\":\"https:\\\/\\\/phytstore.com\\\/wp-content\\\/uploads\\\/2020\\\/03\\\/logo-phyts-e1585168986207.png\",\"width\":200,\"height\":72,\"caption\":\"Phyt's\"},\"image\":{\"@id\":\"https:\\\/\\\/phytstore.com\\\/en\\\/#\\\/schema\\\/logo\\\/image\\\/\"},\"sameAs\":[\"https:\\\/\\\/www.facebook.com\\\/CJMBCosmetiques\\\/?ref=aymt_homepage_panel\",\"https:\\\/\\\/www.instagram.com\\\/phyts_canada\\\/\",\"https:\\\/\\\/www.linkedin.com\\\/company\\\/3337211\\\/admin\\\/\",\"https:\\\/\\\/www.youtube.com\\\/channel\\\/UCEkP009p4XTU5lXjLkaKptA\"]}]}<\/script>\n<!-- \/ Yoast SEO plugin. -->","yoast_head_json":{"title":"Smoothing Eye Serum - Organic and 100% Natural - PHYT\u2019S","description":"Discover our Organic and 100% natural eye serum for a revitalized look. PHYT\u2019S smoothing eye serum is the essence of natural care for your eyes.","robots":{"index":"index","follow":"follow","max-snippet":"max-snippet:-1","max-image-preview":"max-image-preview:large","max-video-preview":"max-video-preview:-1"},"canonical":"https:\/\/phytstore.com\/en\/product\/smoothing-eye-serum\/","og_locale":"en_US","og_type":"article","og_title":"Smoothing Eye Serum - Organic and 100% Natural - PHYT\u2019S","og_description":"Discover our Organic and 100% natural eye serum for a revitalized look. PHYT\u2019S smoothing eye serum is the essence of natural care for your eyes.","og_url":"https:\/\/phytstore.com\/en\/product\/smoothing-eye-serum\/","og_site_name":"PHYT&#039;S","article_publisher":"https:\/\/www.facebook.com\/CJMBCosmetiques\/?ref=aymt_homepage_panel","article_modified_time":"2024-05-30T15:25:58+00:00","og_image":[{"width":1080,"height":1080,"url":"https:\/\/phytstore.com\/wp-content\/uploads\/2020\/03\/serum-ca-.jpg","type":"image\/jpeg"}],"twitter_card":"summary_large_image","twitter_misc":{"Est. reading time":"3 minutes"},"schema":{"@context":"https:\/\/schema.org","@graph":[{"@type":"WebPage","@id":"https:\/\/phytstore.com\/en\/product\/smoothing-eye-serum\/","url":"https:\/\/phytstore.com\/en\/product\/smoothing-eye-serum\/","name":"Smoothing Eye Serum - Organic and 100% Natural - PHYT\u2019S","isPartOf":{"@id":"https:\/\/phytstore.com\/en\/#website"},"primaryImageOfPage":{"@id":"https:\/\/phytstore.com\/en\/product\/smoothing-eye-serum\/#primaryimage"},"image":{"@id":"https:\/\/phytstore.com\/en\/product\/smoothing-eye-serum\/#primaryimage"},"thumbnailUrl":"https:\/\/phytstore.com\/wp-content\/uploads\/2020\/03\/serum-ca-.jpg","datePublished":"2020-03-28T23:56:23+00:00","dateModified":"2024-05-30T15:25:58+00:00","description":"Discover our Organic and 100% natural eye serum for a revitalized look. PHYT\u2019S smoothing eye serum is the essence of natural care for your eyes.","breadcrumb":{"@id":"https:\/\/phytstore.com\/en\/product\/smoothing-eye-serum\/#breadcrumb"},"inLanguage":"en-CA","potentialAction":[{"@type":"ReadAction","target":["https:\/\/phytstore.com\/en\/product\/smoothing-eye-serum\/"]}]},{"@type":"ImageObject","inLanguage":"en-CA","@id":"https:\/\/phytstore.com\/en\/product\/smoothing-eye-serum\/#primaryimage","url":"https:\/\/phytstore.com\/wp-content\/uploads\/2020\/03\/serum-ca-.jpg","contentUrl":"https:\/\/phytstore.com\/wp-content\/uploads\/2020\/03\/serum-ca-.jpg","width":1080,"height":1080,"caption":"S\u00e9rum D\u00e9froissant Yeux"},{"@type":"BreadcrumbList","@id":"https:\/\/phytstore.com\/en\/product\/smoothing-eye-serum\/#breadcrumb","itemListElement":[{"@type":"ListItem","position":1,"name":"Home","item":"https:\/\/phytstore.com\/en\/"},{"@type":"ListItem","position":2,"name":"Shop","item":"https:\/\/phytstore.com\/en\/shop\/"},{"@type":"ListItem","position":3,"name":"Face","item":"https:\/\/phytstore.com\/en\/organic-skin-care\/"},{"@type":"ListItem","position":4,"name":"Dark circles &amp; Puffiness","item":"https:\/\/phytstore.com\/en\/organic-skin-care\/dark-circles-puffiness\/"},{"@type":"ListItem","position":5,"name":"Smoothing Eye Serum"}]},{"@type":"WebSite","@id":"https:\/\/phytstore.com\/en\/#website","url":"https:\/\/phytstore.com\/en\/","name":"PHYT&#039;S","description":"Fabricant et distributeur de soins certifi\u00e9s bio pour instituts de beaut\u00e9, spa et esth\u00e9ticiennes","publisher":{"@id":"https:\/\/phytstore.com\/en\/#organization"},"potentialAction":[{"@type":"SearchAction","target":{"@type":"EntryPoint","urlTemplate":"https:\/\/phytstore.com\/en\/?s={search_term_string}"},"query-input":{"@type":"PropertyValueSpecification","valueRequired":true,"valueName":"search_term_string"}}],"inLanguage":"en-CA"},{"@type":"Organization","@id":"https:\/\/phytstore.com\/en\/#organization","name":"Phyt's","url":"https:\/\/phytstore.com\/en\/","logo":{"@type":"ImageObject","inLanguage":"en-CA","@id":"https:\/\/phytstore.com\/en\/#\/schema\/logo\/image\/","url":"https:\/\/phytstore.com\/wp-content\/uploads\/2020\/03\/logo-phyts-e1585168986207.png","contentUrl":"https:\/\/phytstore.com\/wp-content\/uploads\/2020\/03\/logo-phyts-e1585168986207.png","width":200,"height":72,"caption":"Phyt's"},"image":{"@id":"https:\/\/phytstore.com\/en\/#\/schema\/logo\/image\/"},"sameAs":["https:\/\/www.facebook.com\/CJMBCosmetiques\/?ref=aymt_homepage_panel","https:\/\/www.instagram.com\/phyts_canada\/","https:\/\/www.linkedin.com\/company\/3337211\/admin\/","https:\/\/www.youtube.com\/channel\/UCEkP009p4XTU5lXjLkaKptA"]}]}},"jetpack_sharing_enabled":true,"_links":{"self":[{"href":"https:\/\/phytstore.com\/en\/wp-json\/wp\/v2\/product\/2694","targetHints":{"allow":["GET"]}}],"collection":[{"href":"https:\/\/phytstore.com\/en\/wp-json\/wp\/v2\/product"}],"about":[{"href":"https:\/\/phytstore.com\/en\/wp-json\/wp\/v2\/types\/product"}],"replies":[{"embeddable":true,"href":"https:\/\/phytstore.com\/en\/wp-json\/wp\/v2\/comments?post=2694"}],"wp:featuredmedia":[{"embeddable":true,"href":"https:\/\/phytstore.com\/en\/wp-json\/wp\/v2\/media\/3734"}],"wp:attachment":[{"href":"https:\/\/phytstore.com\/en\/wp-json\/wp\/v2\/media?parent=2694"}],"wp:term":[{"taxonomy":"product_brand","embeddable":true,"href":"https:\/\/phytstore.com\/en\/wp-json\/wp\/v2\/product_brand?post=2694"},{"taxonomy":"product_cat","embeddable":true,"href":"https:\/\/phytstore.com\/en\/wp-json\/wp\/v2\/product_cat?post=2694"},{"taxonomy":"product_tag","embeddable":true,"href":"https:\/\/phytstore.com\/en\/wp-json\/wp\/v2\/product_tag?post=2694"}],"curies":[{"name":"wp","href":"https:\/\/api.w.org\/{rel}","templated":true}]}}