{"id":2693,"date":"2020-03-28T19:56:23","date_gmt":"2020-03-28T23:56:23","guid":{"rendered":"https:\/\/phytstore.com\/produit\/soin-revigorant-yeux\/"},"modified":"2023-11-21T15:29:43","modified_gmt":"2023-11-21T19:29:43","slug":"soin-revigorant-yeux","status":"publish","type":"product","link":"https:\/\/phytstore.com\/en\/product\/invigorating-eye-care\/","title":{"rendered":"Invigorating Eye Care"},"content":{"rendered":"<p>Rich in Phyto-Active Eye Complex, highly concentrated in Hyaluronic Acid, light and comfortable textured. This Organic eye fluid cream has an effect on the various signs of fatigue and stress on the eye contour. Puffiness and dark circles appear reduced, skin is hydrated and protected and the eye contour has a well-rested look.<br \/>\n<em>* reduces the look of puffiness and dark circles<\/em><\/p>\n<h2><strong>Active Ingredients :<\/strong><\/h2>\n<p>Phyto-Active Eye Complex* (Sorbier Bud*, Horse Chestnut*, Arnica Montana*, Centella Asiatica* and Meadowsweet*), Vegetal Hyaluronic Acid, Aloe Vera*, Silica, Avocado*, Beeswax*, Vegetal Glycerin, Vegetal Vitamin E<br \/>\n<em>* ingredients from Organic Farming<\/em><\/p>\n<h2><strong>How to Apply my Invigorating Eye Care?<\/strong><\/h2>\n<p>Morning and evening, apply using PHYT&#8217;S techniques of application with fingers and the massage nozzle (instructions in box).<br \/>\n<strong>Tips :<\/strong> For best results <span lang=\"en\">and an immediate tightening effect, first apply the <strong><a href=\"https:\/\/phytstore.com\/en\/product\/smoothing-eye-serum\/\">Smoothing Eye Serum<\/a><\/strong>. In addition, once or twice a week, exfoliate the skin of the eye contour area using the <strong><a href=\"https:\/\/phytstore.com\/en\/product\/contact-scrub\/\">Contact + Scrub<\/a><\/strong>, then complete with the <strong><a href=\"https:\/\/phytstore.com\/en\/produit\/masque-rafraichissant-yeux\/\">Refreshing Eye Mask<\/a><\/strong>.<\/span><\/p>\n","protected":false},"excerpt":{"rendered":"<p><img loading=\"lazy\" decoding=\"async\" class=\"alignnone size-full wp-image-4926\" src=\"https:\/\/phytstore.com\/wp-content\/uploads\/2020\/03\/Bio-100-Efficacite.png\" alt=\"\" width=\"274\" height=\"53\" \/><\/p>\n<p>Anti-puffiness*, anti-dark circle* &amp; hydrating fluid<\/p>\n<p><strong>Skin type :<\/strong> Eyes (even the most sensitive)<br \/>\n<strong>Expectations :<\/strong> Invigorates, moisturizes, prevents, protects<br \/>\n<strong>Presentation :<\/strong> 15 g tube with massage tip<\/p>\n","protected":false},"featured_media":10763,"comment_status":"closed","ping_status":"closed","template":"","meta":{"_acf_changed":false,"inline_featured_image":false},"product_brand":[],"product_cat":[229,231,237,246,312,88],"product_tag":[],"class_list":{"0":"post-2693","1":"product","2":"type-product","3":"status-publish","4":"has-post-thumbnail","6":"product_cat-dark-circles-puffiness","7":"product_cat-dehydration-en","8":"product_cat-first-signs-of-aging","9":"product_cat-day-creams","10":"product_cat-eye-care","11":"product_cat-phytsublim-eyes-en","13":"first","14":"instock","15":"taxable","16":"shipping-taxable","17":"purchasable","18":"product-type-simple"},"acf":[],"yoast_head":"<!-- This site is optimized with the Yoast SEO plugin v27.4 - https:\/\/yoast.com\/product\/yoast-seo-wordpress\/ -->\n<title>Invigorating Eye Care - PHYT&#039;S - 100% natural &amp; organic cosmetics<\/title>\n<meta name=\"description\" content=\"Highly concentrated in Hyaluronic Acid, light textured, this Organic eye cream has an effect on the signs of fatigue and stress on the eye contour.\" \/>\n<meta name=\"robots\" content=\"index, follow, max-snippet:-1, max-image-preview:large, max-video-preview:-1\" \/>\n<link rel=\"canonical\" href=\"https:\/\/phytstore.com\/en\/product\/invigorating-eye-care\/\" \/>\n<meta property=\"og:locale\" content=\"en_US\" \/>\n<meta property=\"og:type\" content=\"article\" \/>\n<meta property=\"og:title\" content=\"Invigorating Eye Care - PHYT&#039;S - 100% natural &amp; organic cosmetics\" \/>\n<meta property=\"og:description\" content=\"Highly concentrated in Hyaluronic Acid, light textured, this Organic eye cream has an effect on the signs of fatigue and stress on the eye contour.\" \/>\n<meta property=\"og:url\" content=\"https:\/\/phytstore.com\/en\/product\/invigorating-eye-care\/\" \/>\n<meta property=\"og:site_name\" content=\"PHYT&#039;S\" \/>\n<meta property=\"article:publisher\" content=\"https:\/\/www.facebook.com\/CJMBCosmetiques\/?ref=aymt_homepage_panel\" \/>\n<meta property=\"article:modified_time\" content=\"2023-11-21T19:29:43+00:00\" \/>\n<meta property=\"og:image\" content=\"https:\/\/phytstore.com\/wp-content\/uploads\/2020\/03\/Soin-Revigorant-CA.jpg\" \/>\n\t<meta property=\"og:image:width\" content=\"1080\" \/>\n\t<meta property=\"og:image:height\" content=\"1080\" \/>\n\t<meta property=\"og:image:type\" content=\"image\/jpeg\" \/>\n<meta name=\"twitter:card\" content=\"summary_large_image\" \/>\n<meta name=\"twitter:label1\" content=\"Est. reading time\" \/>\n\t<meta name=\"twitter:data1\" content=\"1 minute\" \/>\n<script type=\"application\/ld+json\" class=\"yoast-schema-graph\">{\"@context\":\"https:\\\/\\\/schema.org\",\"@graph\":[{\"@type\":\"WebPage\",\"@id\":\"https:\\\/\\\/phytstore.com\\\/en\\\/product\\\/invigorating-eye-care\\\/\",\"url\":\"https:\\\/\\\/phytstore.com\\\/en\\\/product\\\/invigorating-eye-care\\\/\",\"name\":\"Invigorating Eye Care - PHYT&#039;S - 100% natural & organic cosmetics\",\"isPartOf\":{\"@id\":\"https:\\\/\\\/phytstore.com\\\/en\\\/#website\"},\"primaryImageOfPage\":{\"@id\":\"https:\\\/\\\/phytstore.com\\\/en\\\/product\\\/invigorating-eye-care\\\/#primaryimage\"},\"image\":{\"@id\":\"https:\\\/\\\/phytstore.com\\\/en\\\/product\\\/invigorating-eye-care\\\/#primaryimage\"},\"thumbnailUrl\":\"https:\\\/\\\/phytstore.com\\\/wp-content\\\/uploads\\\/2020\\\/03\\\/soin-defatigant-yeux.jpg\",\"datePublished\":\"2020-03-28T23:56:23+00:00\",\"dateModified\":\"2023-11-21T19:29:43+00:00\",\"description\":\"Highly concentrated in Hyaluronic Acid, light textured, this Organic eye cream has an effect on the signs of fatigue and stress on the eye contour.\",\"breadcrumb\":{\"@id\":\"https:\\\/\\\/phytstore.com\\\/en\\\/product\\\/invigorating-eye-care\\\/#breadcrumb\"},\"inLanguage\":\"en-CA\",\"potentialAction\":[{\"@type\":\"ReadAction\",\"target\":[\"https:\\\/\\\/phytstore.com\\\/en\\\/product\\\/invigorating-eye-care\\\/\"]}]},{\"@type\":\"ImageObject\",\"inLanguage\":\"en-CA\",\"@id\":\"https:\\\/\\\/phytstore.com\\\/en\\\/product\\\/invigorating-eye-care\\\/#primaryimage\",\"url\":\"https:\\\/\\\/phytstore.com\\\/wp-content\\\/uploads\\\/2020\\\/03\\\/soin-defatigant-yeux.jpg\",\"contentUrl\":\"https:\\\/\\\/phytstore.com\\\/wp-content\\\/uploads\\\/2020\\\/03\\\/soin-defatigant-yeux.jpg\",\"width\":1080,\"height\":1080},{\"@type\":\"BreadcrumbList\",\"@id\":\"https:\\\/\\\/phytstore.com\\\/en\\\/product\\\/invigorating-eye-care\\\/#breadcrumb\",\"itemListElement\":[{\"@type\":\"ListItem\",\"position\":1,\"name\":\"Home\",\"item\":\"https:\\\/\\\/phytstore.com\\\/en\\\/\"},{\"@type\":\"ListItem\",\"position\":2,\"name\":\"Shop\",\"item\":\"https:\\\/\\\/phytstore.com\\\/en\\\/shop\\\/\"},{\"@type\":\"ListItem\",\"position\":3,\"name\":\"Face\",\"item\":\"https:\\\/\\\/phytstore.com\\\/en\\\/organic-skin-care\\\/\"},{\"@type\":\"ListItem\",\"position\":4,\"name\":\"Eye Care\",\"item\":\"https:\\\/\\\/phytstore.com\\\/en\\\/organic-skin-care\\\/natural-eye-care\\\/\"},{\"@type\":\"ListItem\",\"position\":5,\"name\":\"Invigorating Eye Care\"}]},{\"@type\":\"WebSite\",\"@id\":\"https:\\\/\\\/phytstore.com\\\/en\\\/#website\",\"url\":\"https:\\\/\\\/phytstore.com\\\/en\\\/\",\"name\":\"PHYT&#039;S\",\"description\":\"Fabricant et distributeur de soins certifi\u00e9s bio pour instituts de beaut\u00e9, spa et esth\u00e9ticiennes\",\"publisher\":{\"@id\":\"https:\\\/\\\/phytstore.com\\\/en\\\/#organization\"},\"potentialAction\":[{\"@type\":\"SearchAction\",\"target\":{\"@type\":\"EntryPoint\",\"urlTemplate\":\"https:\\\/\\\/phytstore.com\\\/en\\\/?s={search_term_string}\"},\"query-input\":{\"@type\":\"PropertyValueSpecification\",\"valueRequired\":true,\"valueName\":\"search_term_string\"}}],\"inLanguage\":\"en-CA\"},{\"@type\":\"Organization\",\"@id\":\"https:\\\/\\\/phytstore.com\\\/en\\\/#organization\",\"name\":\"Phyt's\",\"url\":\"https:\\\/\\\/phytstore.com\\\/en\\\/\",\"logo\":{\"@type\":\"ImageObject\",\"inLanguage\":\"en-CA\",\"@id\":\"https:\\\/\\\/phytstore.com\\\/en\\\/#\\\/schema\\\/logo\\\/image\\\/\",\"url\":\"https:\\\/\\\/phytstore.com\\\/wp-content\\\/uploads\\\/2020\\\/03\\\/logo-phyts-e1585168986207.png\",\"contentUrl\":\"https:\\\/\\\/phytstore.com\\\/wp-content\\\/uploads\\\/2020\\\/03\\\/logo-phyts-e1585168986207.png\",\"width\":200,\"height\":72,\"caption\":\"Phyt's\"},\"image\":{\"@id\":\"https:\\\/\\\/phytstore.com\\\/en\\\/#\\\/schema\\\/logo\\\/image\\\/\"},\"sameAs\":[\"https:\\\/\\\/www.facebook.com\\\/CJMBCosmetiques\\\/?ref=aymt_homepage_panel\",\"https:\\\/\\\/www.instagram.com\\\/phyts_canada\\\/\",\"https:\\\/\\\/www.linkedin.com\\\/company\\\/3337211\\\/admin\\\/\",\"https:\\\/\\\/www.youtube.com\\\/channel\\\/UCEkP009p4XTU5lXjLkaKptA\"]}]}<\/script>\n<!-- \/ Yoast SEO plugin. -->","yoast_head_json":{"title":"Invigorating Eye Care - PHYT&#039;S - 100% natural & organic cosmetics","description":"Highly concentrated in Hyaluronic Acid, light textured, this Organic eye cream has an effect on the signs of fatigue and stress on the eye contour.","robots":{"index":"index","follow":"follow","max-snippet":"max-snippet:-1","max-image-preview":"max-image-preview:large","max-video-preview":"max-video-preview:-1"},"canonical":"https:\/\/phytstore.com\/en\/product\/invigorating-eye-care\/","og_locale":"en_US","og_type":"article","og_title":"Invigorating Eye Care - PHYT&#039;S - 100% natural & organic cosmetics","og_description":"Highly concentrated in Hyaluronic Acid, light textured, this Organic eye cream has an effect on the signs of fatigue and stress on the eye contour.","og_url":"https:\/\/phytstore.com\/en\/product\/invigorating-eye-care\/","og_site_name":"PHYT&#039;S","article_publisher":"https:\/\/www.facebook.com\/CJMBCosmetiques\/?ref=aymt_homepage_panel","article_modified_time":"2023-11-21T19:29:43+00:00","og_image":[{"width":1080,"height":1080,"url":"https:\/\/phytstore.com\/wp-content\/uploads\/2020\/03\/Soin-Revigorant-CA.jpg","type":"image\/jpeg"}],"twitter_card":"summary_large_image","twitter_misc":{"Est. reading time":"1 minute"},"schema":{"@context":"https:\/\/schema.org","@graph":[{"@type":"WebPage","@id":"https:\/\/phytstore.com\/en\/product\/invigorating-eye-care\/","url":"https:\/\/phytstore.com\/en\/product\/invigorating-eye-care\/","name":"Invigorating Eye Care - PHYT&#039;S - 100% natural & organic cosmetics","isPartOf":{"@id":"https:\/\/phytstore.com\/en\/#website"},"primaryImageOfPage":{"@id":"https:\/\/phytstore.com\/en\/product\/invigorating-eye-care\/#primaryimage"},"image":{"@id":"https:\/\/phytstore.com\/en\/product\/invigorating-eye-care\/#primaryimage"},"thumbnailUrl":"https:\/\/phytstore.com\/wp-content\/uploads\/2020\/03\/soin-defatigant-yeux.jpg","datePublished":"2020-03-28T23:56:23+00:00","dateModified":"2023-11-21T19:29:43+00:00","description":"Highly concentrated in Hyaluronic Acid, light textured, this Organic eye cream has an effect on the signs of fatigue and stress on the eye contour.","breadcrumb":{"@id":"https:\/\/phytstore.com\/en\/product\/invigorating-eye-care\/#breadcrumb"},"inLanguage":"en-CA","potentialAction":[{"@type":"ReadAction","target":["https:\/\/phytstore.com\/en\/product\/invigorating-eye-care\/"]}]},{"@type":"ImageObject","inLanguage":"en-CA","@id":"https:\/\/phytstore.com\/en\/product\/invigorating-eye-care\/#primaryimage","url":"https:\/\/phytstore.com\/wp-content\/uploads\/2020\/03\/soin-defatigant-yeux.jpg","contentUrl":"https:\/\/phytstore.com\/wp-content\/uploads\/2020\/03\/soin-defatigant-yeux.jpg","width":1080,"height":1080},{"@type":"BreadcrumbList","@id":"https:\/\/phytstore.com\/en\/product\/invigorating-eye-care\/#breadcrumb","itemListElement":[{"@type":"ListItem","position":1,"name":"Home","item":"https:\/\/phytstore.com\/en\/"},{"@type":"ListItem","position":2,"name":"Shop","item":"https:\/\/phytstore.com\/en\/shop\/"},{"@type":"ListItem","position":3,"name":"Face","item":"https:\/\/phytstore.com\/en\/organic-skin-care\/"},{"@type":"ListItem","position":4,"name":"Eye Care","item":"https:\/\/phytstore.com\/en\/organic-skin-care\/natural-eye-care\/"},{"@type":"ListItem","position":5,"name":"Invigorating Eye Care"}]},{"@type":"WebSite","@id":"https:\/\/phytstore.com\/en\/#website","url":"https:\/\/phytstore.com\/en\/","name":"PHYT&#039;S","description":"Fabricant et distributeur de soins certifi\u00e9s bio pour instituts de beaut\u00e9, spa et esth\u00e9ticiennes","publisher":{"@id":"https:\/\/phytstore.com\/en\/#organization"},"potentialAction":[{"@type":"SearchAction","target":{"@type":"EntryPoint","urlTemplate":"https:\/\/phytstore.com\/en\/?s={search_term_string}"},"query-input":{"@type":"PropertyValueSpecification","valueRequired":true,"valueName":"search_term_string"}}],"inLanguage":"en-CA"},{"@type":"Organization","@id":"https:\/\/phytstore.com\/en\/#organization","name":"Phyt's","url":"https:\/\/phytstore.com\/en\/","logo":{"@type":"ImageObject","inLanguage":"en-CA","@id":"https:\/\/phytstore.com\/en\/#\/schema\/logo\/image\/","url":"https:\/\/phytstore.com\/wp-content\/uploads\/2020\/03\/logo-phyts-e1585168986207.png","contentUrl":"https:\/\/phytstore.com\/wp-content\/uploads\/2020\/03\/logo-phyts-e1585168986207.png","width":200,"height":72,"caption":"Phyt's"},"image":{"@id":"https:\/\/phytstore.com\/en\/#\/schema\/logo\/image\/"},"sameAs":["https:\/\/www.facebook.com\/CJMBCosmetiques\/?ref=aymt_homepage_panel","https:\/\/www.instagram.com\/phyts_canada\/","https:\/\/www.linkedin.com\/company\/3337211\/admin\/","https:\/\/www.youtube.com\/channel\/UCEkP009p4XTU5lXjLkaKptA"]}]}},"jetpack_sharing_enabled":true,"_links":{"self":[{"href":"https:\/\/phytstore.com\/en\/wp-json\/wp\/v2\/product\/2693","targetHints":{"allow":["GET"]}}],"collection":[{"href":"https:\/\/phytstore.com\/en\/wp-json\/wp\/v2\/product"}],"about":[{"href":"https:\/\/phytstore.com\/en\/wp-json\/wp\/v2\/types\/product"}],"replies":[{"embeddable":true,"href":"https:\/\/phytstore.com\/en\/wp-json\/wp\/v2\/comments?post=2693"}],"wp:featuredmedia":[{"embeddable":true,"href":"https:\/\/phytstore.com\/en\/wp-json\/wp\/v2\/media\/10763"}],"wp:attachment":[{"href":"https:\/\/phytstore.com\/en\/wp-json\/wp\/v2\/media?parent=2693"}],"wp:term":[{"taxonomy":"product_brand","embeddable":true,"href":"https:\/\/phytstore.com\/en\/wp-json\/wp\/v2\/product_brand?post=2693"},{"taxonomy":"product_cat","embeddable":true,"href":"https:\/\/phytstore.com\/en\/wp-json\/wp\/v2\/product_cat?post=2693"},{"taxonomy":"product_tag","embeddable":true,"href":"https:\/\/phytstore.com\/en\/wp-json\/wp\/v2\/product_tag?post=2693"}],"curies":[{"name":"wp","href":"https:\/\/api.w.org\/{rel}","templated":true}]}}