{"id":2690,"date":"2020-03-28T19:56:23","date_gmt":"2020-03-28T23:56:23","guid":{"rendered":"https:\/\/phytstore.com\/produit\/eau-de-gamarde-100-ml\/"},"modified":"2023-01-23T14:40:51","modified_gmt":"2023-01-23T18:40:51","slug":"eau-de-gamarde-100-ml","status":"publish","type":"product","link":"https:\/\/phytstore.com\/en\/product\/thermal-water-100-ml\/","title":{"rendered":"Thermal Water &#8211; 100 ml"},"content":{"rendered":"<p>Recognized for its comforting properties, the <strong>Thermal Water<\/strong> provides comfort, well-being and softness to the most sensitive and delicate skin, of the face and the body. It also relieves and calms dry skin. It brings comfort and hydration to the skin, and immediately refreshes it. In addition, it boosts the effect of all beauty rituals. The skin is then soft, supple and hydrated.<\/p>\n<p><span lang=\"en\">It is in the heart of the Landes, in Gamarde-les-Bains, that the thermal water springs. Its journey through geological rocks then offers it its exceptional composition. Naturally mineralized and rich in sulfur, its remarkable dermatological properties have been recognized by the Academy of Medicine since 1841.<\/span><\/p>\n<h2><strong>The Thermal Water is perfect for :<\/strong><\/h2>\n<ul>\n<li>Redness or irritations,<\/li>\n<li>Skin imperfections,<\/li>\n<li>Moisturizing,<\/li>\n<li>Refreshing,<\/li>\n<li>Restoring skin radiance and make-up,<\/li>\n<li>Fixing make-up,<\/li>\n<li>After sports effort,<\/li>\n<li>Travelling&#8230;<\/li>\n<\/ul>\n<h2><strong>Active ingredients :<\/strong><\/h2>\n<p>Gamarde-les-Bains thermal water<\/p>\n<h2><strong>How to\u00a0<\/strong>use my T<strong>hermal Water?<\/strong><\/h2>\n<p>Shake before use. After cleansing and\/or at any time of the day, spray a fine mist of <a href=\"https:\/\/phytstore.com\/en\/organic-skin-care\/thermal-waters\/\">thermal water<\/a> all over face, neck, sensitive areas, and\/or body. Do not wipe.<\/p>\n","protected":false},"excerpt":{"rendered":"<p><img loading=\"lazy\" decoding=\"async\" class=\"alignnone size-full wp-image-5592\" src=\"https:\/\/phytstore.com\/wp-content\/uploads\/2020\/03\/99-Vegan-Efficacite-3.png\" alt=\"\" width=\"274\" height=\"48\" srcset=\"https:\/\/phytstore.com\/wp-content\/uploads\/2020\/03\/99-Vegan-Efficacite-3.png 274w, https:\/\/phytstore.com\/wp-content\/uploads\/2020\/03\/99-Vegan-Efficacite-3-150x26.png 150w\" sizes=\"auto, (max-width: 274px) 100vw, 274px\" \/><\/p>\n<p>Multi-Effects &#8211; Face &amp; body<\/p>\n<p><strong>Skin type :<\/strong> All skin types (even the most sensitive &amp; irritated)<br \/>\n<strong>Expectations :<\/strong> Comforts, hydrates, refreshes, brightens, boosts all rituals<br \/>\n<strong>Format :<\/strong> 100 ml spray<\/p>\n","protected":false},"featured_media":2087,"comment_status":"closed","ping_status":"closed","template":"","meta":{"_acf_changed":false,"inline_featured_image":false},"product_brand":[],"product_cat":[94,96,198,212,231,232,239,249],"product_tag":[],"class_list":{"0":"post-2690","1":"product","2":"type-product","3":"status-publish","4":"has-post-thumbnail","6":"product_cat-sensi-phyts-en","7":"product_cat-soins-nettoyants-en","8":"product_cat-dehydration","9":"product_cat-moisturizers","10":"product_cat-dehydration-en","11":"product_cat-imperfections-en","12":"product_cat-sensitivity-redness","13":"product_cat-thermal-waters","15":"first","16":"instock","17":"taxable","18":"shipping-taxable","19":"purchasable","20":"product-type-simple"},"acf":[],"yoast_head":"<!-- This site is optimized with the Yoast SEO plugin v27.4 - https:\/\/yoast.com\/product\/yoast-seo-wordpress\/ -->\n<title>Thermal Water - Face &amp; Body (100ml) - PHYT&#039;S<\/title>\n<meta name=\"description\" content=\"Recognized for its properties, the Gamarde-les-Bains Thermal Water provides comfort, well-being and softness to sensitive and delicate skin.\" \/>\n<meta name=\"robots\" content=\"index, follow, max-snippet:-1, max-image-preview:large, max-video-preview:-1\" \/>\n<link rel=\"canonical\" href=\"https:\/\/phytstore.com\/en\/product\/thermal-water-100-ml\/\" \/>\n<meta property=\"og:locale\" content=\"en_US\" \/>\n<meta property=\"og:type\" content=\"article\" \/>\n<meta property=\"og:title\" content=\"Thermal Water - Face &amp; Body (100ml) - PHYT&#039;S\" \/>\n<meta property=\"og:description\" content=\"Recognized for its properties, the Gamarde-les-Bains Thermal Water provides comfort, well-being and softness to sensitive and delicate skin.\" \/>\n<meta property=\"og:url\" content=\"https:\/\/phytstore.com\/en\/product\/thermal-water-100-ml\/\" \/>\n<meta property=\"og:site_name\" content=\"PHYT&#039;S\" \/>\n<meta property=\"article:publisher\" content=\"https:\/\/www.facebook.com\/CJMBCosmetiques\/?ref=aymt_homepage_panel\" \/>\n<meta property=\"article:modified_time\" content=\"2023-01-23T18:40:51+00:00\" \/>\n<meta property=\"og:image\" content=\"https:\/\/phytstore.com\/wp-content\/uploads\/2020\/03\/Image2-31.jpg\" \/>\n\t<meta property=\"og:image:width\" content=\"728\" \/>\n\t<meta property=\"og:image:height\" content=\"737\" \/>\n\t<meta property=\"og:image:type\" content=\"image\/jpeg\" \/>\n<meta name=\"twitter:card\" content=\"summary_large_image\" \/>\n<meta name=\"twitter:label1\" content=\"Est. reading time\" \/>\n\t<meta name=\"twitter:data1\" content=\"1 minute\" \/>\n<script type=\"application\/ld+json\" class=\"yoast-schema-graph\">{\"@context\":\"https:\\\/\\\/schema.org\",\"@graph\":[{\"@type\":\"WebPage\",\"@id\":\"https:\\\/\\\/phytstore.com\\\/en\\\/product\\\/thermal-water-100-ml\\\/\",\"url\":\"https:\\\/\\\/phytstore.com\\\/en\\\/product\\\/thermal-water-100-ml\\\/\",\"name\":\"Thermal Water - Face & Body (100ml) - PHYT'S\",\"isPartOf\":{\"@id\":\"https:\\\/\\\/phytstore.com\\\/en\\\/#website\"},\"primaryImageOfPage\":{\"@id\":\"https:\\\/\\\/phytstore.com\\\/en\\\/product\\\/thermal-water-100-ml\\\/#primaryimage\"},\"image\":{\"@id\":\"https:\\\/\\\/phytstore.com\\\/en\\\/product\\\/thermal-water-100-ml\\\/#primaryimage\"},\"thumbnailUrl\":\"https:\\\/\\\/phytstore.com\\\/wp-content\\\/uploads\\\/2020\\\/03\\\/Image2-31.jpg\",\"datePublished\":\"2020-03-28T23:56:23+00:00\",\"dateModified\":\"2023-01-23T18:40:51+00:00\",\"description\":\"Recognized for its properties, the Gamarde-les-Bains Thermal Water provides comfort, well-being and softness to sensitive and delicate skin.\",\"breadcrumb\":{\"@id\":\"https:\\\/\\\/phytstore.com\\\/en\\\/product\\\/thermal-water-100-ml\\\/#breadcrumb\"},\"inLanguage\":\"en-CA\",\"potentialAction\":[{\"@type\":\"ReadAction\",\"target\":[\"https:\\\/\\\/phytstore.com\\\/en\\\/product\\\/thermal-water-100-ml\\\/\"]}]},{\"@type\":\"ImageObject\",\"inLanguage\":\"en-CA\",\"@id\":\"https:\\\/\\\/phytstore.com\\\/en\\\/product\\\/thermal-water-100-ml\\\/#primaryimage\",\"url\":\"https:\\\/\\\/phytstore.com\\\/wp-content\\\/uploads\\\/2020\\\/03\\\/Image2-31.jpg\",\"contentUrl\":\"https:\\\/\\\/phytstore.com\\\/wp-content\\\/uploads\\\/2020\\\/03\\\/Image2-31.jpg\",\"width\":728,\"height\":737,\"caption\":\"Eau Thermale de Gamarde 100 ml\"},{\"@type\":\"BreadcrumbList\",\"@id\":\"https:\\\/\\\/phytstore.com\\\/en\\\/product\\\/thermal-water-100-ml\\\/#breadcrumb\",\"itemListElement\":[{\"@type\":\"ListItem\",\"position\":1,\"name\":\"Home\",\"item\":\"https:\\\/\\\/phytstore.com\\\/en\\\/\"},{\"@type\":\"ListItem\",\"position\":2,\"name\":\"Shop\",\"item\":\"https:\\\/\\\/phytstore.com\\\/en\\\/shop\\\/\"},{\"@type\":\"ListItem\",\"position\":3,\"name\":\"Body\",\"item\":\"https:\\\/\\\/phytstore.com\\\/en\\\/organic-body-care\\\/\"},{\"@type\":\"ListItem\",\"position\":4,\"name\":\"Dehydration\",\"item\":\"https:\\\/\\\/phytstore.com\\\/en\\\/organic-body-care\\\/dehydration\\\/\"},{\"@type\":\"ListItem\",\"position\":5,\"name\":\"Thermal Water &#8211; 100 ml\"}]},{\"@type\":\"WebSite\",\"@id\":\"https:\\\/\\\/phytstore.com\\\/en\\\/#website\",\"url\":\"https:\\\/\\\/phytstore.com\\\/en\\\/\",\"name\":\"PHYT&#039;S\",\"description\":\"Fabricant et distributeur de soins certifi\u00e9s bio pour instituts de beaut\u00e9, spa et esth\u00e9ticiennes\",\"publisher\":{\"@id\":\"https:\\\/\\\/phytstore.com\\\/en\\\/#organization\"},\"potentialAction\":[{\"@type\":\"SearchAction\",\"target\":{\"@type\":\"EntryPoint\",\"urlTemplate\":\"https:\\\/\\\/phytstore.com\\\/en\\\/?s={search_term_string}\"},\"query-input\":{\"@type\":\"PropertyValueSpecification\",\"valueRequired\":true,\"valueName\":\"search_term_string\"}}],\"inLanguage\":\"en-CA\"},{\"@type\":\"Organization\",\"@id\":\"https:\\\/\\\/phytstore.com\\\/en\\\/#organization\",\"name\":\"Phyt's\",\"url\":\"https:\\\/\\\/phytstore.com\\\/en\\\/\",\"logo\":{\"@type\":\"ImageObject\",\"inLanguage\":\"en-CA\",\"@id\":\"https:\\\/\\\/phytstore.com\\\/en\\\/#\\\/schema\\\/logo\\\/image\\\/\",\"url\":\"https:\\\/\\\/phytstore.com\\\/wp-content\\\/uploads\\\/2020\\\/03\\\/logo-phyts-e1585168986207.png\",\"contentUrl\":\"https:\\\/\\\/phytstore.com\\\/wp-content\\\/uploads\\\/2020\\\/03\\\/logo-phyts-e1585168986207.png\",\"width\":200,\"height\":72,\"caption\":\"Phyt's\"},\"image\":{\"@id\":\"https:\\\/\\\/phytstore.com\\\/en\\\/#\\\/schema\\\/logo\\\/image\\\/\"},\"sameAs\":[\"https:\\\/\\\/www.facebook.com\\\/CJMBCosmetiques\\\/?ref=aymt_homepage_panel\",\"https:\\\/\\\/www.instagram.com\\\/phyts_canada\\\/\",\"https:\\\/\\\/www.linkedin.com\\\/company\\\/3337211\\\/admin\\\/\",\"https:\\\/\\\/www.youtube.com\\\/channel\\\/UCEkP009p4XTU5lXjLkaKptA\"]}]}<\/script>\n<!-- \/ Yoast SEO plugin. -->","yoast_head_json":{"title":"Thermal Water - Face & Body (100ml) - PHYT'S","description":"Recognized for its properties, the Gamarde-les-Bains Thermal Water provides comfort, well-being and softness to sensitive and delicate skin.","robots":{"index":"index","follow":"follow","max-snippet":"max-snippet:-1","max-image-preview":"max-image-preview:large","max-video-preview":"max-video-preview:-1"},"canonical":"https:\/\/phytstore.com\/en\/product\/thermal-water-100-ml\/","og_locale":"en_US","og_type":"article","og_title":"Thermal Water - Face & Body (100ml) - PHYT'S","og_description":"Recognized for its properties, the Gamarde-les-Bains Thermal Water provides comfort, well-being and softness to sensitive and delicate skin.","og_url":"https:\/\/phytstore.com\/en\/product\/thermal-water-100-ml\/","og_site_name":"PHYT&#039;S","article_publisher":"https:\/\/www.facebook.com\/CJMBCosmetiques\/?ref=aymt_homepage_panel","article_modified_time":"2023-01-23T18:40:51+00:00","og_image":[{"width":728,"height":737,"url":"https:\/\/phytstore.com\/wp-content\/uploads\/2020\/03\/Image2-31.jpg","type":"image\/jpeg"}],"twitter_card":"summary_large_image","twitter_misc":{"Est. reading time":"1 minute"},"schema":{"@context":"https:\/\/schema.org","@graph":[{"@type":"WebPage","@id":"https:\/\/phytstore.com\/en\/product\/thermal-water-100-ml\/","url":"https:\/\/phytstore.com\/en\/product\/thermal-water-100-ml\/","name":"Thermal Water - Face & Body (100ml) - PHYT'S","isPartOf":{"@id":"https:\/\/phytstore.com\/en\/#website"},"primaryImageOfPage":{"@id":"https:\/\/phytstore.com\/en\/product\/thermal-water-100-ml\/#primaryimage"},"image":{"@id":"https:\/\/phytstore.com\/en\/product\/thermal-water-100-ml\/#primaryimage"},"thumbnailUrl":"https:\/\/phytstore.com\/wp-content\/uploads\/2020\/03\/Image2-31.jpg","datePublished":"2020-03-28T23:56:23+00:00","dateModified":"2023-01-23T18:40:51+00:00","description":"Recognized for its properties, the Gamarde-les-Bains Thermal Water provides comfort, well-being and softness to sensitive and delicate skin.","breadcrumb":{"@id":"https:\/\/phytstore.com\/en\/product\/thermal-water-100-ml\/#breadcrumb"},"inLanguage":"en-CA","potentialAction":[{"@type":"ReadAction","target":["https:\/\/phytstore.com\/en\/product\/thermal-water-100-ml\/"]}]},{"@type":"ImageObject","inLanguage":"en-CA","@id":"https:\/\/phytstore.com\/en\/product\/thermal-water-100-ml\/#primaryimage","url":"https:\/\/phytstore.com\/wp-content\/uploads\/2020\/03\/Image2-31.jpg","contentUrl":"https:\/\/phytstore.com\/wp-content\/uploads\/2020\/03\/Image2-31.jpg","width":728,"height":737,"caption":"Eau Thermale de Gamarde 100 ml"},{"@type":"BreadcrumbList","@id":"https:\/\/phytstore.com\/en\/product\/thermal-water-100-ml\/#breadcrumb","itemListElement":[{"@type":"ListItem","position":1,"name":"Home","item":"https:\/\/phytstore.com\/en\/"},{"@type":"ListItem","position":2,"name":"Shop","item":"https:\/\/phytstore.com\/en\/shop\/"},{"@type":"ListItem","position":3,"name":"Body","item":"https:\/\/phytstore.com\/en\/organic-body-care\/"},{"@type":"ListItem","position":4,"name":"Dehydration","item":"https:\/\/phytstore.com\/en\/organic-body-care\/dehydration\/"},{"@type":"ListItem","position":5,"name":"Thermal Water &#8211; 100 ml"}]},{"@type":"WebSite","@id":"https:\/\/phytstore.com\/en\/#website","url":"https:\/\/phytstore.com\/en\/","name":"PHYT&#039;S","description":"Fabricant et distributeur de soins certifi\u00e9s bio pour instituts de beaut\u00e9, spa et esth\u00e9ticiennes","publisher":{"@id":"https:\/\/phytstore.com\/en\/#organization"},"potentialAction":[{"@type":"SearchAction","target":{"@type":"EntryPoint","urlTemplate":"https:\/\/phytstore.com\/en\/?s={search_term_string}"},"query-input":{"@type":"PropertyValueSpecification","valueRequired":true,"valueName":"search_term_string"}}],"inLanguage":"en-CA"},{"@type":"Organization","@id":"https:\/\/phytstore.com\/en\/#organization","name":"Phyt's","url":"https:\/\/phytstore.com\/en\/","logo":{"@type":"ImageObject","inLanguage":"en-CA","@id":"https:\/\/phytstore.com\/en\/#\/schema\/logo\/image\/","url":"https:\/\/phytstore.com\/wp-content\/uploads\/2020\/03\/logo-phyts-e1585168986207.png","contentUrl":"https:\/\/phytstore.com\/wp-content\/uploads\/2020\/03\/logo-phyts-e1585168986207.png","width":200,"height":72,"caption":"Phyt's"},"image":{"@id":"https:\/\/phytstore.com\/en\/#\/schema\/logo\/image\/"},"sameAs":["https:\/\/www.facebook.com\/CJMBCosmetiques\/?ref=aymt_homepage_panel","https:\/\/www.instagram.com\/phyts_canada\/","https:\/\/www.linkedin.com\/company\/3337211\/admin\/","https:\/\/www.youtube.com\/channel\/UCEkP009p4XTU5lXjLkaKptA"]}]}},"jetpack_sharing_enabled":true,"_links":{"self":[{"href":"https:\/\/phytstore.com\/en\/wp-json\/wp\/v2\/product\/2690","targetHints":{"allow":["GET"]}}],"collection":[{"href":"https:\/\/phytstore.com\/en\/wp-json\/wp\/v2\/product"}],"about":[{"href":"https:\/\/phytstore.com\/en\/wp-json\/wp\/v2\/types\/product"}],"replies":[{"embeddable":true,"href":"https:\/\/phytstore.com\/en\/wp-json\/wp\/v2\/comments?post=2690"}],"wp:featuredmedia":[{"embeddable":true,"href":"https:\/\/phytstore.com\/en\/wp-json\/wp\/v2\/media\/2087"}],"wp:attachment":[{"href":"https:\/\/phytstore.com\/en\/wp-json\/wp\/v2\/media?parent=2690"}],"wp:term":[{"taxonomy":"product_brand","embeddable":true,"href":"https:\/\/phytstore.com\/en\/wp-json\/wp\/v2\/product_brand?post=2690"},{"taxonomy":"product_cat","embeddable":true,"href":"https:\/\/phytstore.com\/en\/wp-json\/wp\/v2\/product_cat?post=2690"},{"taxonomy":"product_tag","embeddable":true,"href":"https:\/\/phytstore.com\/en\/wp-json\/wp\/v2\/product_tag?post=2690"}],"curies":[{"name":"wp","href":"https:\/\/api.w.org\/{rel}","templated":true}]}}