{"id":2688,"date":"2020-03-28T19:56:23","date_gmt":"2020-03-28T23:56:23","guid":{"rendered":"https:\/\/phytstore.com\/produit\/demaquillant-yeux-biphase\/"},"modified":"2026-02-06T11:01:17","modified_gmt":"2026-02-06T15:01:17","slug":"demaquillant-yeux-biphase","status":"publish","type":"product","link":"https:\/\/phytstore.com\/en\/product\/biphase-eye-make-up-remover\/","title":{"rendered":"Biphase Eye Make-Up Remover"},"content":{"rendered":"<div class=\"wpb-content-wrapper\"><p>[vc_row][vc_column][vc_column_text css=&#8221;&#8221; woodmart_inline=&#8221;no&#8221; text_larger=&#8221;no&#8221;]This bi-phase eye makeup remover takes off all your stubborn make-up, including waterproof makeup. 100% natural and Organic, it is suitable for sensitive skin and for use with contact lenses. PHYT&#8217;S waterproof eye makeup remover effortlessly removes makeup from the delicate eye contour area while being gentle on the skin.<\/p>\n<h2><strong>Active Ingredients :<\/strong><\/h2>\n<p>Bitter Orange*, Aloe Vera*, Apricot*, Cornflower*, Vegetal Vitamin E, Vegetal Squalane, Vegetal Glycerin<br \/>\n<em>* ingredients from Organic Farming<\/em><\/p>\n<h2><strong>How do I use my biphase eye\u00a0<\/strong><strong>makeup<\/strong><strong>\u00a0remover?<\/strong><\/h2>\n<p>To use your gentle biphase eye make-up remover effectively, start by shaking the bottle to\u00a0<strong>mix the water and oil phases<\/strong>. Then, soak an <a href=\"https:\/\/phytstore.com\/en\/product\/phyts-organic-reusable-wipes\/\">Organic reusable wipe<\/a>\u00a0or cotton pad with the cleanser.<\/p>\n<p>During the make-up removal, gently apply to the eyes, starting from the eyelid and moving toward the eyelashes, without rubbing. There is no need to rinse. To complete your routine, opt for a suitable PHYT\u2019S\u00a0<a href=\"https:\/\/phytstore.com\/en\/organic-skin-care\/natural-eye-care\/\">natural eye care<\/a>\u00a0product.<\/p>\n<p>Tip for Eyelash Extensions: For\u00a0<strong>eyelash extensions<\/strong>, choose PHYT\u2019S <a href=\"https:\/\/phytstore.com\/en\/product\/eye-make-up-remover-lotion\/\">Eye make-Up remover lotion<\/a>, which is gentler and specially designed for this purpose.<\/p>\n<h2><strong>Why integrate our waterproof eye makeup remover into your makeup cleanse routine:\u00a0<\/strong><\/h2>\n<p>The eye makeup remover with bi-phase formula combines a water phase and an oil phase for maximum effectiveness. It\u00a0<strong>effectively dissolves waterproof<\/strong>\u00a0<strong>makeup<\/strong>\u00a0and gently removes impurities without irritating the skin or leaving greasy residue behind. Its nourishing* two-phase formula leaves the skin soothed and hydrated and is suitable for all skin types.<\/p>\n<p>Additionally, PHYT&#8217;S makeup removal products, like the\u00a0<a href=\"https:\/\/phytstore.com\/en\/product\/eye-make-up-remover-oil\/\">eye make-up remover oil<\/a>\u00a0and this dual-phase eye makeup remover, are crafted with your health in mind, featuring a comprehensive ingredients list that ensures\u00a0<strong>safe usage of the product<\/strong>\u00a0at any time.<\/p>\n<p>Embrace clean makeup removal with our non-greasy makeup remover, perfect for anyone looking for efficiency without compromise. You can trust in the quality and efficacy of our certified products when removing your makeup.[\/vc_column_text][\/vc_column][\/vc_row]<\/p>\n<\/div>","protected":false},"excerpt":{"rendered":"<p><img loading=\"lazy\" decoding=\"async\" class=\"alignnone size-full wp-image-5333\" src=\"https:\/\/phytstore.com\/wp-content\/uploads\/2020\/04\/Bio-99-Vegan.png\" alt=\"\" width=\"274\" height=\"47\" srcset=\"https:\/\/phytstore.com\/wp-content\/uploads\/2020\/04\/Bio-99-Vegan.png 274w, https:\/\/phytstore.com\/wp-content\/uploads\/2020\/04\/Bio-99-Vegan-150x26.png 150w\" sizes=\"auto, (max-width: 274px) 100vw, 274px\" \/><\/p>\n<p>Sensitive eyes, all type of make-up &amp; even waterproof<\/p>\n<p><strong>Skin type :<\/strong> All skin types (even the most sensitive)<br \/>\n<strong>Expectations :<\/strong> Removes make-up, comforts, moisturizes<br \/>\n<strong>Presentation :<\/strong> 110 ml bottle<\/p>\n","protected":false},"featured_media":8022,"comment_status":"closed","ping_status":"closed","template":"","meta":{"_acf_changed":false,"inline_featured_image":false},"product_brand":[],"product_cat":[231,247,312,96,229],"product_tag":[],"class_list":{"0":"post-2688","1":"product","2":"type-product","3":"status-publish","4":"has-post-thumbnail","6":"product_cat-dehydration-en","7":"product_cat-eye-make-up-removers","8":"product_cat-eye-care","9":"product_cat-soins-nettoyants-en","10":"product_cat-dark-circles-puffiness","12":"first","13":"instock","14":"taxable","15":"shipping-taxable","16":"purchasable","17":"product-type-simple"},"acf":[],"yoast_head":"<!-- This site is optimized with the Yoast SEO plugin v27.4 - https:\/\/yoast.com\/product\/yoast-seo-wordpress\/ -->\n<title>Bi-phase Waterproof Eye Makeup Remover | 100% Natural<\/title>\n<meta name=\"description\" content=\"Our gentle, organic biphase eye makeup remover takes off all make-up, including waterproof makeup &amp; contour products. Suitable for all skin types!\" \/>\n<meta name=\"robots\" content=\"index, follow, max-snippet:-1, max-image-preview:large, max-video-preview:-1\" \/>\n<link rel=\"canonical\" href=\"https:\/\/phytstore.com\/en\/product\/biphase-eye-make-up-remover\/\" \/>\n<meta property=\"og:locale\" content=\"en_US\" \/>\n<meta property=\"og:type\" content=\"article\" \/>\n<meta property=\"og:title\" content=\"Bi-phase Waterproof Eye Makeup Remover | 100% Natural\" \/>\n<meta property=\"og:description\" content=\"Our gentle, organic biphase eye makeup remover takes off all make-up, including waterproof makeup &amp; contour products. Suitable for all skin types!\" \/>\n<meta property=\"og:url\" content=\"https:\/\/phytstore.com\/en\/product\/biphase-eye-make-up-remover\/\" \/>\n<meta property=\"og:site_name\" content=\"PHYT&#039;S\" \/>\n<meta property=\"article:publisher\" content=\"https:\/\/www.facebook.com\/CJMBCosmetiques\/?ref=aymt_homepage_panel\" \/>\n<meta property=\"article:modified_time\" content=\"2026-02-06T15:01:17+00:00\" \/>\n<meta property=\"og:image\" content=\"https:\/\/phytstore.com\/wp-content\/uploads\/2020\/03\/DEMAQUILLANT-BIPHASE-1.jpg\" \/>\n\t<meta property=\"og:image:width\" content=\"1080\" \/>\n\t<meta property=\"og:image:height\" content=\"1080\" \/>\n\t<meta property=\"og:image:type\" content=\"image\/jpeg\" \/>\n<meta name=\"twitter:card\" content=\"summary_large_image\" \/>\n<meta name=\"twitter:label1\" content=\"Est. reading time\" \/>\n\t<meta name=\"twitter:data1\" content=\"2 minutes\" \/>\n<script type=\"application\/ld+json\" class=\"yoast-schema-graph\">{\"@context\":\"https:\\\/\\\/schema.org\",\"@graph\":[{\"@type\":\"WebPage\",\"@id\":\"https:\\\/\\\/phytstore.com\\\/en\\\/product\\\/biphase-eye-make-up-remover\\\/\",\"url\":\"https:\\\/\\\/phytstore.com\\\/en\\\/product\\\/biphase-eye-make-up-remover\\\/\",\"name\":\"Bi-phase Waterproof Eye Makeup Remover | 100% Natural\",\"isPartOf\":{\"@id\":\"https:\\\/\\\/phytstore.com\\\/en\\\/#website\"},\"primaryImageOfPage\":{\"@id\":\"https:\\\/\\\/phytstore.com\\\/en\\\/product\\\/biphase-eye-make-up-remover\\\/#primaryimage\"},\"image\":{\"@id\":\"https:\\\/\\\/phytstore.com\\\/en\\\/product\\\/biphase-eye-make-up-remover\\\/#primaryimage\"},\"thumbnailUrl\":\"https:\\\/\\\/phytstore.com\\\/wp-content\\\/uploads\\\/2020\\\/03\\\/DEMAQUILLANT-BIPHASE-1.jpg\",\"datePublished\":\"2020-03-28T23:56:23+00:00\",\"dateModified\":\"2026-02-06T15:01:17+00:00\",\"description\":\"Our gentle, organic biphase eye makeup remover takes off all make-up, including waterproof makeup & contour products. Suitable for all skin types!\",\"breadcrumb\":{\"@id\":\"https:\\\/\\\/phytstore.com\\\/en\\\/product\\\/biphase-eye-make-up-remover\\\/#breadcrumb\"},\"inLanguage\":\"en-CA\",\"potentialAction\":[{\"@type\":\"ReadAction\",\"target\":[\"https:\\\/\\\/phytstore.com\\\/en\\\/product\\\/biphase-eye-make-up-remover\\\/\"]}]},{\"@type\":\"ImageObject\",\"inLanguage\":\"en-CA\",\"@id\":\"https:\\\/\\\/phytstore.com\\\/en\\\/product\\\/biphase-eye-make-up-remover\\\/#primaryimage\",\"url\":\"https:\\\/\\\/phytstore.com\\\/wp-content\\\/uploads\\\/2020\\\/03\\\/DEMAQUILLANT-BIPHASE-1.jpg\",\"contentUrl\":\"https:\\\/\\\/phytstore.com\\\/wp-content\\\/uploads\\\/2020\\\/03\\\/DEMAQUILLANT-BIPHASE-1.jpg\",\"width\":1080,\"height\":1080},{\"@type\":\"BreadcrumbList\",\"@id\":\"https:\\\/\\\/phytstore.com\\\/en\\\/product\\\/biphase-eye-make-up-remover\\\/#breadcrumb\",\"itemListElement\":[{\"@type\":\"ListItem\",\"position\":1,\"name\":\"Home\",\"item\":\"https:\\\/\\\/phytstore.com\\\/en\\\/\"},{\"@type\":\"ListItem\",\"position\":2,\"name\":\"Shop\",\"item\":\"https:\\\/\\\/phytstore.com\\\/en\\\/shop\\\/\"},{\"@type\":\"ListItem\",\"position\":3,\"name\":\"Face\",\"item\":\"https:\\\/\\\/phytstore.com\\\/en\\\/organic-skin-care\\\/\"},{\"@type\":\"ListItem\",\"position\":4,\"name\":\"Dark circles &amp; Puffiness\",\"item\":\"https:\\\/\\\/phytstore.com\\\/en\\\/organic-skin-care\\\/dark-circles-puffiness\\\/\"},{\"@type\":\"ListItem\",\"position\":5,\"name\":\"Biphase Eye Make-Up Remover\"}]},{\"@type\":\"WebSite\",\"@id\":\"https:\\\/\\\/phytstore.com\\\/en\\\/#website\",\"url\":\"https:\\\/\\\/phytstore.com\\\/en\\\/\",\"name\":\"PHYT&#039;S\",\"description\":\"Fabricant et distributeur de soins certifi\u00e9s bio pour instituts de beaut\u00e9, spa et esth\u00e9ticiennes\",\"publisher\":{\"@id\":\"https:\\\/\\\/phytstore.com\\\/en\\\/#organization\"},\"potentialAction\":[{\"@type\":\"SearchAction\",\"target\":{\"@type\":\"EntryPoint\",\"urlTemplate\":\"https:\\\/\\\/phytstore.com\\\/en\\\/?s={search_term_string}\"},\"query-input\":{\"@type\":\"PropertyValueSpecification\",\"valueRequired\":true,\"valueName\":\"search_term_string\"}}],\"inLanguage\":\"en-CA\"},{\"@type\":\"Organization\",\"@id\":\"https:\\\/\\\/phytstore.com\\\/en\\\/#organization\",\"name\":\"Phyt's\",\"url\":\"https:\\\/\\\/phytstore.com\\\/en\\\/\",\"logo\":{\"@type\":\"ImageObject\",\"inLanguage\":\"en-CA\",\"@id\":\"https:\\\/\\\/phytstore.com\\\/en\\\/#\\\/schema\\\/logo\\\/image\\\/\",\"url\":\"https:\\\/\\\/phytstore.com\\\/wp-content\\\/uploads\\\/2020\\\/03\\\/logo-phyts-e1585168986207.png\",\"contentUrl\":\"https:\\\/\\\/phytstore.com\\\/wp-content\\\/uploads\\\/2020\\\/03\\\/logo-phyts-e1585168986207.png\",\"width\":200,\"height\":72,\"caption\":\"Phyt's\"},\"image\":{\"@id\":\"https:\\\/\\\/phytstore.com\\\/en\\\/#\\\/schema\\\/logo\\\/image\\\/\"},\"sameAs\":[\"https:\\\/\\\/www.facebook.com\\\/CJMBCosmetiques\\\/?ref=aymt_homepage_panel\",\"https:\\\/\\\/www.instagram.com\\\/phyts_canada\\\/\",\"https:\\\/\\\/www.linkedin.com\\\/company\\\/3337211\\\/admin\\\/\",\"https:\\\/\\\/www.youtube.com\\\/channel\\\/UCEkP009p4XTU5lXjLkaKptA\"]}]}<\/script>\n<!-- \/ Yoast SEO plugin. -->","yoast_head_json":{"title":"Bi-phase Waterproof Eye Makeup Remover | 100% Natural","description":"Our gentle, organic biphase eye makeup remover takes off all make-up, including waterproof makeup & contour products. Suitable for all skin types!","robots":{"index":"index","follow":"follow","max-snippet":"max-snippet:-1","max-image-preview":"max-image-preview:large","max-video-preview":"max-video-preview:-1"},"canonical":"https:\/\/phytstore.com\/en\/product\/biphase-eye-make-up-remover\/","og_locale":"en_US","og_type":"article","og_title":"Bi-phase Waterproof Eye Makeup Remover | 100% Natural","og_description":"Our gentle, organic biphase eye makeup remover takes off all make-up, including waterproof makeup & contour products. Suitable for all skin types!","og_url":"https:\/\/phytstore.com\/en\/product\/biphase-eye-make-up-remover\/","og_site_name":"PHYT&#039;S","article_publisher":"https:\/\/www.facebook.com\/CJMBCosmetiques\/?ref=aymt_homepage_panel","article_modified_time":"2026-02-06T15:01:17+00:00","og_image":[{"width":1080,"height":1080,"url":"https:\/\/phytstore.com\/wp-content\/uploads\/2020\/03\/DEMAQUILLANT-BIPHASE-1.jpg","type":"image\/jpeg"}],"twitter_card":"summary_large_image","twitter_misc":{"Est. reading time":"2 minutes"},"schema":{"@context":"https:\/\/schema.org","@graph":[{"@type":"WebPage","@id":"https:\/\/phytstore.com\/en\/product\/biphase-eye-make-up-remover\/","url":"https:\/\/phytstore.com\/en\/product\/biphase-eye-make-up-remover\/","name":"Bi-phase Waterproof Eye Makeup Remover | 100% Natural","isPartOf":{"@id":"https:\/\/phytstore.com\/en\/#website"},"primaryImageOfPage":{"@id":"https:\/\/phytstore.com\/en\/product\/biphase-eye-make-up-remover\/#primaryimage"},"image":{"@id":"https:\/\/phytstore.com\/en\/product\/biphase-eye-make-up-remover\/#primaryimage"},"thumbnailUrl":"https:\/\/phytstore.com\/wp-content\/uploads\/2020\/03\/DEMAQUILLANT-BIPHASE-1.jpg","datePublished":"2020-03-28T23:56:23+00:00","dateModified":"2026-02-06T15:01:17+00:00","description":"Our gentle, organic biphase eye makeup remover takes off all make-up, including waterproof makeup & contour products. Suitable for all skin types!","breadcrumb":{"@id":"https:\/\/phytstore.com\/en\/product\/biphase-eye-make-up-remover\/#breadcrumb"},"inLanguage":"en-CA","potentialAction":[{"@type":"ReadAction","target":["https:\/\/phytstore.com\/en\/product\/biphase-eye-make-up-remover\/"]}]},{"@type":"ImageObject","inLanguage":"en-CA","@id":"https:\/\/phytstore.com\/en\/product\/biphase-eye-make-up-remover\/#primaryimage","url":"https:\/\/phytstore.com\/wp-content\/uploads\/2020\/03\/DEMAQUILLANT-BIPHASE-1.jpg","contentUrl":"https:\/\/phytstore.com\/wp-content\/uploads\/2020\/03\/DEMAQUILLANT-BIPHASE-1.jpg","width":1080,"height":1080},{"@type":"BreadcrumbList","@id":"https:\/\/phytstore.com\/en\/product\/biphase-eye-make-up-remover\/#breadcrumb","itemListElement":[{"@type":"ListItem","position":1,"name":"Home","item":"https:\/\/phytstore.com\/en\/"},{"@type":"ListItem","position":2,"name":"Shop","item":"https:\/\/phytstore.com\/en\/shop\/"},{"@type":"ListItem","position":3,"name":"Face","item":"https:\/\/phytstore.com\/en\/organic-skin-care\/"},{"@type":"ListItem","position":4,"name":"Dark circles &amp; Puffiness","item":"https:\/\/phytstore.com\/en\/organic-skin-care\/dark-circles-puffiness\/"},{"@type":"ListItem","position":5,"name":"Biphase Eye Make-Up Remover"}]},{"@type":"WebSite","@id":"https:\/\/phytstore.com\/en\/#website","url":"https:\/\/phytstore.com\/en\/","name":"PHYT&#039;S","description":"Fabricant et distributeur de soins certifi\u00e9s bio pour instituts de beaut\u00e9, spa et esth\u00e9ticiennes","publisher":{"@id":"https:\/\/phytstore.com\/en\/#organization"},"potentialAction":[{"@type":"SearchAction","target":{"@type":"EntryPoint","urlTemplate":"https:\/\/phytstore.com\/en\/?s={search_term_string}"},"query-input":{"@type":"PropertyValueSpecification","valueRequired":true,"valueName":"search_term_string"}}],"inLanguage":"en-CA"},{"@type":"Organization","@id":"https:\/\/phytstore.com\/en\/#organization","name":"Phyt's","url":"https:\/\/phytstore.com\/en\/","logo":{"@type":"ImageObject","inLanguage":"en-CA","@id":"https:\/\/phytstore.com\/en\/#\/schema\/logo\/image\/","url":"https:\/\/phytstore.com\/wp-content\/uploads\/2020\/03\/logo-phyts-e1585168986207.png","contentUrl":"https:\/\/phytstore.com\/wp-content\/uploads\/2020\/03\/logo-phyts-e1585168986207.png","width":200,"height":72,"caption":"Phyt's"},"image":{"@id":"https:\/\/phytstore.com\/en\/#\/schema\/logo\/image\/"},"sameAs":["https:\/\/www.facebook.com\/CJMBCosmetiques\/?ref=aymt_homepage_panel","https:\/\/www.instagram.com\/phyts_canada\/","https:\/\/www.linkedin.com\/company\/3337211\/admin\/","https:\/\/www.youtube.com\/channel\/UCEkP009p4XTU5lXjLkaKptA"]}]}},"jetpack_sharing_enabled":true,"_links":{"self":[{"href":"https:\/\/phytstore.com\/en\/wp-json\/wp\/v2\/product\/2688","targetHints":{"allow":["GET"]}}],"collection":[{"href":"https:\/\/phytstore.com\/en\/wp-json\/wp\/v2\/product"}],"about":[{"href":"https:\/\/phytstore.com\/en\/wp-json\/wp\/v2\/types\/product"}],"replies":[{"embeddable":true,"href":"https:\/\/phytstore.com\/en\/wp-json\/wp\/v2\/comments?post=2688"}],"wp:featuredmedia":[{"embeddable":true,"href":"https:\/\/phytstore.com\/en\/wp-json\/wp\/v2\/media\/8022"}],"wp:attachment":[{"href":"https:\/\/phytstore.com\/en\/wp-json\/wp\/v2\/media?parent=2688"}],"wp:term":[{"taxonomy":"product_brand","embeddable":true,"href":"https:\/\/phytstore.com\/en\/wp-json\/wp\/v2\/product_brand?post=2688"},{"taxonomy":"product_cat","embeddable":true,"href":"https:\/\/phytstore.com\/en\/wp-json\/wp\/v2\/product_cat?post=2688"},{"taxonomy":"product_tag","embeddable":true,"href":"https:\/\/phytstore.com\/en\/wp-json\/wp\/v2\/product_tag?post=2688"}],"curies":[{"name":"wp","href":"https:\/\/api.w.org\/{rel}","templated":true}]}}