{"id":2684,"date":"2020-03-28T19:56:23","date_gmt":"2020-03-28T23:56:23","guid":{"rendered":"https:\/\/phytstore.com\/produit\/lait-nettoyant\/"},"modified":"2023-10-31T10:46:17","modified_gmt":"2023-10-31T14:46:17","slug":"lait-nettoyant","status":"publish","type":"product","link":"https:\/\/phytstore.com\/en\/product\/cleansing-milk\/","title":{"rendered":"Cleansing Milk"},"content":{"rendered":"<p>This\u00a0<strong>Organic cleansing milk<\/strong>, with a fresh lemon scent, is a must-have for skin prone to irritation by contact with water. Suitable for all skin types, it is particularly recommended for dry skin. It gently eliminates the impurities that build up during the day, as well as traces of makeup. This smooth<a href=\"https:\/\/phytstore.com\/en\/organic-skin-care\/natural-face-cleanser\/\">\u00a0<strong>Organic face cleanser<\/strong><\/a>\u00a0leaves your skin supple, clean, and velvety.<\/p>\n<h2>Active ingredients<\/h2>\n<p>Lemon*, Hazelnut*, Sunflower*, Verbena*, Yarrow, Olibanum, Beeswax*<\/p>\n<p><em>* ingredients from Organic farming<\/em><\/p>\n<h2>How do I use my milky cleanser?<\/h2>\n<p>Integrate this gentle cleansing milk into your\u00a0<strong>care routine<\/strong> to maximize the benefits. In the morning and evening, emulsify all over the face and neck. Remove using an <a href=\"https:\/\/phytstore.com\/en\/product\/phyts-organic-reusable-wipes\/\"><strong>Organic reusable wipe<\/strong><\/a>, a damp cotton pad, then tone the skin with our <a href=\"https:\/\/phytstore.com\/en\/product\/bitter-orange-toner\/\"><strong>Bitter Orange Toner<\/strong><\/a>. To remove makeup from the lips, use on a wipe or cotton pad.<\/p>\n<p>It is essential to massage the product properly, using circular movements to release impurities and all traces of makeup. This is an important step, especially after your epidermis has suffered numerous external aggressions during the day. For optimal effectiveness, you can wait a minute before rinsing. This allows the gentle makeup remover milk to\u00a0<strong>deeply clean the epidermis<\/strong>\u00a0and offer you beautiful, perfectly clear skin.<\/p>\n<h2>Why use a cleansing milk?<\/h2>\n<p>The Organic facial cleansing milk from PHYT\u2019S Laboratories is a must-have among our <a href=\"https:\/\/phytstore.com\/en\/cleansing-line\/\"><strong>cleansing line<\/strong><\/a>. It is ideal for skin types prone to irritation by contact with water. It is particularly beneficial for dry skin. This treatment effectively eliminates impurities accumulated day after day and all traces of makeup.<\/p>\n<p>Its smooth texture offers a cleansing experience that leaves the skin supple, clean, and velvety. With its ingredient list enriched with\u00a0<strong>natural extracts<\/strong>, it guarantees a treatment that respects the skin while nourishing it. Apply your daily treatment with your fingertips and benefit from the hydrating key ingredients. Moreover, the gentle fragrance adds a sensory experience to your skincare ritual!<\/p>\n<p>Don\u2019t wait any longer; make this facial cleanser a key element of your care routine. A smart purchase for healthy, radiant skin.<\/p>\n","protected":false},"excerpt":{"rendered":"<p><img loading=\"lazy\" decoding=\"async\" class=\"alignnone size-full wp-image-4923\" src=\"https:\/\/phytstore.com\/wp-content\/uploads\/2020\/03\/Bio-100.png\" alt=\"\" width=\"274\" height=\"53\" \/><\/p>\n<p>Gentle makeup remover &amp; cleanser &#8211; <strong>Dry rinsing<\/strong><\/p>\n<p><strong>Skin type :<\/strong> All skin types (especially dry)<br \/>\n<strong>Expectations :<\/strong> Cleanses, removes make-up, softens<br \/>\n<strong>Presentation :<\/strong> 200 g tube<\/p>\n","protected":false},"featured_media":7836,"comment_status":"closed","ping_status":"closed","template":"","meta":{"_acf_changed":false,"inline_featured_image":false},"product_brand":[],"product_cat":[96,239,240,253],"product_tag":[],"class_list":{"0":"post-2684","1":"product","2":"type-product","3":"status-publish","4":"has-post-thumbnail","6":"product_cat-soins-nettoyants-en","7":"product_cat-sensitivity-redness","8":"product_cat-dryness","9":"product_cat-cleansers-en","11":"first","12":"instock","13":"taxable","14":"shipping-taxable","15":"purchasable","16":"product-type-simple"},"acf":[],"yoast_head":"<!-- This site is optimized with the Yoast SEO plugin v27.4 - https:\/\/yoast.com\/product\/yoast-seo-wordpress\/ -->\n<title>Organic and Natural Facial Cleansing Milk | PHYT\u2019S<\/title>\n<meta name=\"description\" content=\"Discover the Organic cleansing milk from PHYT\u2019S Laboratories: ideal for all skin types. Gently eliminate impurities with 100% natural ingredients.\" \/>\n<meta name=\"robots\" content=\"index, follow, max-snippet:-1, max-image-preview:large, max-video-preview:-1\" \/>\n<link rel=\"canonical\" href=\"https:\/\/phytstore.com\/en\/product\/cleansing-milk\/\" \/>\n<meta property=\"og:locale\" content=\"en_US\" \/>\n<meta property=\"og:type\" content=\"article\" \/>\n<meta property=\"og:title\" content=\"Organic and Natural Facial Cleansing Milk | PHYT\u2019S\" \/>\n<meta property=\"og:description\" content=\"Discover the Organic cleansing milk from PHYT\u2019S Laboratories: ideal for all skin types. Gently eliminate impurities with 100% natural ingredients.\" \/>\n<meta property=\"og:url\" content=\"https:\/\/phytstore.com\/en\/product\/cleansing-milk\/\" \/>\n<meta property=\"og:site_name\" content=\"PHYT&#039;S\" \/>\n<meta property=\"article:publisher\" content=\"https:\/\/www.facebook.com\/CJMBCosmetiques\/?ref=aymt_homepage_panel\" \/>\n<meta property=\"article:modified_time\" content=\"2023-10-31T14:46:17+00:00\" \/>\n<meta property=\"og:image\" content=\"https:\/\/phytstore.com\/wp-content\/uploads\/2020\/03\/LAIT-NETTOYANT-1.jpg\" \/>\n\t<meta property=\"og:image:width\" content=\"1080\" \/>\n\t<meta property=\"og:image:height\" content=\"1080\" \/>\n\t<meta property=\"og:image:type\" content=\"image\/jpeg\" \/>\n<meta name=\"twitter:card\" content=\"summary_large_image\" \/>\n<meta name=\"twitter:label1\" content=\"Est. reading time\" \/>\n\t<meta name=\"twitter:data1\" content=\"2 minutes\" \/>\n<script type=\"application\/ld+json\" class=\"yoast-schema-graph\">{\"@context\":\"https:\\\/\\\/schema.org\",\"@graph\":[{\"@type\":\"WebPage\",\"@id\":\"https:\\\/\\\/phytstore.com\\\/en\\\/product\\\/cleansing-milk\\\/\",\"url\":\"https:\\\/\\\/phytstore.com\\\/en\\\/product\\\/cleansing-milk\\\/\",\"name\":\"Organic and Natural Facial Cleansing Milk | PHYT\u2019S\",\"isPartOf\":{\"@id\":\"https:\\\/\\\/phytstore.com\\\/en\\\/#website\"},\"primaryImageOfPage\":{\"@id\":\"https:\\\/\\\/phytstore.com\\\/en\\\/product\\\/cleansing-milk\\\/#primaryimage\"},\"image\":{\"@id\":\"https:\\\/\\\/phytstore.com\\\/en\\\/product\\\/cleansing-milk\\\/#primaryimage\"},\"thumbnailUrl\":\"https:\\\/\\\/phytstore.com\\\/wp-content\\\/uploads\\\/2020\\\/03\\\/LAIT-NETTOYANT-1.jpg\",\"datePublished\":\"2020-03-28T23:56:23+00:00\",\"dateModified\":\"2023-10-31T14:46:17+00:00\",\"description\":\"Discover the Organic cleansing milk from PHYT\u2019S Laboratories: ideal for all skin types. Gently eliminate impurities with 100% natural ingredients.\",\"breadcrumb\":{\"@id\":\"https:\\\/\\\/phytstore.com\\\/en\\\/product\\\/cleansing-milk\\\/#breadcrumb\"},\"inLanguage\":\"en-CA\",\"potentialAction\":[{\"@type\":\"ReadAction\",\"target\":[\"https:\\\/\\\/phytstore.com\\\/en\\\/product\\\/cleansing-milk\\\/\"]}]},{\"@type\":\"ImageObject\",\"inLanguage\":\"en-CA\",\"@id\":\"https:\\\/\\\/phytstore.com\\\/en\\\/product\\\/cleansing-milk\\\/#primaryimage\",\"url\":\"https:\\\/\\\/phytstore.com\\\/wp-content\\\/uploads\\\/2020\\\/03\\\/LAIT-NETTOYANT-1.jpg\",\"contentUrl\":\"https:\\\/\\\/phytstore.com\\\/wp-content\\\/uploads\\\/2020\\\/03\\\/LAIT-NETTOYANT-1.jpg\",\"width\":1080,\"height\":1080},{\"@type\":\"BreadcrumbList\",\"@id\":\"https:\\\/\\\/phytstore.com\\\/en\\\/product\\\/cleansing-milk\\\/#breadcrumb\",\"itemListElement\":[{\"@type\":\"ListItem\",\"position\":1,\"name\":\"Home\",\"item\":\"https:\\\/\\\/phytstore.com\\\/en\\\/\"},{\"@type\":\"ListItem\",\"position\":2,\"name\":\"Shop\",\"item\":\"https:\\\/\\\/phytstore.com\\\/en\\\/shop\\\/\"},{\"@type\":\"ListItem\",\"position\":3,\"name\":\"Face\",\"item\":\"https:\\\/\\\/phytstore.com\\\/en\\\/organic-skin-care\\\/\"},{\"@type\":\"ListItem\",\"position\":4,\"name\":\"Dryness\",\"item\":\"https:\\\/\\\/phytstore.com\\\/en\\\/organic-skin-care\\\/dryness\\\/\"},{\"@type\":\"ListItem\",\"position\":5,\"name\":\"Cleansing Milk\"}]},{\"@type\":\"WebSite\",\"@id\":\"https:\\\/\\\/phytstore.com\\\/en\\\/#website\",\"url\":\"https:\\\/\\\/phytstore.com\\\/en\\\/\",\"name\":\"PHYT&#039;S\",\"description\":\"Fabricant et distributeur de soins certifi\u00e9s bio pour instituts de beaut\u00e9, spa et esth\u00e9ticiennes\",\"publisher\":{\"@id\":\"https:\\\/\\\/phytstore.com\\\/en\\\/#organization\"},\"potentialAction\":[{\"@type\":\"SearchAction\",\"target\":{\"@type\":\"EntryPoint\",\"urlTemplate\":\"https:\\\/\\\/phytstore.com\\\/en\\\/?s={search_term_string}\"},\"query-input\":{\"@type\":\"PropertyValueSpecification\",\"valueRequired\":true,\"valueName\":\"search_term_string\"}}],\"inLanguage\":\"en-CA\"},{\"@type\":\"Organization\",\"@id\":\"https:\\\/\\\/phytstore.com\\\/en\\\/#organization\",\"name\":\"Phyt's\",\"url\":\"https:\\\/\\\/phytstore.com\\\/en\\\/\",\"logo\":{\"@type\":\"ImageObject\",\"inLanguage\":\"en-CA\",\"@id\":\"https:\\\/\\\/phytstore.com\\\/en\\\/#\\\/schema\\\/logo\\\/image\\\/\",\"url\":\"https:\\\/\\\/phytstore.com\\\/wp-content\\\/uploads\\\/2020\\\/03\\\/logo-phyts-e1585168986207.png\",\"contentUrl\":\"https:\\\/\\\/phytstore.com\\\/wp-content\\\/uploads\\\/2020\\\/03\\\/logo-phyts-e1585168986207.png\",\"width\":200,\"height\":72,\"caption\":\"Phyt's\"},\"image\":{\"@id\":\"https:\\\/\\\/phytstore.com\\\/en\\\/#\\\/schema\\\/logo\\\/image\\\/\"},\"sameAs\":[\"https:\\\/\\\/www.facebook.com\\\/CJMBCosmetiques\\\/?ref=aymt_homepage_panel\",\"https:\\\/\\\/www.instagram.com\\\/phyts_canada\\\/\",\"https:\\\/\\\/www.linkedin.com\\\/company\\\/3337211\\\/admin\\\/\",\"https:\\\/\\\/www.youtube.com\\\/channel\\\/UCEkP009p4XTU5lXjLkaKptA\"]}]}<\/script>\n<!-- \/ Yoast SEO plugin. -->","yoast_head_json":{"title":"Organic and Natural Facial Cleansing Milk | PHYT\u2019S","description":"Discover the Organic cleansing milk from PHYT\u2019S Laboratories: ideal for all skin types. Gently eliminate impurities with 100% natural ingredients.","robots":{"index":"index","follow":"follow","max-snippet":"max-snippet:-1","max-image-preview":"max-image-preview:large","max-video-preview":"max-video-preview:-1"},"canonical":"https:\/\/phytstore.com\/en\/product\/cleansing-milk\/","og_locale":"en_US","og_type":"article","og_title":"Organic and Natural Facial Cleansing Milk | PHYT\u2019S","og_description":"Discover the Organic cleansing milk from PHYT\u2019S Laboratories: ideal for all skin types. Gently eliminate impurities with 100% natural ingredients.","og_url":"https:\/\/phytstore.com\/en\/product\/cleansing-milk\/","og_site_name":"PHYT&#039;S","article_publisher":"https:\/\/www.facebook.com\/CJMBCosmetiques\/?ref=aymt_homepage_panel","article_modified_time":"2023-10-31T14:46:17+00:00","og_image":[{"width":1080,"height":1080,"url":"https:\/\/phytstore.com\/wp-content\/uploads\/2020\/03\/LAIT-NETTOYANT-1.jpg","type":"image\/jpeg"}],"twitter_card":"summary_large_image","twitter_misc":{"Est. reading time":"2 minutes"},"schema":{"@context":"https:\/\/schema.org","@graph":[{"@type":"WebPage","@id":"https:\/\/phytstore.com\/en\/product\/cleansing-milk\/","url":"https:\/\/phytstore.com\/en\/product\/cleansing-milk\/","name":"Organic and Natural Facial Cleansing Milk | PHYT\u2019S","isPartOf":{"@id":"https:\/\/phytstore.com\/en\/#website"},"primaryImageOfPage":{"@id":"https:\/\/phytstore.com\/en\/product\/cleansing-milk\/#primaryimage"},"image":{"@id":"https:\/\/phytstore.com\/en\/product\/cleansing-milk\/#primaryimage"},"thumbnailUrl":"https:\/\/phytstore.com\/wp-content\/uploads\/2020\/03\/LAIT-NETTOYANT-1.jpg","datePublished":"2020-03-28T23:56:23+00:00","dateModified":"2023-10-31T14:46:17+00:00","description":"Discover the Organic cleansing milk from PHYT\u2019S Laboratories: ideal for all skin types. Gently eliminate impurities with 100% natural ingredients.","breadcrumb":{"@id":"https:\/\/phytstore.com\/en\/product\/cleansing-milk\/#breadcrumb"},"inLanguage":"en-CA","potentialAction":[{"@type":"ReadAction","target":["https:\/\/phytstore.com\/en\/product\/cleansing-milk\/"]}]},{"@type":"ImageObject","inLanguage":"en-CA","@id":"https:\/\/phytstore.com\/en\/product\/cleansing-milk\/#primaryimage","url":"https:\/\/phytstore.com\/wp-content\/uploads\/2020\/03\/LAIT-NETTOYANT-1.jpg","contentUrl":"https:\/\/phytstore.com\/wp-content\/uploads\/2020\/03\/LAIT-NETTOYANT-1.jpg","width":1080,"height":1080},{"@type":"BreadcrumbList","@id":"https:\/\/phytstore.com\/en\/product\/cleansing-milk\/#breadcrumb","itemListElement":[{"@type":"ListItem","position":1,"name":"Home","item":"https:\/\/phytstore.com\/en\/"},{"@type":"ListItem","position":2,"name":"Shop","item":"https:\/\/phytstore.com\/en\/shop\/"},{"@type":"ListItem","position":3,"name":"Face","item":"https:\/\/phytstore.com\/en\/organic-skin-care\/"},{"@type":"ListItem","position":4,"name":"Dryness","item":"https:\/\/phytstore.com\/en\/organic-skin-care\/dryness\/"},{"@type":"ListItem","position":5,"name":"Cleansing Milk"}]},{"@type":"WebSite","@id":"https:\/\/phytstore.com\/en\/#website","url":"https:\/\/phytstore.com\/en\/","name":"PHYT&#039;S","description":"Fabricant et distributeur de soins certifi\u00e9s bio pour instituts de beaut\u00e9, spa et esth\u00e9ticiennes","publisher":{"@id":"https:\/\/phytstore.com\/en\/#organization"},"potentialAction":[{"@type":"SearchAction","target":{"@type":"EntryPoint","urlTemplate":"https:\/\/phytstore.com\/en\/?s={search_term_string}"},"query-input":{"@type":"PropertyValueSpecification","valueRequired":true,"valueName":"search_term_string"}}],"inLanguage":"en-CA"},{"@type":"Organization","@id":"https:\/\/phytstore.com\/en\/#organization","name":"Phyt's","url":"https:\/\/phytstore.com\/en\/","logo":{"@type":"ImageObject","inLanguage":"en-CA","@id":"https:\/\/phytstore.com\/en\/#\/schema\/logo\/image\/","url":"https:\/\/phytstore.com\/wp-content\/uploads\/2020\/03\/logo-phyts-e1585168986207.png","contentUrl":"https:\/\/phytstore.com\/wp-content\/uploads\/2020\/03\/logo-phyts-e1585168986207.png","width":200,"height":72,"caption":"Phyt's"},"image":{"@id":"https:\/\/phytstore.com\/en\/#\/schema\/logo\/image\/"},"sameAs":["https:\/\/www.facebook.com\/CJMBCosmetiques\/?ref=aymt_homepage_panel","https:\/\/www.instagram.com\/phyts_canada\/","https:\/\/www.linkedin.com\/company\/3337211\/admin\/","https:\/\/www.youtube.com\/channel\/UCEkP009p4XTU5lXjLkaKptA"]}]}},"jetpack_sharing_enabled":true,"_links":{"self":[{"href":"https:\/\/phytstore.com\/en\/wp-json\/wp\/v2\/product\/2684","targetHints":{"allow":["GET"]}}],"collection":[{"href":"https:\/\/phytstore.com\/en\/wp-json\/wp\/v2\/product"}],"about":[{"href":"https:\/\/phytstore.com\/en\/wp-json\/wp\/v2\/types\/product"}],"replies":[{"embeddable":true,"href":"https:\/\/phytstore.com\/en\/wp-json\/wp\/v2\/comments?post=2684"}],"wp:featuredmedia":[{"embeddable":true,"href":"https:\/\/phytstore.com\/en\/wp-json\/wp\/v2\/media\/7836"}],"wp:attachment":[{"href":"https:\/\/phytstore.com\/en\/wp-json\/wp\/v2\/media?parent=2684"}],"wp:term":[{"taxonomy":"product_brand","embeddable":true,"href":"https:\/\/phytstore.com\/en\/wp-json\/wp\/v2\/product_brand?post=2684"},{"taxonomy":"product_cat","embeddable":true,"href":"https:\/\/phytstore.com\/en\/wp-json\/wp\/v2\/product_cat?post=2684"},{"taxonomy":"product_tag","embeddable":true,"href":"https:\/\/phytstore.com\/en\/wp-json\/wp\/v2\/product_tag?post=2684"}],"curies":[{"name":"wp","href":"https:\/\/api.w.org\/{rel}","templated":true}]}}