{"id":2682,"date":"2020-03-28T19:56:23","date_gmt":"2020-03-28T23:56:23","guid":{"rendered":"https:\/\/phytstore.com\/produit\/mousse-nettoyante-purete\/"},"modified":"2024-02-08T10:53:45","modified_gmt":"2024-02-08T14:53:45","slug":"mousse-nettoyante-purete","status":"publish","type":"product","link":"https:\/\/phytstore.com\/en\/product\/purity-cleansing-foam\/","title":{"rendered":"Purity Cleansing Foam"},"content":{"rendered":"<p>The first essential stage in the beauty ritual for oily or acne-prone skin, this purifying, soap-free,\u00a0<strong>Organic cleansing foam<\/strong>\u00a0gently eliminates\u00a0<strong>impurities and excess sebum<\/strong>. Its mild surfactants cleanse the skin without irritating it. Formulated with natural, astringent, and purifying essential oils and plant extracts, the skin is visibly clearer and free of impurities. Day after day, the skin looks healthier with this\u00a0<a href=\"https:\/\/phytstore.com\/en\/organic-skin-care\/imperfections\/\"><strong>imperfections treatment<\/strong><\/a>.<\/p>\n<h2><strong>Active Ingredients :<\/strong><\/h2>\n<p>Aloe Vera*, Alfalfa*, Burdock*, Pansy*, Sweet Orange*, Tea Tree*, Lavandin*, Geranium*, Lemon*<br \/>\n<em>* ingredients from Organic Farming<\/em><\/p>\n<h2>How do I use my Organic foam cleanser?<\/h2>\n<p>In the morning and evening, emulsify on your wet face and neck. Apply a dollop of purity cleansing foam to your face. Make gentle, circular motions until the product melts.<\/p>\n<p>Rinse thoroughly with water or a <a href=\"https:\/\/phytstore.com\/en\/product\/phyts-organic-reusable-wipes\/\"><strong>reusable Organic wipe<\/strong><\/a>. Then, complete your cleansing by toning your skin with the <a href=\"https:\/\/phytstore.com\/en\/product\/eucalyptus-toner\/\"><strong>Eucalyptus Toner<\/strong><\/a>.<\/p>\n<p>Our soft foam is the ideal cleansing treatment to\u00a0<strong>deeply<\/strong>\u00a0<strong>cleanse the skin<\/strong>. Finish your routine with our\u00a0<strong>imperfections treatments<\/strong>.<\/p>\n<p><strong><em>Tip:<\/em><\/strong> For greater effectiveness, after using your foam cleanser, apply the <a href=\"https:\/\/phytstore.com\/en\/product\/aromaclear-fluid\/\"><strong>Aromaclear Fluid<\/strong><\/a> or <a href=\"https:\/\/phytstore.com\/en\/product\/aromaclear-cream\/\"><strong>Aromaclear Cream<\/strong><\/a> in the morning, and the <a href=\"https:\/\/phytstore.com\/en\/product\/aromaclear-serum\/\"><strong>Aromaclear Serum<\/strong><\/a>\u00a0in the evening for long-lasting hydration.<\/p>\n<h2>The advantages of our foam cleanser on your skin<\/h2>\n<p>Our\u00a0<strong>purity cleansing foam for the face<\/strong>\u00a0gently cleanses the skin with the utmost respect for sensitive skin.<\/p>\n<p>Designed for\u00a0<strong>combination to oily skin<\/strong> types, this creamy foam ensures deep cleansing for clean, clear skin after each application. The skin texture is refined, and the skin is soft and supple. With a non-drying formula consisting of a\u00a0<strong>natural ingredient list<\/strong>\u00a0and a melting foam texture, treat yourself to the best in plant-based cosmetics.<\/p>\n<p>In conclusion, our foam cleanser is a testament to the art of gentle and effective skincare. Its delicate foam, derived from a carefully curated ingredient list of organic elements, ensures a\u00a0<strong>thorough wash\u00a0<\/strong>and leaves the skin healthy. The convenient pump design dispenses just the right amount of product, enhancing your daily skincare ritual.<\/p>\n<p>Embrace the benefits of this synthetic\u00a0<strong>fragrance-free formulation<\/strong>, which is perfectly suited to all skin types, and witness the transformation of your skin&#8217;s texture and health.<\/p>\n","protected":false},"excerpt":{"rendered":"<p><img loading=\"lazy\" decoding=\"async\" class=\"alignnone size-full wp-image-4920\" src=\"https:\/\/phytstore.com\/wp-content\/uploads\/2020\/07\/Bio-100-Vegan-Efficacite-11.png\" alt=\"\" width=\"274\" height=\"53\" \/><\/p>\n<p>Purifying &amp; Soft &#8211; Non-drying<\/p>\n<p><strong>Skin type :<\/strong> Oily skin with acneic tendency<br \/>\n<strong>Expectations :<\/strong> Cleanses, purifies<br \/>\n<strong>Presentation :<\/strong> 160 ml foamer<\/p>\n","protected":false},"featured_media":5862,"comment_status":"closed","ping_status":"closed","template":"","meta":{"_acf_changed":false,"inline_featured_image":false},"product_brand":[],"product_cat":[82,96,232,234,253],"product_tag":[],"class_list":{"0":"post-2682","1":"product","2":"type-product","3":"status-publish","4":"has-post-thumbnail","6":"product_cat-aromaclear-en","7":"product_cat-soins-nettoyants-en","8":"product_cat-imperfections-en","9":"product_cat-oily-skin-dilated-pores","10":"product_cat-cleansers-en","12":"first","13":"instock","14":"taxable","15":"shipping-taxable","16":"purchasable","17":"product-type-simple"},"acf":[],"yoast_head":"<!-- This site is optimized with the Yoast SEO plugin v27.1.1 - https:\/\/yoast.com\/product\/yoast-seo-wordpress\/ -->\n<title>Organic Foam Cleanser for the Face<\/title>\n<meta name=\"description\" content=\"Choose clean, smooth skin thanks to our Organic foaming cleanser for the face. Effectively eliminate impurities while refining the texture of your skin!\" \/>\n<meta name=\"robots\" content=\"index, follow, max-snippet:-1, max-image-preview:large, max-video-preview:-1\" \/>\n<link rel=\"canonical\" href=\"https:\/\/phytstore.com\/en\/product\/purity-cleansing-foam\/\" \/>\n<meta property=\"og:locale\" content=\"en_US\" \/>\n<meta property=\"og:type\" content=\"article\" \/>\n<meta property=\"og:title\" content=\"Organic Foam Cleanser for the Face\" \/>\n<meta property=\"og:description\" content=\"Choose clean, smooth skin thanks to our Organic foaming cleanser for the face. Effectively eliminate impurities while refining the texture of your skin!\" \/>\n<meta property=\"og:url\" content=\"https:\/\/phytstore.com\/en\/product\/purity-cleansing-foam\/\" \/>\n<meta property=\"og:site_name\" content=\"PHYT&#039;S\" \/>\n<meta property=\"article:publisher\" content=\"https:\/\/www.facebook.com\/CJMBCosmetiques\/?ref=aymt_homepage_panel\" \/>\n<meta property=\"article:modified_time\" content=\"2024-02-08T14:53:45+00:00\" \/>\n<meta property=\"og:image\" content=\"https:\/\/phytstore.com\/wp-content\/uploads\/2020\/03\/Mousse-Nettoyante-Purete.png\" \/>\n\t<meta property=\"og:image:width\" content=\"835\" \/>\n\t<meta property=\"og:image:height\" content=\"834\" \/>\n\t<meta property=\"og:image:type\" content=\"image\/png\" \/>\n<meta name=\"twitter:card\" content=\"summary_large_image\" \/>\n<meta name=\"twitter:label1\" content=\"Est. reading time\" \/>\n\t<meta name=\"twitter:data1\" content=\"3 minutes\" \/>\n<script type=\"application\/ld+json\" class=\"yoast-schema-graph\">{\"@context\":\"https:\/\/schema.org\",\"@graph\":[{\"@type\":\"WebPage\",\"@id\":\"https:\/\/phytstore.com\/en\/product\/purity-cleansing-foam\/\",\"url\":\"https:\/\/phytstore.com\/en\/product\/purity-cleansing-foam\/\",\"name\":\"Organic Foam Cleanser for the Face\",\"isPartOf\":{\"@id\":\"https:\/\/phytstore.com\/en\/#website\"},\"primaryImageOfPage\":{\"@id\":\"https:\/\/phytstore.com\/en\/product\/purity-cleansing-foam\/#primaryimage\"},\"image\":{\"@id\":\"https:\/\/phytstore.com\/en\/product\/purity-cleansing-foam\/#primaryimage\"},\"thumbnailUrl\":\"https:\/\/phytstore.com\/wp-content\/uploads\/2020\/03\/Mousse-Nettoyante-Purete.png\",\"datePublished\":\"2020-03-28T23:56:23+00:00\",\"dateModified\":\"2024-02-08T14:53:45+00:00\",\"description\":\"Choose clean, smooth skin thanks to our Organic foaming cleanser for the face. Effectively eliminate impurities while refining the texture of your skin!\",\"breadcrumb\":{\"@id\":\"https:\/\/phytstore.com\/en\/product\/purity-cleansing-foam\/#breadcrumb\"},\"inLanguage\":\"en-CA\",\"potentialAction\":[{\"@type\":\"ReadAction\",\"target\":[\"https:\/\/phytstore.com\/en\/product\/purity-cleansing-foam\/\"]}]},{\"@type\":\"ImageObject\",\"inLanguage\":\"en-CA\",\"@id\":\"https:\/\/phytstore.com\/en\/product\/purity-cleansing-foam\/#primaryimage\",\"url\":\"https:\/\/phytstore.com\/wp-content\/uploads\/2020\/03\/Mousse-Nettoyante-Purete.png\",\"contentUrl\":\"https:\/\/phytstore.com\/wp-content\/uploads\/2020\/03\/Mousse-Nettoyante-Purete.png\",\"width\":835,\"height\":834,\"caption\":\"mousse nettoyante Bio\"},{\"@type\":\"BreadcrumbList\",\"@id\":\"https:\/\/phytstore.com\/en\/product\/purity-cleansing-foam\/#breadcrumb\",\"itemListElement\":[{\"@type\":\"ListItem\",\"position\":1,\"name\":\"Home\",\"item\":\"https:\/\/phytstore.com\/en\/\"},{\"@type\":\"ListItem\",\"position\":2,\"name\":\"Shop\",\"item\":\"https:\/\/phytstore.com\/en\/shop\/\"},{\"@type\":\"ListItem\",\"position\":3,\"name\":\"Face\",\"item\":\"https:\/\/phytstore.com\/en\/organic-skin-care\/\"},{\"@type\":\"ListItem\",\"position\":4,\"name\":\"Imperfections\",\"item\":\"https:\/\/phytstore.com\/en\/organic-skin-care\/imperfections\/\"},{\"@type\":\"ListItem\",\"position\":5,\"name\":\"Purity Cleansing Foam\"}]},{\"@type\":\"WebSite\",\"@id\":\"https:\/\/phytstore.com\/en\/#website\",\"url\":\"https:\/\/phytstore.com\/en\/\",\"name\":\"PHYT&#039;S\",\"description\":\"Fabricant et distributeur de soins certifi\u00e9s bio pour instituts de beaut\u00e9, spa et esth\u00e9ticiennes\",\"publisher\":{\"@id\":\"https:\/\/phytstore.com\/en\/#organization\"},\"potentialAction\":[{\"@type\":\"SearchAction\",\"target\":{\"@type\":\"EntryPoint\",\"urlTemplate\":\"https:\/\/phytstore.com\/en\/?s={search_term_string}\"},\"query-input\":{\"@type\":\"PropertyValueSpecification\",\"valueRequired\":true,\"valueName\":\"search_term_string\"}}],\"inLanguage\":\"en-CA\"},{\"@type\":\"Organization\",\"@id\":\"https:\/\/phytstore.com\/en\/#organization\",\"name\":\"Phyt's\",\"url\":\"https:\/\/phytstore.com\/en\/\",\"logo\":{\"@type\":\"ImageObject\",\"inLanguage\":\"en-CA\",\"@id\":\"https:\/\/phytstore.com\/en\/#\/schema\/logo\/image\/\",\"url\":\"https:\/\/phytstore.com\/wp-content\/uploads\/2020\/03\/logo-phyts-e1585168986207.png\",\"contentUrl\":\"https:\/\/phytstore.com\/wp-content\/uploads\/2020\/03\/logo-phyts-e1585168986207.png\",\"width\":200,\"height\":72,\"caption\":\"Phyt's\"},\"image\":{\"@id\":\"https:\/\/phytstore.com\/en\/#\/schema\/logo\/image\/\"},\"sameAs\":[\"https:\/\/www.facebook.com\/CJMBCosmetiques\/?ref=aymt_homepage_panel\",\"https:\/\/www.instagram.com\/phyts_canada\/\",\"https:\/\/www.linkedin.com\/company\/3337211\/admin\/\",\"https:\/\/www.youtube.com\/channel\/UCEkP009p4XTU5lXjLkaKptA\"]}]}<\/script>\n<!-- \/ Yoast SEO plugin. -->","yoast_head_json":{"title":"Organic Foam Cleanser for the Face","description":"Choose clean, smooth skin thanks to our Organic foaming cleanser for the face. Effectively eliminate impurities while refining the texture of your skin!","robots":{"index":"index","follow":"follow","max-snippet":"max-snippet:-1","max-image-preview":"max-image-preview:large","max-video-preview":"max-video-preview:-1"},"canonical":"https:\/\/phytstore.com\/en\/product\/purity-cleansing-foam\/","og_locale":"en_US","og_type":"article","og_title":"Organic Foam Cleanser for the Face","og_description":"Choose clean, smooth skin thanks to our Organic foaming cleanser for the face. Effectively eliminate impurities while refining the texture of your skin!","og_url":"https:\/\/phytstore.com\/en\/product\/purity-cleansing-foam\/","og_site_name":"PHYT&#039;S","article_publisher":"https:\/\/www.facebook.com\/CJMBCosmetiques\/?ref=aymt_homepage_panel","article_modified_time":"2024-02-08T14:53:45+00:00","og_image":[{"width":835,"height":834,"url":"https:\/\/phytstore.com\/wp-content\/uploads\/2020\/03\/Mousse-Nettoyante-Purete.png","type":"image\/png"}],"twitter_card":"summary_large_image","twitter_misc":{"Est. reading time":"3 minutes"},"schema":{"@context":"https:\/\/schema.org","@graph":[{"@type":"WebPage","@id":"https:\/\/phytstore.com\/en\/product\/purity-cleansing-foam\/","url":"https:\/\/phytstore.com\/en\/product\/purity-cleansing-foam\/","name":"Organic Foam Cleanser for the Face","isPartOf":{"@id":"https:\/\/phytstore.com\/en\/#website"},"primaryImageOfPage":{"@id":"https:\/\/phytstore.com\/en\/product\/purity-cleansing-foam\/#primaryimage"},"image":{"@id":"https:\/\/phytstore.com\/en\/product\/purity-cleansing-foam\/#primaryimage"},"thumbnailUrl":"https:\/\/phytstore.com\/wp-content\/uploads\/2020\/03\/Mousse-Nettoyante-Purete.png","datePublished":"2020-03-28T23:56:23+00:00","dateModified":"2024-02-08T14:53:45+00:00","description":"Choose clean, smooth skin thanks to our Organic foaming cleanser for the face. Effectively eliminate impurities while refining the texture of your skin!","breadcrumb":{"@id":"https:\/\/phytstore.com\/en\/product\/purity-cleansing-foam\/#breadcrumb"},"inLanguage":"en-CA","potentialAction":[{"@type":"ReadAction","target":["https:\/\/phytstore.com\/en\/product\/purity-cleansing-foam\/"]}]},{"@type":"ImageObject","inLanguage":"en-CA","@id":"https:\/\/phytstore.com\/en\/product\/purity-cleansing-foam\/#primaryimage","url":"https:\/\/phytstore.com\/wp-content\/uploads\/2020\/03\/Mousse-Nettoyante-Purete.png","contentUrl":"https:\/\/phytstore.com\/wp-content\/uploads\/2020\/03\/Mousse-Nettoyante-Purete.png","width":835,"height":834,"caption":"mousse nettoyante Bio"},{"@type":"BreadcrumbList","@id":"https:\/\/phytstore.com\/en\/product\/purity-cleansing-foam\/#breadcrumb","itemListElement":[{"@type":"ListItem","position":1,"name":"Home","item":"https:\/\/phytstore.com\/en\/"},{"@type":"ListItem","position":2,"name":"Shop","item":"https:\/\/phytstore.com\/en\/shop\/"},{"@type":"ListItem","position":3,"name":"Face","item":"https:\/\/phytstore.com\/en\/organic-skin-care\/"},{"@type":"ListItem","position":4,"name":"Imperfections","item":"https:\/\/phytstore.com\/en\/organic-skin-care\/imperfections\/"},{"@type":"ListItem","position":5,"name":"Purity Cleansing Foam"}]},{"@type":"WebSite","@id":"https:\/\/phytstore.com\/en\/#website","url":"https:\/\/phytstore.com\/en\/","name":"PHYT&#039;S","description":"Fabricant et distributeur de soins certifi\u00e9s bio pour instituts de beaut\u00e9, spa et esth\u00e9ticiennes","publisher":{"@id":"https:\/\/phytstore.com\/en\/#organization"},"potentialAction":[{"@type":"SearchAction","target":{"@type":"EntryPoint","urlTemplate":"https:\/\/phytstore.com\/en\/?s={search_term_string}"},"query-input":{"@type":"PropertyValueSpecification","valueRequired":true,"valueName":"search_term_string"}}],"inLanguage":"en-CA"},{"@type":"Organization","@id":"https:\/\/phytstore.com\/en\/#organization","name":"Phyt's","url":"https:\/\/phytstore.com\/en\/","logo":{"@type":"ImageObject","inLanguage":"en-CA","@id":"https:\/\/phytstore.com\/en\/#\/schema\/logo\/image\/","url":"https:\/\/phytstore.com\/wp-content\/uploads\/2020\/03\/logo-phyts-e1585168986207.png","contentUrl":"https:\/\/phytstore.com\/wp-content\/uploads\/2020\/03\/logo-phyts-e1585168986207.png","width":200,"height":72,"caption":"Phyt's"},"image":{"@id":"https:\/\/phytstore.com\/en\/#\/schema\/logo\/image\/"},"sameAs":["https:\/\/www.facebook.com\/CJMBCosmetiques\/?ref=aymt_homepage_panel","https:\/\/www.instagram.com\/phyts_canada\/","https:\/\/www.linkedin.com\/company\/3337211\/admin\/","https:\/\/www.youtube.com\/channel\/UCEkP009p4XTU5lXjLkaKptA"]}]}},"jetpack_sharing_enabled":true,"_links":{"self":[{"href":"https:\/\/phytstore.com\/en\/wp-json\/wp\/v2\/product\/2682","targetHints":{"allow":["GET"]}}],"collection":[{"href":"https:\/\/phytstore.com\/en\/wp-json\/wp\/v2\/product"}],"about":[{"href":"https:\/\/phytstore.com\/en\/wp-json\/wp\/v2\/types\/product"}],"replies":[{"embeddable":true,"href":"https:\/\/phytstore.com\/en\/wp-json\/wp\/v2\/comments?post=2682"}],"wp:featuredmedia":[{"embeddable":true,"href":"https:\/\/phytstore.com\/en\/wp-json\/wp\/v2\/media\/5862"}],"wp:attachment":[{"href":"https:\/\/phytstore.com\/en\/wp-json\/wp\/v2\/media?parent=2682"}],"wp:term":[{"taxonomy":"product_brand","embeddable":true,"href":"https:\/\/phytstore.com\/en\/wp-json\/wp\/v2\/product_brand?post=2682"},{"taxonomy":"product_cat","embeddable":true,"href":"https:\/\/phytstore.com\/en\/wp-json\/wp\/v2\/product_cat?post=2682"},{"taxonomy":"product_tag","embeddable":true,"href":"https:\/\/phytstore.com\/en\/wp-json\/wp\/v2\/product_tag?post=2682"}],"curies":[{"name":"wp","href":"https:\/\/api.w.org\/{rel}","templated":true}]}}