{"id":2670,"date":"2020-03-28T19:56:23","date_gmt":"2020-03-28T23:56:23","guid":{"rendered":"https:\/\/phytstore.com\/produit\/gommage-contact\/"},"modified":"2025-09-23T15:47:35","modified_gmt":"2025-09-23T19:47:35","slug":"gommage-contact","status":"publish","type":"product","link":"https:\/\/phytstore.com\/en\/product\/contact-scrub\/","title":{"rendered":"Gentle Exfoliating Facial Scrub"},"content":{"rendered":"<p>This\u00a0<strong>Organic gentle exfoliating facial scrub<\/strong>\u00a0delicately eliminates dead cells without damaging the skin\u2019s protective barrier. This soft exfoliation removes impurities and helps the products applied afterwards to penetrate the skin. It also softens the skin and brightens the complexion, leaving radiant and youthful looking skin. Ideal for all skin types, even the most delicate skin around the eyes and lips.<\/p>\n<h2><strong>Active ingredients :<\/strong><\/h2>\n<p>Vegetal Cells*, Sunflower*, Ylang Ylang*, Lavandin*, Clove*<br \/>\n<em>* ingredients from Organic Farming<\/em><\/p>\n<h2>How do I apply my scrub?<\/h2>\n<p>Once or twice a week, after cleansing, apply a thin layer of the product all over the face, neck, eyelids, and lips. Leave on for 2 to 5 minutes. Then, with the fingers,\u00a0<strong>rub the product<\/strong> (it should roll\/\u201dpeel\u201d). Complete by toning the skin with the <a href=\"https:\/\/phytstore.com\/en\/product\/bitter-orange-toner\/\"><strong>Bitter Orange Toner<\/strong><\/a>\u00a0or\u00a0<a href=\"https:\/\/phytstore.com\/en\/product\/eucalyptus-toner\/\"><strong>Eucalyptus Toner<\/strong><\/a>, depending on skin type.<br \/>\n<strong>Tip:<\/strong> For an even more unifying and luminous effect, choose the <a href=\"https:\/\/phytstore.com\/en\/product\/scrub\/\"><strong>White Bio-Active Scrub<\/strong><\/a>\u00a0instead.<\/p>\n<h2>Gentle and effective exfoliating facial scrub<\/h2>\n<p>Formulated to exfoliate without irritation, the texture of the Contact + Facial Scrub removes dead skin cells gently and thoroughly, with no abrasives or grains. This scrub nourishes and soothes the skin, reducing dry patches and discomfort while enhancing your<strong>\u00a0skin\u2019s natural radiance and beauty<\/strong>. Dermatologically tested and ideal for sensitive skin, it acts as an effective cleanser that prepares your skin to better absorb subsequent skin care products. With regular use, it helps maintain balanced, smooth, and glowing skin every day.<\/p>\n","protected":false},"excerpt":{"rendered":"<p><img loading=\"lazy\" decoding=\"async\" class=\"alignnone size-full wp-image-4921\" src=\"https:\/\/phytstore.com\/wp-content\/uploads\/2020\/03\/Bio-100-Vegan-4.png\" alt=\"\" width=\"274\" height=\"53\" \/><\/p>\n<p>Gentle scrub without grains<\/p>\n<p><strong>Skin type :<\/strong> All skin types (even the most sensitive + eyes &amp; lips)<br \/>\n<strong>Expectations :<\/strong> Exfoliates, softens, illuminates, prepares<br \/>\n<strong>Presentation :<\/strong> 40 g tube<\/p>\n","protected":false},"featured_media":7792,"comment_status":"closed","ping_status":"closed","template":"","meta":{"_acf_changed":false,"inline_featured_image":false},"product_brand":[],"product_cat":[96,229,233,240,250],"product_tag":[],"class_list":{"0":"post-2670","1":"product","2":"type-product","3":"status-publish","4":"has-post-thumbnail","6":"product_cat-soins-nettoyants-en","7":"product_cat-dark-circles-puffiness","8":"product_cat-lack-of-radiance","9":"product_cat-dryness","10":"product_cat-scrubs-exfoliants","12":"first","13":"instock","14":"taxable","15":"shipping-taxable","16":"purchasable","17":"product-type-simple"},"acf":[],"yoast_head":"<!-- This site is optimized with the Yoast SEO plugin v27.4 - https:\/\/yoast.com\/product\/yoast-seo-wordpress\/ -->\n<title>Gentle Exfoliating Facial Scrub - PHYT&#039;S Laboratories<\/title>\n<meta name=\"description\" content=\"Gently exfoliate and purify sensitive skin with our gentle exfoliating facial scrub. This natural cleanser removes dirt and impurities for smooth, refreshed beauty.\" \/>\n<meta name=\"robots\" content=\"index, follow, max-snippet:-1, max-image-preview:large, max-video-preview:-1\" \/>\n<link rel=\"canonical\" href=\"https:\/\/phytstore.com\/en\/product\/contact-scrub\/\" \/>\n<meta property=\"og:locale\" content=\"en_US\" \/>\n<meta property=\"og:type\" content=\"article\" \/>\n<meta property=\"og:title\" content=\"Gentle Exfoliating Facial Scrub - PHYT&#039;S Laboratories\" \/>\n<meta property=\"og:description\" content=\"Gently exfoliate and purify sensitive skin with our gentle exfoliating facial scrub. This natural cleanser removes dirt and impurities for smooth, refreshed beauty.\" \/>\n<meta property=\"og:url\" content=\"https:\/\/phytstore.com\/en\/product\/contact-scrub\/\" \/>\n<meta property=\"og:site_name\" content=\"PHYT&#039;S\" \/>\n<meta property=\"article:publisher\" content=\"https:\/\/www.facebook.com\/CJMBCosmetiques\/?ref=aymt_homepage_panel\" \/>\n<meta property=\"article:modified_time\" content=\"2025-09-23T19:47:35+00:00\" \/>\n<meta property=\"og:image\" content=\"https:\/\/phytstore.com\/wp-content\/uploads\/2020\/03\/CONTACT-1-1.jpg\" \/>\n\t<meta property=\"og:image:width\" content=\"1080\" \/>\n\t<meta property=\"og:image:height\" content=\"1080\" \/>\n\t<meta property=\"og:image:type\" content=\"image\/jpeg\" \/>\n<meta name=\"twitter:card\" content=\"summary_large_image\" \/>\n<meta name=\"twitter:label1\" content=\"Est. reading time\" \/>\n\t<meta name=\"twitter:data1\" content=\"2 minutes\" \/>\n<script type=\"application\/ld+json\" class=\"yoast-schema-graph\">{\"@context\":\"https:\\\/\\\/schema.org\",\"@graph\":[{\"@type\":\"WebPage\",\"@id\":\"https:\\\/\\\/phytstore.com\\\/en\\\/product\\\/contact-scrub\\\/\",\"url\":\"https:\\\/\\\/phytstore.com\\\/en\\\/product\\\/contact-scrub\\\/\",\"name\":\"Gentle Exfoliating Facial Scrub - PHYT'S Laboratories\",\"isPartOf\":{\"@id\":\"https:\\\/\\\/phytstore.com\\\/en\\\/#website\"},\"primaryImageOfPage\":{\"@id\":\"https:\\\/\\\/phytstore.com\\\/en\\\/product\\\/contact-scrub\\\/#primaryimage\"},\"image\":{\"@id\":\"https:\\\/\\\/phytstore.com\\\/en\\\/product\\\/contact-scrub\\\/#primaryimage\"},\"thumbnailUrl\":\"https:\\\/\\\/phytstore.com\\\/wp-content\\\/uploads\\\/2020\\\/03\\\/CONTACT-1-1.jpg\",\"datePublished\":\"2020-03-28T23:56:23+00:00\",\"dateModified\":\"2025-09-23T19:47:35+00:00\",\"description\":\"Gently exfoliate and purify sensitive skin with our gentle exfoliating facial scrub. This natural cleanser removes dirt and impurities for smooth, refreshed beauty.\",\"breadcrumb\":{\"@id\":\"https:\\\/\\\/phytstore.com\\\/en\\\/product\\\/contact-scrub\\\/#breadcrumb\"},\"inLanguage\":\"en-CA\",\"potentialAction\":[{\"@type\":\"ReadAction\",\"target\":[\"https:\\\/\\\/phytstore.com\\\/en\\\/product\\\/contact-scrub\\\/\"]}]},{\"@type\":\"ImageObject\",\"inLanguage\":\"en-CA\",\"@id\":\"https:\\\/\\\/phytstore.com\\\/en\\\/product\\\/contact-scrub\\\/#primaryimage\",\"url\":\"https:\\\/\\\/phytstore.com\\\/wp-content\\\/uploads\\\/2020\\\/03\\\/CONTACT-1-1.jpg\",\"contentUrl\":\"https:\\\/\\\/phytstore.com\\\/wp-content\\\/uploads\\\/2020\\\/03\\\/CONTACT-1-1.jpg\",\"width\":1080,\"height\":1080},{\"@type\":\"BreadcrumbList\",\"@id\":\"https:\\\/\\\/phytstore.com\\\/en\\\/product\\\/contact-scrub\\\/#breadcrumb\",\"itemListElement\":[{\"@type\":\"ListItem\",\"position\":1,\"name\":\"Home\",\"item\":\"https:\\\/\\\/phytstore.com\\\/en\\\/\"},{\"@type\":\"ListItem\",\"position\":2,\"name\":\"Shop\",\"item\":\"https:\\\/\\\/phytstore.com\\\/en\\\/shop\\\/\"},{\"@type\":\"ListItem\",\"position\":3,\"name\":\"Face\",\"item\":\"https:\\\/\\\/phytstore.com\\\/en\\\/organic-skin-care\\\/\"},{\"@type\":\"ListItem\",\"position\":4,\"name\":\"Dark circles &amp; Puffiness\",\"item\":\"https:\\\/\\\/phytstore.com\\\/en\\\/organic-skin-care\\\/dark-circles-puffiness\\\/\"},{\"@type\":\"ListItem\",\"position\":5,\"name\":\"Gentle Exfoliating Facial Scrub\"}]},{\"@type\":\"WebSite\",\"@id\":\"https:\\\/\\\/phytstore.com\\\/en\\\/#website\",\"url\":\"https:\\\/\\\/phytstore.com\\\/en\\\/\",\"name\":\"PHYT&#039;S\",\"description\":\"Fabricant et distributeur de soins certifi\u00e9s bio pour instituts de beaut\u00e9, spa et esth\u00e9ticiennes\",\"publisher\":{\"@id\":\"https:\\\/\\\/phytstore.com\\\/en\\\/#organization\"},\"potentialAction\":[{\"@type\":\"SearchAction\",\"target\":{\"@type\":\"EntryPoint\",\"urlTemplate\":\"https:\\\/\\\/phytstore.com\\\/en\\\/?s={search_term_string}\"},\"query-input\":{\"@type\":\"PropertyValueSpecification\",\"valueRequired\":true,\"valueName\":\"search_term_string\"}}],\"inLanguage\":\"en-CA\"},{\"@type\":\"Organization\",\"@id\":\"https:\\\/\\\/phytstore.com\\\/en\\\/#organization\",\"name\":\"Phyt's\",\"url\":\"https:\\\/\\\/phytstore.com\\\/en\\\/\",\"logo\":{\"@type\":\"ImageObject\",\"inLanguage\":\"en-CA\",\"@id\":\"https:\\\/\\\/phytstore.com\\\/en\\\/#\\\/schema\\\/logo\\\/image\\\/\",\"url\":\"https:\\\/\\\/phytstore.com\\\/wp-content\\\/uploads\\\/2020\\\/03\\\/logo-phyts-e1585168986207.png\",\"contentUrl\":\"https:\\\/\\\/phytstore.com\\\/wp-content\\\/uploads\\\/2020\\\/03\\\/logo-phyts-e1585168986207.png\",\"width\":200,\"height\":72,\"caption\":\"Phyt's\"},\"image\":{\"@id\":\"https:\\\/\\\/phytstore.com\\\/en\\\/#\\\/schema\\\/logo\\\/image\\\/\"},\"sameAs\":[\"https:\\\/\\\/www.facebook.com\\\/CJMBCosmetiques\\\/?ref=aymt_homepage_panel\",\"https:\\\/\\\/www.instagram.com\\\/phyts_canada\\\/\",\"https:\\\/\\\/www.linkedin.com\\\/company\\\/3337211\\\/admin\\\/\",\"https:\\\/\\\/www.youtube.com\\\/channel\\\/UCEkP009p4XTU5lXjLkaKptA\"]}]}<\/script>\n<!-- \/ Yoast SEO plugin. -->","yoast_head_json":{"title":"Gentle Exfoliating Facial Scrub - PHYT'S Laboratories","description":"Gently exfoliate and purify sensitive skin with our gentle exfoliating facial scrub. This natural cleanser removes dirt and impurities for smooth, refreshed beauty.","robots":{"index":"index","follow":"follow","max-snippet":"max-snippet:-1","max-image-preview":"max-image-preview:large","max-video-preview":"max-video-preview:-1"},"canonical":"https:\/\/phytstore.com\/en\/product\/contact-scrub\/","og_locale":"en_US","og_type":"article","og_title":"Gentle Exfoliating Facial Scrub - PHYT'S Laboratories","og_description":"Gently exfoliate and purify sensitive skin with our gentle exfoliating facial scrub. This natural cleanser removes dirt and impurities for smooth, refreshed beauty.","og_url":"https:\/\/phytstore.com\/en\/product\/contact-scrub\/","og_site_name":"PHYT&#039;S","article_publisher":"https:\/\/www.facebook.com\/CJMBCosmetiques\/?ref=aymt_homepage_panel","article_modified_time":"2025-09-23T19:47:35+00:00","og_image":[{"width":1080,"height":1080,"url":"https:\/\/phytstore.com\/wp-content\/uploads\/2020\/03\/CONTACT-1-1.jpg","type":"image\/jpeg"}],"twitter_card":"summary_large_image","twitter_misc":{"Est. reading time":"2 minutes"},"schema":{"@context":"https:\/\/schema.org","@graph":[{"@type":"WebPage","@id":"https:\/\/phytstore.com\/en\/product\/contact-scrub\/","url":"https:\/\/phytstore.com\/en\/product\/contact-scrub\/","name":"Gentle Exfoliating Facial Scrub - PHYT'S Laboratories","isPartOf":{"@id":"https:\/\/phytstore.com\/en\/#website"},"primaryImageOfPage":{"@id":"https:\/\/phytstore.com\/en\/product\/contact-scrub\/#primaryimage"},"image":{"@id":"https:\/\/phytstore.com\/en\/product\/contact-scrub\/#primaryimage"},"thumbnailUrl":"https:\/\/phytstore.com\/wp-content\/uploads\/2020\/03\/CONTACT-1-1.jpg","datePublished":"2020-03-28T23:56:23+00:00","dateModified":"2025-09-23T19:47:35+00:00","description":"Gently exfoliate and purify sensitive skin with our gentle exfoliating facial scrub. This natural cleanser removes dirt and impurities for smooth, refreshed beauty.","breadcrumb":{"@id":"https:\/\/phytstore.com\/en\/product\/contact-scrub\/#breadcrumb"},"inLanguage":"en-CA","potentialAction":[{"@type":"ReadAction","target":["https:\/\/phytstore.com\/en\/product\/contact-scrub\/"]}]},{"@type":"ImageObject","inLanguage":"en-CA","@id":"https:\/\/phytstore.com\/en\/product\/contact-scrub\/#primaryimage","url":"https:\/\/phytstore.com\/wp-content\/uploads\/2020\/03\/CONTACT-1-1.jpg","contentUrl":"https:\/\/phytstore.com\/wp-content\/uploads\/2020\/03\/CONTACT-1-1.jpg","width":1080,"height":1080},{"@type":"BreadcrumbList","@id":"https:\/\/phytstore.com\/en\/product\/contact-scrub\/#breadcrumb","itemListElement":[{"@type":"ListItem","position":1,"name":"Home","item":"https:\/\/phytstore.com\/en\/"},{"@type":"ListItem","position":2,"name":"Shop","item":"https:\/\/phytstore.com\/en\/shop\/"},{"@type":"ListItem","position":3,"name":"Face","item":"https:\/\/phytstore.com\/en\/organic-skin-care\/"},{"@type":"ListItem","position":4,"name":"Dark circles &amp; Puffiness","item":"https:\/\/phytstore.com\/en\/organic-skin-care\/dark-circles-puffiness\/"},{"@type":"ListItem","position":5,"name":"Gentle Exfoliating Facial Scrub"}]},{"@type":"WebSite","@id":"https:\/\/phytstore.com\/en\/#website","url":"https:\/\/phytstore.com\/en\/","name":"PHYT&#039;S","description":"Fabricant et distributeur de soins certifi\u00e9s bio pour instituts de beaut\u00e9, spa et esth\u00e9ticiennes","publisher":{"@id":"https:\/\/phytstore.com\/en\/#organization"},"potentialAction":[{"@type":"SearchAction","target":{"@type":"EntryPoint","urlTemplate":"https:\/\/phytstore.com\/en\/?s={search_term_string}"},"query-input":{"@type":"PropertyValueSpecification","valueRequired":true,"valueName":"search_term_string"}}],"inLanguage":"en-CA"},{"@type":"Organization","@id":"https:\/\/phytstore.com\/en\/#organization","name":"Phyt's","url":"https:\/\/phytstore.com\/en\/","logo":{"@type":"ImageObject","inLanguage":"en-CA","@id":"https:\/\/phytstore.com\/en\/#\/schema\/logo\/image\/","url":"https:\/\/phytstore.com\/wp-content\/uploads\/2020\/03\/logo-phyts-e1585168986207.png","contentUrl":"https:\/\/phytstore.com\/wp-content\/uploads\/2020\/03\/logo-phyts-e1585168986207.png","width":200,"height":72,"caption":"Phyt's"},"image":{"@id":"https:\/\/phytstore.com\/en\/#\/schema\/logo\/image\/"},"sameAs":["https:\/\/www.facebook.com\/CJMBCosmetiques\/?ref=aymt_homepage_panel","https:\/\/www.instagram.com\/phyts_canada\/","https:\/\/www.linkedin.com\/company\/3337211\/admin\/","https:\/\/www.youtube.com\/channel\/UCEkP009p4XTU5lXjLkaKptA"]}]}},"jetpack_sharing_enabled":true,"_links":{"self":[{"href":"https:\/\/phytstore.com\/en\/wp-json\/wp\/v2\/product\/2670","targetHints":{"allow":["GET"]}}],"collection":[{"href":"https:\/\/phytstore.com\/en\/wp-json\/wp\/v2\/product"}],"about":[{"href":"https:\/\/phytstore.com\/en\/wp-json\/wp\/v2\/types\/product"}],"replies":[{"embeddable":true,"href":"https:\/\/phytstore.com\/en\/wp-json\/wp\/v2\/comments?post=2670"}],"wp:featuredmedia":[{"embeddable":true,"href":"https:\/\/phytstore.com\/en\/wp-json\/wp\/v2\/media\/7792"}],"wp:attachment":[{"href":"https:\/\/phytstore.com\/en\/wp-json\/wp\/v2\/media?parent=2670"}],"wp:term":[{"taxonomy":"product_brand","embeddable":true,"href":"https:\/\/phytstore.com\/en\/wp-json\/wp\/v2\/product_brand?post=2670"},{"taxonomy":"product_cat","embeddable":true,"href":"https:\/\/phytstore.com\/en\/wp-json\/wp\/v2\/product_cat?post=2670"},{"taxonomy":"product_tag","embeddable":true,"href":"https:\/\/phytstore.com\/en\/wp-json\/wp\/v2\/product_tag?post=2670"}],"curies":[{"name":"wp","href":"https:\/\/api.w.org\/{rel}","templated":true}]}}