{"id":2669,"date":"2020-03-28T19:56:23","date_gmt":"2020-03-28T23:56:23","guid":{"rendered":"https:\/\/phytstore.com\/produit\/activpeel\/"},"modified":"2025-10-08T11:17:51","modified_gmt":"2025-10-08T15:17:51","slug":"activpeel","status":"publish","type":"product","link":"https:\/\/phytstore.com\/en\/product\/activpeel\/","title":{"rendered":"Activ&#8217;Peel"},"content":{"rendered":"<p>Ideal for normal to oily skin, this organic exfoliating gel frees pores from impurities. It promotes skin radiance and the penetration of subsequently applied products. Skin texture is visibly refined, and the skin is then clear and fresh.<\/p>\n<h2><strong>Active Ingredients:<\/strong><\/h2>\n<p>Bamboo, Geranium*, Lemon*, Grapefruit*, Litsea Cubeba*, Burdock*, Pansy*, Green Clay, Aloe Vera*<br \/>\n<em>* ingredients from Organic Farming<\/em><\/p>\n<h2><strong>How to Apply Activ&#8217;Peel Exfoliating Gel?<\/strong><\/h2>\n<p>Once or twice a week, apply to damp skin. Gently exfoliate using circular motions. Focus on the T-zone. Rinse with water or using a <strong><br \/>\n  <a href=\"https:\/\/phytstore.com\/en\/product\/phyts-organic-reusable-wipes\/\">reusable organic wipe<\/a><br \/>\n<\/strong>, then pat dry. Finish by toning the skin with <a href=\"https:\/\/phytstore.com\/en\/product\/bitter-orange-toner\/\"><br \/>\n  <strong>Orange Blossom Hydrolate<\/strong><br \/>\n<\/a> or <strong><br \/>\n  <a href=\"https:\/\/phytstore.com\/en\/product\/eucalyptus-toner\/\">Eucalyptus Hydrolate<\/a><br \/>\n<\/strong>, depending on skin type.<\/p>\n","protected":false},"excerpt":{"rendered":"<p><img loading=\"lazy\" decoding=\"async\" class=\"alignnone size-full wp-image-4922\" src=\"https:\/\/phytstore.com\/wp-content\/uploads\/2020\/03\/Bio-100-Vegan-4.png\" alt=\"\" width=\"274\" height=\"53\"><\/p>\n<p>Granular exfoliating gel<\/p>\n<p><strong><span class=\"b\">Skin type<\/span>:<\/strong> Normal to oily skin<br \/>\n<strong><span class=\"b\">Benefits<\/span>:<\/strong> Exfoliate, cleanse, refresh, purify<br \/>\n<strong><span class=\"b\">Format<\/span>:<\/strong> 40 g tube<\/p>\n","protected":false},"featured_media":7838,"comment_status":"closed","ping_status":"closed","template":"","meta":{"_acf_changed":false,"inline_featured_image":false},"product_brand":[],"product_cat":[96,233,250],"product_tag":[],"class_list":{"0":"post-2669","1":"product","2":"type-product","3":"status-publish","4":"has-post-thumbnail","6":"product_cat-soins-nettoyants-en","7":"product_cat-lack-of-radiance","8":"product_cat-scrubs-exfoliants","10":"first","11":"instock","12":"taxable","13":"shipping-taxable","14":"purchasable","15":"product-type-simple"},"acf":[],"yoast_head":"<!-- This site is optimized with the Yoast SEO plugin v27.1.1 - https:\/\/yoast.com\/product\/yoast-seo-wordpress\/ -->\n<title>Activ&#039;Peel - PHYT&#039;S - 100% Natural &amp; Organic Ingredients<\/title>\n<meta name=\"description\" content=\"Ideal for combination to oily skin, Activ&#039;Peel is an organic facial exfoliating gel that frees pores from impurities.\" \/>\n<meta name=\"robots\" content=\"index, follow, max-snippet:-1, max-image-preview:large, max-video-preview:-1\" \/>\n<link rel=\"canonical\" href=\"https:\/\/phytstore.com\/en\/product\/activpeel\/\" \/>\n<meta property=\"og:locale\" content=\"en_US\" \/>\n<meta property=\"og:type\" content=\"article\" \/>\n<meta property=\"og:title\" content=\"Activ&#039;Peel - PHYT&#039;S - 100% Natural &amp; Organic Ingredients\" \/>\n<meta property=\"og:description\" content=\"Ideal for combination to oily skin, Activ&#039;Peel is an organic facial exfoliating gel that frees pores from impurities.\" \/>\n<meta property=\"og:url\" content=\"https:\/\/phytstore.com\/en\/product\/activpeel\/\" \/>\n<meta property=\"og:site_name\" content=\"PHYT&#039;S\" \/>\n<meta property=\"article:publisher\" content=\"https:\/\/www.facebook.com\/CJMBCosmetiques\/?ref=aymt_homepage_panel\" \/>\n<meta property=\"article:modified_time\" content=\"2025-10-08T15:17:51+00:00\" \/>\n<meta property=\"og:image\" content=\"https:\/\/phytstore.com\/wp-content\/uploads\/2020\/03\/ACTIVPEEL.jpg\" \/>\n\t<meta property=\"og:image:width\" content=\"1080\" \/>\n\t<meta property=\"og:image:height\" content=\"1080\" \/>\n\t<meta property=\"og:image:type\" content=\"image\/jpeg\" \/>\n<meta name=\"twitter:card\" content=\"summary_large_image\" \/>\n<meta name=\"twitter:label1\" content=\"Est. reading time\" \/>\n\t<meta name=\"twitter:data1\" content=\"1 minute\" \/>\n<script type=\"application\/ld+json\" class=\"yoast-schema-graph\">{\"@context\":\"https:\/\/schema.org\",\"@graph\":[{\"@type\":\"WebPage\",\"@id\":\"https:\/\/phytstore.com\/en\/product\/activpeel\/\",\"url\":\"https:\/\/phytstore.com\/en\/product\/activpeel\/\",\"name\":\"Activ'Peel - PHYT&#039;S - 100% Natural & Organic Ingredients\",\"isPartOf\":{\"@id\":\"https:\/\/phytstore.com\/en\/#website\"},\"primaryImageOfPage\":{\"@id\":\"https:\/\/phytstore.com\/en\/product\/activpeel\/#primaryimage\"},\"image\":{\"@id\":\"https:\/\/phytstore.com\/en\/product\/activpeel\/#primaryimage\"},\"thumbnailUrl\":\"https:\/\/phytstore.com\/wp-content\/uploads\/2020\/03\/ACTIVPEEL.jpg\",\"datePublished\":\"2020-03-28T23:56:23+00:00\",\"dateModified\":\"2025-10-08T15:17:51+00:00\",\"description\":\"Ideal for combination to oily skin, Activ'Peel is an organic facial exfoliating gel that frees pores from impurities.\",\"breadcrumb\":{\"@id\":\"https:\/\/phytstore.com\/en\/product\/activpeel\/#breadcrumb\"},\"inLanguage\":\"en-CA\",\"potentialAction\":[{\"@type\":\"ReadAction\",\"target\":[\"https:\/\/phytstore.com\/en\/product\/activpeel\/\"]}]},{\"@type\":\"ImageObject\",\"inLanguage\":\"en-CA\",\"@id\":\"https:\/\/phytstore.com\/en\/product\/activpeel\/#primaryimage\",\"url\":\"https:\/\/phytstore.com\/wp-content\/uploads\/2020\/03\/ACTIVPEEL.jpg\",\"contentUrl\":\"https:\/\/phytstore.com\/wp-content\/uploads\/2020\/03\/ACTIVPEEL.jpg\",\"width\":1080,\"height\":1080},{\"@type\":\"BreadcrumbList\",\"@id\":\"https:\/\/phytstore.com\/en\/product\/activpeel\/#breadcrumb\",\"itemListElement\":[{\"@type\":\"ListItem\",\"position\":1,\"name\":\"Home\",\"item\":\"https:\/\/phytstore.com\/en\/\"},{\"@type\":\"ListItem\",\"position\":2,\"name\":\"Shop\",\"item\":\"https:\/\/phytstore.com\/en\/shop\/\"},{\"@type\":\"ListItem\",\"position\":3,\"name\":\"Face\",\"item\":\"https:\/\/phytstore.com\/en\/organic-skin-care\/\"},{\"@type\":\"ListItem\",\"position\":4,\"name\":\"Lack of Radiance\",\"item\":\"https:\/\/phytstore.com\/en\/organic-skin-care\/lack-of-radiance\/\"},{\"@type\":\"ListItem\",\"position\":5,\"name\":\"Activ&rsquo;Peel\"}]},{\"@type\":\"WebSite\",\"@id\":\"https:\/\/phytstore.com\/en\/#website\",\"url\":\"https:\/\/phytstore.com\/en\/\",\"name\":\"PHYT&#039;S\",\"description\":\"Fabricant et distributeur de soins certifi\u00e9s bio pour instituts de beaut\u00e9, spa et esth\u00e9ticiennes\",\"publisher\":{\"@id\":\"https:\/\/phytstore.com\/en\/#organization\"},\"potentialAction\":[{\"@type\":\"SearchAction\",\"target\":{\"@type\":\"EntryPoint\",\"urlTemplate\":\"https:\/\/phytstore.com\/en\/?s={search_term_string}\"},\"query-input\":{\"@type\":\"PropertyValueSpecification\",\"valueRequired\":true,\"valueName\":\"search_term_string\"}}],\"inLanguage\":\"en-CA\"},{\"@type\":\"Organization\",\"@id\":\"https:\/\/phytstore.com\/en\/#organization\",\"name\":\"Phyt's\",\"url\":\"https:\/\/phytstore.com\/en\/\",\"logo\":{\"@type\":\"ImageObject\",\"inLanguage\":\"en-CA\",\"@id\":\"https:\/\/phytstore.com\/en\/#\/schema\/logo\/image\/\",\"url\":\"https:\/\/phytstore.com\/wp-content\/uploads\/2020\/03\/logo-phyts-e1585168986207.png\",\"contentUrl\":\"https:\/\/phytstore.com\/wp-content\/uploads\/2020\/03\/logo-phyts-e1585168986207.png\",\"width\":200,\"height\":72,\"caption\":\"Phyt's\"},\"image\":{\"@id\":\"https:\/\/phytstore.com\/en\/#\/schema\/logo\/image\/\"},\"sameAs\":[\"https:\/\/www.facebook.com\/CJMBCosmetiques\/?ref=aymt_homepage_panel\",\"https:\/\/www.instagram.com\/phyts_canada\/\",\"https:\/\/www.linkedin.com\/company\/3337211\/admin\/\",\"https:\/\/www.youtube.com\/channel\/UCEkP009p4XTU5lXjLkaKptA\"]}]}<\/script>\n<!-- \/ Yoast SEO plugin. -->","yoast_head_json":{"title":"Activ'Peel - PHYT&#039;S - 100% Natural & Organic Ingredients","description":"Ideal for combination to oily skin, Activ'Peel is an organic facial exfoliating gel that frees pores from impurities.","robots":{"index":"index","follow":"follow","max-snippet":"max-snippet:-1","max-image-preview":"max-image-preview:large","max-video-preview":"max-video-preview:-1"},"canonical":"https:\/\/phytstore.com\/en\/product\/activpeel\/","og_locale":"en_US","og_type":"article","og_title":"Activ'Peel - PHYT&#039;S - 100% Natural & Organic Ingredients","og_description":"Ideal for combination to oily skin, Activ'Peel is an organic facial exfoliating gel that frees pores from impurities.","og_url":"https:\/\/phytstore.com\/en\/product\/activpeel\/","og_site_name":"PHYT&#039;S","article_publisher":"https:\/\/www.facebook.com\/CJMBCosmetiques\/?ref=aymt_homepage_panel","article_modified_time":"2025-10-08T15:17:51+00:00","og_image":[{"width":1080,"height":1080,"url":"https:\/\/phytstore.com\/wp-content\/uploads\/2020\/03\/ACTIVPEEL.jpg","type":"image\/jpeg"}],"twitter_card":"summary_large_image","twitter_misc":{"Est. reading time":"1 minute"},"schema":{"@context":"https:\/\/schema.org","@graph":[{"@type":"WebPage","@id":"https:\/\/phytstore.com\/en\/product\/activpeel\/","url":"https:\/\/phytstore.com\/en\/product\/activpeel\/","name":"Activ'Peel - PHYT&#039;S - 100% Natural & Organic Ingredients","isPartOf":{"@id":"https:\/\/phytstore.com\/en\/#website"},"primaryImageOfPage":{"@id":"https:\/\/phytstore.com\/en\/product\/activpeel\/#primaryimage"},"image":{"@id":"https:\/\/phytstore.com\/en\/product\/activpeel\/#primaryimage"},"thumbnailUrl":"https:\/\/phytstore.com\/wp-content\/uploads\/2020\/03\/ACTIVPEEL.jpg","datePublished":"2020-03-28T23:56:23+00:00","dateModified":"2025-10-08T15:17:51+00:00","description":"Ideal for combination to oily skin, Activ'Peel is an organic facial exfoliating gel that frees pores from impurities.","breadcrumb":{"@id":"https:\/\/phytstore.com\/en\/product\/activpeel\/#breadcrumb"},"inLanguage":"en-CA","potentialAction":[{"@type":"ReadAction","target":["https:\/\/phytstore.com\/en\/product\/activpeel\/"]}]},{"@type":"ImageObject","inLanguage":"en-CA","@id":"https:\/\/phytstore.com\/en\/product\/activpeel\/#primaryimage","url":"https:\/\/phytstore.com\/wp-content\/uploads\/2020\/03\/ACTIVPEEL.jpg","contentUrl":"https:\/\/phytstore.com\/wp-content\/uploads\/2020\/03\/ACTIVPEEL.jpg","width":1080,"height":1080},{"@type":"BreadcrumbList","@id":"https:\/\/phytstore.com\/en\/product\/activpeel\/#breadcrumb","itemListElement":[{"@type":"ListItem","position":1,"name":"Home","item":"https:\/\/phytstore.com\/en\/"},{"@type":"ListItem","position":2,"name":"Shop","item":"https:\/\/phytstore.com\/en\/shop\/"},{"@type":"ListItem","position":3,"name":"Face","item":"https:\/\/phytstore.com\/en\/organic-skin-care\/"},{"@type":"ListItem","position":4,"name":"Lack of Radiance","item":"https:\/\/phytstore.com\/en\/organic-skin-care\/lack-of-radiance\/"},{"@type":"ListItem","position":5,"name":"Activ&rsquo;Peel"}]},{"@type":"WebSite","@id":"https:\/\/phytstore.com\/en\/#website","url":"https:\/\/phytstore.com\/en\/","name":"PHYT&#039;S","description":"Fabricant et distributeur de soins certifi\u00e9s bio pour instituts de beaut\u00e9, spa et esth\u00e9ticiennes","publisher":{"@id":"https:\/\/phytstore.com\/en\/#organization"},"potentialAction":[{"@type":"SearchAction","target":{"@type":"EntryPoint","urlTemplate":"https:\/\/phytstore.com\/en\/?s={search_term_string}"},"query-input":{"@type":"PropertyValueSpecification","valueRequired":true,"valueName":"search_term_string"}}],"inLanguage":"en-CA"},{"@type":"Organization","@id":"https:\/\/phytstore.com\/en\/#organization","name":"Phyt's","url":"https:\/\/phytstore.com\/en\/","logo":{"@type":"ImageObject","inLanguage":"en-CA","@id":"https:\/\/phytstore.com\/en\/#\/schema\/logo\/image\/","url":"https:\/\/phytstore.com\/wp-content\/uploads\/2020\/03\/logo-phyts-e1585168986207.png","contentUrl":"https:\/\/phytstore.com\/wp-content\/uploads\/2020\/03\/logo-phyts-e1585168986207.png","width":200,"height":72,"caption":"Phyt's"},"image":{"@id":"https:\/\/phytstore.com\/en\/#\/schema\/logo\/image\/"},"sameAs":["https:\/\/www.facebook.com\/CJMBCosmetiques\/?ref=aymt_homepage_panel","https:\/\/www.instagram.com\/phyts_canada\/","https:\/\/www.linkedin.com\/company\/3337211\/admin\/","https:\/\/www.youtube.com\/channel\/UCEkP009p4XTU5lXjLkaKptA"]}]}},"jetpack_sharing_enabled":true,"_links":{"self":[{"href":"https:\/\/phytstore.com\/en\/wp-json\/wp\/v2\/product\/2669","targetHints":{"allow":["GET"]}}],"collection":[{"href":"https:\/\/phytstore.com\/en\/wp-json\/wp\/v2\/product"}],"about":[{"href":"https:\/\/phytstore.com\/en\/wp-json\/wp\/v2\/types\/product"}],"replies":[{"embeddable":true,"href":"https:\/\/phytstore.com\/en\/wp-json\/wp\/v2\/comments?post=2669"}],"wp:featuredmedia":[{"embeddable":true,"href":"https:\/\/phytstore.com\/en\/wp-json\/wp\/v2\/media\/7838"}],"wp:attachment":[{"href":"https:\/\/phytstore.com\/en\/wp-json\/wp\/v2\/media?parent=2669"}],"wp:term":[{"taxonomy":"product_brand","embeddable":true,"href":"https:\/\/phytstore.com\/en\/wp-json\/wp\/v2\/product_brand?post=2669"},{"taxonomy":"product_cat","embeddable":true,"href":"https:\/\/phytstore.com\/en\/wp-json\/wp\/v2\/product_cat?post=2669"},{"taxonomy":"product_tag","embeddable":true,"href":"https:\/\/phytstore.com\/en\/wp-json\/wp\/v2\/product_tag?post=2669"}],"curies":[{"name":"wp","href":"https:\/\/api.w.org\/{rel}","templated":true}]}}