{"id":2169,"date":"2020-03-31T18:59:17","date_gmt":"2020-03-31T18:59:17","guid":{"rendered":"https:\/\/phytstore.com\/?page_id=2169"},"modified":"2025-07-31T17:12:17","modified_gmt":"2025-07-31T21:12:17","slug":"about-us","status":"publish","type":"page","link":"https:\/\/phytstore.com\/en\/about-us\/","title":{"rendered":"About Us"},"content":{"rendered":"<div class=\"wpb-content-wrapper\"><p>[vc_section woodmart_bg_position=&#8221;center-center&#8221; css=&#8221;.vc_custom_1585670110148{padding-top: 6vh !important;background-image: url(https:\/\/phytstore.com\/wp-content\/uploads\/2020\/03\/vertical-line-bg-left.png?id=) !important;background-position: 0 0 !important;background-repeat: repeat !important;}&#8221; el_class=&#8221;mobile-bg-img-hidden&#8221; mobile_bg_img_hidden=&#8221;no&#8221; tablet_bg_img_hidden=&#8221;no&#8221; woodmart_parallax=&#8221;0&#8243; woodmart_gradient_switch=&#8221;no&#8221; woodmart_disable_overflow=&#8221;0&#8243;][vc_row content_placement=&#8221;middle&#8221; woodmart_bg_position=&#8221;center-top&#8221; row_reverse_mobile=&#8221;1&#8243; woodmart_disable_overflow=&#8221;1&#8243; css=&#8221;.vc_custom_1585670094114{margin-bottom: 4vh !important;background-image: url(https:\/\/phytstore.com\/wp-content\/uploads\/2020\/03\/vertical-line-leftt-brown-bg.png?id=) !important;background-position: 0 0 !important;background-repeat: no-repeat !important;}&#8221; mobile_bg_img_hidden=&#8221;no&#8221; tablet_bg_img_hidden=&#8221;no&#8221; woodmart_parallax=&#8221;0&#8243; woodmart_gradient_switch=&#8221;no&#8221; row_reverse_tablet=&#8221;0&#8243;][vc_column width=&#8221;1\/2&#8243; css=&#8221;.vc_custom_1535113912188{margin-right: -80px !important;margin-bottom: 4vh !important;margin-left: 15px !important;padding-top: 35px !important;padding-right: 50px !important;padding-bottom: 20px !important;padding-left: 50px !important;background-color: #ffffff !important;}&#8221; el_class=&#8221;z-index-10 reset-margin&#8221; offset=&#8221;vc_col-md-6&#8243;]\n\t\t<div id=\"wd-65567be8dfc64\" class=\"title-wrapper wd-wpb wd-set-mb reset-last-child  wd-rs-65567be8dfc64 wd-title-color-default wd-title-style-default text-left vc_custom_1700166661104 wd-width-enabled wd-underline-colored\" style=\"--wd-max-width: 70%;\">\n\t\t\t\n\t\t\t<div class=\"liner-continer\">\n\t\t\t\t<h1 class=\"woodmart-title-container title  wd-font-weight-400 wd-fontsize-l\" >Four commitments that represent PHYT'S values<\/h1>\n\t\t\t\t\t\t\t<\/div>\n\t\t\t\n\t\t\t\n\t\t\t\n\t\t<\/div>\n\t\t\n\t\t\t\t\t<div id=\"wd-65567b9323e5e\" class=\"wd-text-block-wrapper wd-wpb wd-rs-65567b9323e5e color-scheme- text-left wd-width-enabled vc_custom_1700166569851\" style=\"--wd-max-width: 90%;\">\n\t\t\t\t<div class=\"woodmart-title-container woodmart-text-block reset-last-child font-primary wd-font-weight- \">\n\t\t\t\t\t<\/p>\n<h2><span class=\"b\">First commitment: natural authenticity and organic approach<\/span><\/h2>\n<ul>\n<li>A maximum of certified Organic products,<\/li>\n<li>Respect for the highest possible level of natural authenticity for our cosmetics and dietary supplements,<\/li>\n<li>Choice and use of a maximum of certified organic plant ingredients in our formulations,<\/li>\n<li>Commitment to developing organic farming free from pesticides and chemical synthesis ingredients.<\/li>\n<\/ul>\n<p>&nbsp;<\/p>\n<h2><span class=\"b\">Second commitment: community responsibility<\/span><\/h2>\n<ul>\n<li>All our products are designed and made in France,<\/li>\n<li>Commitment to local employment, to the protection of quality of life, and to maintaining farming activity focused on the organic,<\/li>\n<li>A maximum of fair-trade plant raw materials: Shea butter from Burkina Faso.<\/li>\n<\/ul>\n<p>&nbsp;<\/p>\n<h2><span class=\"b\">Third commitment: environmental responsibility<\/span><\/h2>\n<ul>\n<li>Natural, PEG-free, silicone-free and bisphenol A-free cosmetics, generally free of colorants and preservatives,<\/li>\n<li>Environmental protection: no use of chlorine in the cleaning of the machines, no uncontrolled waste, waste management and selective sorting,<\/li>\n<li>Recyclable or biodegradable containers,<\/li>\n<li>Protection of the natural world: printing materials sourced from sustainably-managed forests (PEFC certification), development in organic agroforestry and involvement in the protection of the environment,<\/li>\n<li>Maintaining biodiversity: refusal to use any plant matter where sustainability is not guaranteed, activities targeting the development of honey bees.<\/li>\n<\/ul>\n<p>&nbsp;<\/p>\n<h2><span class=\"b\">Fourth commitment: social responsibility<\/span><\/h2>\n<ul>\n<li>Putting the people at the heart of our concerns: personalizing treatments and products, advice and training,<\/li>\n<li>Commitment to encouraging diversity, integration and equal opportunities: partnership with establishments for disabled workers,<\/li>\n<li>A dynamic attitude of awareness, seeking values and meaning: the natural authenticity, safety and effectiveness of our products take priority over any other concerns.<\/li>\n<\/ul>\n<p>\t\t\t\t<\/div>\n\n\t\t\t\t\t\t\t<\/div>\n\t\t[\/vc_column][vc_column width=&#8221;1\/2&#8243; css=&#8221;.vc_custom_1535113908608{margin-bottom: 4vh !important;padding-top: 0px !important;}&#8221; offset=&#8221;vc_col-md-6&#8243;][vc_single_image image=&#8221;2510&#8243; img_size=&#8221;full&#8221; alignment=&#8221;center&#8221; css=&#8221;.vc_custom_1585599543739{margin-bottom: 0px !important;}&#8221; parallax_scroll=&#8221;no&#8221;][\/vc_column][\/vc_row][\/vc_section]<\/p>\n<\/div>","protected":false},"excerpt":{"rendered":"<p>[vc_section woodmart_bg_position=&#8221;center-center&#8221; css=&#8221;.vc_custom_1585670110148{padding-top: 6vh !important;background-image: url(https:\/\/phytstore.com\/wp-content\/uploads\/2020\/03\/vertical-line-bg-left.png?id=) !important;background-position: 0 0 !important;background-repeat: repeat !important;}&#8221; el_class=&#8221;mobile-bg-img-hidden&#8221; mobile_bg_img_hidden=&#8221;no&#8221; tablet_bg_img_hidden=&#8221;no&#8221; woodmart_parallax=&#8221;0&#8243; woodmart_gradient_switch=&#8221;no&#8221; woodmart_disable_overflow=&#8221;0&#8243;][vc_row content_placement=&#8221;middle&#8221; woodmart_bg_position=&#8221;center-top&#8221;<\/p>\n","protected":false},"author":1,"featured_media":0,"parent":0,"menu_order":0,"comment_status":"closed","ping_status":"closed","template":"","meta":{"_acf_changed":false,"inline_featured_image":false,"footnotes":""},"class_list":["post-2169","page","type-page","status-publish","hentry"],"acf":[],"yoast_head":"<!-- This site is optimized with the Yoast SEO plugin v27.4 - https:\/\/yoast.com\/product\/yoast-seo-wordpress\/ -->\n<title>About PHYT&#039;S \u2013 Natural &amp; Organic Cosmetics with Passion<\/title>\n<meta name=\"description\" content=\"Four commitments that represent PHYT&#039;S values ; natural authenticity and organic approach, community, environmental and social responsibility,\" \/>\n<meta name=\"robots\" content=\"index, follow, max-snippet:-1, max-image-preview:large, max-video-preview:-1\" \/>\n<link rel=\"canonical\" href=\"https:\/\/phytstore.com\/en\/about-us\/\" \/>\n<meta property=\"og:locale\" content=\"en_US\" \/>\n<meta property=\"og:type\" content=\"article\" \/>\n<meta property=\"og:title\" content=\"About PHYT&#039;S \u2013 Natural &amp; Organic Cosmetics with Passion\" \/>\n<meta property=\"og:description\" content=\"Four commitments that represent PHYT&#039;S values ; natural authenticity and organic approach, community, environmental and social responsibility,\" \/>\n<meta property=\"og:url\" content=\"https:\/\/phytstore.com\/en\/about-us\/\" \/>\n<meta property=\"og:site_name\" content=\"PHYT&#039;S\" \/>\n<meta property=\"article:publisher\" content=\"https:\/\/www.facebook.com\/CJMBCosmetiques\/?ref=aymt_homepage_panel\" \/>\n<meta property=\"article:modified_time\" content=\"2025-07-31T21:12:17+00:00\" \/>\n<meta name=\"twitter:card\" content=\"summary_large_image\" \/>\n<meta name=\"twitter:label1\" content=\"Est. reading time\" \/>\n\t<meta name=\"twitter:data1\" content=\"2 minutes\" \/>\n<script type=\"application\/ld+json\" class=\"yoast-schema-graph\">{\"@context\":\"https:\\\/\\\/schema.org\",\"@graph\":[{\"@type\":\"WebPage\",\"@id\":\"https:\\\/\\\/phytstore.com\\\/en\\\/about-us\\\/\",\"url\":\"https:\\\/\\\/phytstore.com\\\/en\\\/about-us\\\/\",\"name\":\"About PHYT'S \u2013 Natural & Organic Cosmetics with Passion\",\"isPartOf\":{\"@id\":\"https:\\\/\\\/phytstore.com\\\/en\\\/#website\"},\"datePublished\":\"2020-03-31T18:59:17+00:00\",\"dateModified\":\"2025-07-31T21:12:17+00:00\",\"description\":\"Four commitments that represent PHYT'S values ; natural authenticity and organic approach, community, environmental and social responsibility,\",\"breadcrumb\":{\"@id\":\"https:\\\/\\\/phytstore.com\\\/en\\\/about-us\\\/#breadcrumb\"},\"inLanguage\":\"en-CA\",\"potentialAction\":[{\"@type\":\"ReadAction\",\"target\":[\"https:\\\/\\\/phytstore.com\\\/en\\\/about-us\\\/\"]}]},{\"@type\":\"BreadcrumbList\",\"@id\":\"https:\\\/\\\/phytstore.com\\\/en\\\/about-us\\\/#breadcrumb\",\"itemListElement\":[{\"@type\":\"ListItem\",\"position\":1,\"name\":\"Home\",\"item\":\"https:\\\/\\\/phytstore.com\\\/en\\\/\"},{\"@type\":\"ListItem\",\"position\":2,\"name\":\"About Us\"}]},{\"@type\":\"WebSite\",\"@id\":\"https:\\\/\\\/phytstore.com\\\/en\\\/#website\",\"url\":\"https:\\\/\\\/phytstore.com\\\/en\\\/\",\"name\":\"PHYT&#039;S\",\"description\":\"Fabricant et distributeur de soins certifi\u00e9s bio pour instituts de beaut\u00e9, spa et esth\u00e9ticiennes\",\"publisher\":{\"@id\":\"https:\\\/\\\/phytstore.com\\\/en\\\/#organization\"},\"potentialAction\":[{\"@type\":\"SearchAction\",\"target\":{\"@type\":\"EntryPoint\",\"urlTemplate\":\"https:\\\/\\\/phytstore.com\\\/en\\\/?s={search_term_string}\"},\"query-input\":{\"@type\":\"PropertyValueSpecification\",\"valueRequired\":true,\"valueName\":\"search_term_string\"}}],\"inLanguage\":\"en-CA\"},{\"@type\":\"Organization\",\"@id\":\"https:\\\/\\\/phytstore.com\\\/en\\\/#organization\",\"name\":\"Phyt's\",\"url\":\"https:\\\/\\\/phytstore.com\\\/en\\\/\",\"logo\":{\"@type\":\"ImageObject\",\"inLanguage\":\"en-CA\",\"@id\":\"https:\\\/\\\/phytstore.com\\\/en\\\/#\\\/schema\\\/logo\\\/image\\\/\",\"url\":\"https:\\\/\\\/phytstore.com\\\/wp-content\\\/uploads\\\/2020\\\/03\\\/logo-phyts-e1585168986207.png\",\"contentUrl\":\"https:\\\/\\\/phytstore.com\\\/wp-content\\\/uploads\\\/2020\\\/03\\\/logo-phyts-e1585168986207.png\",\"width\":200,\"height\":72,\"caption\":\"Phyt's\"},\"image\":{\"@id\":\"https:\\\/\\\/phytstore.com\\\/en\\\/#\\\/schema\\\/logo\\\/image\\\/\"},\"sameAs\":[\"https:\\\/\\\/www.facebook.com\\\/CJMBCosmetiques\\\/?ref=aymt_homepage_panel\",\"https:\\\/\\\/www.instagram.com\\\/phyts_canada\\\/\",\"https:\\\/\\\/www.linkedin.com\\\/company\\\/3337211\\\/admin\\\/\",\"https:\\\/\\\/www.youtube.com\\\/channel\\\/UCEkP009p4XTU5lXjLkaKptA\"]}]}<\/script>\n<!-- \/ Yoast SEO plugin. -->","yoast_head_json":{"title":"About PHYT'S \u2013 Natural & Organic Cosmetics with Passion","description":"Four commitments that represent PHYT'S values ; natural authenticity and organic approach, community, environmental and social responsibility,","robots":{"index":"index","follow":"follow","max-snippet":"max-snippet:-1","max-image-preview":"max-image-preview:large","max-video-preview":"max-video-preview:-1"},"canonical":"https:\/\/phytstore.com\/en\/about-us\/","og_locale":"en_US","og_type":"article","og_title":"About PHYT'S \u2013 Natural & Organic Cosmetics with Passion","og_description":"Four commitments that represent PHYT'S values ; natural authenticity and organic approach, community, environmental and social responsibility,","og_url":"https:\/\/phytstore.com\/en\/about-us\/","og_site_name":"PHYT&#039;S","article_publisher":"https:\/\/www.facebook.com\/CJMBCosmetiques\/?ref=aymt_homepage_panel","article_modified_time":"2025-07-31T21:12:17+00:00","twitter_card":"summary_large_image","twitter_misc":{"Est. reading time":"2 minutes"},"schema":{"@context":"https:\/\/schema.org","@graph":[{"@type":"WebPage","@id":"https:\/\/phytstore.com\/en\/about-us\/","url":"https:\/\/phytstore.com\/en\/about-us\/","name":"About PHYT'S \u2013 Natural & Organic Cosmetics with Passion","isPartOf":{"@id":"https:\/\/phytstore.com\/en\/#website"},"datePublished":"2020-03-31T18:59:17+00:00","dateModified":"2025-07-31T21:12:17+00:00","description":"Four commitments that represent PHYT'S values ; natural authenticity and organic approach, community, environmental and social responsibility,","breadcrumb":{"@id":"https:\/\/phytstore.com\/en\/about-us\/#breadcrumb"},"inLanguage":"en-CA","potentialAction":[{"@type":"ReadAction","target":["https:\/\/phytstore.com\/en\/about-us\/"]}]},{"@type":"BreadcrumbList","@id":"https:\/\/phytstore.com\/en\/about-us\/#breadcrumb","itemListElement":[{"@type":"ListItem","position":1,"name":"Home","item":"https:\/\/phytstore.com\/en\/"},{"@type":"ListItem","position":2,"name":"About Us"}]},{"@type":"WebSite","@id":"https:\/\/phytstore.com\/en\/#website","url":"https:\/\/phytstore.com\/en\/","name":"PHYT&#039;S","description":"Fabricant et distributeur de soins certifi\u00e9s bio pour instituts de beaut\u00e9, spa et esth\u00e9ticiennes","publisher":{"@id":"https:\/\/phytstore.com\/en\/#organization"},"potentialAction":[{"@type":"SearchAction","target":{"@type":"EntryPoint","urlTemplate":"https:\/\/phytstore.com\/en\/?s={search_term_string}"},"query-input":{"@type":"PropertyValueSpecification","valueRequired":true,"valueName":"search_term_string"}}],"inLanguage":"en-CA"},{"@type":"Organization","@id":"https:\/\/phytstore.com\/en\/#organization","name":"Phyt's","url":"https:\/\/phytstore.com\/en\/","logo":{"@type":"ImageObject","inLanguage":"en-CA","@id":"https:\/\/phytstore.com\/en\/#\/schema\/logo\/image\/","url":"https:\/\/phytstore.com\/wp-content\/uploads\/2020\/03\/logo-phyts-e1585168986207.png","contentUrl":"https:\/\/phytstore.com\/wp-content\/uploads\/2020\/03\/logo-phyts-e1585168986207.png","width":200,"height":72,"caption":"Phyt's"},"image":{"@id":"https:\/\/phytstore.com\/en\/#\/schema\/logo\/image\/"},"sameAs":["https:\/\/www.facebook.com\/CJMBCosmetiques\/?ref=aymt_homepage_panel","https:\/\/www.instagram.com\/phyts_canada\/","https:\/\/www.linkedin.com\/company\/3337211\/admin\/","https:\/\/www.youtube.com\/channel\/UCEkP009p4XTU5lXjLkaKptA"]}]}},"jetpack_sharing_enabled":true,"_links":{"self":[{"href":"https:\/\/phytstore.com\/en\/wp-json\/wp\/v2\/pages\/2169","targetHints":{"allow":["GET"]}}],"collection":[{"href":"https:\/\/phytstore.com\/en\/wp-json\/wp\/v2\/pages"}],"about":[{"href":"https:\/\/phytstore.com\/en\/wp-json\/wp\/v2\/types\/page"}],"author":[{"embeddable":true,"href":"https:\/\/phytstore.com\/en\/wp-json\/wp\/v2\/users\/1"}],"replies":[{"embeddable":true,"href":"https:\/\/phytstore.com\/en\/wp-json\/wp\/v2\/comments?post=2169"}],"version-history":[{"count":7,"href":"https:\/\/phytstore.com\/en\/wp-json\/wp\/v2\/pages\/2169\/revisions"}],"predecessor-version":[{"id":7082,"href":"https:\/\/phytstore.com\/en\/wp-json\/wp\/v2\/pages\/2169\/revisions\/7082"}],"wp:attachment":[{"href":"https:\/\/phytstore.com\/en\/wp-json\/wp\/v2\/media?parent=2169"}],"curies":[{"name":"wp","href":"https:\/\/api.w.org\/{rel}","templated":true}]}}