{"id":2164,"date":"2020-03-31T18:58:51","date_gmt":"2020-03-31T18:58:51","guid":{"rendered":"https:\/\/phytstore.com\/?page_id=2164"},"modified":"2025-07-31T17:14:41","modified_gmt":"2025-07-31T21:14:41","slug":"privacy-policy","status":"publish","type":"page","link":"https:\/\/phytstore.com\/en\/privacy-policy\/","title":{"rendered":"Privacy Policy"},"content":{"rendered":"\n<p>CJMB COSM\u00c9TIQUES INC. PHYT\u2019S CANADA is committed to respecting the privacy of the personal information we collect.<\/p>\n\n\n\n<h2 class=\"wp-block-heading\">1. WHAT INFORMATION DOES OUR SITE GATHER ABOUT YOU?<\/h2>\n\n\n\n<p>In certain circumstances, when purchasing products or registering for a marketing contest, CJMB COSM\u00c9TIQUES INC. PHYT\u2019S CANADA requires that you provide your name , address, email address and , if you agree, some other information. Whenever possible, we will provide you with the means to verify that any confidential information you submit is accurate and up to date. <\/p>\n\n\n\n<p><strong>Protection of personal information<\/strong><br>In accordance with the terms of Law 25 (Act respecting the protection of personal information in the private sector), CJMB COSM\u00c9TIQUES INC. PHYT\u2019S CANADA&#8217;s Privacy Officer is Mr. David Tailliez. If you wish to have access to this confidential information, request a correction or deletion of confidential information, or make a complaint or request for investigation, you must write him an email at the following address: <a href=\"mailto:dtailliez@phyts.ca\" rel=\"nofollow\">dtailliez@phyts.ca<\/a>.<\/p>\n\n\n\n<h2 class=\"wp-block-heading\">2. HOW DOES CJMB COSM\u00c9TIQUES INC. PHYT\u2019S CANADA USE THE INFORMATION COLLECTED?<\/h2>\n\n\n\n<p>The information about you that CJMB COSM\u00c9TIQUES INC. PHYT\u2019S CANADA collects enables you to open an account in your name, to process your order, to be contacted if you have won a prize in a contest, and allows us to personalize our interactions with you, and with your authorization, send you tailored information on the site and its products from time to time.<\/p>\n\n\n\n<h2 class=\"wp-block-heading\">3. &#8220;COOKIES<\/h2>\n\n\n\n<p>The \u201ccookie \u201d or \u201d witness\u201d is a small text file that is transferred to your hard drive from certain pages on websites you visit. Cookies are harmless in that they cannot extract information from your hard drive, over which you have full control. The site managed by CJMB COSM\u00c9TIQUES INC. PHYT\u2019S CANADA uses cookies to determine traffic on the site, to provide highly relevant information to its marketing department, and to personalize your future use of the site. This technology does not systematically provide the site managed by CJMB COSM\u00c9TIQUES INC. PHYT\u2019S CANADA with personal information about you. It is possible at any time to modify your computer settings so you are no longer subject to cookies.<\/p>\n\n\n\n<h2 class=\"wp-block-heading\">4. OUR RIGHT TO RESERVE<\/h2>\n\n\n\n<p>The CJMB COSM\u00c9TIQUES INC. PHYT\u2019S CANADA website reserves the right to modify these policies at any time. It also reserves the right to disclose personal information about you to the extent that the law requires CJMB COSM\u00c9TIQUES INC. PHYT\u2019S CANADA to do so or to protect the rights of ownership of the site or those of its users, sponsors, advertisers or suppliers.<\/p>\n\n\n\n<h2 class=\"wp-block-heading\">5. PAIEMENT SECURITY<\/h2>\n\n\n\n<p>CJMB COSM\u00c9TIQUES INC. PHYT\u2019S CANADA uses the credit card payment services of PAYPAL and First Data-Clover for the processing of online payments. Please visit their website for more information on their privacy policy.<\/p>\n\n\n\n<p><\/p>\n","protected":false},"excerpt":{"rendered":"<p>CJMB COSM\u00c9TIQUES INC. PHYT\u2019S CANADA is committed to respecting the privacy of the personal information we collect. 1. WHAT INFORMATION<\/p>\n","protected":false},"author":1,"featured_media":0,"parent":0,"menu_order":0,"comment_status":"closed","ping_status":"closed","template":"","meta":{"_acf_changed":false,"inline_featured_image":false,"footnotes":""},"class_list":["post-2164","page","type-page","status-publish","hentry"],"acf":[],"yoast_head":"<!-- This site is optimized with the Yoast SEO plugin v27.1.1 - https:\/\/yoast.com\/product\/yoast-seo-wordpress\/ -->\n<title>PHYT&#039;S Privacy Policy \u2013 Protecting and respecting your data<\/title>\n<meta name=\"description\" content=\"CJMB COSM\u00c9TIQUES INC. PHYT\u2019S CANADA is committed to respecting the privacy of the personal information we collect. 1. WHAT INFORMATION DOES OUR SITE\" \/>\n<meta name=\"robots\" content=\"index, follow, max-snippet:-1, max-image-preview:large, max-video-preview:-1\" \/>\n<link rel=\"canonical\" href=\"https:\/\/phytstore.com\/en\/privacy-policy\/\" \/>\n<meta property=\"og:locale\" content=\"en_US\" \/>\n<meta property=\"og:type\" content=\"article\" \/>\n<meta property=\"og:title\" content=\"PHYT&#039;S Privacy Policy \u2013 Protecting and respecting your data\" \/>\n<meta property=\"og:description\" content=\"CJMB COSM\u00c9TIQUES INC. PHYT\u2019S CANADA is committed to respecting the privacy of the personal information we collect. 1. WHAT INFORMATION DOES OUR SITE\" \/>\n<meta property=\"og:url\" content=\"https:\/\/phytstore.com\/en\/privacy-policy\/\" \/>\n<meta property=\"og:site_name\" content=\"PHYT&#039;S\" \/>\n<meta property=\"article:publisher\" content=\"https:\/\/www.facebook.com\/CJMBCosmetiques\/?ref=aymt_homepage_panel\" \/>\n<meta property=\"article:modified_time\" content=\"2025-07-31T21:14:41+00:00\" \/>\n<meta name=\"twitter:card\" content=\"summary_large_image\" \/>\n<meta name=\"twitter:label1\" content=\"Est. reading time\" \/>\n\t<meta name=\"twitter:data1\" content=\"3 minutes\" \/>\n<script type=\"application\/ld+json\" class=\"yoast-schema-graph\">{\"@context\":\"https:\/\/schema.org\",\"@graph\":[{\"@type\":\"WebPage\",\"@id\":\"https:\/\/phytstore.com\/en\/privacy-policy\/\",\"url\":\"https:\/\/phytstore.com\/en\/privacy-policy\/\",\"name\":\"PHYT'S Privacy Policy \u2013 Protecting and respecting your data\",\"isPartOf\":{\"@id\":\"https:\/\/phytstore.com\/en\/#website\"},\"datePublished\":\"2020-03-31T18:58:51+00:00\",\"dateModified\":\"2025-07-31T21:14:41+00:00\",\"description\":\"CJMB COSM\u00c9TIQUES INC. PHYT\u2019S CANADA is committed to respecting the privacy of the personal information we collect. 1. WHAT INFORMATION DOES OUR SITE\",\"breadcrumb\":{\"@id\":\"https:\/\/phytstore.com\/en\/privacy-policy\/#breadcrumb\"},\"inLanguage\":\"en-CA\",\"potentialAction\":[{\"@type\":\"ReadAction\",\"target\":[\"https:\/\/phytstore.com\/en\/privacy-policy\/\"]}]},{\"@type\":\"BreadcrumbList\",\"@id\":\"https:\/\/phytstore.com\/en\/privacy-policy\/#breadcrumb\",\"itemListElement\":[{\"@type\":\"ListItem\",\"position\":1,\"name\":\"Home\",\"item\":\"https:\/\/phytstore.com\/en\/\"},{\"@type\":\"ListItem\",\"position\":2,\"name\":\"Privacy Policy\"}]},{\"@type\":\"WebSite\",\"@id\":\"https:\/\/phytstore.com\/en\/#website\",\"url\":\"https:\/\/phytstore.com\/en\/\",\"name\":\"PHYT&#039;S\",\"description\":\"Fabricant et distributeur de soins certifi\u00e9s bio pour instituts de beaut\u00e9, spa et esth\u00e9ticiennes\",\"publisher\":{\"@id\":\"https:\/\/phytstore.com\/en\/#organization\"},\"potentialAction\":[{\"@type\":\"SearchAction\",\"target\":{\"@type\":\"EntryPoint\",\"urlTemplate\":\"https:\/\/phytstore.com\/en\/?s={search_term_string}\"},\"query-input\":{\"@type\":\"PropertyValueSpecification\",\"valueRequired\":true,\"valueName\":\"search_term_string\"}}],\"inLanguage\":\"en-CA\"},{\"@type\":\"Organization\",\"@id\":\"https:\/\/phytstore.com\/en\/#organization\",\"name\":\"Phyt's\",\"url\":\"https:\/\/phytstore.com\/en\/\",\"logo\":{\"@type\":\"ImageObject\",\"inLanguage\":\"en-CA\",\"@id\":\"https:\/\/phytstore.com\/en\/#\/schema\/logo\/image\/\",\"url\":\"https:\/\/phytstore.com\/wp-content\/uploads\/2020\/03\/logo-phyts-e1585168986207.png\",\"contentUrl\":\"https:\/\/phytstore.com\/wp-content\/uploads\/2020\/03\/logo-phyts-e1585168986207.png\",\"width\":200,\"height\":72,\"caption\":\"Phyt's\"},\"image\":{\"@id\":\"https:\/\/phytstore.com\/en\/#\/schema\/logo\/image\/\"},\"sameAs\":[\"https:\/\/www.facebook.com\/CJMBCosmetiques\/?ref=aymt_homepage_panel\",\"https:\/\/www.instagram.com\/phyts_canada\/\",\"https:\/\/www.linkedin.com\/company\/3337211\/admin\/\",\"https:\/\/www.youtube.com\/channel\/UCEkP009p4XTU5lXjLkaKptA\"]}]}<\/script>\n<!-- \/ Yoast SEO plugin. -->","yoast_head_json":{"title":"PHYT'S Privacy Policy \u2013 Protecting and respecting your data","description":"CJMB COSM\u00c9TIQUES INC. PHYT\u2019S CANADA is committed to respecting the privacy of the personal information we collect. 1. WHAT INFORMATION DOES OUR SITE","robots":{"index":"index","follow":"follow","max-snippet":"max-snippet:-1","max-image-preview":"max-image-preview:large","max-video-preview":"max-video-preview:-1"},"canonical":"https:\/\/phytstore.com\/en\/privacy-policy\/","og_locale":"en_US","og_type":"article","og_title":"PHYT'S Privacy Policy \u2013 Protecting and respecting your data","og_description":"CJMB COSM\u00c9TIQUES INC. PHYT\u2019S CANADA is committed to respecting the privacy of the personal information we collect. 1. WHAT INFORMATION DOES OUR SITE","og_url":"https:\/\/phytstore.com\/en\/privacy-policy\/","og_site_name":"PHYT&#039;S","article_publisher":"https:\/\/www.facebook.com\/CJMBCosmetiques\/?ref=aymt_homepage_panel","article_modified_time":"2025-07-31T21:14:41+00:00","twitter_card":"summary_large_image","twitter_misc":{"Est. reading time":"3 minutes"},"schema":{"@context":"https:\/\/schema.org","@graph":[{"@type":"WebPage","@id":"https:\/\/phytstore.com\/en\/privacy-policy\/","url":"https:\/\/phytstore.com\/en\/privacy-policy\/","name":"PHYT'S Privacy Policy \u2013 Protecting and respecting your data","isPartOf":{"@id":"https:\/\/phytstore.com\/en\/#website"},"datePublished":"2020-03-31T18:58:51+00:00","dateModified":"2025-07-31T21:14:41+00:00","description":"CJMB COSM\u00c9TIQUES INC. PHYT\u2019S CANADA is committed to respecting the privacy of the personal information we collect. 1. WHAT INFORMATION DOES OUR SITE","breadcrumb":{"@id":"https:\/\/phytstore.com\/en\/privacy-policy\/#breadcrumb"},"inLanguage":"en-CA","potentialAction":[{"@type":"ReadAction","target":["https:\/\/phytstore.com\/en\/privacy-policy\/"]}]},{"@type":"BreadcrumbList","@id":"https:\/\/phytstore.com\/en\/privacy-policy\/#breadcrumb","itemListElement":[{"@type":"ListItem","position":1,"name":"Home","item":"https:\/\/phytstore.com\/en\/"},{"@type":"ListItem","position":2,"name":"Privacy Policy"}]},{"@type":"WebSite","@id":"https:\/\/phytstore.com\/en\/#website","url":"https:\/\/phytstore.com\/en\/","name":"PHYT&#039;S","description":"Fabricant et distributeur de soins certifi\u00e9s bio pour instituts de beaut\u00e9, spa et esth\u00e9ticiennes","publisher":{"@id":"https:\/\/phytstore.com\/en\/#organization"},"potentialAction":[{"@type":"SearchAction","target":{"@type":"EntryPoint","urlTemplate":"https:\/\/phytstore.com\/en\/?s={search_term_string}"},"query-input":{"@type":"PropertyValueSpecification","valueRequired":true,"valueName":"search_term_string"}}],"inLanguage":"en-CA"},{"@type":"Organization","@id":"https:\/\/phytstore.com\/en\/#organization","name":"Phyt's","url":"https:\/\/phytstore.com\/en\/","logo":{"@type":"ImageObject","inLanguage":"en-CA","@id":"https:\/\/phytstore.com\/en\/#\/schema\/logo\/image\/","url":"https:\/\/phytstore.com\/wp-content\/uploads\/2020\/03\/logo-phyts-e1585168986207.png","contentUrl":"https:\/\/phytstore.com\/wp-content\/uploads\/2020\/03\/logo-phyts-e1585168986207.png","width":200,"height":72,"caption":"Phyt's"},"image":{"@id":"https:\/\/phytstore.com\/en\/#\/schema\/logo\/image\/"},"sameAs":["https:\/\/www.facebook.com\/CJMBCosmetiques\/?ref=aymt_homepage_panel","https:\/\/www.instagram.com\/phyts_canada\/","https:\/\/www.linkedin.com\/company\/3337211\/admin\/","https:\/\/www.youtube.com\/channel\/UCEkP009p4XTU5lXjLkaKptA"]}]}},"jetpack_sharing_enabled":true,"_links":{"self":[{"href":"https:\/\/phytstore.com\/en\/wp-json\/wp\/v2\/pages\/2164","targetHints":{"allow":["GET"]}}],"collection":[{"href":"https:\/\/phytstore.com\/en\/wp-json\/wp\/v2\/pages"}],"about":[{"href":"https:\/\/phytstore.com\/en\/wp-json\/wp\/v2\/types\/page"}],"author":[{"embeddable":true,"href":"https:\/\/phytstore.com\/en\/wp-json\/wp\/v2\/users\/1"}],"replies":[{"embeddable":true,"href":"https:\/\/phytstore.com\/en\/wp-json\/wp\/v2\/comments?post=2164"}],"version-history":[{"count":7,"href":"https:\/\/phytstore.com\/en\/wp-json\/wp\/v2\/pages\/2164\/revisions"}],"predecessor-version":[{"id":8143,"href":"https:\/\/phytstore.com\/en\/wp-json\/wp\/v2\/pages\/2164\/revisions\/8143"}],"wp:attachment":[{"href":"https:\/\/phytstore.com\/en\/wp-json\/wp\/v2\/media?parent=2164"}],"curies":[{"name":"wp","href":"https:\/\/api.w.org\/{rel}","templated":true}]}}